{"id":10902,"date":"2026-02-16T09:52:22","date_gmt":"2026-02-16T08:52:22","guid":{"rendered":"http:\/\/bera-bv.com\/stranka-so-staznostami\/"},"modified":"2026-02-16T09:52:22","modified_gmt":"2026-02-16T08:52:22","slug":"stranka-so-staznostami","status":"publish","type":"page","link":"https:\/\/www.bera-bv.com\/sk\/stranka-so-staznostami\/","title":{"rendered":"Str\u00e1nka so s\u0165a\u017enos\u0165ami"},"content":{"rendered":"\t\t<div data-elementor-type=\"wp-page\" data-elementor-id=\"10902\" class=\"elementor elementor-10902 elementor-8789\" data-elementor-post-type=\"page\">\n\t\t\t\t<div class=\"elementor-element elementor-element-a2056d8 pad-l e-flex e-con-boxed e-con e-parent\" data-id=\"a2056d8\" data-element_type=\"container\" data-e-type=\"container\">\n\t\t\t\t\t<div class=\"e-con-inner\">\n\t\t<div class=\"elementor-element elementor-element-7f08886 e-con-full pad-tb-s e-flex e-con e-child\" data-id=\"7f08886\" data-element_type=\"container\" data-e-type=\"container\">\n\t\t\t\t<div class=\"elementor-element elementor-element-5548307 elementor-widget elementor-widget-heading\" data-id=\"5548307\" data-element_type=\"widget\" data-e-type=\"widget\" data-widget_type=\"heading.default\">\n\t\t\t\t<div class=\"elementor-widget-container\">\n\t\t\t\t\t<h1 class=\"elementor-heading-title elementor-size-default\">Str\u00e1nka so s\u0165a\u017enos\u0165ami<\/h1>\t\t\t\t<\/div>\n\t\t\t\t<\/div>\n\t\t\t\t<div class=\"elementor-element elementor-element-6500492 elementor-widget elementor-widget-text-editor\" data-id=\"6500492\" data-element_type=\"widget\" data-e-type=\"widget\" data-widget_type=\"text-editor.default\">\n\t\t\t\t<div class=\"elementor-widget-container\">\n\t\t\t\t\t\t\t\t\t<div class=\"\"><div class=\"\">Je samozrejme nepr\u00edjemn\u00e9, ak m\u00e1\u0161 s\u0165a\u017enos\u0165 na na\u0161e produkty alebo slu\u017eby. Radi ti pom\u00f4\u017eeme a pon\u00fakneme po\u017eadovan\u00e9 rie\u0161enie. <\/div><\/div><div class=\"\"><blockquote><div class=\"\">M\u00f4\u017ee\u0161 n\u00e1m nap\u00edsa\u0165 na e-mail:<br class=\"\"><a href=\"mailto:info@bera-bv.com\" target=\"_blank\" rel=\"noopener\">info@bera-bv.com<\/a><\/div><\/blockquote><\/div><div class=\"\"><blockquote><div class=\"\"> M\u00f4\u017ee\u0161 n\u00e1m zavola\u0165 na:<br><a href=\"tel:+31332570302\" target=\"_blank\" rel=\"noopener\">+31 (0) 33 257 0302<\/a><\/div><\/blockquote><div class=\"\">Na\u0161i pracovn\u00edci z oddelenia s\u0165a\u017enost\u00ed tvoju s\u0165a\u017enos\u0165 pos\u00fadia<br class=\"\">a pok\u00fasia sa ju vyrie\u0161i\u0165 k spokojnosti v\u0161etk\u00fdch str\u00e1n.<br class=\"\"><br class=\"\">Po prijat\u00ed tvojej s\u0165a\u017enosti od n\u00e1s dostane\u0161 potvrdenie.<br class=\"\">Na tvoju s\u0165a\u017enos\u0165 odpovieme do 14 dn\u00ed od jej prijatia. Ak by sme potrebovali viac \u010dasu, budeme \u0165a o tom informova\u0165.<br class=\"\">Ak by ti tento postup nevyhovoval, m\u00f4\u017ee\u0161 sa kedyko\u013evek obr\u00e1ti\u0165 na media\u010dn\u00e9 oddelenie nad\u00e1cie Stichting Webshop Keurmerk, ktorej sme \u010dlenom.<br class=\"\"><br class=\"\">Od 15. febru\u00e1ra 2016 m\u00f4\u017eu spotrebitelia v E\u00da nahlasova\u0165 s\u0165a\u017enosti aj prostredn\u00edctvom platformy RSO Eur\u00f3pskej komisie. T\u00fato platformu RSO n\u00e1jde\u0161 na (<a class=\"\" href=\"http:\/\/ec.europa.eu\/odr\">http:\/\/ec.europa.eu\/odr<\/a>). Ak tvoja s\u0165a\u017enos\u0165 e\u0161te nie je rie\u0161en\u00e1 inde, m\u00f4\u017ee\u0161 ju slobodne poda\u0165 prostredn\u00edctvom platformy Eur\u00f3pskej \u00fanie. <\/div><\/div>\t\t\t\t\t\t\t\t<\/div>\n\t\t\t\t<\/div>\n\t\t\t\t<\/div>\n\t\t\t\t\t<\/div>\n\t\t\t\t<\/div>\n\t\t\t\t<\/div>\n\t\t","protected":false},"excerpt":{"rendered":"<p>Str\u00e1nka so s\u0165a\u017enos\u0165ami Je samozrejme nepr\u00edjemn\u00e9, ak m\u00e1\u0161 s\u0165a\u017enos\u0165 na na\u0161e produkty alebo slu\u017eby. Radi ti pom\u00f4\u017eeme a pon\u00fakneme po\u017eadovan\u00e9 rie\u0161enie. M\u00f4\u017ee\u0161 n\u00e1m nap\u00edsa\u0165 na [&hellip;]<\/p>\n","protected":false},"author":3,"featured_media":0,"parent":0,"menu_order":0,"comment_status":"closed","ping_status":"closed","template":"elementor_header_footer","meta":{"site-sidebar-layout":"no-sidebar","site-content-layout":"page-builder","ast-site-content-layout":"full-width-container","site-content-style":"default","site-sidebar-style":"default","ast-global-header-display":"","ast-banner-title-visibility":"","ast-main-header-display":"","ast-hfb-above-header-display":"","ast-hfb-below-header-display":"","ast-hfb-mobile-header-display":"","site-post-title":"","ast-breadcrumbs-content":"","ast-featured-img":"disabled","footer-sml-layout":"","ast-disable-related-posts":"","theme-transparent-header-meta":"default","adv-header-id-meta":"","stick-header-meta":"default","header-above-stick-meta":"","header-main-stick-meta":"","header-below-stick-meta":"","astra-migrate-meta-layouts":"default","ast-page-background-enabled":"default","ast-page-background-meta":{"desktop":{"background-color":"var(--ast-global-color-4)","background-image":"","background-repeat":"repeat","background-position":"center center","background-size":"auto","background-attachment":"scroll","background-type":"","background-media":"","overlay-type":"","overlay-color":"","overlay-opacity":"","overlay-gradient":""},"tablet":{"background-color":"","background-image":"","background-repeat":"repeat","background-position":"center center","background-size":"auto","background-attachment":"scroll","background-type":"","background-media":"","overlay-type":"","overlay-color":"","overlay-opacity":"","overlay-gradient":""},"mobile":{"background-color":"","background-image":"","background-repeat":"repeat","background-position":"center center","background-size":"auto","background-attachment":"scroll","background-type":"","background-media":"","overlay-type":"","overlay-color":"","overlay-opacity":"","overlay-gradient":""}},"ast-content-background-meta":{"desktop":{"background-color":"var(--ast-global-color-5)","background-image":"","background-repeat":"repeat","background-position":"center center","background-size":"auto","background-attachment":"scroll","background-type":"","background-media":"","overlay-type":"","overlay-color":"","overlay-opacity":"","overlay-gradient":""},"tablet":{"background-color":"var(--ast-global-color-5)","background-image":"","background-repeat":"repeat","background-position":"center center","background-size":"auto","background-attachment":"scroll","background-type":"","background-media":"","overlay-type":"","overlay-color":"","overlay-opacity":"","overlay-gradient":""},"mobile":{"background-color":"var(--ast-global-color-5)","background-image":"","background-repeat":"repeat","background-position":"center center","background-size":"auto","background-attachment":"scroll","background-type":"","background-media":"","overlay-type":"","overlay-color":"","overlay-opacity":"","overlay-gradient":""}},"footnotes":""},"class_list":["post-10902","page","type-page","status-publish","hentry"],"yoast_head":"<!-- This site is optimized with the Yoast SEO plugin v27.4 - https:\/\/yoast.com\/product\/yoast-seo-wordpress\/ -->\n<title>Str\u00e1nka so s\u0165a\u017enos\u0165ami - BERA BV<\/title>\n<meta name=\"robots\" content=\"index, follow, max-snippet:-1, max-image-preview:large, max-video-preview:-1\" \/>\n<link rel=\"canonical\" href=\"https:\/\/www.bera-bv.com\/sk\/stranka-so-staznostami\/\" \/>\n<meta property=\"og:locale\" content=\"sk_SK\" \/>\n<meta property=\"og:type\" content=\"article\" \/>\n<meta property=\"og:title\" content=\"Str\u00e1nka so s\u0165a\u017enos\u0165ami - BERA BV\" \/>\n<meta property=\"og:description\" content=\"Str\u00e1nka so s\u0165a\u017enos\u0165ami Je samozrejme nepr\u00edjemn\u00e9, ak m\u00e1\u0161 s\u0165a\u017enos\u0165 na na\u0161e produkty alebo slu\u017eby. Radi ti pom\u00f4\u017eeme a pon\u00fakneme po\u017eadovan\u00e9 rie\u0161enie. M\u00f4\u017ee\u0161 n\u00e1m nap\u00edsa\u0165 na [&hellip;]\" \/>\n<meta property=\"og:url\" content=\"https:\/\/www.bera-bv.com\/sk\/stranka-so-staznostami\/\" \/>\n<meta property=\"og:site_name\" content=\"BERA BV\" \/>\n<meta name=\"twitter:card\" content=\"summary_large_image\" \/>\n<meta name=\"twitter:label1\" content=\"Predpokladan\u00fd \u010das \u010d\u00edtania\" \/>\n\t<meta name=\"twitter:data1\" content=\"1 min\u00fata\" \/>\n<script type=\"application\/ld+json\" class=\"yoast-schema-graph\">{\"@context\":\"https:\\\/\\\/schema.org\",\"@graph\":[{\"@type\":\"WebPage\",\"@id\":\"https:\\\/\\\/www.bera-bv.com\\\/sk\\\/stranka-so-staznostami\\\/\",\"url\":\"https:\\\/\\\/www.bera-bv.com\\\/sk\\\/stranka-so-staznostami\\\/\",\"name\":\"Str\u00e1nka so s\u0165a\u017enos\u0165ami - BERA BV\",\"isPartOf\":{\"@id\":\"https:\\\/\\\/www.bera-bv.com\\\/sk\\\/#website\"},\"datePublished\":\"2026-02-16T08:52:22+00:00\",\"breadcrumb\":{\"@id\":\"https:\\\/\\\/www.bera-bv.com\\\/sk\\\/stranka-so-staznostami\\\/#breadcrumb\"},\"inLanguage\":\"sk-SK\",\"potentialAction\":[{\"@type\":\"ReadAction\",\"target\":[\"https:\\\/\\\/www.bera-bv.com\\\/sk\\\/stranka-so-staznostami\\\/\"]}]},{\"@type\":\"BreadcrumbList\",\"@id\":\"https:\\\/\\\/www.bera-bv.com\\\/sk\\\/stranka-so-staznostami\\\/#breadcrumb\",\"itemListElement\":[{\"@type\":\"ListItem\",\"position\":1,\"name\":\"Home\",\"item\":\"https:\\\/\\\/www.bera-bv.com\\\/sk\\\/\"},{\"@type\":\"ListItem\",\"position\":2,\"name\":\"Str\u00e1nka so s\u0165a\u017enos\u0165ami\"}]},{\"@type\":\"WebSite\",\"@id\":\"https:\\\/\\\/www.bera-bv.com\\\/sk\\\/#website\",\"url\":\"https:\\\/\\\/www.bera-bv.com\\\/sk\\\/\",\"name\":\"BERA BV\",\"description\":\"Creatief en duurzaam landschapsontwerp\",\"publisher\":{\"@id\":\"https:\\\/\\\/www.bera-bv.com\\\/sk\\\/#organization\"},\"potentialAction\":[{\"@type\":\"SearchAction\",\"target\":{\"@type\":\"EntryPoint\",\"urlTemplate\":\"https:\\\/\\\/www.bera-bv.com\\\/sk\\\/?s={search_term_string}\"},\"query-input\":{\"@type\":\"PropertyValueSpecification\",\"valueRequired\":true,\"valueName\":\"search_term_string\"}}],\"inLanguage\":\"sk-SK\"},{\"@type\":\"Organization\",\"@id\":\"https:\\\/\\\/www.bera-bv.com\\\/sk\\\/#organization\",\"name\":\"BERA BV\",\"url\":\"https:\\\/\\\/www.bera-bv.com\\\/sk\\\/\",\"logo\":{\"@type\":\"ImageObject\",\"inLanguage\":\"sk-SK\",\"@id\":\"https:\\\/\\\/www.bera-bv.com\\\/sk\\\/#\\\/schema\\\/logo\\\/image\\\/\",\"url\":\"https:\\\/\\\/www.bera-bv.com\\\/wp-content\\\/uploads\\\/2025\\\/12\\\/BERA-logo_light.svg\",\"contentUrl\":\"https:\\\/\\\/www.bera-bv.com\\\/wp-content\\\/uploads\\\/2025\\\/12\\\/BERA-logo_light.svg\",\"caption\":\"BERA BV\"},\"image\":{\"@id\":\"https:\\\/\\\/www.bera-bv.com\\\/sk\\\/#\\\/schema\\\/logo\\\/image\\\/\"}}]}<\/script>\n<!-- \/ Yoast SEO plugin. -->","yoast_head_json":{"title":"Str\u00e1nka so s\u0165a\u017enos\u0165ami - BERA BV","robots":{"index":"index","follow":"follow","max-snippet":"max-snippet:-1","max-image-preview":"max-image-preview:large","max-video-preview":"max-video-preview:-1"},"canonical":"https:\/\/www.bera-bv.com\/sk\/stranka-so-staznostami\/","og_locale":"sk_SK","og_type":"article","og_title":"Str\u00e1nka so s\u0165a\u017enos\u0165ami - BERA BV","og_description":"Str\u00e1nka so s\u0165a\u017enos\u0165ami Je samozrejme nepr\u00edjemn\u00e9, ak m\u00e1\u0161 s\u0165a\u017enos\u0165 na na\u0161e produkty alebo slu\u017eby. Radi ti pom\u00f4\u017eeme a pon\u00fakneme po\u017eadovan\u00e9 rie\u0161enie. M\u00f4\u017ee\u0161 n\u00e1m nap\u00edsa\u0165 na [&hellip;]","og_url":"https:\/\/www.bera-bv.com\/sk\/stranka-so-staznostami\/","og_site_name":"BERA BV","twitter_card":"summary_large_image","twitter_misc":{"Predpokladan\u00fd \u010das \u010d\u00edtania":"1 min\u00fata"},"schema":{"@context":"https:\/\/schema.org","@graph":[{"@type":"WebPage","@id":"https:\/\/www.bera-bv.com\/sk\/stranka-so-staznostami\/","url":"https:\/\/www.bera-bv.com\/sk\/stranka-so-staznostami\/","name":"Str\u00e1nka so s\u0165a\u017enos\u0165ami - BERA BV","isPartOf":{"@id":"https:\/\/www.bera-bv.com\/sk\/#website"},"datePublished":"2026-02-16T08:52:22+00:00","breadcrumb":{"@id":"https:\/\/www.bera-bv.com\/sk\/stranka-so-staznostami\/#breadcrumb"},"inLanguage":"sk-SK","potentialAction":[{"@type":"ReadAction","target":["https:\/\/www.bera-bv.com\/sk\/stranka-so-staznostami\/"]}]},{"@type":"BreadcrumbList","@id":"https:\/\/www.bera-bv.com\/sk\/stranka-so-staznostami\/#breadcrumb","itemListElement":[{"@type":"ListItem","position":1,"name":"Home","item":"https:\/\/www.bera-bv.com\/sk\/"},{"@type":"ListItem","position":2,"name":"Str\u00e1nka so s\u0165a\u017enos\u0165ami"}]},{"@type":"WebSite","@id":"https:\/\/www.bera-bv.com\/sk\/#website","url":"https:\/\/www.bera-bv.com\/sk\/","name":"BERA BV","description":"Creatief en duurzaam landschapsontwerp","publisher":{"@id":"https:\/\/www.bera-bv.com\/sk\/#organization"},"potentialAction":[{"@type":"SearchAction","target":{"@type":"EntryPoint","urlTemplate":"https:\/\/www.bera-bv.com\/sk\/?s={search_term_string}"},"query-input":{"@type":"PropertyValueSpecification","valueRequired":true,"valueName":"search_term_string"}}],"inLanguage":"sk-SK"},{"@type":"Organization","@id":"https:\/\/www.bera-bv.com\/sk\/#organization","name":"BERA BV","url":"https:\/\/www.bera-bv.com\/sk\/","logo":{"@type":"ImageObject","inLanguage":"sk-SK","@id":"https:\/\/www.bera-bv.com\/sk\/#\/schema\/logo\/image\/","url":"https:\/\/www.bera-bv.com\/wp-content\/uploads\/2025\/12\/BERA-logo_light.svg","contentUrl":"https:\/\/www.bera-bv.com\/wp-content\/uploads\/2025\/12\/BERA-logo_light.svg","caption":"BERA BV"},"image":{"@id":"https:\/\/www.bera-bv.com\/sk\/#\/schema\/logo\/image\/"}}]}},"_links":{"self":[{"href":"https:\/\/www.bera-bv.com\/sk\/wp-json\/wp\/v2\/pages\/10902","targetHints":{"allow":["GET"]}}],"collection":[{"href":"https:\/\/www.bera-bv.com\/sk\/wp-json\/wp\/v2\/pages"}],"about":[{"href":"https:\/\/www.bera-bv.com\/sk\/wp-json\/wp\/v2\/types\/page"}],"author":[{"embeddable":true,"href":"https:\/\/www.bera-bv.com\/sk\/wp-json\/wp\/v2\/users\/3"}],"replies":[{"embeddable":true,"href":"https:\/\/www.bera-bv.com\/sk\/wp-json\/wp\/v2\/comments?post=10902"}],"version-history":[{"count":0,"href":"https:\/\/www.bera-bv.com\/sk\/wp-json\/wp\/v2\/pages\/10902\/revisions"}],"wp:attachment":[{"href":"https:\/\/www.bera-bv.com\/sk\/wp-json\/wp\/v2\/media?parent=10902"}],"curies":[{"name":"wp","href":"https:\/\/api.w.org\/{rel}","templated":true}]}}