{"id":10861,"date":"2026-02-16T07:20:50","date_gmt":"2026-02-16T06:20:50","guid":{"rendered":"http:\/\/bera-bv.com\/pravo-na-odstupenie-od-zmluvy\/"},"modified":"2026-02-16T07:20:51","modified_gmt":"2026-02-16T06:20:51","slug":"pravo-na-odstupenie-od-zmluvy","status":"publish","type":"page","link":"https:\/\/www.bera-bv.com\/sk\/pravo-na-odstupenie-od-zmluvy\/","title":{"rendered":"Pr\u00e1vo na odst\u00fapenie od zmluvy"},"content":{"rendered":"\t\t<div data-elementor-type=\"wp-page\" data-elementor-id=\"10861\" class=\"elementor elementor-10861 elementor-5614\" data-elementor-post-type=\"page\">\n\t\t\t\t<div class=\"elementor-element elementor-element-263bb96 pad-l e-flex e-con-boxed e-con e-parent\" data-id=\"263bb96\" data-element_type=\"container\" data-e-type=\"container\">\n\t\t\t\t\t<div class=\"e-con-inner\">\n\t\t<div class=\"elementor-element elementor-element-716af9e e-con-full pad-tb-s e-flex e-con e-child\" data-id=\"716af9e\" data-element_type=\"container\" data-e-type=\"container\">\n\t\t\t\t<div class=\"elementor-element elementor-element-2377e77 elementor-widget elementor-widget-heading\" data-id=\"2377e77\" data-element_type=\"widget\" data-e-type=\"widget\" data-widget_type=\"heading.default\">\n\t\t\t\t<div class=\"elementor-widget-container\">\n\t\t\t\t\t<h1 class=\"elementor-heading-title elementor-size-default\">Pr\u00e1vo na odst\u00fapenie od zmluvy<\/h1>\t\t\t\t<\/div>\n\t\t\t\t<\/div>\n\t\t\t\t<div class=\"elementor-element elementor-element-e79bb9c elementor-widget elementor-widget-text-editor\" data-id=\"e79bb9c\" data-element_type=\"widget\" data-e-type=\"widget\" data-widget_type=\"text-editor.default\">\n\t\t\t\t<div class=\"elementor-widget-container\">\n\t\t\t\t\t\t\t\t\t<p>M\u00e1\u0161 14-d\u0148ov\u00fa lehotu na rozmyslenie, po\u010das ktorej m\u00f4\u017ee\u0161 produkt vr\u00e1ti\u0165 bez udania d\u00f4vodu, po\u010dn\u00fac d\u0148om prevzatia produktu. Od momentu ozn\u00e1menia o vr\u00e1ten\u00ed m\u00e1\u0161 \u010fal\u0161\u00edch 14 dn\u00ed na zaslanie produktu sp\u00e4\u0165. Produkt je mo\u017en\u00e9 vr\u00e1ti\u0165 len nepou\u017eit\u00fd a pod\u013ea mo\u017enosti v origin\u00e1lnom balen\u00ed.  <\/p><div class=\"\"><div class=\"\">Pri vr\u00e1ten\u00ed objedn\u00e1vky zn\u00e1\u0161a\u0161 n\u00e1klady na vr\u00e1tenie ty.<br class=\"\">Suma ti bude prip\u00edsan\u00e1 na \u00fa\u010det do 14 dn\u00ed.<br class=\"\">M\u00f4\u017ee\u0161 tie\u017e vyu\u017ei\u0165 vzorov\u00fd formul\u00e1r.<br class=\"\"><br class=\"\">Podnikate\u013e uhrad\u00ed v\u0161etky platby spotrebite\u013ea, vr\u00e1tane pr\u00edpadn\u00fdch n\u00e1kladov na doru\u010denie \u00fa\u010dtovan\u00fdch podnikate\u013eom za vr\u00e1ten\u00fd produkt (ak sa vracia cel\u00e1 objedn\u00e1vka), bezodkladne, najnesk\u00f4r v\u0161ak do 14 dn\u00ed odo d\u0148a, kedy mu spotrebite\u013e ozn\u00e1mil odst\u00fapenie od zmluvy. Ak podnikate\u013e nepon\u00fakne, \u017ee si produkt vyzdvihne s\u00e1m, m\u00f4\u017ee s vr\u00e1ten\u00edm platby po\u010dka\u0165, k\u00fdm produkt nedostane sp\u00e4\u0165 alebo k\u00fdm spotrebite\u013e nepreuk\u00e1\u017ee, \u017ee produkt odoslal, pod\u013ea toho, \u010do nastane sk\u00f4r. Podnikate\u013e pou\u017eije na vr\u00e1tenie platby rovnak\u00fd platobn\u00fd prostriedok, ak\u00fd pou\u017eil spotrebite\u013e, pokia\u013e spotrebite\u013e nes\u00fahlas\u00ed s inou met\u00f3dou. Vr\u00e1tenie platby je pre spotrebite\u013ea bezplatn\u00e9.<br class=\"\">Ak si spotrebite\u013e zvolil drah\u0161\u00ed sp\u00f4sob doru\u010denia ako najlacnej\u0161ie \u0161tandardn\u00e9 doru\u010denie, podnikate\u013e nie je povinn\u00fd uhradi\u0165 dodato\u010dn\u00e9 n\u00e1klady na tento drah\u0161\u00ed sp\u00f4sob.   <\/div><\/div>\t\t\t\t\t\t\t\t<\/div>\n\t\t\t\t<\/div>\n\t\t\t\t<\/div>\n\t\t\t\t\t<\/div>\n\t\t\t\t<\/div>\n\t\t\t\t<\/div>\n\t\t","protected":false},"excerpt":{"rendered":"<p>Pr\u00e1vo na odst\u00fapenie od zmluvy M\u00e1\u0161 14-d\u0148ov\u00fa lehotu na rozmyslenie, po\u010das ktorej m\u00f4\u017ee\u0161 produkt vr\u00e1ti\u0165 bez udania d\u00f4vodu, po\u010dn\u00fac d\u0148om prevzatia produktu. Od momentu ozn\u00e1menia [&hellip;]<\/p>\n","protected":false},"author":3,"featured_media":0,"parent":0,"menu_order":0,"comment_status":"closed","ping_status":"closed","template":"elementor_header_footer","meta":{"site-sidebar-layout":"no-sidebar","site-content-layout":"page-builder","ast-site-content-layout":"full-width-container","site-content-style":"default","site-sidebar-style":"default","ast-global-header-display":"","ast-banner-title-visibility":"","ast-main-header-display":"","ast-hfb-above-header-display":"","ast-hfb-below-header-display":"","ast-hfb-mobile-header-display":"","site-post-title":"","ast-breadcrumbs-content":"","ast-featured-img":"disabled","footer-sml-layout":"","ast-disable-related-posts":"","theme-transparent-header-meta":"default","adv-header-id-meta":"","stick-header-meta":"default","header-above-stick-meta":"","header-main-stick-meta":"","header-below-stick-meta":"","astra-migrate-meta-layouts":"default","ast-page-background-enabled":"default","ast-page-background-meta":{"desktop":{"background-color":"var(--ast-global-color-4)","background-image":"","background-repeat":"repeat","background-position":"center center","background-size":"auto","background-attachment":"scroll","background-type":"","background-media":"","overlay-type":"","overlay-color":"","overlay-opacity":"","overlay-gradient":""},"tablet":{"background-color":"","background-image":"","background-repeat":"repeat","background-position":"center center","background-size":"auto","background-attachment":"scroll","background-type":"","background-media":"","overlay-type":"","overlay-color":"","overlay-opacity":"","overlay-gradient":""},"mobile":{"background-color":"","background-image":"","background-repeat":"repeat","background-position":"center center","background-size":"auto","background-attachment":"scroll","background-type":"","background-media":"","overlay-type":"","overlay-color":"","overlay-opacity":"","overlay-gradient":""}},"ast-content-background-meta":{"desktop":{"background-color":"var(--ast-global-color-5)","background-image":"","background-repeat":"repeat","background-position":"center center","background-size":"auto","background-attachment":"scroll","background-type":"","background-media":"","overlay-type":"","overlay-color":"","overlay-opacity":"","overlay-gradient":""},"tablet":{"background-color":"var(--ast-global-color-5)","background-image":"","background-repeat":"repeat","background-position":"center center","background-size":"auto","background-attachment":"scroll","background-type":"","background-media":"","overlay-type":"","overlay-color":"","overlay-opacity":"","overlay-gradient":""},"mobile":{"background-color":"var(--ast-global-color-5)","background-image":"","background-repeat":"repeat","background-position":"center center","background-size":"auto","background-attachment":"scroll","background-type":"","background-media":"","overlay-type":"","overlay-color":"","overlay-opacity":"","overlay-gradient":""}},"footnotes":""},"class_list":["post-10861","page","type-page","status-publish","hentry"],"yoast_head":"<!-- This site is optimized with the Yoast SEO plugin v27.4 - https:\/\/yoast.com\/product\/yoast-seo-wordpress\/ -->\n<title>Pr\u00e1vo na odst\u00fapenie od zmluvy - BERA BV<\/title>\n<meta name=\"robots\" content=\"index, follow, max-snippet:-1, max-image-preview:large, max-video-preview:-1\" \/>\n<link rel=\"canonical\" href=\"https:\/\/www.bera-bv.com\/sk\/pravo-na-odstupenie-od-zmluvy\/\" \/>\n<meta property=\"og:locale\" content=\"sk_SK\" \/>\n<meta property=\"og:type\" content=\"article\" \/>\n<meta property=\"og:title\" content=\"Pr\u00e1vo na odst\u00fapenie od zmluvy - BERA BV\" \/>\n<meta property=\"og:description\" content=\"Pr\u00e1vo na odst\u00fapenie od zmluvy M\u00e1\u0161 14-d\u0148ov\u00fa lehotu na rozmyslenie, po\u010das ktorej m\u00f4\u017ee\u0161 produkt vr\u00e1ti\u0165 bez udania d\u00f4vodu, po\u010dn\u00fac d\u0148om prevzatia produktu. Od momentu ozn\u00e1menia [&hellip;]\" \/>\n<meta property=\"og:url\" content=\"https:\/\/www.bera-bv.com\/sk\/pravo-na-odstupenie-od-zmluvy\/\" \/>\n<meta property=\"og:site_name\" content=\"BERA BV\" \/>\n<meta property=\"article:modified_time\" content=\"2026-02-16T06:20:51+00:00\" \/>\n<meta name=\"twitter:card\" content=\"summary_large_image\" \/>\n<meta name=\"twitter:label1\" content=\"Predpokladan\u00fd \u010das \u010d\u00edtania\" \/>\n\t<meta name=\"twitter:data1\" content=\"1 min\u00fata\" \/>\n<script type=\"application\/ld+json\" class=\"yoast-schema-graph\">{\"@context\":\"https:\\\/\\\/schema.org\",\"@graph\":[{\"@type\":\"WebPage\",\"@id\":\"https:\\\/\\\/www.bera-bv.com\\\/sk\\\/pravo-na-odstupenie-od-zmluvy\\\/\",\"url\":\"https:\\\/\\\/www.bera-bv.com\\\/sk\\\/pravo-na-odstupenie-od-zmluvy\\\/\",\"name\":\"Pr\u00e1vo na odst\u00fapenie od zmluvy - BERA BV\",\"isPartOf\":{\"@id\":\"https:\\\/\\\/www.bera-bv.com\\\/sk\\\/#website\"},\"datePublished\":\"2026-02-16T06:20:50+00:00\",\"dateModified\":\"2026-02-16T06:20:51+00:00\",\"breadcrumb\":{\"@id\":\"https:\\\/\\\/www.bera-bv.com\\\/sk\\\/pravo-na-odstupenie-od-zmluvy\\\/#breadcrumb\"},\"inLanguage\":\"sk-SK\",\"potentialAction\":[{\"@type\":\"ReadAction\",\"target\":[\"https:\\\/\\\/www.bera-bv.com\\\/sk\\\/pravo-na-odstupenie-od-zmluvy\\\/\"]}]},{\"@type\":\"BreadcrumbList\",\"@id\":\"https:\\\/\\\/www.bera-bv.com\\\/sk\\\/pravo-na-odstupenie-od-zmluvy\\\/#breadcrumb\",\"itemListElement\":[{\"@type\":\"ListItem\",\"position\":1,\"name\":\"Home\",\"item\":\"https:\\\/\\\/www.bera-bv.com\\\/sk\\\/\"},{\"@type\":\"ListItem\",\"position\":2,\"name\":\"Pr\u00e1vo na odst\u00fapenie od zmluvy\"}]},{\"@type\":\"WebSite\",\"@id\":\"https:\\\/\\\/www.bera-bv.com\\\/sk\\\/#website\",\"url\":\"https:\\\/\\\/www.bera-bv.com\\\/sk\\\/\",\"name\":\"BERA BV\",\"description\":\"Creatief en duurzaam landschapsontwerp\",\"publisher\":{\"@id\":\"https:\\\/\\\/www.bera-bv.com\\\/sk\\\/#organization\"},\"potentialAction\":[{\"@type\":\"SearchAction\",\"target\":{\"@type\":\"EntryPoint\",\"urlTemplate\":\"https:\\\/\\\/www.bera-bv.com\\\/sk\\\/?s={search_term_string}\"},\"query-input\":{\"@type\":\"PropertyValueSpecification\",\"valueRequired\":true,\"valueName\":\"search_term_string\"}}],\"inLanguage\":\"sk-SK\"},{\"@type\":\"Organization\",\"@id\":\"https:\\\/\\\/www.bera-bv.com\\\/sk\\\/#organization\",\"name\":\"BERA BV\",\"url\":\"https:\\\/\\\/www.bera-bv.com\\\/sk\\\/\",\"logo\":{\"@type\":\"ImageObject\",\"inLanguage\":\"sk-SK\",\"@id\":\"https:\\\/\\\/www.bera-bv.com\\\/sk\\\/#\\\/schema\\\/logo\\\/image\\\/\",\"url\":\"https:\\\/\\\/www.bera-bv.com\\\/wp-content\\\/uploads\\\/2025\\\/12\\\/BERA-logo_light.svg\",\"contentUrl\":\"https:\\\/\\\/www.bera-bv.com\\\/wp-content\\\/uploads\\\/2025\\\/12\\\/BERA-logo_light.svg\",\"caption\":\"BERA BV\"},\"image\":{\"@id\":\"https:\\\/\\\/www.bera-bv.com\\\/sk\\\/#\\\/schema\\\/logo\\\/image\\\/\"}}]}<\/script>\n<!-- \/ Yoast SEO plugin. -->","yoast_head_json":{"title":"Pr\u00e1vo na odst\u00fapenie od zmluvy - BERA BV","robots":{"index":"index","follow":"follow","max-snippet":"max-snippet:-1","max-image-preview":"max-image-preview:large","max-video-preview":"max-video-preview:-1"},"canonical":"https:\/\/www.bera-bv.com\/sk\/pravo-na-odstupenie-od-zmluvy\/","og_locale":"sk_SK","og_type":"article","og_title":"Pr\u00e1vo na odst\u00fapenie od zmluvy - BERA BV","og_description":"Pr\u00e1vo na odst\u00fapenie od zmluvy M\u00e1\u0161 14-d\u0148ov\u00fa lehotu na rozmyslenie, po\u010das ktorej m\u00f4\u017ee\u0161 produkt vr\u00e1ti\u0165 bez udania d\u00f4vodu, po\u010dn\u00fac d\u0148om prevzatia produktu. Od momentu ozn\u00e1menia [&hellip;]","og_url":"https:\/\/www.bera-bv.com\/sk\/pravo-na-odstupenie-od-zmluvy\/","og_site_name":"BERA BV","article_modified_time":"2026-02-16T06:20:51+00:00","twitter_card":"summary_large_image","twitter_misc":{"Predpokladan\u00fd \u010das \u010d\u00edtania":"1 min\u00fata"},"schema":{"@context":"https:\/\/schema.org","@graph":[{"@type":"WebPage","@id":"https:\/\/www.bera-bv.com\/sk\/pravo-na-odstupenie-od-zmluvy\/","url":"https:\/\/www.bera-bv.com\/sk\/pravo-na-odstupenie-od-zmluvy\/","name":"Pr\u00e1vo na odst\u00fapenie od zmluvy - BERA BV","isPartOf":{"@id":"https:\/\/www.bera-bv.com\/sk\/#website"},"datePublished":"2026-02-16T06:20:50+00:00","dateModified":"2026-02-16T06:20:51+00:00","breadcrumb":{"@id":"https:\/\/www.bera-bv.com\/sk\/pravo-na-odstupenie-od-zmluvy\/#breadcrumb"},"inLanguage":"sk-SK","potentialAction":[{"@type":"ReadAction","target":["https:\/\/www.bera-bv.com\/sk\/pravo-na-odstupenie-od-zmluvy\/"]}]},{"@type":"BreadcrumbList","@id":"https:\/\/www.bera-bv.com\/sk\/pravo-na-odstupenie-od-zmluvy\/#breadcrumb","itemListElement":[{"@type":"ListItem","position":1,"name":"Home","item":"https:\/\/www.bera-bv.com\/sk\/"},{"@type":"ListItem","position":2,"name":"Pr\u00e1vo na odst\u00fapenie od zmluvy"}]},{"@type":"WebSite","@id":"https:\/\/www.bera-bv.com\/sk\/#website","url":"https:\/\/www.bera-bv.com\/sk\/","name":"BERA BV","description":"Creatief en duurzaam landschapsontwerp","publisher":{"@id":"https:\/\/www.bera-bv.com\/sk\/#organization"},"potentialAction":[{"@type":"SearchAction","target":{"@type":"EntryPoint","urlTemplate":"https:\/\/www.bera-bv.com\/sk\/?s={search_term_string}"},"query-input":{"@type":"PropertyValueSpecification","valueRequired":true,"valueName":"search_term_string"}}],"inLanguage":"sk-SK"},{"@type":"Organization","@id":"https:\/\/www.bera-bv.com\/sk\/#organization","name":"BERA BV","url":"https:\/\/www.bera-bv.com\/sk\/","logo":{"@type":"ImageObject","inLanguage":"sk-SK","@id":"https:\/\/www.bera-bv.com\/sk\/#\/schema\/logo\/image\/","url":"https:\/\/www.bera-bv.com\/wp-content\/uploads\/2025\/12\/BERA-logo_light.svg","contentUrl":"https:\/\/www.bera-bv.com\/wp-content\/uploads\/2025\/12\/BERA-logo_light.svg","caption":"BERA BV"},"image":{"@id":"https:\/\/www.bera-bv.com\/sk\/#\/schema\/logo\/image\/"}}]}},"_links":{"self":[{"href":"https:\/\/www.bera-bv.com\/sk\/wp-json\/wp\/v2\/pages\/10861","targetHints":{"allow":["GET"]}}],"collection":[{"href":"https:\/\/www.bera-bv.com\/sk\/wp-json\/wp\/v2\/pages"}],"about":[{"href":"https:\/\/www.bera-bv.com\/sk\/wp-json\/wp\/v2\/types\/page"}],"author":[{"embeddable":true,"href":"https:\/\/www.bera-bv.com\/sk\/wp-json\/wp\/v2\/users\/3"}],"replies":[{"embeddable":true,"href":"https:\/\/www.bera-bv.com\/sk\/wp-json\/wp\/v2\/comments?post=10861"}],"version-history":[{"count":0,"href":"https:\/\/www.bera-bv.com\/sk\/wp-json\/wp\/v2\/pages\/10861\/revisions"}],"wp:attachment":[{"href":"https:\/\/www.bera-bv.com\/sk\/wp-json\/wp\/v2\/media?parent=10861"}],"curies":[{"name":"wp","href":"https:\/\/api.w.org\/{rel}","templated":true}]}}