{"id":9773,"date":"2025-12-22T12:35:40","date_gmt":"2025-12-22T11:35:40","guid":{"rendered":"http:\/\/bera-bv.com\/product\/stelzlager-hilo-fix-unterlegscheibe-1-mm-hart\/"},"modified":"2026-01-28T10:27:02","modified_gmt":"2026-01-28T09:27:02","slug":"stelzlager-hilo-fix-unterlegscheibe-1-mm-hart","status":"publish","type":"product","link":"https:\/\/www.bera-bv.com\/nl\/product\/stelzlager-hilo-fix-unterlegscheibe-1-mm-hart\/","title":{"rendered":"Stelzlager HiLo Fix Unterlegscheibe 1 mm hart"},"content":{"rendered":"<p><strong>Anwendung<\/strong><\/p>\n<ul>\n<li>Unterlegscheibe zum Ausgleich von H\u00f6henunterschieden<\/li>\n<\/ul>\n<p><strong>Artikeldetails<\/strong><\/p>\n<ul>\n<li>Farbe:\u00a0 schwarz<\/li>\n<li>Format:\u00a0 rund, 1 mm stark<\/li>\n<\/ul>\n<p><strong>Verlegehinweis<\/strong><\/p>\n<ul>\n<li>Nutzen Sie die Scheiben, um z.B. Tolreanzunterschiede von angrenzenden Platten oder Balken auszugleichen.<\/li>\n<li>Die runde Scheibe kann halbiert und geviertelt werden<\/li>\n<\/ul>\n","protected":false},"excerpt":{"rendered":"<p><strong>Artikelbeschreibung<\/strong><br \/>\nDie HiLo Fix Unterlegscheibe ist ein Zusatzartikel f\u00fcr HiLo Fix Stelzlager. Sie kann sowohl f\u00fcr die Variante f\u00fcr <a href=\"https:\/\/www.bera-bv.nl\/webshop\/produkt\/stelzlager-hilo-fix-holz\/\">Holz-<\/a> als auch f\u00fcr <a href=\"https:\/\/www.bera-bv.nl\/webshop\/produkt\/stelzlager-hilo-fix-fuer-steinkeramik\/\">Stein-\/Keramikbel\u00e4ge<\/a> benutzt werden.<\/p>\n<p>Mithilfe der Unterlegscheiben k\u00f6nnen Sie Toleranzunterschiede von Platten oder Planken ausgleichen, die auf den Stelzlagern aneinander angrenzen. Sie k\u00f6nnen halbiert und geviertelt werden, so dass jede Plattenecke individuell angepasst werden kann.<\/p>\n<p>Weitere Infos zu Unterlegscheiben und mehr zum Thema\u00a0Gartengestaltung finden Sie <a href=\"http:\/\/www.bera-bv.de\/mehr\/plattenlagerstelzlager\/\">hier<\/a>.<\/p>\n","protected":false},"featured_media":7066,"template":"","meta":{"site-sidebar-layout":"default","site-content-layout":"","ast-site-content-layout":"default","site-content-style":"default","site-sidebar-style":"default","ast-global-header-display":"","ast-banner-title-visibility":"","ast-main-header-display":"","ast-hfb-above-header-display":"","ast-hfb-below-header-display":"","ast-hfb-mobile-header-display":"","site-post-title":"","ast-breadcrumbs-content":"","ast-featured-img":"","footer-sml-layout":"","ast-disable-related-posts":"","theme-transparent-header-meta":"default","adv-header-id-meta":"","stick-header-meta":"default","header-above-stick-meta":"","header-main-stick-meta":"","header-below-stick-meta":"","astra-migrate-meta-layouts":"set","ast-page-background-enabled":"default","ast-page-background-meta":{"desktop":{"background-color":"var(--ast-global-color-4)","background-image":"","background-repeat":"repeat","background-position":"center center","background-size":"auto","background-attachment":"scroll","background-type":"","background-media":"","overlay-type":"","overlay-color":"","overlay-opacity":"","overlay-gradient":""},"tablet":{"background-color":"","background-image":"","background-repeat":"repeat","background-position":"center center","background-size":"auto","background-attachment":"scroll","background-type":"","background-media":"","overlay-type":"","overlay-color":"","overlay-opacity":"","overlay-gradient":""},"mobile":{"background-color":"","background-image":"","background-repeat":"repeat","background-position":"center center","background-size":"auto","background-attachment":"scroll","background-type":"","background-media":"","overlay-type":"","overlay-color":"","overlay-opacity":"","overlay-gradient":""}},"ast-content-background-meta":{"desktop":{"background-color":"var(--ast-global-color-5)","background-image":"","background-repeat":"repeat","background-position":"center center","background-size":"auto","background-attachment":"scroll","background-type":"","background-media":"","overlay-type":"","overlay-color":"","overlay-opacity":"","overlay-gradient":""},"tablet":{"background-color":"var(--ast-global-color-5)","background-image":"","background-repeat":"repeat","background-position":"center center","background-size":"auto","background-attachment":"scroll","background-type":"","background-media":"","overlay-type":"","overlay-color":"","overlay-opacity":"","overlay-gradient":""},"mobile":{"background-color":"var(--ast-global-color-5)","background-image":"","background-repeat":"repeat","background-position":"center center","background-size":"auto","background-attachment":"scroll","background-type":"","background-media":"","overlay-type":"","overlay-color":"","overlay-opacity":"","overlay-gradient":""}}},"product_brand":[],"product_cat":[216],"product_tag":[],"class_list":{"0":"post-9773","1":"product","2":"type-product","3":"status-publish","4":"has-post-thumbnail","6":"product_cat-terras-dekking","7":"product_shipping_class-parcel","8":"desktop-align-left","9":"tablet-align-left","10":"mobile-align-left","11":"ast-product-gallery-layout-horizontal","12":"ast-product-tabs-layout-horizontal","14":"first","15":"instock","16":"purchasable","17":"product-type-simple"},"yoast_head":"<!-- This site is optimized with the Yoast SEO plugin v27.4 - https:\/\/yoast.com\/product\/yoast-seo-wordpress\/ -->\n<title>Stelzlager HiLo Fix Unterlegscheibe 1 mm hart - BERA BV<\/title>\n<meta name=\"robots\" content=\"index, follow, max-snippet:-1, max-image-preview:large, max-video-preview:-1\" \/>\n<link rel=\"canonical\" href=\"https:\/\/www.bera-bv.com\/nl\/product\/stelzlager-hilo-fix-unterlegscheibe-1-mm-hart\/\" \/>\n<meta property=\"og:locale\" content=\"nl_NL\" \/>\n<meta property=\"og:type\" content=\"article\" \/>\n<meta property=\"og:title\" content=\"Stelzlager HiLo Fix Unterlegscheibe 1 mm hart - BERA BV\" \/>\n<meta property=\"og:description\" content=\"Artikelbeschreibung Die HiLo Fix Unterlegscheibe ist ein Zusatzartikel f\u00fcr HiLo Fix Stelzlager. Sie kann sowohl f\u00fcr die Variante f\u00fcr Holz- als auch f\u00fcr Stein-\/Keramikbel\u00e4ge benutzt werden.  Mithilfe der Unterlegscheiben k\u00f6nnen Sie Toleranzunterschiede von Platten oder Planken ausgleichen, die auf den Stelzlagern aneinander angrenzen. Sie k\u00f6nnen halbiert und geviertelt werden, so dass jede Plattenecke individuell angepasst werden kann.  Weitere Infos zu Unterlegscheiben und mehr zum Thema\u00a0Gartengestaltung finden Sie hier.\" \/>\n<meta property=\"og:url\" content=\"https:\/\/www.bera-bv.com\/nl\/product\/stelzlager-hilo-fix-unterlegscheibe-1-mm-hart\/\" \/>\n<meta property=\"og:site_name\" content=\"BERA BV\" \/>\n<meta property=\"article:modified_time\" content=\"2026-01-28T09:27:02+00:00\" \/>\n<meta property=\"og:image\" content=\"https:\/\/www.bera-bv.com\/wp-content\/uploads\/2025\/12\/HiLoFix_Ausgleichsscheibe.jpg\" \/>\n\t<meta property=\"og:image:width\" content=\"615\" \/>\n\t<meta property=\"og:image:height\" content=\"461\" \/>\n\t<meta property=\"og:image:type\" content=\"image\/jpeg\" \/>\n<meta name=\"twitter:card\" content=\"summary_large_image\" \/>\n<script type=\"application\/ld+json\" class=\"yoast-schema-graph\">{\"@context\":\"https:\\\/\\\/schema.org\",\"@graph\":[{\"@type\":\"WebPage\",\"@id\":\"https:\\\/\\\/www.bera-bv.com\\\/nl\\\/product\\\/stelzlager-hilo-fix-unterlegscheibe-1-mm-hart\\\/\",\"url\":\"https:\\\/\\\/www.bera-bv.com\\\/nl\\\/product\\\/stelzlager-hilo-fix-unterlegscheibe-1-mm-hart\\\/\",\"name\":\"Stelzlager HiLo Fix Unterlegscheibe 1 mm hart - BERA BV\",\"isPartOf\":{\"@id\":\"https:\\\/\\\/www.bera-bv.com\\\/nl\\\/#website\"},\"primaryImageOfPage\":{\"@id\":\"https:\\\/\\\/www.bera-bv.com\\\/nl\\\/product\\\/stelzlager-hilo-fix-unterlegscheibe-1-mm-hart\\\/#primaryimage\"},\"image\":{\"@id\":\"https:\\\/\\\/www.bera-bv.com\\\/nl\\\/product\\\/stelzlager-hilo-fix-unterlegscheibe-1-mm-hart\\\/#primaryimage\"},\"thumbnailUrl\":\"https:\\\/\\\/www.bera-bv.com\\\/wp-content\\\/uploads\\\/2025\\\/12\\\/HiLoFix_Ausgleichsscheibe.jpg\",\"datePublished\":\"2025-12-22T11:35:40+00:00\",\"dateModified\":\"2026-01-28T09:27:02+00:00\",\"breadcrumb\":{\"@id\":\"https:\\\/\\\/www.bera-bv.com\\\/nl\\\/product\\\/stelzlager-hilo-fix-unterlegscheibe-1-mm-hart\\\/#breadcrumb\"},\"inLanguage\":\"nl-NL\",\"potentialAction\":[{\"@type\":\"ReadAction\",\"target\":[\"https:\\\/\\\/www.bera-bv.com\\\/nl\\\/product\\\/stelzlager-hilo-fix-unterlegscheibe-1-mm-hart\\\/\"]}]},{\"@type\":\"ImageObject\",\"inLanguage\":\"nl-NL\",\"@id\":\"https:\\\/\\\/www.bera-bv.com\\\/nl\\\/product\\\/stelzlager-hilo-fix-unterlegscheibe-1-mm-hart\\\/#primaryimage\",\"url\":\"https:\\\/\\\/www.bera-bv.com\\\/wp-content\\\/uploads\\\/2025\\\/12\\\/HiLoFix_Ausgleichsscheibe.jpg\",\"contentUrl\":\"https:\\\/\\\/www.bera-bv.com\\\/wp-content\\\/uploads\\\/2025\\\/12\\\/HiLoFix_Ausgleichsscheibe.jpg\",\"width\":615,\"height\":461,\"caption\":\"vulplaatje voor tegeldrager en balkdragers\"},{\"@type\":\"BreadcrumbList\",\"@id\":\"https:\\\/\\\/www.bera-bv.com\\\/nl\\\/product\\\/stelzlager-hilo-fix-unterlegscheibe-1-mm-hart\\\/#breadcrumb\",\"itemListElement\":[{\"@type\":\"ListItem\",\"position\":1,\"name\":\"Home\",\"item\":\"https:\\\/\\\/www.bera-bv.com\\\/nl\\\/\"},{\"@type\":\"ListItem\",\"position\":2,\"name\":\"Webshop\",\"item\":\"https:\\\/\\\/www.bera-bv.com\\\/nl\\\/webshop\\\/\"},{\"@type\":\"ListItem\",\"position\":3,\"name\":\"Stelzlager HiLo Fix Unterlegscheibe 1 mm hart\"}]},{\"@type\":\"WebSite\",\"@id\":\"https:\\\/\\\/www.bera-bv.com\\\/nl\\\/#website\",\"url\":\"https:\\\/\\\/www.bera-bv.com\\\/nl\\\/\",\"name\":\"BERA BV\",\"description\":\"Creatief en duurzaam landschapsontwerp\",\"publisher\":{\"@id\":\"https:\\\/\\\/www.bera-bv.com\\\/nl\\\/#organization\"},\"potentialAction\":[{\"@type\":\"SearchAction\",\"target\":{\"@type\":\"EntryPoint\",\"urlTemplate\":\"https:\\\/\\\/www.bera-bv.com\\\/nl\\\/?s={search_term_string}\"},\"query-input\":{\"@type\":\"PropertyValueSpecification\",\"valueRequired\":true,\"valueName\":\"search_term_string\"}}],\"inLanguage\":\"nl-NL\"},{\"@type\":\"Organization\",\"@id\":\"https:\\\/\\\/www.bera-bv.com\\\/nl\\\/#organization\",\"name\":\"BERA BV\",\"url\":\"https:\\\/\\\/www.bera-bv.com\\\/nl\\\/\",\"logo\":{\"@type\":\"ImageObject\",\"inLanguage\":\"nl-NL\",\"@id\":\"https:\\\/\\\/www.bera-bv.com\\\/nl\\\/#\\\/schema\\\/logo\\\/image\\\/\",\"url\":\"https:\\\/\\\/www.bera-bv.com\\\/wp-content\\\/uploads\\\/2025\\\/12\\\/BERA-logo_light.svg\",\"contentUrl\":\"https:\\\/\\\/www.bera-bv.com\\\/wp-content\\\/uploads\\\/2025\\\/12\\\/BERA-logo_light.svg\",\"width\":100,\"height\":100,\"caption\":\"BERA BV\"},\"image\":{\"@id\":\"https:\\\/\\\/www.bera-bv.com\\\/nl\\\/#\\\/schema\\\/logo\\\/image\\\/\"}}]}<\/script>\n<!-- \/ Yoast SEO plugin. -->","yoast_head_json":{"title":"Stelzlager HiLo Fix Unterlegscheibe 1 mm hart - BERA BV","robots":{"index":"index","follow":"follow","max-snippet":"max-snippet:-1","max-image-preview":"max-image-preview:large","max-video-preview":"max-video-preview:-1"},"canonical":"https:\/\/www.bera-bv.com\/nl\/product\/stelzlager-hilo-fix-unterlegscheibe-1-mm-hart\/","og_locale":"nl_NL","og_type":"article","og_title":"Stelzlager HiLo Fix Unterlegscheibe 1 mm hart - BERA BV","og_description":"Artikelbeschreibung Die HiLo Fix Unterlegscheibe ist ein Zusatzartikel f\u00fcr HiLo Fix Stelzlager. Sie kann sowohl f\u00fcr die Variante f\u00fcr Holz- als auch f\u00fcr Stein-\/Keramikbel\u00e4ge benutzt werden.  Mithilfe der Unterlegscheiben k\u00f6nnen Sie Toleranzunterschiede von Platten oder Planken ausgleichen, die auf den Stelzlagern aneinander angrenzen. Sie k\u00f6nnen halbiert und geviertelt werden, so dass jede Plattenecke individuell angepasst werden kann.  Weitere Infos zu Unterlegscheiben und mehr zum Thema\u00a0Gartengestaltung finden Sie hier.","og_url":"https:\/\/www.bera-bv.com\/nl\/product\/stelzlager-hilo-fix-unterlegscheibe-1-mm-hart\/","og_site_name":"BERA BV","article_modified_time":"2026-01-28T09:27:02+00:00","og_image":[{"width":615,"height":461,"url":"https:\/\/www.bera-bv.com\/wp-content\/uploads\/2025\/12\/HiLoFix_Ausgleichsscheibe.jpg","type":"image\/jpeg"}],"twitter_card":"summary_large_image","schema":{"@context":"https:\/\/schema.org","@graph":[{"@type":"WebPage","@id":"https:\/\/www.bera-bv.com\/nl\/product\/stelzlager-hilo-fix-unterlegscheibe-1-mm-hart\/","url":"https:\/\/www.bera-bv.com\/nl\/product\/stelzlager-hilo-fix-unterlegscheibe-1-mm-hart\/","name":"Stelzlager HiLo Fix Unterlegscheibe 1 mm hart - BERA BV","isPartOf":{"@id":"https:\/\/www.bera-bv.com\/nl\/#website"},"primaryImageOfPage":{"@id":"https:\/\/www.bera-bv.com\/nl\/product\/stelzlager-hilo-fix-unterlegscheibe-1-mm-hart\/#primaryimage"},"image":{"@id":"https:\/\/www.bera-bv.com\/nl\/product\/stelzlager-hilo-fix-unterlegscheibe-1-mm-hart\/#primaryimage"},"thumbnailUrl":"https:\/\/www.bera-bv.com\/wp-content\/uploads\/2025\/12\/HiLoFix_Ausgleichsscheibe.jpg","datePublished":"2025-12-22T11:35:40+00:00","dateModified":"2026-01-28T09:27:02+00:00","breadcrumb":{"@id":"https:\/\/www.bera-bv.com\/nl\/product\/stelzlager-hilo-fix-unterlegscheibe-1-mm-hart\/#breadcrumb"},"inLanguage":"nl-NL","potentialAction":[{"@type":"ReadAction","target":["https:\/\/www.bera-bv.com\/nl\/product\/stelzlager-hilo-fix-unterlegscheibe-1-mm-hart\/"]}]},{"@type":"ImageObject","inLanguage":"nl-NL","@id":"https:\/\/www.bera-bv.com\/nl\/product\/stelzlager-hilo-fix-unterlegscheibe-1-mm-hart\/#primaryimage","url":"https:\/\/www.bera-bv.com\/wp-content\/uploads\/2025\/12\/HiLoFix_Ausgleichsscheibe.jpg","contentUrl":"https:\/\/www.bera-bv.com\/wp-content\/uploads\/2025\/12\/HiLoFix_Ausgleichsscheibe.jpg","width":615,"height":461,"caption":"vulplaatje voor tegeldrager en balkdragers"},{"@type":"BreadcrumbList","@id":"https:\/\/www.bera-bv.com\/nl\/product\/stelzlager-hilo-fix-unterlegscheibe-1-mm-hart\/#breadcrumb","itemListElement":[{"@type":"ListItem","position":1,"name":"Home","item":"https:\/\/www.bera-bv.com\/nl\/"},{"@type":"ListItem","position":2,"name":"Webshop","item":"https:\/\/www.bera-bv.com\/nl\/webshop\/"},{"@type":"ListItem","position":3,"name":"Stelzlager HiLo Fix Unterlegscheibe 1 mm hart"}]},{"@type":"WebSite","@id":"https:\/\/www.bera-bv.com\/nl\/#website","url":"https:\/\/www.bera-bv.com\/nl\/","name":"BERA BV","description":"Creatief en duurzaam landschapsontwerp","publisher":{"@id":"https:\/\/www.bera-bv.com\/nl\/#organization"},"potentialAction":[{"@type":"SearchAction","target":{"@type":"EntryPoint","urlTemplate":"https:\/\/www.bera-bv.com\/nl\/?s={search_term_string}"},"query-input":{"@type":"PropertyValueSpecification","valueRequired":true,"valueName":"search_term_string"}}],"inLanguage":"nl-NL"},{"@type":"Organization","@id":"https:\/\/www.bera-bv.com\/nl\/#organization","name":"BERA BV","url":"https:\/\/www.bera-bv.com\/nl\/","logo":{"@type":"ImageObject","inLanguage":"nl-NL","@id":"https:\/\/www.bera-bv.com\/nl\/#\/schema\/logo\/image\/","url":"https:\/\/www.bera-bv.com\/wp-content\/uploads\/2025\/12\/BERA-logo_light.svg","contentUrl":"https:\/\/www.bera-bv.com\/wp-content\/uploads\/2025\/12\/BERA-logo_light.svg","width":100,"height":100,"caption":"BERA BV"},"image":{"@id":"https:\/\/www.bera-bv.com\/nl\/#\/schema\/logo\/image\/"}}]}},"_links":{"self":[{"href":"https:\/\/www.bera-bv.com\/nl\/wp-json\/wp\/v2\/product\/9773","targetHints":{"allow":["GET"]}}],"collection":[{"href":"https:\/\/www.bera-bv.com\/nl\/wp-json\/wp\/v2\/product"}],"about":[{"href":"https:\/\/www.bera-bv.com\/nl\/wp-json\/wp\/v2\/types\/product"}],"wp:featuredmedia":[{"embeddable":true,"href":"https:\/\/www.bera-bv.com\/nl\/wp-json\/wp\/v2\/media\/7066"}],"wp:attachment":[{"href":"https:\/\/www.bera-bv.com\/nl\/wp-json\/wp\/v2\/media?parent=9773"}],"wp:term":[{"taxonomy":"product_brand","embeddable":true,"href":"https:\/\/www.bera-bv.com\/nl\/wp-json\/wp\/v2\/product_brand?post=9773"},{"taxonomy":"product_cat","embeddable":true,"href":"https:\/\/www.bera-bv.com\/nl\/wp-json\/wp\/v2\/product_cat?post=9773"},{"taxonomy":"product_tag","embeddable":true,"href":"https:\/\/www.bera-bv.com\/nl\/wp-json\/wp\/v2\/product_tag?post=9773"}],"curies":[{"name":"wp","href":"https:\/\/api.w.org\/{rel}","templated":true}]}}