{"id":13159,"date":"2026-02-25T15:06:39","date_gmt":"2026-02-25T14:06:39","guid":{"rendered":"http:\/\/bera-bv.com\/product\/plot-de-terrasse-hilo-fix-pour-dalles-ceramiques\/"},"modified":"2026-02-25T15:06:40","modified_gmt":"2026-02-25T14:06:40","slug":"plot-de-terrasse-hilo-fix-pour-dalles-ceramiques","status":"publish","type":"product","link":"https:\/\/www.bera-bv.com\/fr\/product\/plot-de-terrasse-hilo-fix-pour-dalles-ceramiques\/","title":{"rendered":"Plot de terrasse HiLo Fix pour dalles (c\u00e9ramiques)"},"content":{"rendered":"<p><strong>Application<\/strong><\/p>\n<ul>\n<li>Plots r\u00e9glables en hauteur pour balcons et terrasses avec dalles (c\u00e9ramiques)<\/li>\n<\/ul>\n<p><strong>D\u00e9tails du produit<\/strong><\/p>\n<ul>\n<li>Couleur : noir<\/li>\n<li>Dimensions : divers articles pour des hauteurs entre 11 \u2013 470 mm<\/li>\n<li>Mat\u00e9riau : polypropyl\u00e8ne<\/li>\n<li>R\u00e9sistance aux UV et au gel : incluse<\/li>\n<\/ul>\n","protected":false},"excerpt":{"rendered":"<p><strong>Description<\/strong><br \/>\nLes plots BERA\u00ae HiLo Fix sont con\u00e7us par et pour des professionnels pour la cr\u00e9ation de jardins et de terrasses. Ils sont fabriqu\u00e9s en polypropyl\u00e8ne 100 % recycl\u00e9 et renforc\u00e9, ce qui rend inutile l\u2019utilisation de sable, de briques ou d\u2019autres m\u00e9thodes pour la pose de dalles (c\u00e9ramiques) sur balcon ou terrasse. <\/p>\n<p>L\u2019\u00e9vacuation optimale des eaux de pluie et l\u2019installation de syst\u00e8mes \u00e9lectriques via l\u2019espace vide sous la terrasse sur\u00e9lev\u00e9e assurent une plus longue dur\u00e9e de vie aux dalles, tout en contribuant \u00e0 l\u2019aspect qualitatif de la terrasse. Les dalles c\u00e9ramiques endommag\u00e9es ou sales peuvent \u00eatre remplac\u00e9es facilement et sans aucun probl\u00e8me. <\/p>\n<p>La grande surface de la base, soit plus de 300 cm2, r\u00e9pond aux normes internationales relatives \u00e0 la charge maximale du rev\u00eatement de toiture et<br \/>\nprot\u00e8ge ainsi celui-ci contre le poin\u00e7onnement. Les plots sont tr\u00e8s stables, tant verticalement qu\u2019horizontalement, et sont disponibles de 11 \u00e0 470 mm de hauteur. Une bague de r\u00e9glage rapide permet d\u2019obtenir une hauteur pr\u00e9cise et de r\u00e9duire les co\u00fbts d\u2019installation au minimum.  <\/p>\n<p>Le BERA\u00ae HiLo Fix peut \u00eatre livr\u00e9 avec de nombreux accessoires, dont un correcteur de pente \u00e0 placer sous la base pour compenser des d\u00e9nivel\u00e9s allant jusqu\u2019\u00e0 7 % et des cales en caoutchouc (souples) pour la partie sup\u00e9rieure, id\u00e9ales pour r\u00e9duire les bruits d\u2019impact.<\/p>\n<p>Vous recherchez des plots pour le bois ? Consultez alors le <a href=\"https:\/\/www.bera-bv.nl\/webshop\/product\/balkdrager-hilo-fix-hout\/\">support de lambourde BERA HiLo Fix<\/a>. <\/p>\n<p>Visitez <a href=\"https:\/\/www.bera-bv.nl\/terras-en-decking-systemen\/bera-pedestal-hilo-fix\/\">notre site web<\/a> pour plus d\u2019informations<\/p>\n","protected":false},"featured_media":13160,"template":"","meta":{"site-sidebar-layout":"default","site-content-layout":"","ast-site-content-layout":"default","site-content-style":"default","site-sidebar-style":"default","ast-global-header-display":"","ast-banner-title-visibility":"","ast-main-header-display":"","ast-hfb-above-header-display":"","ast-hfb-below-header-display":"","ast-hfb-mobile-header-display":"","site-post-title":"","ast-breadcrumbs-content":"","ast-featured-img":"","footer-sml-layout":"","ast-disable-related-posts":"","theme-transparent-header-meta":"default","adv-header-id-meta":"","stick-header-meta":"default","header-above-stick-meta":"","header-main-stick-meta":"","header-below-stick-meta":"","astra-migrate-meta-layouts":"default","ast-page-background-enabled":"default","ast-page-background-meta":{"desktop":{"background-color":"var(--ast-global-color-4)","background-image":"","background-repeat":"repeat","background-position":"center center","background-size":"auto","background-attachment":"scroll","background-type":"","background-media":"","overlay-type":"","overlay-color":"","overlay-opacity":"","overlay-gradient":""},"tablet":{"background-color":"","background-image":"","background-repeat":"repeat","background-position":"center center","background-size":"auto","background-attachment":"scroll","background-type":"","background-media":"","overlay-type":"","overlay-color":"","overlay-opacity":"","overlay-gradient":""},"mobile":{"background-color":"","background-image":"","background-repeat":"repeat","background-position":"center center","background-size":"auto","background-attachment":"scroll","background-type":"","background-media":"","overlay-type":"","overlay-color":"","overlay-opacity":"","overlay-gradient":""}},"ast-content-background-meta":{"desktop":{"background-color":"var(--ast-global-color-5)","background-image":"","background-repeat":"repeat","background-position":"center center","background-size":"auto","background-attachment":"scroll","background-type":"","background-media":"","overlay-type":"","overlay-color":"","overlay-opacity":"","overlay-gradient":""},"tablet":{"background-color":"var(--ast-global-color-5)","background-image":"","background-repeat":"repeat","background-position":"center center","background-size":"auto","background-attachment":"scroll","background-type":"","background-media":"","overlay-type":"","overlay-color":"","overlay-opacity":"","overlay-gradient":""},"mobile":{"background-color":"var(--ast-global-color-5)","background-image":"","background-repeat":"repeat","background-position":"center center","background-size":"auto","background-attachment":"scroll","background-type":"","background-media":"","overlay-type":"","overlay-color":"","overlay-opacity":"","overlay-gradient":""}}},"product_brand":[],"product_cat":[284],"product_tag":[],"class_list":{"0":"post-13159","1":"product","2":"type-product","3":"status-publish","4":"has-post-thumbnail","6":"product_cat-terrasse-revetement","7":"product_shipping_class-parcel","8":"pa_hoogte-11-15-mm","9":"pa_hoogte-120-170-mm","10":"pa_hoogte-15-19-mm","11":"pa_hoogte-170-270-mm","12":"pa_hoogte-19-27-mm","13":"pa_hoogte-27-40-mm","14":"pa_hoogte-270-370-mm","15":"pa_hoogte-370-470-mm","16":"pa_hoogte-40-70-mm","17":"pa_hoogte-70-120-mm","18":"desktop-align-left","19":"tablet-align-left","20":"mobile-align-left","21":"ast-product-gallery-layout-horizontal","22":"ast-product-single-variable","23":"ast-product-tabs-layout-horizontal","25":"first","26":"instock","27":"purchasable","28":"product-type-variable"},"yoast_head":"<!-- This site is optimized with the Yoast SEO plugin v27.4 - https:\/\/yoast.com\/product\/yoast-seo-wordpress\/ -->\n<title>Plot de terrasse HiLo Fix pour dalles (c\u00e9ramiques) - BERA BV<\/title>\n<meta name=\"robots\" content=\"index, follow, max-snippet:-1, max-image-preview:large, max-video-preview:-1\" \/>\n<link rel=\"canonical\" href=\"https:\/\/www.bera-bv.com\/fr\/product\/plot-de-terrasse-hilo-fix-pour-dalles-ceramiques\/\" \/>\n<meta property=\"og:locale\" content=\"fr_FR\" \/>\n<meta property=\"og:type\" content=\"article\" \/>\n<meta property=\"og:title\" content=\"Plot de terrasse HiLo Fix pour dalles (c\u00e9ramiques) - BERA BV\" \/>\n<meta property=\"og:description\" content=\"Description Les plots BERA\u00ae HiLo Fix sont con\u00e7us par et pour des professionnels pour la cr\u00e9ation de jardins et de terrasses. Ils sont fabriqu\u00e9s en polypropyl\u00e8ne 100 % recycl\u00e9 et renforc\u00e9, ce qui rend inutile l\u2019utilisation de sable, de briques ou d\u2019autres m\u00e9thodes pour la pose de dalles (c\u00e9ramiques) sur balcon ou terrasse.  L\u2019\u00e9vacuation optimale des eaux de pluie et l\u2019installation de syst\u00e8mes \u00e9lectriques via l\u2019espace vide sous la terrasse sur\u00e9lev\u00e9e assurent une plus longue dur\u00e9e de vie aux dalles, tout en contribuant \u00e0 l\u2019aspect qualitatif de la terrasse. Les dalles c\u00e9ramiques endommag\u00e9es ou sales peuvent \u00eatre remplac\u00e9es facilement et sans aucun probl\u00e8me.  La grande surface de la base, soit plus de 300 cm2, r\u00e9pond aux normes internationales relatives \u00e0 la charge maximale du rev\u00eatement de toiture et prot\u00e8ge ainsi celui-ci contre le poin\u00e7onnement. Les plots sont tr\u00e8s stables, tant verticalement qu\u2019horizontalement, et sont disponibles de 11 \u00e0 470 mm de hauteur. Une bague de r\u00e9glage rapide permet d\u2019obtenir une hauteur pr\u00e9cise et de r\u00e9duire les co\u00fbts d\u2019installation au minimum.  Le BERA\u00ae HiLo Fix peut \u00eatre livr\u00e9 avec de nombreux accessoires, dont un correcteur de pente \u00e0 placer sous la base pour compenser des d\u00e9nivel\u00e9s allant jusqu\u2019\u00e0 7 % et des cales en caoutchouc (souples) pour la partie sup\u00e9rieure, id\u00e9ales pour r\u00e9duire les bruits d\u2019impact. Vous recherchez des plots pour le bois ? Consultez alors le support de lambourde BERA HiLo Fix.  Visitez notre site web pour plus d\u2019informations\" \/>\n<meta property=\"og:url\" content=\"https:\/\/www.bera-bv.com\/fr\/product\/plot-de-terrasse-hilo-fix-pour-dalles-ceramiques\/\" \/>\n<meta property=\"og:site_name\" content=\"BERA BV\" \/>\n<meta property=\"article:modified_time\" content=\"2026-02-25T14:06:40+00:00\" \/>\n<meta property=\"og:image\" content=\"https:\/\/www.bera-bv.com\/wp-content\/uploads\/2025\/12\/HiLoFix_Keramik.jpg\" \/>\n\t<meta property=\"og:image:width\" content=\"801\" \/>\n\t<meta property=\"og:image:height\" content=\"657\" \/>\n\t<meta property=\"og:image:type\" content=\"image\/jpeg\" \/>\n<meta name=\"twitter:card\" content=\"summary_large_image\" \/>\n<script type=\"application\/ld+json\" class=\"yoast-schema-graph\">{\"@context\":\"https:\\\/\\\/schema.org\",\"@graph\":[{\"@type\":\"WebPage\",\"@id\":\"https:\\\/\\\/www.bera-bv.com\\\/fr\\\/product\\\/plot-de-terrasse-hilo-fix-pour-dalles-ceramiques\\\/\",\"url\":\"https:\\\/\\\/www.bera-bv.com\\\/fr\\\/product\\\/plot-de-terrasse-hilo-fix-pour-dalles-ceramiques\\\/\",\"name\":\"Plot de terrasse HiLo Fix pour dalles (c\u00e9ramiques) - BERA BV\",\"isPartOf\":{\"@id\":\"https:\\\/\\\/www.bera-bv.com\\\/fr\\\/#website\"},\"primaryImageOfPage\":{\"@id\":\"https:\\\/\\\/www.bera-bv.com\\\/fr\\\/product\\\/plot-de-terrasse-hilo-fix-pour-dalles-ceramiques\\\/#primaryimage\"},\"image\":{\"@id\":\"https:\\\/\\\/www.bera-bv.com\\\/fr\\\/product\\\/plot-de-terrasse-hilo-fix-pour-dalles-ceramiques\\\/#primaryimage\"},\"thumbnailUrl\":\"https:\\\/\\\/www.bera-bv.com\\\/wp-content\\\/uploads\\\/2025\\\/12\\\/HiLoFix_Keramik.jpg\",\"datePublished\":\"2026-02-25T14:06:39+00:00\",\"dateModified\":\"2026-02-25T14:06:40+00:00\",\"breadcrumb\":{\"@id\":\"https:\\\/\\\/www.bera-bv.com\\\/fr\\\/product\\\/plot-de-terrasse-hilo-fix-pour-dalles-ceramiques\\\/#breadcrumb\"},\"inLanguage\":\"fr-FR\",\"potentialAction\":[{\"@type\":\"ReadAction\",\"target\":[\"https:\\\/\\\/www.bera-bv.com\\\/fr\\\/product\\\/plot-de-terrasse-hilo-fix-pour-dalles-ceramiques\\\/\"]}]},{\"@type\":\"ImageObject\",\"inLanguage\":\"fr-FR\",\"@id\":\"https:\\\/\\\/www.bera-bv.com\\\/fr\\\/product\\\/plot-de-terrasse-hilo-fix-pour-dalles-ceramiques\\\/#primaryimage\",\"url\":\"https:\\\/\\\/www.bera-bv.com\\\/wp-content\\\/uploads\\\/2025\\\/12\\\/HiLoFix_Keramik.jpg\",\"contentUrl\":\"https:\\\/\\\/www.bera-bv.com\\\/wp-content\\\/uploads\\\/2025\\\/12\\\/HiLoFix_Keramik.jpg\",\"width\":801,\"height\":657,\"caption\":\"Keramische tegels op tegeldrager met voegkruis\"},{\"@type\":\"BreadcrumbList\",\"@id\":\"https:\\\/\\\/www.bera-bv.com\\\/fr\\\/product\\\/plot-de-terrasse-hilo-fix-pour-dalles-ceramiques\\\/#breadcrumb\",\"itemListElement\":[{\"@type\":\"ListItem\",\"position\":1,\"name\":\"Home\",\"item\":\"https:\\\/\\\/www.bera-bv.com\\\/fr\\\/accueil\\\/\"},{\"@type\":\"ListItem\",\"position\":2,\"name\":\"Boutique\",\"item\":\"https:\\\/\\\/www.bera-bv.com\\\/fr\\\/boutique\\\/\"},{\"@type\":\"ListItem\",\"position\":3,\"name\":\"Plot de terrasse HiLo Fix pour dalles (c\u00e9ramiques)\"}]},{\"@type\":\"WebSite\",\"@id\":\"https:\\\/\\\/www.bera-bv.com\\\/fr\\\/#website\",\"url\":\"https:\\\/\\\/www.bera-bv.com\\\/fr\\\/\",\"name\":\"BERA BV\",\"description\":\"Creatief en duurzaam landschapsontwerp\",\"publisher\":{\"@id\":\"https:\\\/\\\/www.bera-bv.com\\\/fr\\\/#organization\"},\"potentialAction\":[{\"@type\":\"SearchAction\",\"target\":{\"@type\":\"EntryPoint\",\"urlTemplate\":\"https:\\\/\\\/www.bera-bv.com\\\/fr\\\/?s={search_term_string}\"},\"query-input\":{\"@type\":\"PropertyValueSpecification\",\"valueRequired\":true,\"valueName\":\"search_term_string\"}}],\"inLanguage\":\"fr-FR\"},{\"@type\":\"Organization\",\"@id\":\"https:\\\/\\\/www.bera-bv.com\\\/fr\\\/#organization\",\"name\":\"BERA BV\",\"url\":\"https:\\\/\\\/www.bera-bv.com\\\/fr\\\/\",\"logo\":{\"@type\":\"ImageObject\",\"inLanguage\":\"fr-FR\",\"@id\":\"https:\\\/\\\/www.bera-bv.com\\\/fr\\\/#\\\/schema\\\/logo\\\/image\\\/\",\"url\":\"https:\\\/\\\/www.bera-bv.com\\\/wp-content\\\/uploads\\\/2025\\\/12\\\/BERA-logo_light.svg\",\"contentUrl\":\"https:\\\/\\\/www.bera-bv.com\\\/wp-content\\\/uploads\\\/2025\\\/12\\\/BERA-logo_light.svg\",\"caption\":\"BERA BV\"},\"image\":{\"@id\":\"https:\\\/\\\/www.bera-bv.com\\\/fr\\\/#\\\/schema\\\/logo\\\/image\\\/\"}}]}<\/script>\n<!-- \/ Yoast SEO plugin. -->","yoast_head_json":{"title":"Plot de terrasse HiLo Fix pour dalles (c\u00e9ramiques) - BERA BV","robots":{"index":"index","follow":"follow","max-snippet":"max-snippet:-1","max-image-preview":"max-image-preview:large","max-video-preview":"max-video-preview:-1"},"canonical":"https:\/\/www.bera-bv.com\/fr\/product\/plot-de-terrasse-hilo-fix-pour-dalles-ceramiques\/","og_locale":"fr_FR","og_type":"article","og_title":"Plot de terrasse HiLo Fix pour dalles (c\u00e9ramiques) - BERA BV","og_description":"Description Les plots BERA\u00ae HiLo Fix sont con\u00e7us par et pour des professionnels pour la cr\u00e9ation de jardins et de terrasses. Ils sont fabriqu\u00e9s en polypropyl\u00e8ne 100 % recycl\u00e9 et renforc\u00e9, ce qui rend inutile l\u2019utilisation de sable, de briques ou d\u2019autres m\u00e9thodes pour la pose de dalles (c\u00e9ramiques) sur balcon ou terrasse.  L\u2019\u00e9vacuation optimale des eaux de pluie et l\u2019installation de syst\u00e8mes \u00e9lectriques via l\u2019espace vide sous la terrasse sur\u00e9lev\u00e9e assurent une plus longue dur\u00e9e de vie aux dalles, tout en contribuant \u00e0 l\u2019aspect qualitatif de la terrasse. Les dalles c\u00e9ramiques endommag\u00e9es ou sales peuvent \u00eatre remplac\u00e9es facilement et sans aucun probl\u00e8me.  La grande surface de la base, soit plus de 300 cm2, r\u00e9pond aux normes internationales relatives \u00e0 la charge maximale du rev\u00eatement de toiture et prot\u00e8ge ainsi celui-ci contre le poin\u00e7onnement. Les plots sont tr\u00e8s stables, tant verticalement qu\u2019horizontalement, et sont disponibles de 11 \u00e0 470 mm de hauteur. Une bague de r\u00e9glage rapide permet d\u2019obtenir une hauteur pr\u00e9cise et de r\u00e9duire les co\u00fbts d\u2019installation au minimum.  Le BERA\u00ae HiLo Fix peut \u00eatre livr\u00e9 avec de nombreux accessoires, dont un correcteur de pente \u00e0 placer sous la base pour compenser des d\u00e9nivel\u00e9s allant jusqu\u2019\u00e0 7 % et des cales en caoutchouc (souples) pour la partie sup\u00e9rieure, id\u00e9ales pour r\u00e9duire les bruits d\u2019impact. Vous recherchez des plots pour le bois ? Consultez alors le support de lambourde BERA HiLo Fix.  Visitez notre site web pour plus d\u2019informations","og_url":"https:\/\/www.bera-bv.com\/fr\/product\/plot-de-terrasse-hilo-fix-pour-dalles-ceramiques\/","og_site_name":"BERA BV","article_modified_time":"2026-02-25T14:06:40+00:00","og_image":[{"width":801,"height":657,"url":"https:\/\/www.bera-bv.com\/wp-content\/uploads\/2025\/12\/HiLoFix_Keramik.jpg","type":"image\/jpeg"}],"twitter_card":"summary_large_image","schema":{"@context":"https:\/\/schema.org","@graph":[{"@type":"WebPage","@id":"https:\/\/www.bera-bv.com\/fr\/product\/plot-de-terrasse-hilo-fix-pour-dalles-ceramiques\/","url":"https:\/\/www.bera-bv.com\/fr\/product\/plot-de-terrasse-hilo-fix-pour-dalles-ceramiques\/","name":"Plot de terrasse HiLo Fix pour dalles (c\u00e9ramiques) - BERA BV","isPartOf":{"@id":"https:\/\/www.bera-bv.com\/fr\/#website"},"primaryImageOfPage":{"@id":"https:\/\/www.bera-bv.com\/fr\/product\/plot-de-terrasse-hilo-fix-pour-dalles-ceramiques\/#primaryimage"},"image":{"@id":"https:\/\/www.bera-bv.com\/fr\/product\/plot-de-terrasse-hilo-fix-pour-dalles-ceramiques\/#primaryimage"},"thumbnailUrl":"https:\/\/www.bera-bv.com\/wp-content\/uploads\/2025\/12\/HiLoFix_Keramik.jpg","datePublished":"2026-02-25T14:06:39+00:00","dateModified":"2026-02-25T14:06:40+00:00","breadcrumb":{"@id":"https:\/\/www.bera-bv.com\/fr\/product\/plot-de-terrasse-hilo-fix-pour-dalles-ceramiques\/#breadcrumb"},"inLanguage":"fr-FR","potentialAction":[{"@type":"ReadAction","target":["https:\/\/www.bera-bv.com\/fr\/product\/plot-de-terrasse-hilo-fix-pour-dalles-ceramiques\/"]}]},{"@type":"ImageObject","inLanguage":"fr-FR","@id":"https:\/\/www.bera-bv.com\/fr\/product\/plot-de-terrasse-hilo-fix-pour-dalles-ceramiques\/#primaryimage","url":"https:\/\/www.bera-bv.com\/wp-content\/uploads\/2025\/12\/HiLoFix_Keramik.jpg","contentUrl":"https:\/\/www.bera-bv.com\/wp-content\/uploads\/2025\/12\/HiLoFix_Keramik.jpg","width":801,"height":657,"caption":"Keramische tegels op tegeldrager met voegkruis"},{"@type":"BreadcrumbList","@id":"https:\/\/www.bera-bv.com\/fr\/product\/plot-de-terrasse-hilo-fix-pour-dalles-ceramiques\/#breadcrumb","itemListElement":[{"@type":"ListItem","position":1,"name":"Home","item":"https:\/\/www.bera-bv.com\/fr\/accueil\/"},{"@type":"ListItem","position":2,"name":"Boutique","item":"https:\/\/www.bera-bv.com\/fr\/boutique\/"},{"@type":"ListItem","position":3,"name":"Plot de terrasse HiLo Fix pour dalles (c\u00e9ramiques)"}]},{"@type":"WebSite","@id":"https:\/\/www.bera-bv.com\/fr\/#website","url":"https:\/\/www.bera-bv.com\/fr\/","name":"BERA BV","description":"Creatief en duurzaam landschapsontwerp","publisher":{"@id":"https:\/\/www.bera-bv.com\/fr\/#organization"},"potentialAction":[{"@type":"SearchAction","target":{"@type":"EntryPoint","urlTemplate":"https:\/\/www.bera-bv.com\/fr\/?s={search_term_string}"},"query-input":{"@type":"PropertyValueSpecification","valueRequired":true,"valueName":"search_term_string"}}],"inLanguage":"fr-FR"},{"@type":"Organization","@id":"https:\/\/www.bera-bv.com\/fr\/#organization","name":"BERA BV","url":"https:\/\/www.bera-bv.com\/fr\/","logo":{"@type":"ImageObject","inLanguage":"fr-FR","@id":"https:\/\/www.bera-bv.com\/fr\/#\/schema\/logo\/image\/","url":"https:\/\/www.bera-bv.com\/wp-content\/uploads\/2025\/12\/BERA-logo_light.svg","contentUrl":"https:\/\/www.bera-bv.com\/wp-content\/uploads\/2025\/12\/BERA-logo_light.svg","caption":"BERA BV"},"image":{"@id":"https:\/\/www.bera-bv.com\/fr\/#\/schema\/logo\/image\/"}}]}},"_links":{"self":[{"href":"https:\/\/www.bera-bv.com\/fr\/wp-json\/wp\/v2\/product\/13159","targetHints":{"allow":["GET"]}}],"collection":[{"href":"https:\/\/www.bera-bv.com\/fr\/wp-json\/wp\/v2\/product"}],"about":[{"href":"https:\/\/www.bera-bv.com\/fr\/wp-json\/wp\/v2\/types\/product"}],"wp:featuredmedia":[{"embeddable":true,"href":"https:\/\/www.bera-bv.com\/fr\/wp-json\/wp\/v2\/media\/13160"}],"wp:attachment":[{"href":"https:\/\/www.bera-bv.com\/fr\/wp-json\/wp\/v2\/media?parent=13159"}],"wp:term":[{"taxonomy":"product_brand","embeddable":true,"href":"https:\/\/www.bera-bv.com\/fr\/wp-json\/wp\/v2\/product_brand?post=13159"},{"taxonomy":"product_cat","embeddable":true,"href":"https:\/\/www.bera-bv.com\/fr\/wp-json\/wp\/v2\/product_cat?post=13159"},{"taxonomy":"product_tag","embeddable":true,"href":"https:\/\/www.bera-bv.com\/fr\/wp-json\/wp\/v2\/product_tag?post=13159"}],"curies":[{"name":"wp","href":"https:\/\/api.w.org\/{rel}","templated":true}]}}