{"id":13151,"date":"2025-12-22T12:35:40","date_gmt":"2025-12-22T11:35:40","guid":{"rendered":"http:\/\/bera-bv.com\/product\/dalle-a-gazon-grass-fix-eco-55x38-cm\/"},"modified":"2026-03-12T12:18:46","modified_gmt":"2026-03-12T11:18:46","slug":"dalle-a-gazon-grass-fix-eco-55x38-cm","status":"publish","type":"product","link":"https:\/\/www.bera-bv.com\/fr\/product\/dalle-a-gazon-grass-fix-eco-55x38-cm\/","title":{"rendered":"Dalle \u00e0 gazon Grass Fix Eco+ (55&#215;38 cm)"},"content":{"rendered":"<p><strong>Application<\/strong><\/p>\n<ul>\n<li>Parkings<\/li>\n<li>Voies d\u2019acc\u00e8s de service et d\u2019urgence autour des b\u00e2timents<\/li>\n<\/ul>\n<p><strong>D\u00e9tails du produit<\/strong><\/p>\n<ul>\n<li>Couleur : gris ou vert<\/li>\n<li>Dimensions : 55x38x3,1 cm (ancrage au sol inclus H=5,1 cm)<\/li>\n<li>Surface : 0,21 m2 par dalle<\/li>\n<li>Nombre de dalles par m2 : 4,76<\/li>\n<li>Poids : env. 0,9 kg par dalle<\/li>\n<li>Fixation par embo\u00eetement \u00ab interlock \u00bb<\/li>\n<li>Charge maximale conforme \u00e0 la norme DIN14090<\/li>\n<li>Mat\u00e9riau : PEHD \u2013 100 % recyclable<\/li>\n<li>R\u00e9sistant aux UV et au gel<\/li>\n<\/ul>\n<p>Pour l\u2019installation, veuillez consulter nos instructions d\u00e9taill\u00e9es.<\/p>\n","protected":false},"excerpt":{"rendered":"<p><strong>Description de l\u2019article<\/strong><\/p>\n<p>Grass Fix Eco+ est utilis\u00e9 pour les parkings engazonn\u00e9s des VL+PL, parcs de vacances ou b\u00e2timents publics. Contrairement \u00e0 la version en b\u00e9ton, la croissance de l\u2019herbe n\u2019est plus probl\u00e9matique. Le b\u00e9ton chauffe et dess\u00e8che l\u2019herbe, pas Grass Fix !<\/p>\n<p>La r\u00e9sistance de Grass Fix Eco a \u00e9t\u00e9 test\u00e9e pour une utilisation autour des b\u00e2timents, permettant aux camions de pompiers et autres services d\u2019urgence de circuler en toute s\u00e9curit\u00e9 sur les zones vertes.<\/p>\n<p>Vous trouverez plus d\u2019informations <a href=\"https:\/\/www.bera-bv.nl\/grasplaten\/bera-grass-fix-eco\/\" target=\"_blank\" rel=\"noopener noreferrer\">ici<\/a>.<\/p>\n","protected":false},"featured_media":13152,"template":"","meta":{"site-sidebar-layout":"default","site-content-layout":"","ast-site-content-layout":"default","site-content-style":"default","site-sidebar-style":"default","ast-global-header-display":"","ast-banner-title-visibility":"","ast-main-header-display":"","ast-hfb-above-header-display":"","ast-hfb-below-header-display":"","ast-hfb-mobile-header-display":"","site-post-title":"","ast-breadcrumbs-content":"","ast-featured-img":"","footer-sml-layout":"","ast-disable-related-posts":"","theme-transparent-header-meta":"default","adv-header-id-meta":"","stick-header-meta":"default","header-above-stick-meta":"","header-main-stick-meta":"","header-below-stick-meta":"","astra-migrate-meta-layouts":"set","ast-page-background-enabled":"default","ast-page-background-meta":{"desktop":{"background-color":"var(--ast-global-color-4)","background-image":"","background-repeat":"repeat","background-position":"center center","background-size":"auto","background-attachment":"scroll","background-type":"","background-media":"","overlay-type":"","overlay-color":"","overlay-opacity":"","overlay-gradient":""},"tablet":{"background-color":"","background-image":"","background-repeat":"repeat","background-position":"center center","background-size":"auto","background-attachment":"scroll","background-type":"","background-media":"","overlay-type":"","overlay-color":"","overlay-opacity":"","overlay-gradient":""},"mobile":{"background-color":"","background-image":"","background-repeat":"repeat","background-position":"center center","background-size":"auto","background-attachment":"scroll","background-type":"","background-media":"","overlay-type":"","overlay-color":"","overlay-opacity":"","overlay-gradient":""}},"ast-content-background-meta":{"desktop":{"background-color":"var(--ast-global-color-5)","background-image":"","background-repeat":"repeat","background-position":"center center","background-size":"auto","background-attachment":"scroll","background-type":"","background-media":"","overlay-type":"","overlay-color":"","overlay-opacity":"","overlay-gradient":""},"tablet":{"background-color":"var(--ast-global-color-5)","background-image":"","background-repeat":"repeat","background-position":"center center","background-size":"auto","background-attachment":"scroll","background-type":"","background-media":"","overlay-type":"","overlay-color":"","overlay-opacity":"","overlay-gradient":""},"mobile":{"background-color":"var(--ast-global-color-5)","background-image":"","background-repeat":"repeat","background-position":"center center","background-size":"auto","background-attachment":"scroll","background-type":"","background-media":"","overlay-type":"","overlay-color":"","overlay-opacity":"","overlay-gradient":""}}},"product_brand":[],"product_cat":[408],"product_tag":[],"class_list":{"0":"post-13151","1":"product","2":"type-product","3":"status-publish","4":"has-post-thumbnail","6":"product_cat-stabilisation-du-gazon","7":"product_shipping_class-parcel","8":"pa_kleur-gris","9":"pa_kleur-vert","10":"desktop-align-left","11":"tablet-align-left","12":"mobile-align-left","13":"ast-product-gallery-layout-horizontal","14":"ast-product-single-variable","15":"ast-product-tabs-layout-horizontal","17":"first","18":"instock","19":"purchasable","20":"product-type-variable"},"yoast_head":"<!-- This site is optimized with the Yoast SEO plugin v27.4 - https:\/\/yoast.com\/product\/yoast-seo-wordpress\/ -->\n<title>Dalle \u00e0 gazon Grass Fix Eco+ (55x38 cm) - BERA BV<\/title>\n<meta name=\"robots\" content=\"index, follow, max-snippet:-1, max-image-preview:large, max-video-preview:-1\" \/>\n<link rel=\"canonical\" href=\"https:\/\/www.bera-bv.com\/fr\/product\/dalle-a-gazon-grass-fix-eco-55x38-cm\/\" \/>\n<meta property=\"og:locale\" content=\"fr_FR\" \/>\n<meta property=\"og:type\" content=\"article\" \/>\n<meta property=\"og:title\" content=\"Dalle \u00e0 gazon Grass Fix Eco+ (55x38 cm) - BERA BV\" \/>\n<meta property=\"og:description\" content=\"Description de l\u2019article  Grass Fix Eco+ est utilis\u00e9 pour les parkings engazonn\u00e9s des VL+PL, parcs de vacances ou b\u00e2timents publics. Contrairement \u00e0 la version en b\u00e9ton, la croissance de l\u2019herbe n\u2019est plus probl\u00e9matique. Le b\u00e9ton chauffe et dess\u00e8che l\u2019herbe, pas Grass Fix !  La r\u00e9sistance de Grass Fix Eco a \u00e9t\u00e9 test\u00e9e pour une utilisation autour des b\u00e2timents, permettant aux camions de pompiers et autres services d\u2019urgence de circuler en toute s\u00e9curit\u00e9 sur les zones vertes.  Vous trouverez plus d\u2019informations ici.\" \/>\n<meta property=\"og:url\" content=\"https:\/\/www.bera-bv.com\/fr\/product\/dalle-a-gazon-grass-fix-eco-55x38-cm\/\" \/>\n<meta property=\"og:site_name\" content=\"BERA BV\" \/>\n<meta property=\"article:modified_time\" content=\"2026-03-12T11:18:46+00:00\" \/>\n<meta property=\"og:image\" content=\"https:\/\/www.bera-bv.com\/wp-content\/uploads\/2025\/12\/GFE-green-scaled.jpg\" \/>\n\t<meta property=\"og:image:width\" content=\"2560\" \/>\n\t<meta property=\"og:image:height\" content=\"1707\" \/>\n\t<meta property=\"og:image:type\" content=\"image\/jpeg\" \/>\n<meta name=\"twitter:card\" content=\"summary_large_image\" \/>\n<meta name=\"twitter:label1\" content=\"Dur\u00e9e de lecture estim\u00e9e\" \/>\n\t<meta name=\"twitter:data1\" content=\"1 minute\" \/>\n<script type=\"application\/ld+json\" class=\"yoast-schema-graph\">{\"@context\":\"https:\\\/\\\/schema.org\",\"@graph\":[{\"@type\":\"WebPage\",\"@id\":\"https:\\\/\\\/www.bera-bv.com\\\/fr\\\/product\\\/dalle-a-gazon-grass-fix-eco-55x38-cm\\\/\",\"url\":\"https:\\\/\\\/www.bera-bv.com\\\/fr\\\/product\\\/dalle-a-gazon-grass-fix-eco-55x38-cm\\\/\",\"name\":\"Dalle \u00e0 gazon Grass Fix Eco+ (55x38 cm) - BERA BV\",\"isPartOf\":{\"@id\":\"https:\\\/\\\/www.bera-bv.com\\\/fr\\\/#website\"},\"primaryImageOfPage\":{\"@id\":\"https:\\\/\\\/www.bera-bv.com\\\/fr\\\/product\\\/dalle-a-gazon-grass-fix-eco-55x38-cm\\\/#primaryimage\"},\"image\":{\"@id\":\"https:\\\/\\\/www.bera-bv.com\\\/fr\\\/product\\\/dalle-a-gazon-grass-fix-eco-55x38-cm\\\/#primaryimage\"},\"thumbnailUrl\":\"https:\\\/\\\/www.bera-bv.com\\\/wp-content\\\/uploads\\\/2025\\\/12\\\/GFE-green-scaled.jpg\",\"datePublished\":\"2025-12-22T11:35:40+00:00\",\"dateModified\":\"2026-03-12T11:18:46+00:00\",\"breadcrumb\":{\"@id\":\"https:\\\/\\\/www.bera-bv.com\\\/fr\\\/product\\\/dalle-a-gazon-grass-fix-eco-55x38-cm\\\/#breadcrumb\"},\"inLanguage\":\"fr-FR\",\"potentialAction\":[{\"@type\":\"ReadAction\",\"target\":[\"https:\\\/\\\/www.bera-bv.com\\\/fr\\\/product\\\/dalle-a-gazon-grass-fix-eco-55x38-cm\\\/\"]}]},{\"@type\":\"ImageObject\",\"inLanguage\":\"fr-FR\",\"@id\":\"https:\\\/\\\/www.bera-bv.com\\\/fr\\\/product\\\/dalle-a-gazon-grass-fix-eco-55x38-cm\\\/#primaryimage\",\"url\":\"https:\\\/\\\/www.bera-bv.com\\\/wp-content\\\/uploads\\\/2025\\\/12\\\/GFE-green-scaled.jpg\",\"contentUrl\":\"https:\\\/\\\/www.bera-bv.com\\\/wp-content\\\/uploads\\\/2025\\\/12\\\/GFE-green-scaled.jpg\",\"width\":2560,\"height\":1707},{\"@type\":\"BreadcrumbList\",\"@id\":\"https:\\\/\\\/www.bera-bv.com\\\/fr\\\/product\\\/dalle-a-gazon-grass-fix-eco-55x38-cm\\\/#breadcrumb\",\"itemListElement\":[{\"@type\":\"ListItem\",\"position\":1,\"name\":\"Home\",\"item\":\"https:\\\/\\\/www.bera-bv.com\\\/fr\\\/accueil\\\/\"},{\"@type\":\"ListItem\",\"position\":2,\"name\":\"Boutique\",\"item\":\"https:\\\/\\\/www.bera-bv.com\\\/fr\\\/boutique\\\/\"},{\"@type\":\"ListItem\",\"position\":3,\"name\":\"Dalle \u00e0 gazon Grass Fix Eco+ (55&#215;38 cm)\"}]},{\"@type\":\"WebSite\",\"@id\":\"https:\\\/\\\/www.bera-bv.com\\\/fr\\\/#website\",\"url\":\"https:\\\/\\\/www.bera-bv.com\\\/fr\\\/\",\"name\":\"BERA BV\",\"description\":\"Creatief en duurzaam landschapsontwerp\",\"publisher\":{\"@id\":\"https:\\\/\\\/www.bera-bv.com\\\/fr\\\/#organization\"},\"potentialAction\":[{\"@type\":\"SearchAction\",\"target\":{\"@type\":\"EntryPoint\",\"urlTemplate\":\"https:\\\/\\\/www.bera-bv.com\\\/fr\\\/?s={search_term_string}\"},\"query-input\":{\"@type\":\"PropertyValueSpecification\",\"valueRequired\":true,\"valueName\":\"search_term_string\"}}],\"inLanguage\":\"fr-FR\"},{\"@type\":\"Organization\",\"@id\":\"https:\\\/\\\/www.bera-bv.com\\\/fr\\\/#organization\",\"name\":\"BERA BV\",\"url\":\"https:\\\/\\\/www.bera-bv.com\\\/fr\\\/\",\"logo\":{\"@type\":\"ImageObject\",\"inLanguage\":\"fr-FR\",\"@id\":\"https:\\\/\\\/www.bera-bv.com\\\/fr\\\/#\\\/schema\\\/logo\\\/image\\\/\",\"url\":\"https:\\\/\\\/www.bera-bv.com\\\/wp-content\\\/uploads\\\/2025\\\/12\\\/BERA-logo_light.svg\",\"contentUrl\":\"https:\\\/\\\/www.bera-bv.com\\\/wp-content\\\/uploads\\\/2025\\\/12\\\/BERA-logo_light.svg\",\"caption\":\"BERA BV\"},\"image\":{\"@id\":\"https:\\\/\\\/www.bera-bv.com\\\/fr\\\/#\\\/schema\\\/logo\\\/image\\\/\"}}]}<\/script>\n<!-- \/ Yoast SEO plugin. -->","yoast_head_json":{"title":"Dalle \u00e0 gazon Grass Fix Eco+ (55x38 cm) - BERA BV","robots":{"index":"index","follow":"follow","max-snippet":"max-snippet:-1","max-image-preview":"max-image-preview:large","max-video-preview":"max-video-preview:-1"},"canonical":"https:\/\/www.bera-bv.com\/fr\/product\/dalle-a-gazon-grass-fix-eco-55x38-cm\/","og_locale":"fr_FR","og_type":"article","og_title":"Dalle \u00e0 gazon Grass Fix Eco+ (55x38 cm) - BERA BV","og_description":"Description de l\u2019article  Grass Fix Eco+ est utilis\u00e9 pour les parkings engazonn\u00e9s des VL+PL, parcs de vacances ou b\u00e2timents publics. Contrairement \u00e0 la version en b\u00e9ton, la croissance de l\u2019herbe n\u2019est plus probl\u00e9matique. Le b\u00e9ton chauffe et dess\u00e8che l\u2019herbe, pas Grass Fix !  La r\u00e9sistance de Grass Fix Eco a \u00e9t\u00e9 test\u00e9e pour une utilisation autour des b\u00e2timents, permettant aux camions de pompiers et autres services d\u2019urgence de circuler en toute s\u00e9curit\u00e9 sur les zones vertes.  Vous trouverez plus d\u2019informations ici.","og_url":"https:\/\/www.bera-bv.com\/fr\/product\/dalle-a-gazon-grass-fix-eco-55x38-cm\/","og_site_name":"BERA BV","article_modified_time":"2026-03-12T11:18:46+00:00","og_image":[{"width":2560,"height":1707,"url":"https:\/\/www.bera-bv.com\/wp-content\/uploads\/2025\/12\/GFE-green-scaled.jpg","type":"image\/jpeg"}],"twitter_card":"summary_large_image","twitter_misc":{"Dur\u00e9e de lecture estim\u00e9e":"1 minute"},"schema":{"@context":"https:\/\/schema.org","@graph":[{"@type":"WebPage","@id":"https:\/\/www.bera-bv.com\/fr\/product\/dalle-a-gazon-grass-fix-eco-55x38-cm\/","url":"https:\/\/www.bera-bv.com\/fr\/product\/dalle-a-gazon-grass-fix-eco-55x38-cm\/","name":"Dalle \u00e0 gazon Grass Fix Eco+ (55x38 cm) - BERA BV","isPartOf":{"@id":"https:\/\/www.bera-bv.com\/fr\/#website"},"primaryImageOfPage":{"@id":"https:\/\/www.bera-bv.com\/fr\/product\/dalle-a-gazon-grass-fix-eco-55x38-cm\/#primaryimage"},"image":{"@id":"https:\/\/www.bera-bv.com\/fr\/product\/dalle-a-gazon-grass-fix-eco-55x38-cm\/#primaryimage"},"thumbnailUrl":"https:\/\/www.bera-bv.com\/wp-content\/uploads\/2025\/12\/GFE-green-scaled.jpg","datePublished":"2025-12-22T11:35:40+00:00","dateModified":"2026-03-12T11:18:46+00:00","breadcrumb":{"@id":"https:\/\/www.bera-bv.com\/fr\/product\/dalle-a-gazon-grass-fix-eco-55x38-cm\/#breadcrumb"},"inLanguage":"fr-FR","potentialAction":[{"@type":"ReadAction","target":["https:\/\/www.bera-bv.com\/fr\/product\/dalle-a-gazon-grass-fix-eco-55x38-cm\/"]}]},{"@type":"ImageObject","inLanguage":"fr-FR","@id":"https:\/\/www.bera-bv.com\/fr\/product\/dalle-a-gazon-grass-fix-eco-55x38-cm\/#primaryimage","url":"https:\/\/www.bera-bv.com\/wp-content\/uploads\/2025\/12\/GFE-green-scaled.jpg","contentUrl":"https:\/\/www.bera-bv.com\/wp-content\/uploads\/2025\/12\/GFE-green-scaled.jpg","width":2560,"height":1707},{"@type":"BreadcrumbList","@id":"https:\/\/www.bera-bv.com\/fr\/product\/dalle-a-gazon-grass-fix-eco-55x38-cm\/#breadcrumb","itemListElement":[{"@type":"ListItem","position":1,"name":"Home","item":"https:\/\/www.bera-bv.com\/fr\/accueil\/"},{"@type":"ListItem","position":2,"name":"Boutique","item":"https:\/\/www.bera-bv.com\/fr\/boutique\/"},{"@type":"ListItem","position":3,"name":"Dalle \u00e0 gazon Grass Fix Eco+ (55&#215;38 cm)"}]},{"@type":"WebSite","@id":"https:\/\/www.bera-bv.com\/fr\/#website","url":"https:\/\/www.bera-bv.com\/fr\/","name":"BERA BV","description":"Creatief en duurzaam landschapsontwerp","publisher":{"@id":"https:\/\/www.bera-bv.com\/fr\/#organization"},"potentialAction":[{"@type":"SearchAction","target":{"@type":"EntryPoint","urlTemplate":"https:\/\/www.bera-bv.com\/fr\/?s={search_term_string}"},"query-input":{"@type":"PropertyValueSpecification","valueRequired":true,"valueName":"search_term_string"}}],"inLanguage":"fr-FR"},{"@type":"Organization","@id":"https:\/\/www.bera-bv.com\/fr\/#organization","name":"BERA BV","url":"https:\/\/www.bera-bv.com\/fr\/","logo":{"@type":"ImageObject","inLanguage":"fr-FR","@id":"https:\/\/www.bera-bv.com\/fr\/#\/schema\/logo\/image\/","url":"https:\/\/www.bera-bv.com\/wp-content\/uploads\/2025\/12\/BERA-logo_light.svg","contentUrl":"https:\/\/www.bera-bv.com\/wp-content\/uploads\/2025\/12\/BERA-logo_light.svg","caption":"BERA BV"},"image":{"@id":"https:\/\/www.bera-bv.com\/fr\/#\/schema\/logo\/image\/"}}]}},"_links":{"self":[{"href":"https:\/\/www.bera-bv.com\/fr\/wp-json\/wp\/v2\/product\/13151","targetHints":{"allow":["GET"]}}],"collection":[{"href":"https:\/\/www.bera-bv.com\/fr\/wp-json\/wp\/v2\/product"}],"about":[{"href":"https:\/\/www.bera-bv.com\/fr\/wp-json\/wp\/v2\/types\/product"}],"wp:featuredmedia":[{"embeddable":true,"href":"https:\/\/www.bera-bv.com\/fr\/wp-json\/wp\/v2\/media\/13152"}],"wp:attachment":[{"href":"https:\/\/www.bera-bv.com\/fr\/wp-json\/wp\/v2\/media?parent=13151"}],"wp:term":[{"taxonomy":"product_brand","embeddable":true,"href":"https:\/\/www.bera-bv.com\/fr\/wp-json\/wp\/v2\/product_brand?post=13151"},{"taxonomy":"product_cat","embeddable":true,"href":"https:\/\/www.bera-bv.com\/fr\/wp-json\/wp\/v2\/product_cat?post=13151"},{"taxonomy":"product_tag","embeddable":true,"href":"https:\/\/www.bera-bv.com\/fr\/wp-json\/wp\/v2\/product_tag?post=13151"}],"curies":[{"name":"wp","href":"https:\/\/api.w.org\/{rel}","templated":true}]}}