{"id":13125,"date":"2025-12-22T12:35:51","date_gmt":"2025-12-22T11:35:51","guid":{"rendered":"http:\/\/bera-bv.com\/product\/dalle-stabilisatrice-gravel-fix-pro-env-80x120-cm\/"},"modified":"2026-04-20T16:04:38","modified_gmt":"2026-04-20T14:04:38","slug":"dalle-stabilisatrice-gravel-fix-pro-env-80x120-cm","status":"publish","type":"product","link":"https:\/\/www.bera-bv.com\/fr\/product\/dalle-stabilisatrice-gravel-fix-pro-env-80x120-cm\/","title":{"rendered":"Dalle stabilisatrice Gravel Fix Pro (env. 80&#215;120 cm)"},"content":{"rendered":"<p><strong>Application<\/strong><\/p>\n<ul>\n<li>All\u00e9e de jardin<\/li>\n<li>Terrasse<\/li>\n<li>Terrasse<\/li>\n<li>Parking<\/li>\n<li>All\u00e9e et acc\u00e8s<\/li>\n<\/ul>\n<p><strong>D\u00e9tails du produit<\/strong><\/p>\n<ul>\n<li>Couleurs : gris ou blanc<\/li>\n<li>Format : 764 x 1176 x 32 mm (0,9 m\u00b2 par pi\u00e8ce)<\/li>\n<li>Surface 0,9 m\u00b2 par dalle<\/li>\n<li>Incl. g\u00e9otextile Typar 68 g\/m\u00b2 sur la face inf\u00e9rieure <\/li>\n<li>Quantit\u00e9 de gravier\/concass\u00e9 env. 50 litres ou 75 kg par m\u00b2<\/li>\n<li>Taille du gravier ou concass\u00e9 entre 3 et 16 mm<\/li>\n<li>Mat\u00e9riau polypropyl\u00e8ne, 100 % recyclable<\/li>\n<li>R\u00e9sistant aux UV et au gel<\/li>\n<\/ul>\n","protected":false},"excerpt":{"rendered":"<p><strong>Description de l\u2019article<\/strong><br \/>\nGravel Fix Pro est une solution pratique de dalle stabilisatrice (\u00e9galement appel\u00e9e plaque ou tapis de gravier) pour stabiliser le gravier et le concass\u00e9. La surface devient ainsi solide, stable et accessible \u00e0 tous, m\u00eame avec des talons hauts ! <\/p>\n<p>De plus, le rev\u00eatement en gravier devient s\u00fbr et facile \u00e0 parcourir \u00e0 v\u00e9lo, scooter ou moto, mais aussi en fauteuil roulant ou avec une poussette. Il offre \u00e9galement une stabilit\u00e9 pour le coin barbecue, l\u2019\u00e9chelle et vos chaises de jardin, qui ne s\u2019enfoncent plus. <\/p>\n<p>Ce m\u00eame produit peut \u00e9galement \u00eatre utilis\u00e9 pour votre parking ou votre all\u00e9e. Plus de traces de roues, le gravier ne se d\u00e9place pas sur les c\u00f4t\u00e9s et la surface reste esth\u00e9tique et s\u00e8che, m\u00eame en cas de fortes pluies, gr\u00e2ce au g\u00e9otextile brevet\u00e9 fix\u00e9 sur la face inf\u00e9rieure. L\u2019eau de pluie est \u00e9vacu\u00e9e \u00e0 100 % vers la nappe phr\u00e9atique.  <\/p>\n<p>Vous trouverez plus d\u2019informations <a href=\"https:\/\/www.bera-bv.nl\/grindstabilisatie\/bera-gravel-fix-pro\/\" target=\"_blank\" rel=\"noopener noreferrer\">ici<\/a>.<\/p>\n<p>Pour les surfaces plus petites, les sentiers \u00e9troits ou les bordures le long de votre fa\u00e7ade, nous vous conseillons le format pratique <a href=\"https:\/\/www.bera-bv.nl\/webshop\/produkt\/gravel-fix-smart-grindplaat\/\">Gravel Fix Smart<\/a>.<\/p>\n[embed]http:\/\/www.youtube.com\/watch?v=rA3uWjPSwos[\/embed]\n<div class=\"https:\/\/www.youtube.com\/watch?v=rA3uWjPSwos\"><\/div>\n","protected":false},"featured_media":13127,"template":"","meta":{"site-sidebar-layout":"default","site-content-layout":"","ast-site-content-layout":"default","site-content-style":"default","site-sidebar-style":"default","ast-global-header-display":"","ast-banner-title-visibility":"","ast-main-header-display":"","ast-hfb-above-header-display":"","ast-hfb-below-header-display":"","ast-hfb-mobile-header-display":"","site-post-title":"","ast-breadcrumbs-content":"","ast-featured-img":"","footer-sml-layout":"","ast-disable-related-posts":"","theme-transparent-header-meta":"default","adv-header-id-meta":"","stick-header-meta":"default","header-above-stick-meta":"","header-main-stick-meta":"","header-below-stick-meta":"","astra-migrate-meta-layouts":"set","ast-page-background-enabled":"default","ast-page-background-meta":{"desktop":{"background-color":"var(--ast-global-color-4)","background-image":"","background-repeat":"repeat","background-position":"center center","background-size":"auto","background-attachment":"scroll","background-type":"","background-media":"","overlay-type":"","overlay-color":"","overlay-opacity":"","overlay-gradient":""},"tablet":{"background-color":"","background-image":"","background-repeat":"repeat","background-position":"center center","background-size":"auto","background-attachment":"scroll","background-type":"","background-media":"","overlay-type":"","overlay-color":"","overlay-opacity":"","overlay-gradient":""},"mobile":{"background-color":"","background-image":"","background-repeat":"repeat","background-position":"center center","background-size":"auto","background-attachment":"scroll","background-type":"","background-media":"","overlay-type":"","overlay-color":"","overlay-opacity":"","overlay-gradient":""}},"ast-content-background-meta":{"desktop":{"background-color":"var(--ast-global-color-5)","background-image":"","background-repeat":"repeat","background-position":"center center","background-size":"auto","background-attachment":"scroll","background-type":"","background-media":"","overlay-type":"","overlay-color":"","overlay-opacity":"","overlay-gradient":""},"tablet":{"background-color":"var(--ast-global-color-5)","background-image":"","background-repeat":"repeat","background-position":"center center","background-size":"auto","background-attachment":"scroll","background-type":"","background-media":"","overlay-type":"","overlay-color":"","overlay-opacity":"","overlay-gradient":""},"mobile":{"background-color":"var(--ast-global-color-5)","background-image":"","background-repeat":"repeat","background-position":"center center","background-size":"auto","background-attachment":"scroll","background-type":"","background-media":"","overlay-type":"","overlay-color":"","overlay-opacity":"","overlay-gradient":""}}},"product_brand":[],"product_cat":[342],"product_tag":[],"class_list":{"0":"post-13125","1":"product","2":"type-product","3":"status-publish","4":"has-post-thumbnail","6":"product_cat-stabilisation-du-gravier","7":"product_shipping_class-threshold-30","8":"pa_frostproof-oui","9":"pa_kleur-blanc","10":"pa_kleur-gris","11":"pa_materiaal-100-polypropylene-pur-entierement-recyclable","12":"pa_uv-bestendig-oui","13":"desktop-align-left","14":"tablet-align-left","15":"mobile-align-left","16":"ast-product-gallery-layout-horizontal","17":"ast-product-single-variable","18":"ast-product-tabs-layout-horizontal","20":"first","21":"instock","22":"purchasable","23":"product-type-variable"},"yoast_head":"<!-- This site is optimized with the Yoast SEO plugin v27.4 - https:\/\/yoast.com\/product\/yoast-seo-wordpress\/ -->\n<title>Dalle stabilisatrice Gravel Fix Pro (env. 80x120 cm) - BERA BV<\/title>\n<meta name=\"robots\" content=\"index, follow, max-snippet:-1, max-image-preview:large, max-video-preview:-1\" \/>\n<link rel=\"canonical\" href=\"https:\/\/www.bera-bv.com\/fr\/product\/dalle-stabilisatrice-gravel-fix-pro-env-80x120-cm\/\" \/>\n<meta property=\"og:locale\" content=\"fr_FR\" \/>\n<meta property=\"og:type\" content=\"article\" \/>\n<meta property=\"og:title\" content=\"Dalle stabilisatrice Gravel Fix Pro (env. 80x120 cm) - BERA BV\" \/>\n<meta property=\"og:description\" content=\"Description de l\u2019article Gravel Fix Pro est une solution pratique de dalle stabilisatrice (\u00e9galement appel\u00e9e plaque ou tapis de gravier) pour stabiliser le gravier et le concass\u00e9. La surface devient ainsi solide, stable et accessible \u00e0 tous, m\u00eame avec des talons hauts !  De plus, le rev\u00eatement en gravier devient s\u00fbr et facile \u00e0 parcourir \u00e0 v\u00e9lo, scooter ou moto, mais aussi en fauteuil roulant ou avec une poussette. Il offre \u00e9galement une stabilit\u00e9 pour le coin barbecue, l\u2019\u00e9chelle et vos chaises de jardin, qui ne s\u2019enfoncent plus.  Ce m\u00eame produit peut \u00e9galement \u00eatre utilis\u00e9 pour votre parking ou votre all\u00e9e. Plus de traces de roues, le gravier ne se d\u00e9place pas sur les c\u00f4t\u00e9s et la surface reste esth\u00e9tique et s\u00e8che, m\u00eame en cas de fortes pluies, gr\u00e2ce au g\u00e9otextile brevet\u00e9 fix\u00e9 sur la face inf\u00e9rieure. L\u2019eau de pluie est \u00e9vacu\u00e9e \u00e0 100 % vers la nappe phr\u00e9atique.  Vous trouverez plus d\u2019informations ici. Pour les surfaces plus petites, les sentiers \u00e9troits ou les bordures le long de votre fa\u00e7ade, nous vous conseillons le format pratique Gravel Fix Smart.\" \/>\n<meta property=\"og:url\" content=\"https:\/\/www.bera-bv.com\/fr\/product\/dalle-stabilisatrice-gravel-fix-pro-env-80x120-cm\/\" \/>\n<meta property=\"og:site_name\" content=\"BERA BV\" \/>\n<meta property=\"article:modified_time\" content=\"2026-04-20T14:04:38+00:00\" \/>\n<meta property=\"og:image\" content=\"https:\/\/www.bera-bv.com\/wp-content\/uploads\/2025\/12\/pro-3-in-1-stack.png\" \/>\n\t<meta property=\"og:image:width\" content=\"1500\" \/>\n\t<meta property=\"og:image:height\" content=\"1152\" \/>\n\t<meta property=\"og:image:type\" content=\"image\/png\" \/>\n<meta name=\"twitter:card\" content=\"summary_large_image\" \/>\n<meta name=\"twitter:label1\" content=\"Dur\u00e9e de lecture estim\u00e9e\" \/>\n\t<meta name=\"twitter:data1\" content=\"1 minute\" \/>\n<script type=\"application\/ld+json\" class=\"yoast-schema-graph\">{\"@context\":\"https:\\\/\\\/schema.org\",\"@graph\":[{\"@type\":\"WebPage\",\"@id\":\"https:\\\/\\\/www.bera-bv.com\\\/fr\\\/product\\\/dalle-stabilisatrice-gravel-fix-pro-env-80x120-cm\\\/\",\"url\":\"https:\\\/\\\/www.bera-bv.com\\\/fr\\\/product\\\/dalle-stabilisatrice-gravel-fix-pro-env-80x120-cm\\\/\",\"name\":\"Dalle stabilisatrice Gravel Fix Pro (env. 80x120 cm) - BERA BV\",\"isPartOf\":{\"@id\":\"https:\\\/\\\/www.bera-bv.com\\\/fr\\\/#website\"},\"primaryImageOfPage\":{\"@id\":\"https:\\\/\\\/www.bera-bv.com\\\/fr\\\/product\\\/dalle-stabilisatrice-gravel-fix-pro-env-80x120-cm\\\/#primaryimage\"},\"image\":{\"@id\":\"https:\\\/\\\/www.bera-bv.com\\\/fr\\\/product\\\/dalle-stabilisatrice-gravel-fix-pro-env-80x120-cm\\\/#primaryimage\"},\"thumbnailUrl\":\"https:\\\/\\\/www.bera-bv.com\\\/wp-content\\\/uploads\\\/2025\\\/12\\\/pro-3-in-1-stack.png\",\"datePublished\":\"2025-12-22T11:35:51+00:00\",\"dateModified\":\"2026-04-20T14:04:38+00:00\",\"breadcrumb\":{\"@id\":\"https:\\\/\\\/www.bera-bv.com\\\/fr\\\/product\\\/dalle-stabilisatrice-gravel-fix-pro-env-80x120-cm\\\/#breadcrumb\"},\"inLanguage\":\"fr-FR\",\"potentialAction\":[{\"@type\":\"ReadAction\",\"target\":[\"https:\\\/\\\/www.bera-bv.com\\\/fr\\\/product\\\/dalle-stabilisatrice-gravel-fix-pro-env-80x120-cm\\\/\"]}]},{\"@type\":\"ImageObject\",\"inLanguage\":\"fr-FR\",\"@id\":\"https:\\\/\\\/www.bera-bv.com\\\/fr\\\/product\\\/dalle-stabilisatrice-gravel-fix-pro-env-80x120-cm\\\/#primaryimage\",\"url\":\"https:\\\/\\\/www.bera-bv.com\\\/wp-content\\\/uploads\\\/2025\\\/12\\\/pro-3-in-1-stack.png\",\"contentUrl\":\"https:\\\/\\\/www.bera-bv.com\\\/wp-content\\\/uploads\\\/2025\\\/12\\\/pro-3-in-1-stack.png\",\"width\":1500,\"height\":1152},{\"@type\":\"BreadcrumbList\",\"@id\":\"https:\\\/\\\/www.bera-bv.com\\\/fr\\\/product\\\/dalle-stabilisatrice-gravel-fix-pro-env-80x120-cm\\\/#breadcrumb\",\"itemListElement\":[{\"@type\":\"ListItem\",\"position\":1,\"name\":\"Home\",\"item\":\"https:\\\/\\\/www.bera-bv.com\\\/fr\\\/accueil\\\/\"},{\"@type\":\"ListItem\",\"position\":2,\"name\":\"Boutique\",\"item\":\"https:\\\/\\\/www.bera-bv.com\\\/fr\\\/boutique\\\/\"},{\"@type\":\"ListItem\",\"position\":3,\"name\":\"Dalle stabilisatrice Gravel Fix Pro (env. 80&#215;120 cm)\"}]},{\"@type\":\"WebSite\",\"@id\":\"https:\\\/\\\/www.bera-bv.com\\\/fr\\\/#website\",\"url\":\"https:\\\/\\\/www.bera-bv.com\\\/fr\\\/\",\"name\":\"BERA BV\",\"description\":\"Creatief en duurzaam landschapsontwerp\",\"publisher\":{\"@id\":\"https:\\\/\\\/www.bera-bv.com\\\/fr\\\/#organization\"},\"potentialAction\":[{\"@type\":\"SearchAction\",\"target\":{\"@type\":\"EntryPoint\",\"urlTemplate\":\"https:\\\/\\\/www.bera-bv.com\\\/fr\\\/?s={search_term_string}\"},\"query-input\":{\"@type\":\"PropertyValueSpecification\",\"valueRequired\":true,\"valueName\":\"search_term_string\"}}],\"inLanguage\":\"fr-FR\"},{\"@type\":\"Organization\",\"@id\":\"https:\\\/\\\/www.bera-bv.com\\\/fr\\\/#organization\",\"name\":\"BERA BV\",\"url\":\"https:\\\/\\\/www.bera-bv.com\\\/fr\\\/\",\"logo\":{\"@type\":\"ImageObject\",\"inLanguage\":\"fr-FR\",\"@id\":\"https:\\\/\\\/www.bera-bv.com\\\/fr\\\/#\\\/schema\\\/logo\\\/image\\\/\",\"url\":\"https:\\\/\\\/www.bera-bv.com\\\/wp-content\\\/uploads\\\/2025\\\/12\\\/BERA-logo_light.svg\",\"contentUrl\":\"https:\\\/\\\/www.bera-bv.com\\\/wp-content\\\/uploads\\\/2025\\\/12\\\/BERA-logo_light.svg\",\"caption\":\"BERA BV\"},\"image\":{\"@id\":\"https:\\\/\\\/www.bera-bv.com\\\/fr\\\/#\\\/schema\\\/logo\\\/image\\\/\"}}]}<\/script>\n<!-- \/ Yoast SEO plugin. -->","yoast_head_json":{"title":"Dalle stabilisatrice Gravel Fix Pro (env. 80x120 cm) - BERA BV","robots":{"index":"index","follow":"follow","max-snippet":"max-snippet:-1","max-image-preview":"max-image-preview:large","max-video-preview":"max-video-preview:-1"},"canonical":"https:\/\/www.bera-bv.com\/fr\/product\/dalle-stabilisatrice-gravel-fix-pro-env-80x120-cm\/","og_locale":"fr_FR","og_type":"article","og_title":"Dalle stabilisatrice Gravel Fix Pro (env. 80x120 cm) - BERA BV","og_description":"Description de l\u2019article Gravel Fix Pro est une solution pratique de dalle stabilisatrice (\u00e9galement appel\u00e9e plaque ou tapis de gravier) pour stabiliser le gravier et le concass\u00e9. La surface devient ainsi solide, stable et accessible \u00e0 tous, m\u00eame avec des talons hauts !  De plus, le rev\u00eatement en gravier devient s\u00fbr et facile \u00e0 parcourir \u00e0 v\u00e9lo, scooter ou moto, mais aussi en fauteuil roulant ou avec une poussette. Il offre \u00e9galement une stabilit\u00e9 pour le coin barbecue, l\u2019\u00e9chelle et vos chaises de jardin, qui ne s\u2019enfoncent plus.  Ce m\u00eame produit peut \u00e9galement \u00eatre utilis\u00e9 pour votre parking ou votre all\u00e9e. Plus de traces de roues, le gravier ne se d\u00e9place pas sur les c\u00f4t\u00e9s et la surface reste esth\u00e9tique et s\u00e8che, m\u00eame en cas de fortes pluies, gr\u00e2ce au g\u00e9otextile brevet\u00e9 fix\u00e9 sur la face inf\u00e9rieure. L\u2019eau de pluie est \u00e9vacu\u00e9e \u00e0 100 % vers la nappe phr\u00e9atique.  Vous trouverez plus d\u2019informations ici. Pour les surfaces plus petites, les sentiers \u00e9troits ou les bordures le long de votre fa\u00e7ade, nous vous conseillons le format pratique Gravel Fix Smart.","og_url":"https:\/\/www.bera-bv.com\/fr\/product\/dalle-stabilisatrice-gravel-fix-pro-env-80x120-cm\/","og_site_name":"BERA BV","article_modified_time":"2026-04-20T14:04:38+00:00","og_image":[{"width":1500,"height":1152,"url":"https:\/\/www.bera-bv.com\/wp-content\/uploads\/2025\/12\/pro-3-in-1-stack.png","type":"image\/png"}],"twitter_card":"summary_large_image","twitter_misc":{"Dur\u00e9e de lecture estim\u00e9e":"1 minute"},"schema":{"@context":"https:\/\/schema.org","@graph":[{"@type":"WebPage","@id":"https:\/\/www.bera-bv.com\/fr\/product\/dalle-stabilisatrice-gravel-fix-pro-env-80x120-cm\/","url":"https:\/\/www.bera-bv.com\/fr\/product\/dalle-stabilisatrice-gravel-fix-pro-env-80x120-cm\/","name":"Dalle stabilisatrice Gravel Fix Pro (env. 80x120 cm) - BERA BV","isPartOf":{"@id":"https:\/\/www.bera-bv.com\/fr\/#website"},"primaryImageOfPage":{"@id":"https:\/\/www.bera-bv.com\/fr\/product\/dalle-stabilisatrice-gravel-fix-pro-env-80x120-cm\/#primaryimage"},"image":{"@id":"https:\/\/www.bera-bv.com\/fr\/product\/dalle-stabilisatrice-gravel-fix-pro-env-80x120-cm\/#primaryimage"},"thumbnailUrl":"https:\/\/www.bera-bv.com\/wp-content\/uploads\/2025\/12\/pro-3-in-1-stack.png","datePublished":"2025-12-22T11:35:51+00:00","dateModified":"2026-04-20T14:04:38+00:00","breadcrumb":{"@id":"https:\/\/www.bera-bv.com\/fr\/product\/dalle-stabilisatrice-gravel-fix-pro-env-80x120-cm\/#breadcrumb"},"inLanguage":"fr-FR","potentialAction":[{"@type":"ReadAction","target":["https:\/\/www.bera-bv.com\/fr\/product\/dalle-stabilisatrice-gravel-fix-pro-env-80x120-cm\/"]}]},{"@type":"ImageObject","inLanguage":"fr-FR","@id":"https:\/\/www.bera-bv.com\/fr\/product\/dalle-stabilisatrice-gravel-fix-pro-env-80x120-cm\/#primaryimage","url":"https:\/\/www.bera-bv.com\/wp-content\/uploads\/2025\/12\/pro-3-in-1-stack.png","contentUrl":"https:\/\/www.bera-bv.com\/wp-content\/uploads\/2025\/12\/pro-3-in-1-stack.png","width":1500,"height":1152},{"@type":"BreadcrumbList","@id":"https:\/\/www.bera-bv.com\/fr\/product\/dalle-stabilisatrice-gravel-fix-pro-env-80x120-cm\/#breadcrumb","itemListElement":[{"@type":"ListItem","position":1,"name":"Home","item":"https:\/\/www.bera-bv.com\/fr\/accueil\/"},{"@type":"ListItem","position":2,"name":"Boutique","item":"https:\/\/www.bera-bv.com\/fr\/boutique\/"},{"@type":"ListItem","position":3,"name":"Dalle stabilisatrice Gravel Fix Pro (env. 80&#215;120 cm)"}]},{"@type":"WebSite","@id":"https:\/\/www.bera-bv.com\/fr\/#website","url":"https:\/\/www.bera-bv.com\/fr\/","name":"BERA BV","description":"Creatief en duurzaam landschapsontwerp","publisher":{"@id":"https:\/\/www.bera-bv.com\/fr\/#organization"},"potentialAction":[{"@type":"SearchAction","target":{"@type":"EntryPoint","urlTemplate":"https:\/\/www.bera-bv.com\/fr\/?s={search_term_string}"},"query-input":{"@type":"PropertyValueSpecification","valueRequired":true,"valueName":"search_term_string"}}],"inLanguage":"fr-FR"},{"@type":"Organization","@id":"https:\/\/www.bera-bv.com\/fr\/#organization","name":"BERA BV","url":"https:\/\/www.bera-bv.com\/fr\/","logo":{"@type":"ImageObject","inLanguage":"fr-FR","@id":"https:\/\/www.bera-bv.com\/fr\/#\/schema\/logo\/image\/","url":"https:\/\/www.bera-bv.com\/wp-content\/uploads\/2025\/12\/BERA-logo_light.svg","contentUrl":"https:\/\/www.bera-bv.com\/wp-content\/uploads\/2025\/12\/BERA-logo_light.svg","caption":"BERA BV"},"image":{"@id":"https:\/\/www.bera-bv.com\/fr\/#\/schema\/logo\/image\/"}}]}},"_links":{"self":[{"href":"https:\/\/www.bera-bv.com\/fr\/wp-json\/wp\/v2\/product\/13125","targetHints":{"allow":["GET"]}}],"collection":[{"href":"https:\/\/www.bera-bv.com\/fr\/wp-json\/wp\/v2\/product"}],"about":[{"href":"https:\/\/www.bera-bv.com\/fr\/wp-json\/wp\/v2\/types\/product"}],"wp:featuredmedia":[{"embeddable":true,"href":"https:\/\/www.bera-bv.com\/fr\/wp-json\/wp\/v2\/media\/13127"}],"wp:attachment":[{"href":"https:\/\/www.bera-bv.com\/fr\/wp-json\/wp\/v2\/media?parent=13125"}],"wp:term":[{"taxonomy":"product_brand","embeddable":true,"href":"https:\/\/www.bera-bv.com\/fr\/wp-json\/wp\/v2\/product_brand?post=13125"},{"taxonomy":"product_cat","embeddable":true,"href":"https:\/\/www.bera-bv.com\/fr\/wp-json\/wp\/v2\/product_cat?post=13125"},{"taxonomy":"product_tag","embeddable":true,"href":"https:\/\/www.bera-bv.com\/fr\/wp-json\/wp\/v2\/product_tag?post=13125"}],"curies":[{"name":"wp","href":"https:\/\/api.w.org\/{rel}","templated":true}]}}