{"id":13121,"date":"2025-12-22T12:35:51","date_gmt":"2025-12-22T11:35:51","guid":{"rendered":"http:\/\/bera-bv.com\/product\/bera-urbanscape-green-cubes\/"},"modified":"2026-03-12T11:45:46","modified_gmt":"2026-03-12T10:45:46","slug":"bera-urbanscape-green-cubes","status":"publish","type":"product","link":"https:\/\/www.bera-bv.com\/fr\/product\/bera-urbanscape-green-cubes\/","title":{"rendered":"BERA\u00ae Urbanscape Green Cubes"},"content":{"rendered":"<p><strong>Application<\/strong><br \/>\nLes BERA\u00ae Urbanscape Green Cubes sont utilis\u00e9s comme amendement de sol de haute qualit\u00e9 pour des applications professionnelles :<\/p>\n<ul>\n<li>M\u00e9lange avec d\u2019autres substrats (terreau, coco, tourbe, etc.) pour am\u00e9liorer la capacit\u00e9 d\u2019absorption d\u2019eau et l\u2019a\u00e9ration<\/li>\n<li>M\u00e9lange dans un sol sableux ou limoneux pour am\u00e9liorer la capacit\u00e9 d\u2019absorption d\u2019eau et le rapport air-sol<\/li>\n<li>En jardini\u00e8res, pots, potagers et bordures<\/li>\n<\/ul>\n<p><strong>D\u00e9tails du produit<\/strong><\/p>\n<ul>\n<li>Laine de roche en cubes de 2&#215;2 cm<\/li>\n<li>Livr\u00e9 en sac de 20 litres (poids env. 2 kg)<\/li>\n<li>Mat\u00e9riau 100 % naturel, sans aucun additif chimique<\/li>\n<li>Convient \u00e0 toutes les plantes, enti\u00e8rement compostable<\/li>\n<li>\u00c9conomies substantielles d\u2019eau et de nutriments jusqu\u2019\u00e0 environ 50 %<\/li>\n<li>Am\u00e9lioration du sol, longue dur\u00e9e de vie<\/li>\n<li>Meilleure croissance et d\u00e9veloppement de la plante<\/li>\n<li>Rendement plus \u00e9lev\u00e9 et meilleure r\u00e9sistance de la plante<\/li>\n<\/ul>\n","protected":false},"excerpt":{"rendered":"<p>Les Urbanscape Green Cubes sont fabriqu\u00e9s \u00e0 partir de fibres de roche 100 % naturelles et sont utilis\u00e9s dans le substrat pour un usage priv\u00e9 et professionnel, ou pour am\u00e9liorer la qualit\u00e9 du sol des plantes d\u2019int\u00e9rieur et d\u2019ext\u00e9rieur. L\u2019eau et les nutriments sont stock\u00e9s dans les Urbanscape Green Cubes et sont toujours directement disponibles pour l\u2019absorption par la plante. Les Green Cubes am\u00e9liorent la qualit\u00e9 du sol et aident les plantes \u00e0 survivre dans des conditions difficiles.<\/p>\n<p>Les BERA\u00ae Urbanscape Green Cubes sont utilis\u00e9s comme amendement de sol de haute qualit\u00e9 pour des applications priv\u00e9es et professionnelles :<\/p>\n<ul>\n<li>M\u00e9lange avec d\u2019autres substrats (terreau, coco, tourbe, etc.) pour am\u00e9liorer la capacit\u00e9 d\u2019absorption d\u2019eau et l\u2019a\u00e9ration<\/li>\n<li>M\u00e9lange dans un sol sableux ou limoneux pour am\u00e9liorer la capacit\u00e9 d\u2019absorption d\u2019eau et le rapport air-sol<\/li>\n<li>En jardini\u00e8res, pots, potagers et bordures<\/li>\n<\/ul>\n<p>Plus d\u2019informations disponibles <a href=\"https:\/\/www.bera-bv.nl\/eco-en-watersystems\/bera-urbanscape\/\" target=\"_blank\" rel=\"noopener noreferrer\">ici<\/a><\/p>\n","protected":false},"featured_media":13122,"template":"","meta":{"site-sidebar-layout":"default","site-content-layout":"","ast-site-content-layout":"default","site-content-style":"default","site-sidebar-style":"default","ast-global-header-display":"","ast-banner-title-visibility":"","ast-main-header-display":"","ast-hfb-above-header-display":"","ast-hfb-below-header-display":"","ast-hfb-mobile-header-display":"","site-post-title":"","ast-breadcrumbs-content":"","ast-featured-img":"","footer-sml-layout":"","ast-disable-related-posts":"","theme-transparent-header-meta":"default","adv-header-id-meta":"","stick-header-meta":"default","header-above-stick-meta":"","header-main-stick-meta":"","header-below-stick-meta":"","astra-migrate-meta-layouts":"set","ast-page-background-enabled":"default","ast-page-background-meta":{"desktop":{"background-color":"var(--ast-global-color-4)","background-image":"","background-repeat":"repeat","background-position":"center center","background-size":"auto","background-attachment":"scroll","background-type":"","background-media":"","overlay-type":"","overlay-color":"","overlay-opacity":"","overlay-gradient":""},"tablet":{"background-color":"","background-image":"","background-repeat":"repeat","background-position":"center center","background-size":"auto","background-attachment":"scroll","background-type":"","background-media":"","overlay-type":"","overlay-color":"","overlay-opacity":"","overlay-gradient":""},"mobile":{"background-color":"","background-image":"","background-repeat":"repeat","background-position":"center center","background-size":"auto","background-attachment":"scroll","background-type":"","background-media":"","overlay-type":"","overlay-color":"","overlay-opacity":"","overlay-gradient":""}},"ast-content-background-meta":{"desktop":{"background-color":"var(--ast-global-color-5)","background-image":"","background-repeat":"repeat","background-position":"center center","background-size":"auto","background-attachment":"scroll","background-type":"","background-media":"","overlay-type":"","overlay-color":"","overlay-opacity":"","overlay-gradient":""},"tablet":{"background-color":"var(--ast-global-color-5)","background-image":"","background-repeat":"repeat","background-position":"center center","background-size":"auto","background-attachment":"scroll","background-type":"","background-media":"","overlay-type":"","overlay-color":"","overlay-opacity":"","overlay-gradient":""},"mobile":{"background-color":"var(--ast-global-color-5)","background-image":"","background-repeat":"repeat","background-position":"center center","background-size":"auto","background-attachment":"scroll","background-type":"","background-media":"","overlay-type":"","overlay-color":"","overlay-opacity":"","overlay-gradient":""}}},"product_brand":[],"product_cat":[326],"product_tag":[],"class_list":{"0":"post-13121","1":"product","2":"type-product","3":"status-publish","4":"has-post-thumbnail","6":"product_cat-gestion-de-leau","7":"product_shipping_class-parcel","8":"desktop-align-left","9":"tablet-align-left","10":"mobile-align-left","11":"ast-product-gallery-layout-horizontal","12":"ast-product-tabs-layout-horizontal","14":"first","15":"instock","16":"purchasable","17":"product-type-simple"},"yoast_head":"<!-- This site is optimized with the Yoast SEO plugin v27.4 - https:\/\/yoast.com\/product\/yoast-seo-wordpress\/ -->\n<title>BERA\u00ae Urbanscape Green Cubes - BERA BV<\/title>\n<meta name=\"robots\" content=\"index, follow, max-snippet:-1, max-image-preview:large, max-video-preview:-1\" \/>\n<link rel=\"canonical\" href=\"https:\/\/www.bera-bv.com\/fr\/product\/bera-urbanscape-green-cubes\/\" \/>\n<meta property=\"og:locale\" content=\"fr_FR\" \/>\n<meta property=\"og:type\" content=\"article\" \/>\n<meta property=\"og:title\" content=\"BERA\u00ae Urbanscape Green Cubes - BERA BV\" \/>\n<meta property=\"og:description\" content=\"Les Urbanscape Green Cubes sont fabriqu\u00e9s \u00e0 partir de fibres de roche 100 % naturelles et sont utilis\u00e9s dans le substrat pour un usage priv\u00e9 et professionnel, ou pour am\u00e9liorer la qualit\u00e9 du sol des plantes d\u2019int\u00e9rieur et d\u2019ext\u00e9rieur. L\u2019eau et les nutriments sont stock\u00e9s dans les Urbanscape Green Cubes et sont toujours directement disponibles pour l\u2019absorption par la plante. Les Green Cubes am\u00e9liorent la qualit\u00e9 du sol et aident les plantes \u00e0 survivre dans des conditions difficiles.  Les BERA\u00ae Urbanscape Green Cubes sont utilis\u00e9s comme amendement de sol de haute qualit\u00e9 pour des applications priv\u00e9es et professionnelles :   M\u00e9lange avec d\u2019autres substrats (terreau, coco, tourbe, etc.) pour am\u00e9liorer la capacit\u00e9 d\u2019absorption d\u2019eau et l\u2019a\u00e9ration  M\u00e9lange dans un sol sableux ou limoneux pour am\u00e9liorer la capacit\u00e9 d\u2019absorption d\u2019eau et le rapport air-sol  En jardini\u00e8res, pots, potagers et bordures  Plus d\u2019informations disponibles ici\" \/>\n<meta property=\"og:url\" content=\"https:\/\/www.bera-bv.com\/fr\/product\/bera-urbanscape-green-cubes\/\" \/>\n<meta property=\"og:site_name\" content=\"BERA BV\" \/>\n<meta property=\"article:modified_time\" content=\"2026-03-12T10:45:46+00:00\" \/>\n<meta property=\"og:image\" content=\"https:\/\/www.bera-bv.com\/wp-content\/uploads\/2025\/12\/Urbanscape_Cubes.png\" \/>\n\t<meta property=\"og:image:width\" content=\"800\" \/>\n\t<meta property=\"og:image:height\" content=\"626\" \/>\n\t<meta property=\"og:image:type\" content=\"image\/png\" \/>\n<meta name=\"twitter:card\" content=\"summary_large_image\" \/>\n<meta name=\"twitter:label1\" content=\"Dur\u00e9e de lecture estim\u00e9e\" \/>\n\t<meta name=\"twitter:data1\" content=\"1 minute\" \/>\n<script type=\"application\/ld+json\" class=\"yoast-schema-graph\">{\"@context\":\"https:\\\/\\\/schema.org\",\"@graph\":[{\"@type\":\"WebPage\",\"@id\":\"https:\\\/\\\/www.bera-bv.com\\\/fr\\\/product\\\/bera-urbanscape-green-cubes\\\/\",\"url\":\"https:\\\/\\\/www.bera-bv.com\\\/fr\\\/product\\\/bera-urbanscape-green-cubes\\\/\",\"name\":\"BERA\u00ae Urbanscape Green Cubes - BERA BV\",\"isPartOf\":{\"@id\":\"https:\\\/\\\/www.bera-bv.com\\\/fr\\\/#website\"},\"primaryImageOfPage\":{\"@id\":\"https:\\\/\\\/www.bera-bv.com\\\/fr\\\/product\\\/bera-urbanscape-green-cubes\\\/#primaryimage\"},\"image\":{\"@id\":\"https:\\\/\\\/www.bera-bv.com\\\/fr\\\/product\\\/bera-urbanscape-green-cubes\\\/#primaryimage\"},\"thumbnailUrl\":\"https:\\\/\\\/www.bera-bv.com\\\/wp-content\\\/uploads\\\/2025\\\/12\\\/Urbanscape_Cubes.png\",\"datePublished\":\"2025-12-22T11:35:51+00:00\",\"dateModified\":\"2026-03-12T10:45:46+00:00\",\"breadcrumb\":{\"@id\":\"https:\\\/\\\/www.bera-bv.com\\\/fr\\\/product\\\/bera-urbanscape-green-cubes\\\/#breadcrumb\"},\"inLanguage\":\"fr-FR\",\"potentialAction\":[{\"@type\":\"ReadAction\",\"target\":[\"https:\\\/\\\/www.bera-bv.com\\\/fr\\\/product\\\/bera-urbanscape-green-cubes\\\/\"]}]},{\"@type\":\"ImageObject\",\"inLanguage\":\"fr-FR\",\"@id\":\"https:\\\/\\\/www.bera-bv.com\\\/fr\\\/product\\\/bera-urbanscape-green-cubes\\\/#primaryimage\",\"url\":\"https:\\\/\\\/www.bera-bv.com\\\/wp-content\\\/uploads\\\/2025\\\/12\\\/Urbanscape_Cubes.png\",\"contentUrl\":\"https:\\\/\\\/www.bera-bv.com\\\/wp-content\\\/uploads\\\/2025\\\/12\\\/Urbanscape_Cubes.png\",\"width\":800,\"height\":626},{\"@type\":\"BreadcrumbList\",\"@id\":\"https:\\\/\\\/www.bera-bv.com\\\/fr\\\/product\\\/bera-urbanscape-green-cubes\\\/#breadcrumb\",\"itemListElement\":[{\"@type\":\"ListItem\",\"position\":1,\"name\":\"Home\",\"item\":\"https:\\\/\\\/www.bera-bv.com\\\/fr\\\/accueil\\\/\"},{\"@type\":\"ListItem\",\"position\":2,\"name\":\"Boutique\",\"item\":\"https:\\\/\\\/www.bera-bv.com\\\/fr\\\/boutique\\\/\"},{\"@type\":\"ListItem\",\"position\":3,\"name\":\"BERA\u00ae Urbanscape Green Cubes\"}]},{\"@type\":\"WebSite\",\"@id\":\"https:\\\/\\\/www.bera-bv.com\\\/fr\\\/#website\",\"url\":\"https:\\\/\\\/www.bera-bv.com\\\/fr\\\/\",\"name\":\"BERA BV\",\"description\":\"Creatief en duurzaam landschapsontwerp\",\"publisher\":{\"@id\":\"https:\\\/\\\/www.bera-bv.com\\\/fr\\\/#organization\"},\"potentialAction\":[{\"@type\":\"SearchAction\",\"target\":{\"@type\":\"EntryPoint\",\"urlTemplate\":\"https:\\\/\\\/www.bera-bv.com\\\/fr\\\/?s={search_term_string}\"},\"query-input\":{\"@type\":\"PropertyValueSpecification\",\"valueRequired\":true,\"valueName\":\"search_term_string\"}}],\"inLanguage\":\"fr-FR\"},{\"@type\":\"Organization\",\"@id\":\"https:\\\/\\\/www.bera-bv.com\\\/fr\\\/#organization\",\"name\":\"BERA BV\",\"url\":\"https:\\\/\\\/www.bera-bv.com\\\/fr\\\/\",\"logo\":{\"@type\":\"ImageObject\",\"inLanguage\":\"fr-FR\",\"@id\":\"https:\\\/\\\/www.bera-bv.com\\\/fr\\\/#\\\/schema\\\/logo\\\/image\\\/\",\"url\":\"https:\\\/\\\/www.bera-bv.com\\\/wp-content\\\/uploads\\\/2025\\\/12\\\/BERA-logo_light.svg\",\"contentUrl\":\"https:\\\/\\\/www.bera-bv.com\\\/wp-content\\\/uploads\\\/2025\\\/12\\\/BERA-logo_light.svg\",\"caption\":\"BERA BV\"},\"image\":{\"@id\":\"https:\\\/\\\/www.bera-bv.com\\\/fr\\\/#\\\/schema\\\/logo\\\/image\\\/\"}}]}<\/script>\n<!-- \/ Yoast SEO plugin. -->","yoast_head_json":{"title":"BERA\u00ae Urbanscape Green Cubes - BERA BV","robots":{"index":"index","follow":"follow","max-snippet":"max-snippet:-1","max-image-preview":"max-image-preview:large","max-video-preview":"max-video-preview:-1"},"canonical":"https:\/\/www.bera-bv.com\/fr\/product\/bera-urbanscape-green-cubes\/","og_locale":"fr_FR","og_type":"article","og_title":"BERA\u00ae Urbanscape Green Cubes - BERA BV","og_description":"Les Urbanscape Green Cubes sont fabriqu\u00e9s \u00e0 partir de fibres de roche 100 % naturelles et sont utilis\u00e9s dans le substrat pour un usage priv\u00e9 et professionnel, ou pour am\u00e9liorer la qualit\u00e9 du sol des plantes d\u2019int\u00e9rieur et d\u2019ext\u00e9rieur. L\u2019eau et les nutriments sont stock\u00e9s dans les Urbanscape Green Cubes et sont toujours directement disponibles pour l\u2019absorption par la plante. Les Green Cubes am\u00e9liorent la qualit\u00e9 du sol et aident les plantes \u00e0 survivre dans des conditions difficiles.  Les BERA\u00ae Urbanscape Green Cubes sont utilis\u00e9s comme amendement de sol de haute qualit\u00e9 pour des applications priv\u00e9es et professionnelles :   M\u00e9lange avec d\u2019autres substrats (terreau, coco, tourbe, etc.) pour am\u00e9liorer la capacit\u00e9 d\u2019absorption d\u2019eau et l\u2019a\u00e9ration  M\u00e9lange dans un sol sableux ou limoneux pour am\u00e9liorer la capacit\u00e9 d\u2019absorption d\u2019eau et le rapport air-sol  En jardini\u00e8res, pots, potagers et bordures  Plus d\u2019informations disponibles ici","og_url":"https:\/\/www.bera-bv.com\/fr\/product\/bera-urbanscape-green-cubes\/","og_site_name":"BERA BV","article_modified_time":"2026-03-12T10:45:46+00:00","og_image":[{"width":800,"height":626,"url":"https:\/\/www.bera-bv.com\/wp-content\/uploads\/2025\/12\/Urbanscape_Cubes.png","type":"image\/png"}],"twitter_card":"summary_large_image","twitter_misc":{"Dur\u00e9e de lecture estim\u00e9e":"1 minute"},"schema":{"@context":"https:\/\/schema.org","@graph":[{"@type":"WebPage","@id":"https:\/\/www.bera-bv.com\/fr\/product\/bera-urbanscape-green-cubes\/","url":"https:\/\/www.bera-bv.com\/fr\/product\/bera-urbanscape-green-cubes\/","name":"BERA\u00ae Urbanscape Green Cubes - BERA BV","isPartOf":{"@id":"https:\/\/www.bera-bv.com\/fr\/#website"},"primaryImageOfPage":{"@id":"https:\/\/www.bera-bv.com\/fr\/product\/bera-urbanscape-green-cubes\/#primaryimage"},"image":{"@id":"https:\/\/www.bera-bv.com\/fr\/product\/bera-urbanscape-green-cubes\/#primaryimage"},"thumbnailUrl":"https:\/\/www.bera-bv.com\/wp-content\/uploads\/2025\/12\/Urbanscape_Cubes.png","datePublished":"2025-12-22T11:35:51+00:00","dateModified":"2026-03-12T10:45:46+00:00","breadcrumb":{"@id":"https:\/\/www.bera-bv.com\/fr\/product\/bera-urbanscape-green-cubes\/#breadcrumb"},"inLanguage":"fr-FR","potentialAction":[{"@type":"ReadAction","target":["https:\/\/www.bera-bv.com\/fr\/product\/bera-urbanscape-green-cubes\/"]}]},{"@type":"ImageObject","inLanguage":"fr-FR","@id":"https:\/\/www.bera-bv.com\/fr\/product\/bera-urbanscape-green-cubes\/#primaryimage","url":"https:\/\/www.bera-bv.com\/wp-content\/uploads\/2025\/12\/Urbanscape_Cubes.png","contentUrl":"https:\/\/www.bera-bv.com\/wp-content\/uploads\/2025\/12\/Urbanscape_Cubes.png","width":800,"height":626},{"@type":"BreadcrumbList","@id":"https:\/\/www.bera-bv.com\/fr\/product\/bera-urbanscape-green-cubes\/#breadcrumb","itemListElement":[{"@type":"ListItem","position":1,"name":"Home","item":"https:\/\/www.bera-bv.com\/fr\/accueil\/"},{"@type":"ListItem","position":2,"name":"Boutique","item":"https:\/\/www.bera-bv.com\/fr\/boutique\/"},{"@type":"ListItem","position":3,"name":"BERA\u00ae Urbanscape Green Cubes"}]},{"@type":"WebSite","@id":"https:\/\/www.bera-bv.com\/fr\/#website","url":"https:\/\/www.bera-bv.com\/fr\/","name":"BERA BV","description":"Creatief en duurzaam landschapsontwerp","publisher":{"@id":"https:\/\/www.bera-bv.com\/fr\/#organization"},"potentialAction":[{"@type":"SearchAction","target":{"@type":"EntryPoint","urlTemplate":"https:\/\/www.bera-bv.com\/fr\/?s={search_term_string}"},"query-input":{"@type":"PropertyValueSpecification","valueRequired":true,"valueName":"search_term_string"}}],"inLanguage":"fr-FR"},{"@type":"Organization","@id":"https:\/\/www.bera-bv.com\/fr\/#organization","name":"BERA BV","url":"https:\/\/www.bera-bv.com\/fr\/","logo":{"@type":"ImageObject","inLanguage":"fr-FR","@id":"https:\/\/www.bera-bv.com\/fr\/#\/schema\/logo\/image\/","url":"https:\/\/www.bera-bv.com\/wp-content\/uploads\/2025\/12\/BERA-logo_light.svg","contentUrl":"https:\/\/www.bera-bv.com\/wp-content\/uploads\/2025\/12\/BERA-logo_light.svg","caption":"BERA BV"},"image":{"@id":"https:\/\/www.bera-bv.com\/fr\/#\/schema\/logo\/image\/"}}]}},"_links":{"self":[{"href":"https:\/\/www.bera-bv.com\/fr\/wp-json\/wp\/v2\/product\/13121","targetHints":{"allow":["GET"]}}],"collection":[{"href":"https:\/\/www.bera-bv.com\/fr\/wp-json\/wp\/v2\/product"}],"about":[{"href":"https:\/\/www.bera-bv.com\/fr\/wp-json\/wp\/v2\/types\/product"}],"wp:featuredmedia":[{"embeddable":true,"href":"https:\/\/www.bera-bv.com\/fr\/wp-json\/wp\/v2\/media\/13122"}],"wp:attachment":[{"href":"https:\/\/www.bera-bv.com\/fr\/wp-json\/wp\/v2\/media?parent=13121"}],"wp:term":[{"taxonomy":"product_brand","embeddable":true,"href":"https:\/\/www.bera-bv.com\/fr\/wp-json\/wp\/v2\/product_brand?post=13121"},{"taxonomy":"product_cat","embeddable":true,"href":"https:\/\/www.bera-bv.com\/fr\/wp-json\/wp\/v2\/product_cat?post=13121"},{"taxonomy":"product_tag","embeddable":true,"href":"https:\/\/www.bera-bv.com\/fr\/wp-json\/wp\/v2\/product_tag?post=13121"}],"curies":[{"name":"wp","href":"https:\/\/api.w.org\/{rel}","templated":true}]}}