{"id":13107,"date":"2025-12-22T12:36:13","date_gmt":"2025-12-22T11:36:13","guid":{"rendered":"http:\/\/bera-bv.com\/product\/bordure-de-jardin-b-edge-pro\/"},"modified":"2026-04-13T15:39:21","modified_gmt":"2026-04-13T13:39:21","slug":"bordure-de-jardin-b-edge-pro","status":"publish","type":"product","link":"https:\/\/www.bera-bv.com\/fr\/product\/bordure-de-jardin-b-edge-pro\/","title":{"rendered":"Bordure de jardin B-Edge Pro"},"content":{"rendered":"<p><strong>Application<\/strong><\/p>\n<ul>\n<li>Bordure pour massifs, pelouses et all\u00e9es aux formes droites ou organiques<\/li>\n<\/ul>\n<p><strong>D\u00e9tails du produit<\/strong><\/p>\n<ul>\n<li>Couleur : noir<\/li>\n<li>Dimensions : 1000 x 0,2 x 12 cm &amp; 2000 x 0,2 x 12 cm<\/li>\n<li>Poids : 2,5 kg \/ 5 kg<\/li>\n<li>Mat\u00e9riau : poly\u00e9thyl\u00e8ne, 100 % recyclable<\/li>\n<li>R\u00e9sistant aux UV et au gel<\/li>\n<\/ul>\n<p><strong>Pose<\/strong><\/p>\n<ul>\n<li>Creusez une fine tranch\u00e9e dans le sol \u00e0 l\u2019emplacement pr\u00e9vu pour la bordure<\/li>\n<li>D\u00e9roulez la B-Edge Pro. Si elle s\u2019enroule sur elle-m\u00eame, laissez-la un moment au soleil avec des poids aux extr\u00e9mit\u00e9s <\/li>\n<li>Placez la B-Edge Pro dans la tranch\u00e9e assez profond\u00e9ment pour emp\u00eacher tout d\u00e9bordement de mat\u00e9riau. Tassez fermement la terre des deux c\u00f4t\u00e9s <\/li>\n<\/ul>\n","protected":false},"excerpt":{"rendered":"<p>La bordure B-Edge Pro est principalement utilis\u00e9e pour les massifs, les pelouses et les all\u00e9es aux formes droites ou organiques.<\/p>\n<p>Les bordures de 10 ou 20 m\u00e8tres de long et 12 cm de haut sont livr\u00e9es en rouleau et s\u2019adaptent souplement \u00e0 presque toutes les formes. Le profil en zigzag \u00e0 la base assure une stabilit\u00e9 accrue dans le sol. Une solution parfaite pour votre jardin, adapt\u00e9e \u00e0 tous les budgets.  <\/p>\n","protected":false},"featured_media":13108,"template":"","meta":{"site-sidebar-layout":"default","site-content-layout":"","ast-site-content-layout":"default","site-content-style":"default","site-sidebar-style":"default","ast-global-header-display":"","ast-banner-title-visibility":"","ast-main-header-display":"","ast-hfb-above-header-display":"","ast-hfb-below-header-display":"","ast-hfb-mobile-header-display":"","site-post-title":"","ast-breadcrumbs-content":"","ast-featured-img":"","footer-sml-layout":"","ast-disable-related-posts":"","theme-transparent-header-meta":"default","adv-header-id-meta":"","stick-header-meta":"default","header-above-stick-meta":"","header-main-stick-meta":"","header-below-stick-meta":"","astra-migrate-meta-layouts":"default","ast-page-background-enabled":"default","ast-page-background-meta":{"desktop":{"background-color":"var(--ast-global-color-4)","background-image":"","background-repeat":"repeat","background-position":"center center","background-size":"auto","background-attachment":"scroll","background-type":"","background-media":"","overlay-type":"","overlay-color":"","overlay-opacity":"","overlay-gradient":""},"tablet":{"background-color":"","background-image":"","background-repeat":"repeat","background-position":"center center","background-size":"auto","background-attachment":"scroll","background-type":"","background-media":"","overlay-type":"","overlay-color":"","overlay-opacity":"","overlay-gradient":""},"mobile":{"background-color":"","background-image":"","background-repeat":"repeat","background-position":"center center","background-size":"auto","background-attachment":"scroll","background-type":"","background-media":"","overlay-type":"","overlay-color":"","overlay-opacity":"","overlay-gradient":""}},"ast-content-background-meta":{"desktop":{"background-color":"var(--ast-global-color-5)","background-image":"","background-repeat":"repeat","background-position":"center center","background-size":"auto","background-attachment":"scroll","background-type":"","background-media":"","overlay-type":"","overlay-color":"","overlay-opacity":"","overlay-gradient":""},"tablet":{"background-color":"var(--ast-global-color-5)","background-image":"","background-repeat":"repeat","background-position":"center center","background-size":"auto","background-attachment":"scroll","background-type":"","background-media":"","overlay-type":"","overlay-color":"","overlay-opacity":"","overlay-gradient":""},"mobile":{"background-color":"var(--ast-global-color-5)","background-image":"","background-repeat":"repeat","background-position":"center center","background-size":"auto","background-attachment":"scroll","background-type":"","background-media":"","overlay-type":"","overlay-color":"","overlay-opacity":"","overlay-gradient":""}}},"product_brand":[],"product_cat":[305],"product_tag":[],"class_list":{"0":"post-13107","1":"product","2":"type-product","3":"status-publish","4":"has-post-thumbnail","6":"product_cat-bordures","7":"product_shipping_class-parcel","8":"pa_frostproof-oui","9":"pa_kleur-noir","10":"pa_lengte-10-metres","11":"pa_lengte-20-metres","12":"pa_uv-bestendig-oui","13":"desktop-align-left","14":"tablet-align-left","15":"mobile-align-left","16":"ast-product-gallery-layout-horizontal","17":"ast-product-single-variable","18":"ast-product-tabs-layout-horizontal","20":"first","21":"instock","22":"purchasable","23":"product-type-variable"},"yoast_head":"<!-- This site is optimized with the Yoast SEO plugin v27.4 - https:\/\/yoast.com\/product\/yoast-seo-wordpress\/ -->\n<title>Bordure de jardin B-Edge Pro - BERA BV<\/title>\n<meta name=\"robots\" content=\"index, follow, max-snippet:-1, max-image-preview:large, max-video-preview:-1\" \/>\n<link rel=\"canonical\" href=\"https:\/\/www.bera-bv.com\/fr\/product\/bordure-de-jardin-b-edge-pro\/\" \/>\n<meta property=\"og:locale\" content=\"fr_FR\" \/>\n<meta property=\"og:type\" content=\"article\" \/>\n<meta property=\"og:title\" content=\"Bordure de jardin B-Edge Pro - BERA BV\" \/>\n<meta property=\"og:description\" content=\"La bordure B-Edge Pro est principalement utilis\u00e9e pour les massifs, les pelouses et les all\u00e9es aux formes droites ou organiques. Les bordures de 10 ou 20 m\u00e8tres de long et 12 cm de haut sont livr\u00e9es en rouleau et s\u2019adaptent souplement \u00e0 presque toutes les formes. Le profil en zigzag \u00e0 la base assure une stabilit\u00e9 accrue dans le sol. Une solution parfaite pour votre jardin, adapt\u00e9e \u00e0 tous les budgets.\" \/>\n<meta property=\"og:url\" content=\"https:\/\/www.bera-bv.com\/fr\/product\/bordure-de-jardin-b-edge-pro\/\" \/>\n<meta property=\"og:site_name\" content=\"BERA BV\" \/>\n<meta property=\"article:modified_time\" content=\"2026-04-13T13:39:21+00:00\" \/>\n<meta property=\"og:image\" content=\"https:\/\/www.bera-bv.com\/wp-content\/uploads\/2025\/12\/B-Edge-Pro-detail-1024x768.jpg\" \/>\n\t<meta property=\"og:image:width\" content=\"1024\" \/>\n\t<meta property=\"og:image:height\" content=\"768\" \/>\n\t<meta property=\"og:image:type\" content=\"image\/jpeg\" \/>\n<meta name=\"twitter:card\" content=\"summary_large_image\" \/>\n<meta name=\"twitter:label1\" content=\"Dur\u00e9e de lecture estim\u00e9e\" \/>\n\t<meta name=\"twitter:data1\" content=\"1 minute\" \/>\n<script type=\"application\/ld+json\" class=\"yoast-schema-graph\">{\"@context\":\"https:\\\/\\\/schema.org\",\"@graph\":[{\"@type\":\"WebPage\",\"@id\":\"https:\\\/\\\/www.bera-bv.com\\\/fr\\\/product\\\/bordure-de-jardin-b-edge-pro\\\/\",\"url\":\"https:\\\/\\\/www.bera-bv.com\\\/fr\\\/product\\\/bordure-de-jardin-b-edge-pro\\\/\",\"name\":\"Bordure de jardin B-Edge Pro - BERA BV\",\"isPartOf\":{\"@id\":\"https:\\\/\\\/www.bera-bv.com\\\/fr\\\/#website\"},\"primaryImageOfPage\":{\"@id\":\"https:\\\/\\\/www.bera-bv.com\\\/fr\\\/product\\\/bordure-de-jardin-b-edge-pro\\\/#primaryimage\"},\"image\":{\"@id\":\"https:\\\/\\\/www.bera-bv.com\\\/fr\\\/product\\\/bordure-de-jardin-b-edge-pro\\\/#primaryimage\"},\"thumbnailUrl\":\"https:\\\/\\\/www.bera-bv.com\\\/wp-content\\\/uploads\\\/2025\\\/12\\\/B-Edge-Pro-detail.jpg\",\"datePublished\":\"2025-12-22T11:36:13+00:00\",\"dateModified\":\"2026-04-13T13:39:21+00:00\",\"breadcrumb\":{\"@id\":\"https:\\\/\\\/www.bera-bv.com\\\/fr\\\/product\\\/bordure-de-jardin-b-edge-pro\\\/#breadcrumb\"},\"inLanguage\":\"fr-FR\",\"potentialAction\":[{\"@type\":\"ReadAction\",\"target\":[\"https:\\\/\\\/www.bera-bv.com\\\/fr\\\/product\\\/bordure-de-jardin-b-edge-pro\\\/\"]}]},{\"@type\":\"ImageObject\",\"inLanguage\":\"fr-FR\",\"@id\":\"https:\\\/\\\/www.bera-bv.com\\\/fr\\\/product\\\/bordure-de-jardin-b-edge-pro\\\/#primaryimage\",\"url\":\"https:\\\/\\\/www.bera-bv.com\\\/wp-content\\\/uploads\\\/2025\\\/12\\\/B-Edge-Pro-detail.jpg\",\"contentUrl\":\"https:\\\/\\\/www.bera-bv.com\\\/wp-content\\\/uploads\\\/2025\\\/12\\\/B-Edge-Pro-detail.jpg\",\"width\":2362,\"height\":1772},{\"@type\":\"BreadcrumbList\",\"@id\":\"https:\\\/\\\/www.bera-bv.com\\\/fr\\\/product\\\/bordure-de-jardin-b-edge-pro\\\/#breadcrumb\",\"itemListElement\":[{\"@type\":\"ListItem\",\"position\":1,\"name\":\"Home\",\"item\":\"https:\\\/\\\/www.bera-bv.com\\\/fr\\\/accueil\\\/\"},{\"@type\":\"ListItem\",\"position\":2,\"name\":\"Boutique\",\"item\":\"https:\\\/\\\/www.bera-bv.com\\\/fr\\\/boutique\\\/\"},{\"@type\":\"ListItem\",\"position\":3,\"name\":\"Bordure de jardin B-Edge Pro\"}]},{\"@type\":\"WebSite\",\"@id\":\"https:\\\/\\\/www.bera-bv.com\\\/fr\\\/#website\",\"url\":\"https:\\\/\\\/www.bera-bv.com\\\/fr\\\/\",\"name\":\"BERA BV\",\"description\":\"Creatief en duurzaam landschapsontwerp\",\"publisher\":{\"@id\":\"https:\\\/\\\/www.bera-bv.com\\\/fr\\\/#organization\"},\"potentialAction\":[{\"@type\":\"SearchAction\",\"target\":{\"@type\":\"EntryPoint\",\"urlTemplate\":\"https:\\\/\\\/www.bera-bv.com\\\/fr\\\/?s={search_term_string}\"},\"query-input\":{\"@type\":\"PropertyValueSpecification\",\"valueRequired\":true,\"valueName\":\"search_term_string\"}}],\"inLanguage\":\"fr-FR\"},{\"@type\":\"Organization\",\"@id\":\"https:\\\/\\\/www.bera-bv.com\\\/fr\\\/#organization\",\"name\":\"BERA BV\",\"url\":\"https:\\\/\\\/www.bera-bv.com\\\/fr\\\/\",\"logo\":{\"@type\":\"ImageObject\",\"inLanguage\":\"fr-FR\",\"@id\":\"https:\\\/\\\/www.bera-bv.com\\\/fr\\\/#\\\/schema\\\/logo\\\/image\\\/\",\"url\":\"https:\\\/\\\/www.bera-bv.com\\\/wp-content\\\/uploads\\\/2025\\\/12\\\/BERA-logo_light.svg\",\"contentUrl\":\"https:\\\/\\\/www.bera-bv.com\\\/wp-content\\\/uploads\\\/2025\\\/12\\\/BERA-logo_light.svg\",\"caption\":\"BERA BV\"},\"image\":{\"@id\":\"https:\\\/\\\/www.bera-bv.com\\\/fr\\\/#\\\/schema\\\/logo\\\/image\\\/\"}}]}<\/script>\n<!-- \/ Yoast SEO plugin. -->","yoast_head_json":{"title":"Bordure de jardin B-Edge Pro - BERA BV","robots":{"index":"index","follow":"follow","max-snippet":"max-snippet:-1","max-image-preview":"max-image-preview:large","max-video-preview":"max-video-preview:-1"},"canonical":"https:\/\/www.bera-bv.com\/fr\/product\/bordure-de-jardin-b-edge-pro\/","og_locale":"fr_FR","og_type":"article","og_title":"Bordure de jardin B-Edge Pro - BERA BV","og_description":"La bordure B-Edge Pro est principalement utilis\u00e9e pour les massifs, les pelouses et les all\u00e9es aux formes droites ou organiques. Les bordures de 10 ou 20 m\u00e8tres de long et 12 cm de haut sont livr\u00e9es en rouleau et s\u2019adaptent souplement \u00e0 presque toutes les formes. Le profil en zigzag \u00e0 la base assure une stabilit\u00e9 accrue dans le sol. Une solution parfaite pour votre jardin, adapt\u00e9e \u00e0 tous les budgets.","og_url":"https:\/\/www.bera-bv.com\/fr\/product\/bordure-de-jardin-b-edge-pro\/","og_site_name":"BERA BV","article_modified_time":"2026-04-13T13:39:21+00:00","og_image":[{"width":1024,"height":768,"url":"https:\/\/www.bera-bv.com\/wp-content\/uploads\/2025\/12\/B-Edge-Pro-detail-1024x768.jpg","type":"image\/jpeg"}],"twitter_card":"summary_large_image","twitter_misc":{"Dur\u00e9e de lecture estim\u00e9e":"1 minute"},"schema":{"@context":"https:\/\/schema.org","@graph":[{"@type":"WebPage","@id":"https:\/\/www.bera-bv.com\/fr\/product\/bordure-de-jardin-b-edge-pro\/","url":"https:\/\/www.bera-bv.com\/fr\/product\/bordure-de-jardin-b-edge-pro\/","name":"Bordure de jardin B-Edge Pro - BERA BV","isPartOf":{"@id":"https:\/\/www.bera-bv.com\/fr\/#website"},"primaryImageOfPage":{"@id":"https:\/\/www.bera-bv.com\/fr\/product\/bordure-de-jardin-b-edge-pro\/#primaryimage"},"image":{"@id":"https:\/\/www.bera-bv.com\/fr\/product\/bordure-de-jardin-b-edge-pro\/#primaryimage"},"thumbnailUrl":"https:\/\/www.bera-bv.com\/wp-content\/uploads\/2025\/12\/B-Edge-Pro-detail.jpg","datePublished":"2025-12-22T11:36:13+00:00","dateModified":"2026-04-13T13:39:21+00:00","breadcrumb":{"@id":"https:\/\/www.bera-bv.com\/fr\/product\/bordure-de-jardin-b-edge-pro\/#breadcrumb"},"inLanguage":"fr-FR","potentialAction":[{"@type":"ReadAction","target":["https:\/\/www.bera-bv.com\/fr\/product\/bordure-de-jardin-b-edge-pro\/"]}]},{"@type":"ImageObject","inLanguage":"fr-FR","@id":"https:\/\/www.bera-bv.com\/fr\/product\/bordure-de-jardin-b-edge-pro\/#primaryimage","url":"https:\/\/www.bera-bv.com\/wp-content\/uploads\/2025\/12\/B-Edge-Pro-detail.jpg","contentUrl":"https:\/\/www.bera-bv.com\/wp-content\/uploads\/2025\/12\/B-Edge-Pro-detail.jpg","width":2362,"height":1772},{"@type":"BreadcrumbList","@id":"https:\/\/www.bera-bv.com\/fr\/product\/bordure-de-jardin-b-edge-pro\/#breadcrumb","itemListElement":[{"@type":"ListItem","position":1,"name":"Home","item":"https:\/\/www.bera-bv.com\/fr\/accueil\/"},{"@type":"ListItem","position":2,"name":"Boutique","item":"https:\/\/www.bera-bv.com\/fr\/boutique\/"},{"@type":"ListItem","position":3,"name":"Bordure de jardin B-Edge Pro"}]},{"@type":"WebSite","@id":"https:\/\/www.bera-bv.com\/fr\/#website","url":"https:\/\/www.bera-bv.com\/fr\/","name":"BERA BV","description":"Creatief en duurzaam landschapsontwerp","publisher":{"@id":"https:\/\/www.bera-bv.com\/fr\/#organization"},"potentialAction":[{"@type":"SearchAction","target":{"@type":"EntryPoint","urlTemplate":"https:\/\/www.bera-bv.com\/fr\/?s={search_term_string}"},"query-input":{"@type":"PropertyValueSpecification","valueRequired":true,"valueName":"search_term_string"}}],"inLanguage":"fr-FR"},{"@type":"Organization","@id":"https:\/\/www.bera-bv.com\/fr\/#organization","name":"BERA BV","url":"https:\/\/www.bera-bv.com\/fr\/","logo":{"@type":"ImageObject","inLanguage":"fr-FR","@id":"https:\/\/www.bera-bv.com\/fr\/#\/schema\/logo\/image\/","url":"https:\/\/www.bera-bv.com\/wp-content\/uploads\/2025\/12\/BERA-logo_light.svg","contentUrl":"https:\/\/www.bera-bv.com\/wp-content\/uploads\/2025\/12\/BERA-logo_light.svg","caption":"BERA BV"},"image":{"@id":"https:\/\/www.bera-bv.com\/fr\/#\/schema\/logo\/image\/"}}]}},"_links":{"self":[{"href":"https:\/\/www.bera-bv.com\/fr\/wp-json\/wp\/v2\/product\/13107","targetHints":{"allow":["GET"]}}],"collection":[{"href":"https:\/\/www.bera-bv.com\/fr\/wp-json\/wp\/v2\/product"}],"about":[{"href":"https:\/\/www.bera-bv.com\/fr\/wp-json\/wp\/v2\/types\/product"}],"wp:featuredmedia":[{"embeddable":true,"href":"https:\/\/www.bera-bv.com\/fr\/wp-json\/wp\/v2\/media\/13108"}],"wp:attachment":[{"href":"https:\/\/www.bera-bv.com\/fr\/wp-json\/wp\/v2\/media?parent=13107"}],"wp:term":[{"taxonomy":"product_brand","embeddable":true,"href":"https:\/\/www.bera-bv.com\/fr\/wp-json\/wp\/v2\/product_brand?post=13107"},{"taxonomy":"product_cat","embeddable":true,"href":"https:\/\/www.bera-bv.com\/fr\/wp-json\/wp\/v2\/product_cat?post=13107"},{"taxonomy":"product_tag","embeddable":true,"href":"https:\/\/www.bera-bv.com\/fr\/wp-json\/wp\/v2\/product_tag?post=13107"}],"curies":[{"name":"wp","href":"https:\/\/api.w.org\/{rel}","templated":true}]}}