{"id":13079,"date":"2025-12-22T12:36:32","date_gmt":"2025-12-22T11:36:32","guid":{"rendered":"http:\/\/bera-bv.com\/product\/bera-waterups-sub-irrigation-channel-reservoir-modulaire\/"},"modified":"2026-04-13T15:48:26","modified_gmt":"2026-04-13T13:48:26","slug":"bera-waterups-sub-irrigation-channel-reservoir-modulaire","status":"publish","type":"product","link":"https:\/\/www.bera-bv.com\/fr\/product\/bera-waterups-sub-irrigation-channel-reservoir-modulaire\/","title":{"rendered":"BERA WaterUps Sub-Irrigation Channel &#8211; r\u00e9servoir modulaire"},"content":{"rendered":"<p>Qu\u2019est-ce que le WaterUps Sub-Irrigation Channel ?<\/p>\n<p>Applications :<br \/>\n\u2022 bordures sur\u00e9lev\u00e9es<br \/>\n\u2022 toitures v\u00e9g\u00e9talis\u00e9es<br \/>\n\u2022 jardins<br \/>\n\u2022 espaces publics<br \/>\n\u2022 p\u00e9pini\u00e8res<br \/>\n\u2022 jardins de pluie<br \/>\n\u2022 pelouses<\/p>\n<p>Avantages<br \/>\n\u2022 75 % d\u2019eau en moins<br \/>\n\u2022 jusqu\u2019\u00e0 90 % de r\u00e9duction de la fr\u00e9quence d\u2019arrosage<br \/>\n\u2022 croissance racinaire accrue, donc plantes plus vigoureuses<br \/>\n\u2022 r\u00e9alisation plus rapide du jardin ou de la bordure<br \/>\n\u2022 solution d\u2019eau durable<\/p>\n<p>Le BERA WaterUps Sub-Irrigation Channel, abr\u00e9g\u00e9 \u00ab SIC \u00bb, est un syst\u00e8me \u00e9prouv\u00e9 originaire d\u2019Australie permettant d\u2019acheminer l\u2019eau rapidement et facilement sous terre vers les arbres ou les plantations. Une m\u00e9thode unique, simple et tr\u00e8s efficace, \u00e0 la disposition des architectes paysagistes, jardiniers, promoteurs immobiliers et planificateurs d\u2019espaces publics. Gr\u00e2ce \u00e0 l\u2019irrigation souterraine, les racines et les plantes se d\u00e9veloppent rapidement, ce qui les rend plus r\u00e9sistantes aux futures conditions climatiques telles que la s\u00e9cheresse et les temp\u00eates.  <\/p>\n<p>Le syst\u00e8me est enti\u00e8rement modulaire et peut \u00eatre \u00e9tendu selon la taille et la forme de la bordure (sur\u00e9lev\u00e9e) ou du jardin. L\u2019utilisateur \u00e9conomisera de l\u2019eau pendant des ann\u00e9es, mais aussi sur l\u2019entretien, car aucune eau n\u2019est perdue par \u00e9vaporation. En int\u00e9grant le BERA WaterUps \u00ab SIC \u00bb, l\u2019architecte paysagiste et le jardinier verront leurs conceptions s\u2019\u00e9panouir pleinement.  <\/p>\n<p>Comment fonctionne le WaterUps Sub-Irrigation Channel ?<br \/>\nLe BERA WaterUps Sub-Irrigation Channel fonctionne sur le principe de la capillarit\u00e9 : l\u2019eau est \u00ab aspir\u00e9e \u00bb vers le haut depuis le r\u00e9servoir souterrain, maintenant ainsi le sol humide. L\u2019action capillaire s\u2019\u00e9tend sur environ 35 cm, c\u2019est pourquoi le r\u00e9servoir est plac\u00e9 \u00e0 environ 35 cm sous les racines. Cela force les racines \u00e0 pousser vers le bas pour obtenir de l\u2019eau et des nutriments. La perlite plac\u00e9e dans les 4 \u00ab pieds \u00bb de chaque cellule contribue \u00e0 l\u2019effet capillaire.   <\/p>\n<p>Gr\u00e2ce au stockage souterrain de l\u2019eau, aucune \u00e9vaporation ne se produit, et il n\u2019y a pas de perte inutile d\u2019eau pr\u00e9cieuse dans le sous-sol. Ainsi, l\u2019eau du r\u00e9servoir est utilis\u00e9e \u00e0 100 % pour les plantations, ce qui r\u00e9duit la fr\u00e9quence d\u2019arrosage. Le r\u00e9servoir dispose d\u2019un trop-plein vers un emplacement de drainage pour \u00e9vacuer l\u2019exc\u00e8s d\u2019eau.  <\/p>\n<p>Le BERA WaterUps SIC peut bien entendu \u00eatre rempli avec de l\u2019eau de pluie r\u00e9cup\u00e9r\u00e9e sur une terrasse ou un toit par d\u00e9connexion des descentes. Il peut \u00e9galement \u00eatre int\u00e9gr\u00e9 dans des syst\u00e8mes de gestion de l\u2019eau plus vastes pour limiter les inondations en zone urbaine. Depuis 2016, le syst\u00e8me est utilis\u00e9 avec succ\u00e8s dans de nombreux projets pour des jardins priv\u00e9s, de grands paysages, des p\u00e9pini\u00e8res et des espaces verts publics.  <\/p>\n<p>Le syst\u00e8me WaterUps SIC est une solution durable et \u00e9conomique pour alimenter en eau de magnifiques jardins et des b\u00e2timents v\u00e9g\u00e9talis\u00e9s.<\/p>\n","protected":false},"excerpt":{"rendered":"<p>Le BERA\u00ae Sub-Irrigation Channel Basic Kit est la solution \u00ab tout-en-un \u00bb pour les jardini\u00e8res allong\u00e9es ou carr\u00e9es, les bacs de potager<br \/>\n de grandes dimensions, mais aussi pour une utilisation dans les bordures ou sous les arbres et autres plantations. Connectez votre kit d\u2019extension \u00e0 votre kit de base pour cr\u00e9er un r\u00e9servoir plus grand. <\/p>\n<p>Que comprend le kit de base ?<br \/>\n\u2022 1x WaterUps SIC dimensions 1,34 x 0,47 m<br \/>\n\u2022 3x cellules WaterUps<br \/>\n\u2022 1x tube d\u2019alimentation<br \/>\n\u2022 1x trop-plein<br \/>\n\u2022 1x connecteur pour l\u2019extension du SIC<br \/>\n\u2022 Sac de 6 litres de perlite<\/p>\n<p>Le kit d\u2019extension poss\u00e8de les m\u00eames dimensions, mais il est livr\u00e9 sans tube d\u2019alimentation, capuchon, raccord ni trop-plein.<\/p>\n","protected":false},"featured_media":13080,"template":"","meta":{"site-sidebar-layout":"default","site-content-layout":"","ast-site-content-layout":"default","site-content-style":"default","site-sidebar-style":"default","ast-global-header-display":"","ast-banner-title-visibility":"","ast-main-header-display":"","ast-hfb-above-header-display":"","ast-hfb-below-header-display":"","ast-hfb-mobile-header-display":"","site-post-title":"","ast-breadcrumbs-content":"","ast-featured-img":"","footer-sml-layout":"","ast-disable-related-posts":"","theme-transparent-header-meta":"default","adv-header-id-meta":"","stick-header-meta":"default","header-above-stick-meta":"","header-main-stick-meta":"","header-below-stick-meta":"","astra-migrate-meta-layouts":"set","ast-page-background-enabled":"default","ast-page-background-meta":{"desktop":{"background-color":"var(--ast-global-color-4)","background-image":"","background-repeat":"repeat","background-position":"center center","background-size":"auto","background-attachment":"scroll","background-type":"","background-media":"","overlay-type":"","overlay-color":"","overlay-opacity":"","overlay-gradient":""},"tablet":{"background-color":"","background-image":"","background-repeat":"repeat","background-position":"center center","background-size":"auto","background-attachment":"scroll","background-type":"","background-media":"","overlay-type":"","overlay-color":"","overlay-opacity":"","overlay-gradient":""},"mobile":{"background-color":"","background-image":"","background-repeat":"repeat","background-position":"center center","background-size":"auto","background-attachment":"scroll","background-type":"","background-media":"","overlay-type":"","overlay-color":"","overlay-opacity":"","overlay-gradient":""}},"ast-content-background-meta":{"desktop":{"background-color":"var(--ast-global-color-5)","background-image":"","background-repeat":"repeat","background-position":"center center","background-size":"auto","background-attachment":"scroll","background-type":"","background-media":"","overlay-type":"","overlay-color":"","overlay-opacity":"","overlay-gradient":""},"tablet":{"background-color":"var(--ast-global-color-5)","background-image":"","background-repeat":"repeat","background-position":"center center","background-size":"auto","background-attachment":"scroll","background-type":"","background-media":"","overlay-type":"","overlay-color":"","overlay-opacity":"","overlay-gradient":""},"mobile":{"background-color":"var(--ast-global-color-5)","background-image":"","background-repeat":"repeat","background-position":"center center","background-size":"auto","background-attachment":"scroll","background-type":"","background-media":"","overlay-type":"","overlay-color":"","overlay-opacity":"","overlay-gradient":""}}},"product_brand":[],"product_cat":[326],"product_tag":[],"class_list":{"0":"post-13079","1":"product","2":"type-product","3":"status-publish","4":"has-post-thumbnail","6":"product_cat-gestion-de-leau","7":"product_shipping_class-logistic","8":"pa_frostproof-oui","9":"pa_materiaal-100-polypropylene-recycle-entierement-recyclable","10":"pa_type-kit-kit-dextension","11":"pa_type-kit-kit-de-base","12":"pa_uv-bestendig-oui","13":"desktop-align-left","14":"tablet-align-left","15":"mobile-align-left","16":"ast-product-gallery-layout-horizontal","17":"ast-product-single-variable","18":"ast-product-tabs-layout-horizontal","20":"first","21":"instock","22":"purchasable","23":"product-type-variable"},"yoast_head":"<!-- This site is optimized with the Yoast SEO plugin v27.4 - https:\/\/yoast.com\/product\/yoast-seo-wordpress\/ -->\n<title>BERA WaterUps Sub-Irrigation Channel - r\u00e9servoir modulaire - BERA BV<\/title>\n<meta name=\"robots\" content=\"index, follow, max-snippet:-1, max-image-preview:large, max-video-preview:-1\" \/>\n<link rel=\"canonical\" href=\"https:\/\/www.bera-bv.com\/fr\/product\/bera-waterups-sub-irrigation-channel-reservoir-modulaire\/\" \/>\n<meta property=\"og:locale\" content=\"fr_FR\" \/>\n<meta property=\"og:type\" content=\"article\" \/>\n<meta property=\"og:title\" content=\"BERA WaterUps Sub-Irrigation Channel - r\u00e9servoir modulaire - BERA BV\" \/>\n<meta property=\"og:description\" content=\"Le BERA\u00ae Sub-Irrigation Channel Basic Kit est la solution \u00ab tout-en-un \u00bb pour les jardini\u00e8res allong\u00e9es ou carr\u00e9es, les bacs de potager de grandes dimensions, mais aussi pour une utilisation dans les bordures ou sous les arbres et autres plantations. Connectez votre kit d\u2019extension \u00e0 votre kit de base pour cr\u00e9er un r\u00e9servoir plus grand.  Que comprend le kit de base ? \u2022 1x WaterUps SIC dimensions 1,34 x 0,47 m \u2022 3x cellules WaterUps \u2022 1x tube d\u2019alimentation \u2022 1x trop-plein \u2022 1x connecteur pour l\u2019extension du SIC \u2022 Sac de 6 litres de perlite Le kit d\u2019extension poss\u00e8de les m\u00eames dimensions, mais il est livr\u00e9 sans tube d\u2019alimentation, capuchon, raccord ni trop-plein.\" \/>\n<meta property=\"og:url\" content=\"https:\/\/www.bera-bv.com\/fr\/product\/bera-waterups-sub-irrigation-channel-reservoir-modulaire\/\" \/>\n<meta property=\"og:site_name\" content=\"BERA BV\" \/>\n<meta property=\"article:modified_time\" content=\"2026-04-13T13:48:26+00:00\" \/>\n<meta property=\"og:image\" content=\"https:\/\/www.bera-bv.com\/wp-content\/uploads\/2025\/12\/WaterUps-Sub-irrigation-channel-inhoud.png\" \/>\n\t<meta property=\"og:image:width\" content=\"1600\" \/>\n\t<meta property=\"og:image:height\" content=\"1600\" \/>\n\t<meta property=\"og:image:type\" content=\"image\/png\" \/>\n<meta name=\"twitter:card\" content=\"summary_large_image\" \/>\n<meta name=\"twitter:label1\" content=\"Dur\u00e9e de lecture estim\u00e9e\" \/>\n\t<meta name=\"twitter:data1\" content=\"3 minutes\" \/>\n<script type=\"application\/ld+json\" class=\"yoast-schema-graph\">{\"@context\":\"https:\\\/\\\/schema.org\",\"@graph\":[{\"@type\":\"WebPage\",\"@id\":\"https:\\\/\\\/www.bera-bv.com\\\/fr\\\/product\\\/bera-waterups-sub-irrigation-channel-reservoir-modulaire\\\/\",\"url\":\"https:\\\/\\\/www.bera-bv.com\\\/fr\\\/product\\\/bera-waterups-sub-irrigation-channel-reservoir-modulaire\\\/\",\"name\":\"BERA WaterUps Sub-Irrigation Channel - r\u00e9servoir modulaire - BERA BV\",\"isPartOf\":{\"@id\":\"https:\\\/\\\/www.bera-bv.com\\\/fr\\\/#website\"},\"primaryImageOfPage\":{\"@id\":\"https:\\\/\\\/www.bera-bv.com\\\/fr\\\/product\\\/bera-waterups-sub-irrigation-channel-reservoir-modulaire\\\/#primaryimage\"},\"image\":{\"@id\":\"https:\\\/\\\/www.bera-bv.com\\\/fr\\\/product\\\/bera-waterups-sub-irrigation-channel-reservoir-modulaire\\\/#primaryimage\"},\"thumbnailUrl\":\"https:\\\/\\\/www.bera-bv.com\\\/wp-content\\\/uploads\\\/2025\\\/12\\\/WaterUps-Sub-irrigation-channel-inhoud.png\",\"datePublished\":\"2025-12-22T11:36:32+00:00\",\"dateModified\":\"2026-04-13T13:48:26+00:00\",\"breadcrumb\":{\"@id\":\"https:\\\/\\\/www.bera-bv.com\\\/fr\\\/product\\\/bera-waterups-sub-irrigation-channel-reservoir-modulaire\\\/#breadcrumb\"},\"inLanguage\":\"fr-FR\",\"potentialAction\":[{\"@type\":\"ReadAction\",\"target\":[\"https:\\\/\\\/www.bera-bv.com\\\/fr\\\/product\\\/bera-waterups-sub-irrigation-channel-reservoir-modulaire\\\/\"]}]},{\"@type\":\"ImageObject\",\"inLanguage\":\"fr-FR\",\"@id\":\"https:\\\/\\\/www.bera-bv.com\\\/fr\\\/product\\\/bera-waterups-sub-irrigation-channel-reservoir-modulaire\\\/#primaryimage\",\"url\":\"https:\\\/\\\/www.bera-bv.com\\\/wp-content\\\/uploads\\\/2025\\\/12\\\/WaterUps-Sub-irrigation-channel-inhoud.png\",\"contentUrl\":\"https:\\\/\\\/www.bera-bv.com\\\/wp-content\\\/uploads\\\/2025\\\/12\\\/WaterUps-Sub-irrigation-channel-inhoud.png\",\"width\":1600,\"height\":1600,\"caption\":\"R\u00e9servoir BERA WaterUps SIC\"},{\"@type\":\"BreadcrumbList\",\"@id\":\"https:\\\/\\\/www.bera-bv.com\\\/fr\\\/product\\\/bera-waterups-sub-irrigation-channel-reservoir-modulaire\\\/#breadcrumb\",\"itemListElement\":[{\"@type\":\"ListItem\",\"position\":1,\"name\":\"Home\",\"item\":\"https:\\\/\\\/www.bera-bv.com\\\/fr\\\/accueil\\\/\"},{\"@type\":\"ListItem\",\"position\":2,\"name\":\"Boutique\",\"item\":\"https:\\\/\\\/www.bera-bv.com\\\/fr\\\/boutique\\\/\"},{\"@type\":\"ListItem\",\"position\":3,\"name\":\"BERA WaterUps Sub-Irrigation Channel &#8211; r\u00e9servoir modulaire\"}]},{\"@type\":\"WebSite\",\"@id\":\"https:\\\/\\\/www.bera-bv.com\\\/fr\\\/#website\",\"url\":\"https:\\\/\\\/www.bera-bv.com\\\/fr\\\/\",\"name\":\"BERA BV\",\"description\":\"Creatief en duurzaam landschapsontwerp\",\"publisher\":{\"@id\":\"https:\\\/\\\/www.bera-bv.com\\\/fr\\\/#organization\"},\"potentialAction\":[{\"@type\":\"SearchAction\",\"target\":{\"@type\":\"EntryPoint\",\"urlTemplate\":\"https:\\\/\\\/www.bera-bv.com\\\/fr\\\/?s={search_term_string}\"},\"query-input\":{\"@type\":\"PropertyValueSpecification\",\"valueRequired\":true,\"valueName\":\"search_term_string\"}}],\"inLanguage\":\"fr-FR\"},{\"@type\":\"Organization\",\"@id\":\"https:\\\/\\\/www.bera-bv.com\\\/fr\\\/#organization\",\"name\":\"BERA BV\",\"url\":\"https:\\\/\\\/www.bera-bv.com\\\/fr\\\/\",\"logo\":{\"@type\":\"ImageObject\",\"inLanguage\":\"fr-FR\",\"@id\":\"https:\\\/\\\/www.bera-bv.com\\\/fr\\\/#\\\/schema\\\/logo\\\/image\\\/\",\"url\":\"https:\\\/\\\/www.bera-bv.com\\\/wp-content\\\/uploads\\\/2025\\\/12\\\/BERA-logo_light.svg\",\"contentUrl\":\"https:\\\/\\\/www.bera-bv.com\\\/wp-content\\\/uploads\\\/2025\\\/12\\\/BERA-logo_light.svg\",\"caption\":\"BERA BV\"},\"image\":{\"@id\":\"https:\\\/\\\/www.bera-bv.com\\\/fr\\\/#\\\/schema\\\/logo\\\/image\\\/\"}}]}<\/script>\n<!-- \/ Yoast SEO plugin. -->","yoast_head_json":{"title":"BERA WaterUps Sub-Irrigation Channel - r\u00e9servoir modulaire - BERA BV","robots":{"index":"index","follow":"follow","max-snippet":"max-snippet:-1","max-image-preview":"max-image-preview:large","max-video-preview":"max-video-preview:-1"},"canonical":"https:\/\/www.bera-bv.com\/fr\/product\/bera-waterups-sub-irrigation-channel-reservoir-modulaire\/","og_locale":"fr_FR","og_type":"article","og_title":"BERA WaterUps Sub-Irrigation Channel - r\u00e9servoir modulaire - BERA BV","og_description":"Le BERA\u00ae Sub-Irrigation Channel Basic Kit est la solution \u00ab tout-en-un \u00bb pour les jardini\u00e8res allong\u00e9es ou carr\u00e9es, les bacs de potager de grandes dimensions, mais aussi pour une utilisation dans les bordures ou sous les arbres et autres plantations. Connectez votre kit d\u2019extension \u00e0 votre kit de base pour cr\u00e9er un r\u00e9servoir plus grand.  Que comprend le kit de base ? \u2022 1x WaterUps SIC dimensions 1,34 x 0,47 m \u2022 3x cellules WaterUps \u2022 1x tube d\u2019alimentation \u2022 1x trop-plein \u2022 1x connecteur pour l\u2019extension du SIC \u2022 Sac de 6 litres de perlite Le kit d\u2019extension poss\u00e8de les m\u00eames dimensions, mais il est livr\u00e9 sans tube d\u2019alimentation, capuchon, raccord ni trop-plein.","og_url":"https:\/\/www.bera-bv.com\/fr\/product\/bera-waterups-sub-irrigation-channel-reservoir-modulaire\/","og_site_name":"BERA BV","article_modified_time":"2026-04-13T13:48:26+00:00","og_image":[{"width":1600,"height":1600,"url":"https:\/\/www.bera-bv.com\/wp-content\/uploads\/2025\/12\/WaterUps-Sub-irrigation-channel-inhoud.png","type":"image\/png"}],"twitter_card":"summary_large_image","twitter_misc":{"Dur\u00e9e de lecture estim\u00e9e":"3 minutes"},"schema":{"@context":"https:\/\/schema.org","@graph":[{"@type":"WebPage","@id":"https:\/\/www.bera-bv.com\/fr\/product\/bera-waterups-sub-irrigation-channel-reservoir-modulaire\/","url":"https:\/\/www.bera-bv.com\/fr\/product\/bera-waterups-sub-irrigation-channel-reservoir-modulaire\/","name":"BERA WaterUps Sub-Irrigation Channel - r\u00e9servoir modulaire - BERA BV","isPartOf":{"@id":"https:\/\/www.bera-bv.com\/fr\/#website"},"primaryImageOfPage":{"@id":"https:\/\/www.bera-bv.com\/fr\/product\/bera-waterups-sub-irrigation-channel-reservoir-modulaire\/#primaryimage"},"image":{"@id":"https:\/\/www.bera-bv.com\/fr\/product\/bera-waterups-sub-irrigation-channel-reservoir-modulaire\/#primaryimage"},"thumbnailUrl":"https:\/\/www.bera-bv.com\/wp-content\/uploads\/2025\/12\/WaterUps-Sub-irrigation-channel-inhoud.png","datePublished":"2025-12-22T11:36:32+00:00","dateModified":"2026-04-13T13:48:26+00:00","breadcrumb":{"@id":"https:\/\/www.bera-bv.com\/fr\/product\/bera-waterups-sub-irrigation-channel-reservoir-modulaire\/#breadcrumb"},"inLanguage":"fr-FR","potentialAction":[{"@type":"ReadAction","target":["https:\/\/www.bera-bv.com\/fr\/product\/bera-waterups-sub-irrigation-channel-reservoir-modulaire\/"]}]},{"@type":"ImageObject","inLanguage":"fr-FR","@id":"https:\/\/www.bera-bv.com\/fr\/product\/bera-waterups-sub-irrigation-channel-reservoir-modulaire\/#primaryimage","url":"https:\/\/www.bera-bv.com\/wp-content\/uploads\/2025\/12\/WaterUps-Sub-irrigation-channel-inhoud.png","contentUrl":"https:\/\/www.bera-bv.com\/wp-content\/uploads\/2025\/12\/WaterUps-Sub-irrigation-channel-inhoud.png","width":1600,"height":1600,"caption":"R\u00e9servoir BERA WaterUps SIC"},{"@type":"BreadcrumbList","@id":"https:\/\/www.bera-bv.com\/fr\/product\/bera-waterups-sub-irrigation-channel-reservoir-modulaire\/#breadcrumb","itemListElement":[{"@type":"ListItem","position":1,"name":"Home","item":"https:\/\/www.bera-bv.com\/fr\/accueil\/"},{"@type":"ListItem","position":2,"name":"Boutique","item":"https:\/\/www.bera-bv.com\/fr\/boutique\/"},{"@type":"ListItem","position":3,"name":"BERA WaterUps Sub-Irrigation Channel &#8211; r\u00e9servoir modulaire"}]},{"@type":"WebSite","@id":"https:\/\/www.bera-bv.com\/fr\/#website","url":"https:\/\/www.bera-bv.com\/fr\/","name":"BERA BV","description":"Creatief en duurzaam landschapsontwerp","publisher":{"@id":"https:\/\/www.bera-bv.com\/fr\/#organization"},"potentialAction":[{"@type":"SearchAction","target":{"@type":"EntryPoint","urlTemplate":"https:\/\/www.bera-bv.com\/fr\/?s={search_term_string}"},"query-input":{"@type":"PropertyValueSpecification","valueRequired":true,"valueName":"search_term_string"}}],"inLanguage":"fr-FR"},{"@type":"Organization","@id":"https:\/\/www.bera-bv.com\/fr\/#organization","name":"BERA BV","url":"https:\/\/www.bera-bv.com\/fr\/","logo":{"@type":"ImageObject","inLanguage":"fr-FR","@id":"https:\/\/www.bera-bv.com\/fr\/#\/schema\/logo\/image\/","url":"https:\/\/www.bera-bv.com\/wp-content\/uploads\/2025\/12\/BERA-logo_light.svg","contentUrl":"https:\/\/www.bera-bv.com\/wp-content\/uploads\/2025\/12\/BERA-logo_light.svg","caption":"BERA BV"},"image":{"@id":"https:\/\/www.bera-bv.com\/fr\/#\/schema\/logo\/image\/"}}]}},"_links":{"self":[{"href":"https:\/\/www.bera-bv.com\/fr\/wp-json\/wp\/v2\/product\/13079","targetHints":{"allow":["GET"]}}],"collection":[{"href":"https:\/\/www.bera-bv.com\/fr\/wp-json\/wp\/v2\/product"}],"about":[{"href":"https:\/\/www.bera-bv.com\/fr\/wp-json\/wp\/v2\/types\/product"}],"wp:featuredmedia":[{"embeddable":true,"href":"https:\/\/www.bera-bv.com\/fr\/wp-json\/wp\/v2\/media\/13080"}],"wp:attachment":[{"href":"https:\/\/www.bera-bv.com\/fr\/wp-json\/wp\/v2\/media?parent=13079"}],"wp:term":[{"taxonomy":"product_brand","embeddable":true,"href":"https:\/\/www.bera-bv.com\/fr\/wp-json\/wp\/v2\/product_brand?post=13079"},{"taxonomy":"product_cat","embeddable":true,"href":"https:\/\/www.bera-bv.com\/fr\/wp-json\/wp\/v2\/product_cat?post=13079"},{"taxonomy":"product_tag","embeddable":true,"href":"https:\/\/www.bera-bv.com\/fr\/wp-json\/wp\/v2\/product_tag?post=13079"}],"curies":[{"name":"wp","href":"https:\/\/api.w.org\/{rel}","templated":true}]}}