{"id":13070,"date":"2026-02-25T15:06:38","date_gmt":"2026-02-25T14:06:38","guid":{"rendered":"http:\/\/bera-bv.com\/product\/bera-eco-edge-bordure-en-rouleau-10-metres-25-metres\/"},"modified":"2026-02-25T15:06:38","modified_gmt":"2026-02-25T14:06:38","slug":"bera-eco-edge-bordure-en-rouleau-10-metres-25-metres","status":"publish","type":"product","link":"https:\/\/www.bera-bv.com\/fr\/product\/bera-eco-edge-bordure-en-rouleau-10-metres-25-metres\/","title":{"rendered":"BERA Eco Edge bordure en rouleau &#8211; 10 m\u00e8tres &#8211; 25 m\u00e8tres"},"content":{"rendered":"<p><strong>Application<\/strong><\/p>\n<ul>\n<li>Pour d\u00e9limiter les pelouses, bordures, all\u00e9es et chemins<\/li>\n<li>Bords de bassin<\/li>\n<li>Pour d\u00e9limiter des formes organiques<\/li>\n<\/ul>\n<p><strong>D\u00e9tails du produit<\/strong><\/p>\n<ul>\n<li>Formats : 1000 x 14 x 0,7 cm \/ 2500 x 14 x 0,7 cm<\/li>\n<li style=\"list-style-type: none;\">\n<li>Couleurs : gris, noir<\/li>\n<li>100 % durable, fabriqu\u00e9 \u00e0 partir de d\u00e9chets plastiques m\u00e9nagers<\/li>\n<li>Imputrescible, r\u00e9sistant \u00e0 l&rsquo;activit\u00e9 microbiologique<\/li>\n<li>R\u00e9sistant aux intemp\u00e9ries et aux UV ; insensible aux acides et au sel<\/li>\n<li>Sans entretien<\/li>\n<li>Facile \u00e0 travailler, comme le bois<\/li>\n<li>Absolument durable, un produit 100 % circulaire<\/li>\n<\/ul>\n<p><strong>Installation<\/strong><\/p>\n<ul>\n<li>Positionnez Eco Edge \u00e0 l&#8217;emplacement souhait\u00e9. Le rouleau se fa\u00e7onne facilement selon les formes organiques voulues. <\/li>\n<li>Creusez une tranch\u00e9e de sorte qu&rsquo;au moins 2\/3 de la hauteur se trouvent sous terre.<\/li>\n<li>Selon le sol, les conditions locales et l&rsquo;usage, choisissez la longueur appropri\u00e9e des piquets Eco Edge. Les piquets massifs assurent une grande stabilit\u00e9 dans toutes les directions. Enfoncez les piquets \u00e0 l&rsquo;arri\u00e8re de la bordure \u00e0 l&rsquo;aide d&rsquo;un maillet en caoutchouc. Veillez \u00e0 ce qu&rsquo;ils arrivent environ 3 cm plus bas que le bord sup\u00e9rieur de la bordure Eco Edge.   <\/li>\n<li>L&rsquo;espacement entre les piquets d\u00e9pend de l&rsquo;usage et des courbes souhait\u00e9es. Pr\u00e9voyez en moyenne un piquet tous les 50 \u00e0 60 cm. <\/li>\n<li>Vissez la bordure aux piquets, \u00e0 raison de 2 vis par piquet. Utilisez de pr\u00e9f\u00e9rence des vis en inox. Utilisez un niveau \u00e0 bulle pour un r\u00e9sultat parfait.  <\/li>\n<li>Comblez la tranch\u00e9e avec le mat\u00e9riau souhait\u00e9 et tassez fermement.<\/li>\n<\/ul>\n","protected":false},"excerpt":{"rendered":"<p><strong>Description<\/strong><br \/>\nLa bordure Eco Edge est fabriqu\u00e9e de mani\u00e8re 100 % durable \u00e0 partir de d\u00e9chets plastiques m\u00e9nagers et assure une s\u00e9paration parfaite entre pelouses, bordures, all\u00e9es et chemins, ou comme bord de bassin.<br \/>\nFacile \u00e0 installer et \u00e0 ancrer avec le <a href=\"https:\/\/www.bera-bv.nl\/webshop\/produkt\/eco-oh-h-profiel-ecopic-grondpen-paaltje\/\">piquet Eco Edge.<\/a><\/p>\n<p>Id\u00e9al pour cr\u00e9er des formes organiques. Pour les d\u00e9limitations droites, vous pouvez utiliser <a href=\"https:\/\/www.bera-bv.nl\/webshop\/product\/bera-eco-edge-bo%E2%80%A6echt-200x14x1-cm\/\">Eco Edge droit<\/a>. <\/p>\n<p>Plus d&rsquo;informations ici<\/p>\n","protected":false},"featured_media":13041,"template":"","meta":{"site-sidebar-layout":"default","site-content-layout":"","ast-site-content-layout":"default","site-content-style":"default","site-sidebar-style":"default","ast-global-header-display":"","ast-banner-title-visibility":"","ast-main-header-display":"","ast-hfb-above-header-display":"","ast-hfb-below-header-display":"","ast-hfb-mobile-header-display":"","site-post-title":"","ast-breadcrumbs-content":"","ast-featured-img":"","footer-sml-layout":"","ast-disable-related-posts":"","theme-transparent-header-meta":"default","adv-header-id-meta":"","stick-header-meta":"default","header-above-stick-meta":"","header-main-stick-meta":"","header-below-stick-meta":"","astra-migrate-meta-layouts":"default","ast-page-background-enabled":"default","ast-page-background-meta":{"desktop":{"background-color":"var(--ast-global-color-4)","background-image":"","background-repeat":"repeat","background-position":"center center","background-size":"auto","background-attachment":"scroll","background-type":"","background-media":"","overlay-type":"","overlay-color":"","overlay-opacity":"","overlay-gradient":""},"tablet":{"background-color":"","background-image":"","background-repeat":"repeat","background-position":"center center","background-size":"auto","background-attachment":"scroll","background-type":"","background-media":"","overlay-type":"","overlay-color":"","overlay-opacity":"","overlay-gradient":""},"mobile":{"background-color":"","background-image":"","background-repeat":"repeat","background-position":"center center","background-size":"auto","background-attachment":"scroll","background-type":"","background-media":"","overlay-type":"","overlay-color":"","overlay-opacity":"","overlay-gradient":""}},"ast-content-background-meta":{"desktop":{"background-color":"var(--ast-global-color-5)","background-image":"","background-repeat":"repeat","background-position":"center center","background-size":"auto","background-attachment":"scroll","background-type":"","background-media":"","overlay-type":"","overlay-color":"","overlay-opacity":"","overlay-gradient":""},"tablet":{"background-color":"var(--ast-global-color-5)","background-image":"","background-repeat":"repeat","background-position":"center center","background-size":"auto","background-attachment":"scroll","background-type":"","background-media":"","overlay-type":"","overlay-color":"","overlay-opacity":"","overlay-gradient":""},"mobile":{"background-color":"var(--ast-global-color-5)","background-image":"","background-repeat":"repeat","background-position":"center center","background-size":"auto","background-attachment":"scroll","background-type":"","background-media":"","overlay-type":"","overlay-color":"","overlay-opacity":"","overlay-gradient":""}}},"product_brand":[],"product_cat":[305],"product_tag":[],"class_list":{"0":"post-13070","1":"product","2":"type-product","3":"status-publish","4":"has-post-thumbnail","6":"product_cat-bordures","7":"product_shipping_class-logistic","8":"pa_formaat-1000-x-14-x-07","9":"pa_formaat-2500-x-14-x-07","10":"pa_kleur-gris","11":"pa_kleur-marron","12":"pa_kleur-noir","13":"desktop-align-left","14":"tablet-align-left","15":"mobile-align-left","16":"ast-product-gallery-layout-horizontal","17":"ast-product-single-variable","18":"ast-product-tabs-layout-horizontal","20":"first","21":"instock","22":"purchasable","23":"product-type-variable"},"yoast_head":"<!-- This site is optimized with the Yoast SEO plugin v27.4 - https:\/\/yoast.com\/product\/yoast-seo-wordpress\/ -->\n<title>BERA Eco Edge bordure en rouleau - 10 m\u00e8tres - 25 m\u00e8tres - BERA BV<\/title>\n<meta name=\"robots\" content=\"index, follow, max-snippet:-1, max-image-preview:large, max-video-preview:-1\" \/>\n<link rel=\"canonical\" href=\"https:\/\/www.bera-bv.com\/fr\/product\/bera-eco-edge-bordure-en-rouleau-10-metres-25-metres\/\" \/>\n<meta property=\"og:locale\" content=\"fr_FR\" \/>\n<meta property=\"og:type\" content=\"article\" \/>\n<meta property=\"og:title\" content=\"BERA Eco Edge bordure en rouleau - 10 m\u00e8tres - 25 m\u00e8tres - BERA BV\" \/>\n<meta property=\"og:description\" content=\"Description La bordure Eco Edge est fabriqu\u00e9e de mani\u00e8re 100 % durable \u00e0 partir de d\u00e9chets plastiques m\u00e9nagers et assure une s\u00e9paration parfaite entre pelouses, bordures, all\u00e9es et chemins, ou comme bord de bassin. Facile \u00e0 installer et \u00e0 ancrer avec le piquet Eco Edge. Id\u00e9al pour cr\u00e9er des formes organiques. Pour les d\u00e9limitations droites, vous pouvez utiliser Eco Edge droit.  Plus d&#039;informations ici\" \/>\n<meta property=\"og:url\" content=\"https:\/\/www.bera-bv.com\/fr\/product\/bera-eco-edge-bordure-en-rouleau-10-metres-25-metres\/\" \/>\n<meta property=\"og:site_name\" content=\"BERA BV\" \/>\n<meta property=\"og:image\" content=\"https:\/\/www.bera-bv.com\/wp-content\/uploads\/2025\/12\/Eco-Edge-randbegrenzing-duurzame-tuin-plank-rol-paaltje.png\" \/>\n\t<meta property=\"og:image:width\" content=\"1500\" \/>\n\t<meta property=\"og:image:height\" content=\"1377\" \/>\n\t<meta property=\"og:image:type\" content=\"image\/png\" \/>\n<meta name=\"twitter:card\" content=\"summary_large_image\" \/>\n<meta name=\"twitter:label1\" content=\"Dur\u00e9e de lecture estim\u00e9e\" \/>\n\t<meta name=\"twitter:data1\" content=\"1 minute\" \/>\n<script type=\"application\/ld+json\" class=\"yoast-schema-graph\">{\"@context\":\"https:\\\/\\\/schema.org\",\"@graph\":[{\"@type\":\"WebPage\",\"@id\":\"https:\\\/\\\/www.bera-bv.com\\\/fr\\\/product\\\/bera-eco-edge-bordure-en-rouleau-10-metres-25-metres\\\/\",\"url\":\"https:\\\/\\\/www.bera-bv.com\\\/fr\\\/product\\\/bera-eco-edge-bordure-en-rouleau-10-metres-25-metres\\\/\",\"name\":\"BERA Eco Edge bordure en rouleau - 10 m\u00e8tres - 25 m\u00e8tres - BERA BV\",\"isPartOf\":{\"@id\":\"https:\\\/\\\/www.bera-bv.com\\\/fr\\\/#website\"},\"primaryImageOfPage\":{\"@id\":\"https:\\\/\\\/www.bera-bv.com\\\/fr\\\/product\\\/bera-eco-edge-bordure-en-rouleau-10-metres-25-metres\\\/#primaryimage\"},\"image\":{\"@id\":\"https:\\\/\\\/www.bera-bv.com\\\/fr\\\/product\\\/bera-eco-edge-bordure-en-rouleau-10-metres-25-metres\\\/#primaryimage\"},\"thumbnailUrl\":\"https:\\\/\\\/www.bera-bv.com\\\/wp-content\\\/uploads\\\/2025\\\/12\\\/Eco-Edge-randbegrenzing-duurzame-tuin-plank-rol-paaltje.png\",\"datePublished\":\"2026-02-25T14:06:38+00:00\",\"breadcrumb\":{\"@id\":\"https:\\\/\\\/www.bera-bv.com\\\/fr\\\/product\\\/bera-eco-edge-bordure-en-rouleau-10-metres-25-metres\\\/#breadcrumb\"},\"inLanguage\":\"fr-FR\",\"potentialAction\":[{\"@type\":\"ReadAction\",\"target\":[\"https:\\\/\\\/www.bera-bv.com\\\/fr\\\/product\\\/bera-eco-edge-bordure-en-rouleau-10-metres-25-metres\\\/\"]}]},{\"@type\":\"ImageObject\",\"inLanguage\":\"fr-FR\",\"@id\":\"https:\\\/\\\/www.bera-bv.com\\\/fr\\\/product\\\/bera-eco-edge-bordure-en-rouleau-10-metres-25-metres\\\/#primaryimage\",\"url\":\"https:\\\/\\\/www.bera-bv.com\\\/wp-content\\\/uploads\\\/2025\\\/12\\\/Eco-Edge-randbegrenzing-duurzame-tuin-plank-rol-paaltje.png\",\"contentUrl\":\"https:\\\/\\\/www.bera-bv.com\\\/wp-content\\\/uploads\\\/2025\\\/12\\\/Eco-Edge-randbegrenzing-duurzame-tuin-plank-rol-paaltje.png\",\"width\":1500,\"height\":1377,\"caption\":\"Bordure recycl\u00e9e bordure de jardin durable\"},{\"@type\":\"BreadcrumbList\",\"@id\":\"https:\\\/\\\/www.bera-bv.com\\\/fr\\\/product\\\/bera-eco-edge-bordure-en-rouleau-10-metres-25-metres\\\/#breadcrumb\",\"itemListElement\":[{\"@type\":\"ListItem\",\"position\":1,\"name\":\"Home\",\"item\":\"https:\\\/\\\/www.bera-bv.com\\\/fr\\\/accueil\\\/\"},{\"@type\":\"ListItem\",\"position\":2,\"name\":\"Boutique\",\"item\":\"https:\\\/\\\/www.bera-bv.com\\\/fr\\\/boutique\\\/\"},{\"@type\":\"ListItem\",\"position\":3,\"name\":\"BERA Eco Edge bordure en rouleau &#8211; 10 m\u00e8tres &#8211; 25 m\u00e8tres\"}]},{\"@type\":\"WebSite\",\"@id\":\"https:\\\/\\\/www.bera-bv.com\\\/fr\\\/#website\",\"url\":\"https:\\\/\\\/www.bera-bv.com\\\/fr\\\/\",\"name\":\"BERA BV\",\"description\":\"Creatief en duurzaam landschapsontwerp\",\"publisher\":{\"@id\":\"https:\\\/\\\/www.bera-bv.com\\\/fr\\\/#organization\"},\"potentialAction\":[{\"@type\":\"SearchAction\",\"target\":{\"@type\":\"EntryPoint\",\"urlTemplate\":\"https:\\\/\\\/www.bera-bv.com\\\/fr\\\/?s={search_term_string}\"},\"query-input\":{\"@type\":\"PropertyValueSpecification\",\"valueRequired\":true,\"valueName\":\"search_term_string\"}}],\"inLanguage\":\"fr-FR\"},{\"@type\":\"Organization\",\"@id\":\"https:\\\/\\\/www.bera-bv.com\\\/fr\\\/#organization\",\"name\":\"BERA BV\",\"url\":\"https:\\\/\\\/www.bera-bv.com\\\/fr\\\/\",\"logo\":{\"@type\":\"ImageObject\",\"inLanguage\":\"fr-FR\",\"@id\":\"https:\\\/\\\/www.bera-bv.com\\\/fr\\\/#\\\/schema\\\/logo\\\/image\\\/\",\"url\":\"https:\\\/\\\/www.bera-bv.com\\\/wp-content\\\/uploads\\\/2025\\\/12\\\/BERA-logo_light.svg\",\"contentUrl\":\"https:\\\/\\\/www.bera-bv.com\\\/wp-content\\\/uploads\\\/2025\\\/12\\\/BERA-logo_light.svg\",\"caption\":\"BERA BV\"},\"image\":{\"@id\":\"https:\\\/\\\/www.bera-bv.com\\\/fr\\\/#\\\/schema\\\/logo\\\/image\\\/\"}}]}<\/script>\n<!-- \/ Yoast SEO plugin. -->","yoast_head_json":{"title":"BERA Eco Edge bordure en rouleau - 10 m\u00e8tres - 25 m\u00e8tres - BERA BV","robots":{"index":"index","follow":"follow","max-snippet":"max-snippet:-1","max-image-preview":"max-image-preview:large","max-video-preview":"max-video-preview:-1"},"canonical":"https:\/\/www.bera-bv.com\/fr\/product\/bera-eco-edge-bordure-en-rouleau-10-metres-25-metres\/","og_locale":"fr_FR","og_type":"article","og_title":"BERA Eco Edge bordure en rouleau - 10 m\u00e8tres - 25 m\u00e8tres - BERA BV","og_description":"Description La bordure Eco Edge est fabriqu\u00e9e de mani\u00e8re 100 % durable \u00e0 partir de d\u00e9chets plastiques m\u00e9nagers et assure une s\u00e9paration parfaite entre pelouses, bordures, all\u00e9es et chemins, ou comme bord de bassin. Facile \u00e0 installer et \u00e0 ancrer avec le piquet Eco Edge. Id\u00e9al pour cr\u00e9er des formes organiques. Pour les d\u00e9limitations droites, vous pouvez utiliser Eco Edge droit.  Plus d'informations ici","og_url":"https:\/\/www.bera-bv.com\/fr\/product\/bera-eco-edge-bordure-en-rouleau-10-metres-25-metres\/","og_site_name":"BERA BV","og_image":[{"width":1500,"height":1377,"url":"https:\/\/www.bera-bv.com\/wp-content\/uploads\/2025\/12\/Eco-Edge-randbegrenzing-duurzame-tuin-plank-rol-paaltje.png","type":"image\/png"}],"twitter_card":"summary_large_image","twitter_misc":{"Dur\u00e9e de lecture estim\u00e9e":"1 minute"},"schema":{"@context":"https:\/\/schema.org","@graph":[{"@type":"WebPage","@id":"https:\/\/www.bera-bv.com\/fr\/product\/bera-eco-edge-bordure-en-rouleau-10-metres-25-metres\/","url":"https:\/\/www.bera-bv.com\/fr\/product\/bera-eco-edge-bordure-en-rouleau-10-metres-25-metres\/","name":"BERA Eco Edge bordure en rouleau - 10 m\u00e8tres - 25 m\u00e8tres - BERA BV","isPartOf":{"@id":"https:\/\/www.bera-bv.com\/fr\/#website"},"primaryImageOfPage":{"@id":"https:\/\/www.bera-bv.com\/fr\/product\/bera-eco-edge-bordure-en-rouleau-10-metres-25-metres\/#primaryimage"},"image":{"@id":"https:\/\/www.bera-bv.com\/fr\/product\/bera-eco-edge-bordure-en-rouleau-10-metres-25-metres\/#primaryimage"},"thumbnailUrl":"https:\/\/www.bera-bv.com\/wp-content\/uploads\/2025\/12\/Eco-Edge-randbegrenzing-duurzame-tuin-plank-rol-paaltje.png","datePublished":"2026-02-25T14:06:38+00:00","breadcrumb":{"@id":"https:\/\/www.bera-bv.com\/fr\/product\/bera-eco-edge-bordure-en-rouleau-10-metres-25-metres\/#breadcrumb"},"inLanguage":"fr-FR","potentialAction":[{"@type":"ReadAction","target":["https:\/\/www.bera-bv.com\/fr\/product\/bera-eco-edge-bordure-en-rouleau-10-metres-25-metres\/"]}]},{"@type":"ImageObject","inLanguage":"fr-FR","@id":"https:\/\/www.bera-bv.com\/fr\/product\/bera-eco-edge-bordure-en-rouleau-10-metres-25-metres\/#primaryimage","url":"https:\/\/www.bera-bv.com\/wp-content\/uploads\/2025\/12\/Eco-Edge-randbegrenzing-duurzame-tuin-plank-rol-paaltje.png","contentUrl":"https:\/\/www.bera-bv.com\/wp-content\/uploads\/2025\/12\/Eco-Edge-randbegrenzing-duurzame-tuin-plank-rol-paaltje.png","width":1500,"height":1377,"caption":"Bordure recycl\u00e9e bordure de jardin durable"},{"@type":"BreadcrumbList","@id":"https:\/\/www.bera-bv.com\/fr\/product\/bera-eco-edge-bordure-en-rouleau-10-metres-25-metres\/#breadcrumb","itemListElement":[{"@type":"ListItem","position":1,"name":"Home","item":"https:\/\/www.bera-bv.com\/fr\/accueil\/"},{"@type":"ListItem","position":2,"name":"Boutique","item":"https:\/\/www.bera-bv.com\/fr\/boutique\/"},{"@type":"ListItem","position":3,"name":"BERA Eco Edge bordure en rouleau &#8211; 10 m\u00e8tres &#8211; 25 m\u00e8tres"}]},{"@type":"WebSite","@id":"https:\/\/www.bera-bv.com\/fr\/#website","url":"https:\/\/www.bera-bv.com\/fr\/","name":"BERA BV","description":"Creatief en duurzaam landschapsontwerp","publisher":{"@id":"https:\/\/www.bera-bv.com\/fr\/#organization"},"potentialAction":[{"@type":"SearchAction","target":{"@type":"EntryPoint","urlTemplate":"https:\/\/www.bera-bv.com\/fr\/?s={search_term_string}"},"query-input":{"@type":"PropertyValueSpecification","valueRequired":true,"valueName":"search_term_string"}}],"inLanguage":"fr-FR"},{"@type":"Organization","@id":"https:\/\/www.bera-bv.com\/fr\/#organization","name":"BERA BV","url":"https:\/\/www.bera-bv.com\/fr\/","logo":{"@type":"ImageObject","inLanguage":"fr-FR","@id":"https:\/\/www.bera-bv.com\/fr\/#\/schema\/logo\/image\/","url":"https:\/\/www.bera-bv.com\/wp-content\/uploads\/2025\/12\/BERA-logo_light.svg","contentUrl":"https:\/\/www.bera-bv.com\/wp-content\/uploads\/2025\/12\/BERA-logo_light.svg","caption":"BERA BV"},"image":{"@id":"https:\/\/www.bera-bv.com\/fr\/#\/schema\/logo\/image\/"}}]}},"_links":{"self":[{"href":"https:\/\/www.bera-bv.com\/fr\/wp-json\/wp\/v2\/product\/13070","targetHints":{"allow":["GET"]}}],"collection":[{"href":"https:\/\/www.bera-bv.com\/fr\/wp-json\/wp\/v2\/product"}],"about":[{"href":"https:\/\/www.bera-bv.com\/fr\/wp-json\/wp\/v2\/types\/product"}],"wp:featuredmedia":[{"embeddable":true,"href":"https:\/\/www.bera-bv.com\/fr\/wp-json\/wp\/v2\/media\/13041"}],"wp:attachment":[{"href":"https:\/\/www.bera-bv.com\/fr\/wp-json\/wp\/v2\/media?parent=13070"}],"wp:term":[{"taxonomy":"product_brand","embeddable":true,"href":"https:\/\/www.bera-bv.com\/fr\/wp-json\/wp\/v2\/product_brand?post=13070"},{"taxonomy":"product_cat","embeddable":true,"href":"https:\/\/www.bera-bv.com\/fr\/wp-json\/wp\/v2\/product_cat?post=13070"},{"taxonomy":"product_tag","embeddable":true,"href":"https:\/\/www.bera-bv.com\/fr\/wp-json\/wp\/v2\/product_tag?post=13070"}],"curies":[{"name":"wp","href":"https:\/\/api.w.org\/{rel}","templated":true}]}}