{"id":13047,"date":"2026-02-25T15:06:38","date_gmt":"2026-02-25T14:06:38","guid":{"rendered":"http:\/\/bera-bv.com\/product\/bera-urbanscape-green-roll\/"},"modified":"2026-02-25T15:06:38","modified_gmt":"2026-02-25T14:06:38","slug":"bera-urbanscape-green-roll","status":"publish","type":"product","link":"https:\/\/www.bera-bv.com\/fr\/product\/bera-urbanscape-green-roll\/","title":{"rendered":"BERA\u00ae Urbanscape Green Roll"},"content":{"rendered":"<p><strong>Application<\/strong><br \/>\nBERA\u00ae Urbanscape Green Roll est un tampon d\u2019eau 100 % naturel pour le dessous des pelouses, des herbes et le fond des jardini\u00e8res. Utilisation tant priv\u00e9e que professionnelle, mais aussi pour les terrains de sport ou les parcours de golf. <\/p>\n<p><strong>D\u00e9tails du produit<\/strong><\/p>\n<ul>\n<li>Laine de roche en rouleau de 6&#215;1 m (6 m2) \u2013 2 cm d\u2019\u00e9paisseur<\/li>\n<li>Absorbe env. 17 litres d\u2019eau par m2, la r\u00e9partit par capillarit\u00e9<\/li>\n<li>Mat\u00e9riau 100 % naturel, sans aucun additif chimique<\/li>\n<li>Convient \u00e0 toutes les plantes, enti\u00e8rement compostable<\/li>\n<li>\u00c9conomies substantielles d\u2019eau et de nutriments jusqu\u2019\u00e0 environ 50 %<\/li>\n<li>Am\u00e9lioration du sol, longue dur\u00e9e de vie<\/li>\n<li>Meilleure croissance et d\u00e9veloppement de la plante ou du gazon<\/li>\n<li>Rendement plus \u00e9lev\u00e9 et meilleure r\u00e9sistance de la plante<\/li>\n<\/ul>\n","protected":false},"excerpt":{"rendered":"<p>Urbanscape Green Roll est fabriqu\u00e9 \u00e0 partir de fibres de roche 100 % naturelles et s\u2019utilise sous la pelouse ou au fond des jardini\u00e8res. L\u2019eau et les nutriments sont stock\u00e9s dans Urbanscape Green Roll et sont toujours directement disponibles pour \u00eatre absorb\u00e9s par le gazon ou les plantations. Les Green Rolls am\u00e9liorent la qualit\u00e9 du sol et aident les plantes \u00e0 survivre dans des conditions difficiles. Gr\u00e2ce au stockage dans la structure ouverte, l\u2019eau ne peut pas s\u2019\u00e9vaporer ni s\u2019infiltrer dans le sol.   <\/p>\n<p>En cas d\u2019exc\u00e8s d\u2019eau, celle-ci s\u2019infiltrera dans la nappe phr\u00e9atique comme d\u2019habitude.<\/p>\n<p>BERA\u00ae Urbanscape Green Roll permet d\u2019\u00e9conomiser du temps et des co\u00fbts d\u2019entretien et d\u2019arrosage. Gr\u00e2ce au tamponnage de l\u2019eau et des nutriments, des \u00e9conomies allant jusqu\u2019\u00e0 50 % sont possibles. <\/p>\n<p>Vous obtiendrez plus d\u2019informations <a href=\"https:\/\/www.bera-bv.nl\/eco-en-watersystems\/bera-urbanscape\/\" target=\"_blank\" rel=\"noopener noreferrer\">ici<\/a><\/p>\n","protected":false},"featured_media":13048,"template":"","meta":{"site-sidebar-layout":"default","site-content-layout":"","ast-site-content-layout":"default","site-content-style":"default","site-sidebar-style":"default","ast-global-header-display":"","ast-banner-title-visibility":"","ast-main-header-display":"","ast-hfb-above-header-display":"","ast-hfb-below-header-display":"","ast-hfb-mobile-header-display":"","site-post-title":"","ast-breadcrumbs-content":"","ast-featured-img":"","footer-sml-layout":"","ast-disable-related-posts":"","theme-transparent-header-meta":"default","adv-header-id-meta":"","stick-header-meta":"default","header-above-stick-meta":"","header-main-stick-meta":"","header-below-stick-meta":"","astra-migrate-meta-layouts":"default","ast-page-background-enabled":"default","ast-page-background-meta":{"desktop":{"background-color":"var(--ast-global-color-4)","background-image":"","background-repeat":"repeat","background-position":"center center","background-size":"auto","background-attachment":"scroll","background-type":"","background-media":"","overlay-type":"","overlay-color":"","overlay-opacity":"","overlay-gradient":""},"tablet":{"background-color":"","background-image":"","background-repeat":"repeat","background-position":"center center","background-size":"auto","background-attachment":"scroll","background-type":"","background-media":"","overlay-type":"","overlay-color":"","overlay-opacity":"","overlay-gradient":""},"mobile":{"background-color":"","background-image":"","background-repeat":"repeat","background-position":"center center","background-size":"auto","background-attachment":"scroll","background-type":"","background-media":"","overlay-type":"","overlay-color":"","overlay-opacity":"","overlay-gradient":""}},"ast-content-background-meta":{"desktop":{"background-color":"var(--ast-global-color-5)","background-image":"","background-repeat":"repeat","background-position":"center center","background-size":"auto","background-attachment":"scroll","background-type":"","background-media":"","overlay-type":"","overlay-color":"","overlay-opacity":"","overlay-gradient":""},"tablet":{"background-color":"var(--ast-global-color-5)","background-image":"","background-repeat":"repeat","background-position":"center center","background-size":"auto","background-attachment":"scroll","background-type":"","background-media":"","overlay-type":"","overlay-color":"","overlay-opacity":"","overlay-gradient":""},"mobile":{"background-color":"var(--ast-global-color-5)","background-image":"","background-repeat":"repeat","background-position":"center center","background-size":"auto","background-attachment":"scroll","background-type":"","background-media":"","overlay-type":"","overlay-color":"","overlay-opacity":"","overlay-gradient":""}}},"product_brand":[],"product_cat":[326],"product_tag":[],"class_list":{"0":"post-13047","1":"product","2":"type-product","3":"status-publish","4":"has-post-thumbnail","6":"product_cat-gestion-de-leau","7":"product_shipping_class-parcel","8":"desktop-align-left","9":"tablet-align-left","10":"mobile-align-left","11":"ast-product-gallery-layout-horizontal","12":"ast-product-tabs-layout-horizontal","14":"first","15":"instock","16":"purchasable","17":"product-type-simple"},"yoast_head":"<!-- This site is optimized with the Yoast SEO plugin v27.4 - https:\/\/yoast.com\/product\/yoast-seo-wordpress\/ -->\n<title>BERA\u00ae Urbanscape Green Roll - BERA BV<\/title>\n<meta name=\"robots\" content=\"index, follow, max-snippet:-1, max-image-preview:large, max-video-preview:-1\" \/>\n<link rel=\"canonical\" href=\"https:\/\/www.bera-bv.com\/fr\/product\/bera-urbanscape-green-roll\/\" \/>\n<meta property=\"og:locale\" content=\"fr_FR\" \/>\n<meta property=\"og:type\" content=\"article\" \/>\n<meta property=\"og:title\" content=\"BERA\u00ae Urbanscape Green Roll - BERA BV\" \/>\n<meta property=\"og:description\" content=\"Urbanscape Green Roll est fabriqu\u00e9 \u00e0 partir de fibres de roche 100 % naturelles et s\u2019utilise sous la pelouse ou au fond des jardini\u00e8res. L\u2019eau et les nutriments sont stock\u00e9s dans Urbanscape Green Roll et sont toujours directement disponibles pour \u00eatre absorb\u00e9s par le gazon ou les plantations. Les Green Rolls am\u00e9liorent la qualit\u00e9 du sol et aident les plantes \u00e0 survivre dans des conditions difficiles. Gr\u00e2ce au stockage dans la structure ouverte, l\u2019eau ne peut pas s\u2019\u00e9vaporer ni s\u2019infiltrer dans le sol.   En cas d\u2019exc\u00e8s d\u2019eau, celle-ci s\u2019infiltrera dans la nappe phr\u00e9atique comme d\u2019habitude. BERA\u00ae Urbanscape Green Roll permet d\u2019\u00e9conomiser du temps et des co\u00fbts d\u2019entretien et d\u2019arrosage. Gr\u00e2ce au tamponnage de l\u2019eau et des nutriments, des \u00e9conomies allant jusqu\u2019\u00e0 50 % sont possibles.  Vous obtiendrez plus d\u2019informations ici\" \/>\n<meta property=\"og:url\" content=\"https:\/\/www.bera-bv.com\/fr\/product\/bera-urbanscape-green-roll\/\" \/>\n<meta property=\"og:site_name\" content=\"BERA BV\" \/>\n<meta property=\"og:image\" content=\"https:\/\/www.bera-bv.com\/wp-content\/uploads\/2025\/12\/Urbanscape_Rasenmatte.png\" \/>\n\t<meta property=\"og:image:width\" content=\"800\" \/>\n\t<meta property=\"og:image:height\" content=\"530\" \/>\n\t<meta property=\"og:image:type\" content=\"image\/png\" \/>\n<meta name=\"twitter:card\" content=\"summary_large_image\" \/>\n<meta name=\"twitter:label1\" content=\"Dur\u00e9e de lecture estim\u00e9e\" \/>\n\t<meta name=\"twitter:data1\" content=\"1 minute\" \/>\n<script type=\"application\/ld+json\" class=\"yoast-schema-graph\">{\"@context\":\"https:\\\/\\\/schema.org\",\"@graph\":[{\"@type\":\"WebPage\",\"@id\":\"https:\\\/\\\/www.bera-bv.com\\\/fr\\\/product\\\/bera-urbanscape-green-roll\\\/\",\"url\":\"https:\\\/\\\/www.bera-bv.com\\\/fr\\\/product\\\/bera-urbanscape-green-roll\\\/\",\"name\":\"BERA\u00ae Urbanscape Green Roll - BERA BV\",\"isPartOf\":{\"@id\":\"https:\\\/\\\/www.bera-bv.com\\\/fr\\\/#website\"},\"primaryImageOfPage\":{\"@id\":\"https:\\\/\\\/www.bera-bv.com\\\/fr\\\/product\\\/bera-urbanscape-green-roll\\\/#primaryimage\"},\"image\":{\"@id\":\"https:\\\/\\\/www.bera-bv.com\\\/fr\\\/product\\\/bera-urbanscape-green-roll\\\/#primaryimage\"},\"thumbnailUrl\":\"https:\\\/\\\/www.bera-bv.com\\\/wp-content\\\/uploads\\\/2025\\\/12\\\/Urbanscape_Rasenmatte.png\",\"datePublished\":\"2026-02-25T14:06:38+00:00\",\"breadcrumb\":{\"@id\":\"https:\\\/\\\/www.bera-bv.com\\\/fr\\\/product\\\/bera-urbanscape-green-roll\\\/#breadcrumb\"},\"inLanguage\":\"fr-FR\",\"potentialAction\":[{\"@type\":\"ReadAction\",\"target\":[\"https:\\\/\\\/www.bera-bv.com\\\/fr\\\/product\\\/bera-urbanscape-green-roll\\\/\"]}]},{\"@type\":\"ImageObject\",\"inLanguage\":\"fr-FR\",\"@id\":\"https:\\\/\\\/www.bera-bv.com\\\/fr\\\/product\\\/bera-urbanscape-green-roll\\\/#primaryimage\",\"url\":\"https:\\\/\\\/www.bera-bv.com\\\/wp-content\\\/uploads\\\/2025\\\/12\\\/Urbanscape_Rasenmatte.png\",\"contentUrl\":\"https:\\\/\\\/www.bera-bv.com\\\/wp-content\\\/uploads\\\/2025\\\/12\\\/Urbanscape_Rasenmatte.png\",\"width\":800,\"height\":530},{\"@type\":\"BreadcrumbList\",\"@id\":\"https:\\\/\\\/www.bera-bv.com\\\/fr\\\/product\\\/bera-urbanscape-green-roll\\\/#breadcrumb\",\"itemListElement\":[{\"@type\":\"ListItem\",\"position\":1,\"name\":\"Home\",\"item\":\"https:\\\/\\\/www.bera-bv.com\\\/fr\\\/accueil\\\/\"},{\"@type\":\"ListItem\",\"position\":2,\"name\":\"Boutique\",\"item\":\"https:\\\/\\\/www.bera-bv.com\\\/fr\\\/boutique\\\/\"},{\"@type\":\"ListItem\",\"position\":3,\"name\":\"BERA\u00ae Urbanscape Green Roll\"}]},{\"@type\":\"WebSite\",\"@id\":\"https:\\\/\\\/www.bera-bv.com\\\/fr\\\/#website\",\"url\":\"https:\\\/\\\/www.bera-bv.com\\\/fr\\\/\",\"name\":\"BERA BV\",\"description\":\"Creatief en duurzaam landschapsontwerp\",\"publisher\":{\"@id\":\"https:\\\/\\\/www.bera-bv.com\\\/fr\\\/#organization\"},\"potentialAction\":[{\"@type\":\"SearchAction\",\"target\":{\"@type\":\"EntryPoint\",\"urlTemplate\":\"https:\\\/\\\/www.bera-bv.com\\\/fr\\\/?s={search_term_string}\"},\"query-input\":{\"@type\":\"PropertyValueSpecification\",\"valueRequired\":true,\"valueName\":\"search_term_string\"}}],\"inLanguage\":\"fr-FR\"},{\"@type\":\"Organization\",\"@id\":\"https:\\\/\\\/www.bera-bv.com\\\/fr\\\/#organization\",\"name\":\"BERA BV\",\"url\":\"https:\\\/\\\/www.bera-bv.com\\\/fr\\\/\",\"logo\":{\"@type\":\"ImageObject\",\"inLanguage\":\"fr-FR\",\"@id\":\"https:\\\/\\\/www.bera-bv.com\\\/fr\\\/#\\\/schema\\\/logo\\\/image\\\/\",\"url\":\"https:\\\/\\\/www.bera-bv.com\\\/wp-content\\\/uploads\\\/2025\\\/12\\\/BERA-logo_light.svg\",\"contentUrl\":\"https:\\\/\\\/www.bera-bv.com\\\/wp-content\\\/uploads\\\/2025\\\/12\\\/BERA-logo_light.svg\",\"caption\":\"BERA BV\"},\"image\":{\"@id\":\"https:\\\/\\\/www.bera-bv.com\\\/fr\\\/#\\\/schema\\\/logo\\\/image\\\/\"}}]}<\/script>\n<!-- \/ Yoast SEO plugin. -->","yoast_head_json":{"title":"BERA\u00ae Urbanscape Green Roll - BERA BV","robots":{"index":"index","follow":"follow","max-snippet":"max-snippet:-1","max-image-preview":"max-image-preview:large","max-video-preview":"max-video-preview:-1"},"canonical":"https:\/\/www.bera-bv.com\/fr\/product\/bera-urbanscape-green-roll\/","og_locale":"fr_FR","og_type":"article","og_title":"BERA\u00ae Urbanscape Green Roll - BERA BV","og_description":"Urbanscape Green Roll est fabriqu\u00e9 \u00e0 partir de fibres de roche 100 % naturelles et s\u2019utilise sous la pelouse ou au fond des jardini\u00e8res. L\u2019eau et les nutriments sont stock\u00e9s dans Urbanscape Green Roll et sont toujours directement disponibles pour \u00eatre absorb\u00e9s par le gazon ou les plantations. Les Green Rolls am\u00e9liorent la qualit\u00e9 du sol et aident les plantes \u00e0 survivre dans des conditions difficiles. Gr\u00e2ce au stockage dans la structure ouverte, l\u2019eau ne peut pas s\u2019\u00e9vaporer ni s\u2019infiltrer dans le sol.   En cas d\u2019exc\u00e8s d\u2019eau, celle-ci s\u2019infiltrera dans la nappe phr\u00e9atique comme d\u2019habitude. BERA\u00ae Urbanscape Green Roll permet d\u2019\u00e9conomiser du temps et des co\u00fbts d\u2019entretien et d\u2019arrosage. Gr\u00e2ce au tamponnage de l\u2019eau et des nutriments, des \u00e9conomies allant jusqu\u2019\u00e0 50 % sont possibles.  Vous obtiendrez plus d\u2019informations ici","og_url":"https:\/\/www.bera-bv.com\/fr\/product\/bera-urbanscape-green-roll\/","og_site_name":"BERA BV","og_image":[{"width":800,"height":530,"url":"https:\/\/www.bera-bv.com\/wp-content\/uploads\/2025\/12\/Urbanscape_Rasenmatte.png","type":"image\/png"}],"twitter_card":"summary_large_image","twitter_misc":{"Dur\u00e9e de lecture estim\u00e9e":"1 minute"},"schema":{"@context":"https:\/\/schema.org","@graph":[{"@type":"WebPage","@id":"https:\/\/www.bera-bv.com\/fr\/product\/bera-urbanscape-green-roll\/","url":"https:\/\/www.bera-bv.com\/fr\/product\/bera-urbanscape-green-roll\/","name":"BERA\u00ae Urbanscape Green Roll - BERA BV","isPartOf":{"@id":"https:\/\/www.bera-bv.com\/fr\/#website"},"primaryImageOfPage":{"@id":"https:\/\/www.bera-bv.com\/fr\/product\/bera-urbanscape-green-roll\/#primaryimage"},"image":{"@id":"https:\/\/www.bera-bv.com\/fr\/product\/bera-urbanscape-green-roll\/#primaryimage"},"thumbnailUrl":"https:\/\/www.bera-bv.com\/wp-content\/uploads\/2025\/12\/Urbanscape_Rasenmatte.png","datePublished":"2026-02-25T14:06:38+00:00","breadcrumb":{"@id":"https:\/\/www.bera-bv.com\/fr\/product\/bera-urbanscape-green-roll\/#breadcrumb"},"inLanguage":"fr-FR","potentialAction":[{"@type":"ReadAction","target":["https:\/\/www.bera-bv.com\/fr\/product\/bera-urbanscape-green-roll\/"]}]},{"@type":"ImageObject","inLanguage":"fr-FR","@id":"https:\/\/www.bera-bv.com\/fr\/product\/bera-urbanscape-green-roll\/#primaryimage","url":"https:\/\/www.bera-bv.com\/wp-content\/uploads\/2025\/12\/Urbanscape_Rasenmatte.png","contentUrl":"https:\/\/www.bera-bv.com\/wp-content\/uploads\/2025\/12\/Urbanscape_Rasenmatte.png","width":800,"height":530},{"@type":"BreadcrumbList","@id":"https:\/\/www.bera-bv.com\/fr\/product\/bera-urbanscape-green-roll\/#breadcrumb","itemListElement":[{"@type":"ListItem","position":1,"name":"Home","item":"https:\/\/www.bera-bv.com\/fr\/accueil\/"},{"@type":"ListItem","position":2,"name":"Boutique","item":"https:\/\/www.bera-bv.com\/fr\/boutique\/"},{"@type":"ListItem","position":3,"name":"BERA\u00ae Urbanscape Green Roll"}]},{"@type":"WebSite","@id":"https:\/\/www.bera-bv.com\/fr\/#website","url":"https:\/\/www.bera-bv.com\/fr\/","name":"BERA BV","description":"Creatief en duurzaam landschapsontwerp","publisher":{"@id":"https:\/\/www.bera-bv.com\/fr\/#organization"},"potentialAction":[{"@type":"SearchAction","target":{"@type":"EntryPoint","urlTemplate":"https:\/\/www.bera-bv.com\/fr\/?s={search_term_string}"},"query-input":{"@type":"PropertyValueSpecification","valueRequired":true,"valueName":"search_term_string"}}],"inLanguage":"fr-FR"},{"@type":"Organization","@id":"https:\/\/www.bera-bv.com\/fr\/#organization","name":"BERA BV","url":"https:\/\/www.bera-bv.com\/fr\/","logo":{"@type":"ImageObject","inLanguage":"fr-FR","@id":"https:\/\/www.bera-bv.com\/fr\/#\/schema\/logo\/image\/","url":"https:\/\/www.bera-bv.com\/wp-content\/uploads\/2025\/12\/BERA-logo_light.svg","contentUrl":"https:\/\/www.bera-bv.com\/wp-content\/uploads\/2025\/12\/BERA-logo_light.svg","caption":"BERA BV"},"image":{"@id":"https:\/\/www.bera-bv.com\/fr\/#\/schema\/logo\/image\/"}}]}},"_links":{"self":[{"href":"https:\/\/www.bera-bv.com\/fr\/wp-json\/wp\/v2\/product\/13047","targetHints":{"allow":["GET"]}}],"collection":[{"href":"https:\/\/www.bera-bv.com\/fr\/wp-json\/wp\/v2\/product"}],"about":[{"href":"https:\/\/www.bera-bv.com\/fr\/wp-json\/wp\/v2\/types\/product"}],"wp:featuredmedia":[{"embeddable":true,"href":"https:\/\/www.bera-bv.com\/fr\/wp-json\/wp\/v2\/media\/13048"}],"wp:attachment":[{"href":"https:\/\/www.bera-bv.com\/fr\/wp-json\/wp\/v2\/media?parent=13047"}],"wp:term":[{"taxonomy":"product_brand","embeddable":true,"href":"https:\/\/www.bera-bv.com\/fr\/wp-json\/wp\/v2\/product_brand?post=13047"},{"taxonomy":"product_cat","embeddable":true,"href":"https:\/\/www.bera-bv.com\/fr\/wp-json\/wp\/v2\/product_cat?post=13047"},{"taxonomy":"product_tag","embeddable":true,"href":"https:\/\/www.bera-bv.com\/fr\/wp-json\/wp\/v2\/product_tag?post=13047"}],"curies":[{"name":"wp","href":"https:\/\/api.w.org\/{rel}","templated":true}]}}