{"id":13039,"date":"2025-12-21T12:35:55","date_gmt":"2025-12-21T11:35:55","guid":{"rendered":"http:\/\/bera-bv.com\/product\/10-pieces-piquet-eco-edge-pieu\/"},"modified":"2026-03-16T09:57:09","modified_gmt":"2026-03-16T08:57:09","slug":"10-pieces-piquet-eco-edge-pieu","status":"publish","type":"product","link":"https:\/\/www.bera-bv.com\/fr\/product\/10-pieces-piquet-eco-edge-pieu\/","title":{"rendered":"10 pi\u00e8ces Piquet Eco Edge &#8211; Pieu"},"content":{"rendered":"<p><strong>Application<\/strong><\/p>\n<ul>\n<li>Pour l\u2019ancrage de la bordure Eco Edge entre pelouses, parterres, sentiers et all\u00e9es<\/li>\n<li>Bordures de bassin<\/li>\n<\/ul>\n<p><strong>D\u00e9tails du produit<\/strong><\/p>\n<ul>\n<li>Longueur : 30 cm<\/li>\n<li style=\"list-style-type: none;\">\n<li>Couleurs : gris<\/li>\n<li>100 % durable, produit \u00e0 partir de d\u00e9chets plastiques m\u00e9nagers<\/li>\n<li>Imputrescible, r\u00e9sistant \u00e0 l\u2019activit\u00e9 microbiologique<\/li>\n<li>R\u00e9sistant aux intemp\u00e9ries et aux UV &amp; insensible aux acides et au sel<\/li>\n<li>Sans entretien<\/li>\n<li>Facile \u00e0 travailler comme le bois<\/li>\n<li>Absolument durable, un produit 100 % circulaire<\/li>\n<\/ul>\n<p><strong>Pose<\/strong><\/p>\n<ul>\n<li>Positionnez Eco Edge \u00e0 l\u2019emplacement souhait\u00e9 pour la bordure. Le rouleau se fa\u00e7onne facilement selon les formes organiques voulues. <\/li>\n<li>Creusez une tranch\u00e9e de sorte qu\u2019au moins 2\/3 de la hauteur se trouve sous terre.<\/li>\n<li>Selon le sol, les conditions locales et l\u2019usage, choisissez la longueur appropri\u00e9e des piquets Eco Edge. Les piquets pleins assurent une grande stabilit\u00e9 dans toutes les directions. Enfoncez les piquets \u00e0 l\u2019arri\u00e8re de la bordure \u00e0 l\u2019aide d\u2019un maillet en caoutchouc. Veillez \u00e0 ce qu\u2019ils arrivent env. 3 cm plus bas que le bord sup\u00e9rieur de la bordure Eco Edge.   <\/li>\n<li>L\u2019espacement entre les piquets d\u00e9pend de l\u2019usage, mais aussi des courbes souhait\u00e9es. Pr\u00e9voyez en moyenne 1 piquet tous les 50-60 cm. <\/li>\n<li>Vissez la bordure aux piquets, 2 par piquet. Utilisez de pr\u00e9f\u00e9rence des vis en inox. Utilisez un niveau \u00e0 bulle pour un r\u00e9sultat parfait.  <\/li>\n<li>Comblez la tranch\u00e9e avec le mat\u00e9riau souhait\u00e9 et tassez fermement.<\/li>\n<\/ul>\n","protected":false},"excerpt":{"rendered":"<p><strong>Description<\/strong><br \/>\nLa bordure Eco Edge est produite de mani\u00e8re 100 % durable \u00e0 partir de d\u00e9chets plastiques m\u00e9nagers et assure une d\u00e9limitation parfaite entre pelouses, parterres, sentiers et all\u00e9es ou comme bord de bassin.<br \/>\nFacile \u00e0 poser et \u00e0 ancrer avec le piquet plein Eco Edge.<\/p>\n<p>Le piquet Eco Edge s\u2019utilise avec <a href=\"https:\/\/www.bera-bv.nl\/webshop\/product\/bera-eco-edge-borderrand-rol\/\">Eco Edge en rouleau<\/a> et <a href=\"https:\/\/www.bera-bv.nl\/webshop\/product\/bera-eco-edge-bo%E2%80%A6echt-200x14x1-cm\/\">Eco Edge droit<\/a>.<\/p>\n<p>Plus d\u2019informations ici<\/p>\n","protected":false},"featured_media":13040,"template":"","meta":{"site-sidebar-layout":"default","site-content-layout":"","ast-site-content-layout":"default","site-content-style":"default","site-sidebar-style":"default","ast-global-header-display":"","ast-banner-title-visibility":"","ast-main-header-display":"","ast-hfb-above-header-display":"","ast-hfb-below-header-display":"","ast-hfb-mobile-header-display":"","site-post-title":"","ast-breadcrumbs-content":"","ast-featured-img":"","footer-sml-layout":"","ast-disable-related-posts":"","theme-transparent-header-meta":"default","adv-header-id-meta":"","stick-header-meta":"default","header-above-stick-meta":"","header-main-stick-meta":"","header-below-stick-meta":"","astra-migrate-meta-layouts":"default","ast-page-background-enabled":"default","ast-page-background-meta":{"desktop":{"background-color":"var(--ast-global-color-4)","background-image":"","background-repeat":"repeat","background-position":"center center","background-size":"auto","background-attachment":"scroll","background-type":"","background-media":"","overlay-type":"","overlay-color":"","overlay-opacity":"","overlay-gradient":""},"tablet":{"background-color":"","background-image":"","background-repeat":"repeat","background-position":"center center","background-size":"auto","background-attachment":"scroll","background-type":"","background-media":"","overlay-type":"","overlay-color":"","overlay-opacity":"","overlay-gradient":""},"mobile":{"background-color":"","background-image":"","background-repeat":"repeat","background-position":"center center","background-size":"auto","background-attachment":"scroll","background-type":"","background-media":"","overlay-type":"","overlay-color":"","overlay-opacity":"","overlay-gradient":""}},"ast-content-background-meta":{"desktop":{"background-color":"var(--ast-global-color-5)","background-image":"","background-repeat":"repeat","background-position":"center center","background-size":"auto","background-attachment":"scroll","background-type":"","background-media":"","overlay-type":"","overlay-color":"","overlay-opacity":"","overlay-gradient":""},"tablet":{"background-color":"var(--ast-global-color-5)","background-image":"","background-repeat":"repeat","background-position":"center center","background-size":"auto","background-attachment":"scroll","background-type":"","background-media":"","overlay-type":"","overlay-color":"","overlay-opacity":"","overlay-gradient":""},"mobile":{"background-color":"var(--ast-global-color-5)","background-image":"","background-repeat":"repeat","background-position":"center center","background-size":"auto","background-attachment":"scroll","background-type":"","background-media":"","overlay-type":"","overlay-color":"","overlay-opacity":"","overlay-gradient":""}}},"product_brand":[],"product_cat":[305],"product_tag":[],"class_list":{"0":"post-13039","1":"product","2":"type-product","3":"status-publish","4":"has-post-thumbnail","6":"product_cat-bordures","7":"product_shipping_class-parcel","8":"pa_formaat-30-cm","9":"pa_formaat-30-cm-58-cm-76-cm","10":"pa_kleur-gris","11":"desktop-align-left","12":"tablet-align-left","13":"mobile-align-left","14":"ast-product-gallery-layout-horizontal","15":"ast-product-single-variable","16":"ast-product-tabs-layout-horizontal","18":"first","19":"instock","20":"product-type-variable"},"yoast_head":"<!-- This site is optimized with the Yoast SEO plugin v27.4 - https:\/\/yoast.com\/product\/yoast-seo-wordpress\/ -->\n<title>10 pi\u00e8ces Piquet Eco Edge - Pieu - BERA BV<\/title>\n<meta name=\"robots\" content=\"index, follow, max-snippet:-1, max-image-preview:large, max-video-preview:-1\" \/>\n<link rel=\"canonical\" href=\"https:\/\/www.bera-bv.com\/fr\/product\/10-pieces-piquet-eco-edge-pieu\/\" \/>\n<meta property=\"og:locale\" content=\"fr_FR\" \/>\n<meta property=\"og:type\" content=\"article\" \/>\n<meta property=\"og:title\" content=\"10 pi\u00e8ces Piquet Eco Edge - Pieu - BERA BV\" \/>\n<meta property=\"og:description\" content=\"Description La bordure Eco Edge est produite de mani\u00e8re 100 % durable \u00e0 partir de d\u00e9chets plastiques m\u00e9nagers et assure une d\u00e9limitation parfaite entre pelouses, parterres, sentiers et all\u00e9es ou comme bord de bassin. Facile \u00e0 poser et \u00e0 ancrer avec le piquet plein Eco Edge. Le piquet Eco Edge s\u2019utilise avec Eco Edge en rouleau et Eco Edge droit. Plus d\u2019informations ici\" \/>\n<meta property=\"og:url\" content=\"https:\/\/www.bera-bv.com\/fr\/product\/10-pieces-piquet-eco-edge-pieu\/\" \/>\n<meta property=\"og:site_name\" content=\"BERA BV\" \/>\n<meta property=\"article:modified_time\" content=\"2026-03-16T08:57:09+00:00\" \/>\n<meta property=\"og:image\" content=\"https:\/\/www.bera-bv.com\/wp-content\/uploads\/2025\/12\/1410828-2-eco-edge-randbegrenzing-recycled-tuin-paaltje-1024x854.png\" \/>\n\t<meta property=\"og:image:width\" content=\"1024\" \/>\n\t<meta property=\"og:image:height\" content=\"854\" \/>\n\t<meta property=\"og:image:type\" content=\"image\/png\" \/>\n<meta name=\"twitter:card\" content=\"summary_large_image\" \/>\n<meta name=\"twitter:label1\" content=\"Dur\u00e9e de lecture estim\u00e9e\" \/>\n\t<meta name=\"twitter:data1\" content=\"1 minute\" \/>\n<script type=\"application\/ld+json\" class=\"yoast-schema-graph\">{\"@context\":\"https:\\\/\\\/schema.org\",\"@graph\":[{\"@type\":\"WebPage\",\"@id\":\"https:\\\/\\\/www.bera-bv.com\\\/fr\\\/product\\\/10-pieces-piquet-eco-edge-pieu\\\/\",\"url\":\"https:\\\/\\\/www.bera-bv.com\\\/fr\\\/product\\\/10-pieces-piquet-eco-edge-pieu\\\/\",\"name\":\"10 pi\u00e8ces Piquet Eco Edge - Pieu - BERA BV\",\"isPartOf\":{\"@id\":\"https:\\\/\\\/www.bera-bv.com\\\/fr\\\/#website\"},\"primaryImageOfPage\":{\"@id\":\"https:\\\/\\\/www.bera-bv.com\\\/fr\\\/product\\\/10-pieces-piquet-eco-edge-pieu\\\/#primaryimage\"},\"image\":{\"@id\":\"https:\\\/\\\/www.bera-bv.com\\\/fr\\\/product\\\/10-pieces-piquet-eco-edge-pieu\\\/#primaryimage\"},\"thumbnailUrl\":\"https:\\\/\\\/www.bera-bv.com\\\/wp-content\\\/uploads\\\/2025\\\/12\\\/1410828-2-eco-edge-randbegrenzing-recycled-tuin-paaltje.png\",\"datePublished\":\"2025-12-21T11:35:55+00:00\",\"dateModified\":\"2026-03-16T08:57:09+00:00\",\"breadcrumb\":{\"@id\":\"https:\\\/\\\/www.bera-bv.com\\\/fr\\\/product\\\/10-pieces-piquet-eco-edge-pieu\\\/#breadcrumb\"},\"inLanguage\":\"fr-FR\",\"potentialAction\":[{\"@type\":\"ReadAction\",\"target\":[\"https:\\\/\\\/www.bera-bv.com\\\/fr\\\/product\\\/10-pieces-piquet-eco-edge-pieu\\\/\"]}]},{\"@type\":\"ImageObject\",\"inLanguage\":\"fr-FR\",\"@id\":\"https:\\\/\\\/www.bera-bv.com\\\/fr\\\/product\\\/10-pieces-piquet-eco-edge-pieu\\\/#primaryimage\",\"url\":\"https:\\\/\\\/www.bera-bv.com\\\/wp-content\\\/uploads\\\/2025\\\/12\\\/1410828-2-eco-edge-randbegrenzing-recycled-tuin-paaltje.png\",\"contentUrl\":\"https:\\\/\\\/www.bera-bv.com\\\/wp-content\\\/uploads\\\/2025\\\/12\\\/1410828-2-eco-edge-randbegrenzing-recycled-tuin-paaltje.png\",\"width\":2480,\"height\":2069,\"caption\":\"Bordure de jardin recycl\u00e9e piquets durables pieu bordure\"},{\"@type\":\"BreadcrumbList\",\"@id\":\"https:\\\/\\\/www.bera-bv.com\\\/fr\\\/product\\\/10-pieces-piquet-eco-edge-pieu\\\/#breadcrumb\",\"itemListElement\":[{\"@type\":\"ListItem\",\"position\":1,\"name\":\"Home\",\"item\":\"https:\\\/\\\/www.bera-bv.com\\\/fr\\\/accueil\\\/\"},{\"@type\":\"ListItem\",\"position\":2,\"name\":\"Boutique\",\"item\":\"https:\\\/\\\/www.bera-bv.com\\\/fr\\\/boutique\\\/\"},{\"@type\":\"ListItem\",\"position\":3,\"name\":\"10 pi\u00e8ces Piquet Eco Edge &#8211; Pieu\"}]},{\"@type\":\"WebSite\",\"@id\":\"https:\\\/\\\/www.bera-bv.com\\\/fr\\\/#website\",\"url\":\"https:\\\/\\\/www.bera-bv.com\\\/fr\\\/\",\"name\":\"BERA BV\",\"description\":\"Creatief en duurzaam landschapsontwerp\",\"publisher\":{\"@id\":\"https:\\\/\\\/www.bera-bv.com\\\/fr\\\/#organization\"},\"potentialAction\":[{\"@type\":\"SearchAction\",\"target\":{\"@type\":\"EntryPoint\",\"urlTemplate\":\"https:\\\/\\\/www.bera-bv.com\\\/fr\\\/?s={search_term_string}\"},\"query-input\":{\"@type\":\"PropertyValueSpecification\",\"valueRequired\":true,\"valueName\":\"search_term_string\"}}],\"inLanguage\":\"fr-FR\"},{\"@type\":\"Organization\",\"@id\":\"https:\\\/\\\/www.bera-bv.com\\\/fr\\\/#organization\",\"name\":\"BERA BV\",\"url\":\"https:\\\/\\\/www.bera-bv.com\\\/fr\\\/\",\"logo\":{\"@type\":\"ImageObject\",\"inLanguage\":\"fr-FR\",\"@id\":\"https:\\\/\\\/www.bera-bv.com\\\/fr\\\/#\\\/schema\\\/logo\\\/image\\\/\",\"url\":\"https:\\\/\\\/www.bera-bv.com\\\/wp-content\\\/uploads\\\/2025\\\/12\\\/BERA-logo_light.svg\",\"contentUrl\":\"https:\\\/\\\/www.bera-bv.com\\\/wp-content\\\/uploads\\\/2025\\\/12\\\/BERA-logo_light.svg\",\"caption\":\"BERA BV\"},\"image\":{\"@id\":\"https:\\\/\\\/www.bera-bv.com\\\/fr\\\/#\\\/schema\\\/logo\\\/image\\\/\"}}]}<\/script>\n<!-- \/ Yoast SEO plugin. -->","yoast_head_json":{"title":"10 pi\u00e8ces Piquet Eco Edge - Pieu - BERA BV","robots":{"index":"index","follow":"follow","max-snippet":"max-snippet:-1","max-image-preview":"max-image-preview:large","max-video-preview":"max-video-preview:-1"},"canonical":"https:\/\/www.bera-bv.com\/fr\/product\/10-pieces-piquet-eco-edge-pieu\/","og_locale":"fr_FR","og_type":"article","og_title":"10 pi\u00e8ces Piquet Eco Edge - Pieu - BERA BV","og_description":"Description La bordure Eco Edge est produite de mani\u00e8re 100 % durable \u00e0 partir de d\u00e9chets plastiques m\u00e9nagers et assure une d\u00e9limitation parfaite entre pelouses, parterres, sentiers et all\u00e9es ou comme bord de bassin. Facile \u00e0 poser et \u00e0 ancrer avec le piquet plein Eco Edge. Le piquet Eco Edge s\u2019utilise avec Eco Edge en rouleau et Eco Edge droit. Plus d\u2019informations ici","og_url":"https:\/\/www.bera-bv.com\/fr\/product\/10-pieces-piquet-eco-edge-pieu\/","og_site_name":"BERA BV","article_modified_time":"2026-03-16T08:57:09+00:00","og_image":[{"width":1024,"height":854,"url":"https:\/\/www.bera-bv.com\/wp-content\/uploads\/2025\/12\/1410828-2-eco-edge-randbegrenzing-recycled-tuin-paaltje-1024x854.png","type":"image\/png"}],"twitter_card":"summary_large_image","twitter_misc":{"Dur\u00e9e de lecture estim\u00e9e":"1 minute"},"schema":{"@context":"https:\/\/schema.org","@graph":[{"@type":"WebPage","@id":"https:\/\/www.bera-bv.com\/fr\/product\/10-pieces-piquet-eco-edge-pieu\/","url":"https:\/\/www.bera-bv.com\/fr\/product\/10-pieces-piquet-eco-edge-pieu\/","name":"10 pi\u00e8ces Piquet Eco Edge - Pieu - BERA BV","isPartOf":{"@id":"https:\/\/www.bera-bv.com\/fr\/#website"},"primaryImageOfPage":{"@id":"https:\/\/www.bera-bv.com\/fr\/product\/10-pieces-piquet-eco-edge-pieu\/#primaryimage"},"image":{"@id":"https:\/\/www.bera-bv.com\/fr\/product\/10-pieces-piquet-eco-edge-pieu\/#primaryimage"},"thumbnailUrl":"https:\/\/www.bera-bv.com\/wp-content\/uploads\/2025\/12\/1410828-2-eco-edge-randbegrenzing-recycled-tuin-paaltje.png","datePublished":"2025-12-21T11:35:55+00:00","dateModified":"2026-03-16T08:57:09+00:00","breadcrumb":{"@id":"https:\/\/www.bera-bv.com\/fr\/product\/10-pieces-piquet-eco-edge-pieu\/#breadcrumb"},"inLanguage":"fr-FR","potentialAction":[{"@type":"ReadAction","target":["https:\/\/www.bera-bv.com\/fr\/product\/10-pieces-piquet-eco-edge-pieu\/"]}]},{"@type":"ImageObject","inLanguage":"fr-FR","@id":"https:\/\/www.bera-bv.com\/fr\/product\/10-pieces-piquet-eco-edge-pieu\/#primaryimage","url":"https:\/\/www.bera-bv.com\/wp-content\/uploads\/2025\/12\/1410828-2-eco-edge-randbegrenzing-recycled-tuin-paaltje.png","contentUrl":"https:\/\/www.bera-bv.com\/wp-content\/uploads\/2025\/12\/1410828-2-eco-edge-randbegrenzing-recycled-tuin-paaltje.png","width":2480,"height":2069,"caption":"Bordure de jardin recycl\u00e9e piquets durables pieu bordure"},{"@type":"BreadcrumbList","@id":"https:\/\/www.bera-bv.com\/fr\/product\/10-pieces-piquet-eco-edge-pieu\/#breadcrumb","itemListElement":[{"@type":"ListItem","position":1,"name":"Home","item":"https:\/\/www.bera-bv.com\/fr\/accueil\/"},{"@type":"ListItem","position":2,"name":"Boutique","item":"https:\/\/www.bera-bv.com\/fr\/boutique\/"},{"@type":"ListItem","position":3,"name":"10 pi\u00e8ces Piquet Eco Edge &#8211; Pieu"}]},{"@type":"WebSite","@id":"https:\/\/www.bera-bv.com\/fr\/#website","url":"https:\/\/www.bera-bv.com\/fr\/","name":"BERA BV","description":"Creatief en duurzaam landschapsontwerp","publisher":{"@id":"https:\/\/www.bera-bv.com\/fr\/#organization"},"potentialAction":[{"@type":"SearchAction","target":{"@type":"EntryPoint","urlTemplate":"https:\/\/www.bera-bv.com\/fr\/?s={search_term_string}"},"query-input":{"@type":"PropertyValueSpecification","valueRequired":true,"valueName":"search_term_string"}}],"inLanguage":"fr-FR"},{"@type":"Organization","@id":"https:\/\/www.bera-bv.com\/fr\/#organization","name":"BERA BV","url":"https:\/\/www.bera-bv.com\/fr\/","logo":{"@type":"ImageObject","inLanguage":"fr-FR","@id":"https:\/\/www.bera-bv.com\/fr\/#\/schema\/logo\/image\/","url":"https:\/\/www.bera-bv.com\/wp-content\/uploads\/2025\/12\/BERA-logo_light.svg","contentUrl":"https:\/\/www.bera-bv.com\/wp-content\/uploads\/2025\/12\/BERA-logo_light.svg","caption":"BERA BV"},"image":{"@id":"https:\/\/www.bera-bv.com\/fr\/#\/schema\/logo\/image\/"}}]}},"_links":{"self":[{"href":"https:\/\/www.bera-bv.com\/fr\/wp-json\/wp\/v2\/product\/13039","targetHints":{"allow":["GET"]}}],"collection":[{"href":"https:\/\/www.bera-bv.com\/fr\/wp-json\/wp\/v2\/product"}],"about":[{"href":"https:\/\/www.bera-bv.com\/fr\/wp-json\/wp\/v2\/types\/product"}],"wp:featuredmedia":[{"embeddable":true,"href":"https:\/\/www.bera-bv.com\/fr\/wp-json\/wp\/v2\/media\/13040"}],"wp:attachment":[{"href":"https:\/\/www.bera-bv.com\/fr\/wp-json\/wp\/v2\/media?parent=13039"}],"wp:term":[{"taxonomy":"product_brand","embeddable":true,"href":"https:\/\/www.bera-bv.com\/fr\/wp-json\/wp\/v2\/product_brand?post=13039"},{"taxonomy":"product_cat","embeddable":true,"href":"https:\/\/www.bera-bv.com\/fr\/wp-json\/wp\/v2\/product_cat?post=13039"},{"taxonomy":"product_tag","embeddable":true,"href":"https:\/\/www.bera-bv.com\/fr\/wp-json\/wp\/v2\/product_tag?post=13039"}],"curies":[{"name":"wp","href":"https:\/\/api.w.org\/{rel}","templated":true}]}}