{"id":13031,"date":"2025-12-22T12:35:15","date_gmt":"2025-12-22T11:35:15","guid":{"rendered":"http:\/\/bera-bv.com\/product\/bordure-gravel-edge-l-120x45x45-cm\/"},"modified":"2026-04-13T15:41:38","modified_gmt":"2026-04-13T13:41:38","slug":"bordure-gravel-edge-l-120x45x45-cm","status":"publish","type":"product","link":"https:\/\/www.bera-bv.com\/fr\/product\/bordure-gravel-edge-l-120x45x45-cm\/","title":{"rendered":"Bordure Gravel Edge L (120&#215;4,5&#215;4,5 cm)"},"content":{"rendered":"<p><strong>Application<\/strong><\/p>\n<ul>\n<li>Bordure lat\u00e9rale pour la stabilisation de gravier <a href=\"https:\/\/www.bera-bv.nl\/webshop\/produkt\/gravel-fix-smart-kiesstabilisierung\/\">Gravel Fix Smart<\/a>, par ex. pour les all\u00e9es de jardin<\/li>\n<li>Profil\u00e9 de finition pour d\u2019autres mat\u00e9riaux tels que le bois, la pierre et les dalles<\/li>\n<\/ul>\n<p><strong>D\u00e9tails du produit<\/strong><\/p>\n<ul>\n<li>Couleur : noir ou blanc<\/li>\n<li>Dimensions : LxlxH = 120&#215;4,5&#215;4,5 cm<\/li>\n<li>Poids : 265 g par pi\u00e8ce<\/li>\n<li>Mat\u00e9riau : polypropyl\u00e8ne<\/li>\n<li>R\u00e9sistant aux UV et au gel<\/li>\n<\/ul>\n<p><strong>Pose<\/strong><\/p>\n<ul>\n<li>Placez les profil\u00e9s en L sur le lit de sable compact\u00e9 et nivel\u00e9. En coupant quelques &lsquo;pontets&rsquo;, vous obtenez la flexibilit\u00e9 souhait\u00e9e. Utilisez des <a href=\"https:\/\/www.bera-bv.nl\/webshop\/produkt\/gravel-edge-fixierstifte\/\">piquets de fixation<\/a> (disponibles en option) pour fixer les profil\u00e9s. Pour des charges lat\u00e9rales plus lourdes, utilisez des piquets universels longs ou d&rsquo;autres m\u00e9thodes appropri\u00e9es.   <\/li>\n<li>Des <a href=\"https:\/\/www.bera-bv.nl\/webshop\/produkt\/randleiste-gravel-edge-alu-verbindungselemente\/\">connecteurs<\/a> peuvent \u00eatre command\u00e9s s\u00e9par\u00e9ment pour relier les profil\u00e9s entre eux en option.<\/li>\n<\/ul>\n","protected":false},"excerpt":{"rendered":"<p><strong>Description<\/strong><br \/>\nLes profil\u00e9s Gravel Edge L sont les bordures id\u00e9ales pour une utilisation avec notre stabilisation de gravier Gravel Fix Smart. La hauteur de 4,5 cm a \u00e9t\u00e9 choisie pour que les dalles Gravel Fix de 3,2 cm s&rsquo;y ins\u00e8rent parfaitement. Avec la couche de finition d&rsquo;env. 1 cm, seul le bord sup\u00e9rieur reste discr\u00e8tement visible.  <\/p>\n<p>Gravel Edge L peut \u00eatre utilis\u00e9 de mani\u00e8re 100 % rectiligne ou flexible. En coupant les connexions fines, on obtient un profil\u00e9 extr\u00eamement flexible pour toutes sortes de courbes et de formes, par exemple pour les all\u00e9es de jardin, les terrasses, autour des arbres et pour d\u00e9limiter les bordures. <\/p>\n<p><a href=\"https:\/\/www.bera-bv.nl\/webshop\/produkt\/randleiste-gravel-edge-alu-verbindungselemente\/\">Les profil\u00e9s peuvent \u00eatre fix\u00e9s au sol \u00e0 l&rsquo;aide de <\/a><a href=\"https:\/\/www.bera-bv.nl\/webshop\/produkt\/gravel-edge-fixierstifte\/\">piquets de fixation<\/a> optionnels. Les dalles Gravel Fix remplies de gravier exercent une pression suppl\u00e9mentaire sur la partie inf\u00e9rieure du &lsquo;L&rsquo; gr\u00e2ce \u00e0 leur poids. <\/p>\n<p>Des <a href=\"https:\/\/www.bera-bv.nl\/webshop\/produkt\/randleiste-gravel-edge-alu-verbindungselemente\/\">connecteurs<\/a> peuvent \u00eatre command\u00e9s s\u00e9par\u00e9ment pour relier les profil\u00e9s entre eux en option.<\/p>\n<p>Convient aux charges l\u00e9g\u00e8res. Pour une utilisation sur des parkings priv\u00e9s ou des all\u00e9es, nous recommandons les profil\u00e9s Gravel Edge ALU T. <\/p>\n<p>Plus d\u2019informations <a href=\"https:\/\/www.bera-bv.nl\/randbegrenzing\/bera-gravel-edge-l\/\" target=\"_blank\" rel=\"noopener noreferrer\">ici<\/a><\/p>\n","protected":false},"featured_media":13032,"template":"","meta":{"site-sidebar-layout":"default","site-content-layout":"","ast-site-content-layout":"default","site-content-style":"default","site-sidebar-style":"default","ast-global-header-display":"","ast-banner-title-visibility":"","ast-main-header-display":"","ast-hfb-above-header-display":"","ast-hfb-below-header-display":"","ast-hfb-mobile-header-display":"","site-post-title":"","ast-breadcrumbs-content":"","ast-featured-img":"","footer-sml-layout":"","ast-disable-related-posts":"","theme-transparent-header-meta":"default","adv-header-id-meta":"","stick-header-meta":"default","header-above-stick-meta":"","header-main-stick-meta":"","header-below-stick-meta":"","astra-migrate-meta-layouts":"default","ast-page-background-enabled":"default","ast-page-background-meta":{"desktop":{"background-color":"var(--ast-global-color-4)","background-image":"","background-repeat":"repeat","background-position":"center center","background-size":"auto","background-attachment":"scroll","background-type":"","background-media":"","overlay-type":"","overlay-color":"","overlay-opacity":"","overlay-gradient":""},"tablet":{"background-color":"","background-image":"","background-repeat":"repeat","background-position":"center center","background-size":"auto","background-attachment":"scroll","background-type":"","background-media":"","overlay-type":"","overlay-color":"","overlay-opacity":"","overlay-gradient":""},"mobile":{"background-color":"","background-image":"","background-repeat":"repeat","background-position":"center center","background-size":"auto","background-attachment":"scroll","background-type":"","background-media":"","overlay-type":"","overlay-color":"","overlay-opacity":"","overlay-gradient":""}},"ast-content-background-meta":{"desktop":{"background-color":"var(--ast-global-color-5)","background-image":"","background-repeat":"repeat","background-position":"center center","background-size":"auto","background-attachment":"scroll","background-type":"","background-media":"","overlay-type":"","overlay-color":"","overlay-opacity":"","overlay-gradient":""},"tablet":{"background-color":"var(--ast-global-color-5)","background-image":"","background-repeat":"repeat","background-position":"center center","background-size":"auto","background-attachment":"scroll","background-type":"","background-media":"","overlay-type":"","overlay-color":"","overlay-opacity":"","overlay-gradient":""},"mobile":{"background-color":"var(--ast-global-color-5)","background-image":"","background-repeat":"repeat","background-position":"center center","background-size":"auto","background-attachment":"scroll","background-type":"","background-media":"","overlay-type":"","overlay-color":"","overlay-opacity":"","overlay-gradient":""}}},"product_brand":[],"product_cat":[305],"product_tag":[],"class_list":{"0":"post-13031","1":"product","2":"type-product","3":"status-publish","4":"has-post-thumbnail","6":"product_cat-bordures","7":"product_shipping_class-parcel","8":"pa_frostproof-oui","9":"pa_kleur-blanc","10":"pa_kleur-noir","11":"pa_materiaal-polypropylene","12":"pa_uv-bestendig-oui","13":"desktop-align-left","14":"tablet-align-left","15":"mobile-align-left","16":"ast-product-gallery-layout-horizontal","17":"ast-product-single-variable","18":"ast-product-tabs-layout-horizontal","20":"first","21":"instock","22":"purchasable","23":"product-type-variable"},"yoast_head":"<!-- This site is optimized with the Yoast SEO plugin v27.4 - https:\/\/yoast.com\/product\/yoast-seo-wordpress\/ -->\n<title>Bordure Gravel Edge L (120x4,5x4,5 cm) - BERA BV<\/title>\n<meta name=\"robots\" content=\"index, follow, max-snippet:-1, max-image-preview:large, max-video-preview:-1\" \/>\n<link rel=\"canonical\" href=\"https:\/\/www.bera-bv.com\/fr\/product\/bordure-gravel-edge-l-120x45x45-cm\/\" \/>\n<meta property=\"og:locale\" content=\"fr_FR\" \/>\n<meta property=\"og:type\" content=\"article\" \/>\n<meta property=\"og:title\" content=\"Bordure Gravel Edge L (120x4,5x4,5 cm) - BERA BV\" \/>\n<meta property=\"og:description\" content=\"Description Les profil\u00e9s Gravel Edge L sont les bordures id\u00e9ales pour une utilisation avec notre stabilisation de gravier Gravel Fix Smart. La hauteur de 4,5 cm a \u00e9t\u00e9 choisie pour que les dalles Gravel Fix de 3,2 cm s&#039;y ins\u00e8rent parfaitement. Avec la couche de finition d&#039;env. 1 cm, seul le bord sup\u00e9rieur reste discr\u00e8tement visible.  Gravel Edge L peut \u00eatre utilis\u00e9 de mani\u00e8re 100 % rectiligne ou flexible. En coupant les connexions fines, on obtient un profil\u00e9 extr\u00eamement flexible pour toutes sortes de courbes et de formes, par exemple pour les all\u00e9es de jardin, les terrasses, autour des arbres et pour d\u00e9limiter les bordures.  Les profil\u00e9s peuvent \u00eatre fix\u00e9s au sol \u00e0 l&#039;aide de piquets de fixation optionnels. Les dalles Gravel Fix remplies de gravier exercent une pression suppl\u00e9mentaire sur la partie inf\u00e9rieure du &#039;L&#039; gr\u00e2ce \u00e0 leur poids.  Des connecteurs peuvent \u00eatre command\u00e9s s\u00e9par\u00e9ment pour relier les profil\u00e9s entre eux en option. Convient aux charges l\u00e9g\u00e8res. Pour une utilisation sur des parkings priv\u00e9s ou des all\u00e9es, nous recommandons les profil\u00e9s Gravel Edge ALU T.  Plus d\u2019informations ici\" \/>\n<meta property=\"og:url\" content=\"https:\/\/www.bera-bv.com\/fr\/product\/bordure-gravel-edge-l-120x45x45-cm\/\" \/>\n<meta property=\"og:site_name\" content=\"BERA BV\" \/>\n<meta property=\"article:modified_time\" content=\"2026-04-13T13:41:38+00:00\" \/>\n<meta property=\"og:image\" content=\"https:\/\/www.bera-bv.com\/wp-content\/uploads\/2025\/12\/Gravel-Edge-PP-L-Profil_500.jpg\" \/>\n\t<meta property=\"og:image:width\" content=\"652\" \/>\n\t<meta property=\"og:image:height\" content=\"500\" \/>\n\t<meta property=\"og:image:type\" content=\"image\/jpeg\" \/>\n<meta name=\"twitter:card\" content=\"summary_large_image\" \/>\n<meta name=\"twitter:label1\" content=\"Dur\u00e9e de lecture estim\u00e9e\" \/>\n\t<meta name=\"twitter:data1\" content=\"1 minute\" \/>\n<script type=\"application\/ld+json\" class=\"yoast-schema-graph\">{\"@context\":\"https:\\\/\\\/schema.org\",\"@graph\":[{\"@type\":\"WebPage\",\"@id\":\"https:\\\/\\\/www.bera-bv.com\\\/fr\\\/product\\\/bordure-gravel-edge-l-120x45x45-cm\\\/\",\"url\":\"https:\\\/\\\/www.bera-bv.com\\\/fr\\\/product\\\/bordure-gravel-edge-l-120x45x45-cm\\\/\",\"name\":\"Bordure Gravel Edge L (120x4,5x4,5 cm) - BERA BV\",\"isPartOf\":{\"@id\":\"https:\\\/\\\/www.bera-bv.com\\\/fr\\\/#website\"},\"primaryImageOfPage\":{\"@id\":\"https:\\\/\\\/www.bera-bv.com\\\/fr\\\/product\\\/bordure-gravel-edge-l-120x45x45-cm\\\/#primaryimage\"},\"image\":{\"@id\":\"https:\\\/\\\/www.bera-bv.com\\\/fr\\\/product\\\/bordure-gravel-edge-l-120x45x45-cm\\\/#primaryimage\"},\"thumbnailUrl\":\"https:\\\/\\\/www.bera-bv.com\\\/wp-content\\\/uploads\\\/2025\\\/12\\\/Gravel-Edge-PP-L-Profil_500.jpg\",\"datePublished\":\"2025-12-22T11:35:15+00:00\",\"dateModified\":\"2026-04-13T13:41:38+00:00\",\"breadcrumb\":{\"@id\":\"https:\\\/\\\/www.bera-bv.com\\\/fr\\\/product\\\/bordure-gravel-edge-l-120x45x45-cm\\\/#breadcrumb\"},\"inLanguage\":\"fr-FR\",\"potentialAction\":[{\"@type\":\"ReadAction\",\"target\":[\"https:\\\/\\\/www.bera-bv.com\\\/fr\\\/product\\\/bordure-gravel-edge-l-120x45x45-cm\\\/\"]}]},{\"@type\":\"ImageObject\",\"inLanguage\":\"fr-FR\",\"@id\":\"https:\\\/\\\/www.bera-bv.com\\\/fr\\\/product\\\/bordure-gravel-edge-l-120x45x45-cm\\\/#primaryimage\",\"url\":\"https:\\\/\\\/www.bera-bv.com\\\/wp-content\\\/uploads\\\/2025\\\/12\\\/Gravel-Edge-PP-L-Profil_500.jpg\",\"contentUrl\":\"https:\\\/\\\/www.bera-bv.com\\\/wp-content\\\/uploads\\\/2025\\\/12\\\/Gravel-Edge-PP-L-Profil_500.jpg\",\"width\":652,\"height\":500},{\"@type\":\"BreadcrumbList\",\"@id\":\"https:\\\/\\\/www.bera-bv.com\\\/fr\\\/product\\\/bordure-gravel-edge-l-120x45x45-cm\\\/#breadcrumb\",\"itemListElement\":[{\"@type\":\"ListItem\",\"position\":1,\"name\":\"Home\",\"item\":\"https:\\\/\\\/www.bera-bv.com\\\/fr\\\/accueil\\\/\"},{\"@type\":\"ListItem\",\"position\":2,\"name\":\"Boutique\",\"item\":\"https:\\\/\\\/www.bera-bv.com\\\/fr\\\/boutique\\\/\"},{\"@type\":\"ListItem\",\"position\":3,\"name\":\"Bordure Gravel Edge L (120&#215;4,5&#215;4,5 cm)\"}]},{\"@type\":\"WebSite\",\"@id\":\"https:\\\/\\\/www.bera-bv.com\\\/fr\\\/#website\",\"url\":\"https:\\\/\\\/www.bera-bv.com\\\/fr\\\/\",\"name\":\"BERA BV\",\"description\":\"Creatief en duurzaam landschapsontwerp\",\"publisher\":{\"@id\":\"https:\\\/\\\/www.bera-bv.com\\\/fr\\\/#organization\"},\"potentialAction\":[{\"@type\":\"SearchAction\",\"target\":{\"@type\":\"EntryPoint\",\"urlTemplate\":\"https:\\\/\\\/www.bera-bv.com\\\/fr\\\/?s={search_term_string}\"},\"query-input\":{\"@type\":\"PropertyValueSpecification\",\"valueRequired\":true,\"valueName\":\"search_term_string\"}}],\"inLanguage\":\"fr-FR\"},{\"@type\":\"Organization\",\"@id\":\"https:\\\/\\\/www.bera-bv.com\\\/fr\\\/#organization\",\"name\":\"BERA BV\",\"url\":\"https:\\\/\\\/www.bera-bv.com\\\/fr\\\/\",\"logo\":{\"@type\":\"ImageObject\",\"inLanguage\":\"fr-FR\",\"@id\":\"https:\\\/\\\/www.bera-bv.com\\\/fr\\\/#\\\/schema\\\/logo\\\/image\\\/\",\"url\":\"https:\\\/\\\/www.bera-bv.com\\\/wp-content\\\/uploads\\\/2025\\\/12\\\/BERA-logo_light.svg\",\"contentUrl\":\"https:\\\/\\\/www.bera-bv.com\\\/wp-content\\\/uploads\\\/2025\\\/12\\\/BERA-logo_light.svg\",\"caption\":\"BERA BV\"},\"image\":{\"@id\":\"https:\\\/\\\/www.bera-bv.com\\\/fr\\\/#\\\/schema\\\/logo\\\/image\\\/\"}}]}<\/script>\n<!-- \/ Yoast SEO plugin. -->","yoast_head_json":{"title":"Bordure Gravel Edge L (120x4,5x4,5 cm) - BERA BV","robots":{"index":"index","follow":"follow","max-snippet":"max-snippet:-1","max-image-preview":"max-image-preview:large","max-video-preview":"max-video-preview:-1"},"canonical":"https:\/\/www.bera-bv.com\/fr\/product\/bordure-gravel-edge-l-120x45x45-cm\/","og_locale":"fr_FR","og_type":"article","og_title":"Bordure Gravel Edge L (120x4,5x4,5 cm) - BERA BV","og_description":"Description Les profil\u00e9s Gravel Edge L sont les bordures id\u00e9ales pour une utilisation avec notre stabilisation de gravier Gravel Fix Smart. La hauteur de 4,5 cm a \u00e9t\u00e9 choisie pour que les dalles Gravel Fix de 3,2 cm s'y ins\u00e8rent parfaitement. Avec la couche de finition d'env. 1 cm, seul le bord sup\u00e9rieur reste discr\u00e8tement visible.  Gravel Edge L peut \u00eatre utilis\u00e9 de mani\u00e8re 100 % rectiligne ou flexible. En coupant les connexions fines, on obtient un profil\u00e9 extr\u00eamement flexible pour toutes sortes de courbes et de formes, par exemple pour les all\u00e9es de jardin, les terrasses, autour des arbres et pour d\u00e9limiter les bordures.  Les profil\u00e9s peuvent \u00eatre fix\u00e9s au sol \u00e0 l'aide de piquets de fixation optionnels. Les dalles Gravel Fix remplies de gravier exercent une pression suppl\u00e9mentaire sur la partie inf\u00e9rieure du 'L' gr\u00e2ce \u00e0 leur poids.  Des connecteurs peuvent \u00eatre command\u00e9s s\u00e9par\u00e9ment pour relier les profil\u00e9s entre eux en option. Convient aux charges l\u00e9g\u00e8res. Pour une utilisation sur des parkings priv\u00e9s ou des all\u00e9es, nous recommandons les profil\u00e9s Gravel Edge ALU T.  Plus d\u2019informations ici","og_url":"https:\/\/www.bera-bv.com\/fr\/product\/bordure-gravel-edge-l-120x45x45-cm\/","og_site_name":"BERA BV","article_modified_time":"2026-04-13T13:41:38+00:00","og_image":[{"width":652,"height":500,"url":"https:\/\/www.bera-bv.com\/wp-content\/uploads\/2025\/12\/Gravel-Edge-PP-L-Profil_500.jpg","type":"image\/jpeg"}],"twitter_card":"summary_large_image","twitter_misc":{"Dur\u00e9e de lecture estim\u00e9e":"1 minute"},"schema":{"@context":"https:\/\/schema.org","@graph":[{"@type":"WebPage","@id":"https:\/\/www.bera-bv.com\/fr\/product\/bordure-gravel-edge-l-120x45x45-cm\/","url":"https:\/\/www.bera-bv.com\/fr\/product\/bordure-gravel-edge-l-120x45x45-cm\/","name":"Bordure Gravel Edge L (120x4,5x4,5 cm) - BERA BV","isPartOf":{"@id":"https:\/\/www.bera-bv.com\/fr\/#website"},"primaryImageOfPage":{"@id":"https:\/\/www.bera-bv.com\/fr\/product\/bordure-gravel-edge-l-120x45x45-cm\/#primaryimage"},"image":{"@id":"https:\/\/www.bera-bv.com\/fr\/product\/bordure-gravel-edge-l-120x45x45-cm\/#primaryimage"},"thumbnailUrl":"https:\/\/www.bera-bv.com\/wp-content\/uploads\/2025\/12\/Gravel-Edge-PP-L-Profil_500.jpg","datePublished":"2025-12-22T11:35:15+00:00","dateModified":"2026-04-13T13:41:38+00:00","breadcrumb":{"@id":"https:\/\/www.bera-bv.com\/fr\/product\/bordure-gravel-edge-l-120x45x45-cm\/#breadcrumb"},"inLanguage":"fr-FR","potentialAction":[{"@type":"ReadAction","target":["https:\/\/www.bera-bv.com\/fr\/product\/bordure-gravel-edge-l-120x45x45-cm\/"]}]},{"@type":"ImageObject","inLanguage":"fr-FR","@id":"https:\/\/www.bera-bv.com\/fr\/product\/bordure-gravel-edge-l-120x45x45-cm\/#primaryimage","url":"https:\/\/www.bera-bv.com\/wp-content\/uploads\/2025\/12\/Gravel-Edge-PP-L-Profil_500.jpg","contentUrl":"https:\/\/www.bera-bv.com\/wp-content\/uploads\/2025\/12\/Gravel-Edge-PP-L-Profil_500.jpg","width":652,"height":500},{"@type":"BreadcrumbList","@id":"https:\/\/www.bera-bv.com\/fr\/product\/bordure-gravel-edge-l-120x45x45-cm\/#breadcrumb","itemListElement":[{"@type":"ListItem","position":1,"name":"Home","item":"https:\/\/www.bera-bv.com\/fr\/accueil\/"},{"@type":"ListItem","position":2,"name":"Boutique","item":"https:\/\/www.bera-bv.com\/fr\/boutique\/"},{"@type":"ListItem","position":3,"name":"Bordure Gravel Edge L (120&#215;4,5&#215;4,5 cm)"}]},{"@type":"WebSite","@id":"https:\/\/www.bera-bv.com\/fr\/#website","url":"https:\/\/www.bera-bv.com\/fr\/","name":"BERA BV","description":"Creatief en duurzaam landschapsontwerp","publisher":{"@id":"https:\/\/www.bera-bv.com\/fr\/#organization"},"potentialAction":[{"@type":"SearchAction","target":{"@type":"EntryPoint","urlTemplate":"https:\/\/www.bera-bv.com\/fr\/?s={search_term_string}"},"query-input":{"@type":"PropertyValueSpecification","valueRequired":true,"valueName":"search_term_string"}}],"inLanguage":"fr-FR"},{"@type":"Organization","@id":"https:\/\/www.bera-bv.com\/fr\/#organization","name":"BERA BV","url":"https:\/\/www.bera-bv.com\/fr\/","logo":{"@type":"ImageObject","inLanguage":"fr-FR","@id":"https:\/\/www.bera-bv.com\/fr\/#\/schema\/logo\/image\/","url":"https:\/\/www.bera-bv.com\/wp-content\/uploads\/2025\/12\/BERA-logo_light.svg","contentUrl":"https:\/\/www.bera-bv.com\/wp-content\/uploads\/2025\/12\/BERA-logo_light.svg","caption":"BERA BV"},"image":{"@id":"https:\/\/www.bera-bv.com\/fr\/#\/schema\/logo\/image\/"}}]}},"_links":{"self":[{"href":"https:\/\/www.bera-bv.com\/fr\/wp-json\/wp\/v2\/product\/13031","targetHints":{"allow":["GET"]}}],"collection":[{"href":"https:\/\/www.bera-bv.com\/fr\/wp-json\/wp\/v2\/product"}],"about":[{"href":"https:\/\/www.bera-bv.com\/fr\/wp-json\/wp\/v2\/types\/product"}],"wp:featuredmedia":[{"embeddable":true,"href":"https:\/\/www.bera-bv.com\/fr\/wp-json\/wp\/v2\/media\/13032"}],"wp:attachment":[{"href":"https:\/\/www.bera-bv.com\/fr\/wp-json\/wp\/v2\/media?parent=13031"}],"wp:term":[{"taxonomy":"product_brand","embeddable":true,"href":"https:\/\/www.bera-bv.com\/fr\/wp-json\/wp\/v2\/product_brand?post=13031"},{"taxonomy":"product_cat","embeddable":true,"href":"https:\/\/www.bera-bv.com\/fr\/wp-json\/wp\/v2\/product_cat?post=13031"},{"taxonomy":"product_tag","embeddable":true,"href":"https:\/\/www.bera-bv.com\/fr\/wp-json\/wp\/v2\/product_tag?post=13031"}],"curies":[{"name":"wp","href":"https:\/\/api.w.org\/{rel}","templated":true}]}}