{"id":13013,"date":"2026-02-25T15:06:39","date_gmt":"2026-02-25T14:06:39","guid":{"rendered":"http:\/\/bera-bv.com\/product\/cale-dassise-hilo-fix-1-mm-rigide\/"},"modified":"2026-02-25T15:06:39","modified_gmt":"2026-02-25T14:06:39","slug":"cale-dassise-hilo-fix-1-mm-rigide","status":"publish","type":"product","link":"https:\/\/www.bera-bv.com\/fr\/product\/cale-dassise-hilo-fix-1-mm-rigide\/","title":{"rendered":"Cale d\u2019assise HiLo Fix 1 mm rigide"},"content":{"rendered":"<p><strong>Application<\/strong><\/p>\n<ul>\n<li>Cale pour compenser les diff\u00e9rences de hauteur<\/li>\n<\/ul>\n<p><strong>D\u00e9tails de l\u2019article<\/strong><\/p>\n<ul>\n<li>Couleur : noir<\/li>\n<li>Format : rond, \u00e9paisseur 1 mm<\/li>\n<\/ul>\n<p><strong>Conseil de pose<\/strong><\/p>\n<ul>\n<li>Utilisez les cales pour compenser, par exemple, les \u00e9carts de tol\u00e9rance entre des dalles ou des lambourdes adjacentes.<\/li>\n<li>La cale ronde peut \u00eatre coup\u00e9e en deux ou en quatre<\/li>\n<\/ul>\n","protected":false},"excerpt":{"rendered":"<p><strong>Description de l\u2019article<\/strong><br \/>\nLa cale d\u2019assise HiLo Fix est un accessoire pour les plots HiLo Fix. Elle peut \u00eatre utilis\u00e9e aussi bien pour les variantes destin\u00e9es aux <a href=\"https:\/\/www.bera-bv.nl\/webshop\/produkt\/stelzlager-hilo-fix-holz\/\">rev\u00eatements en bois<\/a> qu\u2019aux <a href=\"https:\/\/www.bera-bv.nl\/webshop\/produkt\/stelzlager-hilo-fix-fuer-steinkeramik\/\">rev\u00eatements en pierre\/c\u00e9ramique<\/a>. <\/p>\n<p>Gr\u00e2ce aux cales, vous pouvez compenser les \u00e9carts de tol\u00e9rance des dalles ou des lames adjacentes sur les plots. Elles peuvent \u00eatre divis\u00e9es en deux ou en quatre, permettant d\u2019ajuster individuellement chaque coin de dalle. <\/p>\n<p>Vous trouverez plus d\u2019informations sur les cales et l\u2019am\u00e9nagement de jardin <a href=\"http:\/\/www.bera-bv.de\/mehr\/plattenlagerstelzlager\/\">ici<\/a>.<\/p>\n","protected":false},"featured_media":13014,"template":"","meta":{"site-sidebar-layout":"default","site-content-layout":"","ast-site-content-layout":"default","site-content-style":"default","site-sidebar-style":"default","ast-global-header-display":"","ast-banner-title-visibility":"","ast-main-header-display":"","ast-hfb-above-header-display":"","ast-hfb-below-header-display":"","ast-hfb-mobile-header-display":"","site-post-title":"","ast-breadcrumbs-content":"","ast-featured-img":"","footer-sml-layout":"","ast-disable-related-posts":"","theme-transparent-header-meta":"default","adv-header-id-meta":"","stick-header-meta":"default","header-above-stick-meta":"","header-main-stick-meta":"","header-below-stick-meta":"","astra-migrate-meta-layouts":"default","ast-page-background-enabled":"default","ast-page-background-meta":{"desktop":{"background-color":"var(--ast-global-color-4)","background-image":"","background-repeat":"repeat","background-position":"center center","background-size":"auto","background-attachment":"scroll","background-type":"","background-media":"","overlay-type":"","overlay-color":"","overlay-opacity":"","overlay-gradient":""},"tablet":{"background-color":"","background-image":"","background-repeat":"repeat","background-position":"center center","background-size":"auto","background-attachment":"scroll","background-type":"","background-media":"","overlay-type":"","overlay-color":"","overlay-opacity":"","overlay-gradient":""},"mobile":{"background-color":"","background-image":"","background-repeat":"repeat","background-position":"center center","background-size":"auto","background-attachment":"scroll","background-type":"","background-media":"","overlay-type":"","overlay-color":"","overlay-opacity":"","overlay-gradient":""}},"ast-content-background-meta":{"desktop":{"background-color":"var(--ast-global-color-5)","background-image":"","background-repeat":"repeat","background-position":"center center","background-size":"auto","background-attachment":"scroll","background-type":"","background-media":"","overlay-type":"","overlay-color":"","overlay-opacity":"","overlay-gradient":""},"tablet":{"background-color":"var(--ast-global-color-5)","background-image":"","background-repeat":"repeat","background-position":"center center","background-size":"auto","background-attachment":"scroll","background-type":"","background-media":"","overlay-type":"","overlay-color":"","overlay-opacity":"","overlay-gradient":""},"mobile":{"background-color":"var(--ast-global-color-5)","background-image":"","background-repeat":"repeat","background-position":"center center","background-size":"auto","background-attachment":"scroll","background-type":"","background-media":"","overlay-type":"","overlay-color":"","overlay-opacity":"","overlay-gradient":""}}},"product_brand":[],"product_cat":[284],"product_tag":[],"class_list":{"0":"post-13013","1":"product","2":"type-product","3":"status-publish","4":"has-post-thumbnail","6":"product_cat-terrasse-revetement","7":"product_shipping_class-parcel","8":"desktop-align-left","9":"tablet-align-left","10":"mobile-align-left","11":"ast-product-gallery-layout-horizontal","12":"ast-product-tabs-layout-horizontal","14":"first","15":"instock","16":"purchasable","17":"product-type-simple"},"yoast_head":"<!-- This site is optimized with the Yoast SEO plugin v27.4 - https:\/\/yoast.com\/product\/yoast-seo-wordpress\/ -->\n<title>Cale d\u2019assise HiLo Fix 1 mm rigide - BERA BV<\/title>\n<meta name=\"robots\" content=\"index, follow, max-snippet:-1, max-image-preview:large, max-video-preview:-1\" \/>\n<link rel=\"canonical\" href=\"https:\/\/www.bera-bv.com\/fr\/product\/cale-dassise-hilo-fix-1-mm-rigide\/\" \/>\n<meta property=\"og:locale\" content=\"fr_FR\" \/>\n<meta property=\"og:type\" content=\"article\" \/>\n<meta property=\"og:title\" content=\"Cale d\u2019assise HiLo Fix 1 mm rigide - BERA BV\" \/>\n<meta property=\"og:description\" content=\"Description de l\u2019article La cale d\u2019assise HiLo Fix est un accessoire pour les plots HiLo Fix. Elle peut \u00eatre utilis\u00e9e aussi bien pour les variantes destin\u00e9es aux rev\u00eatements en bois qu\u2019aux rev\u00eatements en pierre\/c\u00e9ramique.  Gr\u00e2ce aux cales, vous pouvez compenser les \u00e9carts de tol\u00e9rance des dalles ou des lames adjacentes sur les plots. Elles peuvent \u00eatre divis\u00e9es en deux ou en quatre, permettant d\u2019ajuster individuellement chaque coin de dalle.  Vous trouverez plus d\u2019informations sur les cales et l\u2019am\u00e9nagement de jardin ici.\" \/>\n<meta property=\"og:url\" content=\"https:\/\/www.bera-bv.com\/fr\/product\/cale-dassise-hilo-fix-1-mm-rigide\/\" \/>\n<meta property=\"og:site_name\" content=\"BERA BV\" \/>\n<meta property=\"og:image\" content=\"https:\/\/www.bera-bv.com\/wp-content\/uploads\/2025\/12\/HiLoFix_Ausgleichsscheibe.jpg\" \/>\n\t<meta property=\"og:image:width\" content=\"615\" \/>\n\t<meta property=\"og:image:height\" content=\"461\" \/>\n\t<meta property=\"og:image:type\" content=\"image\/jpeg\" \/>\n<meta name=\"twitter:card\" content=\"summary_large_image\" \/>\n<script type=\"application\/ld+json\" class=\"yoast-schema-graph\">{\"@context\":\"https:\\\/\\\/schema.org\",\"@graph\":[{\"@type\":\"WebPage\",\"@id\":\"https:\\\/\\\/www.bera-bv.com\\\/fr\\\/product\\\/cale-dassise-hilo-fix-1-mm-rigide\\\/\",\"url\":\"https:\\\/\\\/www.bera-bv.com\\\/fr\\\/product\\\/cale-dassise-hilo-fix-1-mm-rigide\\\/\",\"name\":\"Cale d\u2019assise HiLo Fix 1 mm rigide - BERA BV\",\"isPartOf\":{\"@id\":\"https:\\\/\\\/www.bera-bv.com\\\/fr\\\/#website\"},\"primaryImageOfPage\":{\"@id\":\"https:\\\/\\\/www.bera-bv.com\\\/fr\\\/product\\\/cale-dassise-hilo-fix-1-mm-rigide\\\/#primaryimage\"},\"image\":{\"@id\":\"https:\\\/\\\/www.bera-bv.com\\\/fr\\\/product\\\/cale-dassise-hilo-fix-1-mm-rigide\\\/#primaryimage\"},\"thumbnailUrl\":\"https:\\\/\\\/www.bera-bv.com\\\/wp-content\\\/uploads\\\/2025\\\/12\\\/HiLoFix_Ausgleichsscheibe.jpg\",\"datePublished\":\"2026-02-25T14:06:39+00:00\",\"breadcrumb\":{\"@id\":\"https:\\\/\\\/www.bera-bv.com\\\/fr\\\/product\\\/cale-dassise-hilo-fix-1-mm-rigide\\\/#breadcrumb\"},\"inLanguage\":\"fr-FR\",\"potentialAction\":[{\"@type\":\"ReadAction\",\"target\":[\"https:\\\/\\\/www.bera-bv.com\\\/fr\\\/product\\\/cale-dassise-hilo-fix-1-mm-rigide\\\/\"]}]},{\"@type\":\"ImageObject\",\"inLanguage\":\"fr-FR\",\"@id\":\"https:\\\/\\\/www.bera-bv.com\\\/fr\\\/product\\\/cale-dassise-hilo-fix-1-mm-rigide\\\/#primaryimage\",\"url\":\"https:\\\/\\\/www.bera-bv.com\\\/wp-content\\\/uploads\\\/2025\\\/12\\\/HiLoFix_Ausgleichsscheibe.jpg\",\"contentUrl\":\"https:\\\/\\\/www.bera-bv.com\\\/wp-content\\\/uploads\\\/2025\\\/12\\\/HiLoFix_Ausgleichsscheibe.jpg\",\"width\":615,\"height\":461,\"caption\":\"vulplaatje voor tegeldrager en balkdragers\"},{\"@type\":\"BreadcrumbList\",\"@id\":\"https:\\\/\\\/www.bera-bv.com\\\/fr\\\/product\\\/cale-dassise-hilo-fix-1-mm-rigide\\\/#breadcrumb\",\"itemListElement\":[{\"@type\":\"ListItem\",\"position\":1,\"name\":\"Home\",\"item\":\"https:\\\/\\\/www.bera-bv.com\\\/fr\\\/accueil\\\/\"},{\"@type\":\"ListItem\",\"position\":2,\"name\":\"Boutique\",\"item\":\"https:\\\/\\\/www.bera-bv.com\\\/fr\\\/boutique\\\/\"},{\"@type\":\"ListItem\",\"position\":3,\"name\":\"Cale d\u2019assise HiLo Fix 1 mm rigide\"}]},{\"@type\":\"WebSite\",\"@id\":\"https:\\\/\\\/www.bera-bv.com\\\/fr\\\/#website\",\"url\":\"https:\\\/\\\/www.bera-bv.com\\\/fr\\\/\",\"name\":\"BERA BV\",\"description\":\"Creatief en duurzaam landschapsontwerp\",\"publisher\":{\"@id\":\"https:\\\/\\\/www.bera-bv.com\\\/fr\\\/#organization\"},\"potentialAction\":[{\"@type\":\"SearchAction\",\"target\":{\"@type\":\"EntryPoint\",\"urlTemplate\":\"https:\\\/\\\/www.bera-bv.com\\\/fr\\\/?s={search_term_string}\"},\"query-input\":{\"@type\":\"PropertyValueSpecification\",\"valueRequired\":true,\"valueName\":\"search_term_string\"}}],\"inLanguage\":\"fr-FR\"},{\"@type\":\"Organization\",\"@id\":\"https:\\\/\\\/www.bera-bv.com\\\/fr\\\/#organization\",\"name\":\"BERA BV\",\"url\":\"https:\\\/\\\/www.bera-bv.com\\\/fr\\\/\",\"logo\":{\"@type\":\"ImageObject\",\"inLanguage\":\"fr-FR\",\"@id\":\"https:\\\/\\\/www.bera-bv.com\\\/fr\\\/#\\\/schema\\\/logo\\\/image\\\/\",\"url\":\"https:\\\/\\\/www.bera-bv.com\\\/wp-content\\\/uploads\\\/2025\\\/12\\\/BERA-logo_light.svg\",\"contentUrl\":\"https:\\\/\\\/www.bera-bv.com\\\/wp-content\\\/uploads\\\/2025\\\/12\\\/BERA-logo_light.svg\",\"caption\":\"BERA BV\"},\"image\":{\"@id\":\"https:\\\/\\\/www.bera-bv.com\\\/fr\\\/#\\\/schema\\\/logo\\\/image\\\/\"}}]}<\/script>\n<!-- \/ Yoast SEO plugin. -->","yoast_head_json":{"title":"Cale d\u2019assise HiLo Fix 1 mm rigide - BERA BV","robots":{"index":"index","follow":"follow","max-snippet":"max-snippet:-1","max-image-preview":"max-image-preview:large","max-video-preview":"max-video-preview:-1"},"canonical":"https:\/\/www.bera-bv.com\/fr\/product\/cale-dassise-hilo-fix-1-mm-rigide\/","og_locale":"fr_FR","og_type":"article","og_title":"Cale d\u2019assise HiLo Fix 1 mm rigide - BERA BV","og_description":"Description de l\u2019article La cale d\u2019assise HiLo Fix est un accessoire pour les plots HiLo Fix. Elle peut \u00eatre utilis\u00e9e aussi bien pour les variantes destin\u00e9es aux rev\u00eatements en bois qu\u2019aux rev\u00eatements en pierre\/c\u00e9ramique.  Gr\u00e2ce aux cales, vous pouvez compenser les \u00e9carts de tol\u00e9rance des dalles ou des lames adjacentes sur les plots. Elles peuvent \u00eatre divis\u00e9es en deux ou en quatre, permettant d\u2019ajuster individuellement chaque coin de dalle.  Vous trouverez plus d\u2019informations sur les cales et l\u2019am\u00e9nagement de jardin ici.","og_url":"https:\/\/www.bera-bv.com\/fr\/product\/cale-dassise-hilo-fix-1-mm-rigide\/","og_site_name":"BERA BV","og_image":[{"width":615,"height":461,"url":"https:\/\/www.bera-bv.com\/wp-content\/uploads\/2025\/12\/HiLoFix_Ausgleichsscheibe.jpg","type":"image\/jpeg"}],"twitter_card":"summary_large_image","schema":{"@context":"https:\/\/schema.org","@graph":[{"@type":"WebPage","@id":"https:\/\/www.bera-bv.com\/fr\/product\/cale-dassise-hilo-fix-1-mm-rigide\/","url":"https:\/\/www.bera-bv.com\/fr\/product\/cale-dassise-hilo-fix-1-mm-rigide\/","name":"Cale d\u2019assise HiLo Fix 1 mm rigide - BERA BV","isPartOf":{"@id":"https:\/\/www.bera-bv.com\/fr\/#website"},"primaryImageOfPage":{"@id":"https:\/\/www.bera-bv.com\/fr\/product\/cale-dassise-hilo-fix-1-mm-rigide\/#primaryimage"},"image":{"@id":"https:\/\/www.bera-bv.com\/fr\/product\/cale-dassise-hilo-fix-1-mm-rigide\/#primaryimage"},"thumbnailUrl":"https:\/\/www.bera-bv.com\/wp-content\/uploads\/2025\/12\/HiLoFix_Ausgleichsscheibe.jpg","datePublished":"2026-02-25T14:06:39+00:00","breadcrumb":{"@id":"https:\/\/www.bera-bv.com\/fr\/product\/cale-dassise-hilo-fix-1-mm-rigide\/#breadcrumb"},"inLanguage":"fr-FR","potentialAction":[{"@type":"ReadAction","target":["https:\/\/www.bera-bv.com\/fr\/product\/cale-dassise-hilo-fix-1-mm-rigide\/"]}]},{"@type":"ImageObject","inLanguage":"fr-FR","@id":"https:\/\/www.bera-bv.com\/fr\/product\/cale-dassise-hilo-fix-1-mm-rigide\/#primaryimage","url":"https:\/\/www.bera-bv.com\/wp-content\/uploads\/2025\/12\/HiLoFix_Ausgleichsscheibe.jpg","contentUrl":"https:\/\/www.bera-bv.com\/wp-content\/uploads\/2025\/12\/HiLoFix_Ausgleichsscheibe.jpg","width":615,"height":461,"caption":"vulplaatje voor tegeldrager en balkdragers"},{"@type":"BreadcrumbList","@id":"https:\/\/www.bera-bv.com\/fr\/product\/cale-dassise-hilo-fix-1-mm-rigide\/#breadcrumb","itemListElement":[{"@type":"ListItem","position":1,"name":"Home","item":"https:\/\/www.bera-bv.com\/fr\/accueil\/"},{"@type":"ListItem","position":2,"name":"Boutique","item":"https:\/\/www.bera-bv.com\/fr\/boutique\/"},{"@type":"ListItem","position":3,"name":"Cale d\u2019assise HiLo Fix 1 mm rigide"}]},{"@type":"WebSite","@id":"https:\/\/www.bera-bv.com\/fr\/#website","url":"https:\/\/www.bera-bv.com\/fr\/","name":"BERA BV","description":"Creatief en duurzaam landschapsontwerp","publisher":{"@id":"https:\/\/www.bera-bv.com\/fr\/#organization"},"potentialAction":[{"@type":"SearchAction","target":{"@type":"EntryPoint","urlTemplate":"https:\/\/www.bera-bv.com\/fr\/?s={search_term_string}"},"query-input":{"@type":"PropertyValueSpecification","valueRequired":true,"valueName":"search_term_string"}}],"inLanguage":"fr-FR"},{"@type":"Organization","@id":"https:\/\/www.bera-bv.com\/fr\/#organization","name":"BERA BV","url":"https:\/\/www.bera-bv.com\/fr\/","logo":{"@type":"ImageObject","inLanguage":"fr-FR","@id":"https:\/\/www.bera-bv.com\/fr\/#\/schema\/logo\/image\/","url":"https:\/\/www.bera-bv.com\/wp-content\/uploads\/2025\/12\/BERA-logo_light.svg","contentUrl":"https:\/\/www.bera-bv.com\/wp-content\/uploads\/2025\/12\/BERA-logo_light.svg","caption":"BERA BV"},"image":{"@id":"https:\/\/www.bera-bv.com\/fr\/#\/schema\/logo\/image\/"}}]}},"_links":{"self":[{"href":"https:\/\/www.bera-bv.com\/fr\/wp-json\/wp\/v2\/product\/13013","targetHints":{"allow":["GET"]}}],"collection":[{"href":"https:\/\/www.bera-bv.com\/fr\/wp-json\/wp\/v2\/product"}],"about":[{"href":"https:\/\/www.bera-bv.com\/fr\/wp-json\/wp\/v2\/types\/product"}],"wp:featuredmedia":[{"embeddable":true,"href":"https:\/\/www.bera-bv.com\/fr\/wp-json\/wp\/v2\/media\/13014"}],"wp:attachment":[{"href":"https:\/\/www.bera-bv.com\/fr\/wp-json\/wp\/v2\/media?parent=13013"}],"wp:term":[{"taxonomy":"product_brand","embeddable":true,"href":"https:\/\/www.bera-bv.com\/fr\/wp-json\/wp\/v2\/product_brand?post=13013"},{"taxonomy":"product_cat","embeddable":true,"href":"https:\/\/www.bera-bv.com\/fr\/wp-json\/wp\/v2\/product_cat?post=13013"},{"taxonomy":"product_tag","embeddable":true,"href":"https:\/\/www.bera-bv.com\/fr\/wp-json\/wp\/v2\/product_tag?post=13013"}],"curies":[{"name":"wp","href":"https:\/\/api.w.org\/{rel}","templated":true}]}}