{"id":13001,"date":"2026-02-25T15:06:39","date_gmt":"2026-02-25T14:06:39","guid":{"rendered":"http:\/\/bera-bv.com\/product\/bordure-de-jardin-bera-t-edge-pro-118x9x5-cm\/"},"modified":"2026-02-25T15:06:39","modified_gmt":"2026-02-25T14:06:39","slug":"bordure-de-jardin-bera-t-edge-pro-118x9x5-cm","status":"publish","type":"product","link":"https:\/\/www.bera-bv.com\/fr\/product\/bordure-de-jardin-bera-t-edge-pro-118x9x5-cm\/","title":{"rendered":"Bordure de jardin BERA T-Edge Pro (118x9x5 cm)"},"content":{"rendered":"<p><strong>Application<\/strong><\/p>\n<ul>\n<li>D\u00e9limitation lat\u00e9rale pour stabilisateurs de gravier Gravel Fix, ex. : all\u00e9es de jardin, entr\u00e9es et parkings priv\u00e9s<\/li>\n<li>Profil\u00e9 de finition pour d&rsquo;autres mat\u00e9riaux tels que le bois, la pierre et les dalles<\/li>\n<\/ul>\n<p><strong>D\u00e9tails du produit<\/strong><\/p>\n<ul>\n<li>Couleur : aluminium naturel<\/li>\n<li>Dimensions : L x l x H = 118x9x5 cm<\/li>\n<li>Poids : 780 g par pi\u00e8ce<\/li>\n<li>Mat\u00e9riau : aluminium de haute qualit\u00e9<\/li>\n<\/ul>\n<p><strong>Pose<\/strong><\/p>\n<ul>\n<li>Placez les profil\u00e9s en T sur le lit de sable compact\u00e9 et nivel\u00e9. En coupant quelques \u00ab pontets \u00bb d&rsquo;un c\u00f4t\u00e9 et en les pliant vers le haut, le feutre g\u00e9otextile de la plaque Gravel Fix peut \u00eatre press\u00e9 par-dessus. Une fois la plaque de gravier enfonc\u00e9e, rabaissez les pontets pour fixer la plaque au profil\u00e9. En cas de forte charge lat\u00e9rale, utilisez des piquets de fixation universels ou d&rsquo;autres m\u00e9thodes appropri\u00e9es.   <\/li>\n<li>Des <a href=\"https:\/\/www.bera-bv.nl\/webshop\/produkt\/connector-alu-t-edge-l-edge\/\">connecteurs<\/a> sont inclus par bo\u00eete ou peuvent \u00eatre command\u00e9s s\u00e9par\u00e9ment pour coupler les profil\u00e9s entre eux<\/li>\n<\/ul>\n","protected":false},"excerpt":{"rendered":"<p><strong>Description<\/strong><br \/>\nLes profil\u00e9s Gravel Edge ALU T sont les bordures id\u00e9ales pour une utilisation avec nos stabilisateurs de gravier Gravel Fix Pro ou Smart, ou pour le maintien de pav\u00e9s de terrasse ou autres rev\u00eatements. La hauteur de 5 cm est choisie pour que les plaques Gravel Fix de 3,2 cm s&rsquo;y ins\u00e8rent parfaitement. Avec une couche de finition d&rsquo;environ 1 \u00e0 1,5 cm, seule la partie sup\u00e9rieure reste discr\u00e8tement visible.  <\/p>\n<p>Le Gravel Edge ALU T est stable par lui-m\u00eame et peut \u00eatre utilis\u00e9 de mani\u00e8re 100 % rectiligne ou flexible. En coupant les connexions fines des deux c\u00f4t\u00e9s, on obtient un profil\u00e9 extr\u00eamement flexible pour toutes sortes de courbes et de formes, par exemple pour les terrasses, les arbres et les bordures. <\/p>\n<p>De plus, ce profil\u00e9 convient aux parkings priv\u00e9s et aux all\u00e9es. Pour des charges exclusivement l\u00e9g\u00e8res, nous recommandons les profil\u00e9s <a href=\"https:\/\/www.bera-bv.nl\/webshop\/produkt\/gravel-edge-alu-l-profil\/\">Gravel Edge ALU L<\/a>. <\/p>\n<p>Plus d&rsquo;informations disponibles <a href=\"https:\/\/www.bera-bv.nl\/randbegrenzing\/bera-t-l-edge-pro\/\" target=\"_blank\" rel=\"noopener\">ici<\/a><\/p>\n","protected":false},"featured_media":13007,"template":"","meta":{"site-sidebar-layout":"default","site-content-layout":"","ast-site-content-layout":"default","site-content-style":"default","site-sidebar-style":"default","ast-global-header-display":"","ast-banner-title-visibility":"","ast-main-header-display":"","ast-hfb-above-header-display":"","ast-hfb-below-header-display":"","ast-hfb-mobile-header-display":"","site-post-title":"","ast-breadcrumbs-content":"","ast-featured-img":"","footer-sml-layout":"","ast-disable-related-posts":"","theme-transparent-header-meta":"default","adv-header-id-meta":"","stick-header-meta":"default","header-above-stick-meta":"","header-main-stick-meta":"","header-below-stick-meta":"","astra-migrate-meta-layouts":"default","ast-page-background-enabled":"default","ast-page-background-meta":{"desktop":{"background-color":"var(--ast-global-color-4)","background-image":"","background-repeat":"repeat","background-position":"center center","background-size":"auto","background-attachment":"scroll","background-type":"","background-media":"","overlay-type":"","overlay-color":"","overlay-opacity":"","overlay-gradient":""},"tablet":{"background-color":"","background-image":"","background-repeat":"repeat","background-position":"center center","background-size":"auto","background-attachment":"scroll","background-type":"","background-media":"","overlay-type":"","overlay-color":"","overlay-opacity":"","overlay-gradient":""},"mobile":{"background-color":"","background-image":"","background-repeat":"repeat","background-position":"center center","background-size":"auto","background-attachment":"scroll","background-type":"","background-media":"","overlay-type":"","overlay-color":"","overlay-opacity":"","overlay-gradient":""}},"ast-content-background-meta":{"desktop":{"background-color":"var(--ast-global-color-5)","background-image":"","background-repeat":"repeat","background-position":"center center","background-size":"auto","background-attachment":"scroll","background-type":"","background-media":"","overlay-type":"","overlay-color":"","overlay-opacity":"","overlay-gradient":""},"tablet":{"background-color":"var(--ast-global-color-5)","background-image":"","background-repeat":"repeat","background-position":"center center","background-size":"auto","background-attachment":"scroll","background-type":"","background-media":"","overlay-type":"","overlay-color":"","overlay-opacity":"","overlay-gradient":""},"mobile":{"background-color":"var(--ast-global-color-5)","background-image":"","background-repeat":"repeat","background-position":"center center","background-size":"auto","background-attachment":"scroll","background-type":"","background-media":"","overlay-type":"","overlay-color":"","overlay-opacity":"","overlay-gradient":""}}},"product_brand":[],"product_cat":[305],"product_tag":[],"class_list":{"0":"post-13001","1":"product","2":"type-product","3":"status-publish","4":"has-post-thumbnail","6":"product_cat-bordures","7":"product_shipping_class-parcel","8":"pa_frostproof-oui","9":"pa_kleur-aluminium-brut","10":"pa_materiaal-aluminium","11":"pa_uv-bestendig-oui","12":"desktop-align-left","13":"tablet-align-left","14":"mobile-align-left","15":"ast-product-gallery-layout-horizontal","16":"ast-product-tabs-layout-horizontal","18":"first","19":"instock","20":"purchasable","21":"product-type-simple"},"yoast_head":"<!-- This site is optimized with the Yoast SEO plugin v27.4 - https:\/\/yoast.com\/product\/yoast-seo-wordpress\/ -->\n<title>Bordure de jardin BERA T-Edge Pro (118x9x5 cm) - BERA BV<\/title>\n<meta name=\"robots\" content=\"index, follow, max-snippet:-1, max-image-preview:large, max-video-preview:-1\" \/>\n<link rel=\"canonical\" href=\"https:\/\/www.bera-bv.com\/fr\/product\/bordure-de-jardin-bera-t-edge-pro-118x9x5-cm\/\" \/>\n<meta property=\"og:locale\" content=\"fr_FR\" \/>\n<meta property=\"og:type\" content=\"article\" \/>\n<meta property=\"og:title\" content=\"Bordure de jardin BERA T-Edge Pro (118x9x5 cm) - BERA BV\" \/>\n<meta property=\"og:description\" content=\"Description Les profil\u00e9s Gravel Edge ALU T sont les bordures id\u00e9ales pour une utilisation avec nos stabilisateurs de gravier Gravel Fix Pro ou Smart, ou pour le maintien de pav\u00e9s de terrasse ou autres rev\u00eatements. La hauteur de 5 cm est choisie pour que les plaques Gravel Fix de 3,2 cm s&#039;y ins\u00e8rent parfaitement. Avec une couche de finition d&#039;environ 1 \u00e0 1,5 cm, seule la partie sup\u00e9rieure reste discr\u00e8tement visible.  Le Gravel Edge ALU T est stable par lui-m\u00eame et peut \u00eatre utilis\u00e9 de mani\u00e8re 100 % rectiligne ou flexible. En coupant les connexions fines des deux c\u00f4t\u00e9s, on obtient un profil\u00e9 extr\u00eamement flexible pour toutes sortes de courbes et de formes, par exemple pour les terrasses, les arbres et les bordures.  De plus, ce profil\u00e9 convient aux parkings priv\u00e9s et aux all\u00e9es. Pour des charges exclusivement l\u00e9g\u00e8res, nous recommandons les profil\u00e9s Gravel Edge ALU L.  Plus d&#039;informations disponibles ici\" \/>\n<meta property=\"og:url\" content=\"https:\/\/www.bera-bv.com\/fr\/product\/bordure-de-jardin-bera-t-edge-pro-118x9x5-cm\/\" \/>\n<meta property=\"og:site_name\" content=\"BERA BV\" \/>\n<meta property=\"og:image\" content=\"https:\/\/www.bera-bv.com\/wp-content\/uploads\/2025\/12\/Gravel-Edge-ALU-T-Profil-gewunden_500.jpg\" \/>\n\t<meta property=\"og:image:width\" content=\"500\" \/>\n\t<meta property=\"og:image:height\" content=\"538\" \/>\n\t<meta property=\"og:image:type\" content=\"image\/jpeg\" \/>\n<meta name=\"twitter:card\" content=\"summary_large_image\" \/>\n<meta name=\"twitter:label1\" content=\"Dur\u00e9e de lecture estim\u00e9e\" \/>\n\t<meta name=\"twitter:data1\" content=\"1 minute\" \/>\n<script type=\"application\/ld+json\" class=\"yoast-schema-graph\">{\"@context\":\"https:\\\/\\\/schema.org\",\"@graph\":[{\"@type\":\"WebPage\",\"@id\":\"https:\\\/\\\/www.bera-bv.com\\\/fr\\\/product\\\/bordure-de-jardin-bera-t-edge-pro-118x9x5-cm\\\/\",\"url\":\"https:\\\/\\\/www.bera-bv.com\\\/fr\\\/product\\\/bordure-de-jardin-bera-t-edge-pro-118x9x5-cm\\\/\",\"name\":\"Bordure de jardin BERA T-Edge Pro (118x9x5 cm) - BERA BV\",\"isPartOf\":{\"@id\":\"https:\\\/\\\/www.bera-bv.com\\\/fr\\\/#website\"},\"primaryImageOfPage\":{\"@id\":\"https:\\\/\\\/www.bera-bv.com\\\/fr\\\/product\\\/bordure-de-jardin-bera-t-edge-pro-118x9x5-cm\\\/#primaryimage\"},\"image\":{\"@id\":\"https:\\\/\\\/www.bera-bv.com\\\/fr\\\/product\\\/bordure-de-jardin-bera-t-edge-pro-118x9x5-cm\\\/#primaryimage\"},\"thumbnailUrl\":\"https:\\\/\\\/www.bera-bv.com\\\/wp-content\\\/uploads\\\/2025\\\/12\\\/Gravel-Edge-ALU-T-Profil-gewunden_500.jpg\",\"datePublished\":\"2026-02-25T14:06:39+00:00\",\"breadcrumb\":{\"@id\":\"https:\\\/\\\/www.bera-bv.com\\\/fr\\\/product\\\/bordure-de-jardin-bera-t-edge-pro-118x9x5-cm\\\/#breadcrumb\"},\"inLanguage\":\"fr-FR\",\"potentialAction\":[{\"@type\":\"ReadAction\",\"target\":[\"https:\\\/\\\/www.bera-bv.com\\\/fr\\\/product\\\/bordure-de-jardin-bera-t-edge-pro-118x9x5-cm\\\/\"]}]},{\"@type\":\"ImageObject\",\"inLanguage\":\"fr-FR\",\"@id\":\"https:\\\/\\\/www.bera-bv.com\\\/fr\\\/product\\\/bordure-de-jardin-bera-t-edge-pro-118x9x5-cm\\\/#primaryimage\",\"url\":\"https:\\\/\\\/www.bera-bv.com\\\/wp-content\\\/uploads\\\/2025\\\/12\\\/Gravel-Edge-ALU-T-Profil-gewunden_500.jpg\",\"contentUrl\":\"https:\\\/\\\/www.bera-bv.com\\\/wp-content\\\/uploads\\\/2025\\\/12\\\/Gravel-Edge-ALU-T-Profil-gewunden_500.jpg\",\"width\":500,\"height\":538},{\"@type\":\"BreadcrumbList\",\"@id\":\"https:\\\/\\\/www.bera-bv.com\\\/fr\\\/product\\\/bordure-de-jardin-bera-t-edge-pro-118x9x5-cm\\\/#breadcrumb\",\"itemListElement\":[{\"@type\":\"ListItem\",\"position\":1,\"name\":\"Home\",\"item\":\"https:\\\/\\\/www.bera-bv.com\\\/fr\\\/accueil\\\/\"},{\"@type\":\"ListItem\",\"position\":2,\"name\":\"Boutique\",\"item\":\"https:\\\/\\\/www.bera-bv.com\\\/fr\\\/boutique\\\/\"},{\"@type\":\"ListItem\",\"position\":3,\"name\":\"Bordure de jardin BERA T-Edge Pro (118x9x5 cm)\"}]},{\"@type\":\"WebSite\",\"@id\":\"https:\\\/\\\/www.bera-bv.com\\\/fr\\\/#website\",\"url\":\"https:\\\/\\\/www.bera-bv.com\\\/fr\\\/\",\"name\":\"BERA BV\",\"description\":\"Creatief en duurzaam landschapsontwerp\",\"publisher\":{\"@id\":\"https:\\\/\\\/www.bera-bv.com\\\/fr\\\/#organization\"},\"potentialAction\":[{\"@type\":\"SearchAction\",\"target\":{\"@type\":\"EntryPoint\",\"urlTemplate\":\"https:\\\/\\\/www.bera-bv.com\\\/fr\\\/?s={search_term_string}\"},\"query-input\":{\"@type\":\"PropertyValueSpecification\",\"valueRequired\":true,\"valueName\":\"search_term_string\"}}],\"inLanguage\":\"fr-FR\"},{\"@type\":\"Organization\",\"@id\":\"https:\\\/\\\/www.bera-bv.com\\\/fr\\\/#organization\",\"name\":\"BERA BV\",\"url\":\"https:\\\/\\\/www.bera-bv.com\\\/fr\\\/\",\"logo\":{\"@type\":\"ImageObject\",\"inLanguage\":\"fr-FR\",\"@id\":\"https:\\\/\\\/www.bera-bv.com\\\/fr\\\/#\\\/schema\\\/logo\\\/image\\\/\",\"url\":\"https:\\\/\\\/www.bera-bv.com\\\/wp-content\\\/uploads\\\/2025\\\/12\\\/BERA-logo_light.svg\",\"contentUrl\":\"https:\\\/\\\/www.bera-bv.com\\\/wp-content\\\/uploads\\\/2025\\\/12\\\/BERA-logo_light.svg\",\"caption\":\"BERA BV\"},\"image\":{\"@id\":\"https:\\\/\\\/www.bera-bv.com\\\/fr\\\/#\\\/schema\\\/logo\\\/image\\\/\"}}]}<\/script>\n<!-- \/ Yoast SEO plugin. -->","yoast_head_json":{"title":"Bordure de jardin BERA T-Edge Pro (118x9x5 cm) - BERA BV","robots":{"index":"index","follow":"follow","max-snippet":"max-snippet:-1","max-image-preview":"max-image-preview:large","max-video-preview":"max-video-preview:-1"},"canonical":"https:\/\/www.bera-bv.com\/fr\/product\/bordure-de-jardin-bera-t-edge-pro-118x9x5-cm\/","og_locale":"fr_FR","og_type":"article","og_title":"Bordure de jardin BERA T-Edge Pro (118x9x5 cm) - BERA BV","og_description":"Description Les profil\u00e9s Gravel Edge ALU T sont les bordures id\u00e9ales pour une utilisation avec nos stabilisateurs de gravier Gravel Fix Pro ou Smart, ou pour le maintien de pav\u00e9s de terrasse ou autres rev\u00eatements. La hauteur de 5 cm est choisie pour que les plaques Gravel Fix de 3,2 cm s'y ins\u00e8rent parfaitement. Avec une couche de finition d'environ 1 \u00e0 1,5 cm, seule la partie sup\u00e9rieure reste discr\u00e8tement visible.  Le Gravel Edge ALU T est stable par lui-m\u00eame et peut \u00eatre utilis\u00e9 de mani\u00e8re 100 % rectiligne ou flexible. En coupant les connexions fines des deux c\u00f4t\u00e9s, on obtient un profil\u00e9 extr\u00eamement flexible pour toutes sortes de courbes et de formes, par exemple pour les terrasses, les arbres et les bordures.  De plus, ce profil\u00e9 convient aux parkings priv\u00e9s et aux all\u00e9es. Pour des charges exclusivement l\u00e9g\u00e8res, nous recommandons les profil\u00e9s Gravel Edge ALU L.  Plus d'informations disponibles ici","og_url":"https:\/\/www.bera-bv.com\/fr\/product\/bordure-de-jardin-bera-t-edge-pro-118x9x5-cm\/","og_site_name":"BERA BV","og_image":[{"width":500,"height":538,"url":"https:\/\/www.bera-bv.com\/wp-content\/uploads\/2025\/12\/Gravel-Edge-ALU-T-Profil-gewunden_500.jpg","type":"image\/jpeg"}],"twitter_card":"summary_large_image","twitter_misc":{"Dur\u00e9e de lecture estim\u00e9e":"1 minute"},"schema":{"@context":"https:\/\/schema.org","@graph":[{"@type":"WebPage","@id":"https:\/\/www.bera-bv.com\/fr\/product\/bordure-de-jardin-bera-t-edge-pro-118x9x5-cm\/","url":"https:\/\/www.bera-bv.com\/fr\/product\/bordure-de-jardin-bera-t-edge-pro-118x9x5-cm\/","name":"Bordure de jardin BERA T-Edge Pro (118x9x5 cm) - BERA BV","isPartOf":{"@id":"https:\/\/www.bera-bv.com\/fr\/#website"},"primaryImageOfPage":{"@id":"https:\/\/www.bera-bv.com\/fr\/product\/bordure-de-jardin-bera-t-edge-pro-118x9x5-cm\/#primaryimage"},"image":{"@id":"https:\/\/www.bera-bv.com\/fr\/product\/bordure-de-jardin-bera-t-edge-pro-118x9x5-cm\/#primaryimage"},"thumbnailUrl":"https:\/\/www.bera-bv.com\/wp-content\/uploads\/2025\/12\/Gravel-Edge-ALU-T-Profil-gewunden_500.jpg","datePublished":"2026-02-25T14:06:39+00:00","breadcrumb":{"@id":"https:\/\/www.bera-bv.com\/fr\/product\/bordure-de-jardin-bera-t-edge-pro-118x9x5-cm\/#breadcrumb"},"inLanguage":"fr-FR","potentialAction":[{"@type":"ReadAction","target":["https:\/\/www.bera-bv.com\/fr\/product\/bordure-de-jardin-bera-t-edge-pro-118x9x5-cm\/"]}]},{"@type":"ImageObject","inLanguage":"fr-FR","@id":"https:\/\/www.bera-bv.com\/fr\/product\/bordure-de-jardin-bera-t-edge-pro-118x9x5-cm\/#primaryimage","url":"https:\/\/www.bera-bv.com\/wp-content\/uploads\/2025\/12\/Gravel-Edge-ALU-T-Profil-gewunden_500.jpg","contentUrl":"https:\/\/www.bera-bv.com\/wp-content\/uploads\/2025\/12\/Gravel-Edge-ALU-T-Profil-gewunden_500.jpg","width":500,"height":538},{"@type":"BreadcrumbList","@id":"https:\/\/www.bera-bv.com\/fr\/product\/bordure-de-jardin-bera-t-edge-pro-118x9x5-cm\/#breadcrumb","itemListElement":[{"@type":"ListItem","position":1,"name":"Home","item":"https:\/\/www.bera-bv.com\/fr\/accueil\/"},{"@type":"ListItem","position":2,"name":"Boutique","item":"https:\/\/www.bera-bv.com\/fr\/boutique\/"},{"@type":"ListItem","position":3,"name":"Bordure de jardin BERA T-Edge Pro (118x9x5 cm)"}]},{"@type":"WebSite","@id":"https:\/\/www.bera-bv.com\/fr\/#website","url":"https:\/\/www.bera-bv.com\/fr\/","name":"BERA BV","description":"Creatief en duurzaam landschapsontwerp","publisher":{"@id":"https:\/\/www.bera-bv.com\/fr\/#organization"},"potentialAction":[{"@type":"SearchAction","target":{"@type":"EntryPoint","urlTemplate":"https:\/\/www.bera-bv.com\/fr\/?s={search_term_string}"},"query-input":{"@type":"PropertyValueSpecification","valueRequired":true,"valueName":"search_term_string"}}],"inLanguage":"fr-FR"},{"@type":"Organization","@id":"https:\/\/www.bera-bv.com\/fr\/#organization","name":"BERA BV","url":"https:\/\/www.bera-bv.com\/fr\/","logo":{"@type":"ImageObject","inLanguage":"fr-FR","@id":"https:\/\/www.bera-bv.com\/fr\/#\/schema\/logo\/image\/","url":"https:\/\/www.bera-bv.com\/wp-content\/uploads\/2025\/12\/BERA-logo_light.svg","contentUrl":"https:\/\/www.bera-bv.com\/wp-content\/uploads\/2025\/12\/BERA-logo_light.svg","caption":"BERA BV"},"image":{"@id":"https:\/\/www.bera-bv.com\/fr\/#\/schema\/logo\/image\/"}}]}},"_links":{"self":[{"href":"https:\/\/www.bera-bv.com\/fr\/wp-json\/wp\/v2\/product\/13001","targetHints":{"allow":["GET"]}}],"collection":[{"href":"https:\/\/www.bera-bv.com\/fr\/wp-json\/wp\/v2\/product"}],"about":[{"href":"https:\/\/www.bera-bv.com\/fr\/wp-json\/wp\/v2\/types\/product"}],"wp:featuredmedia":[{"embeddable":true,"href":"https:\/\/www.bera-bv.com\/fr\/wp-json\/wp\/v2\/media\/13007"}],"wp:attachment":[{"href":"https:\/\/www.bera-bv.com\/fr\/wp-json\/wp\/v2\/media?parent=13001"}],"wp:term":[{"taxonomy":"product_brand","embeddable":true,"href":"https:\/\/www.bera-bv.com\/fr\/wp-json\/wp\/v2\/product_brand?post=13001"},{"taxonomy":"product_cat","embeddable":true,"href":"https:\/\/www.bera-bv.com\/fr\/wp-json\/wp\/v2\/product_cat?post=13001"},{"taxonomy":"product_tag","embeddable":true,"href":"https:\/\/www.bera-bv.com\/fr\/wp-json\/wp\/v2\/product_tag?post=13001"}],"curies":[{"name":"wp","href":"https:\/\/api.w.org\/{rel}","templated":true}]}}