{"id":12982,"date":"2025-12-22T12:36:17","date_gmt":"2025-12-22T11:36:17","guid":{"rendered":"http:\/\/bera-bv.com\/product\/bera-pool-base-sous-couche-drainante-pour-piscine-119x79-cm\/"},"modified":"2026-02-25T15:06:37","modified_gmt":"2026-02-25T14:06:37","slug":"bera-pool-base-sous-couche-drainante-pour-piscine-119x79-cm","status":"publish","type":"product","link":"https:\/\/www.bera-bv.com\/fr\/product\/bera-pool-base-sous-couche-drainante-pour-piscine-119x79-cm\/","title":{"rendered":"BERA Pool Base sous-couche drainante pour piscine 119&#215;79 cm"},"content":{"rendered":"<p><strong>SP\u00c9CIFICATIONS TECHNIQUES<\/strong><\/p>\n<p><strong>Produit :<\/strong> BERA\u00ae Pool Base<br class=\"\"><strong>Couleur :<\/strong> Noir \u00e0 mouchetures color\u00e9es (ARPRO 35 Ocean d\u00e9chets maritimes)<br class=\"\"><strong>Mat\u00e9riau :<\/strong> Polypropyl\u00e8ne expans\u00e9, partiellement recycl\u00e9, 100 % recyclable<br class=\"\"><strong>Dimensions :<\/strong> 119 x 79 x 1,6 cm (0,94 m2)<br class=\"\"><strong>Poids :<\/strong> env. 0,6 kg\/dalle<br class=\"\"><strong>Drainage :<\/strong> &gt;2 500 l\/h (EN12616)<br class=\"\"><strong>S\u00e9curit\u00e9 du produit :<\/strong> REACH<br class=\"\"><strong>Norme de production :<\/strong> ISO9001 &#8211; IATF16949<br class=\"\"><strong>Norme environnementale :<\/strong> OEKO-TEX\u00ae<\/p>\n<div class=\"\"><strong>EAN :<\/strong> 4031371088881<\/div>\n","protected":false},"excerpt":{"rendered":"<div class=\"\">Les dalles de protection pour piscine Pool Base sont drainantes, l\u00e9g\u00e8res et isolantes. Fabriqu\u00e9es \u00e0 partir de polypropyl\u00e8ne expans\u00e9 100 % recyclable incluant une partie de d\u00e9chets marins (filets de p\u00eache et cordages), ces dalles constituent un support stable et souple pour votre piscine, jacuzzi ou ch\u00e2teau gonflable dans le jardin ou sur la terrasse. Les dalles se chevauchent d\u2019environ 1 cm pour assurer la stabilit\u00e9 et la coh\u00e9sion de l\u2019ensemble. Une fois la saison termin\u00e9e, les dalles se rangent facilement pour l\u2019ann\u00e9e suivante.   <\/div>\n<div><\/div>\n<div class=\"\">Les avantages de Pool Base sont :<\/div>\n<div class=\"\">&#8211; Excellente base drainante, l&rsquo;eau s&rsquo;\u00e9coule facilement<\/div>\n<div class=\"\">&#8211; R\u00e9duit le risque de fuite d\u00fb aux objets tranchants sur le sol<\/div>\n<div class=\"\">&#8211; Effet isolant, limitant ainsi la baisse de temp\u00e9rature de l&rsquo;eau<\/div>\n<div class=\"\">&#8211; Sous-couche souple et confortable<\/div>\n<div class=\"\">&#8211; R\u00e9duit ou \u00e9limine le besoin d&rsquo;une base de sable sous le bassin<\/div>\n","protected":false},"featured_media":12983,"template":"","meta":{"site-sidebar-layout":"default","site-content-layout":"","ast-site-content-layout":"default","site-content-style":"default","site-sidebar-style":"default","ast-global-header-display":"","ast-banner-title-visibility":"","ast-main-header-display":"","ast-hfb-above-header-display":"","ast-hfb-below-header-display":"","ast-hfb-mobile-header-display":"","site-post-title":"","ast-breadcrumbs-content":"","ast-featured-img":"","footer-sml-layout":"","ast-disable-related-posts":"","theme-transparent-header-meta":"default","adv-header-id-meta":"","stick-header-meta":"default","header-above-stick-meta":"","header-main-stick-meta":"","header-below-stick-meta":"","astra-migrate-meta-layouts":"default","ast-page-background-enabled":"default","ast-page-background-meta":{"desktop":{"background-color":"var(--ast-global-color-4)","background-image":"","background-repeat":"repeat","background-position":"center center","background-size":"auto","background-attachment":"scroll","background-type":"","background-media":"","overlay-type":"","overlay-color":"","overlay-opacity":"","overlay-gradient":""},"tablet":{"background-color":"","background-image":"","background-repeat":"repeat","background-position":"center center","background-size":"auto","background-attachment":"scroll","background-type":"","background-media":"","overlay-type":"","overlay-color":"","overlay-opacity":"","overlay-gradient":""},"mobile":{"background-color":"","background-image":"","background-repeat":"repeat","background-position":"center center","background-size":"auto","background-attachment":"scroll","background-type":"","background-media":"","overlay-type":"","overlay-color":"","overlay-opacity":"","overlay-gradient":""}},"ast-content-background-meta":{"desktop":{"background-color":"var(--ast-global-color-5)","background-image":"","background-repeat":"repeat","background-position":"center center","background-size":"auto","background-attachment":"scroll","background-type":"","background-media":"","overlay-type":"","overlay-color":"","overlay-opacity":"","overlay-gradient":""},"tablet":{"background-color":"var(--ast-global-color-5)","background-image":"","background-repeat":"repeat","background-position":"center center","background-size":"auto","background-attachment":"scroll","background-type":"","background-media":"","overlay-type":"","overlay-color":"","overlay-opacity":"","overlay-gradient":""},"mobile":{"background-color":"var(--ast-global-color-5)","background-image":"","background-repeat":"repeat","background-position":"center center","background-size":"auto","background-attachment":"scroll","background-type":"","background-media":"","overlay-type":"","overlay-color":"","overlay-opacity":"","overlay-gradient":""}}},"product_brand":[],"product_cat":[358],"product_tag":[],"class_list":{"0":"post-12982","1":"product","2":"type-product","3":"status-publish","4":"has-post-thumbnail","6":"product_cat-protection-antichute-de-bassin","7":"product_shipping_class-parcel","8":"pa_kleur-noir-a-points-vert-clair","9":"pa_materiaal-polypropylene-expanse-avec-dechets-maritimes-recycles-arpro-35-ocean","10":"pa_merk-bera","11":"desktop-align-left","12":"tablet-align-left","13":"mobile-align-left","14":"ast-product-gallery-layout-horizontal","15":"ast-product-tabs-layout-horizontal","17":"first","18":"instock","19":"purchasable","20":"product-type-simple"},"yoast_head":"<!-- This site is optimized with the Yoast SEO plugin v27.4 - https:\/\/yoast.com\/product\/yoast-seo-wordpress\/ -->\n<title>BERA Pool Base sous-couche drainante pour piscine 119x79 cm - BERA BV<\/title>\n<meta name=\"robots\" content=\"index, follow, max-snippet:-1, max-image-preview:large, max-video-preview:-1\" \/>\n<link rel=\"canonical\" href=\"https:\/\/www.bera-bv.com\/fr\/product\/bera-pool-base-sous-couche-drainante-pour-piscine-119x79-cm\/\" \/>\n<meta property=\"og:locale\" content=\"fr_FR\" \/>\n<meta property=\"og:type\" content=\"article\" \/>\n<meta property=\"og:title\" content=\"BERA Pool Base sous-couche drainante pour piscine 119x79 cm - BERA BV\" \/>\n<meta property=\"og:description\" content=\"Les dalles de protection pour piscine Pool Base sont drainantes, l\u00e9g\u00e8res et isolantes. Fabriqu\u00e9es \u00e0 partir de polypropyl\u00e8ne expans\u00e9 100 % recyclable incluant une partie de d\u00e9chets marins (filets de p\u00eache et cordages), ces dalles constituent un support stable et souple pour votre piscine, jacuzzi ou ch\u00e2teau gonflable dans le jardin ou sur la terrasse. Les dalles se chevauchent d\u2019environ 1 cm pour assurer la stabilit\u00e9 et la coh\u00e9sion de l\u2019ensemble. Une fois la saison termin\u00e9e, les dalles se rangent facilement pour l\u2019ann\u00e9e suivante.   Les avantages de Pool Base sont : - Excellente base drainante, l&#039;eau s&#039;\u00e9coule facilement - R\u00e9duit le risque de fuite d\u00fb aux objets tranchants sur le sol - Effet isolant, limitant ainsi la baisse de temp\u00e9rature de l&#039;eau - Sous-couche souple et confortable - R\u00e9duit ou \u00e9limine le besoin d&#039;une base de sable sous le bassin\" \/>\n<meta property=\"og:url\" content=\"https:\/\/www.bera-bv.com\/fr\/product\/bera-pool-base-sous-couche-drainante-pour-piscine-119x79-cm\/\" \/>\n<meta property=\"og:site_name\" content=\"BERA BV\" \/>\n<meta property=\"article:modified_time\" content=\"2026-02-25T14:06:37+00:00\" \/>\n<meta property=\"og:image\" content=\"https:\/\/www.bera-bv.com\/wp-content\/uploads\/2025\/12\/Pool-Base_Green.jpeg\" \/>\n\t<meta property=\"og:image:width\" content=\"1280\" \/>\n\t<meta property=\"og:image:height\" content=\"736\" \/>\n\t<meta property=\"og:image:type\" content=\"image\/jpeg\" \/>\n<meta name=\"twitter:card\" content=\"summary_large_image\" \/>\n<script type=\"application\/ld+json\" class=\"yoast-schema-graph\">{\"@context\":\"https:\\\/\\\/schema.org\",\"@graph\":[{\"@type\":\"WebPage\",\"@id\":\"https:\\\/\\\/www.bera-bv.com\\\/fr\\\/product\\\/bera-pool-base-sous-couche-drainante-pour-piscine-119x79-cm\\\/\",\"url\":\"https:\\\/\\\/www.bera-bv.com\\\/fr\\\/product\\\/bera-pool-base-sous-couche-drainante-pour-piscine-119x79-cm\\\/\",\"name\":\"BERA Pool Base sous-couche drainante pour piscine 119x79 cm - BERA BV\",\"isPartOf\":{\"@id\":\"https:\\\/\\\/www.bera-bv.com\\\/fr\\\/#website\"},\"primaryImageOfPage\":{\"@id\":\"https:\\\/\\\/www.bera-bv.com\\\/fr\\\/product\\\/bera-pool-base-sous-couche-drainante-pour-piscine-119x79-cm\\\/#primaryimage\"},\"image\":{\"@id\":\"https:\\\/\\\/www.bera-bv.com\\\/fr\\\/product\\\/bera-pool-base-sous-couche-drainante-pour-piscine-119x79-cm\\\/#primaryimage\"},\"thumbnailUrl\":\"https:\\\/\\\/www.bera-bv.com\\\/wp-content\\\/uploads\\\/2025\\\/12\\\/Pool-Base_Green.jpeg\",\"datePublished\":\"2025-12-22T11:36:17+00:00\",\"dateModified\":\"2026-02-25T14:06:37+00:00\",\"breadcrumb\":{\"@id\":\"https:\\\/\\\/www.bera-bv.com\\\/fr\\\/product\\\/bera-pool-base-sous-couche-drainante-pour-piscine-119x79-cm\\\/#breadcrumb\"},\"inLanguage\":\"fr-FR\",\"potentialAction\":[{\"@type\":\"ReadAction\",\"target\":[\"https:\\\/\\\/www.bera-bv.com\\\/fr\\\/product\\\/bera-pool-base-sous-couche-drainante-pour-piscine-119x79-cm\\\/\"]}]},{\"@type\":\"ImageObject\",\"inLanguage\":\"fr-FR\",\"@id\":\"https:\\\/\\\/www.bera-bv.com\\\/fr\\\/product\\\/bera-pool-base-sous-couche-drainante-pour-piscine-119x79-cm\\\/#primaryimage\",\"url\":\"https:\\\/\\\/www.bera-bv.com\\\/wp-content\\\/uploads\\\/2025\\\/12\\\/Pool-Base_Green.jpeg\",\"contentUrl\":\"https:\\\/\\\/www.bera-bv.com\\\/wp-content\\\/uploads\\\/2025\\\/12\\\/Pool-Base_Green.jpeg\",\"width\":1280,\"height\":736,\"caption\":\"zwembad bescherming tegel ondervloer\"},{\"@type\":\"BreadcrumbList\",\"@id\":\"https:\\\/\\\/www.bera-bv.com\\\/fr\\\/product\\\/bera-pool-base-sous-couche-drainante-pour-piscine-119x79-cm\\\/#breadcrumb\",\"itemListElement\":[{\"@type\":\"ListItem\",\"position\":1,\"name\":\"Home\",\"item\":\"https:\\\/\\\/www.bera-bv.com\\\/fr\\\/accueil\\\/\"},{\"@type\":\"ListItem\",\"position\":2,\"name\":\"Boutique\",\"item\":\"https:\\\/\\\/www.bera-bv.com\\\/fr\\\/boutique\\\/\"},{\"@type\":\"ListItem\",\"position\":3,\"name\":\"BERA Pool Base sous-couche drainante pour piscine 119&#215;79 cm\"}]},{\"@type\":\"WebSite\",\"@id\":\"https:\\\/\\\/www.bera-bv.com\\\/fr\\\/#website\",\"url\":\"https:\\\/\\\/www.bera-bv.com\\\/fr\\\/\",\"name\":\"BERA BV\",\"description\":\"Creatief en duurzaam landschapsontwerp\",\"publisher\":{\"@id\":\"https:\\\/\\\/www.bera-bv.com\\\/fr\\\/#organization\"},\"potentialAction\":[{\"@type\":\"SearchAction\",\"target\":{\"@type\":\"EntryPoint\",\"urlTemplate\":\"https:\\\/\\\/www.bera-bv.com\\\/fr\\\/?s={search_term_string}\"},\"query-input\":{\"@type\":\"PropertyValueSpecification\",\"valueRequired\":true,\"valueName\":\"search_term_string\"}}],\"inLanguage\":\"fr-FR\"},{\"@type\":\"Organization\",\"@id\":\"https:\\\/\\\/www.bera-bv.com\\\/fr\\\/#organization\",\"name\":\"BERA BV\",\"url\":\"https:\\\/\\\/www.bera-bv.com\\\/fr\\\/\",\"logo\":{\"@type\":\"ImageObject\",\"inLanguage\":\"fr-FR\",\"@id\":\"https:\\\/\\\/www.bera-bv.com\\\/fr\\\/#\\\/schema\\\/logo\\\/image\\\/\",\"url\":\"https:\\\/\\\/www.bera-bv.com\\\/wp-content\\\/uploads\\\/2025\\\/12\\\/BERA-logo_light.svg\",\"contentUrl\":\"https:\\\/\\\/www.bera-bv.com\\\/wp-content\\\/uploads\\\/2025\\\/12\\\/BERA-logo_light.svg\",\"caption\":\"BERA BV\"},\"image\":{\"@id\":\"https:\\\/\\\/www.bera-bv.com\\\/fr\\\/#\\\/schema\\\/logo\\\/image\\\/\"}}]}<\/script>\n<!-- \/ Yoast SEO plugin. -->","yoast_head_json":{"title":"BERA Pool Base sous-couche drainante pour piscine 119x79 cm - BERA BV","robots":{"index":"index","follow":"follow","max-snippet":"max-snippet:-1","max-image-preview":"max-image-preview:large","max-video-preview":"max-video-preview:-1"},"canonical":"https:\/\/www.bera-bv.com\/fr\/product\/bera-pool-base-sous-couche-drainante-pour-piscine-119x79-cm\/","og_locale":"fr_FR","og_type":"article","og_title":"BERA Pool Base sous-couche drainante pour piscine 119x79 cm - BERA BV","og_description":"Les dalles de protection pour piscine Pool Base sont drainantes, l\u00e9g\u00e8res et isolantes. Fabriqu\u00e9es \u00e0 partir de polypropyl\u00e8ne expans\u00e9 100 % recyclable incluant une partie de d\u00e9chets marins (filets de p\u00eache et cordages), ces dalles constituent un support stable et souple pour votre piscine, jacuzzi ou ch\u00e2teau gonflable dans le jardin ou sur la terrasse. Les dalles se chevauchent d\u2019environ 1 cm pour assurer la stabilit\u00e9 et la coh\u00e9sion de l\u2019ensemble. Une fois la saison termin\u00e9e, les dalles se rangent facilement pour l\u2019ann\u00e9e suivante.   Les avantages de Pool Base sont : - Excellente base drainante, l'eau s'\u00e9coule facilement - R\u00e9duit le risque de fuite d\u00fb aux objets tranchants sur le sol - Effet isolant, limitant ainsi la baisse de temp\u00e9rature de l'eau - Sous-couche souple et confortable - R\u00e9duit ou \u00e9limine le besoin d'une base de sable sous le bassin","og_url":"https:\/\/www.bera-bv.com\/fr\/product\/bera-pool-base-sous-couche-drainante-pour-piscine-119x79-cm\/","og_site_name":"BERA BV","article_modified_time":"2026-02-25T14:06:37+00:00","og_image":[{"width":1280,"height":736,"url":"https:\/\/www.bera-bv.com\/wp-content\/uploads\/2025\/12\/Pool-Base_Green.jpeg","type":"image\/jpeg"}],"twitter_card":"summary_large_image","schema":{"@context":"https:\/\/schema.org","@graph":[{"@type":"WebPage","@id":"https:\/\/www.bera-bv.com\/fr\/product\/bera-pool-base-sous-couche-drainante-pour-piscine-119x79-cm\/","url":"https:\/\/www.bera-bv.com\/fr\/product\/bera-pool-base-sous-couche-drainante-pour-piscine-119x79-cm\/","name":"BERA Pool Base sous-couche drainante pour piscine 119x79 cm - BERA BV","isPartOf":{"@id":"https:\/\/www.bera-bv.com\/fr\/#website"},"primaryImageOfPage":{"@id":"https:\/\/www.bera-bv.com\/fr\/product\/bera-pool-base-sous-couche-drainante-pour-piscine-119x79-cm\/#primaryimage"},"image":{"@id":"https:\/\/www.bera-bv.com\/fr\/product\/bera-pool-base-sous-couche-drainante-pour-piscine-119x79-cm\/#primaryimage"},"thumbnailUrl":"https:\/\/www.bera-bv.com\/wp-content\/uploads\/2025\/12\/Pool-Base_Green.jpeg","datePublished":"2025-12-22T11:36:17+00:00","dateModified":"2026-02-25T14:06:37+00:00","breadcrumb":{"@id":"https:\/\/www.bera-bv.com\/fr\/product\/bera-pool-base-sous-couche-drainante-pour-piscine-119x79-cm\/#breadcrumb"},"inLanguage":"fr-FR","potentialAction":[{"@type":"ReadAction","target":["https:\/\/www.bera-bv.com\/fr\/product\/bera-pool-base-sous-couche-drainante-pour-piscine-119x79-cm\/"]}]},{"@type":"ImageObject","inLanguage":"fr-FR","@id":"https:\/\/www.bera-bv.com\/fr\/product\/bera-pool-base-sous-couche-drainante-pour-piscine-119x79-cm\/#primaryimage","url":"https:\/\/www.bera-bv.com\/wp-content\/uploads\/2025\/12\/Pool-Base_Green.jpeg","contentUrl":"https:\/\/www.bera-bv.com\/wp-content\/uploads\/2025\/12\/Pool-Base_Green.jpeg","width":1280,"height":736,"caption":"zwembad bescherming tegel ondervloer"},{"@type":"BreadcrumbList","@id":"https:\/\/www.bera-bv.com\/fr\/product\/bera-pool-base-sous-couche-drainante-pour-piscine-119x79-cm\/#breadcrumb","itemListElement":[{"@type":"ListItem","position":1,"name":"Home","item":"https:\/\/www.bera-bv.com\/fr\/accueil\/"},{"@type":"ListItem","position":2,"name":"Boutique","item":"https:\/\/www.bera-bv.com\/fr\/boutique\/"},{"@type":"ListItem","position":3,"name":"BERA Pool Base sous-couche drainante pour piscine 119&#215;79 cm"}]},{"@type":"WebSite","@id":"https:\/\/www.bera-bv.com\/fr\/#website","url":"https:\/\/www.bera-bv.com\/fr\/","name":"BERA BV","description":"Creatief en duurzaam landschapsontwerp","publisher":{"@id":"https:\/\/www.bera-bv.com\/fr\/#organization"},"potentialAction":[{"@type":"SearchAction","target":{"@type":"EntryPoint","urlTemplate":"https:\/\/www.bera-bv.com\/fr\/?s={search_term_string}"},"query-input":{"@type":"PropertyValueSpecification","valueRequired":true,"valueName":"search_term_string"}}],"inLanguage":"fr-FR"},{"@type":"Organization","@id":"https:\/\/www.bera-bv.com\/fr\/#organization","name":"BERA BV","url":"https:\/\/www.bera-bv.com\/fr\/","logo":{"@type":"ImageObject","inLanguage":"fr-FR","@id":"https:\/\/www.bera-bv.com\/fr\/#\/schema\/logo\/image\/","url":"https:\/\/www.bera-bv.com\/wp-content\/uploads\/2025\/12\/BERA-logo_light.svg","contentUrl":"https:\/\/www.bera-bv.com\/wp-content\/uploads\/2025\/12\/BERA-logo_light.svg","caption":"BERA BV"},"image":{"@id":"https:\/\/www.bera-bv.com\/fr\/#\/schema\/logo\/image\/"}}]}},"_links":{"self":[{"href":"https:\/\/www.bera-bv.com\/fr\/wp-json\/wp\/v2\/product\/12982","targetHints":{"allow":["GET"]}}],"collection":[{"href":"https:\/\/www.bera-bv.com\/fr\/wp-json\/wp\/v2\/product"}],"about":[{"href":"https:\/\/www.bera-bv.com\/fr\/wp-json\/wp\/v2\/types\/product"}],"wp:featuredmedia":[{"embeddable":true,"href":"https:\/\/www.bera-bv.com\/fr\/wp-json\/wp\/v2\/media\/12983"}],"wp:attachment":[{"href":"https:\/\/www.bera-bv.com\/fr\/wp-json\/wp\/v2\/media?parent=12982"}],"wp:term":[{"taxonomy":"product_brand","embeddable":true,"href":"https:\/\/www.bera-bv.com\/fr\/wp-json\/wp\/v2\/product_brand?post=12982"},{"taxonomy":"product_cat","embeddable":true,"href":"https:\/\/www.bera-bv.com\/fr\/wp-json\/wp\/v2\/product_cat?post=12982"},{"taxonomy":"product_tag","embeddable":true,"href":"https:\/\/www.bera-bv.com\/fr\/wp-json\/wp\/v2\/product_tag?post=12982"}],"curies":[{"name":"wp","href":"https:\/\/api.w.org\/{rel}","templated":true}]}}