{"id":12977,"date":"2025-12-22T12:35:44","date_gmt":"2025-12-22T11:35:44","guid":{"rendered":"http:\/\/bera-bv.com\/product\/connecteur-pour-bordure-bera-t-l-edge-pro\/"},"modified":"2026-04-13T15:42:29","modified_gmt":"2026-04-13T13:42:29","slug":"connecteur-pour-bordure-bera-t-l-edge-pro","status":"publish","type":"product","link":"https:\/\/www.bera-bv.com\/fr\/product\/connecteur-pour-bordure-bera-t-l-edge-pro\/","title":{"rendered":"Connecteur pour bordure BERA T &amp; L-Edge Pro"},"content":{"rendered":"<p><strong>Application<\/strong><br \/>\nPour le raccordement des bordures en aluminium.<\/p>\n<p>D\u00e9tails du produit<\/p>\n<ul>\n<li>Couleur : noir<\/li>\n<li>Dimensions : 5&#215;2 cm<\/li>\n<li>Mat\u00e9riau : polypropyl\u00e8ne<\/li>\n<li>R\u00e9sistant aux UV et au gel<\/li>\n<li>Contenu de la livraison : sachet de 4 pi\u00e8ces ou sac de 20 pi\u00e8ces<\/li>\n<\/ul>\n<p>Pose<\/p>\n<p>Enfoncez le connecteur dans le trou pr\u00e9-perc\u00e9. \u00c9vitez l\u2019utilisation dans les virages serr\u00e9s ; \u00e0 utiliser de pr\u00e9f\u00e9rence sur des sections droites ou des courbes l\u00e9g\u00e8res. <\/p>\n","protected":false},"excerpt":{"rendered":"<p><strong>Description<\/strong><br \/>\nLes connecteurs sont un outil pratique en option pour coupler les bordures entre elles. Enfoncez le connecteur dans le trou pr\u00e9-perc\u00e9. \u00c9vitez l\u2019utilisation dans les virages serr\u00e9s ; \u00e0 utiliser de pr\u00e9f\u00e9rence sur des sections droites ou des courbes l\u00e9g\u00e8res.  <\/p>\n<p>Plus d\u2019informations disponibles <a href=\"https:\/\/www.bera-bv.nl\/randbegrenzing\/bera-t-l-edge-pro\/\" target=\"_blank\" rel=\"noopener noreferrer\">ici<\/a>.<\/p>\n","protected":false},"featured_media":12978,"template":"","meta":{"site-sidebar-layout":"default","site-content-layout":"","ast-site-content-layout":"default","site-content-style":"default","site-sidebar-style":"default","ast-global-header-display":"","ast-banner-title-visibility":"","ast-main-header-display":"","ast-hfb-above-header-display":"","ast-hfb-below-header-display":"","ast-hfb-mobile-header-display":"","site-post-title":"","ast-breadcrumbs-content":"","ast-featured-img":"","footer-sml-layout":"","ast-disable-related-posts":"","theme-transparent-header-meta":"default","adv-header-id-meta":"","stick-header-meta":"default","header-above-stick-meta":"","header-main-stick-meta":"","header-below-stick-meta":"","astra-migrate-meta-layouts":"default","ast-page-background-enabled":"default","ast-page-background-meta":{"desktop":{"background-color":"var(--ast-global-color-4)","background-image":"","background-repeat":"repeat","background-position":"center center","background-size":"auto","background-attachment":"scroll","background-type":"","background-media":"","overlay-type":"","overlay-color":"","overlay-opacity":"","overlay-gradient":""},"tablet":{"background-color":"","background-image":"","background-repeat":"repeat","background-position":"center center","background-size":"auto","background-attachment":"scroll","background-type":"","background-media":"","overlay-type":"","overlay-color":"","overlay-opacity":"","overlay-gradient":""},"mobile":{"background-color":"","background-image":"","background-repeat":"repeat","background-position":"center center","background-size":"auto","background-attachment":"scroll","background-type":"","background-media":"","overlay-type":"","overlay-color":"","overlay-opacity":"","overlay-gradient":""}},"ast-content-background-meta":{"desktop":{"background-color":"var(--ast-global-color-5)","background-image":"","background-repeat":"repeat","background-position":"center center","background-size":"auto","background-attachment":"scroll","background-type":"","background-media":"","overlay-type":"","overlay-color":"","overlay-opacity":"","overlay-gradient":""},"tablet":{"background-color":"var(--ast-global-color-5)","background-image":"","background-repeat":"repeat","background-position":"center center","background-size":"auto","background-attachment":"scroll","background-type":"","background-media":"","overlay-type":"","overlay-color":"","overlay-opacity":"","overlay-gradient":""},"mobile":{"background-color":"var(--ast-global-color-5)","background-image":"","background-repeat":"repeat","background-position":"center center","background-size":"auto","background-attachment":"scroll","background-type":"","background-media":"","overlay-type":"","overlay-color":"","overlay-opacity":"","overlay-gradient":""}}},"product_brand":[],"product_cat":[305],"product_tag":[],"class_list":{"0":"post-12977","1":"product","2":"type-product","3":"status-publish","4":"has-post-thumbnail","6":"product_cat-bordures","7":"product_shipping_class-parcel","8":"pa_frostproof-oui","9":"pa_kleur-noir","10":"pa_materiaal-polypropylene","11":"pa_uv-bestendig-oui","12":"pa_verpakkingseenheid-sac-de-20-pieces","13":"pa_verpakkingseenheid-sachet-de-4-pieces","14":"desktop-align-left","15":"tablet-align-left","16":"mobile-align-left","17":"ast-product-gallery-layout-horizontal","18":"ast-product-single-variable","19":"ast-product-tabs-layout-horizontal","21":"first","22":"instock","23":"product-type-variable"},"yoast_head":"<!-- This site is optimized with the Yoast SEO plugin v27.4 - https:\/\/yoast.com\/product\/yoast-seo-wordpress\/ -->\n<title>Connecteur pour bordure BERA T &amp; L-Edge Pro - BERA BV<\/title>\n<meta name=\"robots\" content=\"index, follow, max-snippet:-1, max-image-preview:large, max-video-preview:-1\" \/>\n<link rel=\"canonical\" href=\"https:\/\/www.bera-bv.com\/fr\/product\/connecteur-pour-bordure-bera-t-l-edge-pro\/\" \/>\n<meta property=\"og:locale\" content=\"fr_FR\" \/>\n<meta property=\"og:type\" content=\"article\" \/>\n<meta property=\"og:title\" content=\"Connecteur pour bordure BERA T &amp; L-Edge Pro - BERA BV\" \/>\n<meta property=\"og:description\" content=\"Description Les connecteurs sont un outil pratique en option pour coupler les bordures entre elles. Enfoncez le connecteur dans le trou pr\u00e9-perc\u00e9. \u00c9vitez l\u2019utilisation dans les virages serr\u00e9s ; \u00e0 utiliser de pr\u00e9f\u00e9rence sur des sections droites ou des courbes l\u00e9g\u00e8res.  Plus d\u2019informations disponibles ici.\" \/>\n<meta property=\"og:url\" content=\"https:\/\/www.bera-bv.com\/fr\/product\/connecteur-pour-bordure-bera-t-l-edge-pro\/\" \/>\n<meta property=\"og:site_name\" content=\"BERA BV\" \/>\n<meta property=\"article:modified_time\" content=\"2026-04-13T13:42:29+00:00\" \/>\n<meta property=\"og:image\" content=\"https:\/\/www.bera-bv.com\/wp-content\/uploads\/2025\/12\/Gravel-Edge-ALU-Verbindungselement.jpg\" \/>\n\t<meta property=\"og:image:width\" content=\"512\" \/>\n\t<meta property=\"og:image:height\" content=\"330\" \/>\n\t<meta property=\"og:image:type\" content=\"image\/jpeg\" \/>\n<meta name=\"twitter:card\" content=\"summary_large_image\" \/>\n<script type=\"application\/ld+json\" class=\"yoast-schema-graph\">{\"@context\":\"https:\\\/\\\/schema.org\",\"@graph\":[{\"@type\":\"WebPage\",\"@id\":\"https:\\\/\\\/www.bera-bv.com\\\/fr\\\/product\\\/connecteur-pour-bordure-bera-t-l-edge-pro\\\/\",\"url\":\"https:\\\/\\\/www.bera-bv.com\\\/fr\\\/product\\\/connecteur-pour-bordure-bera-t-l-edge-pro\\\/\",\"name\":\"Connecteur pour bordure BERA T &amp; L-Edge Pro - BERA BV\",\"isPartOf\":{\"@id\":\"https:\\\/\\\/www.bera-bv.com\\\/fr\\\/#website\"},\"primaryImageOfPage\":{\"@id\":\"https:\\\/\\\/www.bera-bv.com\\\/fr\\\/product\\\/connecteur-pour-bordure-bera-t-l-edge-pro\\\/#primaryimage\"},\"image\":{\"@id\":\"https:\\\/\\\/www.bera-bv.com\\\/fr\\\/product\\\/connecteur-pour-bordure-bera-t-l-edge-pro\\\/#primaryimage\"},\"thumbnailUrl\":\"https:\\\/\\\/www.bera-bv.com\\\/wp-content\\\/uploads\\\/2025\\\/12\\\/Gravel-Edge-ALU-Verbindungselement.jpg\",\"datePublished\":\"2025-12-22T11:35:44+00:00\",\"dateModified\":\"2026-04-13T13:42:29+00:00\",\"breadcrumb\":{\"@id\":\"https:\\\/\\\/www.bera-bv.com\\\/fr\\\/product\\\/connecteur-pour-bordure-bera-t-l-edge-pro\\\/#breadcrumb\"},\"inLanguage\":\"fr-FR\",\"potentialAction\":[{\"@type\":\"ReadAction\",\"target\":[\"https:\\\/\\\/www.bera-bv.com\\\/fr\\\/product\\\/connecteur-pour-bordure-bera-t-l-edge-pro\\\/\"]}]},{\"@type\":\"ImageObject\",\"inLanguage\":\"fr-FR\",\"@id\":\"https:\\\/\\\/www.bera-bv.com\\\/fr\\\/product\\\/connecteur-pour-bordure-bera-t-l-edge-pro\\\/#primaryimage\",\"url\":\"https:\\\/\\\/www.bera-bv.com\\\/wp-content\\\/uploads\\\/2025\\\/12\\\/Gravel-Edge-ALU-Verbindungselement.jpg\",\"contentUrl\":\"https:\\\/\\\/www.bera-bv.com\\\/wp-content\\\/uploads\\\/2025\\\/12\\\/Gravel-Edge-ALU-Verbindungselement.jpg\",\"width\":512,\"height\":330},{\"@type\":\"BreadcrumbList\",\"@id\":\"https:\\\/\\\/www.bera-bv.com\\\/fr\\\/product\\\/connecteur-pour-bordure-bera-t-l-edge-pro\\\/#breadcrumb\",\"itemListElement\":[{\"@type\":\"ListItem\",\"position\":1,\"name\":\"Home\",\"item\":\"https:\\\/\\\/www.bera-bv.com\\\/fr\\\/accueil\\\/\"},{\"@type\":\"ListItem\",\"position\":2,\"name\":\"Boutique\",\"item\":\"https:\\\/\\\/www.bera-bv.com\\\/fr\\\/boutique\\\/\"},{\"@type\":\"ListItem\",\"position\":3,\"name\":\"Connecteur pour bordure BERA T &amp; L-Edge Pro\"}]},{\"@type\":\"WebSite\",\"@id\":\"https:\\\/\\\/www.bera-bv.com\\\/fr\\\/#website\",\"url\":\"https:\\\/\\\/www.bera-bv.com\\\/fr\\\/\",\"name\":\"BERA BV\",\"description\":\"Creatief en duurzaam landschapsontwerp\",\"publisher\":{\"@id\":\"https:\\\/\\\/www.bera-bv.com\\\/fr\\\/#organization\"},\"potentialAction\":[{\"@type\":\"SearchAction\",\"target\":{\"@type\":\"EntryPoint\",\"urlTemplate\":\"https:\\\/\\\/www.bera-bv.com\\\/fr\\\/?s={search_term_string}\"},\"query-input\":{\"@type\":\"PropertyValueSpecification\",\"valueRequired\":true,\"valueName\":\"search_term_string\"}}],\"inLanguage\":\"fr-FR\"},{\"@type\":\"Organization\",\"@id\":\"https:\\\/\\\/www.bera-bv.com\\\/fr\\\/#organization\",\"name\":\"BERA BV\",\"url\":\"https:\\\/\\\/www.bera-bv.com\\\/fr\\\/\",\"logo\":{\"@type\":\"ImageObject\",\"inLanguage\":\"fr-FR\",\"@id\":\"https:\\\/\\\/www.bera-bv.com\\\/fr\\\/#\\\/schema\\\/logo\\\/image\\\/\",\"url\":\"https:\\\/\\\/www.bera-bv.com\\\/wp-content\\\/uploads\\\/2025\\\/12\\\/BERA-logo_light.svg\",\"contentUrl\":\"https:\\\/\\\/www.bera-bv.com\\\/wp-content\\\/uploads\\\/2025\\\/12\\\/BERA-logo_light.svg\",\"caption\":\"BERA BV\"},\"image\":{\"@id\":\"https:\\\/\\\/www.bera-bv.com\\\/fr\\\/#\\\/schema\\\/logo\\\/image\\\/\"}}]}<\/script>\n<!-- \/ Yoast SEO plugin. -->","yoast_head_json":{"title":"Connecteur pour bordure BERA T &amp; L-Edge Pro - BERA BV","robots":{"index":"index","follow":"follow","max-snippet":"max-snippet:-1","max-image-preview":"max-image-preview:large","max-video-preview":"max-video-preview:-1"},"canonical":"https:\/\/www.bera-bv.com\/fr\/product\/connecteur-pour-bordure-bera-t-l-edge-pro\/","og_locale":"fr_FR","og_type":"article","og_title":"Connecteur pour bordure BERA T &amp; L-Edge Pro - BERA BV","og_description":"Description Les connecteurs sont un outil pratique en option pour coupler les bordures entre elles. Enfoncez le connecteur dans le trou pr\u00e9-perc\u00e9. \u00c9vitez l\u2019utilisation dans les virages serr\u00e9s ; \u00e0 utiliser de pr\u00e9f\u00e9rence sur des sections droites ou des courbes l\u00e9g\u00e8res.  Plus d\u2019informations disponibles ici.","og_url":"https:\/\/www.bera-bv.com\/fr\/product\/connecteur-pour-bordure-bera-t-l-edge-pro\/","og_site_name":"BERA BV","article_modified_time":"2026-04-13T13:42:29+00:00","og_image":[{"width":512,"height":330,"url":"https:\/\/www.bera-bv.com\/wp-content\/uploads\/2025\/12\/Gravel-Edge-ALU-Verbindungselement.jpg","type":"image\/jpeg"}],"twitter_card":"summary_large_image","schema":{"@context":"https:\/\/schema.org","@graph":[{"@type":"WebPage","@id":"https:\/\/www.bera-bv.com\/fr\/product\/connecteur-pour-bordure-bera-t-l-edge-pro\/","url":"https:\/\/www.bera-bv.com\/fr\/product\/connecteur-pour-bordure-bera-t-l-edge-pro\/","name":"Connecteur pour bordure BERA T &amp; L-Edge Pro - BERA BV","isPartOf":{"@id":"https:\/\/www.bera-bv.com\/fr\/#website"},"primaryImageOfPage":{"@id":"https:\/\/www.bera-bv.com\/fr\/product\/connecteur-pour-bordure-bera-t-l-edge-pro\/#primaryimage"},"image":{"@id":"https:\/\/www.bera-bv.com\/fr\/product\/connecteur-pour-bordure-bera-t-l-edge-pro\/#primaryimage"},"thumbnailUrl":"https:\/\/www.bera-bv.com\/wp-content\/uploads\/2025\/12\/Gravel-Edge-ALU-Verbindungselement.jpg","datePublished":"2025-12-22T11:35:44+00:00","dateModified":"2026-04-13T13:42:29+00:00","breadcrumb":{"@id":"https:\/\/www.bera-bv.com\/fr\/product\/connecteur-pour-bordure-bera-t-l-edge-pro\/#breadcrumb"},"inLanguage":"fr-FR","potentialAction":[{"@type":"ReadAction","target":["https:\/\/www.bera-bv.com\/fr\/product\/connecteur-pour-bordure-bera-t-l-edge-pro\/"]}]},{"@type":"ImageObject","inLanguage":"fr-FR","@id":"https:\/\/www.bera-bv.com\/fr\/product\/connecteur-pour-bordure-bera-t-l-edge-pro\/#primaryimage","url":"https:\/\/www.bera-bv.com\/wp-content\/uploads\/2025\/12\/Gravel-Edge-ALU-Verbindungselement.jpg","contentUrl":"https:\/\/www.bera-bv.com\/wp-content\/uploads\/2025\/12\/Gravel-Edge-ALU-Verbindungselement.jpg","width":512,"height":330},{"@type":"BreadcrumbList","@id":"https:\/\/www.bera-bv.com\/fr\/product\/connecteur-pour-bordure-bera-t-l-edge-pro\/#breadcrumb","itemListElement":[{"@type":"ListItem","position":1,"name":"Home","item":"https:\/\/www.bera-bv.com\/fr\/accueil\/"},{"@type":"ListItem","position":2,"name":"Boutique","item":"https:\/\/www.bera-bv.com\/fr\/boutique\/"},{"@type":"ListItem","position":3,"name":"Connecteur pour bordure BERA T &amp; L-Edge Pro"}]},{"@type":"WebSite","@id":"https:\/\/www.bera-bv.com\/fr\/#website","url":"https:\/\/www.bera-bv.com\/fr\/","name":"BERA BV","description":"Creatief en duurzaam landschapsontwerp","publisher":{"@id":"https:\/\/www.bera-bv.com\/fr\/#organization"},"potentialAction":[{"@type":"SearchAction","target":{"@type":"EntryPoint","urlTemplate":"https:\/\/www.bera-bv.com\/fr\/?s={search_term_string}"},"query-input":{"@type":"PropertyValueSpecification","valueRequired":true,"valueName":"search_term_string"}}],"inLanguage":"fr-FR"},{"@type":"Organization","@id":"https:\/\/www.bera-bv.com\/fr\/#organization","name":"BERA BV","url":"https:\/\/www.bera-bv.com\/fr\/","logo":{"@type":"ImageObject","inLanguage":"fr-FR","@id":"https:\/\/www.bera-bv.com\/fr\/#\/schema\/logo\/image\/","url":"https:\/\/www.bera-bv.com\/wp-content\/uploads\/2025\/12\/BERA-logo_light.svg","contentUrl":"https:\/\/www.bera-bv.com\/wp-content\/uploads\/2025\/12\/BERA-logo_light.svg","caption":"BERA BV"},"image":{"@id":"https:\/\/www.bera-bv.com\/fr\/#\/schema\/logo\/image\/"}}]}},"_links":{"self":[{"href":"https:\/\/www.bera-bv.com\/fr\/wp-json\/wp\/v2\/product\/12977","targetHints":{"allow":["GET"]}}],"collection":[{"href":"https:\/\/www.bera-bv.com\/fr\/wp-json\/wp\/v2\/product"}],"about":[{"href":"https:\/\/www.bera-bv.com\/fr\/wp-json\/wp\/v2\/types\/product"}],"wp:featuredmedia":[{"embeddable":true,"href":"https:\/\/www.bera-bv.com\/fr\/wp-json\/wp\/v2\/media\/12978"}],"wp:attachment":[{"href":"https:\/\/www.bera-bv.com\/fr\/wp-json\/wp\/v2\/media?parent=12977"}],"wp:term":[{"taxonomy":"product_brand","embeddable":true,"href":"https:\/\/www.bera-bv.com\/fr\/wp-json\/wp\/v2\/product_brand?post=12977"},{"taxonomy":"product_cat","embeddable":true,"href":"https:\/\/www.bera-bv.com\/fr\/wp-json\/wp\/v2\/product_cat?post=12977"},{"taxonomy":"product_tag","embeddable":true,"href":"https:\/\/www.bera-bv.com\/fr\/wp-json\/wp\/v2\/product_tag?post=12977"}],"curies":[{"name":"wp","href":"https:\/\/api.w.org\/{rel}","templated":true}]}}