{"id":12947,"date":"2025-12-22T12:35:08","date_gmt":"2025-12-22T11:35:08","guid":{"rendered":"http:\/\/bera-bv.com\/product\/dalle-stabilisatrice-gravel-fix-lite-s-env-60x80-cm\/"},"modified":"2026-02-20T15:46:53","modified_gmt":"2026-02-20T14:46:53","slug":"dalle-stabilisatrice-gravel-fix-lite-s-env-60x80-cm","status":"publish","type":"product","link":"https:\/\/www.bera-bv.com\/fr\/product\/dalle-stabilisatrice-gravel-fix-lite-s-env-60x80-cm\/","title":{"rendered":"Dalle stabilisatrice Gravel Fix Lite -S (env. 60&#215;80 cm)"},"content":{"rendered":"<p><strong>Application<\/strong><\/p>\n<ul>\n<li>All\u00e9e de jardin<\/li>\n<li>Terrasse<\/li>\n<li>Terrasse<\/li>\n<li>Le long de la fa\u00e7ade<\/li>\n<li>All\u00e9e pour trafic l\u00e9ger<\/li>\n<\/ul>\n<p><strong>D\u00e9tails du produit<\/strong><\/p>\n<ul>\n<li>Couleur : gris<\/li>\n<li>Format : 787 x 581 x 26 mm<\/li>\n<li>Surface 0,46 m\u00b2 par dalle<\/li>\n<li>Incl. g\u00e9otextile robuste et perm\u00e9able \u00e0 l\u2019eau sur la face inf\u00e9rieure <\/li>\n<li>Quantit\u00e9 de gravier\/split env. 43 L ou 65 kg par m\u00b2<\/li>\n<li>Taille du gravier ou split entre 3 et 12 mm<\/li>\n<li>Mat\u00e9riau polypropyl\u00e8ne, 100 % recyclable<\/li>\n<li>R\u00e9sistant aux UV et au gel<\/li>\n<\/ul>\n","protected":false},"excerpt":{"rendered":"<p><strong>Description de l\u2019article<\/strong><br \/>\nLe Gravel Fix Lite S, produit de mani\u00e8re enti\u00e8rement durable, est une solution pratique de dalle stabilisatrice (\u00e9galement appel\u00e9e plaque ou tapis \u00e0 gravier) pour stabiliser le gravier et le split. La surface devient ainsi solide, stable et accessible \u00e0 tous, m\u00eame avec vos talons hauts ! <\/p>\n<p>De plus, le rev\u00eatement en gravier devient s\u00fbr et facile \u00e0 parcourir \u00e0 v\u00e9lo, scooter ou moto, mais aussi en fauteuil roulant ou avec une poussette. Il offre \u00e9galement une stabilit\u00e9 pour le coin barbecue, l\u2019\u00e9chelle et vos chaises de jardin, qui ne s\u2019enfoncent plus. Votre fa\u00e7ade reste \u00e9galement propre gr\u00e2ce \u00e0 une bande de 60 cm de large de Gravel Fix Lite S. Plus d\u2019\u00e9claboussures d\u2019eau \u00ab verte \u00bb.  <\/p>\n<p>Ce m\u00eame produit peut \u00e9galement \u00eatre utilis\u00e9 pour votre parking ou all\u00e9e pour trafic l\u00e9ger. Plus de traces de roues, le gravier ne glisse pas sur les c\u00f4t\u00e9s et la surface reste esth\u00e9tique et s\u00e8che, m\u00eame en cas de fortes pluies, gr\u00e2ce au g\u00e9otextile brevet\u00e9 fix\u00e9 sur la face inf\u00e9rieure. L\u2019eau de pluie est \u00e9vacu\u00e9e \u00e0 100 % vers la nappe phr\u00e9atique.  <\/p>\n<p>Vous trouverez plus d\u2019informations <a href=\"https:\/\/www.bera-bv.nl\/grindstabilisatie\/bera-gravel-fix-lite\/\" target=\"_blank\" rel=\"noopener noreferrer\">ici<\/a>.<\/p>\n<p>Pour les grandes surfaces de parking ou d\u2019all\u00e9e, nous vous conseillons le grand format <a href=\"https:\/\/www.bera-bv.nl\/webshop\/produkt\/grindstabilisatie-gravel-fix-pro-ca-80x120-cm\/\" rel=\"noopener\">Gravel Fix Pro<\/a><\/p>\n<div class=\"responsive-video\">\n[embed]https:\/\/www.youtube.com\/watch?v=rA3uWjPSwos[\/embed]\n<\/div>\n","protected":false},"featured_media":12948,"template":"","meta":{"site-sidebar-layout":"default","site-content-layout":"","ast-site-content-layout":"default","site-content-style":"default","site-sidebar-style":"default","ast-global-header-display":"","ast-banner-title-visibility":"","ast-main-header-display":"","ast-hfb-above-header-display":"","ast-hfb-below-header-display":"","ast-hfb-mobile-header-display":"","site-post-title":"","ast-breadcrumbs-content":"","ast-featured-img":"","footer-sml-layout":"","ast-disable-related-posts":"","theme-transparent-header-meta":"default","adv-header-id-meta":"","stick-header-meta":"default","header-above-stick-meta":"","header-main-stick-meta":"","header-below-stick-meta":"","astra-migrate-meta-layouts":"default","ast-page-background-enabled":"default","ast-page-background-meta":{"desktop":{"background-color":"var(--ast-global-color-4)","background-image":"","background-repeat":"repeat","background-position":"center center","background-size":"auto","background-attachment":"scroll","background-type":"","background-media":"","overlay-type":"","overlay-color":"","overlay-opacity":"","overlay-gradient":""},"tablet":{"background-color":"","background-image":"","background-repeat":"repeat","background-position":"center center","background-size":"auto","background-attachment":"scroll","background-type":"","background-media":"","overlay-type":"","overlay-color":"","overlay-opacity":"","overlay-gradient":""},"mobile":{"background-color":"","background-image":"","background-repeat":"repeat","background-position":"center center","background-size":"auto","background-attachment":"scroll","background-type":"","background-media":"","overlay-type":"","overlay-color":"","overlay-opacity":"","overlay-gradient":""}},"ast-content-background-meta":{"desktop":{"background-color":"var(--ast-global-color-5)","background-image":"","background-repeat":"repeat","background-position":"center center","background-size":"auto","background-attachment":"scroll","background-type":"","background-media":"","overlay-type":"","overlay-color":"","overlay-opacity":"","overlay-gradient":""},"tablet":{"background-color":"var(--ast-global-color-5)","background-image":"","background-repeat":"repeat","background-position":"center center","background-size":"auto","background-attachment":"scroll","background-type":"","background-media":"","overlay-type":"","overlay-color":"","overlay-opacity":"","overlay-gradient":""},"mobile":{"background-color":"var(--ast-global-color-5)","background-image":"","background-repeat":"repeat","background-position":"center center","background-size":"auto","background-attachment":"scroll","background-type":"","background-media":"","overlay-type":"","overlay-color":"","overlay-opacity":"","overlay-gradient":""}}},"product_brand":[],"product_cat":[342],"product_tag":[],"class_list":{"0":"post-12947","1":"product","2":"type-product","3":"status-publish","4":"has-post-thumbnail","6":"product_cat-stabilisation-du-gravier","7":"product_shipping_class-parcel","8":"pa_frostproof-oui","9":"pa_kleur-blanc","10":"pa_kleur-gris","11":"pa_kleur-gris-blanc","12":"pa_materiaal-100-polypropylene-pur-entierement-recyclable","13":"pa_uv-bestendig-oui","14":"desktop-align-left","15":"tablet-align-left","16":"mobile-align-left","17":"ast-product-gallery-layout-horizontal","18":"ast-product-tabs-layout-horizontal","20":"first","21":"instock","22":"purchasable","23":"product-type-simple"},"yoast_head":"<!-- This site is optimized with the Yoast SEO plugin v27.4 - https:\/\/yoast.com\/product\/yoast-seo-wordpress\/ -->\n<title>Dalle stabilisatrice Gravel Fix Lite -S (env. 60x80 cm) - BERA BV<\/title>\n<meta name=\"robots\" content=\"index, follow, max-snippet:-1, max-image-preview:large, max-video-preview:-1\" \/>\n<link rel=\"canonical\" href=\"https:\/\/www.bera-bv.com\/fr\/product\/dalle-stabilisatrice-gravel-fix-lite-s-env-60x80-cm\/\" \/>\n<meta property=\"og:locale\" content=\"fr_FR\" \/>\n<meta property=\"og:type\" content=\"article\" \/>\n<meta property=\"og:title\" content=\"Dalle stabilisatrice Gravel Fix Lite -S (env. 60x80 cm) - BERA BV\" \/>\n<meta property=\"og:description\" content=\"Description de l\u2019article Le Gravel Fix Lite S, produit de mani\u00e8re enti\u00e8rement durable, est une solution pratique de dalle stabilisatrice (\u00e9galement appel\u00e9e plaque ou tapis \u00e0 gravier) pour stabiliser le gravier et le split. La surface devient ainsi solide, stable et accessible \u00e0 tous, m\u00eame avec vos talons hauts !  De plus, le rev\u00eatement en gravier devient s\u00fbr et facile \u00e0 parcourir \u00e0 v\u00e9lo, scooter ou moto, mais aussi en fauteuil roulant ou avec une poussette. Il offre \u00e9galement une stabilit\u00e9 pour le coin barbecue, l\u2019\u00e9chelle et vos chaises de jardin, qui ne s\u2019enfoncent plus. Votre fa\u00e7ade reste \u00e9galement propre gr\u00e2ce \u00e0 une bande de 60 cm de large de Gravel Fix Lite S. Plus d\u2019\u00e9claboussures d\u2019eau \u00ab verte \u00bb.  Ce m\u00eame produit peut \u00e9galement \u00eatre utilis\u00e9 pour votre parking ou all\u00e9e pour trafic l\u00e9ger. Plus de traces de roues, le gravier ne glisse pas sur les c\u00f4t\u00e9s et la surface reste esth\u00e9tique et s\u00e8che, m\u00eame en cas de fortes pluies, gr\u00e2ce au g\u00e9otextile brevet\u00e9 fix\u00e9 sur la face inf\u00e9rieure. L\u2019eau de pluie est \u00e9vacu\u00e9e \u00e0 100 % vers la nappe phr\u00e9atique.  Vous trouverez plus d\u2019informations ici. Pour les grandes surfaces de parking ou d\u2019all\u00e9e, nous vous conseillons le grand format Gravel Fix Pro\" \/>\n<meta property=\"og:url\" content=\"https:\/\/www.bera-bv.com\/fr\/product\/dalle-stabilisatrice-gravel-fix-lite-s-env-60x80-cm\/\" \/>\n<meta property=\"og:site_name\" content=\"BERA BV\" \/>\n<meta property=\"article:modified_time\" content=\"2026-02-20T14:46:53+00:00\" \/>\n<meta property=\"og:image\" content=\"https:\/\/www.bera-bv.com\/wp-content\/uploads\/2025\/12\/1100213-GF-Lite-S-Grey-recycled-60x80-0.46m2-RUV1-Typar_EAN_8720726115261_0031-768x1024.png\" \/>\n\t<meta property=\"og:image:width\" content=\"768\" \/>\n\t<meta property=\"og:image:height\" content=\"1024\" \/>\n\t<meta property=\"og:image:type\" content=\"image\/png\" \/>\n<meta name=\"twitter:card\" content=\"summary_large_image\" \/>\n<script type=\"application\/ld+json\" class=\"yoast-schema-graph\">{\"@context\":\"https:\\\/\\\/schema.org\",\"@graph\":[{\"@type\":\"WebPage\",\"@id\":\"https:\\\/\\\/www.bera-bv.com\\\/fr\\\/product\\\/dalle-stabilisatrice-gravel-fix-lite-s-env-60x80-cm\\\/\",\"url\":\"https:\\\/\\\/www.bera-bv.com\\\/fr\\\/product\\\/dalle-stabilisatrice-gravel-fix-lite-s-env-60x80-cm\\\/\",\"name\":\"Dalle stabilisatrice Gravel Fix Lite -S (env. 60x80 cm) - BERA BV\",\"isPartOf\":{\"@id\":\"https:\\\/\\\/www.bera-bv.com\\\/fr\\\/#website\"},\"primaryImageOfPage\":{\"@id\":\"https:\\\/\\\/www.bera-bv.com\\\/fr\\\/product\\\/dalle-stabilisatrice-gravel-fix-lite-s-env-60x80-cm\\\/#primaryimage\"},\"image\":{\"@id\":\"https:\\\/\\\/www.bera-bv.com\\\/fr\\\/product\\\/dalle-stabilisatrice-gravel-fix-lite-s-env-60x80-cm\\\/#primaryimage\"},\"thumbnailUrl\":\"https:\\\/\\\/www.bera-bv.com\\\/wp-content\\\/uploads\\\/2025\\\/12\\\/1100213-GF-Lite-S-Grey-recycled-60x80-0.46m2-RUV1-Typar_EAN_8720726115261_0031-scaled.png\",\"datePublished\":\"2025-12-22T11:35:08+00:00\",\"dateModified\":\"2026-02-20T14:46:53+00:00\",\"breadcrumb\":{\"@id\":\"https:\\\/\\\/www.bera-bv.com\\\/fr\\\/product\\\/dalle-stabilisatrice-gravel-fix-lite-s-env-60x80-cm\\\/#breadcrumb\"},\"inLanguage\":\"fr-FR\",\"potentialAction\":[{\"@type\":\"ReadAction\",\"target\":[\"https:\\\/\\\/www.bera-bv.com\\\/fr\\\/product\\\/dalle-stabilisatrice-gravel-fix-lite-s-env-60x80-cm\\\/\"]}]},{\"@type\":\"ImageObject\",\"inLanguage\":\"fr-FR\",\"@id\":\"https:\\\/\\\/www.bera-bv.com\\\/fr\\\/product\\\/dalle-stabilisatrice-gravel-fix-lite-s-env-60x80-cm\\\/#primaryimage\",\"url\":\"https:\\\/\\\/www.bera-bv.com\\\/wp-content\\\/uploads\\\/2025\\\/12\\\/1100213-GF-Lite-S-Grey-recycled-60x80-0.46m2-RUV1-Typar_EAN_8720726115261_0031-scaled.png\",\"contentUrl\":\"https:\\\/\\\/www.bera-bv.com\\\/wp-content\\\/uploads\\\/2025\\\/12\\\/1100213-GF-Lite-S-Grey-recycled-60x80-0.46m2-RUV1-Typar_EAN_8720726115261_0031-scaled.png\",\"width\":1920,\"height\":2560,\"caption\":\"Duurzame grindplaat grindmat grindrooster grijs\"},{\"@type\":\"BreadcrumbList\",\"@id\":\"https:\\\/\\\/www.bera-bv.com\\\/fr\\\/product\\\/dalle-stabilisatrice-gravel-fix-lite-s-env-60x80-cm\\\/#breadcrumb\",\"itemListElement\":[{\"@type\":\"ListItem\",\"position\":1,\"name\":\"Home\",\"item\":\"https:\\\/\\\/www.bera-bv.com\\\/fr\\\/accueil\\\/\"},{\"@type\":\"ListItem\",\"position\":2,\"name\":\"Boutique\",\"item\":\"https:\\\/\\\/www.bera-bv.com\\\/fr\\\/boutique\\\/\"},{\"@type\":\"ListItem\",\"position\":3,\"name\":\"Dalle stabilisatrice Gravel Fix Lite -S (env. 60&#215;80 cm)\"}]},{\"@type\":\"WebSite\",\"@id\":\"https:\\\/\\\/www.bera-bv.com\\\/fr\\\/#website\",\"url\":\"https:\\\/\\\/www.bera-bv.com\\\/fr\\\/\",\"name\":\"BERA BV\",\"description\":\"Creatief en duurzaam landschapsontwerp\",\"publisher\":{\"@id\":\"https:\\\/\\\/www.bera-bv.com\\\/fr\\\/#organization\"},\"potentialAction\":[{\"@type\":\"SearchAction\",\"target\":{\"@type\":\"EntryPoint\",\"urlTemplate\":\"https:\\\/\\\/www.bera-bv.com\\\/fr\\\/?s={search_term_string}\"},\"query-input\":{\"@type\":\"PropertyValueSpecification\",\"valueRequired\":true,\"valueName\":\"search_term_string\"}}],\"inLanguage\":\"fr-FR\"},{\"@type\":\"Organization\",\"@id\":\"https:\\\/\\\/www.bera-bv.com\\\/fr\\\/#organization\",\"name\":\"BERA BV\",\"url\":\"https:\\\/\\\/www.bera-bv.com\\\/fr\\\/\",\"logo\":{\"@type\":\"ImageObject\",\"inLanguage\":\"fr-FR\",\"@id\":\"https:\\\/\\\/www.bera-bv.com\\\/fr\\\/#\\\/schema\\\/logo\\\/image\\\/\",\"url\":\"https:\\\/\\\/www.bera-bv.com\\\/wp-content\\\/uploads\\\/2025\\\/12\\\/BERA-logo_light.svg\",\"contentUrl\":\"https:\\\/\\\/www.bera-bv.com\\\/wp-content\\\/uploads\\\/2025\\\/12\\\/BERA-logo_light.svg\",\"caption\":\"BERA BV\"},\"image\":{\"@id\":\"https:\\\/\\\/www.bera-bv.com\\\/fr\\\/#\\\/schema\\\/logo\\\/image\\\/\"}}]}<\/script>\n<!-- \/ Yoast SEO plugin. -->","yoast_head_json":{"title":"Dalle stabilisatrice Gravel Fix Lite -S (env. 60x80 cm) - BERA BV","robots":{"index":"index","follow":"follow","max-snippet":"max-snippet:-1","max-image-preview":"max-image-preview:large","max-video-preview":"max-video-preview:-1"},"canonical":"https:\/\/www.bera-bv.com\/fr\/product\/dalle-stabilisatrice-gravel-fix-lite-s-env-60x80-cm\/","og_locale":"fr_FR","og_type":"article","og_title":"Dalle stabilisatrice Gravel Fix Lite -S (env. 60x80 cm) - BERA BV","og_description":"Description de l\u2019article Le Gravel Fix Lite S, produit de mani\u00e8re enti\u00e8rement durable, est une solution pratique de dalle stabilisatrice (\u00e9galement appel\u00e9e plaque ou tapis \u00e0 gravier) pour stabiliser le gravier et le split. La surface devient ainsi solide, stable et accessible \u00e0 tous, m\u00eame avec vos talons hauts !  De plus, le rev\u00eatement en gravier devient s\u00fbr et facile \u00e0 parcourir \u00e0 v\u00e9lo, scooter ou moto, mais aussi en fauteuil roulant ou avec une poussette. Il offre \u00e9galement une stabilit\u00e9 pour le coin barbecue, l\u2019\u00e9chelle et vos chaises de jardin, qui ne s\u2019enfoncent plus. Votre fa\u00e7ade reste \u00e9galement propre gr\u00e2ce \u00e0 une bande de 60 cm de large de Gravel Fix Lite S. Plus d\u2019\u00e9claboussures d\u2019eau \u00ab verte \u00bb.  Ce m\u00eame produit peut \u00e9galement \u00eatre utilis\u00e9 pour votre parking ou all\u00e9e pour trafic l\u00e9ger. Plus de traces de roues, le gravier ne glisse pas sur les c\u00f4t\u00e9s et la surface reste esth\u00e9tique et s\u00e8che, m\u00eame en cas de fortes pluies, gr\u00e2ce au g\u00e9otextile brevet\u00e9 fix\u00e9 sur la face inf\u00e9rieure. L\u2019eau de pluie est \u00e9vacu\u00e9e \u00e0 100 % vers la nappe phr\u00e9atique.  Vous trouverez plus d\u2019informations ici. Pour les grandes surfaces de parking ou d\u2019all\u00e9e, nous vous conseillons le grand format Gravel Fix Pro","og_url":"https:\/\/www.bera-bv.com\/fr\/product\/dalle-stabilisatrice-gravel-fix-lite-s-env-60x80-cm\/","og_site_name":"BERA BV","article_modified_time":"2026-02-20T14:46:53+00:00","og_image":[{"width":768,"height":1024,"url":"https:\/\/www.bera-bv.com\/wp-content\/uploads\/2025\/12\/1100213-GF-Lite-S-Grey-recycled-60x80-0.46m2-RUV1-Typar_EAN_8720726115261_0031-768x1024.png","type":"image\/png"}],"twitter_card":"summary_large_image","schema":{"@context":"https:\/\/schema.org","@graph":[{"@type":"WebPage","@id":"https:\/\/www.bera-bv.com\/fr\/product\/dalle-stabilisatrice-gravel-fix-lite-s-env-60x80-cm\/","url":"https:\/\/www.bera-bv.com\/fr\/product\/dalle-stabilisatrice-gravel-fix-lite-s-env-60x80-cm\/","name":"Dalle stabilisatrice Gravel Fix Lite -S (env. 60x80 cm) - BERA BV","isPartOf":{"@id":"https:\/\/www.bera-bv.com\/fr\/#website"},"primaryImageOfPage":{"@id":"https:\/\/www.bera-bv.com\/fr\/product\/dalle-stabilisatrice-gravel-fix-lite-s-env-60x80-cm\/#primaryimage"},"image":{"@id":"https:\/\/www.bera-bv.com\/fr\/product\/dalle-stabilisatrice-gravel-fix-lite-s-env-60x80-cm\/#primaryimage"},"thumbnailUrl":"https:\/\/www.bera-bv.com\/wp-content\/uploads\/2025\/12\/1100213-GF-Lite-S-Grey-recycled-60x80-0.46m2-RUV1-Typar_EAN_8720726115261_0031-scaled.png","datePublished":"2025-12-22T11:35:08+00:00","dateModified":"2026-02-20T14:46:53+00:00","breadcrumb":{"@id":"https:\/\/www.bera-bv.com\/fr\/product\/dalle-stabilisatrice-gravel-fix-lite-s-env-60x80-cm\/#breadcrumb"},"inLanguage":"fr-FR","potentialAction":[{"@type":"ReadAction","target":["https:\/\/www.bera-bv.com\/fr\/product\/dalle-stabilisatrice-gravel-fix-lite-s-env-60x80-cm\/"]}]},{"@type":"ImageObject","inLanguage":"fr-FR","@id":"https:\/\/www.bera-bv.com\/fr\/product\/dalle-stabilisatrice-gravel-fix-lite-s-env-60x80-cm\/#primaryimage","url":"https:\/\/www.bera-bv.com\/wp-content\/uploads\/2025\/12\/1100213-GF-Lite-S-Grey-recycled-60x80-0.46m2-RUV1-Typar_EAN_8720726115261_0031-scaled.png","contentUrl":"https:\/\/www.bera-bv.com\/wp-content\/uploads\/2025\/12\/1100213-GF-Lite-S-Grey-recycled-60x80-0.46m2-RUV1-Typar_EAN_8720726115261_0031-scaled.png","width":1920,"height":2560,"caption":"Duurzame grindplaat grindmat grindrooster grijs"},{"@type":"BreadcrumbList","@id":"https:\/\/www.bera-bv.com\/fr\/product\/dalle-stabilisatrice-gravel-fix-lite-s-env-60x80-cm\/#breadcrumb","itemListElement":[{"@type":"ListItem","position":1,"name":"Home","item":"https:\/\/www.bera-bv.com\/fr\/accueil\/"},{"@type":"ListItem","position":2,"name":"Boutique","item":"https:\/\/www.bera-bv.com\/fr\/boutique\/"},{"@type":"ListItem","position":3,"name":"Dalle stabilisatrice Gravel Fix Lite -S (env. 60&#215;80 cm)"}]},{"@type":"WebSite","@id":"https:\/\/www.bera-bv.com\/fr\/#website","url":"https:\/\/www.bera-bv.com\/fr\/","name":"BERA BV","description":"Creatief en duurzaam landschapsontwerp","publisher":{"@id":"https:\/\/www.bera-bv.com\/fr\/#organization"},"potentialAction":[{"@type":"SearchAction","target":{"@type":"EntryPoint","urlTemplate":"https:\/\/www.bera-bv.com\/fr\/?s={search_term_string}"},"query-input":{"@type":"PropertyValueSpecification","valueRequired":true,"valueName":"search_term_string"}}],"inLanguage":"fr-FR"},{"@type":"Organization","@id":"https:\/\/www.bera-bv.com\/fr\/#organization","name":"BERA BV","url":"https:\/\/www.bera-bv.com\/fr\/","logo":{"@type":"ImageObject","inLanguage":"fr-FR","@id":"https:\/\/www.bera-bv.com\/fr\/#\/schema\/logo\/image\/","url":"https:\/\/www.bera-bv.com\/wp-content\/uploads\/2025\/12\/BERA-logo_light.svg","contentUrl":"https:\/\/www.bera-bv.com\/wp-content\/uploads\/2025\/12\/BERA-logo_light.svg","caption":"BERA BV"},"image":{"@id":"https:\/\/www.bera-bv.com\/fr\/#\/schema\/logo\/image\/"}}]}},"_links":{"self":[{"href":"https:\/\/www.bera-bv.com\/fr\/wp-json\/wp\/v2\/product\/12947","targetHints":{"allow":["GET"]}}],"collection":[{"href":"https:\/\/www.bera-bv.com\/fr\/wp-json\/wp\/v2\/product"}],"about":[{"href":"https:\/\/www.bera-bv.com\/fr\/wp-json\/wp\/v2\/types\/product"}],"wp:featuredmedia":[{"embeddable":true,"href":"https:\/\/www.bera-bv.com\/fr\/wp-json\/wp\/v2\/media\/12948"}],"wp:attachment":[{"href":"https:\/\/www.bera-bv.com\/fr\/wp-json\/wp\/v2\/media?parent=12947"}],"wp:term":[{"taxonomy":"product_brand","embeddable":true,"href":"https:\/\/www.bera-bv.com\/fr\/wp-json\/wp\/v2\/product_brand?post=12947"},{"taxonomy":"product_cat","embeddable":true,"href":"https:\/\/www.bera-bv.com\/fr\/wp-json\/wp\/v2\/product_cat?post=12947"},{"taxonomy":"product_tag","embeddable":true,"href":"https:\/\/www.bera-bv.com\/fr\/wp-json\/wp\/v2\/product_tag?post=12947"}],"curies":[{"name":"wp","href":"https:\/\/api.w.org\/{rel}","templated":true}]}}