{"id":12937,"date":"2025-12-22T12:36:36","date_gmt":"2025-12-22T11:36:36","guid":{"rendered":"http:\/\/bera-bv.com\/product\/kit-dirrigation-bera-waterups-pour-bac-a-fleurs-et-potager\/"},"modified":"2026-04-15T15:38:43","modified_gmt":"2026-04-15T13:38:43","slug":"kit-dirrigation-bera-waterups-pour-bac-a-fleurs-et-potager","status":"publish","type":"product","link":"https:\/\/www.bera-bv.com\/fr\/product\/kit-dirrigation-bera-waterups-pour-bac-a-fleurs-et-potager\/","title":{"rendered":"Kit d\u2019irrigation BERA WaterUps &#8211; pour bac \u00e0 fleurs et potager"},"content":{"rendered":"<p>Les r\u00e9servoirs Multiples BERA\u00ae WaterUps\u00ae se composent de liner pliables avec un syst\u00e8me capillaire inventif pour cr\u00e9er les conditions parfaites dans les plantations de massifs. Tout comme les autres syst\u00e8mes WaterUps\u00ae, l\u2019eau est aspir\u00e9e du r\u00e9servoir vers le haut dans le terreau par capillarit\u00e9 (renforc\u00e9e par la perlite). Les racines, situ\u00e9es \u00e0 environ 30-35 cm au-dessus des cellules, b\u00e9n\u00e9ficieront d\u2019une humidit\u00e9 optimale pour une croissance exceptionnelle et une r\u00e9duction de 80 % de la consommation d\u2019eau. <\/p>\n<p>En utilisant l\u2019un des 4 kits, chaque amateur de potager, mais aussi le paysagiste, a la possibilit\u00e9 de limiter la fr\u00e9quence d\u2019arrosage \u00e0 quelques semaines au lieu de quelques jours. Sans \u00e9vaporation ni perte d\u2019eau, contrairement \u00e0 l\u2019arrosage par le haut. <\/p>\n<p>Il existe 4 dimensions, les plus courantes pour la cr\u00e9ation ou la r\u00e9novation de potagers \/ bordures :<br \/>\n&#8211; 80 x 80 x 15 cm. Capacit\u00e9 du r\u00e9servoir d\u2019eau : 68 litres<br \/>\n&#8211; 120 x 40 x 15 cm. Capacit\u00e9 du r\u00e9servoir d\u2019eau : 51 litres<br \/>\n&#8211; 160 x 80 x 15 cm. Capacit\u00e9 du r\u00e9servoir d\u2019eau : 136 litres<br \/>\n&#8211; 200 x 40 x 15 cm. Capacit\u00e9 du r\u00e9servoir d\u2019eau : 85 litres    <\/p>\n<p>Chaque kit pliable est livr\u00e9 avec 3, 4, 5 ou 8 cellules capillaires, un tube de remplissage avec bouchon, un trop-plein, des connecteurs et la quantit\u00e9 de perlite n\u00e9cessaire.<\/p>\n","protected":false},"excerpt":{"rendered":"<p>\u00c9quipez votre bac \u00e0 fleurs ou votre potager d\u2019un r\u00e9servoir et commencez \u00e0 \u00e9conomiser du temps et de l\u2019eau. Vos plantes pousseront mieux gr\u00e2ce \u00e0 une disponibilit\u00e9 constante en eau et votre potager produira davantage. Disponible dans les dimensions suivantes :<br \/>\n&#8211; 80 x 80 x 15 cm. Capacit\u00e9 du r\u00e9servoir d\u2019eau : 68 litres<br \/>\n&#8211; 120 x 40 x 15 cm. Capacit\u00e9 du r\u00e9servoir d\u2019eau : 51 litres<br \/>\n&#8211; 160 x 80 x 15 cm. Capacit\u00e9 du r\u00e9servoir d\u2019eau : 136 litres<br \/>\n&#8211; 200 x 40 x 15 cm. Capacit\u00e9 du r\u00e9servoir d\u2019eau : 85 litres      <\/p>\n<p>Chaque kit pliable est livr\u00e9 avec 3, 4, 5 ou 8 cellules capillaires, un tube de remplissage avec bouchon, un trop-plein, des connecteurs et la quantit\u00e9 de perlite n\u00e9cessaire.<\/p>\n","protected":false},"featured_media":12717,"template":"","meta":{"site-sidebar-layout":"default","site-content-layout":"","ast-site-content-layout":"default","site-content-style":"default","site-sidebar-style":"default","ast-global-header-display":"","ast-banner-title-visibility":"","ast-main-header-display":"","ast-hfb-above-header-display":"","ast-hfb-below-header-display":"","ast-hfb-mobile-header-display":"","site-post-title":"","ast-breadcrumbs-content":"","ast-featured-img":"","footer-sml-layout":"","ast-disable-related-posts":"","theme-transparent-header-meta":"default","adv-header-id-meta":"","stick-header-meta":"default","header-above-stick-meta":"","header-main-stick-meta":"","header-below-stick-meta":"","astra-migrate-meta-layouts":"set","ast-page-background-enabled":"default","ast-page-background-meta":{"desktop":{"background-color":"var(--ast-global-color-4)","background-image":"","background-repeat":"repeat","background-position":"center center","background-size":"auto","background-attachment":"scroll","background-type":"","background-media":"","overlay-type":"","overlay-color":"","overlay-opacity":"","overlay-gradient":""},"tablet":{"background-color":"","background-image":"","background-repeat":"repeat","background-position":"center center","background-size":"auto","background-attachment":"scroll","background-type":"","background-media":"","overlay-type":"","overlay-color":"","overlay-opacity":"","overlay-gradient":""},"mobile":{"background-color":"","background-image":"","background-repeat":"repeat","background-position":"center center","background-size":"auto","background-attachment":"scroll","background-type":"","background-media":"","overlay-type":"","overlay-color":"","overlay-opacity":"","overlay-gradient":""}},"ast-content-background-meta":{"desktop":{"background-color":"var(--ast-global-color-5)","background-image":"","background-repeat":"repeat","background-position":"center center","background-size":"auto","background-attachment":"scroll","background-type":"","background-media":"","overlay-type":"","overlay-color":"","overlay-opacity":"","overlay-gradient":""},"tablet":{"background-color":"var(--ast-global-color-5)","background-image":"","background-repeat":"repeat","background-position":"center center","background-size":"auto","background-attachment":"scroll","background-type":"","background-media":"","overlay-type":"","overlay-color":"","overlay-opacity":"","overlay-gradient":""},"mobile":{"background-color":"var(--ast-global-color-5)","background-image":"","background-repeat":"repeat","background-position":"center center","background-size":"auto","background-attachment":"scroll","background-type":"","background-media":"","overlay-type":"","overlay-color":"","overlay-opacity":"","overlay-gradient":""}}},"product_brand":[],"product_cat":[326],"product_tag":[],"class_list":{"0":"post-12937","1":"product","2":"type-product","3":"status-publish","4":"has-post-thumbnail","6":"product_cat-gestion-de-leau","7":"product_shipping_class-parcel","8":"pa_afmetingen-120-x-40-x-15-cm","9":"pa_afmetingen-160-x-80-x-15-cm","10":"pa_afmetingen-200-x-40-x-15-cm","11":"pa_afmetingen-80-x-80-x-15-cm","12":"pa_materiaal-100-polypropylene-recycle-entierement-recyclable","13":"desktop-align-left","14":"tablet-align-left","15":"mobile-align-left","16":"ast-product-gallery-layout-horizontal","17":"ast-product-single-variable","18":"ast-product-tabs-layout-horizontal","20":"first","21":"instock","22":"purchasable","23":"product-type-variable"},"yoast_head":"<!-- This site is optimized with the Yoast SEO plugin v27.4 - https:\/\/yoast.com\/product\/yoast-seo-wordpress\/ -->\n<title>Kit d\u2019irrigation BERA WaterUps - pour bac \u00e0 fleurs et potager - BERA BV<\/title>\n<meta name=\"robots\" content=\"index, follow, max-snippet:-1, max-image-preview:large, max-video-preview:-1\" \/>\n<link rel=\"canonical\" href=\"https:\/\/www.bera-bv.com\/fr\/product\/kit-dirrigation-bera-waterups-pour-bac-a-fleurs-et-potager\/\" \/>\n<meta property=\"og:locale\" content=\"fr_FR\" \/>\n<meta property=\"og:type\" content=\"article\" \/>\n<meta property=\"og:title\" content=\"Kit d\u2019irrigation BERA WaterUps - pour bac \u00e0 fleurs et potager - BERA BV\" \/>\n<meta property=\"og:description\" content=\"\u00c9quipez votre bac \u00e0 fleurs ou votre potager d\u2019un r\u00e9servoir et commencez \u00e0 \u00e9conomiser du temps et de l\u2019eau. Vos plantes pousseront mieux gr\u00e2ce \u00e0 une disponibilit\u00e9 constante en eau et votre potager produira davantage. Disponible dans les dimensions suivantes : - 80 x 80 x 15 cm. Capacit\u00e9 du r\u00e9servoir d\u2019eau : 68 litres - 120 x 40 x 15 cm. Capacit\u00e9 du r\u00e9servoir d\u2019eau : 51 litres - 160 x 80 x 15 cm. Capacit\u00e9 du r\u00e9servoir d\u2019eau : 136 litres - 200 x 40 x 15 cm. Capacit\u00e9 du r\u00e9servoir d\u2019eau : 85 litres    Chaque kit pliable est livr\u00e9 avec 3, 4, 5 ou 8 cellules capillaires, un tube de remplissage avec bouchon, un trop-plein, des connecteurs et la quantit\u00e9 de perlite n\u00e9cessaire.\" \/>\n<meta property=\"og:url\" content=\"https:\/\/www.bera-bv.com\/fr\/product\/kit-dirrigation-bera-waterups-pour-bac-a-fleurs-et-potager\/\" \/>\n<meta property=\"og:site_name\" content=\"BERA BV\" \/>\n<meta property=\"article:modified_time\" content=\"2026-04-15T13:38:43+00:00\" \/>\n<meta property=\"og:image\" content=\"https:\/\/www.bera-bv.com\/wp-content\/uploads\/2025\/12\/8080-Wicking-Kit_for_plantenbak-moestuin.jpg\" \/>\n\t<meta property=\"og:image:width\" content=\"1772\" \/>\n\t<meta property=\"og:image:height\" content=\"1772\" \/>\n\t<meta property=\"og:image:type\" content=\"image\/jpeg\" \/>\n<meta name=\"twitter:card\" content=\"summary_large_image\" \/>\n<meta name=\"twitter:label1\" content=\"Dur\u00e9e de lecture estim\u00e9e\" \/>\n\t<meta name=\"twitter:data1\" content=\"2 minutes\" \/>\n<script type=\"application\/ld+json\" class=\"yoast-schema-graph\">{\"@context\":\"https:\\\/\\\/schema.org\",\"@graph\":[{\"@type\":\"WebPage\",\"@id\":\"https:\\\/\\\/www.bera-bv.com\\\/fr\\\/product\\\/kit-dirrigation-bera-waterups-pour-bac-a-fleurs-et-potager\\\/\",\"url\":\"https:\\\/\\\/www.bera-bv.com\\\/fr\\\/product\\\/kit-dirrigation-bera-waterups-pour-bac-a-fleurs-et-potager\\\/\",\"name\":\"Kit d\u2019irrigation BERA WaterUps - pour bac \u00e0 fleurs et potager - BERA BV\",\"isPartOf\":{\"@id\":\"https:\\\/\\\/www.bera-bv.com\\\/fr\\\/#website\"},\"primaryImageOfPage\":{\"@id\":\"https:\\\/\\\/www.bera-bv.com\\\/fr\\\/product\\\/kit-dirrigation-bera-waterups-pour-bac-a-fleurs-et-potager\\\/#primaryimage\"},\"image\":{\"@id\":\"https:\\\/\\\/www.bera-bv.com\\\/fr\\\/product\\\/kit-dirrigation-bera-waterups-pour-bac-a-fleurs-et-potager\\\/#primaryimage\"},\"thumbnailUrl\":\"https:\\\/\\\/www.bera-bv.com\\\/wp-content\\\/uploads\\\/2025\\\/12\\\/8080-Wicking-Kit_for_plantenbak-moestuin.jpg\",\"datePublished\":\"2025-12-22T11:36:36+00:00\",\"dateModified\":\"2026-04-15T13:38:43+00:00\",\"breadcrumb\":{\"@id\":\"https:\\\/\\\/www.bera-bv.com\\\/fr\\\/product\\\/kit-dirrigation-bera-waterups-pour-bac-a-fleurs-et-potager\\\/#breadcrumb\"},\"inLanguage\":\"fr-FR\",\"potentialAction\":[{\"@type\":\"ReadAction\",\"target\":[\"https:\\\/\\\/www.bera-bv.com\\\/fr\\\/product\\\/kit-dirrigation-bera-waterups-pour-bac-a-fleurs-et-potager\\\/\"]}]},{\"@type\":\"ImageObject\",\"inLanguage\":\"fr-FR\",\"@id\":\"https:\\\/\\\/www.bera-bv.com\\\/fr\\\/product\\\/kit-dirrigation-bera-waterups-pour-bac-a-fleurs-et-potager\\\/#primaryimage\",\"url\":\"https:\\\/\\\/www.bera-bv.com\\\/wp-content\\\/uploads\\\/2025\\\/12\\\/8080-Wicking-Kit_for_plantenbak-moestuin.jpg\",\"contentUrl\":\"https:\\\/\\\/www.bera-bv.com\\\/wp-content\\\/uploads\\\/2025\\\/12\\\/8080-Wicking-Kit_for_plantenbak-moestuin.jpg\",\"width\":1772,\"height\":1772,\"caption\":\"R\u00e9servoir d\u2019eau BERA WaterUps pour bac \u00e0 fleurs et potager\"},{\"@type\":\"BreadcrumbList\",\"@id\":\"https:\\\/\\\/www.bera-bv.com\\\/fr\\\/product\\\/kit-dirrigation-bera-waterups-pour-bac-a-fleurs-et-potager\\\/#breadcrumb\",\"itemListElement\":[{\"@type\":\"ListItem\",\"position\":1,\"name\":\"Home\",\"item\":\"https:\\\/\\\/www.bera-bv.com\\\/fr\\\/accueil\\\/\"},{\"@type\":\"ListItem\",\"position\":2,\"name\":\"Boutique\",\"item\":\"https:\\\/\\\/www.bera-bv.com\\\/fr\\\/boutique\\\/\"},{\"@type\":\"ListItem\",\"position\":3,\"name\":\"Kit d\u2019irrigation BERA WaterUps &#8211; pour bac \u00e0 fleurs et potager\"}]},{\"@type\":\"WebSite\",\"@id\":\"https:\\\/\\\/www.bera-bv.com\\\/fr\\\/#website\",\"url\":\"https:\\\/\\\/www.bera-bv.com\\\/fr\\\/\",\"name\":\"BERA BV\",\"description\":\"Creatief en duurzaam landschapsontwerp\",\"publisher\":{\"@id\":\"https:\\\/\\\/www.bera-bv.com\\\/fr\\\/#organization\"},\"potentialAction\":[{\"@type\":\"SearchAction\",\"target\":{\"@type\":\"EntryPoint\",\"urlTemplate\":\"https:\\\/\\\/www.bera-bv.com\\\/fr\\\/?s={search_term_string}\"},\"query-input\":{\"@type\":\"PropertyValueSpecification\",\"valueRequired\":true,\"valueName\":\"search_term_string\"}}],\"inLanguage\":\"fr-FR\"},{\"@type\":\"Organization\",\"@id\":\"https:\\\/\\\/www.bera-bv.com\\\/fr\\\/#organization\",\"name\":\"BERA BV\",\"url\":\"https:\\\/\\\/www.bera-bv.com\\\/fr\\\/\",\"logo\":{\"@type\":\"ImageObject\",\"inLanguage\":\"fr-FR\",\"@id\":\"https:\\\/\\\/www.bera-bv.com\\\/fr\\\/#\\\/schema\\\/logo\\\/image\\\/\",\"url\":\"https:\\\/\\\/www.bera-bv.com\\\/wp-content\\\/uploads\\\/2025\\\/12\\\/BERA-logo_light.svg\",\"contentUrl\":\"https:\\\/\\\/www.bera-bv.com\\\/wp-content\\\/uploads\\\/2025\\\/12\\\/BERA-logo_light.svg\",\"caption\":\"BERA BV\"},\"image\":{\"@id\":\"https:\\\/\\\/www.bera-bv.com\\\/fr\\\/#\\\/schema\\\/logo\\\/image\\\/\"}}]}<\/script>\n<!-- \/ Yoast SEO plugin. -->","yoast_head_json":{"title":"Kit d\u2019irrigation BERA WaterUps - pour bac \u00e0 fleurs et potager - BERA BV","robots":{"index":"index","follow":"follow","max-snippet":"max-snippet:-1","max-image-preview":"max-image-preview:large","max-video-preview":"max-video-preview:-1"},"canonical":"https:\/\/www.bera-bv.com\/fr\/product\/kit-dirrigation-bera-waterups-pour-bac-a-fleurs-et-potager\/","og_locale":"fr_FR","og_type":"article","og_title":"Kit d\u2019irrigation BERA WaterUps - pour bac \u00e0 fleurs et potager - BERA BV","og_description":"\u00c9quipez votre bac \u00e0 fleurs ou votre potager d\u2019un r\u00e9servoir et commencez \u00e0 \u00e9conomiser du temps et de l\u2019eau. Vos plantes pousseront mieux gr\u00e2ce \u00e0 une disponibilit\u00e9 constante en eau et votre potager produira davantage. Disponible dans les dimensions suivantes : - 80 x 80 x 15 cm. Capacit\u00e9 du r\u00e9servoir d\u2019eau : 68 litres - 120 x 40 x 15 cm. Capacit\u00e9 du r\u00e9servoir d\u2019eau : 51 litres - 160 x 80 x 15 cm. Capacit\u00e9 du r\u00e9servoir d\u2019eau : 136 litres - 200 x 40 x 15 cm. Capacit\u00e9 du r\u00e9servoir d\u2019eau : 85 litres    Chaque kit pliable est livr\u00e9 avec 3, 4, 5 ou 8 cellules capillaires, un tube de remplissage avec bouchon, un trop-plein, des connecteurs et la quantit\u00e9 de perlite n\u00e9cessaire.","og_url":"https:\/\/www.bera-bv.com\/fr\/product\/kit-dirrigation-bera-waterups-pour-bac-a-fleurs-et-potager\/","og_site_name":"BERA BV","article_modified_time":"2026-04-15T13:38:43+00:00","og_image":[{"width":1772,"height":1772,"url":"https:\/\/www.bera-bv.com\/wp-content\/uploads\/2025\/12\/8080-Wicking-Kit_for_plantenbak-moestuin.jpg","type":"image\/jpeg"}],"twitter_card":"summary_large_image","twitter_misc":{"Dur\u00e9e de lecture estim\u00e9e":"2 minutes"},"schema":{"@context":"https:\/\/schema.org","@graph":[{"@type":"WebPage","@id":"https:\/\/www.bera-bv.com\/fr\/product\/kit-dirrigation-bera-waterups-pour-bac-a-fleurs-et-potager\/","url":"https:\/\/www.bera-bv.com\/fr\/product\/kit-dirrigation-bera-waterups-pour-bac-a-fleurs-et-potager\/","name":"Kit d\u2019irrigation BERA WaterUps - pour bac \u00e0 fleurs et potager - BERA BV","isPartOf":{"@id":"https:\/\/www.bera-bv.com\/fr\/#website"},"primaryImageOfPage":{"@id":"https:\/\/www.bera-bv.com\/fr\/product\/kit-dirrigation-bera-waterups-pour-bac-a-fleurs-et-potager\/#primaryimage"},"image":{"@id":"https:\/\/www.bera-bv.com\/fr\/product\/kit-dirrigation-bera-waterups-pour-bac-a-fleurs-et-potager\/#primaryimage"},"thumbnailUrl":"https:\/\/www.bera-bv.com\/wp-content\/uploads\/2025\/12\/8080-Wicking-Kit_for_plantenbak-moestuin.jpg","datePublished":"2025-12-22T11:36:36+00:00","dateModified":"2026-04-15T13:38:43+00:00","breadcrumb":{"@id":"https:\/\/www.bera-bv.com\/fr\/product\/kit-dirrigation-bera-waterups-pour-bac-a-fleurs-et-potager\/#breadcrumb"},"inLanguage":"fr-FR","potentialAction":[{"@type":"ReadAction","target":["https:\/\/www.bera-bv.com\/fr\/product\/kit-dirrigation-bera-waterups-pour-bac-a-fleurs-et-potager\/"]}]},{"@type":"ImageObject","inLanguage":"fr-FR","@id":"https:\/\/www.bera-bv.com\/fr\/product\/kit-dirrigation-bera-waterups-pour-bac-a-fleurs-et-potager\/#primaryimage","url":"https:\/\/www.bera-bv.com\/wp-content\/uploads\/2025\/12\/8080-Wicking-Kit_for_plantenbak-moestuin.jpg","contentUrl":"https:\/\/www.bera-bv.com\/wp-content\/uploads\/2025\/12\/8080-Wicking-Kit_for_plantenbak-moestuin.jpg","width":1772,"height":1772,"caption":"R\u00e9servoir d\u2019eau BERA WaterUps pour bac \u00e0 fleurs et potager"},{"@type":"BreadcrumbList","@id":"https:\/\/www.bera-bv.com\/fr\/product\/kit-dirrigation-bera-waterups-pour-bac-a-fleurs-et-potager\/#breadcrumb","itemListElement":[{"@type":"ListItem","position":1,"name":"Home","item":"https:\/\/www.bera-bv.com\/fr\/accueil\/"},{"@type":"ListItem","position":2,"name":"Boutique","item":"https:\/\/www.bera-bv.com\/fr\/boutique\/"},{"@type":"ListItem","position":3,"name":"Kit d\u2019irrigation BERA WaterUps &#8211; pour bac \u00e0 fleurs et potager"}]},{"@type":"WebSite","@id":"https:\/\/www.bera-bv.com\/fr\/#website","url":"https:\/\/www.bera-bv.com\/fr\/","name":"BERA BV","description":"Creatief en duurzaam landschapsontwerp","publisher":{"@id":"https:\/\/www.bera-bv.com\/fr\/#organization"},"potentialAction":[{"@type":"SearchAction","target":{"@type":"EntryPoint","urlTemplate":"https:\/\/www.bera-bv.com\/fr\/?s={search_term_string}"},"query-input":{"@type":"PropertyValueSpecification","valueRequired":true,"valueName":"search_term_string"}}],"inLanguage":"fr-FR"},{"@type":"Organization","@id":"https:\/\/www.bera-bv.com\/fr\/#organization","name":"BERA BV","url":"https:\/\/www.bera-bv.com\/fr\/","logo":{"@type":"ImageObject","inLanguage":"fr-FR","@id":"https:\/\/www.bera-bv.com\/fr\/#\/schema\/logo\/image\/","url":"https:\/\/www.bera-bv.com\/wp-content\/uploads\/2025\/12\/BERA-logo_light.svg","contentUrl":"https:\/\/www.bera-bv.com\/wp-content\/uploads\/2025\/12\/BERA-logo_light.svg","caption":"BERA BV"},"image":{"@id":"https:\/\/www.bera-bv.com\/fr\/#\/schema\/logo\/image\/"}}]}},"_links":{"self":[{"href":"https:\/\/www.bera-bv.com\/fr\/wp-json\/wp\/v2\/product\/12937","targetHints":{"allow":["GET"]}}],"collection":[{"href":"https:\/\/www.bera-bv.com\/fr\/wp-json\/wp\/v2\/product"}],"about":[{"href":"https:\/\/www.bera-bv.com\/fr\/wp-json\/wp\/v2\/types\/product"}],"wp:featuredmedia":[{"embeddable":true,"href":"https:\/\/www.bera-bv.com\/fr\/wp-json\/wp\/v2\/media\/12717"}],"wp:attachment":[{"href":"https:\/\/www.bera-bv.com\/fr\/wp-json\/wp\/v2\/media?parent=12937"}],"wp:term":[{"taxonomy":"product_brand","embeddable":true,"href":"https:\/\/www.bera-bv.com\/fr\/wp-json\/wp\/v2\/product_brand?post=12937"},{"taxonomy":"product_cat","embeddable":true,"href":"https:\/\/www.bera-bv.com\/fr\/wp-json\/wp\/v2\/product_cat?post=12937"},{"taxonomy":"product_tag","embeddable":true,"href":"https:\/\/www.bera-bv.com\/fr\/wp-json\/wp\/v2\/product_tag?post=12937"}],"curies":[{"name":"wp","href":"https:\/\/api.w.org\/{rel}","templated":true}]}}