{"id":12920,"date":"2025-12-22T12:36:26","date_gmt":"2025-12-22T11:36:26","guid":{"rendered":"http:\/\/bera-bv.com\/product\/bera-planter-tree-reservoir-pour-bacs-a-plantes-et-arbres\/"},"modified":"2026-04-13T15:47:11","modified_gmt":"2026-04-13T13:47:11","slug":"bera-planter-tree-reservoir-pour-bacs-a-plantes-et-arbres","status":"publish","type":"product","link":"https:\/\/www.bera-bv.com\/fr\/product\/bera-planter-tree-reservoir-pour-bacs-a-plantes-et-arbres\/","title":{"rendered":"BERA Planter &amp; Tree reservoir &#8211; pour bacs \u00e0 plantes et arbres"},"content":{"rendered":"<p>Qu\u2019est-ce que WaterUps Planters &amp; Tree Reservoir ?<\/p>\n<p>Applications :<br \/>\n\u2022 Bacs \u00e0 plantes int\u00e9rieurs ou ext\u00e9rieurs<br \/>\n\u2022 Sous les arbres et arbustes<br \/>\n\u2022 Jardins priv\u00e9s<br \/>\n\u2022 Espaces publics<br \/>\n\u2022 Terrasses<\/p>\n<p>Avantages :<br \/>\n\u2022 jusqu\u2019\u00e0 75 % d\u2019eau en moins<br \/>\n\u2022 arrosage jusqu\u2019\u00e0 90 % moins fr\u00e9quent<br \/>\n\u2022 croissance racinaire plus forte, donc plante plus vigoureuse<br \/>\n\u2022 am\u00e9nagement plus rapide du jardin ou de la bordure<br \/>\n\u2022 moins de perte de jeunes plants<br \/>\n\u2022 solution d\u2019eau durable<\/p>\n<p>Le BERA WaterUps Planters &amp; Tree Reservoir est un syst\u00e8me \u00e9prouv\u00e9 originaire d\u2019Australie pour alimenter en eau les plantations en bacs ou les arbres de mani\u00e8re simple et efficace par le sous-sol. Une m\u00e9thode unique, simple et tr\u00e8s efficace pour l\u2019architecte paysagiste, le jardinier, le promoteur immobilier et les planificateurs d\u2019espaces publics. Gr\u00e2ce \u00e0 l\u2019arrosage souterrain, les racines et le feuillage se d\u00e9veloppent rapidement, offrant une meilleure r\u00e9sistance aux conditions climatiques futures telles que la s\u00e9cheresse et les temp\u00eates.  <\/p>\n<p>Le syst\u00e8me a prouv\u00e9 son efficacit\u00e9 en tant qu\u2019acc\u00e9l\u00e9rateur pour la reprise des jeunes plantations. Cela r\u00e9duit les pertes, et donc les co\u00fbts. Il permet \u00e9galement d\u2019\u00e9conomiser jusqu\u2019\u00e0 380 \u20ac* de main-d\u2019\u0153uvre\/eau par arbre durant les 18 premiers mois.<br \/>\nPour les autorit\u00e9s et les municipalit\u00e9s, l\u2019enjeu actuel est d\u2019accro\u00eetre la verdure urbaine afin de limiter le r\u00e9chauffement en ville. Avec Planters &amp; Tree Reservoir, cette d\u00e9marche est plus efficace et \u00e9conomiquement responsable.   <\/p>\n<p>Comment fonctionne WaterUps Planters &amp; Tree Reservoir ?<\/p>\n<p>BERA WaterUps Planters &amp; Tree Reservoir repose sur l\u2019action capillaire : l\u2019eau est \u00ab attir\u00e9e \u00bb vers le haut depuis le r\u00e9servoir souterrain et<br \/>\nhumidifie ainsi le sol selon les besoins. L\u2019action capillaire s\u2019exer\u00e7ant sur environ 35 cm, le r\u00e9servoir est plac\u00e9 \u00e0 cette distance sous les racines. Celles-ci sont ainsi contraintes de pousser vers le bas pour obtenir l\u2019eau et les nutriments. Des racines plus profondes garantissent des plantes et des arbres plus robustes. La perlite plac\u00e9e dans les 4 \u00ab pieds \u00bb de la cellule renforce l\u2019effet capillaire.    <\/p>\n<p>Gr\u00e2ce au stockage souterrain de l\u2019eau, aucune \u00e9vaporation ne se produit, et aucune perte inutile d\u2019eau pr\u00e9cieuse vers le sous-sol n\u2019est \u00e0 d\u00e9plorer. L\u2019eau du r\u00e9servoir est ainsi utilis\u00e9e \u00e0 100 % pour la plantation, ce qui r\u00e9duit la fr\u00e9quence de l\u2019arrosage. Le r\u00e9servoir dispose d\u2019un trop-plein vers une zone de drainage pour \u00e9vacuer l\u2019exc\u00e8s d\u2019eau. Depuis 2016, le syst\u00e8me est utilis\u00e9 avec succ\u00e8s dans de nombreux projets, notamment au Royal Botanic Garden de Sydney.   <\/p>\n","protected":false},"excerpt":{"rendered":"<p>BERA WaterUps Planters &amp; Tree Reservoir &#8211; pour bacs \u00e0 plantes et arbres vous fait gagner du temps et de l\u2019eau. Gr\u00e2ce \u00e0 ce syst\u00e8me unique, la plantation absorbe l\u2019eau selon ses besoins depuis le r\u00e9servoir situ\u00e9 sous les racines. La v\u00e9g\u00e9tation pousse mieux, vous \u00e9conomisez environ 75 % d\u2019eau, arrosez moins souvent et r\u00e9duisez la perte de vos plants.  <\/p>\n<p>Instructions d\u2019installation : (LIEN)<\/p>\n<p>Que comprennent le kit de base et le kit d\u2019extension avec couvercle verrouillable ?<br \/>\n\u2022 1x WaterUps Planters &amp; Tree Reservoir &#8211; ID2101037<br \/>\n\u2022 1x tube d\u2019admission + couvercle<br \/>\n\u2022 Sac de 2 litres de perlite<br \/>\n\u2022 1x WaterUps Planters &amp; Tree Reservoir &#8211; ID2101019<br \/>\n\u2022 2x tubes d\u2019admission + module d\u2019extension<br \/>\n\u2022 1x couvercle + cl\u00e9<br \/>\n\u2022 Sac de 2 litres de perlite<\/p>\n","protected":false},"featured_media":12921,"template":"","meta":{"site-sidebar-layout":"default","site-content-layout":"","ast-site-content-layout":"default","site-content-style":"default","site-sidebar-style":"default","ast-global-header-display":"","ast-banner-title-visibility":"","ast-main-header-display":"","ast-hfb-above-header-display":"","ast-hfb-below-header-display":"","ast-hfb-mobile-header-display":"","site-post-title":"","ast-breadcrumbs-content":"","ast-featured-img":"","footer-sml-layout":"","ast-disable-related-posts":"","theme-transparent-header-meta":"default","adv-header-id-meta":"","stick-header-meta":"default","header-above-stick-meta":"","header-main-stick-meta":"","header-below-stick-meta":"","astra-migrate-meta-layouts":"set","ast-page-background-enabled":"default","ast-page-background-meta":{"desktop":{"background-color":"var(--ast-global-color-4)","background-image":"","background-repeat":"repeat","background-position":"center center","background-size":"auto","background-attachment":"scroll","background-type":"","background-media":"","overlay-type":"","overlay-color":"","overlay-opacity":"","overlay-gradient":""},"tablet":{"background-color":"","background-image":"","background-repeat":"repeat","background-position":"center center","background-size":"auto","background-attachment":"scroll","background-type":"","background-media":"","overlay-type":"","overlay-color":"","overlay-opacity":"","overlay-gradient":""},"mobile":{"background-color":"","background-image":"","background-repeat":"repeat","background-position":"center center","background-size":"auto","background-attachment":"scroll","background-type":"","background-media":"","overlay-type":"","overlay-color":"","overlay-opacity":"","overlay-gradient":""}},"ast-content-background-meta":{"desktop":{"background-color":"var(--ast-global-color-5)","background-image":"","background-repeat":"repeat","background-position":"center center","background-size":"auto","background-attachment":"scroll","background-type":"","background-media":"","overlay-type":"","overlay-color":"","overlay-opacity":"","overlay-gradient":""},"tablet":{"background-color":"var(--ast-global-color-5)","background-image":"","background-repeat":"repeat","background-position":"center center","background-size":"auto","background-attachment":"scroll","background-type":"","background-media":"","overlay-type":"","overlay-color":"","overlay-opacity":"","overlay-gradient":""},"mobile":{"background-color":"var(--ast-global-color-5)","background-image":"","background-repeat":"repeat","background-position":"center center","background-size":"auto","background-attachment":"scroll","background-type":"","background-media":"","overlay-type":"","overlay-color":"","overlay-opacity":"","overlay-gradient":""}}},"product_brand":[],"product_cat":[326],"product_tag":[],"class_list":{"0":"post-12920","1":"product","2":"type-product","3":"status-publish","4":"has-post-thumbnail","6":"product_cat-gestion-de-leau","7":"pa_afmetingen-40-x-40-x-13-cm-hauteur-avec-tube-de-remplissage-44-cm","8":"pa_benodigde-hoeveelheid-perliet-2-litres","9":"pa_kit-kit-dextension-avec-tube-supplementaire-et-couvercle-verrouillable","10":"pa_kit-kit-de-base","11":"pa_materiaal-100-polypropylene-recycle-entierement-recyclable","12":"pa_uv-bestendig-oui","13":"pa_wateropslag-capaciteit-15-litres","14":"desktop-align-left","15":"tablet-align-left","16":"mobile-align-left","17":"ast-product-gallery-layout-horizontal","18":"ast-product-single-variable","19":"ast-product-tabs-layout-horizontal","21":"first","22":"instock","23":"purchasable","24":"product-type-variable"},"yoast_head":"<!-- This site is optimized with the Yoast SEO plugin v27.4 - https:\/\/yoast.com\/product\/yoast-seo-wordpress\/ -->\n<title>BERA Planter &amp; Tree reservoir - pour bacs \u00e0 plantes et arbres - BERA BV<\/title>\n<meta name=\"robots\" content=\"index, follow, max-snippet:-1, max-image-preview:large, max-video-preview:-1\" \/>\n<link rel=\"canonical\" href=\"https:\/\/www.bera-bv.com\/fr\/product\/bera-planter-tree-reservoir-pour-bacs-a-plantes-et-arbres\/\" \/>\n<meta property=\"og:locale\" content=\"fr_FR\" \/>\n<meta property=\"og:type\" content=\"article\" \/>\n<meta property=\"og:title\" content=\"BERA Planter &amp; Tree reservoir - pour bacs \u00e0 plantes et arbres - BERA BV\" \/>\n<meta property=\"og:description\" content=\"BERA WaterUps Planters &amp; Tree Reservoir - pour bacs \u00e0 plantes et arbres vous fait gagner du temps et de l\u2019eau. Gr\u00e2ce \u00e0 ce syst\u00e8me unique, la plantation absorbe l\u2019eau selon ses besoins depuis le r\u00e9servoir situ\u00e9 sous les racines. La v\u00e9g\u00e9tation pousse mieux, vous \u00e9conomisez environ 75 % d\u2019eau, arrosez moins souvent et r\u00e9duisez la perte de vos plants.  Instructions d\u2019installation : (LIEN) Que comprennent le kit de base et le kit d\u2019extension avec couvercle verrouillable ? \u2022 1x WaterUps Planters &amp; Tree Reservoir - ID2101037 \u2022 1x tube d\u2019admission + couvercle \u2022 Sac de 2 litres de perlite \u2022 1x WaterUps Planters &amp; Tree Reservoir - ID2101019 \u2022 2x tubes d\u2019admission + module d\u2019extension \u2022 1x couvercle + cl\u00e9 \u2022 Sac de 2 litres de perlite\" \/>\n<meta property=\"og:url\" content=\"https:\/\/www.bera-bv.com\/fr\/product\/bera-planter-tree-reservoir-pour-bacs-a-plantes-et-arbres\/\" \/>\n<meta property=\"og:site_name\" content=\"BERA BV\" \/>\n<meta property=\"article:modified_time\" content=\"2026-04-13T13:47:11+00:00\" \/>\n<meta property=\"og:image\" content=\"https:\/\/www.bera-bv.com\/wp-content\/uploads\/2025\/12\/Planter-reservoir-voor-plantenbakken-en-bomen-9-scaled-1.jpg\" \/>\n\t<meta property=\"og:image:width\" content=\"1920\" \/>\n\t<meta property=\"og:image:height\" content=\"2560\" \/>\n\t<meta property=\"og:image:type\" content=\"image\/jpeg\" \/>\n<meta name=\"twitter:card\" content=\"summary_large_image\" \/>\n<meta name=\"twitter:label1\" content=\"Dur\u00e9e de lecture estim\u00e9e\" \/>\n\t<meta name=\"twitter:data1\" content=\"2 minutes\" \/>\n<script type=\"application\/ld+json\" class=\"yoast-schema-graph\">{\"@context\":\"https:\\\/\\\/schema.org\",\"@graph\":[{\"@type\":\"WebPage\",\"@id\":\"https:\\\/\\\/www.bera-bv.com\\\/fr\\\/product\\\/bera-planter-tree-reservoir-pour-bacs-a-plantes-et-arbres\\\/\",\"url\":\"https:\\\/\\\/www.bera-bv.com\\\/fr\\\/product\\\/bera-planter-tree-reservoir-pour-bacs-a-plantes-et-arbres\\\/\",\"name\":\"BERA Planter &amp; Tree reservoir - pour bacs \u00e0 plantes et arbres - BERA BV\",\"isPartOf\":{\"@id\":\"https:\\\/\\\/www.bera-bv.com\\\/fr\\\/#website\"},\"primaryImageOfPage\":{\"@id\":\"https:\\\/\\\/www.bera-bv.com\\\/fr\\\/product\\\/bera-planter-tree-reservoir-pour-bacs-a-plantes-et-arbres\\\/#primaryimage\"},\"image\":{\"@id\":\"https:\\\/\\\/www.bera-bv.com\\\/fr\\\/product\\\/bera-planter-tree-reservoir-pour-bacs-a-plantes-et-arbres\\\/#primaryimage\"},\"thumbnailUrl\":\"https:\\\/\\\/www.bera-bv.com\\\/wp-content\\\/uploads\\\/2025\\\/12\\\/Planter-reservoir-voor-plantenbakken-en-bomen-9-scaled-1.jpg\",\"datePublished\":\"2025-12-22T11:36:26+00:00\",\"dateModified\":\"2026-04-13T13:47:11+00:00\",\"breadcrumb\":{\"@id\":\"https:\\\/\\\/www.bera-bv.com\\\/fr\\\/product\\\/bera-planter-tree-reservoir-pour-bacs-a-plantes-et-arbres\\\/#breadcrumb\"},\"inLanguage\":\"fr-FR\",\"potentialAction\":[{\"@type\":\"ReadAction\",\"target\":[\"https:\\\/\\\/www.bera-bv.com\\\/fr\\\/product\\\/bera-planter-tree-reservoir-pour-bacs-a-plantes-et-arbres\\\/\"]}]},{\"@type\":\"ImageObject\",\"inLanguage\":\"fr-FR\",\"@id\":\"https:\\\/\\\/www.bera-bv.com\\\/fr\\\/product\\\/bera-planter-tree-reservoir-pour-bacs-a-plantes-et-arbres\\\/#primaryimage\",\"url\":\"https:\\\/\\\/www.bera-bv.com\\\/wp-content\\\/uploads\\\/2025\\\/12\\\/Planter-reservoir-voor-plantenbakken-en-bomen-9-scaled-1.jpg\",\"contentUrl\":\"https:\\\/\\\/www.bera-bv.com\\\/wp-content\\\/uploads\\\/2025\\\/12\\\/Planter-reservoir-voor-plantenbakken-en-bomen-9-scaled-1.jpg\",\"width\":1920,\"height\":2560,\"caption\":\"R\u00e9servoir d\u2019eau BERA WaterUps en pot\"},{\"@type\":\"BreadcrumbList\",\"@id\":\"https:\\\/\\\/www.bera-bv.com\\\/fr\\\/product\\\/bera-planter-tree-reservoir-pour-bacs-a-plantes-et-arbres\\\/#breadcrumb\",\"itemListElement\":[{\"@type\":\"ListItem\",\"position\":1,\"name\":\"Home\",\"item\":\"https:\\\/\\\/www.bera-bv.com\\\/fr\\\/accueil\\\/\"},{\"@type\":\"ListItem\",\"position\":2,\"name\":\"Boutique\",\"item\":\"https:\\\/\\\/www.bera-bv.com\\\/fr\\\/boutique\\\/\"},{\"@type\":\"ListItem\",\"position\":3,\"name\":\"BERA Planter &amp; Tree reservoir &#8211; pour bacs \u00e0 plantes et arbres\"}]},{\"@type\":\"WebSite\",\"@id\":\"https:\\\/\\\/www.bera-bv.com\\\/fr\\\/#website\",\"url\":\"https:\\\/\\\/www.bera-bv.com\\\/fr\\\/\",\"name\":\"BERA BV\",\"description\":\"Creatief en duurzaam landschapsontwerp\",\"publisher\":{\"@id\":\"https:\\\/\\\/www.bera-bv.com\\\/fr\\\/#organization\"},\"potentialAction\":[{\"@type\":\"SearchAction\",\"target\":{\"@type\":\"EntryPoint\",\"urlTemplate\":\"https:\\\/\\\/www.bera-bv.com\\\/fr\\\/?s={search_term_string}\"},\"query-input\":{\"@type\":\"PropertyValueSpecification\",\"valueRequired\":true,\"valueName\":\"search_term_string\"}}],\"inLanguage\":\"fr-FR\"},{\"@type\":\"Organization\",\"@id\":\"https:\\\/\\\/www.bera-bv.com\\\/fr\\\/#organization\",\"name\":\"BERA BV\",\"url\":\"https:\\\/\\\/www.bera-bv.com\\\/fr\\\/\",\"logo\":{\"@type\":\"ImageObject\",\"inLanguage\":\"fr-FR\",\"@id\":\"https:\\\/\\\/www.bera-bv.com\\\/fr\\\/#\\\/schema\\\/logo\\\/image\\\/\",\"url\":\"https:\\\/\\\/www.bera-bv.com\\\/wp-content\\\/uploads\\\/2025\\\/12\\\/BERA-logo_light.svg\",\"contentUrl\":\"https:\\\/\\\/www.bera-bv.com\\\/wp-content\\\/uploads\\\/2025\\\/12\\\/BERA-logo_light.svg\",\"caption\":\"BERA BV\"},\"image\":{\"@id\":\"https:\\\/\\\/www.bera-bv.com\\\/fr\\\/#\\\/schema\\\/logo\\\/image\\\/\"}}]}<\/script>\n<!-- \/ Yoast SEO plugin. -->","yoast_head_json":{"title":"BERA Planter &amp; Tree reservoir - pour bacs \u00e0 plantes et arbres - BERA BV","robots":{"index":"index","follow":"follow","max-snippet":"max-snippet:-1","max-image-preview":"max-image-preview:large","max-video-preview":"max-video-preview:-1"},"canonical":"https:\/\/www.bera-bv.com\/fr\/product\/bera-planter-tree-reservoir-pour-bacs-a-plantes-et-arbres\/","og_locale":"fr_FR","og_type":"article","og_title":"BERA Planter &amp; Tree reservoir - pour bacs \u00e0 plantes et arbres - BERA BV","og_description":"BERA WaterUps Planters &amp; Tree Reservoir - pour bacs \u00e0 plantes et arbres vous fait gagner du temps et de l\u2019eau. Gr\u00e2ce \u00e0 ce syst\u00e8me unique, la plantation absorbe l\u2019eau selon ses besoins depuis le r\u00e9servoir situ\u00e9 sous les racines. La v\u00e9g\u00e9tation pousse mieux, vous \u00e9conomisez environ 75 % d\u2019eau, arrosez moins souvent et r\u00e9duisez la perte de vos plants.  Instructions d\u2019installation : (LIEN) Que comprennent le kit de base et le kit d\u2019extension avec couvercle verrouillable ? \u2022 1x WaterUps Planters &amp; Tree Reservoir - ID2101037 \u2022 1x tube d\u2019admission + couvercle \u2022 Sac de 2 litres de perlite \u2022 1x WaterUps Planters &amp; Tree Reservoir - ID2101019 \u2022 2x tubes d\u2019admission + module d\u2019extension \u2022 1x couvercle + cl\u00e9 \u2022 Sac de 2 litres de perlite","og_url":"https:\/\/www.bera-bv.com\/fr\/product\/bera-planter-tree-reservoir-pour-bacs-a-plantes-et-arbres\/","og_site_name":"BERA BV","article_modified_time":"2026-04-13T13:47:11+00:00","og_image":[{"width":1920,"height":2560,"url":"https:\/\/www.bera-bv.com\/wp-content\/uploads\/2025\/12\/Planter-reservoir-voor-plantenbakken-en-bomen-9-scaled-1.jpg","type":"image\/jpeg"}],"twitter_card":"summary_large_image","twitter_misc":{"Dur\u00e9e de lecture estim\u00e9e":"2 minutes"},"schema":{"@context":"https:\/\/schema.org","@graph":[{"@type":"WebPage","@id":"https:\/\/www.bera-bv.com\/fr\/product\/bera-planter-tree-reservoir-pour-bacs-a-plantes-et-arbres\/","url":"https:\/\/www.bera-bv.com\/fr\/product\/bera-planter-tree-reservoir-pour-bacs-a-plantes-et-arbres\/","name":"BERA Planter &amp; Tree reservoir - pour bacs \u00e0 plantes et arbres - BERA BV","isPartOf":{"@id":"https:\/\/www.bera-bv.com\/fr\/#website"},"primaryImageOfPage":{"@id":"https:\/\/www.bera-bv.com\/fr\/product\/bera-planter-tree-reservoir-pour-bacs-a-plantes-et-arbres\/#primaryimage"},"image":{"@id":"https:\/\/www.bera-bv.com\/fr\/product\/bera-planter-tree-reservoir-pour-bacs-a-plantes-et-arbres\/#primaryimage"},"thumbnailUrl":"https:\/\/www.bera-bv.com\/wp-content\/uploads\/2025\/12\/Planter-reservoir-voor-plantenbakken-en-bomen-9-scaled-1.jpg","datePublished":"2025-12-22T11:36:26+00:00","dateModified":"2026-04-13T13:47:11+00:00","breadcrumb":{"@id":"https:\/\/www.bera-bv.com\/fr\/product\/bera-planter-tree-reservoir-pour-bacs-a-plantes-et-arbres\/#breadcrumb"},"inLanguage":"fr-FR","potentialAction":[{"@type":"ReadAction","target":["https:\/\/www.bera-bv.com\/fr\/product\/bera-planter-tree-reservoir-pour-bacs-a-plantes-et-arbres\/"]}]},{"@type":"ImageObject","inLanguage":"fr-FR","@id":"https:\/\/www.bera-bv.com\/fr\/product\/bera-planter-tree-reservoir-pour-bacs-a-plantes-et-arbres\/#primaryimage","url":"https:\/\/www.bera-bv.com\/wp-content\/uploads\/2025\/12\/Planter-reservoir-voor-plantenbakken-en-bomen-9-scaled-1.jpg","contentUrl":"https:\/\/www.bera-bv.com\/wp-content\/uploads\/2025\/12\/Planter-reservoir-voor-plantenbakken-en-bomen-9-scaled-1.jpg","width":1920,"height":2560,"caption":"R\u00e9servoir d\u2019eau BERA WaterUps en pot"},{"@type":"BreadcrumbList","@id":"https:\/\/www.bera-bv.com\/fr\/product\/bera-planter-tree-reservoir-pour-bacs-a-plantes-et-arbres\/#breadcrumb","itemListElement":[{"@type":"ListItem","position":1,"name":"Home","item":"https:\/\/www.bera-bv.com\/fr\/accueil\/"},{"@type":"ListItem","position":2,"name":"Boutique","item":"https:\/\/www.bera-bv.com\/fr\/boutique\/"},{"@type":"ListItem","position":3,"name":"BERA Planter &amp; Tree reservoir &#8211; pour bacs \u00e0 plantes et arbres"}]},{"@type":"WebSite","@id":"https:\/\/www.bera-bv.com\/fr\/#website","url":"https:\/\/www.bera-bv.com\/fr\/","name":"BERA BV","description":"Creatief en duurzaam landschapsontwerp","publisher":{"@id":"https:\/\/www.bera-bv.com\/fr\/#organization"},"potentialAction":[{"@type":"SearchAction","target":{"@type":"EntryPoint","urlTemplate":"https:\/\/www.bera-bv.com\/fr\/?s={search_term_string}"},"query-input":{"@type":"PropertyValueSpecification","valueRequired":true,"valueName":"search_term_string"}}],"inLanguage":"fr-FR"},{"@type":"Organization","@id":"https:\/\/www.bera-bv.com\/fr\/#organization","name":"BERA BV","url":"https:\/\/www.bera-bv.com\/fr\/","logo":{"@type":"ImageObject","inLanguage":"fr-FR","@id":"https:\/\/www.bera-bv.com\/fr\/#\/schema\/logo\/image\/","url":"https:\/\/www.bera-bv.com\/wp-content\/uploads\/2025\/12\/BERA-logo_light.svg","contentUrl":"https:\/\/www.bera-bv.com\/wp-content\/uploads\/2025\/12\/BERA-logo_light.svg","caption":"BERA BV"},"image":{"@id":"https:\/\/www.bera-bv.com\/fr\/#\/schema\/logo\/image\/"}}]}},"_links":{"self":[{"href":"https:\/\/www.bera-bv.com\/fr\/wp-json\/wp\/v2\/product\/12920","targetHints":{"allow":["GET"]}}],"collection":[{"href":"https:\/\/www.bera-bv.com\/fr\/wp-json\/wp\/v2\/product"}],"about":[{"href":"https:\/\/www.bera-bv.com\/fr\/wp-json\/wp\/v2\/types\/product"}],"wp:featuredmedia":[{"embeddable":true,"href":"https:\/\/www.bera-bv.com\/fr\/wp-json\/wp\/v2\/media\/12921"}],"wp:attachment":[{"href":"https:\/\/www.bera-bv.com\/fr\/wp-json\/wp\/v2\/media?parent=12920"}],"wp:term":[{"taxonomy":"product_brand","embeddable":true,"href":"https:\/\/www.bera-bv.com\/fr\/wp-json\/wp\/v2\/product_brand?post=12920"},{"taxonomy":"product_cat","embeddable":true,"href":"https:\/\/www.bera-bv.com\/fr\/wp-json\/wp\/v2\/product_cat?post=12920"},{"taxonomy":"product_tag","embeddable":true,"href":"https:\/\/www.bera-bv.com\/fr\/wp-json\/wp\/v2\/product_tag?post=12920"}],"curies":[{"name":"wp","href":"https:\/\/api.w.org\/{rel}","templated":true}]}}