{"id":12879,"date":"2025-12-22T12:35:11","date_gmt":"2025-12-22T11:35:11","guid":{"rendered":"http:\/\/bera-bv.com\/product\/bordure-de-jardin-b-edge-smart-6-12-metres\/"},"modified":"2026-04-13T15:36:45","modified_gmt":"2026-04-13T13:36:45","slug":"bordure-de-jardin-b-edge-smart-6-12-metres","status":"publish","type":"product","link":"https:\/\/www.bera-bv.com\/fr\/product\/bordure-de-jardin-b-edge-smart-6-12-metres\/","title":{"rendered":"Bordure de jardin B-Edge Smart (6 \/ 12 m\u00e8tres)"},"content":{"rendered":"<p><strong>Application<\/strong><\/p>\n<ul>\n<li>Bordure pour parterres, pelouses et all\u00e9es aux formes organiques<\/li>\n<\/ul>\n<p><strong>D\u00e9tails du produit<\/strong><\/p>\n<ul>\n<li>Couleurs : noir, vert et marron<\/li>\n<li>Dimensions : longueur 6 m\u00e8tres, hauteur 10 cm, \u00e9paisseur sup\u00e9rieure 1 cm<\/li>\n<li>Poids : 0,75 kg<\/li>\n<li>Mat\u00e9riau : poly\u00e9thyl\u00e8ne, 100 % recyclable<\/li>\n<li>R\u00e9sistant aux UV et au gel<\/li>\n<\/ul>\n<p><strong>Pose<\/strong><\/p>\n<ul>\n<li>Creusez une fine tranch\u00e9e dans le sol \u00e0 l\u2019emplacement pr\u00e9vu pour la bordure<\/li>\n<li>D\u00e9roulez le B-Edge. S\u2019il a tendance \u00e0 s\u2019enrouler, laissez-le un moment au soleil avec des poids aux extr\u00e9mit\u00e9s <\/li>\n<li>Placez le B-Edge dans la tranch\u00e9e assez profond\u00e9ment pour emp\u00eacher tout d\u00e9bordement de mat\u00e9riau. Tassez fermement la terre des deux c\u00f4t\u00e9s <\/li>\n<li>Plusieurs rouleaux peuvent \u00eatre raccord\u00e9s \u00e0 l\u2019aide de la goupille de connexion (1 incluse)<\/li>\n<\/ul>\n","protected":false},"excerpt":{"rendered":"<p><strong>Description<\/strong><br \/>\nLa bordure B-Edge est id\u00e9ale pour les parterres, pelouses et all\u00e9es aux formes organiques. S\u00e9curit\u00e9 enfant garantie gr\u00e2ce \u00e0 son bord sup\u00e9rieur arrondi. <\/p>\n<p>Livr\u00e9es en rouleaux de 6 m\u00e8tres de long et 10 cm de haut, ces bordures s\u2019adaptent souplement \u00e0 presque toutes les formes. Enterr\u00e9es jusqu\u2019au bord arrondi, elles offrent un r\u00e9sultat discret et ne g\u00eanent pas le passage de la tondeuse. <\/p>\n<p>Disponible en 3 couleurs (noir, vert et marron) pour s\u2019adapter \u00e0 chaque environnement et style. Une solution parfaite pour votre jardin, adapt\u00e9e \u00e0 tous les budgets. <\/p>\n<p>Plus d\u2019informations <a href=\"https:\/\/www.bera-bv.nl\/randbegrenzing\/bera-b-edge-smart\/\" target=\"_blank\" rel=\"noopener noreferrer\">ici<\/a><\/p>\n","protected":false},"featured_media":12880,"template":"","meta":{"site-sidebar-layout":"default","site-content-layout":"","ast-site-content-layout":"default","site-content-style":"default","site-sidebar-style":"default","ast-global-header-display":"","ast-banner-title-visibility":"","ast-main-header-display":"","ast-hfb-above-header-display":"","ast-hfb-below-header-display":"","ast-hfb-mobile-header-display":"","site-post-title":"","ast-breadcrumbs-content":"","ast-featured-img":"","footer-sml-layout":"","ast-disable-related-posts":"","theme-transparent-header-meta":"default","adv-header-id-meta":"","stick-header-meta":"default","header-above-stick-meta":"","header-main-stick-meta":"","header-below-stick-meta":"","astra-migrate-meta-layouts":"default","ast-page-background-enabled":"default","ast-page-background-meta":{"desktop":{"background-color":"var(--ast-global-color-4)","background-image":"","background-repeat":"repeat","background-position":"center center","background-size":"auto","background-attachment":"scroll","background-type":"","background-media":"","overlay-type":"","overlay-color":"","overlay-opacity":"","overlay-gradient":""},"tablet":{"background-color":"","background-image":"","background-repeat":"repeat","background-position":"center center","background-size":"auto","background-attachment":"scroll","background-type":"","background-media":"","overlay-type":"","overlay-color":"","overlay-opacity":"","overlay-gradient":""},"mobile":{"background-color":"","background-image":"","background-repeat":"repeat","background-position":"center center","background-size":"auto","background-attachment":"scroll","background-type":"","background-media":"","overlay-type":"","overlay-color":"","overlay-opacity":"","overlay-gradient":""}},"ast-content-background-meta":{"desktop":{"background-color":"var(--ast-global-color-5)","background-image":"","background-repeat":"repeat","background-position":"center center","background-size":"auto","background-attachment":"scroll","background-type":"","background-media":"","overlay-type":"","overlay-color":"","overlay-opacity":"","overlay-gradient":""},"tablet":{"background-color":"var(--ast-global-color-5)","background-image":"","background-repeat":"repeat","background-position":"center center","background-size":"auto","background-attachment":"scroll","background-type":"","background-media":"","overlay-type":"","overlay-color":"","overlay-opacity":"","overlay-gradient":""},"mobile":{"background-color":"var(--ast-global-color-5)","background-image":"","background-repeat":"repeat","background-position":"center center","background-size":"auto","background-attachment":"scroll","background-type":"","background-media":"","overlay-type":"","overlay-color":"","overlay-opacity":"","overlay-gradient":""}}},"product_brand":[],"product_cat":[305],"product_tag":[],"class_list":{"0":"post-12879","1":"product","2":"type-product","3":"status-publish","4":"has-post-thumbnail","6":"product_cat-bordures","7":"product_shipping_class-parcel","8":"pa_frostproof-oui","9":"pa_kleur-marron","10":"pa_kleur-marron-vert-noir","11":"pa_kleur-noir","12":"pa_kleur-vert","13":"pa_lengte-12-metres","14":"pa_lengte-6-metres","15":"pa_lengte-6-metres-12-metres","16":"pa_uv-bestendig-oui","17":"desktop-align-left","18":"tablet-align-left","19":"mobile-align-left","20":"ast-product-gallery-layout-horizontal","21":"ast-product-single-variable","22":"ast-product-tabs-layout-horizontal","24":"first","25":"instock","26":"purchasable","27":"product-type-variable"},"yoast_head":"<!-- This site is optimized with the Yoast SEO plugin v27.4 - https:\/\/yoast.com\/product\/yoast-seo-wordpress\/ -->\n<title>Bordure de jardin B-Edge Smart (6 \/ 12 m\u00e8tres) - BERA BV<\/title>\n<meta name=\"robots\" content=\"index, follow, max-snippet:-1, max-image-preview:large, max-video-preview:-1\" \/>\n<link rel=\"canonical\" href=\"https:\/\/www.bera-bv.com\/fr\/product\/bordure-de-jardin-b-edge-smart-6-12-metres\/\" \/>\n<meta property=\"og:locale\" content=\"fr_FR\" \/>\n<meta property=\"og:type\" content=\"article\" \/>\n<meta property=\"og:title\" content=\"Bordure de jardin B-Edge Smart (6 \/ 12 m\u00e8tres) - BERA BV\" \/>\n<meta property=\"og:description\" content=\"Description La bordure B-Edge est id\u00e9ale pour les parterres, pelouses et all\u00e9es aux formes organiques. S\u00e9curit\u00e9 enfant garantie gr\u00e2ce \u00e0 son bord sup\u00e9rieur arrondi.  Livr\u00e9es en rouleaux de 6 m\u00e8tres de long et 10 cm de haut, ces bordures s\u2019adaptent souplement \u00e0 presque toutes les formes. Enterr\u00e9es jusqu\u2019au bord arrondi, elles offrent un r\u00e9sultat discret et ne g\u00eanent pas le passage de la tondeuse.  Disponible en 3 couleurs (noir, vert et marron) pour s\u2019adapter \u00e0 chaque environnement et style. Une solution parfaite pour votre jardin, adapt\u00e9e \u00e0 tous les budgets.  Plus d\u2019informations ici\" \/>\n<meta property=\"og:url\" content=\"https:\/\/www.bera-bv.com\/fr\/product\/bordure-de-jardin-b-edge-smart-6-12-metres\/\" \/>\n<meta property=\"og:site_name\" content=\"BERA BV\" \/>\n<meta property=\"article:modified_time\" content=\"2026-04-13T13:36:45+00:00\" \/>\n<meta property=\"og:image\" content=\"https:\/\/www.bera-bv.com\/wp-content\/uploads\/2025\/12\/BERA-B-Edge-Smart-black-6m.png\" \/>\n\t<meta property=\"og:image:width\" content=\"698\" \/>\n\t<meta property=\"og:image:height\" content=\"559\" \/>\n\t<meta property=\"og:image:type\" content=\"image\/png\" \/>\n<meta name=\"twitter:card\" content=\"summary_large_image\" \/>\n<meta name=\"twitter:label1\" content=\"Dur\u00e9e de lecture estim\u00e9e\" \/>\n\t<meta name=\"twitter:data1\" content=\"1 minute\" \/>\n<script type=\"application\/ld+json\" class=\"yoast-schema-graph\">{\"@context\":\"https:\\\/\\\/schema.org\",\"@graph\":[{\"@type\":\"WebPage\",\"@id\":\"https:\\\/\\\/www.bera-bv.com\\\/fr\\\/product\\\/bordure-de-jardin-b-edge-smart-6-12-metres\\\/\",\"url\":\"https:\\\/\\\/www.bera-bv.com\\\/fr\\\/product\\\/bordure-de-jardin-b-edge-smart-6-12-metres\\\/\",\"name\":\"Bordure de jardin B-Edge Smart (6 \\\/ 12 m\u00e8tres) - BERA BV\",\"isPartOf\":{\"@id\":\"https:\\\/\\\/www.bera-bv.com\\\/fr\\\/#website\"},\"primaryImageOfPage\":{\"@id\":\"https:\\\/\\\/www.bera-bv.com\\\/fr\\\/product\\\/bordure-de-jardin-b-edge-smart-6-12-metres\\\/#primaryimage\"},\"image\":{\"@id\":\"https:\\\/\\\/www.bera-bv.com\\\/fr\\\/product\\\/bordure-de-jardin-b-edge-smart-6-12-metres\\\/#primaryimage\"},\"thumbnailUrl\":\"https:\\\/\\\/www.bera-bv.com\\\/wp-content\\\/uploads\\\/2025\\\/12\\\/BERA-B-Edge-Smart-black-6m.png\",\"datePublished\":\"2025-12-22T11:35:11+00:00\",\"dateModified\":\"2026-04-13T13:36:45+00:00\",\"breadcrumb\":{\"@id\":\"https:\\\/\\\/www.bera-bv.com\\\/fr\\\/product\\\/bordure-de-jardin-b-edge-smart-6-12-metres\\\/#breadcrumb\"},\"inLanguage\":\"fr-FR\",\"potentialAction\":[{\"@type\":\"ReadAction\",\"target\":[\"https:\\\/\\\/www.bera-bv.com\\\/fr\\\/product\\\/bordure-de-jardin-b-edge-smart-6-12-metres\\\/\"]}]},{\"@type\":\"ImageObject\",\"inLanguage\":\"fr-FR\",\"@id\":\"https:\\\/\\\/www.bera-bv.com\\\/fr\\\/product\\\/bordure-de-jardin-b-edge-smart-6-12-metres\\\/#primaryimage\",\"url\":\"https:\\\/\\\/www.bera-bv.com\\\/wp-content\\\/uploads\\\/2025\\\/12\\\/BERA-B-Edge-Smart-black-6m.png\",\"contentUrl\":\"https:\\\/\\\/www.bera-bv.com\\\/wp-content\\\/uploads\\\/2025\\\/12\\\/BERA-B-Edge-Smart-black-6m.png\",\"width\":698,\"height\":559},{\"@type\":\"BreadcrumbList\",\"@id\":\"https:\\\/\\\/www.bera-bv.com\\\/fr\\\/product\\\/bordure-de-jardin-b-edge-smart-6-12-metres\\\/#breadcrumb\",\"itemListElement\":[{\"@type\":\"ListItem\",\"position\":1,\"name\":\"Home\",\"item\":\"https:\\\/\\\/www.bera-bv.com\\\/fr\\\/accueil\\\/\"},{\"@type\":\"ListItem\",\"position\":2,\"name\":\"Boutique\",\"item\":\"https:\\\/\\\/www.bera-bv.com\\\/fr\\\/boutique\\\/\"},{\"@type\":\"ListItem\",\"position\":3,\"name\":\"Bordure de jardin B-Edge Smart (6 \\\/ 12 m\u00e8tres)\"}]},{\"@type\":\"WebSite\",\"@id\":\"https:\\\/\\\/www.bera-bv.com\\\/fr\\\/#website\",\"url\":\"https:\\\/\\\/www.bera-bv.com\\\/fr\\\/\",\"name\":\"BERA BV\",\"description\":\"Creatief en duurzaam landschapsontwerp\",\"publisher\":{\"@id\":\"https:\\\/\\\/www.bera-bv.com\\\/fr\\\/#organization\"},\"potentialAction\":[{\"@type\":\"SearchAction\",\"target\":{\"@type\":\"EntryPoint\",\"urlTemplate\":\"https:\\\/\\\/www.bera-bv.com\\\/fr\\\/?s={search_term_string}\"},\"query-input\":{\"@type\":\"PropertyValueSpecification\",\"valueRequired\":true,\"valueName\":\"search_term_string\"}}],\"inLanguage\":\"fr-FR\"},{\"@type\":\"Organization\",\"@id\":\"https:\\\/\\\/www.bera-bv.com\\\/fr\\\/#organization\",\"name\":\"BERA BV\",\"url\":\"https:\\\/\\\/www.bera-bv.com\\\/fr\\\/\",\"logo\":{\"@type\":\"ImageObject\",\"inLanguage\":\"fr-FR\",\"@id\":\"https:\\\/\\\/www.bera-bv.com\\\/fr\\\/#\\\/schema\\\/logo\\\/image\\\/\",\"url\":\"https:\\\/\\\/www.bera-bv.com\\\/wp-content\\\/uploads\\\/2025\\\/12\\\/BERA-logo_light.svg\",\"contentUrl\":\"https:\\\/\\\/www.bera-bv.com\\\/wp-content\\\/uploads\\\/2025\\\/12\\\/BERA-logo_light.svg\",\"caption\":\"BERA BV\"},\"image\":{\"@id\":\"https:\\\/\\\/www.bera-bv.com\\\/fr\\\/#\\\/schema\\\/logo\\\/image\\\/\"}}]}<\/script>\n<!-- \/ Yoast SEO plugin. -->","yoast_head_json":{"title":"Bordure de jardin B-Edge Smart (6 \/ 12 m\u00e8tres) - BERA BV","robots":{"index":"index","follow":"follow","max-snippet":"max-snippet:-1","max-image-preview":"max-image-preview:large","max-video-preview":"max-video-preview:-1"},"canonical":"https:\/\/www.bera-bv.com\/fr\/product\/bordure-de-jardin-b-edge-smart-6-12-metres\/","og_locale":"fr_FR","og_type":"article","og_title":"Bordure de jardin B-Edge Smart (6 \/ 12 m\u00e8tres) - BERA BV","og_description":"Description La bordure B-Edge est id\u00e9ale pour les parterres, pelouses et all\u00e9es aux formes organiques. S\u00e9curit\u00e9 enfant garantie gr\u00e2ce \u00e0 son bord sup\u00e9rieur arrondi.  Livr\u00e9es en rouleaux de 6 m\u00e8tres de long et 10 cm de haut, ces bordures s\u2019adaptent souplement \u00e0 presque toutes les formes. Enterr\u00e9es jusqu\u2019au bord arrondi, elles offrent un r\u00e9sultat discret et ne g\u00eanent pas le passage de la tondeuse.  Disponible en 3 couleurs (noir, vert et marron) pour s\u2019adapter \u00e0 chaque environnement et style. Une solution parfaite pour votre jardin, adapt\u00e9e \u00e0 tous les budgets.  Plus d\u2019informations ici","og_url":"https:\/\/www.bera-bv.com\/fr\/product\/bordure-de-jardin-b-edge-smart-6-12-metres\/","og_site_name":"BERA BV","article_modified_time":"2026-04-13T13:36:45+00:00","og_image":[{"width":698,"height":559,"url":"https:\/\/www.bera-bv.com\/wp-content\/uploads\/2025\/12\/BERA-B-Edge-Smart-black-6m.png","type":"image\/png"}],"twitter_card":"summary_large_image","twitter_misc":{"Dur\u00e9e de lecture estim\u00e9e":"1 minute"},"schema":{"@context":"https:\/\/schema.org","@graph":[{"@type":"WebPage","@id":"https:\/\/www.bera-bv.com\/fr\/product\/bordure-de-jardin-b-edge-smart-6-12-metres\/","url":"https:\/\/www.bera-bv.com\/fr\/product\/bordure-de-jardin-b-edge-smart-6-12-metres\/","name":"Bordure de jardin B-Edge Smart (6 \/ 12 m\u00e8tres) - BERA BV","isPartOf":{"@id":"https:\/\/www.bera-bv.com\/fr\/#website"},"primaryImageOfPage":{"@id":"https:\/\/www.bera-bv.com\/fr\/product\/bordure-de-jardin-b-edge-smart-6-12-metres\/#primaryimage"},"image":{"@id":"https:\/\/www.bera-bv.com\/fr\/product\/bordure-de-jardin-b-edge-smart-6-12-metres\/#primaryimage"},"thumbnailUrl":"https:\/\/www.bera-bv.com\/wp-content\/uploads\/2025\/12\/BERA-B-Edge-Smart-black-6m.png","datePublished":"2025-12-22T11:35:11+00:00","dateModified":"2026-04-13T13:36:45+00:00","breadcrumb":{"@id":"https:\/\/www.bera-bv.com\/fr\/product\/bordure-de-jardin-b-edge-smart-6-12-metres\/#breadcrumb"},"inLanguage":"fr-FR","potentialAction":[{"@type":"ReadAction","target":["https:\/\/www.bera-bv.com\/fr\/product\/bordure-de-jardin-b-edge-smart-6-12-metres\/"]}]},{"@type":"ImageObject","inLanguage":"fr-FR","@id":"https:\/\/www.bera-bv.com\/fr\/product\/bordure-de-jardin-b-edge-smart-6-12-metres\/#primaryimage","url":"https:\/\/www.bera-bv.com\/wp-content\/uploads\/2025\/12\/BERA-B-Edge-Smart-black-6m.png","contentUrl":"https:\/\/www.bera-bv.com\/wp-content\/uploads\/2025\/12\/BERA-B-Edge-Smart-black-6m.png","width":698,"height":559},{"@type":"BreadcrumbList","@id":"https:\/\/www.bera-bv.com\/fr\/product\/bordure-de-jardin-b-edge-smart-6-12-metres\/#breadcrumb","itemListElement":[{"@type":"ListItem","position":1,"name":"Home","item":"https:\/\/www.bera-bv.com\/fr\/accueil\/"},{"@type":"ListItem","position":2,"name":"Boutique","item":"https:\/\/www.bera-bv.com\/fr\/boutique\/"},{"@type":"ListItem","position":3,"name":"Bordure de jardin B-Edge Smart (6 \/ 12 m\u00e8tres)"}]},{"@type":"WebSite","@id":"https:\/\/www.bera-bv.com\/fr\/#website","url":"https:\/\/www.bera-bv.com\/fr\/","name":"BERA BV","description":"Creatief en duurzaam landschapsontwerp","publisher":{"@id":"https:\/\/www.bera-bv.com\/fr\/#organization"},"potentialAction":[{"@type":"SearchAction","target":{"@type":"EntryPoint","urlTemplate":"https:\/\/www.bera-bv.com\/fr\/?s={search_term_string}"},"query-input":{"@type":"PropertyValueSpecification","valueRequired":true,"valueName":"search_term_string"}}],"inLanguage":"fr-FR"},{"@type":"Organization","@id":"https:\/\/www.bera-bv.com\/fr\/#organization","name":"BERA BV","url":"https:\/\/www.bera-bv.com\/fr\/","logo":{"@type":"ImageObject","inLanguage":"fr-FR","@id":"https:\/\/www.bera-bv.com\/fr\/#\/schema\/logo\/image\/","url":"https:\/\/www.bera-bv.com\/wp-content\/uploads\/2025\/12\/BERA-logo_light.svg","contentUrl":"https:\/\/www.bera-bv.com\/wp-content\/uploads\/2025\/12\/BERA-logo_light.svg","caption":"BERA BV"},"image":{"@id":"https:\/\/www.bera-bv.com\/fr\/#\/schema\/logo\/image\/"}}]}},"_links":{"self":[{"href":"https:\/\/www.bera-bv.com\/fr\/wp-json\/wp\/v2\/product\/12879","targetHints":{"allow":["GET"]}}],"collection":[{"href":"https:\/\/www.bera-bv.com\/fr\/wp-json\/wp\/v2\/product"}],"about":[{"href":"https:\/\/www.bera-bv.com\/fr\/wp-json\/wp\/v2\/types\/product"}],"wp:featuredmedia":[{"embeddable":true,"href":"https:\/\/www.bera-bv.com\/fr\/wp-json\/wp\/v2\/media\/12880"}],"wp:attachment":[{"href":"https:\/\/www.bera-bv.com\/fr\/wp-json\/wp\/v2\/media?parent=12879"}],"wp:term":[{"taxonomy":"product_brand","embeddable":true,"href":"https:\/\/www.bera-bv.com\/fr\/wp-json\/wp\/v2\/product_brand?post=12879"},{"taxonomy":"product_cat","embeddable":true,"href":"https:\/\/www.bera-bv.com\/fr\/wp-json\/wp\/v2\/product_cat?post=12879"},{"taxonomy":"product_tag","embeddable":true,"href":"https:\/\/www.bera-bv.com\/fr\/wp-json\/wp\/v2\/product_tag?post=12879"}],"curies":[{"name":"wp","href":"https:\/\/api.w.org\/{rel}","templated":true}]}}