{"id":12873,"date":"2025-12-22T12:35:15","date_gmt":"2025-12-22T11:35:15","guid":{"rendered":"http:\/\/bera-bv.com\/product\/piquets-de-fixation-gravel-edge-l-20-pieces\/"},"modified":"2026-02-20T15:44:15","modified_gmt":"2026-02-20T14:44:15","slug":"piquets-de-fixation-gravel-edge-l-20-pieces","status":"publish","type":"product","link":"https:\/\/www.bera-bv.com\/fr\/product\/piquets-de-fixation-gravel-edge-l-20-pieces\/","title":{"rendered":"Piquets de fixation Gravel Edge L 20 pi\u00e8ces"},"content":{"rendered":"<p><strong>Application<\/strong><\/p>\n<ul>\n<li>Fixation des profil\u00e9s en L Gravel Edge en plastique<\/li>\n<li>Fixation suppl\u00e9mentaire pour <a href=\"https:\/\/www.bera-bv.nl\/webshop\/produkt\/gravel-fix-step\/\">Gravel Fix Step<\/a><\/li>\n<\/ul>\n<p><strong>D\u00e9tails du produit<\/strong><\/p>\n<ul>\n<li>Couleur : noir<\/li>\n<li>Dimensions : 12cm de longueur<\/li>\n<li>Mat\u00e9riau : polyamide (PA.6)<\/li>\n<li>R\u00e9sistant aux UV et au gel<\/li>\n<\/ul>\n","protected":false},"excerpt":{"rendered":"<p><strong>Description<\/strong><br \/>\nLes piquets de fixation sont sp\u00e9cialement con\u00e7us pour les profil\u00e9s en L Gravel Edge en plastique. Ils sont fabriqu\u00e9s en plastique tr\u00e8s r\u00e9sistant (PA.6) et s\u2019ins\u00e8rent parfaitement dans les trous pr\u00e9vus dans le profil\u00e9 en L. Les piquets mesurent 12cm de long.  <\/p>\n<p>Sur les parties droites, 2 piquets suffisent g\u00e9n\u00e9ralement ; dans les courbes, pr\u00e9voyez-en quelques-uns de plus en raison de la tension. Cela d\u00e9pend enti\u00e8rement du sol. En cas de doute, utilisez des piquets universels plus longs. Les piquets sont livr\u00e9s dans une bo\u00eete de 20 pi\u00e8ces.   <\/p>\n<p>Plus d\u2019informations disponibles <a href=\"https:\/\/www.bera-bv.nl\/randbegrenzing\/bera-gravel-edge-l\/\" target=\"_blank\" rel=\"noopener noreferrer\">ici<\/a><\/p>\n","protected":false},"featured_media":12874,"template":"","meta":{"site-sidebar-layout":"default","site-content-layout":"","ast-site-content-layout":"default","site-content-style":"default","site-sidebar-style":"default","ast-global-header-display":"","ast-banner-title-visibility":"","ast-main-header-display":"","ast-hfb-above-header-display":"","ast-hfb-below-header-display":"","ast-hfb-mobile-header-display":"","site-post-title":"","ast-breadcrumbs-content":"","ast-featured-img":"","footer-sml-layout":"","ast-disable-related-posts":"","theme-transparent-header-meta":"default","adv-header-id-meta":"","stick-header-meta":"default","header-above-stick-meta":"","header-main-stick-meta":"","header-below-stick-meta":"","astra-migrate-meta-layouts":"default","ast-page-background-enabled":"default","ast-page-background-meta":{"desktop":{"background-color":"var(--ast-global-color-4)","background-image":"","background-repeat":"repeat","background-position":"center center","background-size":"auto","background-attachment":"scroll","background-type":"","background-media":"","overlay-type":"","overlay-color":"","overlay-opacity":"","overlay-gradient":""},"tablet":{"background-color":"","background-image":"","background-repeat":"repeat","background-position":"center center","background-size":"auto","background-attachment":"scroll","background-type":"","background-media":"","overlay-type":"","overlay-color":"","overlay-opacity":"","overlay-gradient":""},"mobile":{"background-color":"","background-image":"","background-repeat":"repeat","background-position":"center center","background-size":"auto","background-attachment":"scroll","background-type":"","background-media":"","overlay-type":"","overlay-color":"","overlay-opacity":"","overlay-gradient":""}},"ast-content-background-meta":{"desktop":{"background-color":"var(--ast-global-color-5)","background-image":"","background-repeat":"repeat","background-position":"center center","background-size":"auto","background-attachment":"scroll","background-type":"","background-media":"","overlay-type":"","overlay-color":"","overlay-opacity":"","overlay-gradient":""},"tablet":{"background-color":"var(--ast-global-color-5)","background-image":"","background-repeat":"repeat","background-position":"center center","background-size":"auto","background-attachment":"scroll","background-type":"","background-media":"","overlay-type":"","overlay-color":"","overlay-opacity":"","overlay-gradient":""},"mobile":{"background-color":"var(--ast-global-color-5)","background-image":"","background-repeat":"repeat","background-position":"center center","background-size":"auto","background-attachment":"scroll","background-type":"","background-media":"","overlay-type":"","overlay-color":"","overlay-opacity":"","overlay-gradient":""}}},"product_brand":[],"product_cat":[305],"product_tag":[],"class_list":{"0":"post-12873","1":"product","2":"type-product","3":"status-publish","4":"has-post-thumbnail","6":"product_cat-bordures","7":"product_shipping_class-parcel","8":"pa_frostproof-oui","9":"pa_kleur-noir","10":"pa_materiaal-hdpe-renforce","11":"pa_uv-bestendig-oui","12":"desktop-align-left","13":"tablet-align-left","14":"mobile-align-left","15":"ast-product-gallery-layout-horizontal","16":"ast-product-tabs-layout-horizontal","18":"first","19":"instock","20":"purchasable","21":"product-type-simple"},"yoast_head":"<!-- This site is optimized with the Yoast SEO plugin v27.4 - https:\/\/yoast.com\/product\/yoast-seo-wordpress\/ -->\n<title>Piquets de fixation Gravel Edge L 20 pi\u00e8ces - BERA BV<\/title>\n<meta name=\"robots\" content=\"index, follow, max-snippet:-1, max-image-preview:large, max-video-preview:-1\" \/>\n<link rel=\"canonical\" href=\"https:\/\/www.bera-bv.com\/fr\/product\/piquets-de-fixation-gravel-edge-l-20-pieces\/\" \/>\n<meta property=\"og:locale\" content=\"fr_FR\" \/>\n<meta property=\"og:type\" content=\"article\" \/>\n<meta property=\"og:title\" content=\"Piquets de fixation Gravel Edge L 20 pi\u00e8ces - BERA BV\" \/>\n<meta property=\"og:description\" content=\"Description Les piquets de fixation sont sp\u00e9cialement con\u00e7us pour les profil\u00e9s en L Gravel Edge en plastique. Ils sont fabriqu\u00e9s en plastique tr\u00e8s r\u00e9sistant (PA.6) et s\u2019ins\u00e8rent parfaitement dans les trous pr\u00e9vus dans le profil\u00e9 en L. Les piquets mesurent 12cm de long.  Sur les parties droites, 2 piquets suffisent g\u00e9n\u00e9ralement ; dans les courbes, pr\u00e9voyez-en quelques-uns de plus en raison de la tension. Cela d\u00e9pend enti\u00e8rement du sol. En cas de doute, utilisez des piquets universels plus longs. Les piquets sont livr\u00e9s dans une bo\u00eete de 20 pi\u00e8ces.   Plus d\u2019informations disponibles ici\" \/>\n<meta property=\"og:url\" content=\"https:\/\/www.bera-bv.com\/fr\/product\/piquets-de-fixation-gravel-edge-l-20-pieces\/\" \/>\n<meta property=\"og:site_name\" content=\"BERA BV\" \/>\n<meta property=\"article:modified_time\" content=\"2026-02-20T14:44:15+00:00\" \/>\n<meta property=\"og:image\" content=\"https:\/\/www.bera-bv.com\/wp-content\/uploads\/2025\/12\/Gravel-Edge-PP-Pins_500.jpg\" \/>\n\t<meta property=\"og:image:width\" content=\"508\" \/>\n\t<meta property=\"og:image:height\" content=\"500\" \/>\n\t<meta property=\"og:image:type\" content=\"image\/jpeg\" \/>\n<meta name=\"twitter:card\" content=\"summary_large_image\" \/>\n<script type=\"application\/ld+json\" class=\"yoast-schema-graph\">{\"@context\":\"https:\\\/\\\/schema.org\",\"@graph\":[{\"@type\":\"WebPage\",\"@id\":\"https:\\\/\\\/www.bera-bv.com\\\/fr\\\/product\\\/piquets-de-fixation-gravel-edge-l-20-pieces\\\/\",\"url\":\"https:\\\/\\\/www.bera-bv.com\\\/fr\\\/product\\\/piquets-de-fixation-gravel-edge-l-20-pieces\\\/\",\"name\":\"Piquets de fixation Gravel Edge L 20 pi\u00e8ces - BERA BV\",\"isPartOf\":{\"@id\":\"https:\\\/\\\/www.bera-bv.com\\\/fr\\\/#website\"},\"primaryImageOfPage\":{\"@id\":\"https:\\\/\\\/www.bera-bv.com\\\/fr\\\/product\\\/piquets-de-fixation-gravel-edge-l-20-pieces\\\/#primaryimage\"},\"image\":{\"@id\":\"https:\\\/\\\/www.bera-bv.com\\\/fr\\\/product\\\/piquets-de-fixation-gravel-edge-l-20-pieces\\\/#primaryimage\"},\"thumbnailUrl\":\"https:\\\/\\\/www.bera-bv.com\\\/wp-content\\\/uploads\\\/2025\\\/12\\\/Gravel-Edge-PP-Pins_500.jpg\",\"datePublished\":\"2025-12-22T11:35:15+00:00\",\"dateModified\":\"2026-02-20T14:44:15+00:00\",\"breadcrumb\":{\"@id\":\"https:\\\/\\\/www.bera-bv.com\\\/fr\\\/product\\\/piquets-de-fixation-gravel-edge-l-20-pieces\\\/#breadcrumb\"},\"inLanguage\":\"fr-FR\",\"potentialAction\":[{\"@type\":\"ReadAction\",\"target\":[\"https:\\\/\\\/www.bera-bv.com\\\/fr\\\/product\\\/piquets-de-fixation-gravel-edge-l-20-pieces\\\/\"]}]},{\"@type\":\"ImageObject\",\"inLanguage\":\"fr-FR\",\"@id\":\"https:\\\/\\\/www.bera-bv.com\\\/fr\\\/product\\\/piquets-de-fixation-gravel-edge-l-20-pieces\\\/#primaryimage\",\"url\":\"https:\\\/\\\/www.bera-bv.com\\\/wp-content\\\/uploads\\\/2025\\\/12\\\/Gravel-Edge-PP-Pins_500.jpg\",\"contentUrl\":\"https:\\\/\\\/www.bera-bv.com\\\/wp-content\\\/uploads\\\/2025\\\/12\\\/Gravel-Edge-PP-Pins_500.jpg\",\"width\":508,\"height\":500},{\"@type\":\"BreadcrumbList\",\"@id\":\"https:\\\/\\\/www.bera-bv.com\\\/fr\\\/product\\\/piquets-de-fixation-gravel-edge-l-20-pieces\\\/#breadcrumb\",\"itemListElement\":[{\"@type\":\"ListItem\",\"position\":1,\"name\":\"Home\",\"item\":\"https:\\\/\\\/www.bera-bv.com\\\/fr\\\/accueil\\\/\"},{\"@type\":\"ListItem\",\"position\":2,\"name\":\"Boutique\",\"item\":\"https:\\\/\\\/www.bera-bv.com\\\/fr\\\/boutique\\\/\"},{\"@type\":\"ListItem\",\"position\":3,\"name\":\"Piquets de fixation Gravel Edge L 20 pi\u00e8ces\"}]},{\"@type\":\"WebSite\",\"@id\":\"https:\\\/\\\/www.bera-bv.com\\\/fr\\\/#website\",\"url\":\"https:\\\/\\\/www.bera-bv.com\\\/fr\\\/\",\"name\":\"BERA BV\",\"description\":\"Creatief en duurzaam landschapsontwerp\",\"publisher\":{\"@id\":\"https:\\\/\\\/www.bera-bv.com\\\/fr\\\/#organization\"},\"potentialAction\":[{\"@type\":\"SearchAction\",\"target\":{\"@type\":\"EntryPoint\",\"urlTemplate\":\"https:\\\/\\\/www.bera-bv.com\\\/fr\\\/?s={search_term_string}\"},\"query-input\":{\"@type\":\"PropertyValueSpecification\",\"valueRequired\":true,\"valueName\":\"search_term_string\"}}],\"inLanguage\":\"fr-FR\"},{\"@type\":\"Organization\",\"@id\":\"https:\\\/\\\/www.bera-bv.com\\\/fr\\\/#organization\",\"name\":\"BERA BV\",\"url\":\"https:\\\/\\\/www.bera-bv.com\\\/fr\\\/\",\"logo\":{\"@type\":\"ImageObject\",\"inLanguage\":\"fr-FR\",\"@id\":\"https:\\\/\\\/www.bera-bv.com\\\/fr\\\/#\\\/schema\\\/logo\\\/image\\\/\",\"url\":\"https:\\\/\\\/www.bera-bv.com\\\/wp-content\\\/uploads\\\/2025\\\/12\\\/BERA-logo_light.svg\",\"contentUrl\":\"https:\\\/\\\/www.bera-bv.com\\\/wp-content\\\/uploads\\\/2025\\\/12\\\/BERA-logo_light.svg\",\"caption\":\"BERA BV\"},\"image\":{\"@id\":\"https:\\\/\\\/www.bera-bv.com\\\/fr\\\/#\\\/schema\\\/logo\\\/image\\\/\"}}]}<\/script>\n<!-- \/ Yoast SEO plugin. -->","yoast_head_json":{"title":"Piquets de fixation Gravel Edge L 20 pi\u00e8ces - BERA BV","robots":{"index":"index","follow":"follow","max-snippet":"max-snippet:-1","max-image-preview":"max-image-preview:large","max-video-preview":"max-video-preview:-1"},"canonical":"https:\/\/www.bera-bv.com\/fr\/product\/piquets-de-fixation-gravel-edge-l-20-pieces\/","og_locale":"fr_FR","og_type":"article","og_title":"Piquets de fixation Gravel Edge L 20 pi\u00e8ces - BERA BV","og_description":"Description Les piquets de fixation sont sp\u00e9cialement con\u00e7us pour les profil\u00e9s en L Gravel Edge en plastique. Ils sont fabriqu\u00e9s en plastique tr\u00e8s r\u00e9sistant (PA.6) et s\u2019ins\u00e8rent parfaitement dans les trous pr\u00e9vus dans le profil\u00e9 en L. Les piquets mesurent 12cm de long.  Sur les parties droites, 2 piquets suffisent g\u00e9n\u00e9ralement ; dans les courbes, pr\u00e9voyez-en quelques-uns de plus en raison de la tension. Cela d\u00e9pend enti\u00e8rement du sol. En cas de doute, utilisez des piquets universels plus longs. Les piquets sont livr\u00e9s dans une bo\u00eete de 20 pi\u00e8ces.   Plus d\u2019informations disponibles ici","og_url":"https:\/\/www.bera-bv.com\/fr\/product\/piquets-de-fixation-gravel-edge-l-20-pieces\/","og_site_name":"BERA BV","article_modified_time":"2026-02-20T14:44:15+00:00","og_image":[{"width":508,"height":500,"url":"https:\/\/www.bera-bv.com\/wp-content\/uploads\/2025\/12\/Gravel-Edge-PP-Pins_500.jpg","type":"image\/jpeg"}],"twitter_card":"summary_large_image","schema":{"@context":"https:\/\/schema.org","@graph":[{"@type":"WebPage","@id":"https:\/\/www.bera-bv.com\/fr\/product\/piquets-de-fixation-gravel-edge-l-20-pieces\/","url":"https:\/\/www.bera-bv.com\/fr\/product\/piquets-de-fixation-gravel-edge-l-20-pieces\/","name":"Piquets de fixation Gravel Edge L 20 pi\u00e8ces - BERA BV","isPartOf":{"@id":"https:\/\/www.bera-bv.com\/fr\/#website"},"primaryImageOfPage":{"@id":"https:\/\/www.bera-bv.com\/fr\/product\/piquets-de-fixation-gravel-edge-l-20-pieces\/#primaryimage"},"image":{"@id":"https:\/\/www.bera-bv.com\/fr\/product\/piquets-de-fixation-gravel-edge-l-20-pieces\/#primaryimage"},"thumbnailUrl":"https:\/\/www.bera-bv.com\/wp-content\/uploads\/2025\/12\/Gravel-Edge-PP-Pins_500.jpg","datePublished":"2025-12-22T11:35:15+00:00","dateModified":"2026-02-20T14:44:15+00:00","breadcrumb":{"@id":"https:\/\/www.bera-bv.com\/fr\/product\/piquets-de-fixation-gravel-edge-l-20-pieces\/#breadcrumb"},"inLanguage":"fr-FR","potentialAction":[{"@type":"ReadAction","target":["https:\/\/www.bera-bv.com\/fr\/product\/piquets-de-fixation-gravel-edge-l-20-pieces\/"]}]},{"@type":"ImageObject","inLanguage":"fr-FR","@id":"https:\/\/www.bera-bv.com\/fr\/product\/piquets-de-fixation-gravel-edge-l-20-pieces\/#primaryimage","url":"https:\/\/www.bera-bv.com\/wp-content\/uploads\/2025\/12\/Gravel-Edge-PP-Pins_500.jpg","contentUrl":"https:\/\/www.bera-bv.com\/wp-content\/uploads\/2025\/12\/Gravel-Edge-PP-Pins_500.jpg","width":508,"height":500},{"@type":"BreadcrumbList","@id":"https:\/\/www.bera-bv.com\/fr\/product\/piquets-de-fixation-gravel-edge-l-20-pieces\/#breadcrumb","itemListElement":[{"@type":"ListItem","position":1,"name":"Home","item":"https:\/\/www.bera-bv.com\/fr\/accueil\/"},{"@type":"ListItem","position":2,"name":"Boutique","item":"https:\/\/www.bera-bv.com\/fr\/boutique\/"},{"@type":"ListItem","position":3,"name":"Piquets de fixation Gravel Edge L 20 pi\u00e8ces"}]},{"@type":"WebSite","@id":"https:\/\/www.bera-bv.com\/fr\/#website","url":"https:\/\/www.bera-bv.com\/fr\/","name":"BERA BV","description":"Creatief en duurzaam landschapsontwerp","publisher":{"@id":"https:\/\/www.bera-bv.com\/fr\/#organization"},"potentialAction":[{"@type":"SearchAction","target":{"@type":"EntryPoint","urlTemplate":"https:\/\/www.bera-bv.com\/fr\/?s={search_term_string}"},"query-input":{"@type":"PropertyValueSpecification","valueRequired":true,"valueName":"search_term_string"}}],"inLanguage":"fr-FR"},{"@type":"Organization","@id":"https:\/\/www.bera-bv.com\/fr\/#organization","name":"BERA BV","url":"https:\/\/www.bera-bv.com\/fr\/","logo":{"@type":"ImageObject","inLanguage":"fr-FR","@id":"https:\/\/www.bera-bv.com\/fr\/#\/schema\/logo\/image\/","url":"https:\/\/www.bera-bv.com\/wp-content\/uploads\/2025\/12\/BERA-logo_light.svg","contentUrl":"https:\/\/www.bera-bv.com\/wp-content\/uploads\/2025\/12\/BERA-logo_light.svg","caption":"BERA BV"},"image":{"@id":"https:\/\/www.bera-bv.com\/fr\/#\/schema\/logo\/image\/"}}]}},"_links":{"self":[{"href":"https:\/\/www.bera-bv.com\/fr\/wp-json\/wp\/v2\/product\/12873","targetHints":{"allow":["GET"]}}],"collection":[{"href":"https:\/\/www.bera-bv.com\/fr\/wp-json\/wp\/v2\/product"}],"about":[{"href":"https:\/\/www.bera-bv.com\/fr\/wp-json\/wp\/v2\/types\/product"}],"wp:featuredmedia":[{"embeddable":true,"href":"https:\/\/www.bera-bv.com\/fr\/wp-json\/wp\/v2\/media\/12874"}],"wp:attachment":[{"href":"https:\/\/www.bera-bv.com\/fr\/wp-json\/wp\/v2\/media?parent=12873"}],"wp:term":[{"taxonomy":"product_brand","embeddable":true,"href":"https:\/\/www.bera-bv.com\/fr\/wp-json\/wp\/v2\/product_brand?post=12873"},{"taxonomy":"product_cat","embeddable":true,"href":"https:\/\/www.bera-bv.com\/fr\/wp-json\/wp\/v2\/product_cat?post=12873"},{"taxonomy":"product_tag","embeddable":true,"href":"https:\/\/www.bera-bv.com\/fr\/wp-json\/wp\/v2\/product_tag?post=12873"}],"curies":[{"name":"wp","href":"https:\/\/api.w.org\/{rel}","templated":true}]}}