{"id":12834,"date":"2026-02-25T15:06:38","date_gmt":"2026-02-25T14:06:38","guid":{"rendered":"http:\/\/bera-bv.com\/product\/correcteur-de-pente-0-7-pour-plot-dalle-lambourde-hilo-fix\/"},"modified":"2026-02-25T15:06:38","modified_gmt":"2026-02-25T14:06:38","slug":"correcteur-de-pente-0-7-pour-plot-dalle-lambourde-hilo-fix","status":"publish","type":"product","link":"https:\/\/www.bera-bv.com\/fr\/product\/correcteur-de-pente-0-7-pour-plot-dalle-lambourde-hilo-fix\/","title":{"rendered":"Correcteur de pente 0-7 % pour plot dalle\/lambourde HiLo Fix"},"content":{"rendered":"<p><strong>Application<\/strong><\/p>\n<ul>\n<li>Le correcteur de pente se place sous la base du plot pour compenser les irr\u00e9gularit\u00e9s et l\u2019inclinaison jusqu\u2019\u00e0 7 %<\/li>\n<\/ul>\n<p><strong>D\u00e9tails du produit<\/strong><\/p>\n<ul>\n<li>Couleur : noir<\/li>\n<li>Dimensions : rond diam. 23 cm, hauteur 1,5 \u2013 2,8 cm <\/li>\n<\/ul>\n<p><strong>Installation<\/strong><\/p>\n<ul>\n<li>Placez le plot sur le correcteur de pente<\/li>\n<li>Le plot et le correcteur sont reli\u00e9s \u00e0 l\u2019aide de clips<\/li>\n<li>Le pourcentage de pente souhait\u00e9 peut \u00eatre r\u00e9gl\u00e9 entre 0 et 7 % par rotation<\/li>\n<\/ul>\n","protected":false},"excerpt":{"rendered":"<p><strong>Description<\/strong><br \/>\nLe correcteur de pente se place sous la base du plot pour compenser les irr\u00e9gularit\u00e9s et l\u2019inclinaison jusqu\u2019\u00e0 7 %<\/p>\n","protected":false},"featured_media":12835,"template":"","meta":{"site-sidebar-layout":"default","site-content-layout":"","ast-site-content-layout":"default","site-content-style":"default","site-sidebar-style":"default","ast-global-header-display":"","ast-banner-title-visibility":"","ast-main-header-display":"","ast-hfb-above-header-display":"","ast-hfb-below-header-display":"","ast-hfb-mobile-header-display":"","site-post-title":"","ast-breadcrumbs-content":"","ast-featured-img":"","footer-sml-layout":"","ast-disable-related-posts":"","theme-transparent-header-meta":"default","adv-header-id-meta":"","stick-header-meta":"default","header-above-stick-meta":"","header-main-stick-meta":"","header-below-stick-meta":"","astra-migrate-meta-layouts":"default","ast-page-background-enabled":"default","ast-page-background-meta":{"desktop":{"background-color":"var(--ast-global-color-4)","background-image":"","background-repeat":"repeat","background-position":"center center","background-size":"auto","background-attachment":"scroll","background-type":"","background-media":"","overlay-type":"","overlay-color":"","overlay-opacity":"","overlay-gradient":""},"tablet":{"background-color":"","background-image":"","background-repeat":"repeat","background-position":"center center","background-size":"auto","background-attachment":"scroll","background-type":"","background-media":"","overlay-type":"","overlay-color":"","overlay-opacity":"","overlay-gradient":""},"mobile":{"background-color":"","background-image":"","background-repeat":"repeat","background-position":"center center","background-size":"auto","background-attachment":"scroll","background-type":"","background-media":"","overlay-type":"","overlay-color":"","overlay-opacity":"","overlay-gradient":""}},"ast-content-background-meta":{"desktop":{"background-color":"var(--ast-global-color-5)","background-image":"","background-repeat":"repeat","background-position":"center center","background-size":"auto","background-attachment":"scroll","background-type":"","background-media":"","overlay-type":"","overlay-color":"","overlay-opacity":"","overlay-gradient":""},"tablet":{"background-color":"var(--ast-global-color-5)","background-image":"","background-repeat":"repeat","background-position":"center center","background-size":"auto","background-attachment":"scroll","background-type":"","background-media":"","overlay-type":"","overlay-color":"","overlay-opacity":"","overlay-gradient":""},"mobile":{"background-color":"var(--ast-global-color-5)","background-image":"","background-repeat":"repeat","background-position":"center center","background-size":"auto","background-attachment":"scroll","background-type":"","background-media":"","overlay-type":"","overlay-color":"","overlay-opacity":"","overlay-gradient":""}}},"product_brand":[],"product_cat":[284],"product_tag":[],"class_list":{"0":"post-12834","1":"product","2":"type-product","3":"status-publish","4":"has-post-thumbnail","6":"product_cat-terrasse-revetement","7":"product_shipping_class-parcel","8":"desktop-align-left","9":"tablet-align-left","10":"mobile-align-left","11":"ast-product-gallery-layout-horizontal","12":"ast-product-tabs-layout-horizontal","14":"first","15":"instock","16":"purchasable","17":"product-type-simple"},"yoast_head":"<!-- This site is optimized with the Yoast SEO plugin v27.4 - https:\/\/yoast.com\/product\/yoast-seo-wordpress\/ -->\n<title>Correcteur de pente 0-7 % pour plot dalle\/lambourde HiLo Fix - BERA BV<\/title>\n<meta name=\"robots\" content=\"index, follow, max-snippet:-1, max-image-preview:large, max-video-preview:-1\" \/>\n<link rel=\"canonical\" href=\"https:\/\/www.bera-bv.com\/fr\/product\/correcteur-de-pente-0-7-pour-plot-dalle-lambourde-hilo-fix\/\" \/>\n<meta property=\"og:locale\" content=\"fr_FR\" \/>\n<meta property=\"og:type\" content=\"article\" \/>\n<meta property=\"og:title\" content=\"Correcteur de pente 0-7 % pour plot dalle\/lambourde HiLo Fix - BERA BV\" \/>\n<meta property=\"og:description\" content=\"Description Le correcteur de pente se place sous la base du plot pour compenser les irr\u00e9gularit\u00e9s et l\u2019inclinaison jusqu\u2019\u00e0 7 %\" \/>\n<meta property=\"og:url\" content=\"https:\/\/www.bera-bv.com\/fr\/product\/correcteur-de-pente-0-7-pour-plot-dalle-lambourde-hilo-fix\/\" \/>\n<meta property=\"og:site_name\" content=\"BERA BV\" \/>\n<meta property=\"og:image\" content=\"https:\/\/www.bera-bv.com\/wp-content\/uploads\/2025\/12\/HiLoFix_Steigungsregler_Top.jpg\" \/>\n\t<meta property=\"og:image:width\" content=\"2048\" \/>\n\t<meta property=\"og:image:height\" content=\"1999\" \/>\n\t<meta property=\"og:image:type\" content=\"image\/jpeg\" \/>\n<meta name=\"twitter:card\" content=\"summary_large_image\" \/>\n<script type=\"application\/ld+json\" class=\"yoast-schema-graph\">{\"@context\":\"https:\\\/\\\/schema.org\",\"@graph\":[{\"@type\":\"WebPage\",\"@id\":\"https:\\\/\\\/www.bera-bv.com\\\/fr\\\/product\\\/correcteur-de-pente-0-7-pour-plot-dalle-lambourde-hilo-fix\\\/\",\"url\":\"https:\\\/\\\/www.bera-bv.com\\\/fr\\\/product\\\/correcteur-de-pente-0-7-pour-plot-dalle-lambourde-hilo-fix\\\/\",\"name\":\"Correcteur de pente 0-7 % pour plot dalle\\\/lambourde HiLo Fix - BERA BV\",\"isPartOf\":{\"@id\":\"https:\\\/\\\/www.bera-bv.com\\\/fr\\\/#website\"},\"primaryImageOfPage\":{\"@id\":\"https:\\\/\\\/www.bera-bv.com\\\/fr\\\/product\\\/correcteur-de-pente-0-7-pour-plot-dalle-lambourde-hilo-fix\\\/#primaryimage\"},\"image\":{\"@id\":\"https:\\\/\\\/www.bera-bv.com\\\/fr\\\/product\\\/correcteur-de-pente-0-7-pour-plot-dalle-lambourde-hilo-fix\\\/#primaryimage\"},\"thumbnailUrl\":\"https:\\\/\\\/www.bera-bv.com\\\/wp-content\\\/uploads\\\/2025\\\/12\\\/HiLoFix_Steigungsregler_Top.jpg\",\"datePublished\":\"2026-02-25T14:06:38+00:00\",\"breadcrumb\":{\"@id\":\"https:\\\/\\\/www.bera-bv.com\\\/fr\\\/product\\\/correcteur-de-pente-0-7-pour-plot-dalle-lambourde-hilo-fix\\\/#breadcrumb\"},\"inLanguage\":\"fr-FR\",\"potentialAction\":[{\"@type\":\"ReadAction\",\"target\":[\"https:\\\/\\\/www.bera-bv.com\\\/fr\\\/product\\\/correcteur-de-pente-0-7-pour-plot-dalle-lambourde-hilo-fix\\\/\"]}]},{\"@type\":\"ImageObject\",\"inLanguage\":\"fr-FR\",\"@id\":\"https:\\\/\\\/www.bera-bv.com\\\/fr\\\/product\\\/correcteur-de-pente-0-7-pour-plot-dalle-lambourde-hilo-fix\\\/#primaryimage\",\"url\":\"https:\\\/\\\/www.bera-bv.com\\\/wp-content\\\/uploads\\\/2025\\\/12\\\/HiLoFix_Steigungsregler_Top.jpg\",\"contentUrl\":\"https:\\\/\\\/www.bera-bv.com\\\/wp-content\\\/uploads\\\/2025\\\/12\\\/HiLoFix_Steigungsregler_Top.jpg\",\"width\":2048,\"height\":1999,\"caption\":\"helling stellen tegeldrager balkdrager\"},{\"@type\":\"BreadcrumbList\",\"@id\":\"https:\\\/\\\/www.bera-bv.com\\\/fr\\\/product\\\/correcteur-de-pente-0-7-pour-plot-dalle-lambourde-hilo-fix\\\/#breadcrumb\",\"itemListElement\":[{\"@type\":\"ListItem\",\"position\":1,\"name\":\"Home\",\"item\":\"https:\\\/\\\/www.bera-bv.com\\\/fr\\\/accueil\\\/\"},{\"@type\":\"ListItem\",\"position\":2,\"name\":\"Boutique\",\"item\":\"https:\\\/\\\/www.bera-bv.com\\\/fr\\\/boutique\\\/\"},{\"@type\":\"ListItem\",\"position\":3,\"name\":\"Correcteur de pente 0-7 % pour plot dalle\\\/lambourde HiLo Fix\"}]},{\"@type\":\"WebSite\",\"@id\":\"https:\\\/\\\/www.bera-bv.com\\\/fr\\\/#website\",\"url\":\"https:\\\/\\\/www.bera-bv.com\\\/fr\\\/\",\"name\":\"BERA BV\",\"description\":\"Creatief en duurzaam landschapsontwerp\",\"publisher\":{\"@id\":\"https:\\\/\\\/www.bera-bv.com\\\/fr\\\/#organization\"},\"potentialAction\":[{\"@type\":\"SearchAction\",\"target\":{\"@type\":\"EntryPoint\",\"urlTemplate\":\"https:\\\/\\\/www.bera-bv.com\\\/fr\\\/?s={search_term_string}\"},\"query-input\":{\"@type\":\"PropertyValueSpecification\",\"valueRequired\":true,\"valueName\":\"search_term_string\"}}],\"inLanguage\":\"fr-FR\"},{\"@type\":\"Organization\",\"@id\":\"https:\\\/\\\/www.bera-bv.com\\\/fr\\\/#organization\",\"name\":\"BERA BV\",\"url\":\"https:\\\/\\\/www.bera-bv.com\\\/fr\\\/\",\"logo\":{\"@type\":\"ImageObject\",\"inLanguage\":\"fr-FR\",\"@id\":\"https:\\\/\\\/www.bera-bv.com\\\/fr\\\/#\\\/schema\\\/logo\\\/image\\\/\",\"url\":\"https:\\\/\\\/www.bera-bv.com\\\/wp-content\\\/uploads\\\/2025\\\/12\\\/BERA-logo_light.svg\",\"contentUrl\":\"https:\\\/\\\/www.bera-bv.com\\\/wp-content\\\/uploads\\\/2025\\\/12\\\/BERA-logo_light.svg\",\"caption\":\"BERA BV\"},\"image\":{\"@id\":\"https:\\\/\\\/www.bera-bv.com\\\/fr\\\/#\\\/schema\\\/logo\\\/image\\\/\"}}]}<\/script>\n<!-- \/ Yoast SEO plugin. -->","yoast_head_json":{"title":"Correcteur de pente 0-7 % pour plot dalle\/lambourde HiLo Fix - BERA BV","robots":{"index":"index","follow":"follow","max-snippet":"max-snippet:-1","max-image-preview":"max-image-preview:large","max-video-preview":"max-video-preview:-1"},"canonical":"https:\/\/www.bera-bv.com\/fr\/product\/correcteur-de-pente-0-7-pour-plot-dalle-lambourde-hilo-fix\/","og_locale":"fr_FR","og_type":"article","og_title":"Correcteur de pente 0-7 % pour plot dalle\/lambourde HiLo Fix - BERA BV","og_description":"Description Le correcteur de pente se place sous la base du plot pour compenser les irr\u00e9gularit\u00e9s et l\u2019inclinaison jusqu\u2019\u00e0 7 %","og_url":"https:\/\/www.bera-bv.com\/fr\/product\/correcteur-de-pente-0-7-pour-plot-dalle-lambourde-hilo-fix\/","og_site_name":"BERA BV","og_image":[{"width":2048,"height":1999,"url":"https:\/\/www.bera-bv.com\/wp-content\/uploads\/2025\/12\/HiLoFix_Steigungsregler_Top.jpg","type":"image\/jpeg"}],"twitter_card":"summary_large_image","schema":{"@context":"https:\/\/schema.org","@graph":[{"@type":"WebPage","@id":"https:\/\/www.bera-bv.com\/fr\/product\/correcteur-de-pente-0-7-pour-plot-dalle-lambourde-hilo-fix\/","url":"https:\/\/www.bera-bv.com\/fr\/product\/correcteur-de-pente-0-7-pour-plot-dalle-lambourde-hilo-fix\/","name":"Correcteur de pente 0-7 % pour plot dalle\/lambourde HiLo Fix - BERA BV","isPartOf":{"@id":"https:\/\/www.bera-bv.com\/fr\/#website"},"primaryImageOfPage":{"@id":"https:\/\/www.bera-bv.com\/fr\/product\/correcteur-de-pente-0-7-pour-plot-dalle-lambourde-hilo-fix\/#primaryimage"},"image":{"@id":"https:\/\/www.bera-bv.com\/fr\/product\/correcteur-de-pente-0-7-pour-plot-dalle-lambourde-hilo-fix\/#primaryimage"},"thumbnailUrl":"https:\/\/www.bera-bv.com\/wp-content\/uploads\/2025\/12\/HiLoFix_Steigungsregler_Top.jpg","datePublished":"2026-02-25T14:06:38+00:00","breadcrumb":{"@id":"https:\/\/www.bera-bv.com\/fr\/product\/correcteur-de-pente-0-7-pour-plot-dalle-lambourde-hilo-fix\/#breadcrumb"},"inLanguage":"fr-FR","potentialAction":[{"@type":"ReadAction","target":["https:\/\/www.bera-bv.com\/fr\/product\/correcteur-de-pente-0-7-pour-plot-dalle-lambourde-hilo-fix\/"]}]},{"@type":"ImageObject","inLanguage":"fr-FR","@id":"https:\/\/www.bera-bv.com\/fr\/product\/correcteur-de-pente-0-7-pour-plot-dalle-lambourde-hilo-fix\/#primaryimage","url":"https:\/\/www.bera-bv.com\/wp-content\/uploads\/2025\/12\/HiLoFix_Steigungsregler_Top.jpg","contentUrl":"https:\/\/www.bera-bv.com\/wp-content\/uploads\/2025\/12\/HiLoFix_Steigungsregler_Top.jpg","width":2048,"height":1999,"caption":"helling stellen tegeldrager balkdrager"},{"@type":"BreadcrumbList","@id":"https:\/\/www.bera-bv.com\/fr\/product\/correcteur-de-pente-0-7-pour-plot-dalle-lambourde-hilo-fix\/#breadcrumb","itemListElement":[{"@type":"ListItem","position":1,"name":"Home","item":"https:\/\/www.bera-bv.com\/fr\/accueil\/"},{"@type":"ListItem","position":2,"name":"Boutique","item":"https:\/\/www.bera-bv.com\/fr\/boutique\/"},{"@type":"ListItem","position":3,"name":"Correcteur de pente 0-7 % pour plot dalle\/lambourde HiLo Fix"}]},{"@type":"WebSite","@id":"https:\/\/www.bera-bv.com\/fr\/#website","url":"https:\/\/www.bera-bv.com\/fr\/","name":"BERA BV","description":"Creatief en duurzaam landschapsontwerp","publisher":{"@id":"https:\/\/www.bera-bv.com\/fr\/#organization"},"potentialAction":[{"@type":"SearchAction","target":{"@type":"EntryPoint","urlTemplate":"https:\/\/www.bera-bv.com\/fr\/?s={search_term_string}"},"query-input":{"@type":"PropertyValueSpecification","valueRequired":true,"valueName":"search_term_string"}}],"inLanguage":"fr-FR"},{"@type":"Organization","@id":"https:\/\/www.bera-bv.com\/fr\/#organization","name":"BERA BV","url":"https:\/\/www.bera-bv.com\/fr\/","logo":{"@type":"ImageObject","inLanguage":"fr-FR","@id":"https:\/\/www.bera-bv.com\/fr\/#\/schema\/logo\/image\/","url":"https:\/\/www.bera-bv.com\/wp-content\/uploads\/2025\/12\/BERA-logo_light.svg","contentUrl":"https:\/\/www.bera-bv.com\/wp-content\/uploads\/2025\/12\/BERA-logo_light.svg","caption":"BERA BV"},"image":{"@id":"https:\/\/www.bera-bv.com\/fr\/#\/schema\/logo\/image\/"}}]}},"_links":{"self":[{"href":"https:\/\/www.bera-bv.com\/fr\/wp-json\/wp\/v2\/product\/12834","targetHints":{"allow":["GET"]}}],"collection":[{"href":"https:\/\/www.bera-bv.com\/fr\/wp-json\/wp\/v2\/product"}],"about":[{"href":"https:\/\/www.bera-bv.com\/fr\/wp-json\/wp\/v2\/types\/product"}],"wp:featuredmedia":[{"embeddable":true,"href":"https:\/\/www.bera-bv.com\/fr\/wp-json\/wp\/v2\/media\/12835"}],"wp:attachment":[{"href":"https:\/\/www.bera-bv.com\/fr\/wp-json\/wp\/v2\/media?parent=12834"}],"wp:term":[{"taxonomy":"product_brand","embeddable":true,"href":"https:\/\/www.bera-bv.com\/fr\/wp-json\/wp\/v2\/product_brand?post=12834"},{"taxonomy":"product_cat","embeddable":true,"href":"https:\/\/www.bera-bv.com\/fr\/wp-json\/wp\/v2\/product_cat?post=12834"},{"taxonomy":"product_tag","embeddable":true,"href":"https:\/\/www.bera-bv.com\/fr\/wp-json\/wp\/v2\/product_tag?post=12834"}],"curies":[{"name":"wp","href":"https:\/\/api.w.org\/{rel}","templated":true}]}}