{"id":10695,"date":"2026-02-15T15:27:29","date_gmt":"2026-02-15T14:27:29","guid":{"rendered":"http:\/\/bera-bv.com\/declaration-de-confidentialite\/"},"modified":"2026-02-15T15:27:30","modified_gmt":"2026-02-15T14:27:30","slug":"declaration-de-confidentialite","status":"publish","type":"page","link":"https:\/\/www.bera-bv.com\/fr\/declaration-de-confidentialite\/","title":{"rendered":"D\u00e9claration de confidentialit\u00e9"},"content":{"rendered":"\t\t<div data-elementor-type=\"wp-page\" data-elementor-id=\"10695\" class=\"elementor elementor-10695 elementor-5877\" data-elementor-post-type=\"page\">\n\t\t\t\t<div class=\"elementor-element elementor-element-0d5bcd5 pad-l e-flex e-con-boxed e-con e-parent\" data-id=\"0d5bcd5\" data-element_type=\"container\" data-e-type=\"container\">\n\t\t\t\t\t<div class=\"e-con-inner\">\n\t\t<div class=\"elementor-element elementor-element-26dc506 e-con-full pad-tb-s e-flex e-con e-child\" data-id=\"26dc506\" data-element_type=\"container\" data-e-type=\"container\">\n\t\t\t\t<div class=\"elementor-element elementor-element-f2fb8d0 elementor-widget elementor-widget-heading\" data-id=\"f2fb8d0\" data-element_type=\"widget\" data-e-type=\"widget\" data-widget_type=\"heading.default\">\n\t\t\t\t<div class=\"elementor-widget-container\">\n\t\t\t\t\t<h1 class=\"elementor-heading-title elementor-size-default\">D\u00e9claration de confidentialit\u00e9<\/h1>\t\t\t\t<\/div>\n\t\t\t\t<\/div>\n\t\t\t\t<div class=\"elementor-element elementor-element-763618f elementor-widget elementor-widget-text-editor\" data-id=\"763618f\" data-element_type=\"widget\" data-e-type=\"widget\" data-widget_type=\"text-editor.default\">\n\t\t\t\t<div class=\"elementor-widget-container\">\n\t\t\t\t\t\t\t\t\t<p>Notre site web peut \u00eatre utilis\u00e9 sans saisir d\u2019informations personnelles. Cependant, des r\u00e8gles diff\u00e9rentes peuvent s\u2019appliquer \u00e0 certains services sur notre site et sont expliqu\u00e9es s\u00e9par\u00e9ment ci-dessous. Nous collectons des informations personnelles vous concernant (par exemple : nom, adresse, adresse e-mail, num\u00e9ro de t\u00e9l\u00e9phone, etc.) conform\u00e9ment aux dispositions des lois allemandes sur la protection des donn\u00e9es. Les informations sont consid\u00e9r\u00e9es comme personnelles si elles peuvent \u00eatre associ\u00e9es exclusivement \u00e0 une personne physique sp\u00e9cifique. Le cadre juridique de la protection des donn\u00e9es se trouve dans la loi f\u00e9d\u00e9rale allemande sur la protection des donn\u00e9es (BDSG) et la loi sur les t\u00e9l\u00e9m\u00e9dias (TMG). Les dispositions ci-dessous servent \u00e0 fournir des informations sur la mani\u00e8re, l\u2019\u00e9tendue et la finalit\u00e9 de la collecte, de l\u2019utilisation et du traitement des informations personnelles par le fournisseur.     <\/p><p>BERA BV<br>Middelaarseweg 3A<br>3871 KR Hoevelaken<br>Pays-Bas<br>T +31 (0) 33 257 0302<br>F +31 (0) 33 257 2228<br>E <a href=\"mailto:info@bera-bv.com\" target=\"_blank\" rel=\"noopener\">info@bera-bv.com<\/a><\/p><p>Veuillez noter que le transfert de donn\u00e9es via Internet est sujet \u00e0 des risques de s\u00e9curit\u00e9 et, par cons\u00e9quent, une protection compl\u00e8te contre l\u2019acc\u00e8s de tiers aux donn\u00e9es transf\u00e9r\u00e9es ne peut \u00eatre garantie.<\/p><h4 class=\"fusion-responsive-typography-calculated\" data-fontsize=\"18\" data-lineheight=\"23.4px\">Cookies<\/h4><p>Notre site web utilise des cookies dits \u00ab de session \u00bb afin de reconna\u00eetre l\u2019utilisation r\u00e9p\u00e9t\u00e9e de notre site par le m\u00eame utilisateur\/abonn\u00e9 \u00e0 une connexion Internet. Les cookies sont de petits fichiers texte que votre navigateur Internet t\u00e9l\u00e9charge et stocke sur votre ordinateur. Ils sont utilis\u00e9s pour am\u00e9liorer notre site web et nos services. Dans la plupart des cas, il s\u2019agit de \u00ab cookies de session \u00bb qui sont supprim\u00e9s une fois que vous quittez notre site.   <\/p><p>Dans une certaine mesure, cependant, ces cookies transmettent \u00e9galement des informations utilis\u00e9es pour vous reconna\u00eetre automatiquement. La reconnaissance s\u2019effectue via une adresse IP enregistr\u00e9e dans les cookies. Les informations ainsi obtenues sont utilis\u00e9es pour am\u00e9liorer nos services et pour acc\u00e9l\u00e9rer votre acc\u00e8s au site web.  <\/p><p>Vous pouvez emp\u00eacher l\u2019installation de cookies en ajustant les param\u00e8tres de votre logiciel de navigation en cons\u00e9quence. Vous devez toutefois savoir qu\u2019en faisant cela, vous ne pourrez peut-\u00eatre pas utiliser pleinement toutes les fonctions de notre site web. <\/p><h4 class=\"fusion-responsive-typography-calculated\" data-fontsize=\"18\" data-lineheight=\"23.4px\">Utilisation de Google Analytics avec anonymisation<\/h4><p>Notre site web utilise Google Analytics, un service d\u2019analyse web de Google Inc., 1600 Amphitheatre Parkway, Mountain View, CA 94043 USA, ci-apr\u00e8s d\u00e9nomm\u00e9 \u00ab Google \u00bb. Google Analytics utilise des \u00ab cookies \u00bb, des fichiers texte qui sont stock\u00e9s sur votre ordinateur afin de faciliter l\u2019analyse de votre utilisation du site.<\/p><p>Les informations g\u00e9n\u00e9r\u00e9es par ces cookies, telles que l\u2019heure, le lieu et la fr\u00e9quence de vos visites sur notre site, y compris votre adresse IP, sont transmises \u00e0 l\u2019emplacement de Google aux \u00c9tats-Unis et y sont stock\u00e9es.<\/p><p>Nous utilisons Google Analytics avec une fonction d\u2019anonymisation de l\u2019IP sur notre site web. Ce faisant, Google abr\u00e8ge et anonymise ainsi votre adresse IP avant de la transf\u00e9rer depuis les \u00c9tats membres de l\u2019Union europ\u00e9enne ou les \u00c9tats signataires de l\u2019accord sur l\u2019Espace \u00e9conomique europ\u00e9en. <\/p><p>Google utilisera ces informations pour \u00e9valuer votre utilisation de notre site, pour compiler des rapports sur l\u2019activit\u00e9 du site web pour nous et pour fournir d\u2019autres services li\u00e9s \u00e0 l\u2019utilisation du site web et d\u2019Internet. Google peut \u00e9galement transf\u00e9rer ces informations \u00e0 des tiers si la loi l\u2019exige ou dans la mesure o\u00f9 ces donn\u00e9es sont trait\u00e9es par des tiers pour le compte de Google. <\/p><p>Google d\u00e9clare qu\u2019il n\u2019associera jamais votre adresse IP \u00e0 d\u2019autres donn\u00e9es d\u00e9tenues par Google. Vous pouvez emp\u00eacher l\u2019installation de cookies en ajustant les param\u00e8tres de votre logiciel de navigation en cons\u00e9quence. Vous devez toutefois savoir qu\u2019en faisant cela, vous ne pourrez peut-\u00eatre pas utiliser pleinement toutes les fonctions de notre site web.  <\/p><p>Google propose \u00e9galement une option de d\u00e9sactivation pour les navigateurs les plus courants, vous offrant ainsi un meilleur contr\u00f4le sur les donn\u00e9es collect\u00e9es et trait\u00e9es par Google. Si vous activez cette option, aucune information concernant votre visite sur le site web n\u2019est transmise \u00e0 Google Analytics. Cependant, l\u2019activation n\u2019emp\u00eache pas la transmission d\u2019informations \u00e0 nous ou \u00e0 tout autre service d\u2019analyse web que nous pourrions utiliser. Pour plus d\u2019informations sur l\u2019option de d\u00e9sactivation fournie par Google et sur la mani\u00e8re de l\u2019activer, visitez <a href=\"https:\/\/tools.google.com\/dlpage\/gaoptout?hl=de\" target=\"_blank\" rel=\"nofollow noopener\" data-saferedirecturl=\"https:\/\/www.google.com\/url?q=https:\/\/tools.google.com\/dlpage\/gaoptout?hl%3Dde&amp;source=gmail&amp;ust=1547566744703000&amp;usg=AFQjCNEy5oU3KmFaW8gxQJFphLI-9gJE_g\">https:\/\/tools.google.<wbr><\/wbr>com\/dlpage\/gaoptout?hl=fr<\/a>   <\/p><h4 class=\"fusion-responsive-typography-calculated\" data-fontsize=\"18\" data-lineheight=\"23.4px\">Utilisation de Google Maps<\/h4><p>Nous utilisons le composant \u00ab Google Maps \u00bb de Google Inc., 1600 Amphitheatre Parkway, Mountain View, CA 94043 USA, ci-apr\u00e8s \u00ab Google \u00bb.<\/p><p>Google d\u00e9finit un cookie afin de traiter la configuration et les donn\u00e9es de l\u2019utilisateur lorsque la page avec le composant \u00ab Google Maps \u00bb int\u00e9gr\u00e9 est affich\u00e9e. En r\u00e8gle g\u00e9n\u00e9rale, ce cookie n\u2019est pas supprim\u00e9 \u00e0 la fermeture du navigateur, mais expire plut\u00f4t apr\u00e8s un certain temps, \u00e0 moins qu\u2019il ne soit pr\u00e9alablement supprim\u00e9 manuellement par vous. <\/p><p>Si vous n\u2019acceptez pas ce traitement de vos donn\u00e9es, vous pouvez choisir de d\u00e9sactiver le service \u00ab Google Maps \u00bb et ainsi emp\u00eacher le transfert de donn\u00e9es \u00e0 Google. Pour ce faire, vous devez d\u00e9sactiver la fonction JavaScript dans votre navigateur. Cependant, nous aimerions souligner que dans ce cas, vous ne pourrez pas utiliser \u00ab Google Maps \u00bb ou du moins seulement de mani\u00e8re limit\u00e9e.  <\/p><p>L\u2019utilisation de \u00ab Google Maps \u00bb et les informations obtenues via \u00ab Google Maps \u00bb sont conformes aux conditions d\u2019utilisation de Google<\/p><p><a href=\"http:\/\/www.google.de\/intl\/de\/policies\/terms\/regional.html\" target=\"_blank\" rel=\"nofollow noopener\" data-saferedirecturl=\"https:\/\/www.google.com\/url?q=http:\/\/www.google.de\/intl\/de\/policies\/terms\/regional.html&amp;source=gmail&amp;ust=1547566744703000&amp;usg=AFQjCNF-kE0dx_KrTvqYUDvmtipD52xAlA\">http:\/\/www.google.de\/intl\/de\/<wbr><\/wbr>policies\/terms\/regional.html<\/a><\/p><p>ainsi qu\u2019aux conditions g\u00e9n\u00e9rales suppl\u00e9mentaires pour \u00ab Google Maps \u00bb<\/p><p><a href=\"https:\/\/www.google.com\/intl\/de_de\/help\/terms_maps.html\" target=\"_blank\" rel=\"nofollow noopener\" data-saferedirecturl=\"https:\/\/www.google.com\/url?q=https:\/\/www.google.com\/intl\/de_de\/help\/terms_maps.html&amp;source=gmail&amp;ust=1547566744703000&amp;usg=AFQjCNHy361Yg4dUjDpZ1WWWOExXSCTSUA\">https:\/\/www.google.com\/intl\/<wbr><\/wbr>de_de\/help\/terms_maps.html<\/a>.<\/p><h4 class=\"fusion-responsive-typography-calculated\" data-fontsize=\"18\" data-lineheight=\"23.4px\">Utilisation de Google-Adwords<\/h4><p>\u00c0 des fins de promotion, notre site web utilise \u00e9galement l\u2019outil publicitaire de Google \u00ab Google-Adwords \u00bb. Dans ce cadre, notre site web utilise le service d\u2019analyse \u00ab Conversion-Tracking \u00bb de Google Inc., 1600 Amphitheatre Parkway, Mountain View, CA 94043 USA, ci-apr\u00e8s d\u00e9nomm\u00e9 \u00ab Google \u00bb. Si vous acc\u00e9dez \u00e0 notre site par le biais d\u2019une annonce Google, un cookie est plac\u00e9 sur votre ordinateur. Les cookies sont de petits fichiers texte que votre navigateur Internet t\u00e9l\u00e9charge et stocke sur votre ordinateur. Ces \u00ab cookies de conversion \u00bb cessent d\u2019\u00eatre actifs apr\u00e8s 30 jours et ne sont pas utilis\u00e9s pour vous identifier personnellement. Si vous visitez certaines pages de notre site web alors que le cookie est encore actif, nous et Google savons que vous, en tant qu\u2019utilisateur, avez cliqu\u00e9 sur des annonces plac\u00e9es sur Google et avez \u00e9t\u00e9 redirig\u00e9 vers notre site.<br>Google utilise les informations obtenues via les \u00ab cookies de conversion \u00bb pour compiler des statistiques pour notre site web. Ces statistiques nous indiquent le nombre total d\u2019utilisateurs ayant cliqu\u00e9 sur notre annonce ainsi que les pages de notre site qui ont ensuite \u00e9t\u00e9 consult\u00e9es par chaque utilisateur. Cependant, ni nous ni les autres annonceurs qui utilisent \u00ab Google-Adwords \u00bb ne recevons d\u2019informations permettant d\u2019identifier personnellement les utilisateurs.<br>Vous pouvez emp\u00eacher l\u2019installation de \u00ab cookies de conversion \u00bb en modifiant les param\u00e8tres de votre navigateur, par exemple en configurant votre navigateur de mani\u00e8re \u00e0 ce que le placement automatique de cookies soit d\u00e9sactiv\u00e9 ou en bloquant les cookies du domaine \u00ab <a href=\"http:\/\/googleadservices.com\/\" target=\"_blank\" rel=\"noopener\" data-saferedirecturl=\"https:\/\/www.google.com\/url?q=http:\/\/googleadservices.com&amp;source=gmail&amp;ust=1547566744703000&amp;usg=AFQjCNG-hRZQHY-1s3mdjJVI7lpq2oZeCw\">googleadservices.com<\/a> \u00bb.  <\/p><p>Vous pouvez obtenir la politique de confidentialit\u00e9 correspondante de Google via le lien suivant :<\/p><p><a href=\"https:\/\/services.google.com\/sitestats\/de.html\" target=\"_blank\" rel=\"nofollow noopener\" data-saferedirecturl=\"https:\/\/www.google.com\/url?q=https:\/\/services.google.com\/sitestats\/de.html&amp;source=gmail&amp;ust=1547566744703000&amp;usg=AFQjCNH-0D45H0P334rJ4Ww9DqExeG-Uog\">https:\/\/services.google.com\/<wbr><\/wbr>sitestats\/de.html<\/a><\/p><h4 class=\"fusion-responsive-typography-calculated\" data-fontsize=\"18\" data-lineheight=\"23.4px\">L\u2019utilisation de Google Remarketing<\/h4><p>Sur notre site web, nous promouvons le service Google Remarketing appartenant \u00e0 la soci\u00e9t\u00e9 Google Inc., 1600 Amphitheatre Parkway, Mountain View, CA 94043 USA, ci-apr\u00e8s \u00ab Google \u00bb. Des publicit\u00e9s peuvent appara\u00eetre pour les utilisateurs ayant d\u00e9j\u00e0 visit\u00e9 notre site web par le pass\u00e9 avec Google Remarketing. Au sein du r\u00e9seau Google, des publicit\u00e9s adapt\u00e9es \u00e0 vos int\u00e9r\u00eats peuvent ainsi \u00eatre affich\u00e9es sur notre site. Google Remarketing utilise des cookies pour cette \u00e9valuation. Les cookies sont de petits fichiers texte stock\u00e9s sur votre ordinateur qui permettent d\u2019analyser l\u2019utilisation du site web. Cela permet de reconna\u00eetre nos visiteurs si ces sites sont consult\u00e9s au sein du r\u00e9seau publicitaire de Google. De cette mani\u00e8re, des publicit\u00e9s peuvent \u00eatre pr\u00e9sent\u00e9es au sein du r\u00e9seau publicitaire de Google sur la base de contenus ayant \u00e9t\u00e9 pr\u00e9c\u00e9demment consult\u00e9s sur des sites web du r\u00e9seau publicitaire de Google par des visiteurs utilisant \u00e9galement la fonction Google Remarketing. Google ne collecte lui-m\u00eame aucune donn\u00e9e personnelle. Vous pouvez d\u00e9sactiver cette fonction en effectuant les r\u00e9glages appropri\u00e9s sous <a href=\"http:\/\/www.google.com\/settings\/ads\" target=\"_blank\" rel=\"noopener\" data-saferedirecturl=\"https:\/\/www.google.com\/url?q=http:\/\/www.google.com\/settings\/ads&amp;source=gmail&amp;ust=1547566744703000&amp;usg=AFQjCNEpE9Z-DwBmoHkSwHHnXAGmzPxa6w\">http:\/\/www.google.com\/<wbr><\/wbr>settings\/ads<\/a>. <\/p><h3 class=\"fusion-responsive-typography-calculated\" data-fontsize=\"16\" data-lineheight=\"20.8px\">Information\/Annulation\/<wbr><\/wbr>Suppression<\/h3><p>Sur la base de la loi f\u00e9d\u00e9rale sur la protection des donn\u00e9es, vous pouvez nous contacter sans frais si vous avez des questions relatives \u00e0 la collecte, au traitement ou \u00e0 l\u2019utilisation de vos informations personnelles, si vous souhaitez demander la correction, le blocage ou la suppression de celles-ci, ou si vous souhaitez annuler un consentement explicitement accord\u00e9. Veuillez noter que vous avez le droit de faire corriger des donn\u00e9es incorrectes ou de faire supprimer des donn\u00e9es personnelles, lorsque cette demande n\u2019est pas entrav\u00e9e par une obligation l\u00e9gale de conservation de ces donn\u00e9es. <\/p>\t\t\t\t\t\t\t\t<\/div>\n\t\t\t\t<\/div>\n\t\t\t\t<\/div>\n\t\t\t\t\t<\/div>\n\t\t\t\t<\/div>\n\t\t\t\t<\/div>\n\t\t","protected":false},"excerpt":{"rendered":"<p>D\u00e9claration de confidentialit\u00e9 Notre site web peut \u00eatre utilis\u00e9 sans saisir d\u2019informations personnelles. Cependant, des r\u00e8gles diff\u00e9rentes peuvent s\u2019appliquer \u00e0 certains services sur notre site [&hellip;]<\/p>\n","protected":false},"author":3,"featured_media":0,"parent":0,"menu_order":0,"comment_status":"closed","ping_status":"closed","template":"elementor_header_footer","meta":{"site-sidebar-layout":"no-sidebar","site-content-layout":"page-builder","ast-site-content-layout":"full-width-container","site-content-style":"default","site-sidebar-style":"default","ast-global-header-display":"","ast-banner-title-visibility":"","ast-main-header-display":"","ast-hfb-above-header-display":"","ast-hfb-below-header-display":"","ast-hfb-mobile-header-display":"","site-post-title":"disabled","ast-breadcrumbs-content":"","ast-featured-img":"disabled","footer-sml-layout":"","ast-disable-related-posts":"","theme-transparent-header-meta":"default","adv-header-id-meta":"","stick-header-meta":"default","header-above-stick-meta":"","header-main-stick-meta":"","header-below-stick-meta":"","astra-migrate-meta-layouts":"default","ast-page-background-enabled":"default","ast-page-background-meta":{"desktop":{"background-color":"var(--ast-global-color-4)","background-image":"","background-repeat":"repeat","background-position":"center center","background-size":"auto","background-attachment":"scroll","background-type":"","background-media":"","overlay-type":"","overlay-color":"","overlay-opacity":"","overlay-gradient":""},"tablet":{"background-color":"","background-image":"","background-repeat":"repeat","background-position":"center center","background-size":"auto","background-attachment":"scroll","background-type":"","background-media":"","overlay-type":"","overlay-color":"","overlay-opacity":"","overlay-gradient":""},"mobile":{"background-color":"","background-image":"","background-repeat":"repeat","background-position":"center center","background-size":"auto","background-attachment":"scroll","background-type":"","background-media":"","overlay-type":"","overlay-color":"","overlay-opacity":"","overlay-gradient":""}},"ast-content-background-meta":{"desktop":{"background-color":"var(--ast-global-color-5)","background-image":"","background-repeat":"repeat","background-position":"center center","background-size":"auto","background-attachment":"scroll","background-type":"","background-media":"","overlay-type":"","overlay-color":"","overlay-opacity":"","overlay-gradient":""},"tablet":{"background-color":"var(--ast-global-color-5)","background-image":"","background-repeat":"repeat","background-position":"center center","background-size":"auto","background-attachment":"scroll","background-type":"","background-media":"","overlay-type":"","overlay-color":"","overlay-opacity":"","overlay-gradient":""},"mobile":{"background-color":"var(--ast-global-color-5)","background-image":"","background-repeat":"repeat","background-position":"center center","background-size":"auto","background-attachment":"scroll","background-type":"","background-media":"","overlay-type":"","overlay-color":"","overlay-opacity":"","overlay-gradient":""}},"footnotes":""},"class_list":["post-10695","page","type-page","status-publish","hentry"],"yoast_head":"<!-- This site is optimized with the Yoast SEO plugin v27.4 - https:\/\/yoast.com\/product\/yoast-seo-wordpress\/ -->\n<title>D\u00e9claration de confidentialit\u00e9 - BERA BV<\/title>\n<meta name=\"robots\" content=\"index, follow, max-snippet:-1, max-image-preview:large, max-video-preview:-1\" \/>\n<link rel=\"canonical\" href=\"https:\/\/www.bera-bv.com\/fr\/declaration-de-confidentialite\/\" \/>\n<meta property=\"og:locale\" content=\"fr_FR\" \/>\n<meta property=\"og:type\" content=\"article\" \/>\n<meta property=\"og:title\" content=\"D\u00e9claration de confidentialit\u00e9 - BERA BV\" \/>\n<meta property=\"og:description\" content=\"D\u00e9claration de confidentialit\u00e9 Notre site web peut \u00eatre utilis\u00e9 sans saisir d\u2019informations personnelles. Cependant, des r\u00e8gles diff\u00e9rentes peuvent s\u2019appliquer \u00e0 certains services sur notre site [&hellip;]\" \/>\n<meta property=\"og:url\" content=\"https:\/\/www.bera-bv.com\/fr\/declaration-de-confidentialite\/\" \/>\n<meta property=\"og:site_name\" content=\"BERA BV\" \/>\n<meta property=\"article:modified_time\" content=\"2026-02-15T14:27:30+00:00\" \/>\n<meta name=\"twitter:card\" content=\"summary_large_image\" \/>\n<meta name=\"twitter:label1\" content=\"Dur\u00e9e de lecture estim\u00e9e\" \/>\n\t<meta name=\"twitter:data1\" content=\"8 minutes\" \/>\n<script type=\"application\/ld+json\" class=\"yoast-schema-graph\">{\"@context\":\"https:\\\/\\\/schema.org\",\"@graph\":[{\"@type\":\"WebPage\",\"@id\":\"https:\\\/\\\/www.bera-bv.com\\\/fr\\\/declaration-de-confidentialite\\\/\",\"url\":\"https:\\\/\\\/www.bera-bv.com\\\/fr\\\/declaration-de-confidentialite\\\/\",\"name\":\"D\u00e9claration de confidentialit\u00e9 - BERA BV\",\"isPartOf\":{\"@id\":\"https:\\\/\\\/www.bera-bv.com\\\/fr\\\/#website\"},\"datePublished\":\"2026-02-15T14:27:29+00:00\",\"dateModified\":\"2026-02-15T14:27:30+00:00\",\"breadcrumb\":{\"@id\":\"https:\\\/\\\/www.bera-bv.com\\\/fr\\\/declaration-de-confidentialite\\\/#breadcrumb\"},\"inLanguage\":\"fr-FR\",\"potentialAction\":[{\"@type\":\"ReadAction\",\"target\":[\"https:\\\/\\\/www.bera-bv.com\\\/fr\\\/declaration-de-confidentialite\\\/\"]}]},{\"@type\":\"BreadcrumbList\",\"@id\":\"https:\\\/\\\/www.bera-bv.com\\\/fr\\\/declaration-de-confidentialite\\\/#breadcrumb\",\"itemListElement\":[{\"@type\":\"ListItem\",\"position\":1,\"name\":\"Home\",\"item\":\"https:\\\/\\\/www.bera-bv.com\\\/fr\\\/accueil\\\/\"},{\"@type\":\"ListItem\",\"position\":2,\"name\":\"D\u00e9claration de confidentialit\u00e9\"}]},{\"@type\":\"WebSite\",\"@id\":\"https:\\\/\\\/www.bera-bv.com\\\/fr\\\/#website\",\"url\":\"https:\\\/\\\/www.bera-bv.com\\\/fr\\\/\",\"name\":\"BERA BV\",\"description\":\"Creatief en duurzaam landschapsontwerp\",\"publisher\":{\"@id\":\"https:\\\/\\\/www.bera-bv.com\\\/fr\\\/#organization\"},\"potentialAction\":[{\"@type\":\"SearchAction\",\"target\":{\"@type\":\"EntryPoint\",\"urlTemplate\":\"https:\\\/\\\/www.bera-bv.com\\\/fr\\\/?s={search_term_string}\"},\"query-input\":{\"@type\":\"PropertyValueSpecification\",\"valueRequired\":true,\"valueName\":\"search_term_string\"}}],\"inLanguage\":\"fr-FR\"},{\"@type\":\"Organization\",\"@id\":\"https:\\\/\\\/www.bera-bv.com\\\/fr\\\/#organization\",\"name\":\"BERA BV\",\"url\":\"https:\\\/\\\/www.bera-bv.com\\\/fr\\\/\",\"logo\":{\"@type\":\"ImageObject\",\"inLanguage\":\"fr-FR\",\"@id\":\"https:\\\/\\\/www.bera-bv.com\\\/fr\\\/#\\\/schema\\\/logo\\\/image\\\/\",\"url\":\"https:\\\/\\\/www.bera-bv.com\\\/wp-content\\\/uploads\\\/2025\\\/12\\\/BERA-logo_light.svg\",\"contentUrl\":\"https:\\\/\\\/www.bera-bv.com\\\/wp-content\\\/uploads\\\/2025\\\/12\\\/BERA-logo_light.svg\",\"caption\":\"BERA BV\"},\"image\":{\"@id\":\"https:\\\/\\\/www.bera-bv.com\\\/fr\\\/#\\\/schema\\\/logo\\\/image\\\/\"}}]}<\/script>\n<!-- \/ Yoast SEO plugin. -->","yoast_head_json":{"title":"D\u00e9claration de confidentialit\u00e9 - BERA BV","robots":{"index":"index","follow":"follow","max-snippet":"max-snippet:-1","max-image-preview":"max-image-preview:large","max-video-preview":"max-video-preview:-1"},"canonical":"https:\/\/www.bera-bv.com\/fr\/declaration-de-confidentialite\/","og_locale":"fr_FR","og_type":"article","og_title":"D\u00e9claration de confidentialit\u00e9 - BERA BV","og_description":"D\u00e9claration de confidentialit\u00e9 Notre site web peut \u00eatre utilis\u00e9 sans saisir d\u2019informations personnelles. Cependant, des r\u00e8gles diff\u00e9rentes peuvent s\u2019appliquer \u00e0 certains services sur notre site [&hellip;]","og_url":"https:\/\/www.bera-bv.com\/fr\/declaration-de-confidentialite\/","og_site_name":"BERA BV","article_modified_time":"2026-02-15T14:27:30+00:00","twitter_card":"summary_large_image","twitter_misc":{"Dur\u00e9e de lecture estim\u00e9e":"8 minutes"},"schema":{"@context":"https:\/\/schema.org","@graph":[{"@type":"WebPage","@id":"https:\/\/www.bera-bv.com\/fr\/declaration-de-confidentialite\/","url":"https:\/\/www.bera-bv.com\/fr\/declaration-de-confidentialite\/","name":"D\u00e9claration de confidentialit\u00e9 - BERA BV","isPartOf":{"@id":"https:\/\/www.bera-bv.com\/fr\/#website"},"datePublished":"2026-02-15T14:27:29+00:00","dateModified":"2026-02-15T14:27:30+00:00","breadcrumb":{"@id":"https:\/\/www.bera-bv.com\/fr\/declaration-de-confidentialite\/#breadcrumb"},"inLanguage":"fr-FR","potentialAction":[{"@type":"ReadAction","target":["https:\/\/www.bera-bv.com\/fr\/declaration-de-confidentialite\/"]}]},{"@type":"BreadcrumbList","@id":"https:\/\/www.bera-bv.com\/fr\/declaration-de-confidentialite\/#breadcrumb","itemListElement":[{"@type":"ListItem","position":1,"name":"Home","item":"https:\/\/www.bera-bv.com\/fr\/accueil\/"},{"@type":"ListItem","position":2,"name":"D\u00e9claration de confidentialit\u00e9"}]},{"@type":"WebSite","@id":"https:\/\/www.bera-bv.com\/fr\/#website","url":"https:\/\/www.bera-bv.com\/fr\/","name":"BERA BV","description":"Creatief en duurzaam landschapsontwerp","publisher":{"@id":"https:\/\/www.bera-bv.com\/fr\/#organization"},"potentialAction":[{"@type":"SearchAction","target":{"@type":"EntryPoint","urlTemplate":"https:\/\/www.bera-bv.com\/fr\/?s={search_term_string}"},"query-input":{"@type":"PropertyValueSpecification","valueRequired":true,"valueName":"search_term_string"}}],"inLanguage":"fr-FR"},{"@type":"Organization","@id":"https:\/\/www.bera-bv.com\/fr\/#organization","name":"BERA BV","url":"https:\/\/www.bera-bv.com\/fr\/","logo":{"@type":"ImageObject","inLanguage":"fr-FR","@id":"https:\/\/www.bera-bv.com\/fr\/#\/schema\/logo\/image\/","url":"https:\/\/www.bera-bv.com\/wp-content\/uploads\/2025\/12\/BERA-logo_light.svg","contentUrl":"https:\/\/www.bera-bv.com\/wp-content\/uploads\/2025\/12\/BERA-logo_light.svg","caption":"BERA BV"},"image":{"@id":"https:\/\/www.bera-bv.com\/fr\/#\/schema\/logo\/image\/"}}]}},"_links":{"self":[{"href":"https:\/\/www.bera-bv.com\/fr\/wp-json\/wp\/v2\/pages\/10695","targetHints":{"allow":["GET"]}}],"collection":[{"href":"https:\/\/www.bera-bv.com\/fr\/wp-json\/wp\/v2\/pages"}],"about":[{"href":"https:\/\/www.bera-bv.com\/fr\/wp-json\/wp\/v2\/types\/page"}],"author":[{"embeddable":true,"href":"https:\/\/www.bera-bv.com\/fr\/wp-json\/wp\/v2\/users\/3"}],"replies":[{"embeddable":true,"href":"https:\/\/www.bera-bv.com\/fr\/wp-json\/wp\/v2\/comments?post=10695"}],"version-history":[{"count":0,"href":"https:\/\/www.bera-bv.com\/fr\/wp-json\/wp\/v2\/pages\/10695\/revisions"}],"wp:attachment":[{"href":"https:\/\/www.bera-bv.com\/fr\/wp-json\/wp\/v2\/media?parent=10695"}],"curies":[{"name":"wp","href":"https:\/\/api.w.org\/{rel}","templated":true}]}}