{"id":10987,"date":"2026-02-16T12:07:39","date_gmt":"2026-02-16T11:07:39","guid":{"rendered":"http:\/\/bera-bv.com\/politica-de-privacidad\/"},"modified":"2026-02-16T12:07:40","modified_gmt":"2026-02-16T11:07:40","slug":"politica-de-privacidad","status":"publish","type":"page","link":"https:\/\/www.bera-bv.com\/es\/politica-de-privacidad\/","title":{"rendered":"Pol\u00edtica de privacidad"},"content":{"rendered":"\t\t<div data-elementor-type=\"wp-page\" data-elementor-id=\"10987\" class=\"elementor elementor-10987 elementor-5877\" data-elementor-post-type=\"page\">\n\t\t\t\t<div class=\"elementor-element elementor-element-0d5bcd5 pad-l e-flex e-con-boxed e-con e-parent\" data-id=\"0d5bcd5\" data-element_type=\"container\" data-e-type=\"container\">\n\t\t\t\t\t<div class=\"e-con-inner\">\n\t\t<div class=\"elementor-element elementor-element-26dc506 e-con-full pad-tb-s e-flex e-con e-child\" data-id=\"26dc506\" data-element_type=\"container\" data-e-type=\"container\">\n\t\t\t\t<div class=\"elementor-element elementor-element-f2fb8d0 elementor-widget elementor-widget-heading\" data-id=\"f2fb8d0\" data-element_type=\"widget\" data-e-type=\"widget\" data-widget_type=\"heading.default\">\n\t\t\t\t<div class=\"elementor-widget-container\">\n\t\t\t\t\t<h1 class=\"elementor-heading-title elementor-size-default\">Pol\u00edtica de privacidad<\/h1>\t\t\t\t<\/div>\n\t\t\t\t<\/div>\n\t\t\t\t<div class=\"elementor-element elementor-element-763618f elementor-widget elementor-widget-text-editor\" data-id=\"763618f\" data-element_type=\"widget\" data-e-type=\"widget\" data-widget_type=\"text-editor.default\">\n\t\t\t\t<div class=\"elementor-widget-container\">\n\t\t\t\t\t\t\t\t\t<p>Nuestro sitio web puede utilizarse sin necesidad de introducir informaci\u00f3n personal. No obstante, pueden aplicarse normas diferentes a determinados servicios de nuestro sitio, las cuales se explican por separado a continuaci\u00f3n. Recopilamos su informaci\u00f3n personal (por ejemplo, nombre, direcci\u00f3n, correo electr\u00f3nico, n\u00famero de tel\u00e9fono, etc.) de acuerdo con las disposiciones de las leyes alemanas de protecci\u00f3n de datos. La informaci\u00f3n se considera personal si puede asociarse exclusivamente a una persona f\u00edsica espec\u00edfica. El marco legal para la protecci\u00f3n de datos se encuentra en la Ley Federal de Protecci\u00f3n de Datos de Alemania (BDSG) y en la Ley de Telemedios (TMG). Las siguientes disposiciones sirven para informar sobre el modo, el alcance y la finalidad de la recopilaci\u00f3n, el uso y el tratamiento de la informaci\u00f3n personal por parte del proveedor.     <\/p><p>BERA BV<br>Middelaarseweg 3A<br>3871 KR Hoevelaken<br>Pa\u00edses Bajos<br>T +31 (0) 33 257 0302<br>F +31 (0) 33 257 2228<br>E <a href=\"mailto:info@bera-bv.com\" target=\"_blank\" rel=\"noopener\">info@bera-bv.com<\/a><\/p><p>Tenga en cuenta que la transferencia de datos a trav\u00e9s de internet est\u00e1 sujeta a riesgos de seguridad y, por lo tanto, no se puede garantizar una protecci\u00f3n completa contra el acceso de terceros a los datos transferidos.<\/p><h4 class=\"fusion-responsive-typography-calculated\" data-fontsize=\"18\" data-lineheight=\"23.4px\">Cookies<\/h4><p>Nuestro sitio web utiliza las denominadas cookies para reconocer el uso repetido de nuestro sitio web por parte del mismo usuario o abonado a la conexi\u00f3n a internet. Las cookies son peque\u00f1os archivos de texto que su navegador de internet descarga y almacena en su ordenador. Se utilizan para mejorar nuestro sitio web y nuestros servicios. En la mayor\u00eda de los casos, se trata de las llamadas \u201ccookies de sesi\u00f3n\u201d, que se eliminan una vez que usted abandona nuestro sitio web.   <\/p><p>Sin embargo, hasta cierto punto, estas cookies tambi\u00e9n transmiten informaci\u00f3n utilizada para reconocerle autom\u00e1ticamente. El reconocimiento se produce a trav\u00e9s de una direcci\u00f3n IP guardada en las cookies. La informaci\u00f3n obtenida de este modo se utiliza para mejorar nuestros servicios y agilizar su acceso al sitio web.  <\/p><p>Puede evitar la instalaci\u00f3n de cookies ajustando la configuraci\u00f3n de su navegador. No obstante, debe tener en cuenta que, al hacerlo, es posible que no pueda utilizar plenamente todas las funciones de nuestro sitio web. <\/p><h4 class=\"fusion-responsive-typography-calculated\" data-fontsize=\"18\" data-lineheight=\"23.4px\">Uso de Google Analytics con anonimizaci\u00f3n<\/h4><p>Nuestro sitio web utiliza Google Analytics, un servicio de an\u00e1lisis web de Google Inc., 1600 Amphitheatre Parkway, Mountain View, CA 94043 EE. UU., en adelante denominado \u201cGoogle\u201d. Google Analytics emplea las llamadas \u201ccookies\u201d, archivos de texto que se almacenan en su ordenador para facilitar el an\u00e1lisis del uso que usted hace del sitio.<\/p><p>La informaci\u00f3n generada por estas cookies, como la hora, el lugar y la frecuencia de sus visitas a nuestro sitio, incluida su direcci\u00f3n IP, se transmite a las instalaciones de Google en los EE. UU. y se almacena all\u00ed.<\/p><p>Utilizamos Google Analytics con una funci\u00f3n de anonimizaci\u00f3n de IP en nuestro sitio web. Al hacerlo, Google abrevia y, por tanto, anonimiza su direcci\u00f3n IP antes de transferirla desde los estados miembros de la Uni\u00f3n Europea o los estados signatarios del Acuerdo sobre el Espacio Econ\u00f3mico Europeo. <\/p><p>Google utilizar\u00e1 esta informaci\u00f3n para evaluar su uso de nuestro sitio, recopilar informes sobre la actividad del sitio web para nosotros y proporcionar otros servicios relacionados con el uso del sitio web y de internet. Google tambi\u00e9n puede transferir esta informaci\u00f3n a terceros si as\u00ed lo requiere la ley o en la medida en que estos datos sean procesados por terceros en nombre de Google. <\/p><p>Google declara que nunca asociar\u00e1 su direcci\u00f3n IP con otros datos en posesi\u00f3n de Google. Puede evitar la instalaci\u00f3n de cookies ajustando la configuraci\u00f3n de su navegador. No obstante, debe tener en cuenta que, al hacerlo, es posible que no pueda utilizar plenamente todas las funciones de nuestro sitio web.  <\/p><p>Google tambi\u00e9n ofrece una opci\u00f3n de desactivaci\u00f3n para los navegadores m\u00e1s comunes, proporcion\u00e1ndole as\u00ed un mayor control sobre los datos que Google recopila y procesa. Si activa esta opci\u00f3n, no se transmitir\u00e1 a Google Analytics ninguna informaci\u00f3n relativa a su visita al sitio web. Sin embargo, la activaci\u00f3n no impide la transmisi\u00f3n de informaci\u00f3n a nosotros ni a cualquier otro servicio de an\u00e1lisis web que podamos utilizar. Para obtener m\u00e1s informaci\u00f3n sobre la opci\u00f3n de desactivaci\u00f3n proporcionada por Google y c\u00f3mo activarla, visite <a href=\"https:\/\/tools.google.com\/dlpage\/gaoptout?hl=de\" target=\"_blank\" rel=\"nofollow noopener\" data-saferedirecturl=\"https:\/\/www.google.com\/url?q=https:\/\/tools.google.com\/dlpage\/gaoptout?hl%3Dde&amp;source=gmail&amp;ust=1547566744703000&amp;usg=AFQjCNEy5oU3KmFaW8gxQJFphLI-9gJE_g\">https:\/\/tools.google.<wbr><\/wbr>com\/dlpage\/gaoptout?hl=es<\/a>   <\/p><h4 class=\"fusion-responsive-typography-calculated\" data-fontsize=\"18\" data-lineheight=\"23.4px\">Uso de Google Maps<\/h4><p>Utilizamos el componente \u201cGoogle Maps\u201d de Google Inc., 1600 Amphitheatre Parkway, Mountain View, CA 94043 EE. UU., en adelante \u201cGoogle\u201d.<\/p><p>Google establece una cookie para procesar la configuraci\u00f3n y los datos del usuario cuando se visualiza la p\u00e1gina con el componente integrado \u201cGoogle Maps\u201d. Por regla general, esta cookie no se elimina al cerrar el navegador, sino que caduca despu\u00e9s de un tiempo determinado, siempre que no haya sido eliminada manualmente por usted con anterioridad. <\/p><p>Si no est\u00e1 de acuerdo con este tratamiento de sus datos, puede optar por desactivar el servicio de \u201cGoogle Maps\u201d y evitar as\u00ed la transferencia de datos a Google. Para ello, debe desactivar la funci\u00f3n Java Script en su navegador. No obstante, nos gustar\u00eda se\u00f1alar que, en este caso, no podr\u00e1 utilizar \u201cGoogle Maps\u201d o, al menos, solo podr\u00e1 hacerlo de forma limitada.  <\/p><p>El uso de \u201cGoogle Maps\u201d y la informaci\u00f3n obtenida a trav\u00e9s de \u201cGoogle Maps\u201d se rigen por las Condiciones de uso de Google<\/p><p><a href=\"http:\/\/www.google.de\/intl\/de\/policies\/terms\/regional.html\" target=\"_blank\" rel=\"nofollow noopener\" data-saferedirecturl=\"https:\/\/www.google.com\/url?q=http:\/\/www.google.de\/intl\/de\/policies\/terms\/regional.html&amp;source=gmail&amp;ust=1547566744703000&amp;usg=AFQjCNF-kE0dx_KrTvqYUDvmtipD52xAlA\">http:\/\/www.google.de\/intl\/de\/<wbr><\/wbr>policies\/terms\/regional.html<\/a><\/p><p>as\u00ed como por los T\u00e9rminos y condiciones adicionales de \u201cGoogle Maps\u201d<\/p><p><a href=\"https:\/\/www.google.com\/intl\/de_de\/help\/terms_maps.html\" target=\"_blank\" rel=\"nofollow noopener\" data-saferedirecturl=\"https:\/\/www.google.com\/url?q=https:\/\/www.google.com\/intl\/de_de\/help\/terms_maps.html&amp;source=gmail&amp;ust=1547566744703000&amp;usg=AFQjCNHy361Yg4dUjDpZ1WWWOExXSCTSUA\">https:\/\/www.google.com\/intl\/<wbr><\/wbr>de_de\/help\/terms_maps.html<\/a>.<\/p><h4 class=\"fusion-responsive-typography-calculated\" data-fontsize=\"18\" data-lineheight=\"23.4px\">Uso de Google-Adwords<\/h4><p>Con fines promocionales, nuestro sitio web tambi\u00e9n emplea la herramienta publicitaria de Google \u201cGoogle-Adwords\u201d. Como parte de esto, nuestro sitio web emplea el servicio de an\u00e1lisis \u201cConversion-Tracking\u201d de Google Inc., 1600 Amphitheatre Parkway, Mountain View, CA 94043 EE. UU., en adelante denominado \u201cGoogle\u201d. Si accede a nuestro sitio a trav\u00e9s de un anuncio de Google, se instalar\u00e1 una cookie en su ordenador. Las cookies son peque\u00f1os archivos de texto que su navegador de internet descarga y almacena en su ordenador. Estas llamadas \u201ccookies de conversi\u00f3n\u201d dejan de estar activas despu\u00e9s de 30 d\u00edas y no se utilizan para identificarle personalmente. Si visita determinadas p\u00e1ginas de nuestro sitio web mientras la cookie sigue activa, tanto nosotros como Google sabremos que usted, como usuario, ha hecho clic en los anuncios publicados en Google y ha sido redirigido a nuestro sitio.<br>Google utiliza la informaci\u00f3n obtenida a trav\u00e9s de las \u201ccookies de conversi\u00f3n\u201d para recopilar estad\u00edsticas de nuestro sitio web. Estas estad\u00edsticas nos indican el n\u00famero total de usuarios que han hecho clic en nuestro anuncio, as\u00ed como a qu\u00e9 p\u00e1ginas de nuestro sitio ha accedido cada usuario. Sin embargo, ni nosotros ni otros anunciantes que utilizan \u201cGoogle-Adwords\u201d recibimos ning\u00fan tipo de informaci\u00f3n que pueda utilizarse para identificar personalmente a los usuarios.<br>Puede evitar la instalaci\u00f3n de \u201ccookies de conversi\u00f3n\u201d realizando el cambio correspondiente en la configuraci\u00f3n de su navegador, por ejemplo, configurando su navegador para que se desactive la colocaci\u00f3n autom\u00e1tica de cookies o bloqueando las cookies del dominio \u201c<a href=\"http:\/\/googleadservices.com\/\" target=\"_blank\" rel=\"noopener\" data-saferedirecturl=\"https:\/\/www.google.com\/url?q=http:\/\/googleadservices.com&amp;source=gmail&amp;ust=1547566744703000&amp;usg=AFQjCNG-hRZQHY-1s3mdjJVI7lpq2oZeCw\">googleadservices.com<\/a>\u201d.  <\/p><p>Puede obtener la pol\u00edtica de privacidad de datos correspondiente de Google en el siguiente enlace:<\/p><p><a href=\"https:\/\/services.google.com\/sitestats\/de.html\" target=\"_blank\" rel=\"nofollow noopener\" data-saferedirecturl=\"https:\/\/www.google.com\/url?q=https:\/\/services.google.com\/sitestats\/de.html&amp;source=gmail&amp;ust=1547566744703000&amp;usg=AFQjCNH-0D45H0P334rJ4Ww9DqExeG-Uog\">https:\/\/services.google.com\/<wbr><\/wbr>sitestats\/de.html<\/a><\/p><h4 class=\"fusion-responsive-typography-calculated\" data-fontsize=\"18\" data-lineheight=\"23.4px\">El uso de Google Remarketing<\/h4><p>En nuestro sitio web, promocionamos el servicio Google Remarketing perteneciente a la empresa Google Inc., 1600 Amphitheatre Parkway, Mountain View, CA 94043 EE. UU., en adelante \u201cGoogle\u201d. Con Google Remarketing pueden aparecer anuncios para los usuarios que ya han visitado nuestro sitio web en el pasado. Dentro de la red de Google, se pueden mostrar en nuestro sitio anuncios adaptados a sus intereses. Google Remarketing utiliza cookies para esta evaluaci\u00f3n. Las cookies son peque\u00f1os archivos de texto almacenados en su ordenador que permiten analizar el uso del sitio web. Esto permite reconocer a nuestros visitantes si se accede a estos sitios dentro de la red publicitaria de Google. De este modo, se pueden presentar anuncios dentro de la red publicitaria de Google basados en contenidos a los que los visitantes que tambi\u00e9n utilizan la funci\u00f3n Google Remarketing han accedido previamente en sitios web de la red publicitaria de Google. Google no recopila por s\u00ed mismo ning\u00fan dato personal. Puede desactivar esta funci\u00f3n realizando los ajustes correspondientes en <a href=\"http:\/\/www.google.com\/settings\/ads\" target=\"_blank\" rel=\"noopener\" data-saferedirecturl=\"https:\/\/www.google.com\/url?q=http:\/\/www.google.com\/settings\/ads&amp;source=gmail&amp;ust=1547566744703000&amp;usg=AFQjCNEpE9Z-DwBmoHkSwHHnXAGmzPxa6w\">http:\/\/www.google.com\/<wbr><\/wbr>settings\/ads<\/a>. <\/p><h3 class=\"fusion-responsive-typography-calculated\" data-fontsize=\"16\" data-lineheight=\"20.8px\">Informaci\u00f3n\/Cancelaci\u00f3n\/<wbr><\/wbr>Eliminaci\u00f3n<\/h3><p>En virtud de la Ley Federal de Protecci\u00f3n de Datos, puede ponerse en contacto con nosotros de forma gratuita si tiene preguntas relativas a la recopilaci\u00f3n, el tratamiento o el uso de su informaci\u00f3n personal, si desea solicitar la rectificaci\u00f3n, el bloqueo o la eliminaci\u00f3n de la misma, o si desea cancelar un consentimiento otorgado expl\u00edcitamente. Tenga en cuenta que tiene derecho a que se rectifiquen los datos incorrectos o a que se eliminen los datos personales, siempre que dicha reclamaci\u00f3n no est\u00e9 impedida por ninguna obligaci\u00f3n legal de conservar estos datos. <\/p>\t\t\t\t\t\t\t\t<\/div>\n\t\t\t\t<\/div>\n\t\t\t\t<\/div>\n\t\t\t\t\t<\/div>\n\t\t\t\t<\/div>\n\t\t\t\t<\/div>\n\t\t","protected":false},"excerpt":{"rendered":"<p>Pol\u00edtica de privacidad Nuestro sitio web puede utilizarse sin necesidad de introducir informaci\u00f3n personal. No obstante, pueden aplicarse normas diferentes a determinados servicios de nuestro [&hellip;]<\/p>\n","protected":false},"author":3,"featured_media":0,"parent":0,"menu_order":0,"comment_status":"closed","ping_status":"closed","template":"elementor_header_footer","meta":{"site-sidebar-layout":"no-sidebar","site-content-layout":"page-builder","ast-site-content-layout":"full-width-container","site-content-style":"default","site-sidebar-style":"default","ast-global-header-display":"","ast-banner-title-visibility":"","ast-main-header-display":"","ast-hfb-above-header-display":"","ast-hfb-below-header-display":"","ast-hfb-mobile-header-display":"","site-post-title":"disabled","ast-breadcrumbs-content":"","ast-featured-img":"disabled","footer-sml-layout":"","ast-disable-related-posts":"","theme-transparent-header-meta":"default","adv-header-id-meta":"","stick-header-meta":"default","header-above-stick-meta":"","header-main-stick-meta":"","header-below-stick-meta":"","astra-migrate-meta-layouts":"default","ast-page-background-enabled":"default","ast-page-background-meta":{"desktop":{"background-color":"var(--ast-global-color-4)","background-image":"","background-repeat":"repeat","background-position":"center center","background-size":"auto","background-attachment":"scroll","background-type":"","background-media":"","overlay-type":"","overlay-color":"","overlay-opacity":"","overlay-gradient":""},"tablet":{"background-color":"","background-image":"","background-repeat":"repeat","background-position":"center center","background-size":"auto","background-attachment":"scroll","background-type":"","background-media":"","overlay-type":"","overlay-color":"","overlay-opacity":"","overlay-gradient":""},"mobile":{"background-color":"","background-image":"","background-repeat":"repeat","background-position":"center center","background-size":"auto","background-attachment":"scroll","background-type":"","background-media":"","overlay-type":"","overlay-color":"","overlay-opacity":"","overlay-gradient":""}},"ast-content-background-meta":{"desktop":{"background-color":"var(--ast-global-color-5)","background-image":"","background-repeat":"repeat","background-position":"center center","background-size":"auto","background-attachment":"scroll","background-type":"","background-media":"","overlay-type":"","overlay-color":"","overlay-opacity":"","overlay-gradient":""},"tablet":{"background-color":"var(--ast-global-color-5)","background-image":"","background-repeat":"repeat","background-position":"center center","background-size":"auto","background-attachment":"scroll","background-type":"","background-media":"","overlay-type":"","overlay-color":"","overlay-opacity":"","overlay-gradient":""},"mobile":{"background-color":"var(--ast-global-color-5)","background-image":"","background-repeat":"repeat","background-position":"center center","background-size":"auto","background-attachment":"scroll","background-type":"","background-media":"","overlay-type":"","overlay-color":"","overlay-opacity":"","overlay-gradient":""}},"footnotes":""},"class_list":["post-10987","page","type-page","status-publish","hentry"],"yoast_head":"<!-- This site is optimized with the Yoast SEO plugin v27.4 - https:\/\/yoast.com\/product\/yoast-seo-wordpress\/ -->\n<title>Pol\u00edtica de privacidad - BERA BV<\/title>\n<meta name=\"robots\" content=\"index, follow, max-snippet:-1, max-image-preview:large, max-video-preview:-1\" \/>\n<link rel=\"canonical\" href=\"https:\/\/www.bera-bv.com\/es\/politica-de-privacidad\/\" \/>\n<meta property=\"og:locale\" content=\"es_ES\" \/>\n<meta property=\"og:type\" content=\"article\" \/>\n<meta property=\"og:title\" content=\"Pol\u00edtica de privacidad - BERA BV\" \/>\n<meta property=\"og:description\" content=\"Pol\u00edtica de privacidad Nuestro sitio web puede utilizarse sin necesidad de introducir informaci\u00f3n personal. No obstante, pueden aplicarse normas diferentes a determinados servicios de nuestro [&hellip;]\" \/>\n<meta property=\"og:url\" content=\"https:\/\/www.bera-bv.com\/es\/politica-de-privacidad\/\" \/>\n<meta property=\"og:site_name\" content=\"BERA BV\" \/>\n<meta property=\"article:modified_time\" content=\"2026-02-16T11:07:40+00:00\" \/>\n<meta name=\"twitter:card\" content=\"summary_large_image\" \/>\n<meta name=\"twitter:label1\" content=\"Tiempo de lectura\" \/>\n\t<meta name=\"twitter:data1\" content=\"8 minutos\" \/>\n<script type=\"application\/ld+json\" class=\"yoast-schema-graph\">{\"@context\":\"https:\\\/\\\/schema.org\",\"@graph\":[{\"@type\":\"WebPage\",\"@id\":\"https:\\\/\\\/www.bera-bv.com\\\/es\\\/politica-de-privacidad\\\/\",\"url\":\"https:\\\/\\\/www.bera-bv.com\\\/es\\\/politica-de-privacidad\\\/\",\"name\":\"Pol\u00edtica de privacidad - BERA BV\",\"isPartOf\":{\"@id\":\"https:\\\/\\\/www.bera-bv.com\\\/es\\\/#website\"},\"datePublished\":\"2026-02-16T11:07:39+00:00\",\"dateModified\":\"2026-02-16T11:07:40+00:00\",\"breadcrumb\":{\"@id\":\"https:\\\/\\\/www.bera-bv.com\\\/es\\\/politica-de-privacidad\\\/#breadcrumb\"},\"inLanguage\":\"es\",\"potentialAction\":[{\"@type\":\"ReadAction\",\"target\":[\"https:\\\/\\\/www.bera-bv.com\\\/es\\\/politica-de-privacidad\\\/\"]}]},{\"@type\":\"BreadcrumbList\",\"@id\":\"https:\\\/\\\/www.bera-bv.com\\\/es\\\/politica-de-privacidad\\\/#breadcrumb\",\"itemListElement\":[{\"@type\":\"ListItem\",\"position\":1,\"name\":\"Home\",\"item\":\"https:\\\/\\\/www.bera-bv.com\\\/es\\\/inicio\\\/\"},{\"@type\":\"ListItem\",\"position\":2,\"name\":\"Pol\u00edtica de privacidad\"}]},{\"@type\":\"WebSite\",\"@id\":\"https:\\\/\\\/www.bera-bv.com\\\/es\\\/#website\",\"url\":\"https:\\\/\\\/www.bera-bv.com\\\/es\\\/\",\"name\":\"BERA BV\",\"description\":\"Creatief en duurzaam landschapsontwerp\",\"publisher\":{\"@id\":\"https:\\\/\\\/www.bera-bv.com\\\/es\\\/#organization\"},\"potentialAction\":[{\"@type\":\"SearchAction\",\"target\":{\"@type\":\"EntryPoint\",\"urlTemplate\":\"https:\\\/\\\/www.bera-bv.com\\\/es\\\/?s={search_term_string}\"},\"query-input\":{\"@type\":\"PropertyValueSpecification\",\"valueRequired\":true,\"valueName\":\"search_term_string\"}}],\"inLanguage\":\"es\"},{\"@type\":\"Organization\",\"@id\":\"https:\\\/\\\/www.bera-bv.com\\\/es\\\/#organization\",\"name\":\"BERA BV\",\"url\":\"https:\\\/\\\/www.bera-bv.com\\\/es\\\/\",\"logo\":{\"@type\":\"ImageObject\",\"inLanguage\":\"es\",\"@id\":\"https:\\\/\\\/www.bera-bv.com\\\/es\\\/#\\\/schema\\\/logo\\\/image\\\/\",\"url\":\"https:\\\/\\\/www.bera-bv.com\\\/wp-content\\\/uploads\\\/2025\\\/12\\\/BERA-logo_light.svg\",\"contentUrl\":\"https:\\\/\\\/www.bera-bv.com\\\/wp-content\\\/uploads\\\/2025\\\/12\\\/BERA-logo_light.svg\",\"caption\":\"BERA BV\"},\"image\":{\"@id\":\"https:\\\/\\\/www.bera-bv.com\\\/es\\\/#\\\/schema\\\/logo\\\/image\\\/\"}}]}<\/script>\n<!-- \/ Yoast SEO plugin. -->","yoast_head_json":{"title":"Pol\u00edtica de privacidad - BERA BV","robots":{"index":"index","follow":"follow","max-snippet":"max-snippet:-1","max-image-preview":"max-image-preview:large","max-video-preview":"max-video-preview:-1"},"canonical":"https:\/\/www.bera-bv.com\/es\/politica-de-privacidad\/","og_locale":"es_ES","og_type":"article","og_title":"Pol\u00edtica de privacidad - BERA BV","og_description":"Pol\u00edtica de privacidad Nuestro sitio web puede utilizarse sin necesidad de introducir informaci\u00f3n personal. No obstante, pueden aplicarse normas diferentes a determinados servicios de nuestro [&hellip;]","og_url":"https:\/\/www.bera-bv.com\/es\/politica-de-privacidad\/","og_site_name":"BERA BV","article_modified_time":"2026-02-16T11:07:40+00:00","twitter_card":"summary_large_image","twitter_misc":{"Tiempo de lectura":"8 minutos"},"schema":{"@context":"https:\/\/schema.org","@graph":[{"@type":"WebPage","@id":"https:\/\/www.bera-bv.com\/es\/politica-de-privacidad\/","url":"https:\/\/www.bera-bv.com\/es\/politica-de-privacidad\/","name":"Pol\u00edtica de privacidad - BERA BV","isPartOf":{"@id":"https:\/\/www.bera-bv.com\/es\/#website"},"datePublished":"2026-02-16T11:07:39+00:00","dateModified":"2026-02-16T11:07:40+00:00","breadcrumb":{"@id":"https:\/\/www.bera-bv.com\/es\/politica-de-privacidad\/#breadcrumb"},"inLanguage":"es","potentialAction":[{"@type":"ReadAction","target":["https:\/\/www.bera-bv.com\/es\/politica-de-privacidad\/"]}]},{"@type":"BreadcrumbList","@id":"https:\/\/www.bera-bv.com\/es\/politica-de-privacidad\/#breadcrumb","itemListElement":[{"@type":"ListItem","position":1,"name":"Home","item":"https:\/\/www.bera-bv.com\/es\/inicio\/"},{"@type":"ListItem","position":2,"name":"Pol\u00edtica de privacidad"}]},{"@type":"WebSite","@id":"https:\/\/www.bera-bv.com\/es\/#website","url":"https:\/\/www.bera-bv.com\/es\/","name":"BERA BV","description":"Creatief en duurzaam landschapsontwerp","publisher":{"@id":"https:\/\/www.bera-bv.com\/es\/#organization"},"potentialAction":[{"@type":"SearchAction","target":{"@type":"EntryPoint","urlTemplate":"https:\/\/www.bera-bv.com\/es\/?s={search_term_string}"},"query-input":{"@type":"PropertyValueSpecification","valueRequired":true,"valueName":"search_term_string"}}],"inLanguage":"es"},{"@type":"Organization","@id":"https:\/\/www.bera-bv.com\/es\/#organization","name":"BERA BV","url":"https:\/\/www.bera-bv.com\/es\/","logo":{"@type":"ImageObject","inLanguage":"es","@id":"https:\/\/www.bera-bv.com\/es\/#\/schema\/logo\/image\/","url":"https:\/\/www.bera-bv.com\/wp-content\/uploads\/2025\/12\/BERA-logo_light.svg","contentUrl":"https:\/\/www.bera-bv.com\/wp-content\/uploads\/2025\/12\/BERA-logo_light.svg","caption":"BERA BV"},"image":{"@id":"https:\/\/www.bera-bv.com\/es\/#\/schema\/logo\/image\/"}}]}},"_links":{"self":[{"href":"https:\/\/www.bera-bv.com\/es\/wp-json\/wp\/v2\/pages\/10987","targetHints":{"allow":["GET"]}}],"collection":[{"href":"https:\/\/www.bera-bv.com\/es\/wp-json\/wp\/v2\/pages"}],"about":[{"href":"https:\/\/www.bera-bv.com\/es\/wp-json\/wp\/v2\/types\/page"}],"author":[{"embeddable":true,"href":"https:\/\/www.bera-bv.com\/es\/wp-json\/wp\/v2\/users\/3"}],"replies":[{"embeddable":true,"href":"https:\/\/www.bera-bv.com\/es\/wp-json\/wp\/v2\/comments?post=10987"}],"version-history":[{"count":0,"href":"https:\/\/www.bera-bv.com\/es\/wp-json\/wp\/v2\/pages\/10987\/revisions"}],"wp:attachment":[{"href":"https:\/\/www.bera-bv.com\/es\/wp-json\/wp\/v2\/media?parent=10987"}],"curies":[{"name":"wp","href":"https:\/\/api.w.org\/{rel}","templated":true}]}}