{"id":13175,"date":"2026-02-25T15:07:04","date_gmt":"2026-02-25T14:07:04","guid":{"rendered":"http:\/\/bera-bv.com\/product\/balkentraeger-hilo-fix-fuer-holz-und-verbundwerkstoff\/"},"modified":"2026-02-25T15:07:04","modified_gmt":"2026-02-25T14:07:04","slug":"balkentraeger-hilo-fix-fuer-holz-und-verbundwerkstoff","status":"publish","type":"product","link":"https:\/\/www.bera-bv.com\/de\/product\/balkentraeger-hilo-fix-fuer-holz-und-verbundwerkstoff\/","title":{"rendered":"Balkentr\u00e4ger HiLo Fix f\u00fcr Holz und Verbundwerkstoff"},"content":{"rendered":"<p><strong>Anwendung<\/strong><\/p>\n<ul>\n<li>H\u00f6henverstellbare Stelzlager f\u00fcr Holz- und Verbundterrassen<\/li>\n<\/ul>\n<p><strong>Produktdetails<\/strong><\/p>\n<ul>\n<li>Farbe: Schwarz<\/li>\n<li>Abmessungen: verschiedene Artikel f\u00fcr H\u00f6hen zwischen 11 \u2013 470 mm<\/li>\n<li>Material: Polypropylen<\/li>\n<li>UV- und Frostbest\u00e4ndigkeit: inklusive<\/li>\n<\/ul>\n","protected":false},"excerpt":{"rendered":"<p><strong>Beschreibung<\/strong><\/p>\n<p>BERA\u00ae Pedestals HiLo Fix wurden von und f\u00fcr Profis zur Gestaltung von G\u00e4rten und Terrassen entwickelt. Sie bestehen aus 100 % recyceltem und verst\u00e4rktem Polypropylen, wodurch Sand, Ziegel oder andere Methoden f\u00fcr die Verlegung von Holz- oder Verbundterrassen \u00fcberfl\u00fcssig werden. <\/p>\n<p>Ein optimaler Regenwasserabfluss und die Installation elektrischer Systeme im Hohlraum unter der erh\u00f6hten Terrasse sorgen f\u00fcr eine l\u00e4ngere Lebensdauer der Terrassendielen und tragen zum hochwertigen Erscheinungsbild der Terrasse bei. Besch\u00e4digte oder verschmutzte Dielen k\u00f6nnen problemlos ausgetauscht werden. <\/p>\n<p>Die gro\u00dfe Standfl\u00e4che von mehr als 300 cm\u00b2 entspricht den internationalen Normen f\u00fcr die maximale Belastung der Dachabdichtung und sch\u00fctzt diese somit vor Durchdr\u00fccken. Die Tr\u00e4ger sind sowohl vertikal als auch horizontal sehr stabil und in H\u00f6hen von 11 bis 470 mm lieferbar. Mittels eines Schnellverstellrings l\u00e4sst sich die H\u00f6he pr\u00e4zise einstellen, wodurch die Installationskosten auf ein Minimum reduziert werden.  <\/p>\n<p>Der BERA\u00ae HiLo Fix kann mit zahlreichem Zubeh\u00f6r geliefert werden, darunter ein Neigungsausgleicher, der an der Unterseite des Fu\u00dfes platziert werden kann, um Unebenheiten von bis zu 7 % auszugleichen.<\/p>\n<p>Suchen Sie Stelzlager f\u00fcr Fliesen? Dann schauen Sie sich das <a href=\"https:\/\/www.bera-bv.nl\/webshop\/product\/tegeldrager-hilo-fix-voor-keramiek\/\">BERA HiLo Fix Plattenlager<\/a> an. <\/p>\n<p>Besuchen Sie <a href=\"https:\/\/www.bera-bv.nl\/terras-en-decking-systemen\/bera-pedestal-hilo-fix\/\">unsere Website<\/a> f\u00fcr weitere Informationen<\/p>\n","protected":false},"featured_media":13176,"template":"","meta":{"site-sidebar-layout":"default","site-content-layout":"","ast-site-content-layout":"default","site-content-style":"default","site-sidebar-style":"default","ast-global-header-display":"","ast-banner-title-visibility":"","ast-main-header-display":"","ast-hfb-above-header-display":"","ast-hfb-below-header-display":"","ast-hfb-mobile-header-display":"","site-post-title":"","ast-breadcrumbs-content":"","ast-featured-img":"","footer-sml-layout":"","ast-disable-related-posts":"","theme-transparent-header-meta":"default","adv-header-id-meta":"","stick-header-meta":"default","header-above-stick-meta":"","header-main-stick-meta":"","header-below-stick-meta":"","astra-migrate-meta-layouts":"default","ast-page-background-enabled":"default","ast-page-background-meta":{"desktop":{"background-color":"var(--ast-global-color-4)","background-image":"","background-repeat":"repeat","background-position":"center center","background-size":"auto","background-attachment":"scroll","background-type":"","background-media":"","overlay-type":"","overlay-color":"","overlay-opacity":"","overlay-gradient":""},"tablet":{"background-color":"","background-image":"","background-repeat":"repeat","background-position":"center center","background-size":"auto","background-attachment":"scroll","background-type":"","background-media":"","overlay-type":"","overlay-color":"","overlay-opacity":"","overlay-gradient":""},"mobile":{"background-color":"","background-image":"","background-repeat":"repeat","background-position":"center center","background-size":"auto","background-attachment":"scroll","background-type":"","background-media":"","overlay-type":"","overlay-color":"","overlay-opacity":"","overlay-gradient":""}},"ast-content-background-meta":{"desktop":{"background-color":"var(--ast-global-color-5)","background-image":"","background-repeat":"repeat","background-position":"center center","background-size":"auto","background-attachment":"scroll","background-type":"","background-media":"","overlay-type":"","overlay-color":"","overlay-opacity":"","overlay-gradient":""},"tablet":{"background-color":"var(--ast-global-color-5)","background-image":"","background-repeat":"repeat","background-position":"center center","background-size":"auto","background-attachment":"scroll","background-type":"","background-media":"","overlay-type":"","overlay-color":"","overlay-opacity":"","overlay-gradient":""},"mobile":{"background-color":"var(--ast-global-color-5)","background-image":"","background-repeat":"repeat","background-position":"center center","background-size":"auto","background-attachment":"scroll","background-type":"","background-media":"","overlay-type":"","overlay-color":"","overlay-opacity":"","overlay-gradient":""}}},"product_brand":[],"product_cat":[283],"product_tag":[],"class_list":{"0":"post-13175","1":"product","2":"type-product","3":"status-publish","4":"has-post-thumbnail","6":"product_cat-terrasse-belag","7":"product_shipping_class-parcel","8":"pa_hoogte-11-15-mm","9":"pa_hoogte-120-170-mm","10":"pa_hoogte-15-19-mm","11":"pa_hoogte-170-270-mm","12":"pa_hoogte-19-27-mm","13":"pa_hoogte-270-370-mm","14":"pa_hoogte-27-40-mm","15":"pa_hoogte-370-470-mm","16":"pa_hoogte-40-70-mm","17":"pa_hoogte-70-120-mm","18":"desktop-align-left","19":"tablet-align-left","20":"mobile-align-left","21":"ast-product-gallery-layout-horizontal","22":"ast-product-single-variable","23":"ast-product-tabs-layout-horizontal","25":"first","26":"instock","27":"purchasable","28":"product-type-variable"},"yoast_head":"<!-- This site is optimized with the Yoast SEO plugin v27.4 - https:\/\/yoast.com\/product\/yoast-seo-wordpress\/ -->\n<title>Balkentr\u00e4ger HiLo Fix f\u00fcr Holz und Verbundwerkstoff - BERA BV<\/title>\n<meta name=\"robots\" content=\"index, follow, max-snippet:-1, max-image-preview:large, max-video-preview:-1\" \/>\n<link rel=\"canonical\" href=\"https:\/\/www.bera-bv.com\/de\/product\/balkentraeger-hilo-fix-fuer-holz-und-verbundwerkstoff\/\" \/>\n<meta property=\"og:locale\" content=\"de_DE\" \/>\n<meta property=\"og:type\" content=\"article\" \/>\n<meta property=\"og:title\" content=\"Balkentr\u00e4ger HiLo Fix f\u00fcr Holz und Verbundwerkstoff - BERA BV\" \/>\n<meta property=\"og:description\" content=\"Beschreibung BERA\u00ae Pedestals HiLo Fix wurden von und f\u00fcr Profis zur Gestaltung von G\u00e4rten und Terrassen entwickelt. Sie bestehen aus 100 % recyceltem und verst\u00e4rktem Polypropylen, wodurch Sand, Ziegel oder andere Methoden f\u00fcr die Verlegung von Holz- oder Verbundterrassen \u00fcberfl\u00fcssig werden.  Ein optimaler Regenwasserabfluss und die Installation elektrischer Systeme im Hohlraum unter der erh\u00f6hten Terrasse sorgen f\u00fcr eine l\u00e4ngere Lebensdauer der Terrassendielen und tragen zum hochwertigen Erscheinungsbild der Terrasse bei. Besch\u00e4digte oder verschmutzte Dielen k\u00f6nnen problemlos ausgetauscht werden.  Die gro\u00dfe Standfl\u00e4che von mehr als 300 cm\u00b2 entspricht den internationalen Normen f\u00fcr die maximale Belastung der Dachabdichtung und sch\u00fctzt diese somit vor Durchdr\u00fccken. Die Tr\u00e4ger sind sowohl vertikal als auch horizontal sehr stabil und in H\u00f6hen von 11 bis 470 mm lieferbar. Mittels eines Schnellverstellrings l\u00e4sst sich die H\u00f6he pr\u00e4zise einstellen, wodurch die Installationskosten auf ein Minimum reduziert werden.  Der BERA\u00ae HiLo Fix kann mit zahlreichem Zubeh\u00f6r geliefert werden, darunter ein Neigungsausgleicher, der an der Unterseite des Fu\u00dfes platziert werden kann, um Unebenheiten von bis zu 7 % auszugleichen. Suchen Sie Stelzlager f\u00fcr Fliesen? Dann schauen Sie sich das BERA HiLo Fix Plattenlager an.  Besuchen Sie unsere Website f\u00fcr weitere Informationen\" \/>\n<meta property=\"og:url\" content=\"https:\/\/www.bera-bv.com\/de\/product\/balkentraeger-hilo-fix-fuer-holz-und-verbundwerkstoff\/\" \/>\n<meta property=\"og:site_name\" content=\"BERA BV\" \/>\n<meta property=\"og:image\" content=\"https:\/\/www.bera-bv.com\/wp-content\/uploads\/2025\/12\/HiLoFix_Holz_nah.jpg\" \/>\n\t<meta property=\"og:image:width\" content=\"801\" \/>\n\t<meta property=\"og:image:height\" content=\"657\" \/>\n\t<meta property=\"og:image:type\" content=\"image\/jpeg\" \/>\n<meta name=\"twitter:card\" content=\"summary_large_image\" \/>\n<script type=\"application\/ld+json\" class=\"yoast-schema-graph\">{\"@context\":\"https:\\\/\\\/schema.org\",\"@graph\":[{\"@type\":\"WebPage\",\"@id\":\"https:\\\/\\\/www.bera-bv.com\\\/de\\\/product\\\/balkentraeger-hilo-fix-fuer-holz-und-verbundwerkstoff\\\/\",\"url\":\"https:\\\/\\\/www.bera-bv.com\\\/de\\\/product\\\/balkentraeger-hilo-fix-fuer-holz-und-verbundwerkstoff\\\/\",\"name\":\"Balkentr\u00e4ger HiLo Fix f\u00fcr Holz und Verbundwerkstoff - BERA BV\",\"isPartOf\":{\"@id\":\"https:\\\/\\\/www.bera-bv.com\\\/de\\\/#website\"},\"primaryImageOfPage\":{\"@id\":\"https:\\\/\\\/www.bera-bv.com\\\/de\\\/product\\\/balkentraeger-hilo-fix-fuer-holz-und-verbundwerkstoff\\\/#primaryimage\"},\"image\":{\"@id\":\"https:\\\/\\\/www.bera-bv.com\\\/de\\\/product\\\/balkentraeger-hilo-fix-fuer-holz-und-verbundwerkstoff\\\/#primaryimage\"},\"thumbnailUrl\":\"https:\\\/\\\/www.bera-bv.com\\\/wp-content\\\/uploads\\\/2025\\\/12\\\/HiLoFix_Holz_nah.jpg\",\"datePublished\":\"2026-02-25T14:07:04+00:00\",\"breadcrumb\":{\"@id\":\"https:\\\/\\\/www.bera-bv.com\\\/de\\\/product\\\/balkentraeger-hilo-fix-fuer-holz-und-verbundwerkstoff\\\/#breadcrumb\"},\"inLanguage\":\"de\",\"potentialAction\":[{\"@type\":\"ReadAction\",\"target\":[\"https:\\\/\\\/www.bera-bv.com\\\/de\\\/product\\\/balkentraeger-hilo-fix-fuer-holz-und-verbundwerkstoff\\\/\"]}]},{\"@type\":\"ImageObject\",\"inLanguage\":\"de\",\"@id\":\"https:\\\/\\\/www.bera-bv.com\\\/de\\\/product\\\/balkentraeger-hilo-fix-fuer-holz-und-verbundwerkstoff\\\/#primaryimage\",\"url\":\"https:\\\/\\\/www.bera-bv.com\\\/wp-content\\\/uploads\\\/2025\\\/12\\\/HiLoFix_Holz_nah.jpg\",\"contentUrl\":\"https:\\\/\\\/www.bera-bv.com\\\/wp-content\\\/uploads\\\/2025\\\/12\\\/HiLoFix_Holz_nah.jpg\",\"width\":801,\"height\":657,\"caption\":\"Balkdrager met houten balk voor vlonder terras\"},{\"@type\":\"BreadcrumbList\",\"@id\":\"https:\\\/\\\/www.bera-bv.com\\\/de\\\/product\\\/balkentraeger-hilo-fix-fuer-holz-und-verbundwerkstoff\\\/#breadcrumb\",\"itemListElement\":[{\"@type\":\"ListItem\",\"position\":1,\"name\":\"Home\",\"item\":\"https:\\\/\\\/www.bera-bv.com\\\/de\\\/\"},{\"@type\":\"ListItem\",\"position\":2,\"name\":\"Shop\",\"item\":\"https:\\\/\\\/www.bera-bv.com\\\/de\\\/shop\\\/\"},{\"@type\":\"ListItem\",\"position\":3,\"name\":\"Balkentr\u00e4ger HiLo Fix f\u00fcr Holz und Verbundwerkstoff\"}]},{\"@type\":\"WebSite\",\"@id\":\"https:\\\/\\\/www.bera-bv.com\\\/de\\\/#website\",\"url\":\"https:\\\/\\\/www.bera-bv.com\\\/de\\\/\",\"name\":\"BERA BV\",\"description\":\"Creatief en duurzaam landschapsontwerp\",\"publisher\":{\"@id\":\"https:\\\/\\\/www.bera-bv.com\\\/de\\\/#organization\"},\"potentialAction\":[{\"@type\":\"SearchAction\",\"target\":{\"@type\":\"EntryPoint\",\"urlTemplate\":\"https:\\\/\\\/www.bera-bv.com\\\/de\\\/?s={search_term_string}\"},\"query-input\":{\"@type\":\"PropertyValueSpecification\",\"valueRequired\":true,\"valueName\":\"search_term_string\"}}],\"inLanguage\":\"de\"},{\"@type\":\"Organization\",\"@id\":\"https:\\\/\\\/www.bera-bv.com\\\/de\\\/#organization\",\"name\":\"BERA BV\",\"url\":\"https:\\\/\\\/www.bera-bv.com\\\/de\\\/\",\"logo\":{\"@type\":\"ImageObject\",\"inLanguage\":\"de\",\"@id\":\"https:\\\/\\\/www.bera-bv.com\\\/de\\\/#\\\/schema\\\/logo\\\/image\\\/\",\"url\":\"https:\\\/\\\/www.bera-bv.com\\\/wp-content\\\/uploads\\\/2025\\\/12\\\/BERA-logo_light.svg\",\"contentUrl\":\"https:\\\/\\\/www.bera-bv.com\\\/wp-content\\\/uploads\\\/2025\\\/12\\\/BERA-logo_light.svg\",\"caption\":\"BERA BV\"},\"image\":{\"@id\":\"https:\\\/\\\/www.bera-bv.com\\\/de\\\/#\\\/schema\\\/logo\\\/image\\\/\"}}]}<\/script>\n<!-- \/ Yoast SEO plugin. -->","yoast_head_json":{"title":"Balkentr\u00e4ger HiLo Fix f\u00fcr Holz und Verbundwerkstoff - BERA BV","robots":{"index":"index","follow":"follow","max-snippet":"max-snippet:-1","max-image-preview":"max-image-preview:large","max-video-preview":"max-video-preview:-1"},"canonical":"https:\/\/www.bera-bv.com\/de\/product\/balkentraeger-hilo-fix-fuer-holz-und-verbundwerkstoff\/","og_locale":"de_DE","og_type":"article","og_title":"Balkentr\u00e4ger HiLo Fix f\u00fcr Holz und Verbundwerkstoff - BERA BV","og_description":"Beschreibung BERA\u00ae Pedestals HiLo Fix wurden von und f\u00fcr Profis zur Gestaltung von G\u00e4rten und Terrassen entwickelt. Sie bestehen aus 100 % recyceltem und verst\u00e4rktem Polypropylen, wodurch Sand, Ziegel oder andere Methoden f\u00fcr die Verlegung von Holz- oder Verbundterrassen \u00fcberfl\u00fcssig werden.  Ein optimaler Regenwasserabfluss und die Installation elektrischer Systeme im Hohlraum unter der erh\u00f6hten Terrasse sorgen f\u00fcr eine l\u00e4ngere Lebensdauer der Terrassendielen und tragen zum hochwertigen Erscheinungsbild der Terrasse bei. Besch\u00e4digte oder verschmutzte Dielen k\u00f6nnen problemlos ausgetauscht werden.  Die gro\u00dfe Standfl\u00e4che von mehr als 300 cm\u00b2 entspricht den internationalen Normen f\u00fcr die maximale Belastung der Dachabdichtung und sch\u00fctzt diese somit vor Durchdr\u00fccken. Die Tr\u00e4ger sind sowohl vertikal als auch horizontal sehr stabil und in H\u00f6hen von 11 bis 470 mm lieferbar. Mittels eines Schnellverstellrings l\u00e4sst sich die H\u00f6he pr\u00e4zise einstellen, wodurch die Installationskosten auf ein Minimum reduziert werden.  Der BERA\u00ae HiLo Fix kann mit zahlreichem Zubeh\u00f6r geliefert werden, darunter ein Neigungsausgleicher, der an der Unterseite des Fu\u00dfes platziert werden kann, um Unebenheiten von bis zu 7 % auszugleichen. Suchen Sie Stelzlager f\u00fcr Fliesen? Dann schauen Sie sich das BERA HiLo Fix Plattenlager an.  Besuchen Sie unsere Website f\u00fcr weitere Informationen","og_url":"https:\/\/www.bera-bv.com\/de\/product\/balkentraeger-hilo-fix-fuer-holz-und-verbundwerkstoff\/","og_site_name":"BERA BV","og_image":[{"width":801,"height":657,"url":"https:\/\/www.bera-bv.com\/wp-content\/uploads\/2025\/12\/HiLoFix_Holz_nah.jpg","type":"image\/jpeg"}],"twitter_card":"summary_large_image","schema":{"@context":"https:\/\/schema.org","@graph":[{"@type":"WebPage","@id":"https:\/\/www.bera-bv.com\/de\/product\/balkentraeger-hilo-fix-fuer-holz-und-verbundwerkstoff\/","url":"https:\/\/www.bera-bv.com\/de\/product\/balkentraeger-hilo-fix-fuer-holz-und-verbundwerkstoff\/","name":"Balkentr\u00e4ger HiLo Fix f\u00fcr Holz und Verbundwerkstoff - BERA BV","isPartOf":{"@id":"https:\/\/www.bera-bv.com\/de\/#website"},"primaryImageOfPage":{"@id":"https:\/\/www.bera-bv.com\/de\/product\/balkentraeger-hilo-fix-fuer-holz-und-verbundwerkstoff\/#primaryimage"},"image":{"@id":"https:\/\/www.bera-bv.com\/de\/product\/balkentraeger-hilo-fix-fuer-holz-und-verbundwerkstoff\/#primaryimage"},"thumbnailUrl":"https:\/\/www.bera-bv.com\/wp-content\/uploads\/2025\/12\/HiLoFix_Holz_nah.jpg","datePublished":"2026-02-25T14:07:04+00:00","breadcrumb":{"@id":"https:\/\/www.bera-bv.com\/de\/product\/balkentraeger-hilo-fix-fuer-holz-und-verbundwerkstoff\/#breadcrumb"},"inLanguage":"de","potentialAction":[{"@type":"ReadAction","target":["https:\/\/www.bera-bv.com\/de\/product\/balkentraeger-hilo-fix-fuer-holz-und-verbundwerkstoff\/"]}]},{"@type":"ImageObject","inLanguage":"de","@id":"https:\/\/www.bera-bv.com\/de\/product\/balkentraeger-hilo-fix-fuer-holz-und-verbundwerkstoff\/#primaryimage","url":"https:\/\/www.bera-bv.com\/wp-content\/uploads\/2025\/12\/HiLoFix_Holz_nah.jpg","contentUrl":"https:\/\/www.bera-bv.com\/wp-content\/uploads\/2025\/12\/HiLoFix_Holz_nah.jpg","width":801,"height":657,"caption":"Balkdrager met houten balk voor vlonder terras"},{"@type":"BreadcrumbList","@id":"https:\/\/www.bera-bv.com\/de\/product\/balkentraeger-hilo-fix-fuer-holz-und-verbundwerkstoff\/#breadcrumb","itemListElement":[{"@type":"ListItem","position":1,"name":"Home","item":"https:\/\/www.bera-bv.com\/de\/"},{"@type":"ListItem","position":2,"name":"Shop","item":"https:\/\/www.bera-bv.com\/de\/shop\/"},{"@type":"ListItem","position":3,"name":"Balkentr\u00e4ger HiLo Fix f\u00fcr Holz und Verbundwerkstoff"}]},{"@type":"WebSite","@id":"https:\/\/www.bera-bv.com\/de\/#website","url":"https:\/\/www.bera-bv.com\/de\/","name":"BERA BV","description":"Creatief en duurzaam landschapsontwerp","publisher":{"@id":"https:\/\/www.bera-bv.com\/de\/#organization"},"potentialAction":[{"@type":"SearchAction","target":{"@type":"EntryPoint","urlTemplate":"https:\/\/www.bera-bv.com\/de\/?s={search_term_string}"},"query-input":{"@type":"PropertyValueSpecification","valueRequired":true,"valueName":"search_term_string"}}],"inLanguage":"de"},{"@type":"Organization","@id":"https:\/\/www.bera-bv.com\/de\/#organization","name":"BERA BV","url":"https:\/\/www.bera-bv.com\/de\/","logo":{"@type":"ImageObject","inLanguage":"de","@id":"https:\/\/www.bera-bv.com\/de\/#\/schema\/logo\/image\/","url":"https:\/\/www.bera-bv.com\/wp-content\/uploads\/2025\/12\/BERA-logo_light.svg","contentUrl":"https:\/\/www.bera-bv.com\/wp-content\/uploads\/2025\/12\/BERA-logo_light.svg","caption":"BERA BV"},"image":{"@id":"https:\/\/www.bera-bv.com\/de\/#\/schema\/logo\/image\/"}}]}},"_links":{"self":[{"href":"https:\/\/www.bera-bv.com\/de\/wp-json\/wp\/v2\/product\/13175","targetHints":{"allow":["GET"]}}],"collection":[{"href":"https:\/\/www.bera-bv.com\/de\/wp-json\/wp\/v2\/product"}],"about":[{"href":"https:\/\/www.bera-bv.com\/de\/wp-json\/wp\/v2\/types\/product"}],"wp:featuredmedia":[{"embeddable":true,"href":"https:\/\/www.bera-bv.com\/de\/wp-json\/wp\/v2\/media\/13176"}],"wp:attachment":[{"href":"https:\/\/www.bera-bv.com\/de\/wp-json\/wp\/v2\/media?parent=13175"}],"wp:term":[{"taxonomy":"product_brand","embeddable":true,"href":"https:\/\/www.bera-bv.com\/de\/wp-json\/wp\/v2\/product_brand?post=13175"},{"taxonomy":"product_cat","embeddable":true,"href":"https:\/\/www.bera-bv.com\/de\/wp-json\/wp\/v2\/product_cat?post=13175"},{"taxonomy":"product_tag","embeddable":true,"href":"https:\/\/www.bera-bv.com\/de\/wp-json\/wp\/v2\/product_tag?post=13175"}],"curies":[{"name":"wp","href":"https:\/\/api.w.org\/{rel}","templated":true}]}}