{"id":13173,"date":"2026-02-25T15:07:03","date_gmt":"2026-02-25T14:07:03","guid":{"rendered":"http:\/\/bera-bv.com\/product\/randeinfassung-bera-l-edge-pro-118x45x5-cm\/"},"modified":"2026-02-25T15:07:04","modified_gmt":"2026-02-25T14:07:04","slug":"randeinfassung-bera-l-edge-pro-118x45x5-cm","status":"publish","type":"product","link":"https:\/\/www.bera-bv.com\/de\/product\/randeinfassung-bera-l-edge-pro-118x45x5-cm\/","title":{"rendered":"Randeinfassung BERA L-Edge Pro (118&#215;4,5&#215;5 cm)"},"content":{"rendered":"<p><strong>Anwendung<\/strong><\/p>\n<ul>\n<li>Seitliche Begrenzung f\u00fcr Gravel Fix Kiesstabilisierung, z. B. f\u00fcr Gartenwege<\/li>\n<li>Abschlussprofil f\u00fcr andere Materialien wie Holz, Stein und Fliesen<\/li>\n<\/ul>\n<p><strong>Produktdetails<\/strong><\/p>\n<ul>\n<li>Farbe: Aluminium natur<\/li>\n<li>Abmessungen: LxBxH = 118&#215;4,5&#215;5 cm<\/li>\n<li>Gewicht: 590 g pro St\u00fcck<\/li>\n<li>Material: hochwertiges Aluminium<\/li>\n<\/ul>\n<p><strong>Montage<\/strong><\/p>\n<ul>\n<li>Platzieren Sie die L-Profile auf dem verdichteten und geebneten Sandbett. Durch das Durchtrennen einiger \u201eBr\u00fccken\u201c und deren Aufbiegen kann das Unkrautvlies der Gravel Fix Platte dar\u00fcber gedr\u00fcckt werden. Nachdem die Kiesplatte nach unten gedr\u00fcckt wurde, biegen Sie die Br\u00fccken wieder zur\u00fcck, sodass die Platte am Profil fixiert ist. Bei starker seitlicher Belastung universelle Erdn\u00e4gel oder andere geeignete Methoden verwenden.   <\/li>\n<li><a href=\"https:\/\/www.bera-bv.nl\/webshop\/produkt\/randleiste-gravel-edge-alu-verbindungselemente\/\">Verbinder<\/a> sind im Lieferumfang enthalten oder k\u00f6nnen separat bestellt werden, um die Profile optional miteinander zu koppeln.<\/li>\n<\/ul>\n","protected":false},"excerpt":{"rendered":"<p><strong>Beschreibung<\/strong><br \/>\nDie Gravel Edge ALU L-Profile sind die ideale Randeinfassung f\u00fcr unsere Kiesstabilisierung Gravel Fix Pro oder Smart sowie zum Einfassen von Pflastersteinen f\u00fcr Terrassen oder andere Bel\u00e4ge. Die H\u00f6he von 5 cm ist so gew\u00e4hlt, dass die Gravel Fix Platten mit 3,2 cm perfekt hineinpassen. Mit der Deckschicht von ca. 1\u20131,5 cm bleibt diskret nur die Oberkante sichtbar.  <\/p>\n<p>Gravel Edge ALU L kann sowohl 100 % gerade als auch flexibel eingesetzt werden. Durch das Durchtrennen der d\u00fcnnen Verbindungen entsteht ein \u00e4u\u00dferst flexibles Profil f\u00fcr Kurven und Formen aller Art, zum Beispiel bei Gartenwegen, Terrassen, um B\u00e4ume herum oder als Beeteinfassung. <\/p>\n<p>Geeignet f\u00fcr leichte Belastungen. F\u00fcr die Verwendung auf privaten Parkpl\u00e4tzen oder Einfahrten empfehlen wir die <a href=\"https:\/\/www.bera-bv.nl\/webshop\/produkt\/gravel-edge-alu-t-profil\/\">Gravel Edge ALU T<\/a> Profile. <\/p>\n<p>Weitere Informationen erhalten Sie <a href=\"https:\/\/www.bera-bv.nl\/randbegrenzing\/bera-t-l-edge-pro\/\" target=\"_blank\" rel=\"noopener\">hier<\/a><\/p>\n","protected":false},"featured_media":13174,"template":"","meta":{"site-sidebar-layout":"default","site-content-layout":"","ast-site-content-layout":"default","site-content-style":"default","site-sidebar-style":"default","ast-global-header-display":"","ast-banner-title-visibility":"","ast-main-header-display":"","ast-hfb-above-header-display":"","ast-hfb-below-header-display":"","ast-hfb-mobile-header-display":"","site-post-title":"","ast-breadcrumbs-content":"","ast-featured-img":"","footer-sml-layout":"","ast-disable-related-posts":"","theme-transparent-header-meta":"default","adv-header-id-meta":"","stick-header-meta":"default","header-above-stick-meta":"","header-main-stick-meta":"","header-below-stick-meta":"","astra-migrate-meta-layouts":"default","ast-page-background-enabled":"default","ast-page-background-meta":{"desktop":{"background-color":"var(--ast-global-color-4)","background-image":"","background-repeat":"repeat","background-position":"center center","background-size":"auto","background-attachment":"scroll","background-type":"","background-media":"","overlay-type":"","overlay-color":"","overlay-opacity":"","overlay-gradient":""},"tablet":{"background-color":"","background-image":"","background-repeat":"repeat","background-position":"center center","background-size":"auto","background-attachment":"scroll","background-type":"","background-media":"","overlay-type":"","overlay-color":"","overlay-opacity":"","overlay-gradient":""},"mobile":{"background-color":"","background-image":"","background-repeat":"repeat","background-position":"center center","background-size":"auto","background-attachment":"scroll","background-type":"","background-media":"","overlay-type":"","overlay-color":"","overlay-opacity":"","overlay-gradient":""}},"ast-content-background-meta":{"desktop":{"background-color":"var(--ast-global-color-5)","background-image":"","background-repeat":"repeat","background-position":"center center","background-size":"auto","background-attachment":"scroll","background-type":"","background-media":"","overlay-type":"","overlay-color":"","overlay-opacity":"","overlay-gradient":""},"tablet":{"background-color":"var(--ast-global-color-5)","background-image":"","background-repeat":"repeat","background-position":"center center","background-size":"auto","background-attachment":"scroll","background-type":"","background-media":"","overlay-type":"","overlay-color":"","overlay-opacity":"","overlay-gradient":""},"mobile":{"background-color":"var(--ast-global-color-5)","background-image":"","background-repeat":"repeat","background-position":"center center","background-size":"auto","background-attachment":"scroll","background-type":"","background-media":"","overlay-type":"","overlay-color":"","overlay-opacity":"","overlay-gradient":""}}},"product_brand":[],"product_cat":[273],"product_tag":[],"class_list":{"0":"post-13173","1":"product","2":"type-product","3":"status-publish","4":"has-post-thumbnail","6":"product_cat-randeinfassung","7":"product_shipping_class-parcel","8":"pa_frostproof-ja","9":"pa_kleur-aluminium-blank","10":"pa_materiaal-aluminium","11":"pa_uv-bestendig-ja","12":"desktop-align-left","13":"tablet-align-left","14":"mobile-align-left","15":"ast-product-gallery-layout-horizontal","16":"ast-product-tabs-layout-horizontal","18":"first","19":"instock","20":"purchasable","21":"product-type-simple"},"yoast_head":"<!-- This site is optimized with the Yoast SEO plugin v27.4 - https:\/\/yoast.com\/product\/yoast-seo-wordpress\/ -->\n<title>Randeinfassung BERA L-Edge Pro (118x4,5x5 cm) - BERA BV<\/title>\n<meta name=\"robots\" content=\"index, follow, max-snippet:-1, max-image-preview:large, max-video-preview:-1\" \/>\n<link rel=\"canonical\" href=\"https:\/\/www.bera-bv.com\/de\/product\/randeinfassung-bera-l-edge-pro-118x45x5-cm\/\" \/>\n<meta property=\"og:locale\" content=\"de_DE\" \/>\n<meta property=\"og:type\" content=\"article\" \/>\n<meta property=\"og:title\" content=\"Randeinfassung BERA L-Edge Pro (118x4,5x5 cm) - BERA BV\" \/>\n<meta property=\"og:description\" content=\"Beschreibung Die Gravel Edge ALU L-Profile sind die ideale Randeinfassung f\u00fcr unsere Kiesstabilisierung Gravel Fix Pro oder Smart sowie zum Einfassen von Pflastersteinen f\u00fcr Terrassen oder andere Bel\u00e4ge. Die H\u00f6he von 5 cm ist so gew\u00e4hlt, dass die Gravel Fix Platten mit 3,2 cm perfekt hineinpassen. Mit der Deckschicht von ca. 1\u20131,5 cm bleibt diskret nur die Oberkante sichtbar.  Gravel Edge ALU L kann sowohl 100 % gerade als auch flexibel eingesetzt werden. Durch das Durchtrennen der d\u00fcnnen Verbindungen entsteht ein \u00e4u\u00dferst flexibles Profil f\u00fcr Kurven und Formen aller Art, zum Beispiel bei Gartenwegen, Terrassen, um B\u00e4ume herum oder als Beeteinfassung.  Geeignet f\u00fcr leichte Belastungen. F\u00fcr die Verwendung auf privaten Parkpl\u00e4tzen oder Einfahrten empfehlen wir die Gravel Edge ALU T Profile.  Weitere Informationen erhalten Sie hier\" \/>\n<meta property=\"og:url\" content=\"https:\/\/www.bera-bv.com\/de\/product\/randeinfassung-bera-l-edge-pro-118x45x5-cm\/\" \/>\n<meta property=\"og:site_name\" content=\"BERA BV\" \/>\n<meta property=\"article:modified_time\" content=\"2026-02-25T14:07:04+00:00\" \/>\n<meta property=\"og:image\" content=\"https:\/\/www.bera-bv.com\/wp-content\/uploads\/2025\/12\/DS_2016_12_05_999_62-scaled.jpg\" \/>\n\t<meta property=\"og:image:width\" content=\"2560\" \/>\n\t<meta property=\"og:image:height\" content=\"1050\" \/>\n\t<meta property=\"og:image:type\" content=\"image\/jpeg\" \/>\n<meta name=\"twitter:card\" content=\"summary_large_image\" \/>\n<meta name=\"twitter:label1\" content=\"Gesch\u00e4tzte Lesezeit\" \/>\n\t<meta name=\"twitter:data1\" content=\"1\u00a0Minute\" \/>\n<script type=\"application\/ld+json\" class=\"yoast-schema-graph\">{\"@context\":\"https:\\\/\\\/schema.org\",\"@graph\":[{\"@type\":\"WebPage\",\"@id\":\"https:\\\/\\\/www.bera-bv.com\\\/de\\\/product\\\/randeinfassung-bera-l-edge-pro-118x45x5-cm\\\/\",\"url\":\"https:\\\/\\\/www.bera-bv.com\\\/de\\\/product\\\/randeinfassung-bera-l-edge-pro-118x45x5-cm\\\/\",\"name\":\"Randeinfassung BERA L-Edge Pro (118x4,5x5 cm) - BERA BV\",\"isPartOf\":{\"@id\":\"https:\\\/\\\/www.bera-bv.com\\\/de\\\/#website\"},\"primaryImageOfPage\":{\"@id\":\"https:\\\/\\\/www.bera-bv.com\\\/de\\\/product\\\/randeinfassung-bera-l-edge-pro-118x45x5-cm\\\/#primaryimage\"},\"image\":{\"@id\":\"https:\\\/\\\/www.bera-bv.com\\\/de\\\/product\\\/randeinfassung-bera-l-edge-pro-118x45x5-cm\\\/#primaryimage\"},\"thumbnailUrl\":\"https:\\\/\\\/www.bera-bv.com\\\/wp-content\\\/uploads\\\/2025\\\/12\\\/DS_2016_12_05_999_62-scaled.jpg\",\"datePublished\":\"2026-02-25T14:07:03+00:00\",\"dateModified\":\"2026-02-25T14:07:04+00:00\",\"breadcrumb\":{\"@id\":\"https:\\\/\\\/www.bera-bv.com\\\/de\\\/product\\\/randeinfassung-bera-l-edge-pro-118x45x5-cm\\\/#breadcrumb\"},\"inLanguage\":\"de\",\"potentialAction\":[{\"@type\":\"ReadAction\",\"target\":[\"https:\\\/\\\/www.bera-bv.com\\\/de\\\/product\\\/randeinfassung-bera-l-edge-pro-118x45x5-cm\\\/\"]}]},{\"@type\":\"ImageObject\",\"inLanguage\":\"de\",\"@id\":\"https:\\\/\\\/www.bera-bv.com\\\/de\\\/product\\\/randeinfassung-bera-l-edge-pro-118x45x5-cm\\\/#primaryimage\",\"url\":\"https:\\\/\\\/www.bera-bv.com\\\/wp-content\\\/uploads\\\/2025\\\/12\\\/DS_2016_12_05_999_62-scaled.jpg\",\"contentUrl\":\"https:\\\/\\\/www.bera-bv.com\\\/wp-content\\\/uploads\\\/2025\\\/12\\\/DS_2016_12_05_999_62-scaled.jpg\",\"width\":2560,\"height\":1050},{\"@type\":\"BreadcrumbList\",\"@id\":\"https:\\\/\\\/www.bera-bv.com\\\/de\\\/product\\\/randeinfassung-bera-l-edge-pro-118x45x5-cm\\\/#breadcrumb\",\"itemListElement\":[{\"@type\":\"ListItem\",\"position\":1,\"name\":\"Home\",\"item\":\"https:\\\/\\\/www.bera-bv.com\\\/de\\\/\"},{\"@type\":\"ListItem\",\"position\":2,\"name\":\"Shop\",\"item\":\"https:\\\/\\\/www.bera-bv.com\\\/de\\\/shop\\\/\"},{\"@type\":\"ListItem\",\"position\":3,\"name\":\"Randeinfassung BERA L-Edge Pro (118&#215;4,5&#215;5 cm)\"}]},{\"@type\":\"WebSite\",\"@id\":\"https:\\\/\\\/www.bera-bv.com\\\/de\\\/#website\",\"url\":\"https:\\\/\\\/www.bera-bv.com\\\/de\\\/\",\"name\":\"BERA BV\",\"description\":\"Creatief en duurzaam landschapsontwerp\",\"publisher\":{\"@id\":\"https:\\\/\\\/www.bera-bv.com\\\/de\\\/#organization\"},\"potentialAction\":[{\"@type\":\"SearchAction\",\"target\":{\"@type\":\"EntryPoint\",\"urlTemplate\":\"https:\\\/\\\/www.bera-bv.com\\\/de\\\/?s={search_term_string}\"},\"query-input\":{\"@type\":\"PropertyValueSpecification\",\"valueRequired\":true,\"valueName\":\"search_term_string\"}}],\"inLanguage\":\"de\"},{\"@type\":\"Organization\",\"@id\":\"https:\\\/\\\/www.bera-bv.com\\\/de\\\/#organization\",\"name\":\"BERA BV\",\"url\":\"https:\\\/\\\/www.bera-bv.com\\\/de\\\/\",\"logo\":{\"@type\":\"ImageObject\",\"inLanguage\":\"de\",\"@id\":\"https:\\\/\\\/www.bera-bv.com\\\/de\\\/#\\\/schema\\\/logo\\\/image\\\/\",\"url\":\"https:\\\/\\\/www.bera-bv.com\\\/wp-content\\\/uploads\\\/2025\\\/12\\\/BERA-logo_light.svg\",\"contentUrl\":\"https:\\\/\\\/www.bera-bv.com\\\/wp-content\\\/uploads\\\/2025\\\/12\\\/BERA-logo_light.svg\",\"caption\":\"BERA BV\"},\"image\":{\"@id\":\"https:\\\/\\\/www.bera-bv.com\\\/de\\\/#\\\/schema\\\/logo\\\/image\\\/\"}}]}<\/script>\n<!-- \/ Yoast SEO plugin. -->","yoast_head_json":{"title":"Randeinfassung BERA L-Edge Pro (118x4,5x5 cm) - BERA BV","robots":{"index":"index","follow":"follow","max-snippet":"max-snippet:-1","max-image-preview":"max-image-preview:large","max-video-preview":"max-video-preview:-1"},"canonical":"https:\/\/www.bera-bv.com\/de\/product\/randeinfassung-bera-l-edge-pro-118x45x5-cm\/","og_locale":"de_DE","og_type":"article","og_title":"Randeinfassung BERA L-Edge Pro (118x4,5x5 cm) - BERA BV","og_description":"Beschreibung Die Gravel Edge ALU L-Profile sind die ideale Randeinfassung f\u00fcr unsere Kiesstabilisierung Gravel Fix Pro oder Smart sowie zum Einfassen von Pflastersteinen f\u00fcr Terrassen oder andere Bel\u00e4ge. Die H\u00f6he von 5 cm ist so gew\u00e4hlt, dass die Gravel Fix Platten mit 3,2 cm perfekt hineinpassen. Mit der Deckschicht von ca. 1\u20131,5 cm bleibt diskret nur die Oberkante sichtbar.  Gravel Edge ALU L kann sowohl 100 % gerade als auch flexibel eingesetzt werden. Durch das Durchtrennen der d\u00fcnnen Verbindungen entsteht ein \u00e4u\u00dferst flexibles Profil f\u00fcr Kurven und Formen aller Art, zum Beispiel bei Gartenwegen, Terrassen, um B\u00e4ume herum oder als Beeteinfassung.  Geeignet f\u00fcr leichte Belastungen. F\u00fcr die Verwendung auf privaten Parkpl\u00e4tzen oder Einfahrten empfehlen wir die Gravel Edge ALU T Profile.  Weitere Informationen erhalten Sie hier","og_url":"https:\/\/www.bera-bv.com\/de\/product\/randeinfassung-bera-l-edge-pro-118x45x5-cm\/","og_site_name":"BERA BV","article_modified_time":"2026-02-25T14:07:04+00:00","og_image":[{"width":2560,"height":1050,"url":"https:\/\/www.bera-bv.com\/wp-content\/uploads\/2025\/12\/DS_2016_12_05_999_62-scaled.jpg","type":"image\/jpeg"}],"twitter_card":"summary_large_image","twitter_misc":{"Gesch\u00e4tzte Lesezeit":"1\u00a0Minute"},"schema":{"@context":"https:\/\/schema.org","@graph":[{"@type":"WebPage","@id":"https:\/\/www.bera-bv.com\/de\/product\/randeinfassung-bera-l-edge-pro-118x45x5-cm\/","url":"https:\/\/www.bera-bv.com\/de\/product\/randeinfassung-bera-l-edge-pro-118x45x5-cm\/","name":"Randeinfassung BERA L-Edge Pro (118x4,5x5 cm) - BERA BV","isPartOf":{"@id":"https:\/\/www.bera-bv.com\/de\/#website"},"primaryImageOfPage":{"@id":"https:\/\/www.bera-bv.com\/de\/product\/randeinfassung-bera-l-edge-pro-118x45x5-cm\/#primaryimage"},"image":{"@id":"https:\/\/www.bera-bv.com\/de\/product\/randeinfassung-bera-l-edge-pro-118x45x5-cm\/#primaryimage"},"thumbnailUrl":"https:\/\/www.bera-bv.com\/wp-content\/uploads\/2025\/12\/DS_2016_12_05_999_62-scaled.jpg","datePublished":"2026-02-25T14:07:03+00:00","dateModified":"2026-02-25T14:07:04+00:00","breadcrumb":{"@id":"https:\/\/www.bera-bv.com\/de\/product\/randeinfassung-bera-l-edge-pro-118x45x5-cm\/#breadcrumb"},"inLanguage":"de","potentialAction":[{"@type":"ReadAction","target":["https:\/\/www.bera-bv.com\/de\/product\/randeinfassung-bera-l-edge-pro-118x45x5-cm\/"]}]},{"@type":"ImageObject","inLanguage":"de","@id":"https:\/\/www.bera-bv.com\/de\/product\/randeinfassung-bera-l-edge-pro-118x45x5-cm\/#primaryimage","url":"https:\/\/www.bera-bv.com\/wp-content\/uploads\/2025\/12\/DS_2016_12_05_999_62-scaled.jpg","contentUrl":"https:\/\/www.bera-bv.com\/wp-content\/uploads\/2025\/12\/DS_2016_12_05_999_62-scaled.jpg","width":2560,"height":1050},{"@type":"BreadcrumbList","@id":"https:\/\/www.bera-bv.com\/de\/product\/randeinfassung-bera-l-edge-pro-118x45x5-cm\/#breadcrumb","itemListElement":[{"@type":"ListItem","position":1,"name":"Home","item":"https:\/\/www.bera-bv.com\/de\/"},{"@type":"ListItem","position":2,"name":"Shop","item":"https:\/\/www.bera-bv.com\/de\/shop\/"},{"@type":"ListItem","position":3,"name":"Randeinfassung BERA L-Edge Pro (118&#215;4,5&#215;5 cm)"}]},{"@type":"WebSite","@id":"https:\/\/www.bera-bv.com\/de\/#website","url":"https:\/\/www.bera-bv.com\/de\/","name":"BERA BV","description":"Creatief en duurzaam landschapsontwerp","publisher":{"@id":"https:\/\/www.bera-bv.com\/de\/#organization"},"potentialAction":[{"@type":"SearchAction","target":{"@type":"EntryPoint","urlTemplate":"https:\/\/www.bera-bv.com\/de\/?s={search_term_string}"},"query-input":{"@type":"PropertyValueSpecification","valueRequired":true,"valueName":"search_term_string"}}],"inLanguage":"de"},{"@type":"Organization","@id":"https:\/\/www.bera-bv.com\/de\/#organization","name":"BERA BV","url":"https:\/\/www.bera-bv.com\/de\/","logo":{"@type":"ImageObject","inLanguage":"de","@id":"https:\/\/www.bera-bv.com\/de\/#\/schema\/logo\/image\/","url":"https:\/\/www.bera-bv.com\/wp-content\/uploads\/2025\/12\/BERA-logo_light.svg","contentUrl":"https:\/\/www.bera-bv.com\/wp-content\/uploads\/2025\/12\/BERA-logo_light.svg","caption":"BERA BV"},"image":{"@id":"https:\/\/www.bera-bv.com\/de\/#\/schema\/logo\/image\/"}}]}},"_links":{"self":[{"href":"https:\/\/www.bera-bv.com\/de\/wp-json\/wp\/v2\/product\/13173","targetHints":{"allow":["GET"]}}],"collection":[{"href":"https:\/\/www.bera-bv.com\/de\/wp-json\/wp\/v2\/product"}],"about":[{"href":"https:\/\/www.bera-bv.com\/de\/wp-json\/wp\/v2\/types\/product"}],"wp:featuredmedia":[{"embeddable":true,"href":"https:\/\/www.bera-bv.com\/de\/wp-json\/wp\/v2\/media\/13174"}],"wp:attachment":[{"href":"https:\/\/www.bera-bv.com\/de\/wp-json\/wp\/v2\/media?parent=13173"}],"wp:term":[{"taxonomy":"product_brand","embeddable":true,"href":"https:\/\/www.bera-bv.com\/de\/wp-json\/wp\/v2\/product_brand?post=13173"},{"taxonomy":"product_cat","embeddable":true,"href":"https:\/\/www.bera-bv.com\/de\/wp-json\/wp\/v2\/product_cat?post=13173"},{"taxonomy":"product_tag","embeddable":true,"href":"https:\/\/www.bera-bv.com\/de\/wp-json\/wp\/v2\/product_tag?post=13173"}],"curies":[{"name":"wp","href":"https:\/\/api.w.org\/{rel}","templated":true}]}}