{"id":13143,"date":"2025-12-22T12:35:40","date_gmt":"2025-12-22T11:35:40","guid":{"rendered":"http:\/\/bera-bv.com\/product\/grass-fix-eco-rasengitter-rasenwabe-55x38-cm\/"},"modified":"2026-02-25T15:07:04","modified_gmt":"2026-02-25T14:07:04","slug":"grass-fix-eco-rasengitter-rasenwabe-55x38-cm","status":"publish","type":"product","link":"https:\/\/www.bera-bv.com\/de\/product\/grass-fix-eco-rasengitter-rasenwabe-55x38-cm\/","title":{"rendered":"Grass Fix Eco+ Rasengitter \/ Rasenwabe (55&#215;38 cm)"},"content":{"rendered":"<p><strong>Anwendung<\/strong><\/p>\n<ul>\n<li>Parkpl\u00e4tze<\/li>\n<li>Service- und Rettungswege um Geb\u00e4ude<\/li>\n<\/ul>\n<p><strong>Produktdetails<\/strong><\/p>\n<ul>\n<li>Farbe: Grau oder Gr\u00fcn<\/li>\n<li>Ma\u00dfe: 55x38x3,1 cm (inkl. Bodenanker H=5,1 cm)<\/li>\n<li>Fl\u00e4che: 0,21 m\u00b2 pro Platte<\/li>\n<li>Anzahl Platten pro m\u00b2: 4,76<\/li>\n<li>Gewicht: ca. 0,9 kg pro Platte<\/li>\n<li>Gegenseitige Befestigung mit \u201eInterlock\u201c<\/li>\n<li>Maximale Belastung gem\u00e4\u00df DIN 14090<\/li>\n<li>Material: HDPE \u2013 100 % recycelbar<\/li>\n<li>UV- und frostbest\u00e4ndig<\/li>\n<\/ul>\n<p>Bitte beachten Sie f\u00fcr die Verlegung unsere ausf\u00fchrliche Anleitung.<\/p>\n","protected":false},"excerpt":{"rendered":"<p><strong>Artikelbeschreibung<\/strong><\/p>\n<p>Grass Fix Eco+ wird f\u00fcr Rasenparkpl\u00e4tze bei P+R, Ferienparks oder \u00f6ffentlichen Geb\u00e4uden verwendet. Im Vergleich zur Betonvariante ist das Graswachstum nicht mehr problematisch. Beton wird hei\u00df und trocknet den Rasen aus, Grass Fix nicht!  <\/p>\n<p>Grass Fix Eco wurde auf Festigkeit f\u00fcr den Einsatz rund um Geb\u00e4ude gepr\u00fcft, damit Feuerwehrfahrzeuge und andere Rettungsdienste die Gr\u00fcnfl\u00e4chen sicher befahren k\u00f6nnen.<\/p>\n<p>Weitere Informationen finden Sie <a href=\"https:\/\/www.bera-bv.nl\/grasplaten\/bera-grass-fix-eco\/\" target=\"_blank\" rel=\"noopener noreferrer\">hier<\/a>.<\/p>\n","protected":false},"featured_media":13144,"template":"","meta":{"site-sidebar-layout":"default","site-content-layout":"","ast-site-content-layout":"default","site-content-style":"default","site-sidebar-style":"default","ast-global-header-display":"","ast-banner-title-visibility":"","ast-main-header-display":"","ast-hfb-above-header-display":"","ast-hfb-below-header-display":"","ast-hfb-mobile-header-display":"","site-post-title":"","ast-breadcrumbs-content":"","ast-featured-img":"","footer-sml-layout":"","ast-disable-related-posts":"","theme-transparent-header-meta":"default","adv-header-id-meta":"","stick-header-meta":"default","header-above-stick-meta":"","header-main-stick-meta":"","header-below-stick-meta":"","astra-migrate-meta-layouts":"default","ast-page-background-enabled":"default","ast-page-background-meta":{"desktop":{"background-color":"var(--ast-global-color-4)","background-image":"","background-repeat":"repeat","background-position":"center center","background-size":"auto","background-attachment":"scroll","background-type":"","background-media":"","overlay-type":"","overlay-color":"","overlay-opacity":"","overlay-gradient":""},"tablet":{"background-color":"","background-image":"","background-repeat":"repeat","background-position":"center center","background-size":"auto","background-attachment":"scroll","background-type":"","background-media":"","overlay-type":"","overlay-color":"","overlay-opacity":"","overlay-gradient":""},"mobile":{"background-color":"","background-image":"","background-repeat":"repeat","background-position":"center center","background-size":"auto","background-attachment":"scroll","background-type":"","background-media":"","overlay-type":"","overlay-color":"","overlay-opacity":"","overlay-gradient":""}},"ast-content-background-meta":{"desktop":{"background-color":"var(--ast-global-color-5)","background-image":"","background-repeat":"repeat","background-position":"center center","background-size":"auto","background-attachment":"scroll","background-type":"","background-media":"","overlay-type":"","overlay-color":"","overlay-opacity":"","overlay-gradient":""},"tablet":{"background-color":"var(--ast-global-color-5)","background-image":"","background-repeat":"repeat","background-position":"center center","background-size":"auto","background-attachment":"scroll","background-type":"","background-media":"","overlay-type":"","overlay-color":"","overlay-opacity":"","overlay-gradient":""},"mobile":{"background-color":"var(--ast-global-color-5)","background-image":"","background-repeat":"repeat","background-position":"center center","background-size":"auto","background-attachment":"scroll","background-type":"","background-media":"","overlay-type":"","overlay-color":"","overlay-opacity":"","overlay-gradient":""}}},"product_brand":[],"product_cat":[406],"product_tag":[],"class_list":{"0":"post-13143","1":"product","2":"type-product","3":"status-publish","4":"has-post-thumbnail","6":"product_cat-rasenstabilisierung","7":"product_shipping_class-parcel","8":"pa_kleur-grun","9":"pa_kleur-grau","10":"desktop-align-left","11":"tablet-align-left","12":"mobile-align-left","13":"ast-product-gallery-layout-horizontal","14":"ast-product-single-variable","15":"ast-product-tabs-layout-horizontal","17":"first","18":"instock","19":"purchasable","20":"product-type-variable"},"yoast_head":"<!-- This site is optimized with the Yoast SEO plugin v27.4 - https:\/\/yoast.com\/product\/yoast-seo-wordpress\/ -->\n<title>Grass Fix Eco+ Rasengitter \/ Rasenwabe (55x38 cm) - BERA BV<\/title>\n<meta name=\"robots\" content=\"index, follow, max-snippet:-1, max-image-preview:large, max-video-preview:-1\" \/>\n<link rel=\"canonical\" href=\"https:\/\/www.bera-bv.com\/de\/product\/grass-fix-eco-rasengitter-rasenwabe-55x38-cm\/\" \/>\n<meta property=\"og:locale\" content=\"de_DE\" \/>\n<meta property=\"og:type\" content=\"article\" \/>\n<meta property=\"og:title\" content=\"Grass Fix Eco+ Rasengitter \/ Rasenwabe (55x38 cm) - BERA BV\" \/>\n<meta property=\"og:description\" content=\"Artikelbeschreibung Grass Fix Eco+ wird f\u00fcr Rasenparkpl\u00e4tze bei P+R, Ferienparks oder \u00f6ffentlichen Geb\u00e4uden verwendet. Im Vergleich zur Betonvariante ist das Graswachstum nicht mehr problematisch. Beton wird hei\u00df und trocknet den Rasen aus, Grass Fix nicht!  Grass Fix Eco wurde auf Festigkeit f\u00fcr den Einsatz rund um Geb\u00e4ude gepr\u00fcft, damit Feuerwehrfahrzeuge und andere Rettungsdienste die Gr\u00fcnfl\u00e4chen sicher befahren k\u00f6nnen. Weitere Informationen finden Sie hier.\" \/>\n<meta property=\"og:url\" content=\"https:\/\/www.bera-bv.com\/de\/product\/grass-fix-eco-rasengitter-rasenwabe-55x38-cm\/\" \/>\n<meta property=\"og:site_name\" content=\"BERA BV\" \/>\n<meta property=\"article:modified_time\" content=\"2026-02-25T14:07:04+00:00\" \/>\n<meta property=\"og:image\" content=\"https:\/\/www.bera-bv.com\/wp-content\/uploads\/2025\/12\/GFE-green-scaled.jpg\" \/>\n\t<meta property=\"og:image:width\" content=\"2560\" \/>\n\t<meta property=\"og:image:height\" content=\"1707\" \/>\n\t<meta property=\"og:image:type\" content=\"image\/jpeg\" \/>\n<meta name=\"twitter:card\" content=\"summary_large_image\" \/>\n<script type=\"application\/ld+json\" class=\"yoast-schema-graph\">{\"@context\":\"https:\\\/\\\/schema.org\",\"@graph\":[{\"@type\":\"WebPage\",\"@id\":\"https:\\\/\\\/www.bera-bv.com\\\/de\\\/product\\\/grass-fix-eco-rasengitter-rasenwabe-55x38-cm\\\/\",\"url\":\"https:\\\/\\\/www.bera-bv.com\\\/de\\\/product\\\/grass-fix-eco-rasengitter-rasenwabe-55x38-cm\\\/\",\"name\":\"Grass Fix Eco+ Rasengitter \\\/ Rasenwabe (55x38 cm) - BERA BV\",\"isPartOf\":{\"@id\":\"https:\\\/\\\/www.bera-bv.com\\\/de\\\/#website\"},\"primaryImageOfPage\":{\"@id\":\"https:\\\/\\\/www.bera-bv.com\\\/de\\\/product\\\/grass-fix-eco-rasengitter-rasenwabe-55x38-cm\\\/#primaryimage\"},\"image\":{\"@id\":\"https:\\\/\\\/www.bera-bv.com\\\/de\\\/product\\\/grass-fix-eco-rasengitter-rasenwabe-55x38-cm\\\/#primaryimage\"},\"thumbnailUrl\":\"https:\\\/\\\/www.bera-bv.com\\\/wp-content\\\/uploads\\\/2025\\\/12\\\/GFE-green-scaled.jpg\",\"datePublished\":\"2025-12-22T11:35:40+00:00\",\"dateModified\":\"2026-02-25T14:07:04+00:00\",\"breadcrumb\":{\"@id\":\"https:\\\/\\\/www.bera-bv.com\\\/de\\\/product\\\/grass-fix-eco-rasengitter-rasenwabe-55x38-cm\\\/#breadcrumb\"},\"inLanguage\":\"de\",\"potentialAction\":[{\"@type\":\"ReadAction\",\"target\":[\"https:\\\/\\\/www.bera-bv.com\\\/de\\\/product\\\/grass-fix-eco-rasengitter-rasenwabe-55x38-cm\\\/\"]}]},{\"@type\":\"ImageObject\",\"inLanguage\":\"de\",\"@id\":\"https:\\\/\\\/www.bera-bv.com\\\/de\\\/product\\\/grass-fix-eco-rasengitter-rasenwabe-55x38-cm\\\/#primaryimage\",\"url\":\"https:\\\/\\\/www.bera-bv.com\\\/wp-content\\\/uploads\\\/2025\\\/12\\\/GFE-green-scaled.jpg\",\"contentUrl\":\"https:\\\/\\\/www.bera-bv.com\\\/wp-content\\\/uploads\\\/2025\\\/12\\\/GFE-green-scaled.jpg\",\"width\":2560,\"height\":1707},{\"@type\":\"BreadcrumbList\",\"@id\":\"https:\\\/\\\/www.bera-bv.com\\\/de\\\/product\\\/grass-fix-eco-rasengitter-rasenwabe-55x38-cm\\\/#breadcrumb\",\"itemListElement\":[{\"@type\":\"ListItem\",\"position\":1,\"name\":\"Home\",\"item\":\"https:\\\/\\\/www.bera-bv.com\\\/de\\\/\"},{\"@type\":\"ListItem\",\"position\":2,\"name\":\"Shop\",\"item\":\"https:\\\/\\\/www.bera-bv.com\\\/de\\\/shop\\\/\"},{\"@type\":\"ListItem\",\"position\":3,\"name\":\"Grass Fix Eco+ Rasengitter \\\/ Rasenwabe (55&#215;38 cm)\"}]},{\"@type\":\"WebSite\",\"@id\":\"https:\\\/\\\/www.bera-bv.com\\\/de\\\/#website\",\"url\":\"https:\\\/\\\/www.bera-bv.com\\\/de\\\/\",\"name\":\"BERA BV\",\"description\":\"Creatief en duurzaam landschapsontwerp\",\"publisher\":{\"@id\":\"https:\\\/\\\/www.bera-bv.com\\\/de\\\/#organization\"},\"potentialAction\":[{\"@type\":\"SearchAction\",\"target\":{\"@type\":\"EntryPoint\",\"urlTemplate\":\"https:\\\/\\\/www.bera-bv.com\\\/de\\\/?s={search_term_string}\"},\"query-input\":{\"@type\":\"PropertyValueSpecification\",\"valueRequired\":true,\"valueName\":\"search_term_string\"}}],\"inLanguage\":\"de\"},{\"@type\":\"Organization\",\"@id\":\"https:\\\/\\\/www.bera-bv.com\\\/de\\\/#organization\",\"name\":\"BERA BV\",\"url\":\"https:\\\/\\\/www.bera-bv.com\\\/de\\\/\",\"logo\":{\"@type\":\"ImageObject\",\"inLanguage\":\"de\",\"@id\":\"https:\\\/\\\/www.bera-bv.com\\\/de\\\/#\\\/schema\\\/logo\\\/image\\\/\",\"url\":\"https:\\\/\\\/www.bera-bv.com\\\/wp-content\\\/uploads\\\/2025\\\/12\\\/BERA-logo_light.svg\",\"contentUrl\":\"https:\\\/\\\/www.bera-bv.com\\\/wp-content\\\/uploads\\\/2025\\\/12\\\/BERA-logo_light.svg\",\"caption\":\"BERA BV\"},\"image\":{\"@id\":\"https:\\\/\\\/www.bera-bv.com\\\/de\\\/#\\\/schema\\\/logo\\\/image\\\/\"}}]}<\/script>\n<!-- \/ Yoast SEO plugin. -->","yoast_head_json":{"title":"Grass Fix Eco+ Rasengitter \/ Rasenwabe (55x38 cm) - BERA BV","robots":{"index":"index","follow":"follow","max-snippet":"max-snippet:-1","max-image-preview":"max-image-preview:large","max-video-preview":"max-video-preview:-1"},"canonical":"https:\/\/www.bera-bv.com\/de\/product\/grass-fix-eco-rasengitter-rasenwabe-55x38-cm\/","og_locale":"de_DE","og_type":"article","og_title":"Grass Fix Eco+ Rasengitter \/ Rasenwabe (55x38 cm) - BERA BV","og_description":"Artikelbeschreibung Grass Fix Eco+ wird f\u00fcr Rasenparkpl\u00e4tze bei P+R, Ferienparks oder \u00f6ffentlichen Geb\u00e4uden verwendet. Im Vergleich zur Betonvariante ist das Graswachstum nicht mehr problematisch. Beton wird hei\u00df und trocknet den Rasen aus, Grass Fix nicht!  Grass Fix Eco wurde auf Festigkeit f\u00fcr den Einsatz rund um Geb\u00e4ude gepr\u00fcft, damit Feuerwehrfahrzeuge und andere Rettungsdienste die Gr\u00fcnfl\u00e4chen sicher befahren k\u00f6nnen. Weitere Informationen finden Sie hier.","og_url":"https:\/\/www.bera-bv.com\/de\/product\/grass-fix-eco-rasengitter-rasenwabe-55x38-cm\/","og_site_name":"BERA BV","article_modified_time":"2026-02-25T14:07:04+00:00","og_image":[{"width":2560,"height":1707,"url":"https:\/\/www.bera-bv.com\/wp-content\/uploads\/2025\/12\/GFE-green-scaled.jpg","type":"image\/jpeg"}],"twitter_card":"summary_large_image","schema":{"@context":"https:\/\/schema.org","@graph":[{"@type":"WebPage","@id":"https:\/\/www.bera-bv.com\/de\/product\/grass-fix-eco-rasengitter-rasenwabe-55x38-cm\/","url":"https:\/\/www.bera-bv.com\/de\/product\/grass-fix-eco-rasengitter-rasenwabe-55x38-cm\/","name":"Grass Fix Eco+ Rasengitter \/ Rasenwabe (55x38 cm) - BERA BV","isPartOf":{"@id":"https:\/\/www.bera-bv.com\/de\/#website"},"primaryImageOfPage":{"@id":"https:\/\/www.bera-bv.com\/de\/product\/grass-fix-eco-rasengitter-rasenwabe-55x38-cm\/#primaryimage"},"image":{"@id":"https:\/\/www.bera-bv.com\/de\/product\/grass-fix-eco-rasengitter-rasenwabe-55x38-cm\/#primaryimage"},"thumbnailUrl":"https:\/\/www.bera-bv.com\/wp-content\/uploads\/2025\/12\/GFE-green-scaled.jpg","datePublished":"2025-12-22T11:35:40+00:00","dateModified":"2026-02-25T14:07:04+00:00","breadcrumb":{"@id":"https:\/\/www.bera-bv.com\/de\/product\/grass-fix-eco-rasengitter-rasenwabe-55x38-cm\/#breadcrumb"},"inLanguage":"de","potentialAction":[{"@type":"ReadAction","target":["https:\/\/www.bera-bv.com\/de\/product\/grass-fix-eco-rasengitter-rasenwabe-55x38-cm\/"]}]},{"@type":"ImageObject","inLanguage":"de","@id":"https:\/\/www.bera-bv.com\/de\/product\/grass-fix-eco-rasengitter-rasenwabe-55x38-cm\/#primaryimage","url":"https:\/\/www.bera-bv.com\/wp-content\/uploads\/2025\/12\/GFE-green-scaled.jpg","contentUrl":"https:\/\/www.bera-bv.com\/wp-content\/uploads\/2025\/12\/GFE-green-scaled.jpg","width":2560,"height":1707},{"@type":"BreadcrumbList","@id":"https:\/\/www.bera-bv.com\/de\/product\/grass-fix-eco-rasengitter-rasenwabe-55x38-cm\/#breadcrumb","itemListElement":[{"@type":"ListItem","position":1,"name":"Home","item":"https:\/\/www.bera-bv.com\/de\/"},{"@type":"ListItem","position":2,"name":"Shop","item":"https:\/\/www.bera-bv.com\/de\/shop\/"},{"@type":"ListItem","position":3,"name":"Grass Fix Eco+ Rasengitter \/ Rasenwabe (55&#215;38 cm)"}]},{"@type":"WebSite","@id":"https:\/\/www.bera-bv.com\/de\/#website","url":"https:\/\/www.bera-bv.com\/de\/","name":"BERA BV","description":"Creatief en duurzaam landschapsontwerp","publisher":{"@id":"https:\/\/www.bera-bv.com\/de\/#organization"},"potentialAction":[{"@type":"SearchAction","target":{"@type":"EntryPoint","urlTemplate":"https:\/\/www.bera-bv.com\/de\/?s={search_term_string}"},"query-input":{"@type":"PropertyValueSpecification","valueRequired":true,"valueName":"search_term_string"}}],"inLanguage":"de"},{"@type":"Organization","@id":"https:\/\/www.bera-bv.com\/de\/#organization","name":"BERA BV","url":"https:\/\/www.bera-bv.com\/de\/","logo":{"@type":"ImageObject","inLanguage":"de","@id":"https:\/\/www.bera-bv.com\/de\/#\/schema\/logo\/image\/","url":"https:\/\/www.bera-bv.com\/wp-content\/uploads\/2025\/12\/BERA-logo_light.svg","contentUrl":"https:\/\/www.bera-bv.com\/wp-content\/uploads\/2025\/12\/BERA-logo_light.svg","caption":"BERA BV"},"image":{"@id":"https:\/\/www.bera-bv.com\/de\/#\/schema\/logo\/image\/"}}]}},"_links":{"self":[{"href":"https:\/\/www.bera-bv.com\/de\/wp-json\/wp\/v2\/product\/13143","targetHints":{"allow":["GET"]}}],"collection":[{"href":"https:\/\/www.bera-bv.com\/de\/wp-json\/wp\/v2\/product"}],"about":[{"href":"https:\/\/www.bera-bv.com\/de\/wp-json\/wp\/v2\/types\/product"}],"wp:featuredmedia":[{"embeddable":true,"href":"https:\/\/www.bera-bv.com\/de\/wp-json\/wp\/v2\/media\/13144"}],"wp:attachment":[{"href":"https:\/\/www.bera-bv.com\/de\/wp-json\/wp\/v2\/media?parent=13143"}],"wp:term":[{"taxonomy":"product_brand","embeddable":true,"href":"https:\/\/www.bera-bv.com\/de\/wp-json\/wp\/v2\/product_brand?post=13143"},{"taxonomy":"product_cat","embeddable":true,"href":"https:\/\/www.bera-bv.com\/de\/wp-json\/wp\/v2\/product_cat?post=13143"},{"taxonomy":"product_tag","embeddable":true,"href":"https:\/\/www.bera-bv.com\/de\/wp-json\/wp\/v2\/product_tag?post=13143"}],"curies":[{"name":"wp","href":"https:\/\/api.w.org\/{rel}","templated":true}]}}