{"id":13128,"date":"2026-02-25T15:07:04","date_gmt":"2026-02-25T14:07:04","guid":{"rendered":"http:\/\/bera-bv.com\/product\/plattenlager-hilo-fix-fuer-keramische-platten\/"},"modified":"2026-02-25T15:07:04","modified_gmt":"2026-02-25T14:07:04","slug":"plattenlager-hilo-fix-fuer-keramische-platten","status":"publish","type":"product","link":"https:\/\/www.bera-bv.com\/de\/product\/plattenlager-hilo-fix-fuer-keramische-platten\/","title":{"rendered":"Plattenlager HiLo Fix f\u00fcr (keramische) Platten"},"content":{"rendered":"<p><strong>Anwendung<\/strong><\/p>\n<ul>\n<li>H\u00f6henverstellbare Lager f\u00fcr Balkone und Terrassen mit (keramischen) Platten<\/li>\n<\/ul>\n<p><strong>Produktdetails<\/strong><\/p>\n<ul>\n<li>Farbe: Schwarz<\/li>\n<li>Abmessungen: verschiedene Artikel f\u00fcr H\u00f6hen zwischen 11 \u2013 470 mm<\/li>\n<li>Material: Polypropylen<\/li>\n<li>UV- und Frostbest\u00e4ndigkeit: inklusive<\/li>\n<\/ul>\n","protected":false},"excerpt":{"rendered":"<p><strong>Beschreibung<\/strong><br \/>\nBERA\u00ae Pedestals HiLo Fix wurden von und f\u00fcr Profis zur Gestaltung von G\u00e4rten und Terrassen entwickelt. Sie bestehen aus 100 % recyceltem und verst\u00e4rktem Polypropylen, wodurch die Verwendung von Sand, Backsteinen oder anderen Methoden zur Verlegung von (keramischen) Platten auf Balkonen oder Terrassen \u00fcberfl\u00fcssig wird. <\/p>\n<p>Eine optimale Regenwasserableitung und die Installation elektrischer Systeme im Hohlraum unter der erh\u00f6hten Terrasse sorgen f\u00fcr eine l\u00e4ngere Lebensdauer der Platten und tragen zum hochwertigen Erscheinungsbild der Terrasse bei. Besch\u00e4digte oder verschmutzte Keramikplatten k\u00f6nnen problemlos ausgetauscht werden. <\/p>\n<p>Die gro\u00dfe Standfl\u00e4che von mehr als 300 cm\u00b2 entspricht den internationalen Normen f\u00fcr die maximale Belastung der Dachabdichtung und<br \/>\nsch\u00fctzt diese somit vor Durchdr\u00fccken. Die Lager sind sowohl in vertikaler als auch in horizontaler Richtung sehr stabil und in H\u00f6hen von 11 bis 470 mm lieferbar. Mittels eines Schnellverstellrings l\u00e4sst sich die H\u00f6he pr\u00e4zise einstellen, wodurch die Installationskosten auf ein Minimum reduziert werden.  <\/p>\n<p>Der BERA\u00ae HiLo Fix ist mit zahlreichem Zubeh\u00f6r erh\u00e4ltlich, darunter ein Gef\u00e4lleausgleich, der an der Unterseite des Fu\u00dfes platziert werden kann, um Unebenheiten von bis zu 7 % auszugleichen, sowie (weiche) Ausgleichsgummis f\u00fcr die Oberseite, die sich ideal zur Reduzierung von Trittschall eignen.<\/p>\n<p>Suchen Sie nach Lagern f\u00fcr Holz? Dann schauen Sie sich den <a href=\"https:\/\/www.bera-bv.nl\/webshop\/product\/balkdrager-hilo-fix-hout\/\">BERA HiLo Fix Balkentr\u00e4ger<\/a> an. <\/p>\n<p>Besuchen Sie <a href=\"https:\/\/www.bera-bv.nl\/terras-en-decking-systemen\/bera-pedestal-hilo-fix\/\">unsere Website<\/a> f\u00fcr weitere Informationen<\/p>\n","protected":false},"featured_media":13129,"template":"","meta":{"site-sidebar-layout":"default","site-content-layout":"","ast-site-content-layout":"default","site-content-style":"default","site-sidebar-style":"default","ast-global-header-display":"","ast-banner-title-visibility":"","ast-main-header-display":"","ast-hfb-above-header-display":"","ast-hfb-below-header-display":"","ast-hfb-mobile-header-display":"","site-post-title":"","ast-breadcrumbs-content":"","ast-featured-img":"","footer-sml-layout":"","ast-disable-related-posts":"","theme-transparent-header-meta":"default","adv-header-id-meta":"","stick-header-meta":"default","header-above-stick-meta":"","header-main-stick-meta":"","header-below-stick-meta":"","astra-migrate-meta-layouts":"default","ast-page-background-enabled":"default","ast-page-background-meta":{"desktop":{"background-color":"var(--ast-global-color-4)","background-image":"","background-repeat":"repeat","background-position":"center center","background-size":"auto","background-attachment":"scroll","background-type":"","background-media":"","overlay-type":"","overlay-color":"","overlay-opacity":"","overlay-gradient":""},"tablet":{"background-color":"","background-image":"","background-repeat":"repeat","background-position":"center center","background-size":"auto","background-attachment":"scroll","background-type":"","background-media":"","overlay-type":"","overlay-color":"","overlay-opacity":"","overlay-gradient":""},"mobile":{"background-color":"","background-image":"","background-repeat":"repeat","background-position":"center center","background-size":"auto","background-attachment":"scroll","background-type":"","background-media":"","overlay-type":"","overlay-color":"","overlay-opacity":"","overlay-gradient":""}},"ast-content-background-meta":{"desktop":{"background-color":"var(--ast-global-color-5)","background-image":"","background-repeat":"repeat","background-position":"center center","background-size":"auto","background-attachment":"scroll","background-type":"","background-media":"","overlay-type":"","overlay-color":"","overlay-opacity":"","overlay-gradient":""},"tablet":{"background-color":"var(--ast-global-color-5)","background-image":"","background-repeat":"repeat","background-position":"center center","background-size":"auto","background-attachment":"scroll","background-type":"","background-media":"","overlay-type":"","overlay-color":"","overlay-opacity":"","overlay-gradient":""},"mobile":{"background-color":"var(--ast-global-color-5)","background-image":"","background-repeat":"repeat","background-position":"center center","background-size":"auto","background-attachment":"scroll","background-type":"","background-media":"","overlay-type":"","overlay-color":"","overlay-opacity":"","overlay-gradient":""}}},"product_brand":[],"product_cat":[283],"product_tag":[],"class_list":{"0":"post-13128","1":"product","2":"type-product","3":"status-publish","4":"has-post-thumbnail","6":"product_cat-terrasse-belag","7":"product_shipping_class-parcel","8":"pa_hoogte-11-15-mm","9":"pa_hoogte-120-170-mm","10":"pa_hoogte-15-19-mm","11":"pa_hoogte-170-270-mm","12":"pa_hoogte-19-27-mm","13":"pa_hoogte-270-370-mm","14":"pa_hoogte-27-40-mm","15":"pa_hoogte-370-470-mm","16":"pa_hoogte-40-70-mm","17":"pa_hoogte-70-120-mm","18":"desktop-align-left","19":"tablet-align-left","20":"mobile-align-left","21":"ast-product-gallery-layout-horizontal","22":"ast-product-single-variable","23":"ast-product-tabs-layout-horizontal","25":"first","26":"instock","27":"purchasable","28":"product-type-variable"},"yoast_head":"<!-- This site is optimized with the Yoast SEO plugin v27.4 - https:\/\/yoast.com\/product\/yoast-seo-wordpress\/ -->\n<title>Plattenlager HiLo Fix f\u00fcr (keramische) Platten - BERA BV<\/title>\n<meta name=\"robots\" content=\"index, follow, max-snippet:-1, max-image-preview:large, max-video-preview:-1\" \/>\n<link rel=\"canonical\" href=\"https:\/\/www.bera-bv.com\/de\/product\/plattenlager-hilo-fix-fuer-keramische-platten\/\" \/>\n<meta property=\"og:locale\" content=\"de_DE\" \/>\n<meta property=\"og:type\" content=\"article\" \/>\n<meta property=\"og:title\" content=\"Plattenlager HiLo Fix f\u00fcr (keramische) Platten - BERA BV\" \/>\n<meta property=\"og:description\" content=\"Beschreibung BERA\u00ae Pedestals HiLo Fix wurden von und f\u00fcr Profis zur Gestaltung von G\u00e4rten und Terrassen entwickelt. Sie bestehen aus 100 % recyceltem und verst\u00e4rktem Polypropylen, wodurch die Verwendung von Sand, Backsteinen oder anderen Methoden zur Verlegung von (keramischen) Platten auf Balkonen oder Terrassen \u00fcberfl\u00fcssig wird.  Eine optimale Regenwasserableitung und die Installation elektrischer Systeme im Hohlraum unter der erh\u00f6hten Terrasse sorgen f\u00fcr eine l\u00e4ngere Lebensdauer der Platten und tragen zum hochwertigen Erscheinungsbild der Terrasse bei. Besch\u00e4digte oder verschmutzte Keramikplatten k\u00f6nnen problemlos ausgetauscht werden.  Die gro\u00dfe Standfl\u00e4che von mehr als 300 cm\u00b2 entspricht den internationalen Normen f\u00fcr die maximale Belastung der Dachabdichtung und sch\u00fctzt diese somit vor Durchdr\u00fccken. Die Lager sind sowohl in vertikaler als auch in horizontaler Richtung sehr stabil und in H\u00f6hen von 11 bis 470 mm lieferbar. Mittels eines Schnellverstellrings l\u00e4sst sich die H\u00f6he pr\u00e4zise einstellen, wodurch die Installationskosten auf ein Minimum reduziert werden.  Der BERA\u00ae HiLo Fix ist mit zahlreichem Zubeh\u00f6r erh\u00e4ltlich, darunter ein Gef\u00e4lleausgleich, der an der Unterseite des Fu\u00dfes platziert werden kann, um Unebenheiten von bis zu 7 % auszugleichen, sowie (weiche) Ausgleichsgummis f\u00fcr die Oberseite, die sich ideal zur Reduzierung von Trittschall eignen. Suchen Sie nach Lagern f\u00fcr Holz? Dann schauen Sie sich den BERA HiLo Fix Balkentr\u00e4ger an.  Besuchen Sie unsere Website f\u00fcr weitere Informationen\" \/>\n<meta property=\"og:url\" content=\"https:\/\/www.bera-bv.com\/de\/product\/plattenlager-hilo-fix-fuer-keramische-platten\/\" \/>\n<meta property=\"og:site_name\" content=\"BERA BV\" \/>\n<meta property=\"og:image\" content=\"https:\/\/www.bera-bv.com\/wp-content\/uploads\/2025\/12\/HiLoFix_Keramik.jpg\" \/>\n\t<meta property=\"og:image:width\" content=\"801\" \/>\n\t<meta property=\"og:image:height\" content=\"657\" \/>\n\t<meta property=\"og:image:type\" content=\"image\/jpeg\" \/>\n<meta name=\"twitter:card\" content=\"summary_large_image\" \/>\n<script type=\"application\/ld+json\" class=\"yoast-schema-graph\">{\"@context\":\"https:\\\/\\\/schema.org\",\"@graph\":[{\"@type\":\"WebPage\",\"@id\":\"https:\\\/\\\/www.bera-bv.com\\\/de\\\/product\\\/plattenlager-hilo-fix-fuer-keramische-platten\\\/\",\"url\":\"https:\\\/\\\/www.bera-bv.com\\\/de\\\/product\\\/plattenlager-hilo-fix-fuer-keramische-platten\\\/\",\"name\":\"Plattenlager HiLo Fix f\u00fcr (keramische) Platten - BERA BV\",\"isPartOf\":{\"@id\":\"https:\\\/\\\/www.bera-bv.com\\\/de\\\/#website\"},\"primaryImageOfPage\":{\"@id\":\"https:\\\/\\\/www.bera-bv.com\\\/de\\\/product\\\/plattenlager-hilo-fix-fuer-keramische-platten\\\/#primaryimage\"},\"image\":{\"@id\":\"https:\\\/\\\/www.bera-bv.com\\\/de\\\/product\\\/plattenlager-hilo-fix-fuer-keramische-platten\\\/#primaryimage\"},\"thumbnailUrl\":\"https:\\\/\\\/www.bera-bv.com\\\/wp-content\\\/uploads\\\/2025\\\/12\\\/HiLoFix_Keramik.jpg\",\"datePublished\":\"2026-02-25T14:07:04+00:00\",\"breadcrumb\":{\"@id\":\"https:\\\/\\\/www.bera-bv.com\\\/de\\\/product\\\/plattenlager-hilo-fix-fuer-keramische-platten\\\/#breadcrumb\"},\"inLanguage\":\"de\",\"potentialAction\":[{\"@type\":\"ReadAction\",\"target\":[\"https:\\\/\\\/www.bera-bv.com\\\/de\\\/product\\\/plattenlager-hilo-fix-fuer-keramische-platten\\\/\"]}]},{\"@type\":\"ImageObject\",\"inLanguage\":\"de\",\"@id\":\"https:\\\/\\\/www.bera-bv.com\\\/de\\\/product\\\/plattenlager-hilo-fix-fuer-keramische-platten\\\/#primaryimage\",\"url\":\"https:\\\/\\\/www.bera-bv.com\\\/wp-content\\\/uploads\\\/2025\\\/12\\\/HiLoFix_Keramik.jpg\",\"contentUrl\":\"https:\\\/\\\/www.bera-bv.com\\\/wp-content\\\/uploads\\\/2025\\\/12\\\/HiLoFix_Keramik.jpg\",\"width\":801,\"height\":657,\"caption\":\"Keramische tegels op tegeldrager met voegkruis\"},{\"@type\":\"BreadcrumbList\",\"@id\":\"https:\\\/\\\/www.bera-bv.com\\\/de\\\/product\\\/plattenlager-hilo-fix-fuer-keramische-platten\\\/#breadcrumb\",\"itemListElement\":[{\"@type\":\"ListItem\",\"position\":1,\"name\":\"Home\",\"item\":\"https:\\\/\\\/www.bera-bv.com\\\/de\\\/\"},{\"@type\":\"ListItem\",\"position\":2,\"name\":\"Shop\",\"item\":\"https:\\\/\\\/www.bera-bv.com\\\/de\\\/shop\\\/\"},{\"@type\":\"ListItem\",\"position\":3,\"name\":\"Plattenlager HiLo Fix f\u00fcr (keramische) Platten\"}]},{\"@type\":\"WebSite\",\"@id\":\"https:\\\/\\\/www.bera-bv.com\\\/de\\\/#website\",\"url\":\"https:\\\/\\\/www.bera-bv.com\\\/de\\\/\",\"name\":\"BERA BV\",\"description\":\"Creatief en duurzaam landschapsontwerp\",\"publisher\":{\"@id\":\"https:\\\/\\\/www.bera-bv.com\\\/de\\\/#organization\"},\"potentialAction\":[{\"@type\":\"SearchAction\",\"target\":{\"@type\":\"EntryPoint\",\"urlTemplate\":\"https:\\\/\\\/www.bera-bv.com\\\/de\\\/?s={search_term_string}\"},\"query-input\":{\"@type\":\"PropertyValueSpecification\",\"valueRequired\":true,\"valueName\":\"search_term_string\"}}],\"inLanguage\":\"de\"},{\"@type\":\"Organization\",\"@id\":\"https:\\\/\\\/www.bera-bv.com\\\/de\\\/#organization\",\"name\":\"BERA BV\",\"url\":\"https:\\\/\\\/www.bera-bv.com\\\/de\\\/\",\"logo\":{\"@type\":\"ImageObject\",\"inLanguage\":\"de\",\"@id\":\"https:\\\/\\\/www.bera-bv.com\\\/de\\\/#\\\/schema\\\/logo\\\/image\\\/\",\"url\":\"https:\\\/\\\/www.bera-bv.com\\\/wp-content\\\/uploads\\\/2025\\\/12\\\/BERA-logo_light.svg\",\"contentUrl\":\"https:\\\/\\\/www.bera-bv.com\\\/wp-content\\\/uploads\\\/2025\\\/12\\\/BERA-logo_light.svg\",\"caption\":\"BERA BV\"},\"image\":{\"@id\":\"https:\\\/\\\/www.bera-bv.com\\\/de\\\/#\\\/schema\\\/logo\\\/image\\\/\"}}]}<\/script>\n<!-- \/ Yoast SEO plugin. -->","yoast_head_json":{"title":"Plattenlager HiLo Fix f\u00fcr (keramische) Platten - BERA BV","robots":{"index":"index","follow":"follow","max-snippet":"max-snippet:-1","max-image-preview":"max-image-preview:large","max-video-preview":"max-video-preview:-1"},"canonical":"https:\/\/www.bera-bv.com\/de\/product\/plattenlager-hilo-fix-fuer-keramische-platten\/","og_locale":"de_DE","og_type":"article","og_title":"Plattenlager HiLo Fix f\u00fcr (keramische) Platten - BERA BV","og_description":"Beschreibung BERA\u00ae Pedestals HiLo Fix wurden von und f\u00fcr Profis zur Gestaltung von G\u00e4rten und Terrassen entwickelt. Sie bestehen aus 100 % recyceltem und verst\u00e4rktem Polypropylen, wodurch die Verwendung von Sand, Backsteinen oder anderen Methoden zur Verlegung von (keramischen) Platten auf Balkonen oder Terrassen \u00fcberfl\u00fcssig wird.  Eine optimale Regenwasserableitung und die Installation elektrischer Systeme im Hohlraum unter der erh\u00f6hten Terrasse sorgen f\u00fcr eine l\u00e4ngere Lebensdauer der Platten und tragen zum hochwertigen Erscheinungsbild der Terrasse bei. Besch\u00e4digte oder verschmutzte Keramikplatten k\u00f6nnen problemlos ausgetauscht werden.  Die gro\u00dfe Standfl\u00e4che von mehr als 300 cm\u00b2 entspricht den internationalen Normen f\u00fcr die maximale Belastung der Dachabdichtung und sch\u00fctzt diese somit vor Durchdr\u00fccken. Die Lager sind sowohl in vertikaler als auch in horizontaler Richtung sehr stabil und in H\u00f6hen von 11 bis 470 mm lieferbar. Mittels eines Schnellverstellrings l\u00e4sst sich die H\u00f6he pr\u00e4zise einstellen, wodurch die Installationskosten auf ein Minimum reduziert werden.  Der BERA\u00ae HiLo Fix ist mit zahlreichem Zubeh\u00f6r erh\u00e4ltlich, darunter ein Gef\u00e4lleausgleich, der an der Unterseite des Fu\u00dfes platziert werden kann, um Unebenheiten von bis zu 7 % auszugleichen, sowie (weiche) Ausgleichsgummis f\u00fcr die Oberseite, die sich ideal zur Reduzierung von Trittschall eignen. Suchen Sie nach Lagern f\u00fcr Holz? Dann schauen Sie sich den BERA HiLo Fix Balkentr\u00e4ger an.  Besuchen Sie unsere Website f\u00fcr weitere Informationen","og_url":"https:\/\/www.bera-bv.com\/de\/product\/plattenlager-hilo-fix-fuer-keramische-platten\/","og_site_name":"BERA BV","og_image":[{"width":801,"height":657,"url":"https:\/\/www.bera-bv.com\/wp-content\/uploads\/2025\/12\/HiLoFix_Keramik.jpg","type":"image\/jpeg"}],"twitter_card":"summary_large_image","schema":{"@context":"https:\/\/schema.org","@graph":[{"@type":"WebPage","@id":"https:\/\/www.bera-bv.com\/de\/product\/plattenlager-hilo-fix-fuer-keramische-platten\/","url":"https:\/\/www.bera-bv.com\/de\/product\/plattenlager-hilo-fix-fuer-keramische-platten\/","name":"Plattenlager HiLo Fix f\u00fcr (keramische) Platten - BERA BV","isPartOf":{"@id":"https:\/\/www.bera-bv.com\/de\/#website"},"primaryImageOfPage":{"@id":"https:\/\/www.bera-bv.com\/de\/product\/plattenlager-hilo-fix-fuer-keramische-platten\/#primaryimage"},"image":{"@id":"https:\/\/www.bera-bv.com\/de\/product\/plattenlager-hilo-fix-fuer-keramische-platten\/#primaryimage"},"thumbnailUrl":"https:\/\/www.bera-bv.com\/wp-content\/uploads\/2025\/12\/HiLoFix_Keramik.jpg","datePublished":"2026-02-25T14:07:04+00:00","breadcrumb":{"@id":"https:\/\/www.bera-bv.com\/de\/product\/plattenlager-hilo-fix-fuer-keramische-platten\/#breadcrumb"},"inLanguage":"de","potentialAction":[{"@type":"ReadAction","target":["https:\/\/www.bera-bv.com\/de\/product\/plattenlager-hilo-fix-fuer-keramische-platten\/"]}]},{"@type":"ImageObject","inLanguage":"de","@id":"https:\/\/www.bera-bv.com\/de\/product\/plattenlager-hilo-fix-fuer-keramische-platten\/#primaryimage","url":"https:\/\/www.bera-bv.com\/wp-content\/uploads\/2025\/12\/HiLoFix_Keramik.jpg","contentUrl":"https:\/\/www.bera-bv.com\/wp-content\/uploads\/2025\/12\/HiLoFix_Keramik.jpg","width":801,"height":657,"caption":"Keramische tegels op tegeldrager met voegkruis"},{"@type":"BreadcrumbList","@id":"https:\/\/www.bera-bv.com\/de\/product\/plattenlager-hilo-fix-fuer-keramische-platten\/#breadcrumb","itemListElement":[{"@type":"ListItem","position":1,"name":"Home","item":"https:\/\/www.bera-bv.com\/de\/"},{"@type":"ListItem","position":2,"name":"Shop","item":"https:\/\/www.bera-bv.com\/de\/shop\/"},{"@type":"ListItem","position":3,"name":"Plattenlager HiLo Fix f\u00fcr (keramische) Platten"}]},{"@type":"WebSite","@id":"https:\/\/www.bera-bv.com\/de\/#website","url":"https:\/\/www.bera-bv.com\/de\/","name":"BERA BV","description":"Creatief en duurzaam landschapsontwerp","publisher":{"@id":"https:\/\/www.bera-bv.com\/de\/#organization"},"potentialAction":[{"@type":"SearchAction","target":{"@type":"EntryPoint","urlTemplate":"https:\/\/www.bera-bv.com\/de\/?s={search_term_string}"},"query-input":{"@type":"PropertyValueSpecification","valueRequired":true,"valueName":"search_term_string"}}],"inLanguage":"de"},{"@type":"Organization","@id":"https:\/\/www.bera-bv.com\/de\/#organization","name":"BERA BV","url":"https:\/\/www.bera-bv.com\/de\/","logo":{"@type":"ImageObject","inLanguage":"de","@id":"https:\/\/www.bera-bv.com\/de\/#\/schema\/logo\/image\/","url":"https:\/\/www.bera-bv.com\/wp-content\/uploads\/2025\/12\/BERA-logo_light.svg","contentUrl":"https:\/\/www.bera-bv.com\/wp-content\/uploads\/2025\/12\/BERA-logo_light.svg","caption":"BERA BV"},"image":{"@id":"https:\/\/www.bera-bv.com\/de\/#\/schema\/logo\/image\/"}}]}},"_links":{"self":[{"href":"https:\/\/www.bera-bv.com\/de\/wp-json\/wp\/v2\/product\/13128","targetHints":{"allow":["GET"]}}],"collection":[{"href":"https:\/\/www.bera-bv.com\/de\/wp-json\/wp\/v2\/product"}],"about":[{"href":"https:\/\/www.bera-bv.com\/de\/wp-json\/wp\/v2\/types\/product"}],"wp:featuredmedia":[{"embeddable":true,"href":"https:\/\/www.bera-bv.com\/de\/wp-json\/wp\/v2\/media\/13129"}],"wp:attachment":[{"href":"https:\/\/www.bera-bv.com\/de\/wp-json\/wp\/v2\/media?parent=13128"}],"wp:term":[{"taxonomy":"product_brand","embeddable":true,"href":"https:\/\/www.bera-bv.com\/de\/wp-json\/wp\/v2\/product_brand?post=13128"},{"taxonomy":"product_cat","embeddable":true,"href":"https:\/\/www.bera-bv.com\/de\/wp-json\/wp\/v2\/product_cat?post=13128"},{"taxonomy":"product_tag","embeddable":true,"href":"https:\/\/www.bera-bv.com\/de\/wp-json\/wp\/v2\/product_tag?post=13128"}],"curies":[{"name":"wp","href":"https:\/\/api.w.org\/{rel}","templated":true}]}}