{"id":13089,"date":"2026-02-25T15:07:02","date_gmt":"2026-02-25T14:07:02","guid":{"rendered":"http:\/\/bera-bv.com\/product\/bera-eco-edge-rasenkante-gerade-120-200-cm\/"},"modified":"2026-02-25T15:07:02","modified_gmt":"2026-02-25T14:07:02","slug":"bera-eco-edge-rasenkante-gerade-120-200-cm","status":"publish","type":"product","link":"https:\/\/www.bera-bv.com\/de\/product\/bera-eco-edge-rasenkante-gerade-120-200-cm\/","title":{"rendered":"BERA Eco Edge Rasenkante gerade &#8211; 120 &#8211; 200 cm"},"content":{"rendered":"<p><strong>Anwendung<\/strong><\/p>\n<ul>\n<li>Zur Abgrenzung von Rasenfl\u00e4chen, Beeten, Wegen und Pfaden<\/li>\n<li>Teichr\u00e4nder<\/li>\n<li>Ausschlie\u00dflich zur Abgrenzung gerader Abschl\u00fcsse<\/li>\n<\/ul>\n<p><strong>Produktdetails<\/strong><\/p>\n<ul>\n<li>Formate: 120 x 14 x 1 cm \/ 200 x 14 x 1 cm<\/li>\n<li>Farben: Grau, Schwarz<\/li>\n<li>100 % nachhaltig aus Haushaltskunststoffabf\u00e4llen hergestellt<\/li>\n<li>Verrottungsfrei, best\u00e4ndig gegen mikrobiologische Aktivit\u00e4t<\/li>\n<li>Witterungs- und UV-best\u00e4ndig &amp; resistent gegen S\u00e4ure und Salz<\/li>\n<li style=\"list-style-type: none;\">\n<li>Wartungsfrei<\/li>\n<li>Einfach zu verarbeiten wie Holz<\/li>\n<li>Absolut nachhaltig, ein 100 % zirkul\u00e4res Produkt<\/li>\n<\/ul>\n<p><strong>Montage<\/strong><\/p>\n<ul>\n<li>Positionieren Sie Eco Edge dort, wo die Beeteinfassung verlaufen soll. Die Rolle l\u00e4sst sich leicht in die gew\u00fcnschten organischen Formen biegen. <\/li>\n<li>Graben Sie einen Graben so tief, dass sich mindestens 2\/3 der H\u00f6he unter der Erde befinden.<\/li>\n<li>W\u00e4hlen Sie je nach Untergrund, \u00f6rtlichen Gegebenheiten und Verwendung die passende L\u00e4nge der Eco Edge Erdpfosten. Die massiven Pfosten sorgen f\u00fcr extreme Stabilit\u00e4t in alle Richtungen. Schlagen Sie die Erdpfosten mit einem Gummihammer an der R\u00fcckseite der Randeinfassung in den Boden. Achten Sie darauf, dass sie ca. 3 cm tiefer als die Oberkante der Eco Edge Einfassung liegen.   <\/li>\n<li>Der Abstand zwischen den Erdpfosten h\u00e4ngt von der Verwendung sowie den gew\u00fcnschten Rundungen ab. Im Durchschnitt wird alle 50\u201360 cm ein Erdpfosten gesetzt. <\/li>\n<li>Schrauben Sie die Rasenkante an die Erdspie\u00dfe, 2 pro Spie\u00df. Verwenden Sie vorzugsweise Edelstahlschrauben. Nutzen Sie eine Wasserwaage f\u00fcr ein perfektes Ergebnis.  <\/li>\n<li>F\u00fcllen Sie den Graben wieder mit dem gew\u00fcnschten Material auf und dr\u00fccken Sie es fest an.<\/li>\n<\/ul>\n","protected":false},"excerpt":{"rendered":"<p><strong>Beschreibung<\/strong><br \/>\nDie Eco Edge Rasenkante wird zu 100 % nachhaltig aus Haushaltskunststoffabf\u00e4llen hergestellt und sorgt f\u00fcr eine perfekte Trennung zwischen Rasenfl\u00e4chen, Beeten, Wegen und Pfaden oder als Teichrand.<br \/>\nEinfach zu verlegen und zu verankern mit dem <a href=\"https:\/\/www.bera-bv.nl\/webshop\/product\/eco-edge-grondpen-paaltje\/\">Eco Edge Erdspie\u00df.<\/a><\/p>\n<p>Ausschlie\u00dflich f\u00fcr gerade Abschl\u00fcsse geeignet. F\u00fcr geschwungene Abschl\u00fcsse k\u00f6nnen Sie die <a href=\"https:\/\/www.bera-bv.nl\/webshop\/product\/bera-eco-edge-borderrand-rol\/\">Eco Edge Rolle<\/a> verwenden. <\/p>\n<p>Weitere Informationen erhalten Sie hier<\/p>\n","protected":false},"featured_media":13090,"template":"","meta":{"site-sidebar-layout":"default","site-content-layout":"","ast-site-content-layout":"default","site-content-style":"default","site-sidebar-style":"default","ast-global-header-display":"","ast-banner-title-visibility":"","ast-main-header-display":"","ast-hfb-above-header-display":"","ast-hfb-below-header-display":"","ast-hfb-mobile-header-display":"","site-post-title":"","ast-breadcrumbs-content":"","ast-featured-img":"","footer-sml-layout":"","ast-disable-related-posts":"","theme-transparent-header-meta":"default","adv-header-id-meta":"","stick-header-meta":"default","header-above-stick-meta":"","header-main-stick-meta":"","header-below-stick-meta":"","astra-migrate-meta-layouts":"default","ast-page-background-enabled":"default","ast-page-background-meta":{"desktop":{"background-color":"var(--ast-global-color-4)","background-image":"","background-repeat":"repeat","background-position":"center center","background-size":"auto","background-attachment":"scroll","background-type":"","background-media":"","overlay-type":"","overlay-color":"","overlay-opacity":"","overlay-gradient":""},"tablet":{"background-color":"","background-image":"","background-repeat":"repeat","background-position":"center center","background-size":"auto","background-attachment":"scroll","background-type":"","background-media":"","overlay-type":"","overlay-color":"","overlay-opacity":"","overlay-gradient":""},"mobile":{"background-color":"","background-image":"","background-repeat":"repeat","background-position":"center center","background-size":"auto","background-attachment":"scroll","background-type":"","background-media":"","overlay-type":"","overlay-color":"","overlay-opacity":"","overlay-gradient":""}},"ast-content-background-meta":{"desktop":{"background-color":"var(--ast-global-color-5)","background-image":"","background-repeat":"repeat","background-position":"center center","background-size":"auto","background-attachment":"scroll","background-type":"","background-media":"","overlay-type":"","overlay-color":"","overlay-opacity":"","overlay-gradient":""},"tablet":{"background-color":"var(--ast-global-color-5)","background-image":"","background-repeat":"repeat","background-position":"center center","background-size":"auto","background-attachment":"scroll","background-type":"","background-media":"","overlay-type":"","overlay-color":"","overlay-opacity":"","overlay-gradient":""},"mobile":{"background-color":"var(--ast-global-color-5)","background-image":"","background-repeat":"repeat","background-position":"center center","background-size":"auto","background-attachment":"scroll","background-type":"","background-media":"","overlay-type":"","overlay-color":"","overlay-opacity":"","overlay-gradient":""}}},"product_brand":[],"product_cat":[273],"product_tag":[],"class_list":{"0":"post-13089","1":"product","2":"type-product","3":"status-publish","4":"has-post-thumbnail","6":"product_cat-randeinfassung","7":"product_shipping_class-logistic","8":"pa_kleur-grau","9":"pa_kleur-schwarz","10":"pa_lengte-120-cm","11":"pa_lengte-200-cm","12":"desktop-align-left","13":"tablet-align-left","14":"mobile-align-left","15":"ast-product-gallery-layout-horizontal","16":"ast-product-single-variable","17":"ast-product-tabs-layout-horizontal","19":"first","20":"instock","21":"purchasable","22":"product-type-variable"},"yoast_head":"<!-- This site is optimized with the Yoast SEO plugin v27.4 - https:\/\/yoast.com\/product\/yoast-seo-wordpress\/ -->\n<title>BERA Eco Edge Rasenkante gerade - 120 - 200 cm - BERA BV<\/title>\n<meta name=\"robots\" content=\"index, follow, max-snippet:-1, max-image-preview:large, max-video-preview:-1\" \/>\n<link rel=\"canonical\" href=\"https:\/\/www.bera-bv.com\/de\/product\/bera-eco-edge-rasenkante-gerade-120-200-cm\/\" \/>\n<meta property=\"og:locale\" content=\"de_DE\" \/>\n<meta property=\"og:type\" content=\"article\" \/>\n<meta property=\"og:title\" content=\"BERA Eco Edge Rasenkante gerade - 120 - 200 cm - BERA BV\" \/>\n<meta property=\"og:description\" content=\"Beschreibung Die Eco Edge Rasenkante wird zu 100 % nachhaltig aus Haushaltskunststoffabf\u00e4llen hergestellt und sorgt f\u00fcr eine perfekte Trennung zwischen Rasenfl\u00e4chen, Beeten, Wegen und Pfaden oder als Teichrand. Einfach zu verlegen und zu verankern mit dem Eco Edge Erdspie\u00df. Ausschlie\u00dflich f\u00fcr gerade Abschl\u00fcsse geeignet. F\u00fcr geschwungene Abschl\u00fcsse k\u00f6nnen Sie die Eco Edge Rolle verwenden.  Weitere Informationen erhalten Sie hier\" \/>\n<meta property=\"og:url\" content=\"https:\/\/www.bera-bv.com\/de\/product\/bera-eco-edge-rasenkante-gerade-120-200-cm\/\" \/>\n<meta property=\"og:site_name\" content=\"BERA BV\" \/>\n<meta property=\"og:image\" content=\"https:\/\/www.bera-bv.com\/wp-content\/uploads\/2025\/12\/1410824-1410825-1410828-eco-edge-randbegrenzing-recycled-tuin-plank.png\" \/>\n\t<meta property=\"og:image:width\" content=\"2480\" \/>\n\t<meta property=\"og:image:height\" content=\"1774\" \/>\n\t<meta property=\"og:image:type\" content=\"image\/png\" \/>\n<meta name=\"twitter:card\" content=\"summary_large_image\" \/>\n<meta name=\"twitter:label1\" content=\"Gesch\u00e4tzte Lesezeit\" \/>\n\t<meta name=\"twitter:data1\" content=\"1\u00a0Minute\" \/>\n<script type=\"application\/ld+json\" class=\"yoast-schema-graph\">{\"@context\":\"https:\\\/\\\/schema.org\",\"@graph\":[{\"@type\":\"WebPage\",\"@id\":\"https:\\\/\\\/www.bera-bv.com\\\/de\\\/product\\\/bera-eco-edge-rasenkante-gerade-120-200-cm\\\/\",\"url\":\"https:\\\/\\\/www.bera-bv.com\\\/de\\\/product\\\/bera-eco-edge-rasenkante-gerade-120-200-cm\\\/\",\"name\":\"BERA Eco Edge Rasenkante gerade - 120 - 200 cm - BERA BV\",\"isPartOf\":{\"@id\":\"https:\\\/\\\/www.bera-bv.com\\\/de\\\/#website\"},\"primaryImageOfPage\":{\"@id\":\"https:\\\/\\\/www.bera-bv.com\\\/de\\\/product\\\/bera-eco-edge-rasenkante-gerade-120-200-cm\\\/#primaryimage\"},\"image\":{\"@id\":\"https:\\\/\\\/www.bera-bv.com\\\/de\\\/product\\\/bera-eco-edge-rasenkante-gerade-120-200-cm\\\/#primaryimage\"},\"thumbnailUrl\":\"https:\\\/\\\/www.bera-bv.com\\\/wp-content\\\/uploads\\\/2025\\\/12\\\/1410824-1410825-1410828-eco-edge-randbegrenzing-recycled-tuin-plank.png\",\"datePublished\":\"2026-02-25T14:07:02+00:00\",\"breadcrumb\":{\"@id\":\"https:\\\/\\\/www.bera-bv.com\\\/de\\\/product\\\/bera-eco-edge-rasenkante-gerade-120-200-cm\\\/#breadcrumb\"},\"inLanguage\":\"de\",\"potentialAction\":[{\"@type\":\"ReadAction\",\"target\":[\"https:\\\/\\\/www.bera-bv.com\\\/de\\\/product\\\/bera-eco-edge-rasenkante-gerade-120-200-cm\\\/\"]}]},{\"@type\":\"ImageObject\",\"inLanguage\":\"de\",\"@id\":\"https:\\\/\\\/www.bera-bv.com\\\/de\\\/product\\\/bera-eco-edge-rasenkante-gerade-120-200-cm\\\/#primaryimage\",\"url\":\"https:\\\/\\\/www.bera-bv.com\\\/wp-content\\\/uploads\\\/2025\\\/12\\\/1410824-1410825-1410828-eco-edge-randbegrenzing-recycled-tuin-plank.png\",\"contentUrl\":\"https:\\\/\\\/www.bera-bv.com\\\/wp-content\\\/uploads\\\/2025\\\/12\\\/1410824-1410825-1410828-eco-edge-randbegrenzing-recycled-tuin-plank.png\",\"width\":2480,\"height\":1774,\"caption\":\"Recycled randbegrenzing tuin plank borderrand duurzaam\"},{\"@type\":\"BreadcrumbList\",\"@id\":\"https:\\\/\\\/www.bera-bv.com\\\/de\\\/product\\\/bera-eco-edge-rasenkante-gerade-120-200-cm\\\/#breadcrumb\",\"itemListElement\":[{\"@type\":\"ListItem\",\"position\":1,\"name\":\"Home\",\"item\":\"https:\\\/\\\/www.bera-bv.com\\\/de\\\/\"},{\"@type\":\"ListItem\",\"position\":2,\"name\":\"Shop\",\"item\":\"https:\\\/\\\/www.bera-bv.com\\\/de\\\/shop\\\/\"},{\"@type\":\"ListItem\",\"position\":3,\"name\":\"BERA Eco Edge Rasenkante gerade &#8211; 120 &#8211; 200 cm\"}]},{\"@type\":\"WebSite\",\"@id\":\"https:\\\/\\\/www.bera-bv.com\\\/de\\\/#website\",\"url\":\"https:\\\/\\\/www.bera-bv.com\\\/de\\\/\",\"name\":\"BERA BV\",\"description\":\"Creatief en duurzaam landschapsontwerp\",\"publisher\":{\"@id\":\"https:\\\/\\\/www.bera-bv.com\\\/de\\\/#organization\"},\"potentialAction\":[{\"@type\":\"SearchAction\",\"target\":{\"@type\":\"EntryPoint\",\"urlTemplate\":\"https:\\\/\\\/www.bera-bv.com\\\/de\\\/?s={search_term_string}\"},\"query-input\":{\"@type\":\"PropertyValueSpecification\",\"valueRequired\":true,\"valueName\":\"search_term_string\"}}],\"inLanguage\":\"de\"},{\"@type\":\"Organization\",\"@id\":\"https:\\\/\\\/www.bera-bv.com\\\/de\\\/#organization\",\"name\":\"BERA BV\",\"url\":\"https:\\\/\\\/www.bera-bv.com\\\/de\\\/\",\"logo\":{\"@type\":\"ImageObject\",\"inLanguage\":\"de\",\"@id\":\"https:\\\/\\\/www.bera-bv.com\\\/de\\\/#\\\/schema\\\/logo\\\/image\\\/\",\"url\":\"https:\\\/\\\/www.bera-bv.com\\\/wp-content\\\/uploads\\\/2025\\\/12\\\/BERA-logo_light.svg\",\"contentUrl\":\"https:\\\/\\\/www.bera-bv.com\\\/wp-content\\\/uploads\\\/2025\\\/12\\\/BERA-logo_light.svg\",\"caption\":\"BERA BV\"},\"image\":{\"@id\":\"https:\\\/\\\/www.bera-bv.com\\\/de\\\/#\\\/schema\\\/logo\\\/image\\\/\"}}]}<\/script>\n<!-- \/ Yoast SEO plugin. -->","yoast_head_json":{"title":"BERA Eco Edge Rasenkante gerade - 120 - 200 cm - BERA BV","robots":{"index":"index","follow":"follow","max-snippet":"max-snippet:-1","max-image-preview":"max-image-preview:large","max-video-preview":"max-video-preview:-1"},"canonical":"https:\/\/www.bera-bv.com\/de\/product\/bera-eco-edge-rasenkante-gerade-120-200-cm\/","og_locale":"de_DE","og_type":"article","og_title":"BERA Eco Edge Rasenkante gerade - 120 - 200 cm - BERA BV","og_description":"Beschreibung Die Eco Edge Rasenkante wird zu 100 % nachhaltig aus Haushaltskunststoffabf\u00e4llen hergestellt und sorgt f\u00fcr eine perfekte Trennung zwischen Rasenfl\u00e4chen, Beeten, Wegen und Pfaden oder als Teichrand. Einfach zu verlegen und zu verankern mit dem Eco Edge Erdspie\u00df. Ausschlie\u00dflich f\u00fcr gerade Abschl\u00fcsse geeignet. F\u00fcr geschwungene Abschl\u00fcsse k\u00f6nnen Sie die Eco Edge Rolle verwenden.  Weitere Informationen erhalten Sie hier","og_url":"https:\/\/www.bera-bv.com\/de\/product\/bera-eco-edge-rasenkante-gerade-120-200-cm\/","og_site_name":"BERA BV","og_image":[{"width":2480,"height":1774,"url":"https:\/\/www.bera-bv.com\/wp-content\/uploads\/2025\/12\/1410824-1410825-1410828-eco-edge-randbegrenzing-recycled-tuin-plank.png","type":"image\/png"}],"twitter_card":"summary_large_image","twitter_misc":{"Gesch\u00e4tzte Lesezeit":"1\u00a0Minute"},"schema":{"@context":"https:\/\/schema.org","@graph":[{"@type":"WebPage","@id":"https:\/\/www.bera-bv.com\/de\/product\/bera-eco-edge-rasenkante-gerade-120-200-cm\/","url":"https:\/\/www.bera-bv.com\/de\/product\/bera-eco-edge-rasenkante-gerade-120-200-cm\/","name":"BERA Eco Edge Rasenkante gerade - 120 - 200 cm - BERA BV","isPartOf":{"@id":"https:\/\/www.bera-bv.com\/de\/#website"},"primaryImageOfPage":{"@id":"https:\/\/www.bera-bv.com\/de\/product\/bera-eco-edge-rasenkante-gerade-120-200-cm\/#primaryimage"},"image":{"@id":"https:\/\/www.bera-bv.com\/de\/product\/bera-eco-edge-rasenkante-gerade-120-200-cm\/#primaryimage"},"thumbnailUrl":"https:\/\/www.bera-bv.com\/wp-content\/uploads\/2025\/12\/1410824-1410825-1410828-eco-edge-randbegrenzing-recycled-tuin-plank.png","datePublished":"2026-02-25T14:07:02+00:00","breadcrumb":{"@id":"https:\/\/www.bera-bv.com\/de\/product\/bera-eco-edge-rasenkante-gerade-120-200-cm\/#breadcrumb"},"inLanguage":"de","potentialAction":[{"@type":"ReadAction","target":["https:\/\/www.bera-bv.com\/de\/product\/bera-eco-edge-rasenkante-gerade-120-200-cm\/"]}]},{"@type":"ImageObject","inLanguage":"de","@id":"https:\/\/www.bera-bv.com\/de\/product\/bera-eco-edge-rasenkante-gerade-120-200-cm\/#primaryimage","url":"https:\/\/www.bera-bv.com\/wp-content\/uploads\/2025\/12\/1410824-1410825-1410828-eco-edge-randbegrenzing-recycled-tuin-plank.png","contentUrl":"https:\/\/www.bera-bv.com\/wp-content\/uploads\/2025\/12\/1410824-1410825-1410828-eco-edge-randbegrenzing-recycled-tuin-plank.png","width":2480,"height":1774,"caption":"Recycled randbegrenzing tuin plank borderrand duurzaam"},{"@type":"BreadcrumbList","@id":"https:\/\/www.bera-bv.com\/de\/product\/bera-eco-edge-rasenkante-gerade-120-200-cm\/#breadcrumb","itemListElement":[{"@type":"ListItem","position":1,"name":"Home","item":"https:\/\/www.bera-bv.com\/de\/"},{"@type":"ListItem","position":2,"name":"Shop","item":"https:\/\/www.bera-bv.com\/de\/shop\/"},{"@type":"ListItem","position":3,"name":"BERA Eco Edge Rasenkante gerade &#8211; 120 &#8211; 200 cm"}]},{"@type":"WebSite","@id":"https:\/\/www.bera-bv.com\/de\/#website","url":"https:\/\/www.bera-bv.com\/de\/","name":"BERA BV","description":"Creatief en duurzaam landschapsontwerp","publisher":{"@id":"https:\/\/www.bera-bv.com\/de\/#organization"},"potentialAction":[{"@type":"SearchAction","target":{"@type":"EntryPoint","urlTemplate":"https:\/\/www.bera-bv.com\/de\/?s={search_term_string}"},"query-input":{"@type":"PropertyValueSpecification","valueRequired":true,"valueName":"search_term_string"}}],"inLanguage":"de"},{"@type":"Organization","@id":"https:\/\/www.bera-bv.com\/de\/#organization","name":"BERA BV","url":"https:\/\/www.bera-bv.com\/de\/","logo":{"@type":"ImageObject","inLanguage":"de","@id":"https:\/\/www.bera-bv.com\/de\/#\/schema\/logo\/image\/","url":"https:\/\/www.bera-bv.com\/wp-content\/uploads\/2025\/12\/BERA-logo_light.svg","contentUrl":"https:\/\/www.bera-bv.com\/wp-content\/uploads\/2025\/12\/BERA-logo_light.svg","caption":"BERA BV"},"image":{"@id":"https:\/\/www.bera-bv.com\/de\/#\/schema\/logo\/image\/"}}]}},"_links":{"self":[{"href":"https:\/\/www.bera-bv.com\/de\/wp-json\/wp\/v2\/product\/13089","targetHints":{"allow":["GET"]}}],"collection":[{"href":"https:\/\/www.bera-bv.com\/de\/wp-json\/wp\/v2\/product"}],"about":[{"href":"https:\/\/www.bera-bv.com\/de\/wp-json\/wp\/v2\/types\/product"}],"wp:featuredmedia":[{"embeddable":true,"href":"https:\/\/www.bera-bv.com\/de\/wp-json\/wp\/v2\/media\/13090"}],"wp:attachment":[{"href":"https:\/\/www.bera-bv.com\/de\/wp-json\/wp\/v2\/media?parent=13089"}],"wp:term":[{"taxonomy":"product_brand","embeddable":true,"href":"https:\/\/www.bera-bv.com\/de\/wp-json\/wp\/v2\/product_brand?post=13089"},{"taxonomy":"product_cat","embeddable":true,"href":"https:\/\/www.bera-bv.com\/de\/wp-json\/wp\/v2\/product_cat?post=13089"},{"taxonomy":"product_tag","embeddable":true,"href":"https:\/\/www.bera-bv.com\/de\/wp-json\/wp\/v2\/product_tag?post=13089"}],"curies":[{"name":"wp","href":"https:\/\/api.w.org\/{rel}","templated":true}]}}