{"id":13057,"date":"2025-12-22T12:35:51","date_gmt":"2025-12-22T11:35:51","guid":{"rendered":"http:\/\/bera-bv.com\/product\/bera-urbanscape-green-cubes\/"},"modified":"2026-02-25T15:07:03","modified_gmt":"2026-02-25T14:07:03","slug":"bera-urbanscape-green-cubes","status":"publish","type":"product","link":"https:\/\/www.bera-bv.com\/de\/product\/bera-urbanscape-green-cubes\/","title":{"rendered":"BERA\u00ae Urbanscape Green Cubes"},"content":{"rendered":"<p><strong>Anwendung<\/strong><br \/>\nBERA\u00ae Urbanscape Green Cubes werden als hochwertiger Bodenverbesserer in professionellen Anwendungen eingesetzt:<\/p>\n<ul>\n<li>Mischung mit anderen Substraten (Mutterboden, Kokos, Torf etc.) zur Verbesserung der Wasseraufnahmekapazit\u00e4t und Bel\u00fcftung<\/li>\n<li>Mischung in Sand- oder Lehmb\u00f6den zur Verbesserung der Wasseraufnahmekapazit\u00e4t und des Luft-Boden-Verh\u00e4ltnisses<\/li>\n<li>In Pflanzk\u00fcbeln, T\u00f6pfen, Gem\u00fcseg\u00e4rten und Rabatten<\/li>\n<\/ul>\n<p><strong>Produktdetails<\/strong><\/p>\n<ul>\n<li>Steinwolle in W\u00fcrfelform von 2&#215;2 cm<\/li>\n<li>Geliefert im 20-Liter-Sack (Gewicht ca. 2 kg)<\/li>\n<li>100 % nat\u00fcrliches Material, keinerlei chemische Zus\u00e4tze<\/li>\n<li>F\u00fcr alle Pflanzen geeignet, vollst\u00e4ndig kompostierbar<\/li>\n<li>Erhebliche Einsparungen bei Wasser und N\u00e4hrstoffen bis zu ca. 50 %<\/li>\n<li>Bodenverbesserung, lange Lebensdauer<\/li>\n<li>Besseres Wachstum und Entwicklung der Pflanze<\/li>\n<li>H\u00f6herer Ertrag und bessere Widerstandsf\u00e4higkeit der Pflanze<\/li>\n<\/ul>\n","protected":false},"excerpt":{"rendered":"<p>Urbanscape Green Cubes werden aus 100 % nat\u00fcrlichen Gesteinsfasern hergestellt und im Substrat f\u00fcr den privaten und professionellen Gebrauch oder zur Verbesserung der Bodenqualit\u00e4t von Zimmer- und Au\u00dfenpflanzen verwendet. Wasser und N\u00e4hrstoffe werden in Urbanscape Green Cubes gespeichert und stehen der Pflanze jederzeit direkt zur Aufnahme zur Verf\u00fcgung. Green Cubes verbessern die Bodenqualit\u00e4t und helfen Pflanzen, unter schwierigen Bedingungen zu \u00fcberleben.  <\/p>\n<p>BERA\u00ae Urbanscape Green Flocks werden als hochwertiger Bodenverbesserer in privaten und professionellen Anwendungen eingesetzt:<\/p>\n<ul>\n<li>Mischung mit anderen Substraten (Mutterboden, Kokos, Torf etc.) zur Verbesserung der Wasseraufnahmekapazit\u00e4t und Bel\u00fcftung<\/li>\n<li>Mischung in Sand- oder Lehmb\u00f6den zur Verbesserung der Wasseraufnahmekapazit\u00e4t und des Luft-Boden-Verh\u00e4ltnisses<\/li>\n<li>In Pflanzk\u00fcbeln, T\u00f6pfen, Gem\u00fcseg\u00e4rten und Rabatten<\/li>\n<\/ul>\n<p>Weitere Informationen erhalten Sie <a href=\"https:\/\/www.bera-bv.nl\/eco-en-watersystems\/bera-urbanscape\/\" target=\"_blank\" rel=\"noopener noreferrer\">hier<\/a><\/p>\n","protected":false},"featured_media":13058,"template":"","meta":{"site-sidebar-layout":"default","site-content-layout":"","ast-site-content-layout":"default","site-content-style":"default","site-sidebar-style":"default","ast-global-header-display":"","ast-banner-title-visibility":"","ast-main-header-display":"","ast-hfb-above-header-display":"","ast-hfb-below-header-display":"","ast-hfb-mobile-header-display":"","site-post-title":"","ast-breadcrumbs-content":"","ast-featured-img":"","footer-sml-layout":"","ast-disable-related-posts":"","theme-transparent-header-meta":"default","adv-header-id-meta":"","stick-header-meta":"default","header-above-stick-meta":"","header-main-stick-meta":"","header-below-stick-meta":"","astra-migrate-meta-layouts":"default","ast-page-background-enabled":"default","ast-page-background-meta":{"desktop":{"background-color":"var(--ast-global-color-4)","background-image":"","background-repeat":"repeat","background-position":"center center","background-size":"auto","background-attachment":"scroll","background-type":"","background-media":"","overlay-type":"","overlay-color":"","overlay-opacity":"","overlay-gradient":""},"tablet":{"background-color":"","background-image":"","background-repeat":"repeat","background-position":"center center","background-size":"auto","background-attachment":"scroll","background-type":"","background-media":"","overlay-type":"","overlay-color":"","overlay-opacity":"","overlay-gradient":""},"mobile":{"background-color":"","background-image":"","background-repeat":"repeat","background-position":"center center","background-size":"auto","background-attachment":"scroll","background-type":"","background-media":"","overlay-type":"","overlay-color":"","overlay-opacity":"","overlay-gradient":""}},"ast-content-background-meta":{"desktop":{"background-color":"var(--ast-global-color-5)","background-image":"","background-repeat":"repeat","background-position":"center center","background-size":"auto","background-attachment":"scroll","background-type":"","background-media":"","overlay-type":"","overlay-color":"","overlay-opacity":"","overlay-gradient":""},"tablet":{"background-color":"var(--ast-global-color-5)","background-image":"","background-repeat":"repeat","background-position":"center center","background-size":"auto","background-attachment":"scroll","background-type":"","background-media":"","overlay-type":"","overlay-color":"","overlay-opacity":"","overlay-gradient":""},"mobile":{"background-color":"var(--ast-global-color-5)","background-image":"","background-repeat":"repeat","background-position":"center center","background-size":"auto","background-attachment":"scroll","background-type":"","background-media":"","overlay-type":"","overlay-color":"","overlay-opacity":"","overlay-gradient":""}}},"product_brand":[],"product_cat":[261],"product_tag":[],"class_list":{"0":"post-13057","1":"product","2":"type-product","3":"status-publish","4":"has-post-thumbnail","6":"product_cat-wassermanagement","7":"product_shipping_class-parcel","8":"desktop-align-left","9":"tablet-align-left","10":"mobile-align-left","11":"ast-product-gallery-layout-horizontal","12":"ast-product-tabs-layout-horizontal","14":"first","15":"instock","16":"purchasable","17":"product-type-simple"},"yoast_head":"<!-- This site is optimized with the Yoast SEO plugin v27.4 - https:\/\/yoast.com\/product\/yoast-seo-wordpress\/ -->\n<title>BERA\u00ae Urbanscape Green Cubes - BERA BV<\/title>\n<meta name=\"robots\" content=\"index, follow, max-snippet:-1, max-image-preview:large, max-video-preview:-1\" \/>\n<link rel=\"canonical\" href=\"https:\/\/www.bera-bv.com\/de\/product\/bera-urbanscape-green-cubes\/\" \/>\n<meta property=\"og:locale\" content=\"de_DE\" \/>\n<meta property=\"og:type\" content=\"article\" \/>\n<meta property=\"og:title\" content=\"BERA\u00ae Urbanscape Green Cubes - BERA BV\" \/>\n<meta property=\"og:description\" content=\"Urbanscape Green Cubes werden aus 100 % nat\u00fcrlichen Gesteinsfasern hergestellt und im Substrat f\u00fcr den privaten und professionellen Gebrauch oder zur Verbesserung der Bodenqualit\u00e4t von Zimmer- und Au\u00dfenpflanzen verwendet. Wasser und N\u00e4hrstoffe werden in Urbanscape Green Cubes gespeichert und stehen der Pflanze jederzeit direkt zur Aufnahme zur Verf\u00fcgung. Green Cubes verbessern die Bodenqualit\u00e4t und helfen Pflanzen, unter schwierigen Bedingungen zu \u00fcberleben.  BERA\u00ae Urbanscape Green Flocks werden als hochwertiger Bodenverbesserer in privaten und professionellen Anwendungen eingesetzt:   Mischung mit anderen Substraten (Mutterboden, Kokos, Torf etc.) zur Verbesserung der Wasseraufnahmekapazit\u00e4t und Bel\u00fcftung  Mischung in Sand- oder Lehmb\u00f6den zur Verbesserung der Wasseraufnahmekapazit\u00e4t und des Luft-Boden-Verh\u00e4ltnisses  In Pflanzk\u00fcbeln, T\u00f6pfen, Gem\u00fcseg\u00e4rten und Rabatten  Weitere Informationen erhalten Sie hier\" \/>\n<meta property=\"og:url\" content=\"https:\/\/www.bera-bv.com\/de\/product\/bera-urbanscape-green-cubes\/\" \/>\n<meta property=\"og:site_name\" content=\"BERA BV\" \/>\n<meta property=\"article:modified_time\" content=\"2026-02-25T14:07:03+00:00\" \/>\n<meta property=\"og:image\" content=\"https:\/\/www.bera-bv.com\/wp-content\/uploads\/2025\/12\/Urbanscape_Cubes.png\" \/>\n\t<meta property=\"og:image:width\" content=\"800\" \/>\n\t<meta property=\"og:image:height\" content=\"626\" \/>\n\t<meta property=\"og:image:type\" content=\"image\/png\" \/>\n<meta name=\"twitter:card\" content=\"summary_large_image\" \/>\n<meta name=\"twitter:label1\" content=\"Gesch\u00e4tzte Lesezeit\" \/>\n\t<meta name=\"twitter:data1\" content=\"1\u00a0Minute\" \/>\n<script type=\"application\/ld+json\" class=\"yoast-schema-graph\">{\"@context\":\"https:\\\/\\\/schema.org\",\"@graph\":[{\"@type\":\"WebPage\",\"@id\":\"https:\\\/\\\/www.bera-bv.com\\\/de\\\/product\\\/bera-urbanscape-green-cubes\\\/\",\"url\":\"https:\\\/\\\/www.bera-bv.com\\\/de\\\/product\\\/bera-urbanscape-green-cubes\\\/\",\"name\":\"BERA\u00ae Urbanscape Green Cubes - BERA BV\",\"isPartOf\":{\"@id\":\"https:\\\/\\\/www.bera-bv.com\\\/de\\\/#website\"},\"primaryImageOfPage\":{\"@id\":\"https:\\\/\\\/www.bera-bv.com\\\/de\\\/product\\\/bera-urbanscape-green-cubes\\\/#primaryimage\"},\"image\":{\"@id\":\"https:\\\/\\\/www.bera-bv.com\\\/de\\\/product\\\/bera-urbanscape-green-cubes\\\/#primaryimage\"},\"thumbnailUrl\":\"https:\\\/\\\/www.bera-bv.com\\\/wp-content\\\/uploads\\\/2025\\\/12\\\/Urbanscape_Cubes.png\",\"datePublished\":\"2025-12-22T11:35:51+00:00\",\"dateModified\":\"2026-02-25T14:07:03+00:00\",\"breadcrumb\":{\"@id\":\"https:\\\/\\\/www.bera-bv.com\\\/de\\\/product\\\/bera-urbanscape-green-cubes\\\/#breadcrumb\"},\"inLanguage\":\"de\",\"potentialAction\":[{\"@type\":\"ReadAction\",\"target\":[\"https:\\\/\\\/www.bera-bv.com\\\/de\\\/product\\\/bera-urbanscape-green-cubes\\\/\"]}]},{\"@type\":\"ImageObject\",\"inLanguage\":\"de\",\"@id\":\"https:\\\/\\\/www.bera-bv.com\\\/de\\\/product\\\/bera-urbanscape-green-cubes\\\/#primaryimage\",\"url\":\"https:\\\/\\\/www.bera-bv.com\\\/wp-content\\\/uploads\\\/2025\\\/12\\\/Urbanscape_Cubes.png\",\"contentUrl\":\"https:\\\/\\\/www.bera-bv.com\\\/wp-content\\\/uploads\\\/2025\\\/12\\\/Urbanscape_Cubes.png\",\"width\":800,\"height\":626},{\"@type\":\"BreadcrumbList\",\"@id\":\"https:\\\/\\\/www.bera-bv.com\\\/de\\\/product\\\/bera-urbanscape-green-cubes\\\/#breadcrumb\",\"itemListElement\":[{\"@type\":\"ListItem\",\"position\":1,\"name\":\"Home\",\"item\":\"https:\\\/\\\/www.bera-bv.com\\\/de\\\/\"},{\"@type\":\"ListItem\",\"position\":2,\"name\":\"Shop\",\"item\":\"https:\\\/\\\/www.bera-bv.com\\\/de\\\/shop\\\/\"},{\"@type\":\"ListItem\",\"position\":3,\"name\":\"BERA\u00ae Urbanscape Green Cubes\"}]},{\"@type\":\"WebSite\",\"@id\":\"https:\\\/\\\/www.bera-bv.com\\\/de\\\/#website\",\"url\":\"https:\\\/\\\/www.bera-bv.com\\\/de\\\/\",\"name\":\"BERA BV\",\"description\":\"Creatief en duurzaam landschapsontwerp\",\"publisher\":{\"@id\":\"https:\\\/\\\/www.bera-bv.com\\\/de\\\/#organization\"},\"potentialAction\":[{\"@type\":\"SearchAction\",\"target\":{\"@type\":\"EntryPoint\",\"urlTemplate\":\"https:\\\/\\\/www.bera-bv.com\\\/de\\\/?s={search_term_string}\"},\"query-input\":{\"@type\":\"PropertyValueSpecification\",\"valueRequired\":true,\"valueName\":\"search_term_string\"}}],\"inLanguage\":\"de\"},{\"@type\":\"Organization\",\"@id\":\"https:\\\/\\\/www.bera-bv.com\\\/de\\\/#organization\",\"name\":\"BERA BV\",\"url\":\"https:\\\/\\\/www.bera-bv.com\\\/de\\\/\",\"logo\":{\"@type\":\"ImageObject\",\"inLanguage\":\"de\",\"@id\":\"https:\\\/\\\/www.bera-bv.com\\\/de\\\/#\\\/schema\\\/logo\\\/image\\\/\",\"url\":\"https:\\\/\\\/www.bera-bv.com\\\/wp-content\\\/uploads\\\/2025\\\/12\\\/BERA-logo_light.svg\",\"contentUrl\":\"https:\\\/\\\/www.bera-bv.com\\\/wp-content\\\/uploads\\\/2025\\\/12\\\/BERA-logo_light.svg\",\"caption\":\"BERA BV\"},\"image\":{\"@id\":\"https:\\\/\\\/www.bera-bv.com\\\/de\\\/#\\\/schema\\\/logo\\\/image\\\/\"}}]}<\/script>\n<!-- \/ Yoast SEO plugin. -->","yoast_head_json":{"title":"BERA\u00ae Urbanscape Green Cubes - BERA BV","robots":{"index":"index","follow":"follow","max-snippet":"max-snippet:-1","max-image-preview":"max-image-preview:large","max-video-preview":"max-video-preview:-1"},"canonical":"https:\/\/www.bera-bv.com\/de\/product\/bera-urbanscape-green-cubes\/","og_locale":"de_DE","og_type":"article","og_title":"BERA\u00ae Urbanscape Green Cubes - BERA BV","og_description":"Urbanscape Green Cubes werden aus 100 % nat\u00fcrlichen Gesteinsfasern hergestellt und im Substrat f\u00fcr den privaten und professionellen Gebrauch oder zur Verbesserung der Bodenqualit\u00e4t von Zimmer- und Au\u00dfenpflanzen verwendet. Wasser und N\u00e4hrstoffe werden in Urbanscape Green Cubes gespeichert und stehen der Pflanze jederzeit direkt zur Aufnahme zur Verf\u00fcgung. Green Cubes verbessern die Bodenqualit\u00e4t und helfen Pflanzen, unter schwierigen Bedingungen zu \u00fcberleben.  BERA\u00ae Urbanscape Green Flocks werden als hochwertiger Bodenverbesserer in privaten und professionellen Anwendungen eingesetzt:   Mischung mit anderen Substraten (Mutterboden, Kokos, Torf etc.) zur Verbesserung der Wasseraufnahmekapazit\u00e4t und Bel\u00fcftung  Mischung in Sand- oder Lehmb\u00f6den zur Verbesserung der Wasseraufnahmekapazit\u00e4t und des Luft-Boden-Verh\u00e4ltnisses  In Pflanzk\u00fcbeln, T\u00f6pfen, Gem\u00fcseg\u00e4rten und Rabatten  Weitere Informationen erhalten Sie hier","og_url":"https:\/\/www.bera-bv.com\/de\/product\/bera-urbanscape-green-cubes\/","og_site_name":"BERA BV","article_modified_time":"2026-02-25T14:07:03+00:00","og_image":[{"width":800,"height":626,"url":"https:\/\/www.bera-bv.com\/wp-content\/uploads\/2025\/12\/Urbanscape_Cubes.png","type":"image\/png"}],"twitter_card":"summary_large_image","twitter_misc":{"Gesch\u00e4tzte Lesezeit":"1\u00a0Minute"},"schema":{"@context":"https:\/\/schema.org","@graph":[{"@type":"WebPage","@id":"https:\/\/www.bera-bv.com\/de\/product\/bera-urbanscape-green-cubes\/","url":"https:\/\/www.bera-bv.com\/de\/product\/bera-urbanscape-green-cubes\/","name":"BERA\u00ae Urbanscape Green Cubes - BERA BV","isPartOf":{"@id":"https:\/\/www.bera-bv.com\/de\/#website"},"primaryImageOfPage":{"@id":"https:\/\/www.bera-bv.com\/de\/product\/bera-urbanscape-green-cubes\/#primaryimage"},"image":{"@id":"https:\/\/www.bera-bv.com\/de\/product\/bera-urbanscape-green-cubes\/#primaryimage"},"thumbnailUrl":"https:\/\/www.bera-bv.com\/wp-content\/uploads\/2025\/12\/Urbanscape_Cubes.png","datePublished":"2025-12-22T11:35:51+00:00","dateModified":"2026-02-25T14:07:03+00:00","breadcrumb":{"@id":"https:\/\/www.bera-bv.com\/de\/product\/bera-urbanscape-green-cubes\/#breadcrumb"},"inLanguage":"de","potentialAction":[{"@type":"ReadAction","target":["https:\/\/www.bera-bv.com\/de\/product\/bera-urbanscape-green-cubes\/"]}]},{"@type":"ImageObject","inLanguage":"de","@id":"https:\/\/www.bera-bv.com\/de\/product\/bera-urbanscape-green-cubes\/#primaryimage","url":"https:\/\/www.bera-bv.com\/wp-content\/uploads\/2025\/12\/Urbanscape_Cubes.png","contentUrl":"https:\/\/www.bera-bv.com\/wp-content\/uploads\/2025\/12\/Urbanscape_Cubes.png","width":800,"height":626},{"@type":"BreadcrumbList","@id":"https:\/\/www.bera-bv.com\/de\/product\/bera-urbanscape-green-cubes\/#breadcrumb","itemListElement":[{"@type":"ListItem","position":1,"name":"Home","item":"https:\/\/www.bera-bv.com\/de\/"},{"@type":"ListItem","position":2,"name":"Shop","item":"https:\/\/www.bera-bv.com\/de\/shop\/"},{"@type":"ListItem","position":3,"name":"BERA\u00ae Urbanscape Green Cubes"}]},{"@type":"WebSite","@id":"https:\/\/www.bera-bv.com\/de\/#website","url":"https:\/\/www.bera-bv.com\/de\/","name":"BERA BV","description":"Creatief en duurzaam landschapsontwerp","publisher":{"@id":"https:\/\/www.bera-bv.com\/de\/#organization"},"potentialAction":[{"@type":"SearchAction","target":{"@type":"EntryPoint","urlTemplate":"https:\/\/www.bera-bv.com\/de\/?s={search_term_string}"},"query-input":{"@type":"PropertyValueSpecification","valueRequired":true,"valueName":"search_term_string"}}],"inLanguage":"de"},{"@type":"Organization","@id":"https:\/\/www.bera-bv.com\/de\/#organization","name":"BERA BV","url":"https:\/\/www.bera-bv.com\/de\/","logo":{"@type":"ImageObject","inLanguage":"de","@id":"https:\/\/www.bera-bv.com\/de\/#\/schema\/logo\/image\/","url":"https:\/\/www.bera-bv.com\/wp-content\/uploads\/2025\/12\/BERA-logo_light.svg","contentUrl":"https:\/\/www.bera-bv.com\/wp-content\/uploads\/2025\/12\/BERA-logo_light.svg","caption":"BERA BV"},"image":{"@id":"https:\/\/www.bera-bv.com\/de\/#\/schema\/logo\/image\/"}}]}},"_links":{"self":[{"href":"https:\/\/www.bera-bv.com\/de\/wp-json\/wp\/v2\/product\/13057","targetHints":{"allow":["GET"]}}],"collection":[{"href":"https:\/\/www.bera-bv.com\/de\/wp-json\/wp\/v2\/product"}],"about":[{"href":"https:\/\/www.bera-bv.com\/de\/wp-json\/wp\/v2\/types\/product"}],"wp:featuredmedia":[{"embeddable":true,"href":"https:\/\/www.bera-bv.com\/de\/wp-json\/wp\/v2\/media\/13058"}],"wp:attachment":[{"href":"https:\/\/www.bera-bv.com\/de\/wp-json\/wp\/v2\/media?parent=13057"}],"wp:term":[{"taxonomy":"product_brand","embeddable":true,"href":"https:\/\/www.bera-bv.com\/de\/wp-json\/wp\/v2\/product_brand?post=13057"},{"taxonomy":"product_cat","embeddable":true,"href":"https:\/\/www.bera-bv.com\/de\/wp-json\/wp\/v2\/product_cat?post=13057"},{"taxonomy":"product_tag","embeddable":true,"href":"https:\/\/www.bera-bv.com\/de\/wp-json\/wp\/v2\/product_tag?post=13057"}],"curies":[{"name":"wp","href":"https:\/\/api.w.org\/{rel}","templated":true}]}}