{"id":13023,"date":"2025-12-22T12:35:15","date_gmt":"2025-12-22T11:35:15","guid":{"rendered":"http:\/\/bera-bv.com\/product\/randbegrenzung-gravel-edge-l-120x45x45-cm\/"},"modified":"2026-04-13T15:37:50","modified_gmt":"2026-04-13T13:37:50","slug":"randbegrenzung-gravel-edge-l-120x45x45-cm","status":"publish","type":"product","link":"https:\/\/www.bera-bv.com\/de\/product\/randbegrenzung-gravel-edge-l-120x45x45-cm\/","title":{"rendered":"Randbegrenzung Gravel Edge L (120&#215;4,5&#215;4,5 cm)"},"content":{"rendered":"<p><strong>Anwendung<\/strong><\/p>\n<ul>\n<li>Seitliche Begrenzung der <a href=\"https:\/\/www.bera-bv.nl\/webshop\/produkt\/gravel-fix-smart-kiesstabilisierung\/\">Gravel Fix Smart<\/a> Kiesstabilisierung f\u00fcr z. B. Gartenwege<\/li>\n<li>Abschlussprofil f\u00fcr andere Materialien wie Holz, Stein und Fliesen<\/li>\n<\/ul>\n<p><strong>Produktdetails<\/strong><\/p>\n<ul>\n<li>Farbe: Schwarz oder Wei\u00df<\/li>\n<li>Ma\u00dfe: L x B x H = 120 x 4,5 x 4,5 cm<\/li>\n<li>Gewicht: 265 g pro St\u00fcck<\/li>\n<li>Material: Polypropylen<\/li>\n<li>UV- und frostbest\u00e4ndig<\/li>\n<\/ul>\n<p><strong>Montage<\/strong><\/p>\n<ul>\n<li>Platzieren Sie die L-Profile auf dem abger\u00fcttelten und geebneten Sandbett. Durch das Durchtrennen einiger \u201eStege\u201c wird die gew\u00fcnschte Flexibilit\u00e4t erreicht. Verwenden Sie <a href=\"https:\/\/www.bera-bv.nl\/webshop\/produkt\/gravel-edge-fixierstifte\/\">Erdn\u00e4gel<\/a> (optional erh\u00e4ltlich) zur Sicherung der Profile. Bei st\u00e4rkerer seitlicher Belastung verwenden Sie lange Universal-Erdn\u00e4gel oder andere geeignete Methoden.   <\/li>\n<li><a href=\"https:\/\/www.bera-bv.nl\/webshop\/produkt\/randleiste-gravel-edge-alu-verbindungselemente\/\">Verbinder<\/a> sind separat bestellbar, um die Profile optional miteinander zu koppeln<\/li>\n<\/ul>\n","protected":false},"excerpt":{"rendered":"<p><strong>Beschreibung<\/strong><br \/>\nDie Gravel Edge L-Profile sind die ideale Randbegrenzung f\u00fcr die Verwendung mit unserer Kiesstabilisierung Gravel Fix Smart. Die H\u00f6he von 4,5 cm ist so gew\u00e4hlt, dass die Gravel Fix-Platten mit 3,2 cm perfekt hineinpassen. Mit der Deckschicht von ca. 1 cm bleibt diskret nur die Oberseite sichtbar.  <\/p>\n<p>Gravel Edge L kann sowohl 100 % gerade als auch flexibel eingesetzt werden. Durch das Durchtrennen der d\u00fcnnen Verbindungen entsteht ein \u00e4u\u00dferst flexibles Profil f\u00fcr verschiedenste Kurven und Formen, zum Beispiel bei Gartenwegen, Terrassen, um B\u00e4ume herum oder zur Begrenzung von Beeten. <\/p>\n<p><a href=\"https:\/\/www.bera-bv.nl\/webshop\/produkt\/randleiste-gravel-edge-alu-verbindungselemente\/\">Mithilfe optionaler <\/a><a href=\"https:\/\/www.bera-bv.nl\/webshop\/produkt\/gravel-edge-fixierstifte\/\">Erdn\u00e4gel<\/a> k\u00f6nnen die Profile im Boden fixiert werden. Die mit Kies gef\u00fcllten Gravel Fix-Platten \u00fcben durch ihr Gewicht zus\u00e4tzlichen Druck auf den unteren Teil des \u201eL\u201c aus. <\/p>\n<p><a href=\"https:\/\/www.bera-bv.nl\/webshop\/produkt\/randleiste-gravel-edge-alu-verbindungselemente\/\">Verbinder<\/a> sind separat bestellbar, um die Profile optional miteinander zu koppeln.<\/p>\n<p>Geeignet f\u00fcr leichte Belastungen. F\u00fcr die Verwendung auf privaten Parkpl\u00e4tzen oder Einfahrten empfehlen wir die Gravel Edge ALU T-Profile. <\/p>\n<p>Weitere Informationen erhalten Sie <a href=\"https:\/\/www.bera-bv.nl\/randbegrenzing\/bera-gravel-edge-l\/\" target=\"_blank\" rel=\"noopener noreferrer\">hier<\/a><\/p>\n","protected":false},"featured_media":13024,"template":"","meta":{"site-sidebar-layout":"default","site-content-layout":"","ast-site-content-layout":"default","site-content-style":"default","site-sidebar-style":"default","ast-global-header-display":"","ast-banner-title-visibility":"","ast-main-header-display":"","ast-hfb-above-header-display":"","ast-hfb-below-header-display":"","ast-hfb-mobile-header-display":"","site-post-title":"","ast-breadcrumbs-content":"","ast-featured-img":"","footer-sml-layout":"","ast-disable-related-posts":"","theme-transparent-header-meta":"default","adv-header-id-meta":"","stick-header-meta":"default","header-above-stick-meta":"","header-main-stick-meta":"","header-below-stick-meta":"","astra-migrate-meta-layouts":"default","ast-page-background-enabled":"default","ast-page-background-meta":{"desktop":{"background-color":"var(--ast-global-color-4)","background-image":"","background-repeat":"repeat","background-position":"center center","background-size":"auto","background-attachment":"scroll","background-type":"","background-media":"","overlay-type":"","overlay-color":"","overlay-opacity":"","overlay-gradient":""},"tablet":{"background-color":"","background-image":"","background-repeat":"repeat","background-position":"center center","background-size":"auto","background-attachment":"scroll","background-type":"","background-media":"","overlay-type":"","overlay-color":"","overlay-opacity":"","overlay-gradient":""},"mobile":{"background-color":"","background-image":"","background-repeat":"repeat","background-position":"center center","background-size":"auto","background-attachment":"scroll","background-type":"","background-media":"","overlay-type":"","overlay-color":"","overlay-opacity":"","overlay-gradient":""}},"ast-content-background-meta":{"desktop":{"background-color":"var(--ast-global-color-5)","background-image":"","background-repeat":"repeat","background-position":"center center","background-size":"auto","background-attachment":"scroll","background-type":"","background-media":"","overlay-type":"","overlay-color":"","overlay-opacity":"","overlay-gradient":""},"tablet":{"background-color":"var(--ast-global-color-5)","background-image":"","background-repeat":"repeat","background-position":"center center","background-size":"auto","background-attachment":"scroll","background-type":"","background-media":"","overlay-type":"","overlay-color":"","overlay-opacity":"","overlay-gradient":""},"mobile":{"background-color":"var(--ast-global-color-5)","background-image":"","background-repeat":"repeat","background-position":"center center","background-size":"auto","background-attachment":"scroll","background-type":"","background-media":"","overlay-type":"","overlay-color":"","overlay-opacity":"","overlay-gradient":""}}},"product_brand":[],"product_cat":[273],"product_tag":[],"class_list":{"0":"post-13023","1":"product","2":"type-product","3":"status-publish","4":"has-post-thumbnail","6":"product_cat-randeinfassung","7":"product_shipping_class-parcel","8":"pa_frostproof-ja","9":"pa_kleur-schwarz","10":"pa_kleur-weis","11":"pa_materiaal-polypropylen","12":"pa_uv-bestendig-ja","13":"desktop-align-left","14":"tablet-align-left","15":"mobile-align-left","16":"ast-product-gallery-layout-horizontal","17":"ast-product-single-variable","18":"ast-product-tabs-layout-horizontal","20":"first","21":"instock","22":"purchasable","23":"product-type-variable"},"yoast_head":"<!-- This site is optimized with the Yoast SEO plugin v27.4 - https:\/\/yoast.com\/product\/yoast-seo-wordpress\/ -->\n<title>Randbegrenzung Gravel Edge L (120x4,5x4,5 cm) - BERA BV<\/title>\n<meta name=\"robots\" content=\"index, follow, max-snippet:-1, max-image-preview:large, max-video-preview:-1\" \/>\n<link rel=\"canonical\" href=\"https:\/\/www.bera-bv.com\/de\/product\/randbegrenzung-gravel-edge-l-120x45x45-cm\/\" \/>\n<meta property=\"og:locale\" content=\"de_DE\" \/>\n<meta property=\"og:type\" content=\"article\" \/>\n<meta property=\"og:title\" content=\"Randbegrenzung Gravel Edge L (120x4,5x4,5 cm) - BERA BV\" \/>\n<meta property=\"og:description\" content=\"Beschreibung Die Gravel Edge L-Profile sind die ideale Randbegrenzung f\u00fcr die Verwendung mit unserer Kiesstabilisierung Gravel Fix Smart. Die H\u00f6he von 4,5 cm ist so gew\u00e4hlt, dass die Gravel Fix-Platten mit 3,2 cm perfekt hineinpassen. Mit der Deckschicht von ca. 1 cm bleibt diskret nur die Oberseite sichtbar.  Gravel Edge L kann sowohl 100 % gerade als auch flexibel eingesetzt werden. Durch das Durchtrennen der d\u00fcnnen Verbindungen entsteht ein \u00e4u\u00dferst flexibles Profil f\u00fcr verschiedenste Kurven und Formen, zum Beispiel bei Gartenwegen, Terrassen, um B\u00e4ume herum oder zur Begrenzung von Beeten.  Mithilfe optionaler Erdn\u00e4gel k\u00f6nnen die Profile im Boden fixiert werden. Die mit Kies gef\u00fcllten Gravel Fix-Platten \u00fcben durch ihr Gewicht zus\u00e4tzlichen Druck auf den unteren Teil des \u201eL\u201c aus.  Verbinder sind separat bestellbar, um die Profile optional miteinander zu koppeln. Geeignet f\u00fcr leichte Belastungen. F\u00fcr die Verwendung auf privaten Parkpl\u00e4tzen oder Einfahrten empfehlen wir die Gravel Edge ALU T-Profile.  Weitere Informationen erhalten Sie hier\" \/>\n<meta property=\"og:url\" content=\"https:\/\/www.bera-bv.com\/de\/product\/randbegrenzung-gravel-edge-l-120x45x45-cm\/\" \/>\n<meta property=\"og:site_name\" content=\"BERA BV\" \/>\n<meta property=\"article:modified_time\" content=\"2026-04-13T13:37:50+00:00\" \/>\n<meta property=\"og:image\" content=\"https:\/\/www.bera-bv.com\/wp-content\/uploads\/2025\/12\/Gravel-Edge-PP-L-Profil_500.jpg\" \/>\n\t<meta property=\"og:image:width\" content=\"652\" \/>\n\t<meta property=\"og:image:height\" content=\"500\" \/>\n\t<meta property=\"og:image:type\" content=\"image\/jpeg\" \/>\n<meta name=\"twitter:card\" content=\"summary_large_image\" \/>\n<meta name=\"twitter:label1\" content=\"Gesch\u00e4tzte Lesezeit\" \/>\n\t<meta name=\"twitter:data1\" content=\"1\u00a0Minute\" \/>\n<script type=\"application\/ld+json\" class=\"yoast-schema-graph\">{\"@context\":\"https:\\\/\\\/schema.org\",\"@graph\":[{\"@type\":\"WebPage\",\"@id\":\"https:\\\/\\\/www.bera-bv.com\\\/de\\\/product\\\/randbegrenzung-gravel-edge-l-120x45x45-cm\\\/\",\"url\":\"https:\\\/\\\/www.bera-bv.com\\\/de\\\/product\\\/randbegrenzung-gravel-edge-l-120x45x45-cm\\\/\",\"name\":\"Randbegrenzung Gravel Edge L (120x4,5x4,5 cm) - BERA BV\",\"isPartOf\":{\"@id\":\"https:\\\/\\\/www.bera-bv.com\\\/de\\\/#website\"},\"primaryImageOfPage\":{\"@id\":\"https:\\\/\\\/www.bera-bv.com\\\/de\\\/product\\\/randbegrenzung-gravel-edge-l-120x45x45-cm\\\/#primaryimage\"},\"image\":{\"@id\":\"https:\\\/\\\/www.bera-bv.com\\\/de\\\/product\\\/randbegrenzung-gravel-edge-l-120x45x45-cm\\\/#primaryimage\"},\"thumbnailUrl\":\"https:\\\/\\\/www.bera-bv.com\\\/wp-content\\\/uploads\\\/2025\\\/12\\\/Gravel-Edge-PP-L-Profil_500.jpg\",\"datePublished\":\"2025-12-22T11:35:15+00:00\",\"dateModified\":\"2026-04-13T13:37:50+00:00\",\"breadcrumb\":{\"@id\":\"https:\\\/\\\/www.bera-bv.com\\\/de\\\/product\\\/randbegrenzung-gravel-edge-l-120x45x45-cm\\\/#breadcrumb\"},\"inLanguage\":\"de\",\"potentialAction\":[{\"@type\":\"ReadAction\",\"target\":[\"https:\\\/\\\/www.bera-bv.com\\\/de\\\/product\\\/randbegrenzung-gravel-edge-l-120x45x45-cm\\\/\"]}]},{\"@type\":\"ImageObject\",\"inLanguage\":\"de\",\"@id\":\"https:\\\/\\\/www.bera-bv.com\\\/de\\\/product\\\/randbegrenzung-gravel-edge-l-120x45x45-cm\\\/#primaryimage\",\"url\":\"https:\\\/\\\/www.bera-bv.com\\\/wp-content\\\/uploads\\\/2025\\\/12\\\/Gravel-Edge-PP-L-Profil_500.jpg\",\"contentUrl\":\"https:\\\/\\\/www.bera-bv.com\\\/wp-content\\\/uploads\\\/2025\\\/12\\\/Gravel-Edge-PP-L-Profil_500.jpg\",\"width\":652,\"height\":500},{\"@type\":\"BreadcrumbList\",\"@id\":\"https:\\\/\\\/www.bera-bv.com\\\/de\\\/product\\\/randbegrenzung-gravel-edge-l-120x45x45-cm\\\/#breadcrumb\",\"itemListElement\":[{\"@type\":\"ListItem\",\"position\":1,\"name\":\"Home\",\"item\":\"https:\\\/\\\/www.bera-bv.com\\\/de\\\/\"},{\"@type\":\"ListItem\",\"position\":2,\"name\":\"Shop\",\"item\":\"https:\\\/\\\/www.bera-bv.com\\\/de\\\/shop\\\/\"},{\"@type\":\"ListItem\",\"position\":3,\"name\":\"Randbegrenzung Gravel Edge L (120&#215;4,5&#215;4,5 cm)\"}]},{\"@type\":\"WebSite\",\"@id\":\"https:\\\/\\\/www.bera-bv.com\\\/de\\\/#website\",\"url\":\"https:\\\/\\\/www.bera-bv.com\\\/de\\\/\",\"name\":\"BERA BV\",\"description\":\"Creatief en duurzaam landschapsontwerp\",\"publisher\":{\"@id\":\"https:\\\/\\\/www.bera-bv.com\\\/de\\\/#organization\"},\"potentialAction\":[{\"@type\":\"SearchAction\",\"target\":{\"@type\":\"EntryPoint\",\"urlTemplate\":\"https:\\\/\\\/www.bera-bv.com\\\/de\\\/?s={search_term_string}\"},\"query-input\":{\"@type\":\"PropertyValueSpecification\",\"valueRequired\":true,\"valueName\":\"search_term_string\"}}],\"inLanguage\":\"de\"},{\"@type\":\"Organization\",\"@id\":\"https:\\\/\\\/www.bera-bv.com\\\/de\\\/#organization\",\"name\":\"BERA BV\",\"url\":\"https:\\\/\\\/www.bera-bv.com\\\/de\\\/\",\"logo\":{\"@type\":\"ImageObject\",\"inLanguage\":\"de\",\"@id\":\"https:\\\/\\\/www.bera-bv.com\\\/de\\\/#\\\/schema\\\/logo\\\/image\\\/\",\"url\":\"https:\\\/\\\/www.bera-bv.com\\\/wp-content\\\/uploads\\\/2025\\\/12\\\/BERA-logo_light.svg\",\"contentUrl\":\"https:\\\/\\\/www.bera-bv.com\\\/wp-content\\\/uploads\\\/2025\\\/12\\\/BERA-logo_light.svg\",\"caption\":\"BERA BV\"},\"image\":{\"@id\":\"https:\\\/\\\/www.bera-bv.com\\\/de\\\/#\\\/schema\\\/logo\\\/image\\\/\"}}]}<\/script>\n<!-- \/ Yoast SEO plugin. -->","yoast_head_json":{"title":"Randbegrenzung Gravel Edge L (120x4,5x4,5 cm) - BERA BV","robots":{"index":"index","follow":"follow","max-snippet":"max-snippet:-1","max-image-preview":"max-image-preview:large","max-video-preview":"max-video-preview:-1"},"canonical":"https:\/\/www.bera-bv.com\/de\/product\/randbegrenzung-gravel-edge-l-120x45x45-cm\/","og_locale":"de_DE","og_type":"article","og_title":"Randbegrenzung Gravel Edge L (120x4,5x4,5 cm) - BERA BV","og_description":"Beschreibung Die Gravel Edge L-Profile sind die ideale Randbegrenzung f\u00fcr die Verwendung mit unserer Kiesstabilisierung Gravel Fix Smart. Die H\u00f6he von 4,5 cm ist so gew\u00e4hlt, dass die Gravel Fix-Platten mit 3,2 cm perfekt hineinpassen. Mit der Deckschicht von ca. 1 cm bleibt diskret nur die Oberseite sichtbar.  Gravel Edge L kann sowohl 100 % gerade als auch flexibel eingesetzt werden. Durch das Durchtrennen der d\u00fcnnen Verbindungen entsteht ein \u00e4u\u00dferst flexibles Profil f\u00fcr verschiedenste Kurven und Formen, zum Beispiel bei Gartenwegen, Terrassen, um B\u00e4ume herum oder zur Begrenzung von Beeten.  Mithilfe optionaler Erdn\u00e4gel k\u00f6nnen die Profile im Boden fixiert werden. Die mit Kies gef\u00fcllten Gravel Fix-Platten \u00fcben durch ihr Gewicht zus\u00e4tzlichen Druck auf den unteren Teil des \u201eL\u201c aus.  Verbinder sind separat bestellbar, um die Profile optional miteinander zu koppeln. Geeignet f\u00fcr leichte Belastungen. F\u00fcr die Verwendung auf privaten Parkpl\u00e4tzen oder Einfahrten empfehlen wir die Gravel Edge ALU T-Profile.  Weitere Informationen erhalten Sie hier","og_url":"https:\/\/www.bera-bv.com\/de\/product\/randbegrenzung-gravel-edge-l-120x45x45-cm\/","og_site_name":"BERA BV","article_modified_time":"2026-04-13T13:37:50+00:00","og_image":[{"width":652,"height":500,"url":"https:\/\/www.bera-bv.com\/wp-content\/uploads\/2025\/12\/Gravel-Edge-PP-L-Profil_500.jpg","type":"image\/jpeg"}],"twitter_card":"summary_large_image","twitter_misc":{"Gesch\u00e4tzte Lesezeit":"1\u00a0Minute"},"schema":{"@context":"https:\/\/schema.org","@graph":[{"@type":"WebPage","@id":"https:\/\/www.bera-bv.com\/de\/product\/randbegrenzung-gravel-edge-l-120x45x45-cm\/","url":"https:\/\/www.bera-bv.com\/de\/product\/randbegrenzung-gravel-edge-l-120x45x45-cm\/","name":"Randbegrenzung Gravel Edge L (120x4,5x4,5 cm) - BERA BV","isPartOf":{"@id":"https:\/\/www.bera-bv.com\/de\/#website"},"primaryImageOfPage":{"@id":"https:\/\/www.bera-bv.com\/de\/product\/randbegrenzung-gravel-edge-l-120x45x45-cm\/#primaryimage"},"image":{"@id":"https:\/\/www.bera-bv.com\/de\/product\/randbegrenzung-gravel-edge-l-120x45x45-cm\/#primaryimage"},"thumbnailUrl":"https:\/\/www.bera-bv.com\/wp-content\/uploads\/2025\/12\/Gravel-Edge-PP-L-Profil_500.jpg","datePublished":"2025-12-22T11:35:15+00:00","dateModified":"2026-04-13T13:37:50+00:00","breadcrumb":{"@id":"https:\/\/www.bera-bv.com\/de\/product\/randbegrenzung-gravel-edge-l-120x45x45-cm\/#breadcrumb"},"inLanguage":"de","potentialAction":[{"@type":"ReadAction","target":["https:\/\/www.bera-bv.com\/de\/product\/randbegrenzung-gravel-edge-l-120x45x45-cm\/"]}]},{"@type":"ImageObject","inLanguage":"de","@id":"https:\/\/www.bera-bv.com\/de\/product\/randbegrenzung-gravel-edge-l-120x45x45-cm\/#primaryimage","url":"https:\/\/www.bera-bv.com\/wp-content\/uploads\/2025\/12\/Gravel-Edge-PP-L-Profil_500.jpg","contentUrl":"https:\/\/www.bera-bv.com\/wp-content\/uploads\/2025\/12\/Gravel-Edge-PP-L-Profil_500.jpg","width":652,"height":500},{"@type":"BreadcrumbList","@id":"https:\/\/www.bera-bv.com\/de\/product\/randbegrenzung-gravel-edge-l-120x45x45-cm\/#breadcrumb","itemListElement":[{"@type":"ListItem","position":1,"name":"Home","item":"https:\/\/www.bera-bv.com\/de\/"},{"@type":"ListItem","position":2,"name":"Shop","item":"https:\/\/www.bera-bv.com\/de\/shop\/"},{"@type":"ListItem","position":3,"name":"Randbegrenzung Gravel Edge L (120&#215;4,5&#215;4,5 cm)"}]},{"@type":"WebSite","@id":"https:\/\/www.bera-bv.com\/de\/#website","url":"https:\/\/www.bera-bv.com\/de\/","name":"BERA BV","description":"Creatief en duurzaam landschapsontwerp","publisher":{"@id":"https:\/\/www.bera-bv.com\/de\/#organization"},"potentialAction":[{"@type":"SearchAction","target":{"@type":"EntryPoint","urlTemplate":"https:\/\/www.bera-bv.com\/de\/?s={search_term_string}"},"query-input":{"@type":"PropertyValueSpecification","valueRequired":true,"valueName":"search_term_string"}}],"inLanguage":"de"},{"@type":"Organization","@id":"https:\/\/www.bera-bv.com\/de\/#organization","name":"BERA BV","url":"https:\/\/www.bera-bv.com\/de\/","logo":{"@type":"ImageObject","inLanguage":"de","@id":"https:\/\/www.bera-bv.com\/de\/#\/schema\/logo\/image\/","url":"https:\/\/www.bera-bv.com\/wp-content\/uploads\/2025\/12\/BERA-logo_light.svg","contentUrl":"https:\/\/www.bera-bv.com\/wp-content\/uploads\/2025\/12\/BERA-logo_light.svg","caption":"BERA BV"},"image":{"@id":"https:\/\/www.bera-bv.com\/de\/#\/schema\/logo\/image\/"}}]}},"_links":{"self":[{"href":"https:\/\/www.bera-bv.com\/de\/wp-json\/wp\/v2\/product\/13023","targetHints":{"allow":["GET"]}}],"collection":[{"href":"https:\/\/www.bera-bv.com\/de\/wp-json\/wp\/v2\/product"}],"about":[{"href":"https:\/\/www.bera-bv.com\/de\/wp-json\/wp\/v2\/types\/product"}],"wp:featuredmedia":[{"embeddable":true,"href":"https:\/\/www.bera-bv.com\/de\/wp-json\/wp\/v2\/media\/13024"}],"wp:attachment":[{"href":"https:\/\/www.bera-bv.com\/de\/wp-json\/wp\/v2\/media?parent=13023"}],"wp:term":[{"taxonomy":"product_brand","embeddable":true,"href":"https:\/\/www.bera-bv.com\/de\/wp-json\/wp\/v2\/product_brand?post=13023"},{"taxonomy":"product_cat","embeddable":true,"href":"https:\/\/www.bera-bv.com\/de\/wp-json\/wp\/v2\/product_cat?post=13023"},{"taxonomy":"product_tag","embeddable":true,"href":"https:\/\/www.bera-bv.com\/de\/wp-json\/wp\/v2\/product_tag?post=13023"}],"curies":[{"name":"wp","href":"https:\/\/api.w.org\/{rel}","templated":true}]}}