{"id":13020,"date":"2025-12-22T12:35:15","date_gmt":"2025-12-22T11:35:15","guid":{"rendered":"http:\/\/bera-bv.com\/product\/erdnaegel-gravel-edge-l-20-stueck\/"},"modified":"2026-02-20T15:49:12","modified_gmt":"2026-02-20T14:49:12","slug":"erdnaegel-gravel-edge-l-20-stueck","status":"publish","type":"product","link":"https:\/\/www.bera-bv.com\/de\/product\/erdnaegel-gravel-edge-l-20-stueck\/","title":{"rendered":"Erdn\u00e4gel Gravel Edge L 20 St\u00fcck"},"content":{"rendered":"<p><strong>Anwendung<\/strong><\/p>\n<ul>\n<li>Fixierung von Gravel Edge L-Profilen aus Kunststoff<\/li>\n<li>Zus\u00e4tzliche Fixierung f\u00fcr <a href=\"https:\/\/www.bera-bv.nl\/webshop\/produkt\/gravel-fix-step\/\">Gravel Fix Step<\/a><\/li>\n<\/ul>\n<p><strong>Produktdetails<\/strong><\/p>\n<ul>\n<li>Farbe: Schwarz<\/li>\n<li>Abmessungen: 12 cm L\u00e4nge<\/li>\n<li>Material: Polyamid (PA.6)<\/li>\n<li>UV- und frostbest\u00e4ndig<\/li>\n<\/ul>\n","protected":false},"excerpt":{"rendered":"<p><strong>Beschreibung<\/strong><br \/>\nDie Erdn\u00e4gel sind speziell f\u00fcr die Gravel Edge L-Profile aus Kunststoff konzipiert. Sie sind aus hochfestem Kunststoff (PA.6) gefertigt und passen exakt in die vorgesehenen L\u00f6cher im L-Profil. Die N\u00e4gel sind 12 cm lang.  <\/p>\n<p>Auf geraden Strecken reichen in der Regel 2 N\u00e4gel aus, bei Kurven aufgrund der Spannung einige mehr. Dies h\u00e4ngt ganz vom Untergrund ab. Im Zweifelsfall l\u00e4ngere Universal-Erdn\u00e4gel verwenden. Die Erdn\u00e4gel werden in einem Karton mit 20 St\u00fcck geliefert.   <\/p>\n<p>Weitere Informationen erhalten Sie <a href=\"https:\/\/www.bera-bv.nl\/randbegrenzing\/bera-gravel-edge-l\/\" target=\"_blank\" rel=\"noopener noreferrer\">hier<\/a><\/p>\n","protected":false},"featured_media":13021,"template":"","meta":{"site-sidebar-layout":"default","site-content-layout":"","ast-site-content-layout":"default","site-content-style":"default","site-sidebar-style":"default","ast-global-header-display":"","ast-banner-title-visibility":"","ast-main-header-display":"","ast-hfb-above-header-display":"","ast-hfb-below-header-display":"","ast-hfb-mobile-header-display":"","site-post-title":"","ast-breadcrumbs-content":"","ast-featured-img":"","footer-sml-layout":"","ast-disable-related-posts":"","theme-transparent-header-meta":"default","adv-header-id-meta":"","stick-header-meta":"default","header-above-stick-meta":"","header-main-stick-meta":"","header-below-stick-meta":"","astra-migrate-meta-layouts":"default","ast-page-background-enabled":"default","ast-page-background-meta":{"desktop":{"background-color":"var(--ast-global-color-4)","background-image":"","background-repeat":"repeat","background-position":"center center","background-size":"auto","background-attachment":"scroll","background-type":"","background-media":"","overlay-type":"","overlay-color":"","overlay-opacity":"","overlay-gradient":""},"tablet":{"background-color":"","background-image":"","background-repeat":"repeat","background-position":"center center","background-size":"auto","background-attachment":"scroll","background-type":"","background-media":"","overlay-type":"","overlay-color":"","overlay-opacity":"","overlay-gradient":""},"mobile":{"background-color":"","background-image":"","background-repeat":"repeat","background-position":"center center","background-size":"auto","background-attachment":"scroll","background-type":"","background-media":"","overlay-type":"","overlay-color":"","overlay-opacity":"","overlay-gradient":""}},"ast-content-background-meta":{"desktop":{"background-color":"var(--ast-global-color-5)","background-image":"","background-repeat":"repeat","background-position":"center center","background-size":"auto","background-attachment":"scroll","background-type":"","background-media":"","overlay-type":"","overlay-color":"","overlay-opacity":"","overlay-gradient":""},"tablet":{"background-color":"var(--ast-global-color-5)","background-image":"","background-repeat":"repeat","background-position":"center center","background-size":"auto","background-attachment":"scroll","background-type":"","background-media":"","overlay-type":"","overlay-color":"","overlay-opacity":"","overlay-gradient":""},"mobile":{"background-color":"var(--ast-global-color-5)","background-image":"","background-repeat":"repeat","background-position":"center center","background-size":"auto","background-attachment":"scroll","background-type":"","background-media":"","overlay-type":"","overlay-color":"","overlay-opacity":"","overlay-gradient":""}}},"product_brand":[],"product_cat":[273],"product_tag":[],"class_list":{"0":"post-13020","1":"product","2":"type-product","3":"status-publish","4":"has-post-thumbnail","6":"product_cat-randeinfassung","7":"product_shipping_class-parcel","8":"pa_frostproof-ja","9":"pa_kleur-schwarz","10":"pa_materiaal-gehartetes-hdpe","11":"pa_uv-bestendig-ja","12":"desktop-align-left","13":"tablet-align-left","14":"mobile-align-left","15":"ast-product-gallery-layout-horizontal","16":"ast-product-tabs-layout-horizontal","18":"first","19":"instock","20":"purchasable","21":"product-type-simple"},"yoast_head":"<!-- This site is optimized with the Yoast SEO plugin v27.4 - https:\/\/yoast.com\/product\/yoast-seo-wordpress\/ -->\n<title>Erdn\u00e4gel Gravel Edge L 20 St\u00fcck - BERA BV<\/title>\n<meta name=\"robots\" content=\"index, follow, max-snippet:-1, max-image-preview:large, max-video-preview:-1\" \/>\n<link rel=\"canonical\" href=\"https:\/\/www.bera-bv.com\/de\/product\/erdnaegel-gravel-edge-l-20-stueck\/\" \/>\n<meta property=\"og:locale\" content=\"de_DE\" \/>\n<meta property=\"og:type\" content=\"article\" \/>\n<meta property=\"og:title\" content=\"Erdn\u00e4gel Gravel Edge L 20 St\u00fcck - BERA BV\" \/>\n<meta property=\"og:description\" content=\"Beschreibung Die Erdn\u00e4gel sind speziell f\u00fcr die Gravel Edge L-Profile aus Kunststoff konzipiert. Sie sind aus hochfestem Kunststoff (PA.6) gefertigt und passen exakt in die vorgesehenen L\u00f6cher im L-Profil. Die N\u00e4gel sind 12 cm lang.  Auf geraden Strecken reichen in der Regel 2 N\u00e4gel aus, bei Kurven aufgrund der Spannung einige mehr. Dies h\u00e4ngt ganz vom Untergrund ab. Im Zweifelsfall l\u00e4ngere Universal-Erdn\u00e4gel verwenden. Die Erdn\u00e4gel werden in einem Karton mit 20 St\u00fcck geliefert.   Weitere Informationen erhalten Sie hier\" \/>\n<meta property=\"og:url\" content=\"https:\/\/www.bera-bv.com\/de\/product\/erdnaegel-gravel-edge-l-20-stueck\/\" \/>\n<meta property=\"og:site_name\" content=\"BERA BV\" \/>\n<meta property=\"article:modified_time\" content=\"2026-02-20T14:49:12+00:00\" \/>\n<meta property=\"og:image\" content=\"https:\/\/www.bera-bv.com\/wp-content\/uploads\/2025\/12\/Gravel-Edge-PP-Pins_500.jpg\" \/>\n\t<meta property=\"og:image:width\" content=\"508\" \/>\n\t<meta property=\"og:image:height\" content=\"500\" \/>\n\t<meta property=\"og:image:type\" content=\"image\/jpeg\" \/>\n<meta name=\"twitter:card\" content=\"summary_large_image\" \/>\n<script type=\"application\/ld+json\" class=\"yoast-schema-graph\">{\"@context\":\"https:\\\/\\\/schema.org\",\"@graph\":[{\"@type\":\"WebPage\",\"@id\":\"https:\\\/\\\/www.bera-bv.com\\\/de\\\/product\\\/erdnaegel-gravel-edge-l-20-stueck\\\/\",\"url\":\"https:\\\/\\\/www.bera-bv.com\\\/de\\\/product\\\/erdnaegel-gravel-edge-l-20-stueck\\\/\",\"name\":\"Erdn\u00e4gel Gravel Edge L 20 St\u00fcck - BERA BV\",\"isPartOf\":{\"@id\":\"https:\\\/\\\/www.bera-bv.com\\\/de\\\/#website\"},\"primaryImageOfPage\":{\"@id\":\"https:\\\/\\\/www.bera-bv.com\\\/de\\\/product\\\/erdnaegel-gravel-edge-l-20-stueck\\\/#primaryimage\"},\"image\":{\"@id\":\"https:\\\/\\\/www.bera-bv.com\\\/de\\\/product\\\/erdnaegel-gravel-edge-l-20-stueck\\\/#primaryimage\"},\"thumbnailUrl\":\"https:\\\/\\\/www.bera-bv.com\\\/wp-content\\\/uploads\\\/2025\\\/12\\\/Gravel-Edge-PP-Pins_500.jpg\",\"datePublished\":\"2025-12-22T11:35:15+00:00\",\"dateModified\":\"2026-02-20T14:49:12+00:00\",\"breadcrumb\":{\"@id\":\"https:\\\/\\\/www.bera-bv.com\\\/de\\\/product\\\/erdnaegel-gravel-edge-l-20-stueck\\\/#breadcrumb\"},\"inLanguage\":\"de\",\"potentialAction\":[{\"@type\":\"ReadAction\",\"target\":[\"https:\\\/\\\/www.bera-bv.com\\\/de\\\/product\\\/erdnaegel-gravel-edge-l-20-stueck\\\/\"]}]},{\"@type\":\"ImageObject\",\"inLanguage\":\"de\",\"@id\":\"https:\\\/\\\/www.bera-bv.com\\\/de\\\/product\\\/erdnaegel-gravel-edge-l-20-stueck\\\/#primaryimage\",\"url\":\"https:\\\/\\\/www.bera-bv.com\\\/wp-content\\\/uploads\\\/2025\\\/12\\\/Gravel-Edge-PP-Pins_500.jpg\",\"contentUrl\":\"https:\\\/\\\/www.bera-bv.com\\\/wp-content\\\/uploads\\\/2025\\\/12\\\/Gravel-Edge-PP-Pins_500.jpg\",\"width\":508,\"height\":500},{\"@type\":\"BreadcrumbList\",\"@id\":\"https:\\\/\\\/www.bera-bv.com\\\/de\\\/product\\\/erdnaegel-gravel-edge-l-20-stueck\\\/#breadcrumb\",\"itemListElement\":[{\"@type\":\"ListItem\",\"position\":1,\"name\":\"Home\",\"item\":\"https:\\\/\\\/www.bera-bv.com\\\/de\\\/\"},{\"@type\":\"ListItem\",\"position\":2,\"name\":\"Shop\",\"item\":\"https:\\\/\\\/www.bera-bv.com\\\/de\\\/shop\\\/\"},{\"@type\":\"ListItem\",\"position\":3,\"name\":\"Erdn\u00e4gel Gravel Edge L 20 St\u00fcck\"}]},{\"@type\":\"WebSite\",\"@id\":\"https:\\\/\\\/www.bera-bv.com\\\/de\\\/#website\",\"url\":\"https:\\\/\\\/www.bera-bv.com\\\/de\\\/\",\"name\":\"BERA BV\",\"description\":\"Creatief en duurzaam landschapsontwerp\",\"publisher\":{\"@id\":\"https:\\\/\\\/www.bera-bv.com\\\/de\\\/#organization\"},\"potentialAction\":[{\"@type\":\"SearchAction\",\"target\":{\"@type\":\"EntryPoint\",\"urlTemplate\":\"https:\\\/\\\/www.bera-bv.com\\\/de\\\/?s={search_term_string}\"},\"query-input\":{\"@type\":\"PropertyValueSpecification\",\"valueRequired\":true,\"valueName\":\"search_term_string\"}}],\"inLanguage\":\"de\"},{\"@type\":\"Organization\",\"@id\":\"https:\\\/\\\/www.bera-bv.com\\\/de\\\/#organization\",\"name\":\"BERA BV\",\"url\":\"https:\\\/\\\/www.bera-bv.com\\\/de\\\/\",\"logo\":{\"@type\":\"ImageObject\",\"inLanguage\":\"de\",\"@id\":\"https:\\\/\\\/www.bera-bv.com\\\/de\\\/#\\\/schema\\\/logo\\\/image\\\/\",\"url\":\"https:\\\/\\\/www.bera-bv.com\\\/wp-content\\\/uploads\\\/2025\\\/12\\\/BERA-logo_light.svg\",\"contentUrl\":\"https:\\\/\\\/www.bera-bv.com\\\/wp-content\\\/uploads\\\/2025\\\/12\\\/BERA-logo_light.svg\",\"caption\":\"BERA BV\"},\"image\":{\"@id\":\"https:\\\/\\\/www.bera-bv.com\\\/de\\\/#\\\/schema\\\/logo\\\/image\\\/\"}}]}<\/script>\n<!-- \/ Yoast SEO plugin. -->","yoast_head_json":{"title":"Erdn\u00e4gel Gravel Edge L 20 St\u00fcck - BERA BV","robots":{"index":"index","follow":"follow","max-snippet":"max-snippet:-1","max-image-preview":"max-image-preview:large","max-video-preview":"max-video-preview:-1"},"canonical":"https:\/\/www.bera-bv.com\/de\/product\/erdnaegel-gravel-edge-l-20-stueck\/","og_locale":"de_DE","og_type":"article","og_title":"Erdn\u00e4gel Gravel Edge L 20 St\u00fcck - BERA BV","og_description":"Beschreibung Die Erdn\u00e4gel sind speziell f\u00fcr die Gravel Edge L-Profile aus Kunststoff konzipiert. Sie sind aus hochfestem Kunststoff (PA.6) gefertigt und passen exakt in die vorgesehenen L\u00f6cher im L-Profil. Die N\u00e4gel sind 12 cm lang.  Auf geraden Strecken reichen in der Regel 2 N\u00e4gel aus, bei Kurven aufgrund der Spannung einige mehr. Dies h\u00e4ngt ganz vom Untergrund ab. Im Zweifelsfall l\u00e4ngere Universal-Erdn\u00e4gel verwenden. Die Erdn\u00e4gel werden in einem Karton mit 20 St\u00fcck geliefert.   Weitere Informationen erhalten Sie hier","og_url":"https:\/\/www.bera-bv.com\/de\/product\/erdnaegel-gravel-edge-l-20-stueck\/","og_site_name":"BERA BV","article_modified_time":"2026-02-20T14:49:12+00:00","og_image":[{"width":508,"height":500,"url":"https:\/\/www.bera-bv.com\/wp-content\/uploads\/2025\/12\/Gravel-Edge-PP-Pins_500.jpg","type":"image\/jpeg"}],"twitter_card":"summary_large_image","schema":{"@context":"https:\/\/schema.org","@graph":[{"@type":"WebPage","@id":"https:\/\/www.bera-bv.com\/de\/product\/erdnaegel-gravel-edge-l-20-stueck\/","url":"https:\/\/www.bera-bv.com\/de\/product\/erdnaegel-gravel-edge-l-20-stueck\/","name":"Erdn\u00e4gel Gravel Edge L 20 St\u00fcck - BERA BV","isPartOf":{"@id":"https:\/\/www.bera-bv.com\/de\/#website"},"primaryImageOfPage":{"@id":"https:\/\/www.bera-bv.com\/de\/product\/erdnaegel-gravel-edge-l-20-stueck\/#primaryimage"},"image":{"@id":"https:\/\/www.bera-bv.com\/de\/product\/erdnaegel-gravel-edge-l-20-stueck\/#primaryimage"},"thumbnailUrl":"https:\/\/www.bera-bv.com\/wp-content\/uploads\/2025\/12\/Gravel-Edge-PP-Pins_500.jpg","datePublished":"2025-12-22T11:35:15+00:00","dateModified":"2026-02-20T14:49:12+00:00","breadcrumb":{"@id":"https:\/\/www.bera-bv.com\/de\/product\/erdnaegel-gravel-edge-l-20-stueck\/#breadcrumb"},"inLanguage":"de","potentialAction":[{"@type":"ReadAction","target":["https:\/\/www.bera-bv.com\/de\/product\/erdnaegel-gravel-edge-l-20-stueck\/"]}]},{"@type":"ImageObject","inLanguage":"de","@id":"https:\/\/www.bera-bv.com\/de\/product\/erdnaegel-gravel-edge-l-20-stueck\/#primaryimage","url":"https:\/\/www.bera-bv.com\/wp-content\/uploads\/2025\/12\/Gravel-Edge-PP-Pins_500.jpg","contentUrl":"https:\/\/www.bera-bv.com\/wp-content\/uploads\/2025\/12\/Gravel-Edge-PP-Pins_500.jpg","width":508,"height":500},{"@type":"BreadcrumbList","@id":"https:\/\/www.bera-bv.com\/de\/product\/erdnaegel-gravel-edge-l-20-stueck\/#breadcrumb","itemListElement":[{"@type":"ListItem","position":1,"name":"Home","item":"https:\/\/www.bera-bv.com\/de\/"},{"@type":"ListItem","position":2,"name":"Shop","item":"https:\/\/www.bera-bv.com\/de\/shop\/"},{"@type":"ListItem","position":3,"name":"Erdn\u00e4gel Gravel Edge L 20 St\u00fcck"}]},{"@type":"WebSite","@id":"https:\/\/www.bera-bv.com\/de\/#website","url":"https:\/\/www.bera-bv.com\/de\/","name":"BERA BV","description":"Creatief en duurzaam landschapsontwerp","publisher":{"@id":"https:\/\/www.bera-bv.com\/de\/#organization"},"potentialAction":[{"@type":"SearchAction","target":{"@type":"EntryPoint","urlTemplate":"https:\/\/www.bera-bv.com\/de\/?s={search_term_string}"},"query-input":{"@type":"PropertyValueSpecification","valueRequired":true,"valueName":"search_term_string"}}],"inLanguage":"de"},{"@type":"Organization","@id":"https:\/\/www.bera-bv.com\/de\/#organization","name":"BERA BV","url":"https:\/\/www.bera-bv.com\/de\/","logo":{"@type":"ImageObject","inLanguage":"de","@id":"https:\/\/www.bera-bv.com\/de\/#\/schema\/logo\/image\/","url":"https:\/\/www.bera-bv.com\/wp-content\/uploads\/2025\/12\/BERA-logo_light.svg","contentUrl":"https:\/\/www.bera-bv.com\/wp-content\/uploads\/2025\/12\/BERA-logo_light.svg","caption":"BERA BV"},"image":{"@id":"https:\/\/www.bera-bv.com\/de\/#\/schema\/logo\/image\/"}}]}},"_links":{"self":[{"href":"https:\/\/www.bera-bv.com\/de\/wp-json\/wp\/v2\/product\/13020","targetHints":{"allow":["GET"]}}],"collection":[{"href":"https:\/\/www.bera-bv.com\/de\/wp-json\/wp\/v2\/product"}],"about":[{"href":"https:\/\/www.bera-bv.com\/de\/wp-json\/wp\/v2\/types\/product"}],"wp:featuredmedia":[{"embeddable":true,"href":"https:\/\/www.bera-bv.com\/de\/wp-json\/wp\/v2\/media\/13021"}],"wp:attachment":[{"href":"https:\/\/www.bera-bv.com\/de\/wp-json\/wp\/v2\/media?parent=13020"}],"wp:term":[{"taxonomy":"product_brand","embeddable":true,"href":"https:\/\/www.bera-bv.com\/de\/wp-json\/wp\/v2\/product_brand?post=13020"},{"taxonomy":"product_cat","embeddable":true,"href":"https:\/\/www.bera-bv.com\/de\/wp-json\/wp\/v2\/product_cat?post=13020"},{"taxonomy":"product_tag","embeddable":true,"href":"https:\/\/www.bera-bv.com\/de\/wp-json\/wp\/v2\/product_tag?post=13020"}],"curies":[{"name":"wp","href":"https:\/\/api.w.org\/{rel}","templated":true}]}}