{"id":12967,"date":"2025-12-22T12:36:32","date_gmt":"2025-12-22T11:36:32","guid":{"rendered":"http:\/\/bera-bv.com\/product\/bera-waterups-sub-irrigation-channel-modulares-reservoir\/"},"modified":"2026-04-13T15:47:51","modified_gmt":"2026-04-13T13:47:51","slug":"bera-waterups-sub-irrigation-channel-modulares-reservoir","status":"publish","type":"product","link":"https:\/\/www.bera-bv.com\/de\/product\/bera-waterups-sub-irrigation-channel-modulares-reservoir\/","title":{"rendered":"BERA WaterUps Sub-Irrigation Channel \u2013 modulares Reservoir"},"content":{"rendered":"<p>Was ist der WaterUps Sub-Irrigation Channel?<\/p>\n<p>Anwendungen:<br \/>\n\u2022 Hochbeete<br \/>\n\u2022 Gr\u00fcnd\u00e4cher<br \/>\n\u2022 G\u00e4rten<br \/>\n\u2022 \u00f6ffentliche R\u00e4ume<br \/>\n\u2022 Baumschulen<br \/>\n\u2022 Regeng\u00e4rten (Raingardens)<br \/>\n\u2022 Rasen<\/p>\n<p>Vorteile<br \/>\n\u2022 75 % weniger Wasser<br \/>\n\u2022 bis zu 90 % seltener bew\u00e4ssern<br \/>\n\u2022 st\u00e4rkeres Wurzelwachstum, dadurch kr\u00e4ftigere Pflanzen<br \/>\n\u2022 schnellere Realisierung von G\u00e4rten oder Beeten<br \/>\n\u2022 nachhaltige Wasserl\u00f6sung<\/p>\n<p>Der BERA WaterUps Sub-Irrigation Channel, abgek\u00fcrzt \u201eSIC\u201c, ist ein bew\u00e4hrtes System aus Australien, um B\u00e4umen oder Pflanzen einfach und schnell unterirdisch Wasser zuzuf\u00fchren. Eine einzigartige, aber einfache und sehr effektive Methode, die Landschaftsarchitekten, G\u00e4rtnern, Projektentwicklern und nat\u00fcrlich Planern f\u00fcr den \u00f6ffentlichen Raum zur Verf\u00fcgung steht. Durch die unterirdische Bew\u00e4sserung entwickeln sich Wurzeln und Pflanzen schnell und sind dadurch widerstandsf\u00e4higer gegen k\u00fcnftige Wettereinfl\u00fcsse wie Trockenheit und Sturm.  <\/p>\n<p>Das System ist vollst\u00e4ndig modular und l\u00e4sst sich an die Gr\u00f6\u00dfe und Form des (Hoch-)Beetes oder Gartens anpassen. Der Anwender spart jahrelang Wasser sowie Wartungskosten, da kein Wasser durch Verdunstung verloren geht. Durch die Integration des BERA WaterUps \u201eSIC\u201c k\u00f6nnen Landschaftsarchitekten und G\u00e4rtner ihre Entw\u00fcrfe voll zur Entfaltung bringen.  <\/p>\n<p>Wie funktioniert der WaterUps Sub-Irrigation Channel?<br \/>\nDer BERA WaterUps Sub-Irrigation Channel basiert auf der Kapillarwirkung, bei der Wasser aus dem unterirdischen Reservoir nach oben \u201egezogen\u201c wird und so den Boden feucht h\u00e4lt. Die Kapillarwirkung betr\u00e4gt ca. 35 cm, daher wird das Reservoir etwa 35 cm unter den Wurzeln platziert. Dadurch werden die Wurzeln gezwungen, nach unten zu wachsen, um Wasser und N\u00e4hrstoffe aufzunehmen. Perlit in den 4 \u201eF\u00fc\u00dfen\u201c jeder Zelle tr\u00e4gt zum Kapillareffekt bei.   <\/p>\n<p>Durch die unterirdische Wasserspeicherung findet keine Verdunstung statt, und es geht kein kostbares Wasser unn\u00f6tig im Untergrund verloren. Dadurch wird das Wasser aus dem Reservoir zu 100 % effektiv f\u00fcr die Bepflanzung genutzt, was zu einer selteneren Bew\u00e4sserung f\u00fchrt. Das Reservoir verf\u00fcgt \u00fcber einen \u00dcberlauf zu einem drainierenden Standort, um \u00fcbersch\u00fcssiges Wasser abzuleiten.<\/p>\n<p>Der BERA WaterUps SIC kann nat\u00fcrlich auch mit aufgefangenem Regenwasser von der Terrasse oder dem Dach durch Abkoppeln bef\u00fcllt werden. Er kann zudem in gr\u00f6\u00dfere Wassermanagementsysteme integriert werden, um \u00dcberschwemmungen in st\u00e4dtischen Gebieten zu begrenzen. Seit 2016 wird das System erfolgreich in zahlreichen Projekten f\u00fcr Privatg\u00e4rten, gro\u00dfe Landschaften, Baumschulen und \u00f6ffentliches Gr\u00fcn eingesetzt.  <\/p>\n<p>Das WaterUps SIC-System ist ein weiteres nachhaltiges und wirtschaftlich vorteilhaftes System, um sch\u00f6ne G\u00e4rten und gr\u00fcne Geb\u00e4ude mit Wasser zu versorgen.<\/p>\n","protected":false},"excerpt":{"rendered":"<p>Das BERA\u00ae Sub-Irrigation Channel Basic Kit ist die \u201eAll-in-one\u201c-L\u00f6sung f\u00fcr l\u00e4ngliche oder quadratische Pflanzgef\u00e4\u00dfe, gr\u00f6\u00dfere Hochbeete<br \/>\n, aber auch f\u00fcr den Einsatz in Beeten oder unter B\u00e4umen und anderer Bepflanzung. Verbinden Sie Ihr Extension Kit mit Ihrem Basic Kit, um ein gr\u00f6\u00dferes Reservoir zu schaffen. <\/p>\n<p>Was umfasst das Basis-Kit?<br \/>\n\u2022 1x WaterUps SIC, Ma\u00dfe 1,34 x 0,47 m<br \/>\n\u2022 3x WaterUps-Zelle<br \/>\n\u2022 1x Einlassrohr<br \/>\n\u2022 1x \u00dcberlauf<br \/>\n\u2022 1x Verbinder zur Erweiterung des SIC<br \/>\n\u2022 6-Liter-Beutel Perlit<\/p>\n<p>Das Erweiterungs-Kit hat die gleichen Abmessungen, wird jedoch ohne Einlassrohr, Abdeckkappe, Anschluss und \u00dcberlauf geliefert.<\/p>\n","protected":false},"featured_media":12968,"template":"","meta":{"site-sidebar-layout":"default","site-content-layout":"","ast-site-content-layout":"default","site-content-style":"default","site-sidebar-style":"default","ast-global-header-display":"","ast-banner-title-visibility":"","ast-main-header-display":"","ast-hfb-above-header-display":"","ast-hfb-below-header-display":"","ast-hfb-mobile-header-display":"","site-post-title":"","ast-breadcrumbs-content":"","ast-featured-img":"","footer-sml-layout":"","ast-disable-related-posts":"","theme-transparent-header-meta":"default","adv-header-id-meta":"","stick-header-meta":"default","header-above-stick-meta":"","header-main-stick-meta":"","header-below-stick-meta":"","astra-migrate-meta-layouts":"default","ast-page-background-enabled":"default","ast-page-background-meta":{"desktop":{"background-color":"var(--ast-global-color-4)","background-image":"","background-repeat":"repeat","background-position":"center center","background-size":"auto","background-attachment":"scroll","background-type":"","background-media":"","overlay-type":"","overlay-color":"","overlay-opacity":"","overlay-gradient":""},"tablet":{"background-color":"","background-image":"","background-repeat":"repeat","background-position":"center center","background-size":"auto","background-attachment":"scroll","background-type":"","background-media":"","overlay-type":"","overlay-color":"","overlay-opacity":"","overlay-gradient":""},"mobile":{"background-color":"","background-image":"","background-repeat":"repeat","background-position":"center center","background-size":"auto","background-attachment":"scroll","background-type":"","background-media":"","overlay-type":"","overlay-color":"","overlay-opacity":"","overlay-gradient":""}},"ast-content-background-meta":{"desktop":{"background-color":"var(--ast-global-color-5)","background-image":"","background-repeat":"repeat","background-position":"center center","background-size":"auto","background-attachment":"scroll","background-type":"","background-media":"","overlay-type":"","overlay-color":"","overlay-opacity":"","overlay-gradient":""},"tablet":{"background-color":"var(--ast-global-color-5)","background-image":"","background-repeat":"repeat","background-position":"center center","background-size":"auto","background-attachment":"scroll","background-type":"","background-media":"","overlay-type":"","overlay-color":"","overlay-opacity":"","overlay-gradient":""},"mobile":{"background-color":"var(--ast-global-color-5)","background-image":"","background-repeat":"repeat","background-position":"center center","background-size":"auto","background-attachment":"scroll","background-type":"","background-media":"","overlay-type":"","overlay-color":"","overlay-opacity":"","overlay-gradient":""}}},"product_brand":[],"product_cat":[261],"product_tag":[],"class_list":{"0":"post-12967","1":"product","2":"type-product","3":"status-publish","4":"has-post-thumbnail","6":"product_cat-wassermanagement","7":"product_shipping_class-logistic","8":"pa_frostproof-ja","9":"pa_materiaal-100-recyceltes-polypropylen-vollstandig-recycelbar","10":"pa_type-kit-basic-kit","11":"pa_type-kit-extension-kit","12":"pa_uv-bestendig-ja","13":"desktop-align-left","14":"tablet-align-left","15":"mobile-align-left","16":"ast-product-gallery-layout-horizontal","17":"ast-product-single-variable","18":"ast-product-tabs-layout-horizontal","20":"first","21":"instock","22":"purchasable","23":"product-type-variable"},"yoast_head":"<!-- This site is optimized with the Yoast SEO plugin v27.4 - https:\/\/yoast.com\/product\/yoast-seo-wordpress\/ -->\n<title>BERA WaterUps Sub-Irrigation Channel \u2013 modulares Reservoir - BERA BV<\/title>\n<meta name=\"robots\" content=\"index, follow, max-snippet:-1, max-image-preview:large, max-video-preview:-1\" \/>\n<link rel=\"canonical\" href=\"https:\/\/www.bera-bv.com\/de\/product\/bera-waterups-sub-irrigation-channel-modulares-reservoir\/\" \/>\n<meta property=\"og:locale\" content=\"de_DE\" \/>\n<meta property=\"og:type\" content=\"article\" \/>\n<meta property=\"og:title\" content=\"BERA WaterUps Sub-Irrigation Channel \u2013 modulares Reservoir - BERA BV\" \/>\n<meta property=\"og:description\" content=\"Das BERA\u00ae Sub-Irrigation Channel Basic Kit ist die \u201eAll-in-one\u201c-L\u00f6sung f\u00fcr l\u00e4ngliche oder quadratische Pflanzgef\u00e4\u00dfe, gr\u00f6\u00dfere Hochbeete , aber auch f\u00fcr den Einsatz in Beeten oder unter B\u00e4umen und anderer Bepflanzung. Verbinden Sie Ihr Extension Kit mit Ihrem Basic Kit, um ein gr\u00f6\u00dferes Reservoir zu schaffen.  Was umfasst das Basis-Kit? \u2022 1x WaterUps SIC, Ma\u00dfe 1,34 x 0,47 m \u2022 3x WaterUps-Zelle \u2022 1x Einlassrohr \u2022 1x \u00dcberlauf \u2022 1x Verbinder zur Erweiterung des SIC \u2022 6-Liter-Beutel Perlit Das Erweiterungs-Kit hat die gleichen Abmessungen, wird jedoch ohne Einlassrohr, Abdeckkappe, Anschluss und \u00dcberlauf geliefert.\" \/>\n<meta property=\"og:url\" content=\"https:\/\/www.bera-bv.com\/de\/product\/bera-waterups-sub-irrigation-channel-modulares-reservoir\/\" \/>\n<meta property=\"og:site_name\" content=\"BERA BV\" \/>\n<meta property=\"article:modified_time\" content=\"2026-04-13T13:47:51+00:00\" \/>\n<meta property=\"og:image\" content=\"https:\/\/www.bera-bv.com\/wp-content\/uploads\/2025\/12\/WaterUps-Sub-irrigation-channel-inhoud.png\" \/>\n\t<meta property=\"og:image:width\" content=\"1600\" \/>\n\t<meta property=\"og:image:height\" content=\"1600\" \/>\n\t<meta property=\"og:image:type\" content=\"image\/png\" \/>\n<meta name=\"twitter:card\" content=\"summary_large_image\" \/>\n<meta name=\"twitter:label1\" content=\"Gesch\u00e4tzte Lesezeit\" \/>\n\t<meta name=\"twitter:data1\" content=\"2\u00a0Minute\" \/>\n<script type=\"application\/ld+json\" class=\"yoast-schema-graph\">{\"@context\":\"https:\\\/\\\/schema.org\",\"@graph\":[{\"@type\":\"WebPage\",\"@id\":\"https:\\\/\\\/www.bera-bv.com\\\/de\\\/product\\\/bera-waterups-sub-irrigation-channel-modulares-reservoir\\\/\",\"url\":\"https:\\\/\\\/www.bera-bv.com\\\/de\\\/product\\\/bera-waterups-sub-irrigation-channel-modulares-reservoir\\\/\",\"name\":\"BERA WaterUps Sub-Irrigation Channel \u2013 modulares Reservoir - BERA BV\",\"isPartOf\":{\"@id\":\"https:\\\/\\\/www.bera-bv.com\\\/de\\\/#website\"},\"primaryImageOfPage\":{\"@id\":\"https:\\\/\\\/www.bera-bv.com\\\/de\\\/product\\\/bera-waterups-sub-irrigation-channel-modulares-reservoir\\\/#primaryimage\"},\"image\":{\"@id\":\"https:\\\/\\\/www.bera-bv.com\\\/de\\\/product\\\/bera-waterups-sub-irrigation-channel-modulares-reservoir\\\/#primaryimage\"},\"thumbnailUrl\":\"https:\\\/\\\/www.bera-bv.com\\\/wp-content\\\/uploads\\\/2025\\\/12\\\/WaterUps-Sub-irrigation-channel-inhoud.png\",\"datePublished\":\"2025-12-22T11:36:32+00:00\",\"dateModified\":\"2026-04-13T13:47:51+00:00\",\"breadcrumb\":{\"@id\":\"https:\\\/\\\/www.bera-bv.com\\\/de\\\/product\\\/bera-waterups-sub-irrigation-channel-modulares-reservoir\\\/#breadcrumb\"},\"inLanguage\":\"de\",\"potentialAction\":[{\"@type\":\"ReadAction\",\"target\":[\"https:\\\/\\\/www.bera-bv.com\\\/de\\\/product\\\/bera-waterups-sub-irrigation-channel-modulares-reservoir\\\/\"]}]},{\"@type\":\"ImageObject\",\"inLanguage\":\"de\",\"@id\":\"https:\\\/\\\/www.bera-bv.com\\\/de\\\/product\\\/bera-waterups-sub-irrigation-channel-modulares-reservoir\\\/#primaryimage\",\"url\":\"https:\\\/\\\/www.bera-bv.com\\\/wp-content\\\/uploads\\\/2025\\\/12\\\/WaterUps-Sub-irrigation-channel-inhoud.png\",\"contentUrl\":\"https:\\\/\\\/www.bera-bv.com\\\/wp-content\\\/uploads\\\/2025\\\/12\\\/WaterUps-Sub-irrigation-channel-inhoud.png\",\"width\":1600,\"height\":1600,\"caption\":\"BERA WaterUps SIC Reservoir\"},{\"@type\":\"BreadcrumbList\",\"@id\":\"https:\\\/\\\/www.bera-bv.com\\\/de\\\/product\\\/bera-waterups-sub-irrigation-channel-modulares-reservoir\\\/#breadcrumb\",\"itemListElement\":[{\"@type\":\"ListItem\",\"position\":1,\"name\":\"Home\",\"item\":\"https:\\\/\\\/www.bera-bv.com\\\/de\\\/\"},{\"@type\":\"ListItem\",\"position\":2,\"name\":\"Shop\",\"item\":\"https:\\\/\\\/www.bera-bv.com\\\/de\\\/shop\\\/\"},{\"@type\":\"ListItem\",\"position\":3,\"name\":\"BERA WaterUps Sub-Irrigation Channel \u2013 modulares Reservoir\"}]},{\"@type\":\"WebSite\",\"@id\":\"https:\\\/\\\/www.bera-bv.com\\\/de\\\/#website\",\"url\":\"https:\\\/\\\/www.bera-bv.com\\\/de\\\/\",\"name\":\"BERA BV\",\"description\":\"Creatief en duurzaam landschapsontwerp\",\"publisher\":{\"@id\":\"https:\\\/\\\/www.bera-bv.com\\\/de\\\/#organization\"},\"potentialAction\":[{\"@type\":\"SearchAction\",\"target\":{\"@type\":\"EntryPoint\",\"urlTemplate\":\"https:\\\/\\\/www.bera-bv.com\\\/de\\\/?s={search_term_string}\"},\"query-input\":{\"@type\":\"PropertyValueSpecification\",\"valueRequired\":true,\"valueName\":\"search_term_string\"}}],\"inLanguage\":\"de\"},{\"@type\":\"Organization\",\"@id\":\"https:\\\/\\\/www.bera-bv.com\\\/de\\\/#organization\",\"name\":\"BERA BV\",\"url\":\"https:\\\/\\\/www.bera-bv.com\\\/de\\\/\",\"logo\":{\"@type\":\"ImageObject\",\"inLanguage\":\"de\",\"@id\":\"https:\\\/\\\/www.bera-bv.com\\\/de\\\/#\\\/schema\\\/logo\\\/image\\\/\",\"url\":\"https:\\\/\\\/www.bera-bv.com\\\/wp-content\\\/uploads\\\/2025\\\/12\\\/BERA-logo_light.svg\",\"contentUrl\":\"https:\\\/\\\/www.bera-bv.com\\\/wp-content\\\/uploads\\\/2025\\\/12\\\/BERA-logo_light.svg\",\"caption\":\"BERA BV\"},\"image\":{\"@id\":\"https:\\\/\\\/www.bera-bv.com\\\/de\\\/#\\\/schema\\\/logo\\\/image\\\/\"}}]}<\/script>\n<!-- \/ Yoast SEO plugin. -->","yoast_head_json":{"title":"BERA WaterUps Sub-Irrigation Channel \u2013 modulares Reservoir - BERA BV","robots":{"index":"index","follow":"follow","max-snippet":"max-snippet:-1","max-image-preview":"max-image-preview:large","max-video-preview":"max-video-preview:-1"},"canonical":"https:\/\/www.bera-bv.com\/de\/product\/bera-waterups-sub-irrigation-channel-modulares-reservoir\/","og_locale":"de_DE","og_type":"article","og_title":"BERA WaterUps Sub-Irrigation Channel \u2013 modulares Reservoir - BERA BV","og_description":"Das BERA\u00ae Sub-Irrigation Channel Basic Kit ist die \u201eAll-in-one\u201c-L\u00f6sung f\u00fcr l\u00e4ngliche oder quadratische Pflanzgef\u00e4\u00dfe, gr\u00f6\u00dfere Hochbeete , aber auch f\u00fcr den Einsatz in Beeten oder unter B\u00e4umen und anderer Bepflanzung. Verbinden Sie Ihr Extension Kit mit Ihrem Basic Kit, um ein gr\u00f6\u00dferes Reservoir zu schaffen.  Was umfasst das Basis-Kit? \u2022 1x WaterUps SIC, Ma\u00dfe 1,34 x 0,47 m \u2022 3x WaterUps-Zelle \u2022 1x Einlassrohr \u2022 1x \u00dcberlauf \u2022 1x Verbinder zur Erweiterung des SIC \u2022 6-Liter-Beutel Perlit Das Erweiterungs-Kit hat die gleichen Abmessungen, wird jedoch ohne Einlassrohr, Abdeckkappe, Anschluss und \u00dcberlauf geliefert.","og_url":"https:\/\/www.bera-bv.com\/de\/product\/bera-waterups-sub-irrigation-channel-modulares-reservoir\/","og_site_name":"BERA BV","article_modified_time":"2026-04-13T13:47:51+00:00","og_image":[{"width":1600,"height":1600,"url":"https:\/\/www.bera-bv.com\/wp-content\/uploads\/2025\/12\/WaterUps-Sub-irrigation-channel-inhoud.png","type":"image\/png"}],"twitter_card":"summary_large_image","twitter_misc":{"Gesch\u00e4tzte Lesezeit":"2\u00a0Minute"},"schema":{"@context":"https:\/\/schema.org","@graph":[{"@type":"WebPage","@id":"https:\/\/www.bera-bv.com\/de\/product\/bera-waterups-sub-irrigation-channel-modulares-reservoir\/","url":"https:\/\/www.bera-bv.com\/de\/product\/bera-waterups-sub-irrigation-channel-modulares-reservoir\/","name":"BERA WaterUps Sub-Irrigation Channel \u2013 modulares Reservoir - BERA BV","isPartOf":{"@id":"https:\/\/www.bera-bv.com\/de\/#website"},"primaryImageOfPage":{"@id":"https:\/\/www.bera-bv.com\/de\/product\/bera-waterups-sub-irrigation-channel-modulares-reservoir\/#primaryimage"},"image":{"@id":"https:\/\/www.bera-bv.com\/de\/product\/bera-waterups-sub-irrigation-channel-modulares-reservoir\/#primaryimage"},"thumbnailUrl":"https:\/\/www.bera-bv.com\/wp-content\/uploads\/2025\/12\/WaterUps-Sub-irrigation-channel-inhoud.png","datePublished":"2025-12-22T11:36:32+00:00","dateModified":"2026-04-13T13:47:51+00:00","breadcrumb":{"@id":"https:\/\/www.bera-bv.com\/de\/product\/bera-waterups-sub-irrigation-channel-modulares-reservoir\/#breadcrumb"},"inLanguage":"de","potentialAction":[{"@type":"ReadAction","target":["https:\/\/www.bera-bv.com\/de\/product\/bera-waterups-sub-irrigation-channel-modulares-reservoir\/"]}]},{"@type":"ImageObject","inLanguage":"de","@id":"https:\/\/www.bera-bv.com\/de\/product\/bera-waterups-sub-irrigation-channel-modulares-reservoir\/#primaryimage","url":"https:\/\/www.bera-bv.com\/wp-content\/uploads\/2025\/12\/WaterUps-Sub-irrigation-channel-inhoud.png","contentUrl":"https:\/\/www.bera-bv.com\/wp-content\/uploads\/2025\/12\/WaterUps-Sub-irrigation-channel-inhoud.png","width":1600,"height":1600,"caption":"BERA WaterUps SIC Reservoir"},{"@type":"BreadcrumbList","@id":"https:\/\/www.bera-bv.com\/de\/product\/bera-waterups-sub-irrigation-channel-modulares-reservoir\/#breadcrumb","itemListElement":[{"@type":"ListItem","position":1,"name":"Home","item":"https:\/\/www.bera-bv.com\/de\/"},{"@type":"ListItem","position":2,"name":"Shop","item":"https:\/\/www.bera-bv.com\/de\/shop\/"},{"@type":"ListItem","position":3,"name":"BERA WaterUps Sub-Irrigation Channel \u2013 modulares Reservoir"}]},{"@type":"WebSite","@id":"https:\/\/www.bera-bv.com\/de\/#website","url":"https:\/\/www.bera-bv.com\/de\/","name":"BERA BV","description":"Creatief en duurzaam landschapsontwerp","publisher":{"@id":"https:\/\/www.bera-bv.com\/de\/#organization"},"potentialAction":[{"@type":"SearchAction","target":{"@type":"EntryPoint","urlTemplate":"https:\/\/www.bera-bv.com\/de\/?s={search_term_string}"},"query-input":{"@type":"PropertyValueSpecification","valueRequired":true,"valueName":"search_term_string"}}],"inLanguage":"de"},{"@type":"Organization","@id":"https:\/\/www.bera-bv.com\/de\/#organization","name":"BERA BV","url":"https:\/\/www.bera-bv.com\/de\/","logo":{"@type":"ImageObject","inLanguage":"de","@id":"https:\/\/www.bera-bv.com\/de\/#\/schema\/logo\/image\/","url":"https:\/\/www.bera-bv.com\/wp-content\/uploads\/2025\/12\/BERA-logo_light.svg","contentUrl":"https:\/\/www.bera-bv.com\/wp-content\/uploads\/2025\/12\/BERA-logo_light.svg","caption":"BERA BV"},"image":{"@id":"https:\/\/www.bera-bv.com\/de\/#\/schema\/logo\/image\/"}}]}},"_links":{"self":[{"href":"https:\/\/www.bera-bv.com\/de\/wp-json\/wp\/v2\/product\/12967","targetHints":{"allow":["GET"]}}],"collection":[{"href":"https:\/\/www.bera-bv.com\/de\/wp-json\/wp\/v2\/product"}],"about":[{"href":"https:\/\/www.bera-bv.com\/de\/wp-json\/wp\/v2\/types\/product"}],"wp:featuredmedia":[{"embeddable":true,"href":"https:\/\/www.bera-bv.com\/de\/wp-json\/wp\/v2\/media\/12968"}],"wp:attachment":[{"href":"https:\/\/www.bera-bv.com\/de\/wp-json\/wp\/v2\/media?parent=12967"}],"wp:term":[{"taxonomy":"product_brand","embeddable":true,"href":"https:\/\/www.bera-bv.com\/de\/wp-json\/wp\/v2\/product_brand?post=12967"},{"taxonomy":"product_cat","embeddable":true,"href":"https:\/\/www.bera-bv.com\/de\/wp-json\/wp\/v2\/product_cat?post=12967"},{"taxonomy":"product_tag","embeddable":true,"href":"https:\/\/www.bera-bv.com\/de\/wp-json\/wp\/v2\/product_tag?post=12967"}],"curies":[{"name":"wp","href":"https:\/\/api.w.org\/{rel}","templated":true}]}}