{"id":12958,"date":"2025-12-22T12:36:22","date_gmt":"2025-12-22T11:36:22","guid":{"rendered":"http:\/\/bera-bv.com\/product\/bera-waterups-selbstbewaessernder-pflanzkuebel\/"},"modified":"2026-04-13T15:44:39","modified_gmt":"2026-04-13T13:44:39","slug":"bera-waterups-selbstbewaessernder-pflanzkuebel","status":"publish","type":"product","link":"https:\/\/www.bera-bv.com\/de\/product\/bera-waterups-selbstbewaessernder-pflanzkuebel\/","title":{"rendered":"BERA WaterUps selbstbew\u00e4ssernder Pflanzk\u00fcbel"},"content":{"rendered":"<p>Der BERA WaterUps selbstbew\u00e4ssernde Pflanzk\u00fcbel ist die ideale L\u00f6sung f\u00fcr Balkon, Terrasse, Innenhof oder Gem\u00fcsegarten. Machen Sie sich keine Sorgen mehr um das Gie\u00dfen: Der Vorrat von &gt;17 Litern reicht aus, um Ihre Pflanzen, Ihr Gem\u00fcse oder Ihre Kr\u00e4uter wochenlang zu versorgen. Die Wasserersparnis betr\u00e4gt nachweislich 80 %! F\u00fcllen Sie das Reservoir einfach nach, wenn es fast leer ist \u2013 im Durchschnitt alle 2\u20134 Wochen, je nach Jahreszeit. Dank der optimalen Bodenfeuchtigkeit erzielen Sie zudem bis zu 30 % mehr Ertrag bei Blumen, Gem\u00fcse oder Kr\u00e4utern!    <\/p>\n<p>Sehen Sie <a href=\"https:\/\/www.youtube.com\/watch?v=bv117t4USkw\">hier<\/a>, wie das einzigartige BERA WaterUps-System funktioniert.<\/p>\n","protected":false},"excerpt":{"rendered":"<p>Inhalt des Sets:<\/p>\n<ul>\n<li>1 x Pflanzk\u00fcbel<\/li>\n<li>1 x Kapillarzelle<\/li>\n<li>1 x Wassereinlassrohr<\/li>\n<li>1 x \u00dcberlauf<\/li>\n<li>1 x Beutel Perlit (2 Liter)<\/li>\n<\/ul>\n<p>Ben\u00f6tigtes Zubeh\u00f6r:<\/p>\n<ul>\n<li style=\"list-style-type: none;\">\n<ul>\n<li>45\u201350 Liter Blumenerde<\/li>\n<li>(Gem\u00fcse-)Pflanzen<\/li>\n<li>17,6 Liter Wasser<\/li>\n<\/ul>\n<\/li>\n<\/ul>\n","protected":false},"featured_media":12959,"template":"","meta":{"site-sidebar-layout":"default","site-content-layout":"","ast-site-content-layout":"default","site-content-style":"default","site-sidebar-style":"default","ast-global-header-display":"","ast-banner-title-visibility":"","ast-main-header-display":"","ast-hfb-above-header-display":"","ast-hfb-below-header-display":"","ast-hfb-mobile-header-display":"","site-post-title":"","ast-breadcrumbs-content":"","ast-featured-img":"","footer-sml-layout":"","ast-disable-related-posts":"","theme-transparent-header-meta":"default","adv-header-id-meta":"","stick-header-meta":"default","header-above-stick-meta":"","header-main-stick-meta":"","header-below-stick-meta":"","astra-migrate-meta-layouts":"default","ast-page-background-enabled":"default","ast-page-background-meta":{"desktop":{"background-color":"var(--ast-global-color-4)","background-image":"","background-repeat":"repeat","background-position":"center center","background-size":"auto","background-attachment":"scroll","background-type":"","background-media":"","overlay-type":"","overlay-color":"","overlay-opacity":"","overlay-gradient":""},"tablet":{"background-color":"","background-image":"","background-repeat":"repeat","background-position":"center center","background-size":"auto","background-attachment":"scroll","background-type":"","background-media":"","overlay-type":"","overlay-color":"","overlay-opacity":"","overlay-gradient":""},"mobile":{"background-color":"","background-image":"","background-repeat":"repeat","background-position":"center center","background-size":"auto","background-attachment":"scroll","background-type":"","background-media":"","overlay-type":"","overlay-color":"","overlay-opacity":"","overlay-gradient":""}},"ast-content-background-meta":{"desktop":{"background-color":"var(--ast-global-color-5)","background-image":"","background-repeat":"repeat","background-position":"center center","background-size":"auto","background-attachment":"scroll","background-type":"","background-media":"","overlay-type":"","overlay-color":"","overlay-opacity":"","overlay-gradient":""},"tablet":{"background-color":"var(--ast-global-color-5)","background-image":"","background-repeat":"repeat","background-position":"center center","background-size":"auto","background-attachment":"scroll","background-type":"","background-media":"","overlay-type":"","overlay-color":"","overlay-opacity":"","overlay-gradient":""},"mobile":{"background-color":"var(--ast-global-color-5)","background-image":"","background-repeat":"repeat","background-position":"center center","background-size":"auto","background-attachment":"scroll","background-type":"","background-media":"","overlay-type":"","overlay-color":"","overlay-opacity":"","overlay-gradient":""}}},"product_brand":[],"product_cat":[261],"product_tag":[],"class_list":{"0":"post-12958","1":"product","2":"type-product","3":"status-publish","4":"has-post-thumbnail","6":"product_cat-wassermanagement","7":"product_shipping_class-parcel","8":"pa_afmetingen-48x48x43-cm","9":"pa_kleur-beige","10":"pa_kleur-grau","11":"pa_kleur-schwarz","12":"pa_materiaal-100-recyceltes-polypropylen-recycelbar","13":"pa_water-inhoud-176-liter","14":"desktop-align-left","15":"tablet-align-left","16":"mobile-align-left","17":"ast-product-gallery-layout-horizontal","18":"ast-product-single-variable","19":"ast-product-tabs-layout-horizontal","21":"first","22":"instock","23":"purchasable","24":"product-type-variable"},"yoast_head":"<!-- This site is optimized with the Yoast SEO plugin v27.4 - https:\/\/yoast.com\/product\/yoast-seo-wordpress\/ -->\n<title>BERA WaterUps selbstbew\u00e4ssernder Pflanzk\u00fcbel - BERA BV<\/title>\n<meta name=\"robots\" content=\"index, follow, max-snippet:-1, max-image-preview:large, max-video-preview:-1\" \/>\n<link rel=\"canonical\" href=\"https:\/\/www.bera-bv.com\/de\/product\/bera-waterups-selbstbewaessernder-pflanzkuebel\/\" \/>\n<meta property=\"og:locale\" content=\"de_DE\" \/>\n<meta property=\"og:type\" content=\"article\" \/>\n<meta property=\"og:title\" content=\"BERA WaterUps selbstbew\u00e4ssernder Pflanzk\u00fcbel - BERA BV\" \/>\n<meta property=\"og:description\" content=\"Inhalt des Sets:  1 x Pflanzk\u00fcbel  1 x Kapillarzelle  1 x Wassereinlassrohr  1 x \u00dcberlauf  1 x Beutel Perlit (2 Liter) Ben\u00f6tigtes Zubeh\u00f6r:    45\u201350 Liter Blumenerde  (Gem\u00fcse-)Pflanzen  17,6 Liter Wasser\" \/>\n<meta property=\"og:url\" content=\"https:\/\/www.bera-bv.com\/de\/product\/bera-waterups-selbstbewaessernder-pflanzkuebel\/\" \/>\n<meta property=\"og:site_name\" content=\"BERA BV\" \/>\n<meta property=\"article:modified_time\" content=\"2026-04-13T13:44:39+00:00\" \/>\n<meta property=\"og:image\" content=\"https:\/\/www.bera-bv.com\/wp-content\/uploads\/2025\/12\/BERA-WaterUps-zelfwaterende-plantenbak-768x1024.png\" \/>\n\t<meta property=\"og:image:width\" content=\"768\" \/>\n\t<meta property=\"og:image:height\" content=\"1024\" \/>\n\t<meta property=\"og:image:type\" content=\"image\/png\" \/>\n<meta name=\"twitter:card\" content=\"summary_large_image\" \/>\n<meta name=\"twitter:label1\" content=\"Gesch\u00e4tzte Lesezeit\" \/>\n\t<meta name=\"twitter:data1\" content=\"1\u00a0Minute\" \/>\n<script type=\"application\/ld+json\" class=\"yoast-schema-graph\">{\"@context\":\"https:\\\/\\\/schema.org\",\"@graph\":[{\"@type\":\"WebPage\",\"@id\":\"https:\\\/\\\/www.bera-bv.com\\\/de\\\/product\\\/bera-waterups-selbstbewaessernder-pflanzkuebel\\\/\",\"url\":\"https:\\\/\\\/www.bera-bv.com\\\/de\\\/product\\\/bera-waterups-selbstbewaessernder-pflanzkuebel\\\/\",\"name\":\"BERA WaterUps selbstbew\u00e4ssernder Pflanzk\u00fcbel - BERA BV\",\"isPartOf\":{\"@id\":\"https:\\\/\\\/www.bera-bv.com\\\/de\\\/#website\"},\"primaryImageOfPage\":{\"@id\":\"https:\\\/\\\/www.bera-bv.com\\\/de\\\/product\\\/bera-waterups-selbstbewaessernder-pflanzkuebel\\\/#primaryimage\"},\"image\":{\"@id\":\"https:\\\/\\\/www.bera-bv.com\\\/de\\\/product\\\/bera-waterups-selbstbewaessernder-pflanzkuebel\\\/#primaryimage\"},\"thumbnailUrl\":\"https:\\\/\\\/www.bera-bv.com\\\/wp-content\\\/uploads\\\/2025\\\/12\\\/BERA-WaterUps-zelfwaterende-plantenbak-scaled.png\",\"datePublished\":\"2025-12-22T11:36:22+00:00\",\"dateModified\":\"2026-04-13T13:44:39+00:00\",\"breadcrumb\":{\"@id\":\"https:\\\/\\\/www.bera-bv.com\\\/de\\\/product\\\/bera-waterups-selbstbewaessernder-pflanzkuebel\\\/#breadcrumb\"},\"inLanguage\":\"de\",\"potentialAction\":[{\"@type\":\"ReadAction\",\"target\":[\"https:\\\/\\\/www.bera-bv.com\\\/de\\\/product\\\/bera-waterups-selbstbewaessernder-pflanzkuebel\\\/\"]}]},{\"@type\":\"ImageObject\",\"inLanguage\":\"de\",\"@id\":\"https:\\\/\\\/www.bera-bv.com\\\/de\\\/product\\\/bera-waterups-selbstbewaessernder-pflanzkuebel\\\/#primaryimage\",\"url\":\"https:\\\/\\\/www.bera-bv.com\\\/wp-content\\\/uploads\\\/2025\\\/12\\\/BERA-WaterUps-zelfwaterende-plantenbak-scaled.png\",\"contentUrl\":\"https:\\\/\\\/www.bera-bv.com\\\/wp-content\\\/uploads\\\/2025\\\/12\\\/BERA-WaterUps-zelfwaterende-plantenbak-scaled.png\",\"width\":1920,\"height\":2560,\"caption\":\"selbstbew\u00e4ssernder Pflanzk\u00fcbel Blumen\"},{\"@type\":\"BreadcrumbList\",\"@id\":\"https:\\\/\\\/www.bera-bv.com\\\/de\\\/product\\\/bera-waterups-selbstbewaessernder-pflanzkuebel\\\/#breadcrumb\",\"itemListElement\":[{\"@type\":\"ListItem\",\"position\":1,\"name\":\"Home\",\"item\":\"https:\\\/\\\/www.bera-bv.com\\\/de\\\/\"},{\"@type\":\"ListItem\",\"position\":2,\"name\":\"Shop\",\"item\":\"https:\\\/\\\/www.bera-bv.com\\\/de\\\/shop\\\/\"},{\"@type\":\"ListItem\",\"position\":3,\"name\":\"BERA WaterUps selbstbew\u00e4ssernder Pflanzk\u00fcbel\"}]},{\"@type\":\"WebSite\",\"@id\":\"https:\\\/\\\/www.bera-bv.com\\\/de\\\/#website\",\"url\":\"https:\\\/\\\/www.bera-bv.com\\\/de\\\/\",\"name\":\"BERA BV\",\"description\":\"Creatief en duurzaam landschapsontwerp\",\"publisher\":{\"@id\":\"https:\\\/\\\/www.bera-bv.com\\\/de\\\/#organization\"},\"potentialAction\":[{\"@type\":\"SearchAction\",\"target\":{\"@type\":\"EntryPoint\",\"urlTemplate\":\"https:\\\/\\\/www.bera-bv.com\\\/de\\\/?s={search_term_string}\"},\"query-input\":{\"@type\":\"PropertyValueSpecification\",\"valueRequired\":true,\"valueName\":\"search_term_string\"}}],\"inLanguage\":\"de\"},{\"@type\":\"Organization\",\"@id\":\"https:\\\/\\\/www.bera-bv.com\\\/de\\\/#organization\",\"name\":\"BERA BV\",\"url\":\"https:\\\/\\\/www.bera-bv.com\\\/de\\\/\",\"logo\":{\"@type\":\"ImageObject\",\"inLanguage\":\"de\",\"@id\":\"https:\\\/\\\/www.bera-bv.com\\\/de\\\/#\\\/schema\\\/logo\\\/image\\\/\",\"url\":\"https:\\\/\\\/www.bera-bv.com\\\/wp-content\\\/uploads\\\/2025\\\/12\\\/BERA-logo_light.svg\",\"contentUrl\":\"https:\\\/\\\/www.bera-bv.com\\\/wp-content\\\/uploads\\\/2025\\\/12\\\/BERA-logo_light.svg\",\"caption\":\"BERA BV\"},\"image\":{\"@id\":\"https:\\\/\\\/www.bera-bv.com\\\/de\\\/#\\\/schema\\\/logo\\\/image\\\/\"}}]}<\/script>\n<!-- \/ Yoast SEO plugin. -->","yoast_head_json":{"title":"BERA WaterUps selbstbew\u00e4ssernder Pflanzk\u00fcbel - BERA BV","robots":{"index":"index","follow":"follow","max-snippet":"max-snippet:-1","max-image-preview":"max-image-preview:large","max-video-preview":"max-video-preview:-1"},"canonical":"https:\/\/www.bera-bv.com\/de\/product\/bera-waterups-selbstbewaessernder-pflanzkuebel\/","og_locale":"de_DE","og_type":"article","og_title":"BERA WaterUps selbstbew\u00e4ssernder Pflanzk\u00fcbel - BERA BV","og_description":"Inhalt des Sets:  1 x Pflanzk\u00fcbel  1 x Kapillarzelle  1 x Wassereinlassrohr  1 x \u00dcberlauf  1 x Beutel Perlit (2 Liter) Ben\u00f6tigtes Zubeh\u00f6r:    45\u201350 Liter Blumenerde  (Gem\u00fcse-)Pflanzen  17,6 Liter Wasser","og_url":"https:\/\/www.bera-bv.com\/de\/product\/bera-waterups-selbstbewaessernder-pflanzkuebel\/","og_site_name":"BERA BV","article_modified_time":"2026-04-13T13:44:39+00:00","og_image":[{"width":768,"height":1024,"url":"https:\/\/www.bera-bv.com\/wp-content\/uploads\/2025\/12\/BERA-WaterUps-zelfwaterende-plantenbak-768x1024.png","type":"image\/png"}],"twitter_card":"summary_large_image","twitter_misc":{"Gesch\u00e4tzte Lesezeit":"1\u00a0Minute"},"schema":{"@context":"https:\/\/schema.org","@graph":[{"@type":"WebPage","@id":"https:\/\/www.bera-bv.com\/de\/product\/bera-waterups-selbstbewaessernder-pflanzkuebel\/","url":"https:\/\/www.bera-bv.com\/de\/product\/bera-waterups-selbstbewaessernder-pflanzkuebel\/","name":"BERA WaterUps selbstbew\u00e4ssernder Pflanzk\u00fcbel - BERA BV","isPartOf":{"@id":"https:\/\/www.bera-bv.com\/de\/#website"},"primaryImageOfPage":{"@id":"https:\/\/www.bera-bv.com\/de\/product\/bera-waterups-selbstbewaessernder-pflanzkuebel\/#primaryimage"},"image":{"@id":"https:\/\/www.bera-bv.com\/de\/product\/bera-waterups-selbstbewaessernder-pflanzkuebel\/#primaryimage"},"thumbnailUrl":"https:\/\/www.bera-bv.com\/wp-content\/uploads\/2025\/12\/BERA-WaterUps-zelfwaterende-plantenbak-scaled.png","datePublished":"2025-12-22T11:36:22+00:00","dateModified":"2026-04-13T13:44:39+00:00","breadcrumb":{"@id":"https:\/\/www.bera-bv.com\/de\/product\/bera-waterups-selbstbewaessernder-pflanzkuebel\/#breadcrumb"},"inLanguage":"de","potentialAction":[{"@type":"ReadAction","target":["https:\/\/www.bera-bv.com\/de\/product\/bera-waterups-selbstbewaessernder-pflanzkuebel\/"]}]},{"@type":"ImageObject","inLanguage":"de","@id":"https:\/\/www.bera-bv.com\/de\/product\/bera-waterups-selbstbewaessernder-pflanzkuebel\/#primaryimage","url":"https:\/\/www.bera-bv.com\/wp-content\/uploads\/2025\/12\/BERA-WaterUps-zelfwaterende-plantenbak-scaled.png","contentUrl":"https:\/\/www.bera-bv.com\/wp-content\/uploads\/2025\/12\/BERA-WaterUps-zelfwaterende-plantenbak-scaled.png","width":1920,"height":2560,"caption":"selbstbew\u00e4ssernder Pflanzk\u00fcbel Blumen"},{"@type":"BreadcrumbList","@id":"https:\/\/www.bera-bv.com\/de\/product\/bera-waterups-selbstbewaessernder-pflanzkuebel\/#breadcrumb","itemListElement":[{"@type":"ListItem","position":1,"name":"Home","item":"https:\/\/www.bera-bv.com\/de\/"},{"@type":"ListItem","position":2,"name":"Shop","item":"https:\/\/www.bera-bv.com\/de\/shop\/"},{"@type":"ListItem","position":3,"name":"BERA WaterUps selbstbew\u00e4ssernder Pflanzk\u00fcbel"}]},{"@type":"WebSite","@id":"https:\/\/www.bera-bv.com\/de\/#website","url":"https:\/\/www.bera-bv.com\/de\/","name":"BERA BV","description":"Creatief en duurzaam landschapsontwerp","publisher":{"@id":"https:\/\/www.bera-bv.com\/de\/#organization"},"potentialAction":[{"@type":"SearchAction","target":{"@type":"EntryPoint","urlTemplate":"https:\/\/www.bera-bv.com\/de\/?s={search_term_string}"},"query-input":{"@type":"PropertyValueSpecification","valueRequired":true,"valueName":"search_term_string"}}],"inLanguage":"de"},{"@type":"Organization","@id":"https:\/\/www.bera-bv.com\/de\/#organization","name":"BERA BV","url":"https:\/\/www.bera-bv.com\/de\/","logo":{"@type":"ImageObject","inLanguage":"de","@id":"https:\/\/www.bera-bv.com\/de\/#\/schema\/logo\/image\/","url":"https:\/\/www.bera-bv.com\/wp-content\/uploads\/2025\/12\/BERA-logo_light.svg","contentUrl":"https:\/\/www.bera-bv.com\/wp-content\/uploads\/2025\/12\/BERA-logo_light.svg","caption":"BERA BV"},"image":{"@id":"https:\/\/www.bera-bv.com\/de\/#\/schema\/logo\/image\/"}}]}},"_links":{"self":[{"href":"https:\/\/www.bera-bv.com\/de\/wp-json\/wp\/v2\/product\/12958","targetHints":{"allow":["GET"]}}],"collection":[{"href":"https:\/\/www.bera-bv.com\/de\/wp-json\/wp\/v2\/product"}],"about":[{"href":"https:\/\/www.bera-bv.com\/de\/wp-json\/wp\/v2\/types\/product"}],"wp:featuredmedia":[{"embeddable":true,"href":"https:\/\/www.bera-bv.com\/de\/wp-json\/wp\/v2\/media\/12959"}],"wp:attachment":[{"href":"https:\/\/www.bera-bv.com\/de\/wp-json\/wp\/v2\/media?parent=12958"}],"wp:term":[{"taxonomy":"product_brand","embeddable":true,"href":"https:\/\/www.bera-bv.com\/de\/wp-json\/wp\/v2\/product_brand?post=12958"},{"taxonomy":"product_cat","embeddable":true,"href":"https:\/\/www.bera-bv.com\/de\/wp-json\/wp\/v2\/product_cat?post=12958"},{"taxonomy":"product_tag","embeddable":true,"href":"https:\/\/www.bera-bv.com\/de\/wp-json\/wp\/v2\/product_tag?post=12958"}],"curies":[{"name":"wp","href":"https:\/\/api.w.org\/{rel}","templated":true}]}}