{"id":12894,"date":"2025-12-22T12:36:26","date_gmt":"2025-12-22T11:36:26","guid":{"rendered":"http:\/\/bera-bv.com\/product\/bera-planter-tree-reservoir-fuer-pflanzgefaesse-und-baeume\/"},"modified":"2026-04-13T15:46:40","modified_gmt":"2026-04-13T13:46:40","slug":"bera-planter-tree-reservoir-fuer-pflanzgefaesse-und-baeume","status":"publish","type":"product","link":"https:\/\/www.bera-bv.com\/de\/product\/bera-planter-tree-reservoir-fuer-pflanzgefaesse-und-baeume\/","title":{"rendered":"BERA Planter &amp; Tree Reservoir \u2013 f\u00fcr Pflanzgef\u00e4\u00dfe und B\u00e4ume"},"content":{"rendered":"<p>Was ist das WaterUps Planters &amp; Tree Reservoir?<\/p>\n<p>Anwendungen:<br \/>\n\u2022 In Pflanzgef\u00e4\u00dfen im Innen- oder Au\u00dfenbereich<br \/>\n\u2022 Unter B\u00e4umen und Str\u00e4uchern<br \/>\n\u2022 Private G\u00e4rten<br \/>\n\u2022 \u00d6ffentliche R\u00e4ume<br \/>\n\u2022 Terrasse<\/p>\n<p>Vorteile:<br \/>\n\u2022 bis zu 75 % weniger Wasser<br \/>\n\u2022 bis zu 90 % seltener bew\u00e4ssern<br \/>\n\u2022 st\u00e4rkeres Wurzelwachstum, dadurch kr\u00e4ftigere Pflanzen<br \/>\n\u2022 schnellere Realisierung von Garten oder Rabatte<br \/>\n\u2022 weniger Ausfall von Jungpflanzen<br \/>\n\u2022 nachhaltige Wasserl\u00f6sung<\/p>\n<p>Das BERA WaterUps Planters &amp; Tree Reservoir ist ein bew\u00e4hrtes System aus Australien, um Pflanzen in Gef\u00e4\u00dfen oder B\u00e4umen einfach und effektiv unterirdisch Wasser zuzuf\u00fchren. Eine einzigartige, aber einfache und sehr effektive Methode f\u00fcr Landschaftsarchitekten, G\u00e4rtner, Projektentwickler und Planer im \u00f6ffentlichen Raum. Durch die unterirdische Bew\u00e4sserung entwickeln sich Wurzeln und Bl\u00e4tter schnell, wodurch sie widerstandsf\u00e4higer gegen k\u00fcnftige Wettereinfl\u00fcsse wie D\u00fcrre und Sturm sind.  <\/p>\n<p>Das System hat sich als Turbo-Beschleuniger beim Anwachsen von Jungpflanzen bew\u00e4hrt. Dies reduziert Ausf\u00e4lle und somit Kosten. Zudem spart es in den ersten 18 Monaten bis zu 380 \u20ac* pro Baum an Arbeitsaufwand und Wasser.<br \/>\nF\u00fcr Beh\u00f6rden und Kommunen ist es in der heutigen Zeit eine Herausforderung, mehr st\u00e4dtisches Gr\u00fcn zu schaffen, um die Erw\u00e4rmung in der Stadt zu begrenzen. Mit dem Planters &amp; Tree Reservoir ist dies effektiver und wirtschaftlich sinnvoll.   <\/p>\n<p>Wie funktioniert das WaterUps Planters &amp; Tree Reservoir?<\/p>\n<p>Das BERA WaterUps Planters &amp; Tree Reservoir basiert auf der Kapillarwirkung, bei der Wasser aus dem unterirdischen Reservoir nach oben \u201egezogen\u201c wird und<br \/>\nso den Boden bedarfsgerecht mit Feuchtigkeit versorgt. Die Kapillarwirkung betr\u00e4gt ca. 35 cm, daher wird das Reservoir etwa 35 cm unter den Wurzeln platziert. Dies zwingt die Wurzeln nach unten zu wachsen, um Wasser und N\u00e4hrstoffe zu erhalten. Tiefer entwickelte Wurzeln sorgen f\u00fcr st\u00e4rkere Pflanzen und B\u00e4ume. Perlit in den 4 \u201eF\u00fc\u00dfen\u201c der Zelle verst\u00e4rkt den Kapillareffekt.    <\/p>\n<p>Durch die unterirdische Wasserspeicherung findet keine Verdunstung statt, aber auch kein unn\u00f6tiger Verlust von kostbarem Wasser in den Untergrund. Dadurch wird das Wasser aus dem Reservoir zu 100 % effektiv f\u00fcr die Bepflanzung genutzt, was zu einer selteneren Bew\u00e4sserung f\u00fchrt. Das Reservoir verf\u00fcgt \u00fcber einen \u00dcberlauf zu einem drainierenden Ort, um \u00fcbersch\u00fcssiges Wasser abzuleiten. Seit 2016 wird das System erfolgreich in vielen Projekten eingesetzt, unter anderem im Royal Botanic Garden in Sydney.   <\/p>\n","protected":false},"excerpt":{"rendered":"<p>BERA WaterUps Planters &amp; Tree Reservoir \u2013 f\u00fcr Pflanzgef\u00e4\u00dfe und B\u00e4ume spart Ihnen Wasser und Zeit. Durch das einzigartige System nehmen die Pflanzen bedarfsgerecht Wasser aus dem Reservoir unter den Wurzeln auf. Die Pflanzen wachsen dadurch besser, Sie sparen etwa 75 % Wasser, m\u00fcssen seltener gie\u00dfen und reduzieren den Pflanzenausfall.  <\/p>\n<p>Installationsanleitung: (LINK)<\/p>\n<p>Was beinhaltet das Basis-Set &amp; Erweiterungsset mit abschlie\u00dfbarem Deckel?<br \/>\n\u2022 1x WaterUps Planters &amp; Tree Reservoir &#8211; ID2101037<br \/>\n\u2022 1x Einlassrohr + Deckel<br \/>\n\u2022 Beutel 2 Liter Perlit<br \/>\n\u2022 1x WaterUps Planters &amp; Tree Reservoir &#8211; ID2101019<br \/>\n\u2022 2x Einlassrohr + Verl\u00e4ngerungsmodul<br \/>\n\u2022 1x Deckel + Schl\u00fcssel<br \/>\n\u2022 Beutel 2 Liter Perlit<\/p>\n","protected":false},"featured_media":12895,"template":"","meta":{"site-sidebar-layout":"default","site-content-layout":"","ast-site-content-layout":"default","site-content-style":"default","site-sidebar-style":"default","ast-global-header-display":"","ast-banner-title-visibility":"","ast-main-header-display":"","ast-hfb-above-header-display":"","ast-hfb-below-header-display":"","ast-hfb-mobile-header-display":"","site-post-title":"","ast-breadcrumbs-content":"","ast-featured-img":"","footer-sml-layout":"","ast-disable-related-posts":"","theme-transparent-header-meta":"default","adv-header-id-meta":"","stick-header-meta":"default","header-above-stick-meta":"","header-main-stick-meta":"","header-below-stick-meta":"","astra-migrate-meta-layouts":"default","ast-page-background-enabled":"default","ast-page-background-meta":{"desktop":{"background-color":"var(--ast-global-color-4)","background-image":"","background-repeat":"repeat","background-position":"center center","background-size":"auto","background-attachment":"scroll","background-type":"","background-media":"","overlay-type":"","overlay-color":"","overlay-opacity":"","overlay-gradient":""},"tablet":{"background-color":"","background-image":"","background-repeat":"repeat","background-position":"center center","background-size":"auto","background-attachment":"scroll","background-type":"","background-media":"","overlay-type":"","overlay-color":"","overlay-opacity":"","overlay-gradient":""},"mobile":{"background-color":"","background-image":"","background-repeat":"repeat","background-position":"center center","background-size":"auto","background-attachment":"scroll","background-type":"","background-media":"","overlay-type":"","overlay-color":"","overlay-opacity":"","overlay-gradient":""}},"ast-content-background-meta":{"desktop":{"background-color":"var(--ast-global-color-5)","background-image":"","background-repeat":"repeat","background-position":"center center","background-size":"auto","background-attachment":"scroll","background-type":"","background-media":"","overlay-type":"","overlay-color":"","overlay-opacity":"","overlay-gradient":""},"tablet":{"background-color":"var(--ast-global-color-5)","background-image":"","background-repeat":"repeat","background-position":"center center","background-size":"auto","background-attachment":"scroll","background-type":"","background-media":"","overlay-type":"","overlay-color":"","overlay-opacity":"","overlay-gradient":""},"mobile":{"background-color":"var(--ast-global-color-5)","background-image":"","background-repeat":"repeat","background-position":"center center","background-size":"auto","background-attachment":"scroll","background-type":"","background-media":"","overlay-type":"","overlay-color":"","overlay-opacity":"","overlay-gradient":""}}},"product_brand":[],"product_cat":[261],"product_tag":[],"class_list":{"0":"post-12894","1":"product","2":"type-product","3":"status-publish","4":"has-post-thumbnail","6":"product_cat-wassermanagement","7":"pa_afmetingen-40x40x13-cm-hohe-inklusive-fullrohr-44-cm","8":"pa_benodigde-hoeveelheid-perliet-2-liter","9":"pa_kit-basisset","10":"pa_kit-erweiterungsset-mit-extra-rohr-und-abschliesbarem-deckel","11":"pa_materiaal-100-recyceltes-polypropylen-vollstandig-recycelbar","12":"pa_uv-bestendig-ja","13":"pa_wateropslag-capaciteit-15-liter","14":"desktop-align-left","15":"tablet-align-left","16":"mobile-align-left","17":"ast-product-gallery-layout-horizontal","18":"ast-product-single-variable","19":"ast-product-tabs-layout-horizontal","21":"first","22":"instock","23":"purchasable","24":"product-type-variable"},"yoast_head":"<!-- This site is optimized with the Yoast SEO plugin v27.4 - https:\/\/yoast.com\/product\/yoast-seo-wordpress\/ -->\n<title>BERA Planter &amp; Tree Reservoir \u2013 f\u00fcr Pflanzgef\u00e4\u00dfe und B\u00e4ume - BERA BV<\/title>\n<meta name=\"robots\" content=\"index, follow, max-snippet:-1, max-image-preview:large, max-video-preview:-1\" \/>\n<link rel=\"canonical\" href=\"https:\/\/www.bera-bv.com\/de\/product\/bera-planter-tree-reservoir-fuer-pflanzgefaesse-und-baeume\/\" \/>\n<meta property=\"og:locale\" content=\"de_DE\" \/>\n<meta property=\"og:type\" content=\"article\" \/>\n<meta property=\"og:title\" content=\"BERA Planter &amp; Tree Reservoir \u2013 f\u00fcr Pflanzgef\u00e4\u00dfe und B\u00e4ume - BERA BV\" \/>\n<meta property=\"og:description\" content=\"BERA WaterUps Planters &amp; Tree Reservoir \u2013 f\u00fcr Pflanzgef\u00e4\u00dfe und B\u00e4ume spart Ihnen Wasser und Zeit. Durch das einzigartige System nehmen die Pflanzen bedarfsgerecht Wasser aus dem Reservoir unter den Wurzeln auf. Die Pflanzen wachsen dadurch besser, Sie sparen etwa 75 % Wasser, m\u00fcssen seltener gie\u00dfen und reduzieren den Pflanzenausfall.  Installationsanleitung: (LINK) Was beinhaltet das Basis-Set &amp; Erweiterungsset mit abschlie\u00dfbarem Deckel? \u2022 1x WaterUps Planters &amp; Tree Reservoir - ID2101037 \u2022 1x Einlassrohr + Deckel \u2022 Beutel 2 Liter Perlit \u2022 1x WaterUps Planters &amp; Tree Reservoir - ID2101019 \u2022 2x Einlassrohr + Verl\u00e4ngerungsmodul \u2022 1x Deckel + Schl\u00fcssel \u2022 Beutel 2 Liter Perlit\" \/>\n<meta property=\"og:url\" content=\"https:\/\/www.bera-bv.com\/de\/product\/bera-planter-tree-reservoir-fuer-pflanzgefaesse-und-baeume\/\" \/>\n<meta property=\"og:site_name\" content=\"BERA BV\" \/>\n<meta property=\"article:modified_time\" content=\"2026-04-13T13:46:40+00:00\" \/>\n<meta property=\"og:image\" content=\"https:\/\/www.bera-bv.com\/wp-content\/uploads\/2025\/12\/Planter-reservoir-voor-plantenbakken-en-bomen-9-scaled-1.jpg\" \/>\n\t<meta property=\"og:image:width\" content=\"1920\" \/>\n\t<meta property=\"og:image:height\" content=\"2560\" \/>\n\t<meta property=\"og:image:type\" content=\"image\/jpeg\" \/>\n<meta name=\"twitter:card\" content=\"summary_large_image\" \/>\n<meta name=\"twitter:label1\" content=\"Gesch\u00e4tzte Lesezeit\" \/>\n\t<meta name=\"twitter:data1\" content=\"2\u00a0Minute\" \/>\n<script type=\"application\/ld+json\" class=\"yoast-schema-graph\">{\"@context\":\"https:\\\/\\\/schema.org\",\"@graph\":[{\"@type\":\"WebPage\",\"@id\":\"https:\\\/\\\/www.bera-bv.com\\\/de\\\/product\\\/bera-planter-tree-reservoir-fuer-pflanzgefaesse-und-baeume\\\/\",\"url\":\"https:\\\/\\\/www.bera-bv.com\\\/de\\\/product\\\/bera-planter-tree-reservoir-fuer-pflanzgefaesse-und-baeume\\\/\",\"name\":\"BERA Planter &amp; Tree Reservoir \u2013 f\u00fcr Pflanzgef\u00e4\u00dfe und B\u00e4ume - BERA BV\",\"isPartOf\":{\"@id\":\"https:\\\/\\\/www.bera-bv.com\\\/de\\\/#website\"},\"primaryImageOfPage\":{\"@id\":\"https:\\\/\\\/www.bera-bv.com\\\/de\\\/product\\\/bera-planter-tree-reservoir-fuer-pflanzgefaesse-und-baeume\\\/#primaryimage\"},\"image\":{\"@id\":\"https:\\\/\\\/www.bera-bv.com\\\/de\\\/product\\\/bera-planter-tree-reservoir-fuer-pflanzgefaesse-und-baeume\\\/#primaryimage\"},\"thumbnailUrl\":\"https:\\\/\\\/www.bera-bv.com\\\/wp-content\\\/uploads\\\/2025\\\/12\\\/Planter-reservoir-voor-plantenbakken-en-bomen-9-scaled-1.jpg\",\"datePublished\":\"2025-12-22T11:36:26+00:00\",\"dateModified\":\"2026-04-13T13:46:40+00:00\",\"breadcrumb\":{\"@id\":\"https:\\\/\\\/www.bera-bv.com\\\/de\\\/product\\\/bera-planter-tree-reservoir-fuer-pflanzgefaesse-und-baeume\\\/#breadcrumb\"},\"inLanguage\":\"de\",\"potentialAction\":[{\"@type\":\"ReadAction\",\"target\":[\"https:\\\/\\\/www.bera-bv.com\\\/de\\\/product\\\/bera-planter-tree-reservoir-fuer-pflanzgefaesse-und-baeume\\\/\"]}]},{\"@type\":\"ImageObject\",\"inLanguage\":\"de\",\"@id\":\"https:\\\/\\\/www.bera-bv.com\\\/de\\\/product\\\/bera-planter-tree-reservoir-fuer-pflanzgefaesse-und-baeume\\\/#primaryimage\",\"url\":\"https:\\\/\\\/www.bera-bv.com\\\/wp-content\\\/uploads\\\/2025\\\/12\\\/Planter-reservoir-voor-plantenbakken-en-bomen-9-scaled-1.jpg\",\"contentUrl\":\"https:\\\/\\\/www.bera-bv.com\\\/wp-content\\\/uploads\\\/2025\\\/12\\\/Planter-reservoir-voor-plantenbakken-en-bomen-9-scaled-1.jpg\",\"width\":1920,\"height\":2560,\"caption\":\"BERA WaterUps Wasserreservoir im Topf\"},{\"@type\":\"BreadcrumbList\",\"@id\":\"https:\\\/\\\/www.bera-bv.com\\\/de\\\/product\\\/bera-planter-tree-reservoir-fuer-pflanzgefaesse-und-baeume\\\/#breadcrumb\",\"itemListElement\":[{\"@type\":\"ListItem\",\"position\":1,\"name\":\"Home\",\"item\":\"https:\\\/\\\/www.bera-bv.com\\\/de\\\/\"},{\"@type\":\"ListItem\",\"position\":2,\"name\":\"Shop\",\"item\":\"https:\\\/\\\/www.bera-bv.com\\\/de\\\/shop\\\/\"},{\"@type\":\"ListItem\",\"position\":3,\"name\":\"BERA Planter &amp; Tree Reservoir \u2013 f\u00fcr Pflanzgef\u00e4\u00dfe und B\u00e4ume\"}]},{\"@type\":\"WebSite\",\"@id\":\"https:\\\/\\\/www.bera-bv.com\\\/de\\\/#website\",\"url\":\"https:\\\/\\\/www.bera-bv.com\\\/de\\\/\",\"name\":\"BERA BV\",\"description\":\"Creatief en duurzaam landschapsontwerp\",\"publisher\":{\"@id\":\"https:\\\/\\\/www.bera-bv.com\\\/de\\\/#organization\"},\"potentialAction\":[{\"@type\":\"SearchAction\",\"target\":{\"@type\":\"EntryPoint\",\"urlTemplate\":\"https:\\\/\\\/www.bera-bv.com\\\/de\\\/?s={search_term_string}\"},\"query-input\":{\"@type\":\"PropertyValueSpecification\",\"valueRequired\":true,\"valueName\":\"search_term_string\"}}],\"inLanguage\":\"de\"},{\"@type\":\"Organization\",\"@id\":\"https:\\\/\\\/www.bera-bv.com\\\/de\\\/#organization\",\"name\":\"BERA BV\",\"url\":\"https:\\\/\\\/www.bera-bv.com\\\/de\\\/\",\"logo\":{\"@type\":\"ImageObject\",\"inLanguage\":\"de\",\"@id\":\"https:\\\/\\\/www.bera-bv.com\\\/de\\\/#\\\/schema\\\/logo\\\/image\\\/\",\"url\":\"https:\\\/\\\/www.bera-bv.com\\\/wp-content\\\/uploads\\\/2025\\\/12\\\/BERA-logo_light.svg\",\"contentUrl\":\"https:\\\/\\\/www.bera-bv.com\\\/wp-content\\\/uploads\\\/2025\\\/12\\\/BERA-logo_light.svg\",\"caption\":\"BERA BV\"},\"image\":{\"@id\":\"https:\\\/\\\/www.bera-bv.com\\\/de\\\/#\\\/schema\\\/logo\\\/image\\\/\"}}]}<\/script>\n<!-- \/ Yoast SEO plugin. -->","yoast_head_json":{"title":"BERA Planter &amp; Tree Reservoir \u2013 f\u00fcr Pflanzgef\u00e4\u00dfe und B\u00e4ume - BERA BV","robots":{"index":"index","follow":"follow","max-snippet":"max-snippet:-1","max-image-preview":"max-image-preview:large","max-video-preview":"max-video-preview:-1"},"canonical":"https:\/\/www.bera-bv.com\/de\/product\/bera-planter-tree-reservoir-fuer-pflanzgefaesse-und-baeume\/","og_locale":"de_DE","og_type":"article","og_title":"BERA Planter &amp; Tree Reservoir \u2013 f\u00fcr Pflanzgef\u00e4\u00dfe und B\u00e4ume - BERA BV","og_description":"BERA WaterUps Planters &amp; Tree Reservoir \u2013 f\u00fcr Pflanzgef\u00e4\u00dfe und B\u00e4ume spart Ihnen Wasser und Zeit. Durch das einzigartige System nehmen die Pflanzen bedarfsgerecht Wasser aus dem Reservoir unter den Wurzeln auf. Die Pflanzen wachsen dadurch besser, Sie sparen etwa 75 % Wasser, m\u00fcssen seltener gie\u00dfen und reduzieren den Pflanzenausfall.  Installationsanleitung: (LINK) Was beinhaltet das Basis-Set &amp; Erweiterungsset mit abschlie\u00dfbarem Deckel? \u2022 1x WaterUps Planters &amp; Tree Reservoir - ID2101037 \u2022 1x Einlassrohr + Deckel \u2022 Beutel 2 Liter Perlit \u2022 1x WaterUps Planters &amp; Tree Reservoir - ID2101019 \u2022 2x Einlassrohr + Verl\u00e4ngerungsmodul \u2022 1x Deckel + Schl\u00fcssel \u2022 Beutel 2 Liter Perlit","og_url":"https:\/\/www.bera-bv.com\/de\/product\/bera-planter-tree-reservoir-fuer-pflanzgefaesse-und-baeume\/","og_site_name":"BERA BV","article_modified_time":"2026-04-13T13:46:40+00:00","og_image":[{"width":1920,"height":2560,"url":"https:\/\/www.bera-bv.com\/wp-content\/uploads\/2025\/12\/Planter-reservoir-voor-plantenbakken-en-bomen-9-scaled-1.jpg","type":"image\/jpeg"}],"twitter_card":"summary_large_image","twitter_misc":{"Gesch\u00e4tzte Lesezeit":"2\u00a0Minute"},"schema":{"@context":"https:\/\/schema.org","@graph":[{"@type":"WebPage","@id":"https:\/\/www.bera-bv.com\/de\/product\/bera-planter-tree-reservoir-fuer-pflanzgefaesse-und-baeume\/","url":"https:\/\/www.bera-bv.com\/de\/product\/bera-planter-tree-reservoir-fuer-pflanzgefaesse-und-baeume\/","name":"BERA Planter &amp; Tree Reservoir \u2013 f\u00fcr Pflanzgef\u00e4\u00dfe und B\u00e4ume - BERA BV","isPartOf":{"@id":"https:\/\/www.bera-bv.com\/de\/#website"},"primaryImageOfPage":{"@id":"https:\/\/www.bera-bv.com\/de\/product\/bera-planter-tree-reservoir-fuer-pflanzgefaesse-und-baeume\/#primaryimage"},"image":{"@id":"https:\/\/www.bera-bv.com\/de\/product\/bera-planter-tree-reservoir-fuer-pflanzgefaesse-und-baeume\/#primaryimage"},"thumbnailUrl":"https:\/\/www.bera-bv.com\/wp-content\/uploads\/2025\/12\/Planter-reservoir-voor-plantenbakken-en-bomen-9-scaled-1.jpg","datePublished":"2025-12-22T11:36:26+00:00","dateModified":"2026-04-13T13:46:40+00:00","breadcrumb":{"@id":"https:\/\/www.bera-bv.com\/de\/product\/bera-planter-tree-reservoir-fuer-pflanzgefaesse-und-baeume\/#breadcrumb"},"inLanguage":"de","potentialAction":[{"@type":"ReadAction","target":["https:\/\/www.bera-bv.com\/de\/product\/bera-planter-tree-reservoir-fuer-pflanzgefaesse-und-baeume\/"]}]},{"@type":"ImageObject","inLanguage":"de","@id":"https:\/\/www.bera-bv.com\/de\/product\/bera-planter-tree-reservoir-fuer-pflanzgefaesse-und-baeume\/#primaryimage","url":"https:\/\/www.bera-bv.com\/wp-content\/uploads\/2025\/12\/Planter-reservoir-voor-plantenbakken-en-bomen-9-scaled-1.jpg","contentUrl":"https:\/\/www.bera-bv.com\/wp-content\/uploads\/2025\/12\/Planter-reservoir-voor-plantenbakken-en-bomen-9-scaled-1.jpg","width":1920,"height":2560,"caption":"BERA WaterUps Wasserreservoir im Topf"},{"@type":"BreadcrumbList","@id":"https:\/\/www.bera-bv.com\/de\/product\/bera-planter-tree-reservoir-fuer-pflanzgefaesse-und-baeume\/#breadcrumb","itemListElement":[{"@type":"ListItem","position":1,"name":"Home","item":"https:\/\/www.bera-bv.com\/de\/"},{"@type":"ListItem","position":2,"name":"Shop","item":"https:\/\/www.bera-bv.com\/de\/shop\/"},{"@type":"ListItem","position":3,"name":"BERA Planter &amp; Tree Reservoir \u2013 f\u00fcr Pflanzgef\u00e4\u00dfe und B\u00e4ume"}]},{"@type":"WebSite","@id":"https:\/\/www.bera-bv.com\/de\/#website","url":"https:\/\/www.bera-bv.com\/de\/","name":"BERA BV","description":"Creatief en duurzaam landschapsontwerp","publisher":{"@id":"https:\/\/www.bera-bv.com\/de\/#organization"},"potentialAction":[{"@type":"SearchAction","target":{"@type":"EntryPoint","urlTemplate":"https:\/\/www.bera-bv.com\/de\/?s={search_term_string}"},"query-input":{"@type":"PropertyValueSpecification","valueRequired":true,"valueName":"search_term_string"}}],"inLanguage":"de"},{"@type":"Organization","@id":"https:\/\/www.bera-bv.com\/de\/#organization","name":"BERA BV","url":"https:\/\/www.bera-bv.com\/de\/","logo":{"@type":"ImageObject","inLanguage":"de","@id":"https:\/\/www.bera-bv.com\/de\/#\/schema\/logo\/image\/","url":"https:\/\/www.bera-bv.com\/wp-content\/uploads\/2025\/12\/BERA-logo_light.svg","contentUrl":"https:\/\/www.bera-bv.com\/wp-content\/uploads\/2025\/12\/BERA-logo_light.svg","caption":"BERA BV"},"image":{"@id":"https:\/\/www.bera-bv.com\/de\/#\/schema\/logo\/image\/"}}]}},"_links":{"self":[{"href":"https:\/\/www.bera-bv.com\/de\/wp-json\/wp\/v2\/product\/12894","targetHints":{"allow":["GET"]}}],"collection":[{"href":"https:\/\/www.bera-bv.com\/de\/wp-json\/wp\/v2\/product"}],"about":[{"href":"https:\/\/www.bera-bv.com\/de\/wp-json\/wp\/v2\/types\/product"}],"wp:featuredmedia":[{"embeddable":true,"href":"https:\/\/www.bera-bv.com\/de\/wp-json\/wp\/v2\/media\/12895"}],"wp:attachment":[{"href":"https:\/\/www.bera-bv.com\/de\/wp-json\/wp\/v2\/media?parent=12894"}],"wp:term":[{"taxonomy":"product_brand","embeddable":true,"href":"https:\/\/www.bera-bv.com\/de\/wp-json\/wp\/v2\/product_brand?post=12894"},{"taxonomy":"product_cat","embeddable":true,"href":"https:\/\/www.bera-bv.com\/de\/wp-json\/wp\/v2\/product_cat?post=12894"},{"taxonomy":"product_tag","embeddable":true,"href":"https:\/\/www.bera-bv.com\/de\/wp-json\/wp\/v2\/product_tag?post=12894"}],"curies":[{"name":"wp","href":"https:\/\/api.w.org\/{rel}","templated":true}]}}