{"id":12876,"date":"2025-12-22T12:35:08","date_gmt":"2025-12-22T11:35:08","guid":{"rendered":"http:\/\/bera-bv.com\/product\/kieswabe-gravel-fix-lite-s-ca-60x80-cm\/"},"modified":"2026-02-20T15:44:28","modified_gmt":"2026-02-20T14:44:28","slug":"kieswabe-gravel-fix-lite-s-ca-60x80-cm","status":"publish","type":"product","link":"https:\/\/www.bera-bv.com\/de\/product\/kieswabe-gravel-fix-lite-s-ca-60x80-cm\/","title":{"rendered":"Kieswabe Gravel Fix Lite &#8211; S (ca. 60&#215;80 cm)"},"content":{"rendered":"<p><strong>Anwendung<\/strong><\/p>\n<ul>\n<li>Gartenweg<\/li>\n<li>Terrasse<\/li>\n<li>Terrasse<\/li>\n<li>Entlang der Fassade<\/li>\n<li>Einfahrt f\u00fcr leichten Verkehr<\/li>\n<\/ul>\n<p><strong>Produktdetails<\/strong><\/p>\n<ul>\n<li>Farbe: Grau<\/li>\n<li>Format: 787 x 581 x 26 mm<\/li>\n<li>Fl\u00e4che: 0,46 m2 pro Platte<\/li>\n<li>Inkl. starkem und wasserdurchl\u00e4ssigem Unkrautvlies an der Unterseite <\/li>\n<li>Kies-\/Splittmenge ca. 43 l oder 65 kg pro m2<\/li>\n<li>Kies- oder Splittk\u00f6rnung zwischen 3 und 12 mm<\/li>\n<li>Material: Polypropylen, 100 % recycelbar<\/li>\n<li>UV- und frostbest\u00e4ndig<\/li>\n<\/ul>\n","protected":false},"excerpt":{"rendered":"<p><strong>Artikelbeschreibung<\/strong><br \/>\nDie vollst\u00e4ndig nachhaltig produzierte Gravel Fix Lite S ist eine praktische L\u00f6sung als Kieswabe (auch Splittplatte oder Kiesmatte genannt), um Kies und Splitt zu stabilisieren. Die Oberfl\u00e4che wird dadurch fest, stabil und f\u00fcr jeden begehbar \u2013 sogar mit hohen Abs\u00e4tzen! <\/p>\n<p>Zudem wird die Kiesfl\u00e4che sicher und einfach befahrbar mit dem Fahrrad, Roller oder Motorrad, aber auch mit Rollst\u00fchlen und Kinderwagen. Auch Grillpl\u00e4tze, Leitern und Gartenst\u00fchle stehen stabil und sinken nicht mehr ein.  Zudem bleibt Ihre Fassade durch einen 60 cm breiten Streifen mit Gravel Fix Lite S sch\u00f6n sauber. Kein spritzendes \u201egr\u00fcnes\u201c Wasser mehr.<\/p>\n<p>Dasselbe Produkt kann auch f\u00fcr Ihren Parkplatz oder Ihre Einfahrt f\u00fcr leichten Verkehr eingesetzt werden. Keine Reifenspuren mehr, der Kies verschiebt sich nicht zu den Seiten und die Oberfl\u00e4che bleibt sch\u00f6n und trocken \u2013 dank des patentierten Unkrautvlieses an der Unterseite auch bei Starkregen. Regenwasser wird zu 100 % in das Grundwasser geleitet.  <\/p>\n<p>Weitere Informationen finden Sie <a href=\"https:\/\/www.bera-bv.nl\/grindstabilisatie\/bera-gravel-fix-lite\/\" target=\"_blank\" rel=\"noopener noreferrer\">hier<\/a>.<\/p>\n<p>F\u00fcr gro\u00dfe Fl\u00e4chen wie Parkpl\u00e4tze oder Einfahrten empfehlen wir das Gro\u00dfformat <a href=\"https:\/\/www.bera-bv.nl\/webshop\/produkt\/grindstabilisatie-gravel-fix-pro-ca-80x120-cm\/\" rel=\"noopener\">Gravel Fix Pro<\/a>.<\/p>\n<div class=\"responsive-video\">\n[embed]https:\/\/www.youtube.com\/watch?v=rA3uWjPSwos[\/embed]\n<\/div>\n","protected":false},"featured_media":12877,"template":"","meta":{"site-sidebar-layout":"default","site-content-layout":"","ast-site-content-layout":"default","site-content-style":"default","site-sidebar-style":"default","ast-global-header-display":"","ast-banner-title-visibility":"","ast-main-header-display":"","ast-hfb-above-header-display":"","ast-hfb-below-header-display":"","ast-hfb-mobile-header-display":"","site-post-title":"","ast-breadcrumbs-content":"","ast-featured-img":"","footer-sml-layout":"","ast-disable-related-posts":"","theme-transparent-header-meta":"default","adv-header-id-meta":"","stick-header-meta":"default","header-above-stick-meta":"","header-main-stick-meta":"","header-below-stick-meta":"","astra-migrate-meta-layouts":"default","ast-page-background-enabled":"default","ast-page-background-meta":{"desktop":{"background-color":"var(--ast-global-color-4)","background-image":"","background-repeat":"repeat","background-position":"center center","background-size":"auto","background-attachment":"scroll","background-type":"","background-media":"","overlay-type":"","overlay-color":"","overlay-opacity":"","overlay-gradient":""},"tablet":{"background-color":"","background-image":"","background-repeat":"repeat","background-position":"center center","background-size":"auto","background-attachment":"scroll","background-type":"","background-media":"","overlay-type":"","overlay-color":"","overlay-opacity":"","overlay-gradient":""},"mobile":{"background-color":"","background-image":"","background-repeat":"repeat","background-position":"center center","background-size":"auto","background-attachment":"scroll","background-type":"","background-media":"","overlay-type":"","overlay-color":"","overlay-opacity":"","overlay-gradient":""}},"ast-content-background-meta":{"desktop":{"background-color":"var(--ast-global-color-5)","background-image":"","background-repeat":"repeat","background-position":"center center","background-size":"auto","background-attachment":"scroll","background-type":"","background-media":"","overlay-type":"","overlay-color":"","overlay-opacity":"","overlay-gradient":""},"tablet":{"background-color":"var(--ast-global-color-5)","background-image":"","background-repeat":"repeat","background-position":"center center","background-size":"auto","background-attachment":"scroll","background-type":"","background-media":"","overlay-type":"","overlay-color":"","overlay-opacity":"","overlay-gradient":""},"mobile":{"background-color":"var(--ast-global-color-5)","background-image":"","background-repeat":"repeat","background-position":"center center","background-size":"auto","background-attachment":"scroll","background-type":"","background-media":"","overlay-type":"","overlay-color":"","overlay-opacity":"","overlay-gradient":""}}},"product_brand":[],"product_cat":[288],"product_tag":[],"class_list":{"0":"post-12876","1":"product","2":"type-product","3":"status-publish","4":"has-post-thumbnail","6":"product_cat-kiesstabilisierung","7":"product_shipping_class-parcel","8":"pa_frostproof-ja","9":"pa_kleur-grau","10":"pa_kleur-grau-weis","11":"pa_kleur-weis","12":"pa_materiaal-100-reines-polypropylen-vollstandig-recycelbar","13":"pa_uv-bestendig-ja","14":"desktop-align-left","15":"tablet-align-left","16":"mobile-align-left","17":"ast-product-gallery-layout-horizontal","18":"ast-product-tabs-layout-horizontal","20":"first","21":"instock","22":"purchasable","23":"product-type-simple"},"yoast_head":"<!-- This site is optimized with the Yoast SEO plugin v27.4 - https:\/\/yoast.com\/product\/yoast-seo-wordpress\/ -->\n<title>Kieswabe Gravel Fix Lite - S (ca. 60x80 cm) - BERA BV<\/title>\n<meta name=\"robots\" content=\"index, follow, max-snippet:-1, max-image-preview:large, max-video-preview:-1\" \/>\n<link rel=\"canonical\" href=\"https:\/\/www.bera-bv.com\/de\/product\/kieswabe-gravel-fix-lite-s-ca-60x80-cm\/\" \/>\n<meta property=\"og:locale\" content=\"de_DE\" \/>\n<meta property=\"og:type\" content=\"article\" \/>\n<meta property=\"og:title\" content=\"Kieswabe Gravel Fix Lite - S (ca. 60x80 cm) - BERA BV\" \/>\n<meta property=\"og:description\" content=\"Artikelbeschreibung Die vollst\u00e4ndig nachhaltig produzierte Gravel Fix Lite S ist eine praktische L\u00f6sung als Kieswabe (auch Splittplatte oder Kiesmatte genannt), um Kies und Splitt zu stabilisieren. Die Oberfl\u00e4che wird dadurch fest, stabil und f\u00fcr jeden begehbar \u2013 sogar mit hohen Abs\u00e4tzen!  Zudem wird die Kiesfl\u00e4che sicher und einfach befahrbar mit dem Fahrrad, Roller oder Motorrad, aber auch mit Rollst\u00fchlen und Kinderwagen. Auch Grillpl\u00e4tze, Leitern und Gartenst\u00fchle stehen stabil und sinken nicht mehr ein. Zudem bleibt Ihre Fassade durch einen 60 cm breiten Streifen mit Gravel Fix Lite S sch\u00f6n sauber. Kein spritzendes \u201egr\u00fcnes\u201c Wasser mehr. Dasselbe Produkt kann auch f\u00fcr Ihren Parkplatz oder Ihre Einfahrt f\u00fcr leichten Verkehr eingesetzt werden. Keine Reifenspuren mehr, der Kies verschiebt sich nicht zu den Seiten und die Oberfl\u00e4che bleibt sch\u00f6n und trocken \u2013 dank des patentierten Unkrautvlieses an der Unterseite auch bei Starkregen. Regenwasser wird zu 100 % in das Grundwasser geleitet.  Weitere Informationen finden Sie hier. F\u00fcr gro\u00dfe Fl\u00e4chen wie Parkpl\u00e4tze oder Einfahrten empfehlen wir das Gro\u00dfformat Gravel Fix Pro.\" \/>\n<meta property=\"og:url\" content=\"https:\/\/www.bera-bv.com\/de\/product\/kieswabe-gravel-fix-lite-s-ca-60x80-cm\/\" \/>\n<meta property=\"og:site_name\" content=\"BERA BV\" \/>\n<meta property=\"article:modified_time\" content=\"2026-02-20T14:44:28+00:00\" \/>\n<meta property=\"og:image\" content=\"https:\/\/www.bera-bv.com\/wp-content\/uploads\/2025\/12\/1100213-GF-Lite-S-Grey-recycled-60x80-0.46m2-RUV1-Typar_EAN_8720726115261_0031-768x1024.png\" \/>\n\t<meta property=\"og:image:width\" content=\"768\" \/>\n\t<meta property=\"og:image:height\" content=\"1024\" \/>\n\t<meta property=\"og:image:type\" content=\"image\/png\" \/>\n<meta name=\"twitter:card\" content=\"summary_large_image\" \/>\n<script type=\"application\/ld+json\" class=\"yoast-schema-graph\">{\"@context\":\"https:\\\/\\\/schema.org\",\"@graph\":[{\"@type\":\"WebPage\",\"@id\":\"https:\\\/\\\/www.bera-bv.com\\\/de\\\/product\\\/kieswabe-gravel-fix-lite-s-ca-60x80-cm\\\/\",\"url\":\"https:\\\/\\\/www.bera-bv.com\\\/de\\\/product\\\/kieswabe-gravel-fix-lite-s-ca-60x80-cm\\\/\",\"name\":\"Kieswabe Gravel Fix Lite - S (ca. 60x80 cm) - BERA BV\",\"isPartOf\":{\"@id\":\"https:\\\/\\\/www.bera-bv.com\\\/de\\\/#website\"},\"primaryImageOfPage\":{\"@id\":\"https:\\\/\\\/www.bera-bv.com\\\/de\\\/product\\\/kieswabe-gravel-fix-lite-s-ca-60x80-cm\\\/#primaryimage\"},\"image\":{\"@id\":\"https:\\\/\\\/www.bera-bv.com\\\/de\\\/product\\\/kieswabe-gravel-fix-lite-s-ca-60x80-cm\\\/#primaryimage\"},\"thumbnailUrl\":\"https:\\\/\\\/www.bera-bv.com\\\/wp-content\\\/uploads\\\/2025\\\/12\\\/1100213-GF-Lite-S-Grey-recycled-60x80-0.46m2-RUV1-Typar_EAN_8720726115261_0031-scaled.png\",\"datePublished\":\"2025-12-22T11:35:08+00:00\",\"dateModified\":\"2026-02-20T14:44:28+00:00\",\"breadcrumb\":{\"@id\":\"https:\\\/\\\/www.bera-bv.com\\\/de\\\/product\\\/kieswabe-gravel-fix-lite-s-ca-60x80-cm\\\/#breadcrumb\"},\"inLanguage\":\"de\",\"potentialAction\":[{\"@type\":\"ReadAction\",\"target\":[\"https:\\\/\\\/www.bera-bv.com\\\/de\\\/product\\\/kieswabe-gravel-fix-lite-s-ca-60x80-cm\\\/\"]}]},{\"@type\":\"ImageObject\",\"inLanguage\":\"de\",\"@id\":\"https:\\\/\\\/www.bera-bv.com\\\/de\\\/product\\\/kieswabe-gravel-fix-lite-s-ca-60x80-cm\\\/#primaryimage\",\"url\":\"https:\\\/\\\/www.bera-bv.com\\\/wp-content\\\/uploads\\\/2025\\\/12\\\/1100213-GF-Lite-S-Grey-recycled-60x80-0.46m2-RUV1-Typar_EAN_8720726115261_0031-scaled.png\",\"contentUrl\":\"https:\\\/\\\/www.bera-bv.com\\\/wp-content\\\/uploads\\\/2025\\\/12\\\/1100213-GF-Lite-S-Grey-recycled-60x80-0.46m2-RUV1-Typar_EAN_8720726115261_0031-scaled.png\",\"width\":1920,\"height\":2560,\"caption\":\"Duurzame grindplaat grindmat grindrooster grijs\"},{\"@type\":\"BreadcrumbList\",\"@id\":\"https:\\\/\\\/www.bera-bv.com\\\/de\\\/product\\\/kieswabe-gravel-fix-lite-s-ca-60x80-cm\\\/#breadcrumb\",\"itemListElement\":[{\"@type\":\"ListItem\",\"position\":1,\"name\":\"Home\",\"item\":\"https:\\\/\\\/www.bera-bv.com\\\/de\\\/\"},{\"@type\":\"ListItem\",\"position\":2,\"name\":\"Shop\",\"item\":\"https:\\\/\\\/www.bera-bv.com\\\/de\\\/shop\\\/\"},{\"@type\":\"ListItem\",\"position\":3,\"name\":\"Kieswabe Gravel Fix Lite &#8211; S (ca. 60&#215;80 cm)\"}]},{\"@type\":\"WebSite\",\"@id\":\"https:\\\/\\\/www.bera-bv.com\\\/de\\\/#website\",\"url\":\"https:\\\/\\\/www.bera-bv.com\\\/de\\\/\",\"name\":\"BERA BV\",\"description\":\"Creatief en duurzaam landschapsontwerp\",\"publisher\":{\"@id\":\"https:\\\/\\\/www.bera-bv.com\\\/de\\\/#organization\"},\"potentialAction\":[{\"@type\":\"SearchAction\",\"target\":{\"@type\":\"EntryPoint\",\"urlTemplate\":\"https:\\\/\\\/www.bera-bv.com\\\/de\\\/?s={search_term_string}\"},\"query-input\":{\"@type\":\"PropertyValueSpecification\",\"valueRequired\":true,\"valueName\":\"search_term_string\"}}],\"inLanguage\":\"de\"},{\"@type\":\"Organization\",\"@id\":\"https:\\\/\\\/www.bera-bv.com\\\/de\\\/#organization\",\"name\":\"BERA BV\",\"url\":\"https:\\\/\\\/www.bera-bv.com\\\/de\\\/\",\"logo\":{\"@type\":\"ImageObject\",\"inLanguage\":\"de\",\"@id\":\"https:\\\/\\\/www.bera-bv.com\\\/de\\\/#\\\/schema\\\/logo\\\/image\\\/\",\"url\":\"https:\\\/\\\/www.bera-bv.com\\\/wp-content\\\/uploads\\\/2025\\\/12\\\/BERA-logo_light.svg\",\"contentUrl\":\"https:\\\/\\\/www.bera-bv.com\\\/wp-content\\\/uploads\\\/2025\\\/12\\\/BERA-logo_light.svg\",\"caption\":\"BERA BV\"},\"image\":{\"@id\":\"https:\\\/\\\/www.bera-bv.com\\\/de\\\/#\\\/schema\\\/logo\\\/image\\\/\"}}]}<\/script>\n<!-- \/ Yoast SEO plugin. -->","yoast_head_json":{"title":"Kieswabe Gravel Fix Lite - S (ca. 60x80 cm) - BERA BV","robots":{"index":"index","follow":"follow","max-snippet":"max-snippet:-1","max-image-preview":"max-image-preview:large","max-video-preview":"max-video-preview:-1"},"canonical":"https:\/\/www.bera-bv.com\/de\/product\/kieswabe-gravel-fix-lite-s-ca-60x80-cm\/","og_locale":"de_DE","og_type":"article","og_title":"Kieswabe Gravel Fix Lite - S (ca. 60x80 cm) - BERA BV","og_description":"Artikelbeschreibung Die vollst\u00e4ndig nachhaltig produzierte Gravel Fix Lite S ist eine praktische L\u00f6sung als Kieswabe (auch Splittplatte oder Kiesmatte genannt), um Kies und Splitt zu stabilisieren. Die Oberfl\u00e4che wird dadurch fest, stabil und f\u00fcr jeden begehbar \u2013 sogar mit hohen Abs\u00e4tzen!  Zudem wird die Kiesfl\u00e4che sicher und einfach befahrbar mit dem Fahrrad, Roller oder Motorrad, aber auch mit Rollst\u00fchlen und Kinderwagen. Auch Grillpl\u00e4tze, Leitern und Gartenst\u00fchle stehen stabil und sinken nicht mehr ein. Zudem bleibt Ihre Fassade durch einen 60 cm breiten Streifen mit Gravel Fix Lite S sch\u00f6n sauber. Kein spritzendes \u201egr\u00fcnes\u201c Wasser mehr. Dasselbe Produkt kann auch f\u00fcr Ihren Parkplatz oder Ihre Einfahrt f\u00fcr leichten Verkehr eingesetzt werden. Keine Reifenspuren mehr, der Kies verschiebt sich nicht zu den Seiten und die Oberfl\u00e4che bleibt sch\u00f6n und trocken \u2013 dank des patentierten Unkrautvlieses an der Unterseite auch bei Starkregen. Regenwasser wird zu 100 % in das Grundwasser geleitet.  Weitere Informationen finden Sie hier. F\u00fcr gro\u00dfe Fl\u00e4chen wie Parkpl\u00e4tze oder Einfahrten empfehlen wir das Gro\u00dfformat Gravel Fix Pro.","og_url":"https:\/\/www.bera-bv.com\/de\/product\/kieswabe-gravel-fix-lite-s-ca-60x80-cm\/","og_site_name":"BERA BV","article_modified_time":"2026-02-20T14:44:28+00:00","og_image":[{"width":768,"height":1024,"url":"https:\/\/www.bera-bv.com\/wp-content\/uploads\/2025\/12\/1100213-GF-Lite-S-Grey-recycled-60x80-0.46m2-RUV1-Typar_EAN_8720726115261_0031-768x1024.png","type":"image\/png"}],"twitter_card":"summary_large_image","schema":{"@context":"https:\/\/schema.org","@graph":[{"@type":"WebPage","@id":"https:\/\/www.bera-bv.com\/de\/product\/kieswabe-gravel-fix-lite-s-ca-60x80-cm\/","url":"https:\/\/www.bera-bv.com\/de\/product\/kieswabe-gravel-fix-lite-s-ca-60x80-cm\/","name":"Kieswabe Gravel Fix Lite - S (ca. 60x80 cm) - BERA BV","isPartOf":{"@id":"https:\/\/www.bera-bv.com\/de\/#website"},"primaryImageOfPage":{"@id":"https:\/\/www.bera-bv.com\/de\/product\/kieswabe-gravel-fix-lite-s-ca-60x80-cm\/#primaryimage"},"image":{"@id":"https:\/\/www.bera-bv.com\/de\/product\/kieswabe-gravel-fix-lite-s-ca-60x80-cm\/#primaryimage"},"thumbnailUrl":"https:\/\/www.bera-bv.com\/wp-content\/uploads\/2025\/12\/1100213-GF-Lite-S-Grey-recycled-60x80-0.46m2-RUV1-Typar_EAN_8720726115261_0031-scaled.png","datePublished":"2025-12-22T11:35:08+00:00","dateModified":"2026-02-20T14:44:28+00:00","breadcrumb":{"@id":"https:\/\/www.bera-bv.com\/de\/product\/kieswabe-gravel-fix-lite-s-ca-60x80-cm\/#breadcrumb"},"inLanguage":"de","potentialAction":[{"@type":"ReadAction","target":["https:\/\/www.bera-bv.com\/de\/product\/kieswabe-gravel-fix-lite-s-ca-60x80-cm\/"]}]},{"@type":"ImageObject","inLanguage":"de","@id":"https:\/\/www.bera-bv.com\/de\/product\/kieswabe-gravel-fix-lite-s-ca-60x80-cm\/#primaryimage","url":"https:\/\/www.bera-bv.com\/wp-content\/uploads\/2025\/12\/1100213-GF-Lite-S-Grey-recycled-60x80-0.46m2-RUV1-Typar_EAN_8720726115261_0031-scaled.png","contentUrl":"https:\/\/www.bera-bv.com\/wp-content\/uploads\/2025\/12\/1100213-GF-Lite-S-Grey-recycled-60x80-0.46m2-RUV1-Typar_EAN_8720726115261_0031-scaled.png","width":1920,"height":2560,"caption":"Duurzame grindplaat grindmat grindrooster grijs"},{"@type":"BreadcrumbList","@id":"https:\/\/www.bera-bv.com\/de\/product\/kieswabe-gravel-fix-lite-s-ca-60x80-cm\/#breadcrumb","itemListElement":[{"@type":"ListItem","position":1,"name":"Home","item":"https:\/\/www.bera-bv.com\/de\/"},{"@type":"ListItem","position":2,"name":"Shop","item":"https:\/\/www.bera-bv.com\/de\/shop\/"},{"@type":"ListItem","position":3,"name":"Kieswabe Gravel Fix Lite &#8211; S (ca. 60&#215;80 cm)"}]},{"@type":"WebSite","@id":"https:\/\/www.bera-bv.com\/de\/#website","url":"https:\/\/www.bera-bv.com\/de\/","name":"BERA BV","description":"Creatief en duurzaam landschapsontwerp","publisher":{"@id":"https:\/\/www.bera-bv.com\/de\/#organization"},"potentialAction":[{"@type":"SearchAction","target":{"@type":"EntryPoint","urlTemplate":"https:\/\/www.bera-bv.com\/de\/?s={search_term_string}"},"query-input":{"@type":"PropertyValueSpecification","valueRequired":true,"valueName":"search_term_string"}}],"inLanguage":"de"},{"@type":"Organization","@id":"https:\/\/www.bera-bv.com\/de\/#organization","name":"BERA BV","url":"https:\/\/www.bera-bv.com\/de\/","logo":{"@type":"ImageObject","inLanguage":"de","@id":"https:\/\/www.bera-bv.com\/de\/#\/schema\/logo\/image\/","url":"https:\/\/www.bera-bv.com\/wp-content\/uploads\/2025\/12\/BERA-logo_light.svg","contentUrl":"https:\/\/www.bera-bv.com\/wp-content\/uploads\/2025\/12\/BERA-logo_light.svg","caption":"BERA BV"},"image":{"@id":"https:\/\/www.bera-bv.com\/de\/#\/schema\/logo\/image\/"}}]}},"_links":{"self":[{"href":"https:\/\/www.bera-bv.com\/de\/wp-json\/wp\/v2\/product\/12876","targetHints":{"allow":["GET"]}}],"collection":[{"href":"https:\/\/www.bera-bv.com\/de\/wp-json\/wp\/v2\/product"}],"about":[{"href":"https:\/\/www.bera-bv.com\/de\/wp-json\/wp\/v2\/types\/product"}],"wp:featuredmedia":[{"embeddable":true,"href":"https:\/\/www.bera-bv.com\/de\/wp-json\/wp\/v2\/media\/12877"}],"wp:attachment":[{"href":"https:\/\/www.bera-bv.com\/de\/wp-json\/wp\/v2\/media?parent=12876"}],"wp:term":[{"taxonomy":"product_brand","embeddable":true,"href":"https:\/\/www.bera-bv.com\/de\/wp-json\/wp\/v2\/product_brand?post=12876"},{"taxonomy":"product_cat","embeddable":true,"href":"https:\/\/www.bera-bv.com\/de\/wp-json\/wp\/v2\/product_cat?post=12876"},{"taxonomy":"product_tag","embeddable":true,"href":"https:\/\/www.bera-bv.com\/de\/wp-json\/wp\/v2\/product_tag?post=12876"}],"curies":[{"name":"wp","href":"https:\/\/api.w.org\/{rel}","templated":true}]}}