{"id":12867,"date":"2026-02-25T15:07:03","date_gmt":"2026-02-25T14:07:03","guid":{"rendered":"http:\/\/bera-bv.com\/product\/bera-urbanscape-green-roll\/"},"modified":"2026-02-25T15:07:03","modified_gmt":"2026-02-25T14:07:03","slug":"bera-urbanscape-green-roll","status":"publish","type":"product","link":"https:\/\/www.bera-bv.com\/de\/product\/bera-urbanscape-green-roll\/","title":{"rendered":"BERA\u00ae Urbanscape Green Roll"},"content":{"rendered":"<p><strong>Anwendung<\/strong><br \/>\nBERA\u00ae Urbanscape Green Roll ist ein 100 % nat\u00fcrlicher Wasserspeicher f\u00fcr den Einsatz unter Rasenfl\u00e4chen, Gr\u00e4sern und in Pflanzgef\u00e4\u00dfen. Sowohl f\u00fcr die private als auch f\u00fcr die professionelle Nutzung, sowie f\u00fcr Sport- oder Golfpl\u00e4tze. <\/p>\n<p><strong>Produktdetails<\/strong><\/p>\n<ul>\n<li>Steinwolle auf Rollen von 6 x 1 m (6 m\u00b2) \u2013 2 cm dick<\/li>\n<li>Absorbiert ca. 17 Liter Wasser pro m\u00b2, verteilt dieses durch Kapillarwirkung<\/li>\n<li>100 % nat\u00fcrliches Material, keinerlei chemische Zus\u00e4tze<\/li>\n<li>F\u00fcr alle Pflanzen geeignet, vollst\u00e4ndig kompostierbar<\/li>\n<li>Erhebliche Einsparungen bei Wasser und N\u00e4hrstoffen von bis zu 50 %<\/li>\n<li>Bodenverbesserung, lange Lebensdauer<\/li>\n<li>Besseres Wachstum und Entwicklung von Pflanzen oder Rasen<\/li>\n<li>H\u00f6herer Ertrag und bessere Widerstandsf\u00e4higkeit der Pflanze<\/li>\n<\/ul>\n","protected":false},"excerpt":{"rendered":"<p>Urbanscape Green Roll wird aus 100 % nat\u00fcrlichen Gesteinsfasern hergestellt und unter dem Rasen oder in Pflanzgef\u00e4\u00dfen eingesetzt. Wasser und N\u00e4hrstoffe werden in der Urbanscape Green Roll gespeichert und stehen dem Rasen oder der Bepflanzung jederzeit direkt zur Verf\u00fcgung. Green Rolls verbessern die Bodenqualit\u00e4t und helfen Pflanzen, unter schwierigen Bedingungen zu \u00fcberleben. Durch die Speicherung in der offenen Struktur kann das Wasser weder verdunsten noch im Boden versickern.   <\/p>\n<p>\u00dcbersch\u00fcssiges Wasser versickert wie gewohnt im Grundwasser.<\/p>\n<p>BERA\u00ae Urbanscape Green Roll spart Zeit und Kosten f\u00fcr Pflege und Bew\u00e4sserung. Durch die Speicherung von Wasser und N\u00e4hrstoffen sind Einsparungen von bis zu 50 % m\u00f6glich. <\/p>\n<p>Weitere Informationen erhalten Sie <a href=\"https:\/\/www.bera-bv.nl\/eco-en-watersystems\/bera-urbanscape\/\" target=\"_blank\" rel=\"noopener noreferrer\">hier<\/a><\/p>\n","protected":false},"featured_media":12868,"template":"","meta":{"site-sidebar-layout":"default","site-content-layout":"","ast-site-content-layout":"default","site-content-style":"default","site-sidebar-style":"default","ast-global-header-display":"","ast-banner-title-visibility":"","ast-main-header-display":"","ast-hfb-above-header-display":"","ast-hfb-below-header-display":"","ast-hfb-mobile-header-display":"","site-post-title":"","ast-breadcrumbs-content":"","ast-featured-img":"","footer-sml-layout":"","ast-disable-related-posts":"","theme-transparent-header-meta":"default","adv-header-id-meta":"","stick-header-meta":"default","header-above-stick-meta":"","header-main-stick-meta":"","header-below-stick-meta":"","astra-migrate-meta-layouts":"default","ast-page-background-enabled":"default","ast-page-background-meta":{"desktop":{"background-color":"var(--ast-global-color-4)","background-image":"","background-repeat":"repeat","background-position":"center center","background-size":"auto","background-attachment":"scroll","background-type":"","background-media":"","overlay-type":"","overlay-color":"","overlay-opacity":"","overlay-gradient":""},"tablet":{"background-color":"","background-image":"","background-repeat":"repeat","background-position":"center center","background-size":"auto","background-attachment":"scroll","background-type":"","background-media":"","overlay-type":"","overlay-color":"","overlay-opacity":"","overlay-gradient":""},"mobile":{"background-color":"","background-image":"","background-repeat":"repeat","background-position":"center center","background-size":"auto","background-attachment":"scroll","background-type":"","background-media":"","overlay-type":"","overlay-color":"","overlay-opacity":"","overlay-gradient":""}},"ast-content-background-meta":{"desktop":{"background-color":"var(--ast-global-color-5)","background-image":"","background-repeat":"repeat","background-position":"center center","background-size":"auto","background-attachment":"scroll","background-type":"","background-media":"","overlay-type":"","overlay-color":"","overlay-opacity":"","overlay-gradient":""},"tablet":{"background-color":"var(--ast-global-color-5)","background-image":"","background-repeat":"repeat","background-position":"center center","background-size":"auto","background-attachment":"scroll","background-type":"","background-media":"","overlay-type":"","overlay-color":"","overlay-opacity":"","overlay-gradient":""},"mobile":{"background-color":"var(--ast-global-color-5)","background-image":"","background-repeat":"repeat","background-position":"center center","background-size":"auto","background-attachment":"scroll","background-type":"","background-media":"","overlay-type":"","overlay-color":"","overlay-opacity":"","overlay-gradient":""}}},"product_brand":[],"product_cat":[261],"product_tag":[],"class_list":{"0":"post-12867","1":"product","2":"type-product","3":"status-publish","4":"has-post-thumbnail","6":"product_cat-wassermanagement","7":"product_shipping_class-parcel","8":"desktop-align-left","9":"tablet-align-left","10":"mobile-align-left","11":"ast-product-gallery-layout-horizontal","12":"ast-product-tabs-layout-horizontal","14":"first","15":"instock","16":"purchasable","17":"product-type-simple"},"yoast_head":"<!-- This site is optimized with the Yoast SEO plugin v27.4 - https:\/\/yoast.com\/product\/yoast-seo-wordpress\/ -->\n<title>BERA\u00ae Urbanscape Green Roll - BERA BV<\/title>\n<meta name=\"robots\" content=\"index, follow, max-snippet:-1, max-image-preview:large, max-video-preview:-1\" \/>\n<link rel=\"canonical\" href=\"https:\/\/www.bera-bv.com\/de\/product\/bera-urbanscape-green-roll\/\" \/>\n<meta property=\"og:locale\" content=\"de_DE\" \/>\n<meta property=\"og:type\" content=\"article\" \/>\n<meta property=\"og:title\" content=\"BERA\u00ae Urbanscape Green Roll - BERA BV\" \/>\n<meta property=\"og:description\" content=\"Urbanscape Green Roll wird aus 100 % nat\u00fcrlichen Gesteinsfasern hergestellt und unter dem Rasen oder in Pflanzgef\u00e4\u00dfen eingesetzt. Wasser und N\u00e4hrstoffe werden in der Urbanscape Green Roll gespeichert und stehen dem Rasen oder der Bepflanzung jederzeit direkt zur Verf\u00fcgung. Green Rolls verbessern die Bodenqualit\u00e4t und helfen Pflanzen, unter schwierigen Bedingungen zu \u00fcberleben. Durch die Speicherung in der offenen Struktur kann das Wasser weder verdunsten noch im Boden versickern.   \u00dcbersch\u00fcssiges Wasser versickert wie gewohnt im Grundwasser. BERA\u00ae Urbanscape Green Roll spart Zeit und Kosten f\u00fcr Pflege und Bew\u00e4sserung. Durch die Speicherung von Wasser und N\u00e4hrstoffen sind Einsparungen von bis zu 50 % m\u00f6glich.  Weitere Informationen erhalten Sie hier\" \/>\n<meta property=\"og:url\" content=\"https:\/\/www.bera-bv.com\/de\/product\/bera-urbanscape-green-roll\/\" \/>\n<meta property=\"og:site_name\" content=\"BERA BV\" \/>\n<meta property=\"og:image\" content=\"https:\/\/www.bera-bv.com\/wp-content\/uploads\/2025\/12\/Urbanscape_Rasenmatte.png\" \/>\n\t<meta property=\"og:image:width\" content=\"800\" \/>\n\t<meta property=\"og:image:height\" content=\"530\" \/>\n\t<meta property=\"og:image:type\" content=\"image\/png\" \/>\n<meta name=\"twitter:card\" content=\"summary_large_image\" \/>\n<meta name=\"twitter:label1\" content=\"Gesch\u00e4tzte Lesezeit\" \/>\n\t<meta name=\"twitter:data1\" content=\"1\u00a0Minute\" \/>\n<script type=\"application\/ld+json\" class=\"yoast-schema-graph\">{\"@context\":\"https:\\\/\\\/schema.org\",\"@graph\":[{\"@type\":\"WebPage\",\"@id\":\"https:\\\/\\\/www.bera-bv.com\\\/de\\\/product\\\/bera-urbanscape-green-roll\\\/\",\"url\":\"https:\\\/\\\/www.bera-bv.com\\\/de\\\/product\\\/bera-urbanscape-green-roll\\\/\",\"name\":\"BERA\u00ae Urbanscape Green Roll - BERA BV\",\"isPartOf\":{\"@id\":\"https:\\\/\\\/www.bera-bv.com\\\/de\\\/#website\"},\"primaryImageOfPage\":{\"@id\":\"https:\\\/\\\/www.bera-bv.com\\\/de\\\/product\\\/bera-urbanscape-green-roll\\\/#primaryimage\"},\"image\":{\"@id\":\"https:\\\/\\\/www.bera-bv.com\\\/de\\\/product\\\/bera-urbanscape-green-roll\\\/#primaryimage\"},\"thumbnailUrl\":\"https:\\\/\\\/www.bera-bv.com\\\/wp-content\\\/uploads\\\/2025\\\/12\\\/Urbanscape_Rasenmatte.png\",\"datePublished\":\"2026-02-25T14:07:03+00:00\",\"breadcrumb\":{\"@id\":\"https:\\\/\\\/www.bera-bv.com\\\/de\\\/product\\\/bera-urbanscape-green-roll\\\/#breadcrumb\"},\"inLanguage\":\"de\",\"potentialAction\":[{\"@type\":\"ReadAction\",\"target\":[\"https:\\\/\\\/www.bera-bv.com\\\/de\\\/product\\\/bera-urbanscape-green-roll\\\/\"]}]},{\"@type\":\"ImageObject\",\"inLanguage\":\"de\",\"@id\":\"https:\\\/\\\/www.bera-bv.com\\\/de\\\/product\\\/bera-urbanscape-green-roll\\\/#primaryimage\",\"url\":\"https:\\\/\\\/www.bera-bv.com\\\/wp-content\\\/uploads\\\/2025\\\/12\\\/Urbanscape_Rasenmatte.png\",\"contentUrl\":\"https:\\\/\\\/www.bera-bv.com\\\/wp-content\\\/uploads\\\/2025\\\/12\\\/Urbanscape_Rasenmatte.png\",\"width\":800,\"height\":530},{\"@type\":\"BreadcrumbList\",\"@id\":\"https:\\\/\\\/www.bera-bv.com\\\/de\\\/product\\\/bera-urbanscape-green-roll\\\/#breadcrumb\",\"itemListElement\":[{\"@type\":\"ListItem\",\"position\":1,\"name\":\"Home\",\"item\":\"https:\\\/\\\/www.bera-bv.com\\\/de\\\/\"},{\"@type\":\"ListItem\",\"position\":2,\"name\":\"Shop\",\"item\":\"https:\\\/\\\/www.bera-bv.com\\\/de\\\/shop\\\/\"},{\"@type\":\"ListItem\",\"position\":3,\"name\":\"BERA\u00ae Urbanscape Green Roll\"}]},{\"@type\":\"WebSite\",\"@id\":\"https:\\\/\\\/www.bera-bv.com\\\/de\\\/#website\",\"url\":\"https:\\\/\\\/www.bera-bv.com\\\/de\\\/\",\"name\":\"BERA BV\",\"description\":\"Creatief en duurzaam landschapsontwerp\",\"publisher\":{\"@id\":\"https:\\\/\\\/www.bera-bv.com\\\/de\\\/#organization\"},\"potentialAction\":[{\"@type\":\"SearchAction\",\"target\":{\"@type\":\"EntryPoint\",\"urlTemplate\":\"https:\\\/\\\/www.bera-bv.com\\\/de\\\/?s={search_term_string}\"},\"query-input\":{\"@type\":\"PropertyValueSpecification\",\"valueRequired\":true,\"valueName\":\"search_term_string\"}}],\"inLanguage\":\"de\"},{\"@type\":\"Organization\",\"@id\":\"https:\\\/\\\/www.bera-bv.com\\\/de\\\/#organization\",\"name\":\"BERA BV\",\"url\":\"https:\\\/\\\/www.bera-bv.com\\\/de\\\/\",\"logo\":{\"@type\":\"ImageObject\",\"inLanguage\":\"de\",\"@id\":\"https:\\\/\\\/www.bera-bv.com\\\/de\\\/#\\\/schema\\\/logo\\\/image\\\/\",\"url\":\"https:\\\/\\\/www.bera-bv.com\\\/wp-content\\\/uploads\\\/2025\\\/12\\\/BERA-logo_light.svg\",\"contentUrl\":\"https:\\\/\\\/www.bera-bv.com\\\/wp-content\\\/uploads\\\/2025\\\/12\\\/BERA-logo_light.svg\",\"caption\":\"BERA BV\"},\"image\":{\"@id\":\"https:\\\/\\\/www.bera-bv.com\\\/de\\\/#\\\/schema\\\/logo\\\/image\\\/\"}}]}<\/script>\n<!-- \/ Yoast SEO plugin. -->","yoast_head_json":{"title":"BERA\u00ae Urbanscape Green Roll - BERA BV","robots":{"index":"index","follow":"follow","max-snippet":"max-snippet:-1","max-image-preview":"max-image-preview:large","max-video-preview":"max-video-preview:-1"},"canonical":"https:\/\/www.bera-bv.com\/de\/product\/bera-urbanscape-green-roll\/","og_locale":"de_DE","og_type":"article","og_title":"BERA\u00ae Urbanscape Green Roll - BERA BV","og_description":"Urbanscape Green Roll wird aus 100 % nat\u00fcrlichen Gesteinsfasern hergestellt und unter dem Rasen oder in Pflanzgef\u00e4\u00dfen eingesetzt. Wasser und N\u00e4hrstoffe werden in der Urbanscape Green Roll gespeichert und stehen dem Rasen oder der Bepflanzung jederzeit direkt zur Verf\u00fcgung. Green Rolls verbessern die Bodenqualit\u00e4t und helfen Pflanzen, unter schwierigen Bedingungen zu \u00fcberleben. Durch die Speicherung in der offenen Struktur kann das Wasser weder verdunsten noch im Boden versickern.   \u00dcbersch\u00fcssiges Wasser versickert wie gewohnt im Grundwasser. BERA\u00ae Urbanscape Green Roll spart Zeit und Kosten f\u00fcr Pflege und Bew\u00e4sserung. Durch die Speicherung von Wasser und N\u00e4hrstoffen sind Einsparungen von bis zu 50 % m\u00f6glich.  Weitere Informationen erhalten Sie hier","og_url":"https:\/\/www.bera-bv.com\/de\/product\/bera-urbanscape-green-roll\/","og_site_name":"BERA BV","og_image":[{"width":800,"height":530,"url":"https:\/\/www.bera-bv.com\/wp-content\/uploads\/2025\/12\/Urbanscape_Rasenmatte.png","type":"image\/png"}],"twitter_card":"summary_large_image","twitter_misc":{"Gesch\u00e4tzte Lesezeit":"1\u00a0Minute"},"schema":{"@context":"https:\/\/schema.org","@graph":[{"@type":"WebPage","@id":"https:\/\/www.bera-bv.com\/de\/product\/bera-urbanscape-green-roll\/","url":"https:\/\/www.bera-bv.com\/de\/product\/bera-urbanscape-green-roll\/","name":"BERA\u00ae Urbanscape Green Roll - BERA BV","isPartOf":{"@id":"https:\/\/www.bera-bv.com\/de\/#website"},"primaryImageOfPage":{"@id":"https:\/\/www.bera-bv.com\/de\/product\/bera-urbanscape-green-roll\/#primaryimage"},"image":{"@id":"https:\/\/www.bera-bv.com\/de\/product\/bera-urbanscape-green-roll\/#primaryimage"},"thumbnailUrl":"https:\/\/www.bera-bv.com\/wp-content\/uploads\/2025\/12\/Urbanscape_Rasenmatte.png","datePublished":"2026-02-25T14:07:03+00:00","breadcrumb":{"@id":"https:\/\/www.bera-bv.com\/de\/product\/bera-urbanscape-green-roll\/#breadcrumb"},"inLanguage":"de","potentialAction":[{"@type":"ReadAction","target":["https:\/\/www.bera-bv.com\/de\/product\/bera-urbanscape-green-roll\/"]}]},{"@type":"ImageObject","inLanguage":"de","@id":"https:\/\/www.bera-bv.com\/de\/product\/bera-urbanscape-green-roll\/#primaryimage","url":"https:\/\/www.bera-bv.com\/wp-content\/uploads\/2025\/12\/Urbanscape_Rasenmatte.png","contentUrl":"https:\/\/www.bera-bv.com\/wp-content\/uploads\/2025\/12\/Urbanscape_Rasenmatte.png","width":800,"height":530},{"@type":"BreadcrumbList","@id":"https:\/\/www.bera-bv.com\/de\/product\/bera-urbanscape-green-roll\/#breadcrumb","itemListElement":[{"@type":"ListItem","position":1,"name":"Home","item":"https:\/\/www.bera-bv.com\/de\/"},{"@type":"ListItem","position":2,"name":"Shop","item":"https:\/\/www.bera-bv.com\/de\/shop\/"},{"@type":"ListItem","position":3,"name":"BERA\u00ae Urbanscape Green Roll"}]},{"@type":"WebSite","@id":"https:\/\/www.bera-bv.com\/de\/#website","url":"https:\/\/www.bera-bv.com\/de\/","name":"BERA BV","description":"Creatief en duurzaam landschapsontwerp","publisher":{"@id":"https:\/\/www.bera-bv.com\/de\/#organization"},"potentialAction":[{"@type":"SearchAction","target":{"@type":"EntryPoint","urlTemplate":"https:\/\/www.bera-bv.com\/de\/?s={search_term_string}"},"query-input":{"@type":"PropertyValueSpecification","valueRequired":true,"valueName":"search_term_string"}}],"inLanguage":"de"},{"@type":"Organization","@id":"https:\/\/www.bera-bv.com\/de\/#organization","name":"BERA BV","url":"https:\/\/www.bera-bv.com\/de\/","logo":{"@type":"ImageObject","inLanguage":"de","@id":"https:\/\/www.bera-bv.com\/de\/#\/schema\/logo\/image\/","url":"https:\/\/www.bera-bv.com\/wp-content\/uploads\/2025\/12\/BERA-logo_light.svg","contentUrl":"https:\/\/www.bera-bv.com\/wp-content\/uploads\/2025\/12\/BERA-logo_light.svg","caption":"BERA BV"},"image":{"@id":"https:\/\/www.bera-bv.com\/de\/#\/schema\/logo\/image\/"}}]}},"_links":{"self":[{"href":"https:\/\/www.bera-bv.com\/de\/wp-json\/wp\/v2\/product\/12867","targetHints":{"allow":["GET"]}}],"collection":[{"href":"https:\/\/www.bera-bv.com\/de\/wp-json\/wp\/v2\/product"}],"about":[{"href":"https:\/\/www.bera-bv.com\/de\/wp-json\/wp\/v2\/types\/product"}],"wp:featuredmedia":[{"embeddable":true,"href":"https:\/\/www.bera-bv.com\/de\/wp-json\/wp\/v2\/media\/12868"}],"wp:attachment":[{"href":"https:\/\/www.bera-bv.com\/de\/wp-json\/wp\/v2\/media?parent=12867"}],"wp:term":[{"taxonomy":"product_brand","embeddable":true,"href":"https:\/\/www.bera-bv.com\/de\/wp-json\/wp\/v2\/product_brand?post=12867"},{"taxonomy":"product_cat","embeddable":true,"href":"https:\/\/www.bera-bv.com\/de\/wp-json\/wp\/v2\/product_cat?post=12867"},{"taxonomy":"product_tag","embeddable":true,"href":"https:\/\/www.bera-bv.com\/de\/wp-json\/wp\/v2\/product_tag?post=12867"}],"curies":[{"name":"wp","href":"https:\/\/api.w.org\/{rel}","templated":true}]}}