{"id":12837,"date":"2025-12-22T12:35:51","date_gmt":"2025-12-22T11:35:51","guid":{"rendered":"http:\/\/bera-bv.com\/product\/kiesstabilisierungsplatte-gravel-fix-pro-ca-80x120-cm\/"},"modified":"2026-04-20T16:03:07","modified_gmt":"2026-04-20T14:03:07","slug":"kiesstabilisierungsplatte-gravel-fix-pro-ca-80x120-cm","status":"publish","type":"product","link":"https:\/\/www.bera-bv.com\/de\/product\/kiesstabilisierungsplatte-gravel-fix-pro-ca-80x120-cm\/","title":{"rendered":"Kiesstabilisierungsplatte Gravel Fix Pro (ca. 80&#215;120 cm)"},"content":{"rendered":"<p><strong>Anwendung<\/strong><\/p>\n<ul>\n<li>Gartenweg<\/li>\n<li>Terrasse<\/li>\n<li>Terrasse<\/li>\n<li>Parkplatz<\/li>\n<li>Ein- und Auffahrt<\/li>\n<\/ul>\n<p><strong>Produktdetails<\/strong><\/p>\n<ul>\n<li>Farben: Grau oder Wei\u00df<\/li>\n<li>Format: 764 x 1176 x 32 mm (0,9 m\u00b2 pro St\u00fcck)<\/li>\n<li>Fl\u00e4che 0,9 m\u00b2 pro Platte<\/li>\n<li>Inkl. Unkrautvlies Typar 68 g\/m\u00b2 an der Unterseite <\/li>\n<li>Kies-\/Splittmenge ca. 50 Liter oder 75 kg pro m\u00b2<\/li>\n<li>Kies- oder Splittk\u00f6rnung zwischen 3 und 16 mm<\/li>\n<li>Material Polypropylen, 100 % recycelbar<\/li>\n<li>UV- und frostbest\u00e4ndig<\/li>\n<\/ul>\n","protected":false},"excerpt":{"rendered":"<p><strong>Artikelbeschreibung<\/strong><br \/>\nGravel Fix Pro ist eine praktische L\u00f6sung als Kiesstabilisierungsplatte (auch Splittplatte oder Kiesmatte genannt), um Kies und Splitt zu stabilisieren. Die Oberfl\u00e4che wird dadurch fest, stabil und f\u00fcr jeden begehbar, selbst mit hohen Abs\u00e4tzen! <\/p>\n<p>Zudem wird die Kiesfl\u00e4che sicher und leicht befahrbar mit dem Fahrrad, Roller oder Motorrad, aber auch mit Rollst\u00fchlen und Kinderwagen. Auch Stabilit\u00e4t f\u00fcr den Grillplatz, Leitern und Ihre Gartenst\u00fchle \u2013 sie sinken nicht mehr ein. <\/p>\n<p>Dasselbe Produkt kann auch f\u00fcr Ihren Parkplatz oder Ihre Einfahrt verwendet werden. Keine Reifenspuren mehr, der Kies verschiebt sich nicht zu den Seiten und die Oberfl\u00e4che bleibt sch\u00f6n und trocken, selbst bei Starkregen, dank des patentierten Unkrautvlieses an der Unterseite. Regenwasser wird zu 100 % ins Grundwasser geleitet.  <\/p>\n<p>Weitere Informationen finden Sie <a href=\"https:\/\/www.bera-bv.nl\/grindstabilisatie\/bera-gravel-fix-pro\/\" target=\"_blank\" rel=\"noopener noreferrer\">hier<\/a>.<\/p>\n<p>F\u00fcr kleinere Fl\u00e4chen, schmale Pfade oder Streifen entlang Ihrer Fassade empfehlen wir das handliche Format <a href=\"https:\/\/www.bera-bv.nl\/webshop\/produkt\/gravel-fix-smart-grindplaat\/\">Gravel Fix Smart<\/a>.<\/p>\n[embed]http:\/\/www.youtube.com\/watch?v=rA3uWjPSwos[\/embed]\n<div class=\"https:\/\/www.youtube.com\/watch?v=rA3uWjPSwos\"><\/div>\n","protected":false},"featured_media":12847,"template":"","meta":{"site-sidebar-layout":"default","site-content-layout":"","ast-site-content-layout":"default","site-content-style":"default","site-sidebar-style":"default","ast-global-header-display":"","ast-banner-title-visibility":"","ast-main-header-display":"","ast-hfb-above-header-display":"","ast-hfb-below-header-display":"","ast-hfb-mobile-header-display":"","site-post-title":"","ast-breadcrumbs-content":"","ast-featured-img":"","footer-sml-layout":"","ast-disable-related-posts":"","theme-transparent-header-meta":"default","adv-header-id-meta":"","stick-header-meta":"default","header-above-stick-meta":"","header-main-stick-meta":"","header-below-stick-meta":"","astra-migrate-meta-layouts":"default","ast-page-background-enabled":"default","ast-page-background-meta":{"desktop":{"background-color":"var(--ast-global-color-4)","background-image":"","background-repeat":"repeat","background-position":"center center","background-size":"auto","background-attachment":"scroll","background-type":"","background-media":"","overlay-type":"","overlay-color":"","overlay-opacity":"","overlay-gradient":""},"tablet":{"background-color":"","background-image":"","background-repeat":"repeat","background-position":"center center","background-size":"auto","background-attachment":"scroll","background-type":"","background-media":"","overlay-type":"","overlay-color":"","overlay-opacity":"","overlay-gradient":""},"mobile":{"background-color":"","background-image":"","background-repeat":"repeat","background-position":"center center","background-size":"auto","background-attachment":"scroll","background-type":"","background-media":"","overlay-type":"","overlay-color":"","overlay-opacity":"","overlay-gradient":""}},"ast-content-background-meta":{"desktop":{"background-color":"var(--ast-global-color-5)","background-image":"","background-repeat":"repeat","background-position":"center center","background-size":"auto","background-attachment":"scroll","background-type":"","background-media":"","overlay-type":"","overlay-color":"","overlay-opacity":"","overlay-gradient":""},"tablet":{"background-color":"var(--ast-global-color-5)","background-image":"","background-repeat":"repeat","background-position":"center center","background-size":"auto","background-attachment":"scroll","background-type":"","background-media":"","overlay-type":"","overlay-color":"","overlay-opacity":"","overlay-gradient":""},"mobile":{"background-color":"var(--ast-global-color-5)","background-image":"","background-repeat":"repeat","background-position":"center center","background-size":"auto","background-attachment":"scroll","background-type":"","background-media":"","overlay-type":"","overlay-color":"","overlay-opacity":"","overlay-gradient":""}}},"product_brand":[],"product_cat":[288],"product_tag":[],"class_list":{"0":"post-12837","1":"product","2":"type-product","3":"status-publish","4":"has-post-thumbnail","6":"product_cat-kiesstabilisierung","7":"product_shipping_class-threshold-30","8":"pa_frostproof-ja","9":"pa_kleur-grau","10":"pa_kleur-weis","11":"pa_materiaal-100-reines-polypropylen-vollstandig-recycelbar","12":"pa_uv-bestendig-ja","13":"desktop-align-left","14":"tablet-align-left","15":"mobile-align-left","16":"ast-product-gallery-layout-horizontal","17":"ast-product-single-variable","18":"ast-product-tabs-layout-horizontal","20":"first","21":"instock","22":"purchasable","23":"product-type-variable"},"yoast_head":"<!-- This site is optimized with the Yoast SEO plugin v27.4 - https:\/\/yoast.com\/product\/yoast-seo-wordpress\/ -->\n<title>Kiesstabilisierungsplatte Gravel Fix Pro (ca. 80x120 cm) - BERA BV<\/title>\n<meta name=\"robots\" content=\"index, follow, max-snippet:-1, max-image-preview:large, max-video-preview:-1\" \/>\n<link rel=\"canonical\" href=\"https:\/\/www.bera-bv.com\/de\/product\/kiesstabilisierungsplatte-gravel-fix-pro-ca-80x120-cm\/\" \/>\n<meta property=\"og:locale\" content=\"de_DE\" \/>\n<meta property=\"og:type\" content=\"article\" \/>\n<meta property=\"og:title\" content=\"Kiesstabilisierungsplatte Gravel Fix Pro (ca. 80x120 cm) - BERA BV\" \/>\n<meta property=\"og:description\" content=\"Artikelbeschreibung Gravel Fix Pro ist eine praktische L\u00f6sung als Kiesstabilisierungsplatte (auch Splittplatte oder Kiesmatte genannt), um Kies und Splitt zu stabilisieren. Die Oberfl\u00e4che wird dadurch fest, stabil und f\u00fcr jeden begehbar, selbst mit hohen Abs\u00e4tzen!  Zudem wird die Kiesfl\u00e4che sicher und leicht befahrbar mit dem Fahrrad, Roller oder Motorrad, aber auch mit Rollst\u00fchlen und Kinderwagen. Auch Stabilit\u00e4t f\u00fcr den Grillplatz, Leitern und Ihre Gartenst\u00fchle \u2013 sie sinken nicht mehr ein.  Dasselbe Produkt kann auch f\u00fcr Ihren Parkplatz oder Ihre Einfahrt verwendet werden. Keine Reifenspuren mehr, der Kies verschiebt sich nicht zu den Seiten und die Oberfl\u00e4che bleibt sch\u00f6n und trocken, selbst bei Starkregen, dank des patentierten Unkrautvlieses an der Unterseite. Regenwasser wird zu 100 % ins Grundwasser geleitet.  Weitere Informationen finden Sie hier. F\u00fcr kleinere Fl\u00e4chen, schmale Pfade oder Streifen entlang Ihrer Fassade empfehlen wir das handliche Format Gravel Fix Smart.\" \/>\n<meta property=\"og:url\" content=\"https:\/\/www.bera-bv.com\/de\/product\/kiesstabilisierungsplatte-gravel-fix-pro-ca-80x120-cm\/\" \/>\n<meta property=\"og:site_name\" content=\"BERA BV\" \/>\n<meta property=\"article:modified_time\" content=\"2026-04-20T14:03:07+00:00\" \/>\n<meta property=\"og:image\" content=\"https:\/\/www.bera-bv.com\/wp-content\/uploads\/2025\/12\/pro-3-in-1-stack.png\" \/>\n\t<meta property=\"og:image:width\" content=\"1500\" \/>\n\t<meta property=\"og:image:height\" content=\"1152\" \/>\n\t<meta property=\"og:image:type\" content=\"image\/png\" \/>\n<meta name=\"twitter:card\" content=\"summary_large_image\" \/>\n<script type=\"application\/ld+json\" class=\"yoast-schema-graph\">{\"@context\":\"https:\\\/\\\/schema.org\",\"@graph\":[{\"@type\":\"WebPage\",\"@id\":\"https:\\\/\\\/www.bera-bv.com\\\/de\\\/product\\\/kiesstabilisierungsplatte-gravel-fix-pro-ca-80x120-cm\\\/\",\"url\":\"https:\\\/\\\/www.bera-bv.com\\\/de\\\/product\\\/kiesstabilisierungsplatte-gravel-fix-pro-ca-80x120-cm\\\/\",\"name\":\"Kiesstabilisierungsplatte Gravel Fix Pro (ca. 80x120 cm) - BERA BV\",\"isPartOf\":{\"@id\":\"https:\\\/\\\/www.bera-bv.com\\\/de\\\/#website\"},\"primaryImageOfPage\":{\"@id\":\"https:\\\/\\\/www.bera-bv.com\\\/de\\\/product\\\/kiesstabilisierungsplatte-gravel-fix-pro-ca-80x120-cm\\\/#primaryimage\"},\"image\":{\"@id\":\"https:\\\/\\\/www.bera-bv.com\\\/de\\\/product\\\/kiesstabilisierungsplatte-gravel-fix-pro-ca-80x120-cm\\\/#primaryimage\"},\"thumbnailUrl\":\"https:\\\/\\\/www.bera-bv.com\\\/wp-content\\\/uploads\\\/2025\\\/12\\\/pro-3-in-1-stack.png\",\"datePublished\":\"2025-12-22T11:35:51+00:00\",\"dateModified\":\"2026-04-20T14:03:07+00:00\",\"breadcrumb\":{\"@id\":\"https:\\\/\\\/www.bera-bv.com\\\/de\\\/product\\\/kiesstabilisierungsplatte-gravel-fix-pro-ca-80x120-cm\\\/#breadcrumb\"},\"inLanguage\":\"de\",\"potentialAction\":[{\"@type\":\"ReadAction\",\"target\":[\"https:\\\/\\\/www.bera-bv.com\\\/de\\\/product\\\/kiesstabilisierungsplatte-gravel-fix-pro-ca-80x120-cm\\\/\"]}]},{\"@type\":\"ImageObject\",\"inLanguage\":\"de\",\"@id\":\"https:\\\/\\\/www.bera-bv.com\\\/de\\\/product\\\/kiesstabilisierungsplatte-gravel-fix-pro-ca-80x120-cm\\\/#primaryimage\",\"url\":\"https:\\\/\\\/www.bera-bv.com\\\/wp-content\\\/uploads\\\/2025\\\/12\\\/pro-3-in-1-stack.png\",\"contentUrl\":\"https:\\\/\\\/www.bera-bv.com\\\/wp-content\\\/uploads\\\/2025\\\/12\\\/pro-3-in-1-stack.png\",\"width\":1500,\"height\":1152},{\"@type\":\"BreadcrumbList\",\"@id\":\"https:\\\/\\\/www.bera-bv.com\\\/de\\\/product\\\/kiesstabilisierungsplatte-gravel-fix-pro-ca-80x120-cm\\\/#breadcrumb\",\"itemListElement\":[{\"@type\":\"ListItem\",\"position\":1,\"name\":\"Home\",\"item\":\"https:\\\/\\\/www.bera-bv.com\\\/de\\\/\"},{\"@type\":\"ListItem\",\"position\":2,\"name\":\"Shop\",\"item\":\"https:\\\/\\\/www.bera-bv.com\\\/de\\\/shop\\\/\"},{\"@type\":\"ListItem\",\"position\":3,\"name\":\"Kiesstabilisierungsplatte Gravel Fix Pro (ca. 80&#215;120 cm)\"}]},{\"@type\":\"WebSite\",\"@id\":\"https:\\\/\\\/www.bera-bv.com\\\/de\\\/#website\",\"url\":\"https:\\\/\\\/www.bera-bv.com\\\/de\\\/\",\"name\":\"BERA BV\",\"description\":\"Creatief en duurzaam landschapsontwerp\",\"publisher\":{\"@id\":\"https:\\\/\\\/www.bera-bv.com\\\/de\\\/#organization\"},\"potentialAction\":[{\"@type\":\"SearchAction\",\"target\":{\"@type\":\"EntryPoint\",\"urlTemplate\":\"https:\\\/\\\/www.bera-bv.com\\\/de\\\/?s={search_term_string}\"},\"query-input\":{\"@type\":\"PropertyValueSpecification\",\"valueRequired\":true,\"valueName\":\"search_term_string\"}}],\"inLanguage\":\"de\"},{\"@type\":\"Organization\",\"@id\":\"https:\\\/\\\/www.bera-bv.com\\\/de\\\/#organization\",\"name\":\"BERA BV\",\"url\":\"https:\\\/\\\/www.bera-bv.com\\\/de\\\/\",\"logo\":{\"@type\":\"ImageObject\",\"inLanguage\":\"de\",\"@id\":\"https:\\\/\\\/www.bera-bv.com\\\/de\\\/#\\\/schema\\\/logo\\\/image\\\/\",\"url\":\"https:\\\/\\\/www.bera-bv.com\\\/wp-content\\\/uploads\\\/2025\\\/12\\\/BERA-logo_light.svg\",\"contentUrl\":\"https:\\\/\\\/www.bera-bv.com\\\/wp-content\\\/uploads\\\/2025\\\/12\\\/BERA-logo_light.svg\",\"caption\":\"BERA BV\"},\"image\":{\"@id\":\"https:\\\/\\\/www.bera-bv.com\\\/de\\\/#\\\/schema\\\/logo\\\/image\\\/\"}}]}<\/script>\n<!-- \/ Yoast SEO plugin. -->","yoast_head_json":{"title":"Kiesstabilisierungsplatte Gravel Fix Pro (ca. 80x120 cm) - BERA BV","robots":{"index":"index","follow":"follow","max-snippet":"max-snippet:-1","max-image-preview":"max-image-preview:large","max-video-preview":"max-video-preview:-1"},"canonical":"https:\/\/www.bera-bv.com\/de\/product\/kiesstabilisierungsplatte-gravel-fix-pro-ca-80x120-cm\/","og_locale":"de_DE","og_type":"article","og_title":"Kiesstabilisierungsplatte Gravel Fix Pro (ca. 80x120 cm) - BERA BV","og_description":"Artikelbeschreibung Gravel Fix Pro ist eine praktische L\u00f6sung als Kiesstabilisierungsplatte (auch Splittplatte oder Kiesmatte genannt), um Kies und Splitt zu stabilisieren. Die Oberfl\u00e4che wird dadurch fest, stabil und f\u00fcr jeden begehbar, selbst mit hohen Abs\u00e4tzen!  Zudem wird die Kiesfl\u00e4che sicher und leicht befahrbar mit dem Fahrrad, Roller oder Motorrad, aber auch mit Rollst\u00fchlen und Kinderwagen. Auch Stabilit\u00e4t f\u00fcr den Grillplatz, Leitern und Ihre Gartenst\u00fchle \u2013 sie sinken nicht mehr ein.  Dasselbe Produkt kann auch f\u00fcr Ihren Parkplatz oder Ihre Einfahrt verwendet werden. Keine Reifenspuren mehr, der Kies verschiebt sich nicht zu den Seiten und die Oberfl\u00e4che bleibt sch\u00f6n und trocken, selbst bei Starkregen, dank des patentierten Unkrautvlieses an der Unterseite. Regenwasser wird zu 100 % ins Grundwasser geleitet.  Weitere Informationen finden Sie hier. F\u00fcr kleinere Fl\u00e4chen, schmale Pfade oder Streifen entlang Ihrer Fassade empfehlen wir das handliche Format Gravel Fix Smart.","og_url":"https:\/\/www.bera-bv.com\/de\/product\/kiesstabilisierungsplatte-gravel-fix-pro-ca-80x120-cm\/","og_site_name":"BERA BV","article_modified_time":"2026-04-20T14:03:07+00:00","og_image":[{"width":1500,"height":1152,"url":"https:\/\/www.bera-bv.com\/wp-content\/uploads\/2025\/12\/pro-3-in-1-stack.png","type":"image\/png"}],"twitter_card":"summary_large_image","schema":{"@context":"https:\/\/schema.org","@graph":[{"@type":"WebPage","@id":"https:\/\/www.bera-bv.com\/de\/product\/kiesstabilisierungsplatte-gravel-fix-pro-ca-80x120-cm\/","url":"https:\/\/www.bera-bv.com\/de\/product\/kiesstabilisierungsplatte-gravel-fix-pro-ca-80x120-cm\/","name":"Kiesstabilisierungsplatte Gravel Fix Pro (ca. 80x120 cm) - BERA BV","isPartOf":{"@id":"https:\/\/www.bera-bv.com\/de\/#website"},"primaryImageOfPage":{"@id":"https:\/\/www.bera-bv.com\/de\/product\/kiesstabilisierungsplatte-gravel-fix-pro-ca-80x120-cm\/#primaryimage"},"image":{"@id":"https:\/\/www.bera-bv.com\/de\/product\/kiesstabilisierungsplatte-gravel-fix-pro-ca-80x120-cm\/#primaryimage"},"thumbnailUrl":"https:\/\/www.bera-bv.com\/wp-content\/uploads\/2025\/12\/pro-3-in-1-stack.png","datePublished":"2025-12-22T11:35:51+00:00","dateModified":"2026-04-20T14:03:07+00:00","breadcrumb":{"@id":"https:\/\/www.bera-bv.com\/de\/product\/kiesstabilisierungsplatte-gravel-fix-pro-ca-80x120-cm\/#breadcrumb"},"inLanguage":"de","potentialAction":[{"@type":"ReadAction","target":["https:\/\/www.bera-bv.com\/de\/product\/kiesstabilisierungsplatte-gravel-fix-pro-ca-80x120-cm\/"]}]},{"@type":"ImageObject","inLanguage":"de","@id":"https:\/\/www.bera-bv.com\/de\/product\/kiesstabilisierungsplatte-gravel-fix-pro-ca-80x120-cm\/#primaryimage","url":"https:\/\/www.bera-bv.com\/wp-content\/uploads\/2025\/12\/pro-3-in-1-stack.png","contentUrl":"https:\/\/www.bera-bv.com\/wp-content\/uploads\/2025\/12\/pro-3-in-1-stack.png","width":1500,"height":1152},{"@type":"BreadcrumbList","@id":"https:\/\/www.bera-bv.com\/de\/product\/kiesstabilisierungsplatte-gravel-fix-pro-ca-80x120-cm\/#breadcrumb","itemListElement":[{"@type":"ListItem","position":1,"name":"Home","item":"https:\/\/www.bera-bv.com\/de\/"},{"@type":"ListItem","position":2,"name":"Shop","item":"https:\/\/www.bera-bv.com\/de\/shop\/"},{"@type":"ListItem","position":3,"name":"Kiesstabilisierungsplatte Gravel Fix Pro (ca. 80&#215;120 cm)"}]},{"@type":"WebSite","@id":"https:\/\/www.bera-bv.com\/de\/#website","url":"https:\/\/www.bera-bv.com\/de\/","name":"BERA BV","description":"Creatief en duurzaam landschapsontwerp","publisher":{"@id":"https:\/\/www.bera-bv.com\/de\/#organization"},"potentialAction":[{"@type":"SearchAction","target":{"@type":"EntryPoint","urlTemplate":"https:\/\/www.bera-bv.com\/de\/?s={search_term_string}"},"query-input":{"@type":"PropertyValueSpecification","valueRequired":true,"valueName":"search_term_string"}}],"inLanguage":"de"},{"@type":"Organization","@id":"https:\/\/www.bera-bv.com\/de\/#organization","name":"BERA BV","url":"https:\/\/www.bera-bv.com\/de\/","logo":{"@type":"ImageObject","inLanguage":"de","@id":"https:\/\/www.bera-bv.com\/de\/#\/schema\/logo\/image\/","url":"https:\/\/www.bera-bv.com\/wp-content\/uploads\/2025\/12\/BERA-logo_light.svg","contentUrl":"https:\/\/www.bera-bv.com\/wp-content\/uploads\/2025\/12\/BERA-logo_light.svg","caption":"BERA BV"},"image":{"@id":"https:\/\/www.bera-bv.com\/de\/#\/schema\/logo\/image\/"}}]}},"_links":{"self":[{"href":"https:\/\/www.bera-bv.com\/de\/wp-json\/wp\/v2\/product\/12837","targetHints":{"allow":["GET"]}}],"collection":[{"href":"https:\/\/www.bera-bv.com\/de\/wp-json\/wp\/v2\/product"}],"about":[{"href":"https:\/\/www.bera-bv.com\/de\/wp-json\/wp\/v2\/types\/product"}],"wp:featuredmedia":[{"embeddable":true,"href":"https:\/\/www.bera-bv.com\/de\/wp-json\/wp\/v2\/media\/12847"}],"wp:attachment":[{"href":"https:\/\/www.bera-bv.com\/de\/wp-json\/wp\/v2\/media?parent=12837"}],"wp:term":[{"taxonomy":"product_brand","embeddable":true,"href":"https:\/\/www.bera-bv.com\/de\/wp-json\/wp\/v2\/product_brand?post=12837"},{"taxonomy":"product_cat","embeddable":true,"href":"https:\/\/www.bera-bv.com\/de\/wp-json\/wp\/v2\/product_cat?post=12837"},{"taxonomy":"product_tag","embeddable":true,"href":"https:\/\/www.bera-bv.com\/de\/wp-json\/wp\/v2\/product_tag?post=12837"}],"curies":[{"name":"wp","href":"https:\/\/api.w.org\/{rel}","templated":true}]}}