{"id":12808,"date":"2025-12-22T12:35:11","date_gmt":"2025-12-22T11:35:11","guid":{"rendered":"http:\/\/bera-bv.com\/product\/rasenkante-b-edge-smart-6-12-meter\/"},"modified":"2026-04-13T15:36:05","modified_gmt":"2026-04-13T13:36:05","slug":"rasenkante-b-edge-smart-6-12-meter","status":"publish","type":"product","link":"https:\/\/www.bera-bv.com\/de\/product\/rasenkante-b-edge-smart-6-12-meter\/","title":{"rendered":"Rasenkante B-Edge Smart (6 \/ 12 Meter)"},"content":{"rendered":"<p><strong>Anwendung<\/strong><\/p>\n<ul>\n<li>Beeteinfassung f\u00fcr Rabatten, Rasen und Gartenwege in organischen Formen<\/li>\n<\/ul>\n<p><strong>Produktdetails<\/strong><\/p>\n<ul>\n<li>Farben: Schwarz, Gr\u00fcn und Braun<\/li>\n<li>Abmessungen: L\u00e4nge 6 Meter, H\u00f6he 10 cm, Dicke Oberseite 1 cm<\/li>\n<li>Gewicht: 0,75 kg<\/li>\n<li>Material: Polyethylen, 100 % recycelbar<\/li>\n<li>UV- und frostbest\u00e4ndig<\/li>\n<\/ul>\n<p><strong>Montage<\/strong><\/p>\n<ul>\n<li>Heben Sie einen schmalen Graben dort aus, wo die Rasenkante platziert werden soll.<\/li>\n<li>Rollen Sie die B-Edge aus. Sollte sie sich wieder aufrollen, lassen Sie sie einige Zeit mit Gewichten an den Enden in der Sonne liegen. <\/li>\n<li>Setzen Sie die B-Edge so tief in den Graben ein, dass kein Material auf die andere Seite gelangen kann. Dr\u00fccken Sie die Erde an beiden Seiten fest an. <\/li>\n<li>Mehrere Rollen k\u00f6nnen mit dem Verbindungsstift verl\u00e4ngert werden (1 St\u00fcck im Lieferumfang enthalten).<\/li>\n<\/ul>\n","protected":false},"excerpt":{"rendered":"<p><strong>Beschreibung<\/strong><br \/>\nB-Edge Rasenkanten werden vor allem f\u00fcr Rabatten, Rasenfl\u00e4chen und Gartenwege mit organischen Formen verwendet. Kindersicher durch die abgerundete Oberseite. <\/p>\n<p>Die 6 Meter langen und 10 cm hohen Rasenkanten werden auf Rolle geliefert und lassen sich flexibel in fast jede Form bringen. Bis zur runden Oberkante eingegraben, erzielen sie ein dezentes Ergebnis und behindern den Rasenm\u00e4her nicht. <\/p>\n<p>Erh\u00e4ltlich in 3 Farben: Schwarz, Gr\u00fcn und Braun \u2013 passend f\u00fcr jede Umgebung und jeden Geschmack. Eine perfekte L\u00f6sung f\u00fcr Ihren Garten, die in jedes Budget passt. <\/p>\n<p>Weitere Informationen erhalten Sie <a href=\"https:\/\/www.bera-bv.nl\/randbegrenzing\/bera-b-edge-smart\/\" target=\"_blank\" rel=\"noopener noreferrer\">hier<\/a><\/p>\n","protected":false},"featured_media":12809,"template":"","meta":{"site-sidebar-layout":"default","site-content-layout":"","ast-site-content-layout":"default","site-content-style":"default","site-sidebar-style":"default","ast-global-header-display":"","ast-banner-title-visibility":"","ast-main-header-display":"","ast-hfb-above-header-display":"","ast-hfb-below-header-display":"","ast-hfb-mobile-header-display":"","site-post-title":"","ast-breadcrumbs-content":"","ast-featured-img":"","footer-sml-layout":"","ast-disable-related-posts":"","theme-transparent-header-meta":"default","adv-header-id-meta":"","stick-header-meta":"default","header-above-stick-meta":"","header-main-stick-meta":"","header-below-stick-meta":"","astra-migrate-meta-layouts":"default","ast-page-background-enabled":"default","ast-page-background-meta":{"desktop":{"background-color":"var(--ast-global-color-4)","background-image":"","background-repeat":"repeat","background-position":"center center","background-size":"auto","background-attachment":"scroll","background-type":"","background-media":"","overlay-type":"","overlay-color":"","overlay-opacity":"","overlay-gradient":""},"tablet":{"background-color":"","background-image":"","background-repeat":"repeat","background-position":"center center","background-size":"auto","background-attachment":"scroll","background-type":"","background-media":"","overlay-type":"","overlay-color":"","overlay-opacity":"","overlay-gradient":""},"mobile":{"background-color":"","background-image":"","background-repeat":"repeat","background-position":"center center","background-size":"auto","background-attachment":"scroll","background-type":"","background-media":"","overlay-type":"","overlay-color":"","overlay-opacity":"","overlay-gradient":""}},"ast-content-background-meta":{"desktop":{"background-color":"var(--ast-global-color-5)","background-image":"","background-repeat":"repeat","background-position":"center center","background-size":"auto","background-attachment":"scroll","background-type":"","background-media":"","overlay-type":"","overlay-color":"","overlay-opacity":"","overlay-gradient":""},"tablet":{"background-color":"var(--ast-global-color-5)","background-image":"","background-repeat":"repeat","background-position":"center center","background-size":"auto","background-attachment":"scroll","background-type":"","background-media":"","overlay-type":"","overlay-color":"","overlay-opacity":"","overlay-gradient":""},"mobile":{"background-color":"var(--ast-global-color-5)","background-image":"","background-repeat":"repeat","background-position":"center center","background-size":"auto","background-attachment":"scroll","background-type":"","background-media":"","overlay-type":"","overlay-color":"","overlay-opacity":"","overlay-gradient":""}}},"product_brand":[],"product_cat":[273],"product_tag":[],"class_list":{"0":"post-12808","1":"product","2":"type-product","3":"status-publish","4":"has-post-thumbnail","6":"product_cat-randeinfassung","7":"product_shipping_class-parcel","8":"pa_frostproof-ja","9":"pa_kleur-braun","10":"pa_kleur-braun-grun-schwarz","11":"pa_kleur-grun","12":"pa_kleur-schwarz","13":"pa_lengte-12-meter","14":"pa_lengte-6-meter","15":"pa_lengte-6-meter-12-meter","16":"pa_uv-bestendig-ja","17":"desktop-align-left","18":"tablet-align-left","19":"mobile-align-left","20":"ast-product-gallery-layout-horizontal","21":"ast-product-single-variable","22":"ast-product-tabs-layout-horizontal","24":"first","25":"instock","26":"purchasable","27":"product-type-variable"},"yoast_head":"<!-- This site is optimized with the Yoast SEO plugin v27.4 - https:\/\/yoast.com\/product\/yoast-seo-wordpress\/ -->\n<title>Rasenkante B-Edge Smart (6 \/ 12 Meter) - BERA BV<\/title>\n<meta name=\"robots\" content=\"index, follow, max-snippet:-1, max-image-preview:large, max-video-preview:-1\" \/>\n<link rel=\"canonical\" href=\"https:\/\/www.bera-bv.com\/de\/product\/rasenkante-b-edge-smart-6-12-meter\/\" \/>\n<meta property=\"og:locale\" content=\"de_DE\" \/>\n<meta property=\"og:type\" content=\"article\" \/>\n<meta property=\"og:title\" content=\"Rasenkante B-Edge Smart (6 \/ 12 Meter) - BERA BV\" \/>\n<meta property=\"og:description\" content=\"Beschreibung B-Edge Rasenkanten werden vor allem f\u00fcr Rabatten, Rasenfl\u00e4chen und Gartenwege mit organischen Formen verwendet. Kindersicher durch die abgerundete Oberseite.  Die 6 Meter langen und 10 cm hohen Rasenkanten werden auf Rolle geliefert und lassen sich flexibel in fast jede Form bringen. Bis zur runden Oberkante eingegraben, erzielen sie ein dezentes Ergebnis und behindern den Rasenm\u00e4her nicht.  Erh\u00e4ltlich in 3 Farben: Schwarz, Gr\u00fcn und Braun \u2013 passend f\u00fcr jede Umgebung und jeden Geschmack. Eine perfekte L\u00f6sung f\u00fcr Ihren Garten, die in jedes Budget passt.  Weitere Informationen erhalten Sie hier\" \/>\n<meta property=\"og:url\" content=\"https:\/\/www.bera-bv.com\/de\/product\/rasenkante-b-edge-smart-6-12-meter\/\" \/>\n<meta property=\"og:site_name\" content=\"BERA BV\" \/>\n<meta property=\"article:modified_time\" content=\"2026-04-13T13:36:05+00:00\" \/>\n<meta property=\"og:image\" content=\"https:\/\/www.bera-bv.com\/wp-content\/uploads\/2025\/12\/BERA-B-Edge-Smart-black-6m.png\" \/>\n\t<meta property=\"og:image:width\" content=\"698\" \/>\n\t<meta property=\"og:image:height\" content=\"559\" \/>\n\t<meta property=\"og:image:type\" content=\"image\/png\" \/>\n<meta name=\"twitter:card\" content=\"summary_large_image\" \/>\n<meta name=\"twitter:label1\" content=\"Gesch\u00e4tzte Lesezeit\" \/>\n\t<meta name=\"twitter:data1\" content=\"1\u00a0Minute\" \/>\n<script type=\"application\/ld+json\" class=\"yoast-schema-graph\">{\"@context\":\"https:\\\/\\\/schema.org\",\"@graph\":[{\"@type\":\"WebPage\",\"@id\":\"https:\\\/\\\/www.bera-bv.com\\\/de\\\/product\\\/rasenkante-b-edge-smart-6-12-meter\\\/\",\"url\":\"https:\\\/\\\/www.bera-bv.com\\\/de\\\/product\\\/rasenkante-b-edge-smart-6-12-meter\\\/\",\"name\":\"Rasenkante B-Edge Smart (6 \\\/ 12 Meter) - BERA BV\",\"isPartOf\":{\"@id\":\"https:\\\/\\\/www.bera-bv.com\\\/de\\\/#website\"},\"primaryImageOfPage\":{\"@id\":\"https:\\\/\\\/www.bera-bv.com\\\/de\\\/product\\\/rasenkante-b-edge-smart-6-12-meter\\\/#primaryimage\"},\"image\":{\"@id\":\"https:\\\/\\\/www.bera-bv.com\\\/de\\\/product\\\/rasenkante-b-edge-smart-6-12-meter\\\/#primaryimage\"},\"thumbnailUrl\":\"https:\\\/\\\/www.bera-bv.com\\\/wp-content\\\/uploads\\\/2025\\\/12\\\/BERA-B-Edge-Smart-black-6m.png\",\"datePublished\":\"2025-12-22T11:35:11+00:00\",\"dateModified\":\"2026-04-13T13:36:05+00:00\",\"breadcrumb\":{\"@id\":\"https:\\\/\\\/www.bera-bv.com\\\/de\\\/product\\\/rasenkante-b-edge-smart-6-12-meter\\\/#breadcrumb\"},\"inLanguage\":\"de\",\"potentialAction\":[{\"@type\":\"ReadAction\",\"target\":[\"https:\\\/\\\/www.bera-bv.com\\\/de\\\/product\\\/rasenkante-b-edge-smart-6-12-meter\\\/\"]}]},{\"@type\":\"ImageObject\",\"inLanguage\":\"de\",\"@id\":\"https:\\\/\\\/www.bera-bv.com\\\/de\\\/product\\\/rasenkante-b-edge-smart-6-12-meter\\\/#primaryimage\",\"url\":\"https:\\\/\\\/www.bera-bv.com\\\/wp-content\\\/uploads\\\/2025\\\/12\\\/BERA-B-Edge-Smart-black-6m.png\",\"contentUrl\":\"https:\\\/\\\/www.bera-bv.com\\\/wp-content\\\/uploads\\\/2025\\\/12\\\/BERA-B-Edge-Smart-black-6m.png\",\"width\":698,\"height\":559},{\"@type\":\"BreadcrumbList\",\"@id\":\"https:\\\/\\\/www.bera-bv.com\\\/de\\\/product\\\/rasenkante-b-edge-smart-6-12-meter\\\/#breadcrumb\",\"itemListElement\":[{\"@type\":\"ListItem\",\"position\":1,\"name\":\"Home\",\"item\":\"https:\\\/\\\/www.bera-bv.com\\\/de\\\/\"},{\"@type\":\"ListItem\",\"position\":2,\"name\":\"Shop\",\"item\":\"https:\\\/\\\/www.bera-bv.com\\\/de\\\/shop\\\/\"},{\"@type\":\"ListItem\",\"position\":3,\"name\":\"Rasenkante B-Edge Smart (6 \\\/ 12 Meter)\"}]},{\"@type\":\"WebSite\",\"@id\":\"https:\\\/\\\/www.bera-bv.com\\\/de\\\/#website\",\"url\":\"https:\\\/\\\/www.bera-bv.com\\\/de\\\/\",\"name\":\"BERA BV\",\"description\":\"Creatief en duurzaam landschapsontwerp\",\"publisher\":{\"@id\":\"https:\\\/\\\/www.bera-bv.com\\\/de\\\/#organization\"},\"potentialAction\":[{\"@type\":\"SearchAction\",\"target\":{\"@type\":\"EntryPoint\",\"urlTemplate\":\"https:\\\/\\\/www.bera-bv.com\\\/de\\\/?s={search_term_string}\"},\"query-input\":{\"@type\":\"PropertyValueSpecification\",\"valueRequired\":true,\"valueName\":\"search_term_string\"}}],\"inLanguage\":\"de\"},{\"@type\":\"Organization\",\"@id\":\"https:\\\/\\\/www.bera-bv.com\\\/de\\\/#organization\",\"name\":\"BERA BV\",\"url\":\"https:\\\/\\\/www.bera-bv.com\\\/de\\\/\",\"logo\":{\"@type\":\"ImageObject\",\"inLanguage\":\"de\",\"@id\":\"https:\\\/\\\/www.bera-bv.com\\\/de\\\/#\\\/schema\\\/logo\\\/image\\\/\",\"url\":\"https:\\\/\\\/www.bera-bv.com\\\/wp-content\\\/uploads\\\/2025\\\/12\\\/BERA-logo_light.svg\",\"contentUrl\":\"https:\\\/\\\/www.bera-bv.com\\\/wp-content\\\/uploads\\\/2025\\\/12\\\/BERA-logo_light.svg\",\"caption\":\"BERA BV\"},\"image\":{\"@id\":\"https:\\\/\\\/www.bera-bv.com\\\/de\\\/#\\\/schema\\\/logo\\\/image\\\/\"}}]}<\/script>\n<!-- \/ Yoast SEO plugin. -->","yoast_head_json":{"title":"Rasenkante B-Edge Smart (6 \/ 12 Meter) - BERA BV","robots":{"index":"index","follow":"follow","max-snippet":"max-snippet:-1","max-image-preview":"max-image-preview:large","max-video-preview":"max-video-preview:-1"},"canonical":"https:\/\/www.bera-bv.com\/de\/product\/rasenkante-b-edge-smart-6-12-meter\/","og_locale":"de_DE","og_type":"article","og_title":"Rasenkante B-Edge Smart (6 \/ 12 Meter) - BERA BV","og_description":"Beschreibung B-Edge Rasenkanten werden vor allem f\u00fcr Rabatten, Rasenfl\u00e4chen und Gartenwege mit organischen Formen verwendet. Kindersicher durch die abgerundete Oberseite.  Die 6 Meter langen und 10 cm hohen Rasenkanten werden auf Rolle geliefert und lassen sich flexibel in fast jede Form bringen. Bis zur runden Oberkante eingegraben, erzielen sie ein dezentes Ergebnis und behindern den Rasenm\u00e4her nicht.  Erh\u00e4ltlich in 3 Farben: Schwarz, Gr\u00fcn und Braun \u2013 passend f\u00fcr jede Umgebung und jeden Geschmack. Eine perfekte L\u00f6sung f\u00fcr Ihren Garten, die in jedes Budget passt.  Weitere Informationen erhalten Sie hier","og_url":"https:\/\/www.bera-bv.com\/de\/product\/rasenkante-b-edge-smart-6-12-meter\/","og_site_name":"BERA BV","article_modified_time":"2026-04-13T13:36:05+00:00","og_image":[{"width":698,"height":559,"url":"https:\/\/www.bera-bv.com\/wp-content\/uploads\/2025\/12\/BERA-B-Edge-Smart-black-6m.png","type":"image\/png"}],"twitter_card":"summary_large_image","twitter_misc":{"Gesch\u00e4tzte Lesezeit":"1\u00a0Minute"},"schema":{"@context":"https:\/\/schema.org","@graph":[{"@type":"WebPage","@id":"https:\/\/www.bera-bv.com\/de\/product\/rasenkante-b-edge-smart-6-12-meter\/","url":"https:\/\/www.bera-bv.com\/de\/product\/rasenkante-b-edge-smart-6-12-meter\/","name":"Rasenkante B-Edge Smart (6 \/ 12 Meter) - BERA BV","isPartOf":{"@id":"https:\/\/www.bera-bv.com\/de\/#website"},"primaryImageOfPage":{"@id":"https:\/\/www.bera-bv.com\/de\/product\/rasenkante-b-edge-smart-6-12-meter\/#primaryimage"},"image":{"@id":"https:\/\/www.bera-bv.com\/de\/product\/rasenkante-b-edge-smart-6-12-meter\/#primaryimage"},"thumbnailUrl":"https:\/\/www.bera-bv.com\/wp-content\/uploads\/2025\/12\/BERA-B-Edge-Smart-black-6m.png","datePublished":"2025-12-22T11:35:11+00:00","dateModified":"2026-04-13T13:36:05+00:00","breadcrumb":{"@id":"https:\/\/www.bera-bv.com\/de\/product\/rasenkante-b-edge-smart-6-12-meter\/#breadcrumb"},"inLanguage":"de","potentialAction":[{"@type":"ReadAction","target":["https:\/\/www.bera-bv.com\/de\/product\/rasenkante-b-edge-smart-6-12-meter\/"]}]},{"@type":"ImageObject","inLanguage":"de","@id":"https:\/\/www.bera-bv.com\/de\/product\/rasenkante-b-edge-smart-6-12-meter\/#primaryimage","url":"https:\/\/www.bera-bv.com\/wp-content\/uploads\/2025\/12\/BERA-B-Edge-Smart-black-6m.png","contentUrl":"https:\/\/www.bera-bv.com\/wp-content\/uploads\/2025\/12\/BERA-B-Edge-Smart-black-6m.png","width":698,"height":559},{"@type":"BreadcrumbList","@id":"https:\/\/www.bera-bv.com\/de\/product\/rasenkante-b-edge-smart-6-12-meter\/#breadcrumb","itemListElement":[{"@type":"ListItem","position":1,"name":"Home","item":"https:\/\/www.bera-bv.com\/de\/"},{"@type":"ListItem","position":2,"name":"Shop","item":"https:\/\/www.bera-bv.com\/de\/shop\/"},{"@type":"ListItem","position":3,"name":"Rasenkante B-Edge Smart (6 \/ 12 Meter)"}]},{"@type":"WebSite","@id":"https:\/\/www.bera-bv.com\/de\/#website","url":"https:\/\/www.bera-bv.com\/de\/","name":"BERA BV","description":"Creatief en duurzaam landschapsontwerp","publisher":{"@id":"https:\/\/www.bera-bv.com\/de\/#organization"},"potentialAction":[{"@type":"SearchAction","target":{"@type":"EntryPoint","urlTemplate":"https:\/\/www.bera-bv.com\/de\/?s={search_term_string}"},"query-input":{"@type":"PropertyValueSpecification","valueRequired":true,"valueName":"search_term_string"}}],"inLanguage":"de"},{"@type":"Organization","@id":"https:\/\/www.bera-bv.com\/de\/#organization","name":"BERA BV","url":"https:\/\/www.bera-bv.com\/de\/","logo":{"@type":"ImageObject","inLanguage":"de","@id":"https:\/\/www.bera-bv.com\/de\/#\/schema\/logo\/image\/","url":"https:\/\/www.bera-bv.com\/wp-content\/uploads\/2025\/12\/BERA-logo_light.svg","contentUrl":"https:\/\/www.bera-bv.com\/wp-content\/uploads\/2025\/12\/BERA-logo_light.svg","caption":"BERA BV"},"image":{"@id":"https:\/\/www.bera-bv.com\/de\/#\/schema\/logo\/image\/"}}]}},"_links":{"self":[{"href":"https:\/\/www.bera-bv.com\/de\/wp-json\/wp\/v2\/product\/12808","targetHints":{"allow":["GET"]}}],"collection":[{"href":"https:\/\/www.bera-bv.com\/de\/wp-json\/wp\/v2\/product"}],"about":[{"href":"https:\/\/www.bera-bv.com\/de\/wp-json\/wp\/v2\/types\/product"}],"wp:featuredmedia":[{"embeddable":true,"href":"https:\/\/www.bera-bv.com\/de\/wp-json\/wp\/v2\/media\/12809"}],"wp:attachment":[{"href":"https:\/\/www.bera-bv.com\/de\/wp-json\/wp\/v2\/media?parent=12808"}],"wp:term":[{"taxonomy":"product_brand","embeddable":true,"href":"https:\/\/www.bera-bv.com\/de\/wp-json\/wp\/v2\/product_brand?post=12808"},{"taxonomy":"product_cat","embeddable":true,"href":"https:\/\/www.bera-bv.com\/de\/wp-json\/wp\/v2\/product_cat?post=12808"},{"taxonomy":"product_tag","embeddable":true,"href":"https:\/\/www.bera-bv.com\/de\/wp-json\/wp\/v2\/product_tag?post=12808"}],"curies":[{"name":"wp","href":"https:\/\/api.w.org\/{rel}","templated":true}]}}