{"id":12794,"date":"2025-12-22T12:36:13","date_gmt":"2025-12-22T11:36:13","guid":{"rendered":"http:\/\/bera-bv.com\/product\/beeteinfassung-b-edge-pro\/"},"modified":"2026-04-13T15:38:40","modified_gmt":"2026-04-13T13:38:40","slug":"beeteinfassung-b-edge-pro","status":"publish","type":"product","link":"https:\/\/www.bera-bv.com\/de\/product\/beeteinfassung-b-edge-pro\/","title":{"rendered":"Beeteinfassung B-Edge Pro"},"content":{"rendered":"<p><strong>Anwendung<\/strong><\/p>\n<ul>\n<li>Beeteinfassung f\u00fcr Rabatten, Rasen und Gartenwege in geraden oder organischen Formen<\/li>\n<\/ul>\n<p><strong>Produktdetails<\/strong><\/p>\n<ul>\n<li>Farbe: Schwarz<\/li>\n<li>Ma\u00dfe: 1000 x 0,2 x 12 cm &amp; 2000 x 0,2 x 12 cm<\/li>\n<li>Gewicht: 2,5 kg \/ 5 kg<\/li>\n<li>Material: Polyethylen, 100 % recycelbar<\/li>\n<li>UV- und frostbest\u00e4ndig<\/li>\n<\/ul>\n<p><strong>Montage<\/strong><\/p>\n<ul>\n<li>Heben Sie einen schmalen Graben dort aus, wo die Rasenkante platziert werden soll.<\/li>\n<li>Rollen Sie die B-Edge Pro aus. Sollte sie sich wieder aufrollen, lassen Sie sie einige Zeit mit Gewichten an den Enden in der Sonne liegen <\/li>\n<li>Setzen Sie die B-Edge Pro so tief in den Graben ein, dass kein Material auf die andere Seite gelangen kann. Dr\u00fccken Sie die Erde an beiden Seiten fest an <\/li>\n<\/ul>\n","protected":false},"excerpt":{"rendered":"<p>Die B-Edge Pro Beeteinfassung wird vor allem f\u00fcr Rabatten, Rasenfl\u00e4chen und Gartenwege mit geraden oder organischen Formen verwendet.<\/p>\n<p>Die 10 oder 20 Meter langen und 12 cm hohen Beeteinfassungen werden auf Rolle geliefert und lassen sich flexibel in fast jede Form bringen. Das Zick-Zack-Profil an der Unterseite sorgt f\u00fcr zus\u00e4tzliche Stabilit\u00e4t im Boden. Eine perfekte L\u00f6sung f\u00fcr Ihren Garten, passend f\u00fcr jedes Budget.  <\/p>\n","protected":false},"featured_media":12795,"template":"","meta":{"site-sidebar-layout":"default","site-content-layout":"","ast-site-content-layout":"default","site-content-style":"default","site-sidebar-style":"default","ast-global-header-display":"","ast-banner-title-visibility":"","ast-main-header-display":"","ast-hfb-above-header-display":"","ast-hfb-below-header-display":"","ast-hfb-mobile-header-display":"","site-post-title":"","ast-breadcrumbs-content":"","ast-featured-img":"","footer-sml-layout":"","ast-disable-related-posts":"","theme-transparent-header-meta":"default","adv-header-id-meta":"","stick-header-meta":"default","header-above-stick-meta":"","header-main-stick-meta":"","header-below-stick-meta":"","astra-migrate-meta-layouts":"default","ast-page-background-enabled":"default","ast-page-background-meta":{"desktop":{"background-color":"var(--ast-global-color-4)","background-image":"","background-repeat":"repeat","background-position":"center center","background-size":"auto","background-attachment":"scroll","background-type":"","background-media":"","overlay-type":"","overlay-color":"","overlay-opacity":"","overlay-gradient":""},"tablet":{"background-color":"","background-image":"","background-repeat":"repeat","background-position":"center center","background-size":"auto","background-attachment":"scroll","background-type":"","background-media":"","overlay-type":"","overlay-color":"","overlay-opacity":"","overlay-gradient":""},"mobile":{"background-color":"","background-image":"","background-repeat":"repeat","background-position":"center center","background-size":"auto","background-attachment":"scroll","background-type":"","background-media":"","overlay-type":"","overlay-color":"","overlay-opacity":"","overlay-gradient":""}},"ast-content-background-meta":{"desktop":{"background-color":"var(--ast-global-color-5)","background-image":"","background-repeat":"repeat","background-position":"center center","background-size":"auto","background-attachment":"scroll","background-type":"","background-media":"","overlay-type":"","overlay-color":"","overlay-opacity":"","overlay-gradient":""},"tablet":{"background-color":"var(--ast-global-color-5)","background-image":"","background-repeat":"repeat","background-position":"center center","background-size":"auto","background-attachment":"scroll","background-type":"","background-media":"","overlay-type":"","overlay-color":"","overlay-opacity":"","overlay-gradient":""},"mobile":{"background-color":"var(--ast-global-color-5)","background-image":"","background-repeat":"repeat","background-position":"center center","background-size":"auto","background-attachment":"scroll","background-type":"","background-media":"","overlay-type":"","overlay-color":"","overlay-opacity":"","overlay-gradient":""}}},"product_brand":[],"product_cat":[273],"product_tag":[],"class_list":{"0":"post-12794","1":"product","2":"type-product","3":"status-publish","4":"has-post-thumbnail","6":"product_cat-randeinfassung","7":"product_shipping_class-parcel","8":"pa_frostproof-ja","9":"pa_kleur-schwarz","10":"pa_lengte-10-meter","11":"pa_lengte-20-meter","12":"pa_uv-bestendig-ja","13":"desktop-align-left","14":"tablet-align-left","15":"mobile-align-left","16":"ast-product-gallery-layout-horizontal","17":"ast-product-single-variable","18":"ast-product-tabs-layout-horizontal","20":"first","21":"instock","22":"purchasable","23":"product-type-variable"},"yoast_head":"<!-- This site is optimized with the Yoast SEO plugin v27.4 - https:\/\/yoast.com\/product\/yoast-seo-wordpress\/ -->\n<title>Beeteinfassung B-Edge Pro - BERA BV<\/title>\n<meta name=\"robots\" content=\"index, follow, max-snippet:-1, max-image-preview:large, max-video-preview:-1\" \/>\n<link rel=\"canonical\" href=\"https:\/\/www.bera-bv.com\/de\/product\/beeteinfassung-b-edge-pro\/\" \/>\n<meta property=\"og:locale\" content=\"de_DE\" \/>\n<meta property=\"og:type\" content=\"article\" \/>\n<meta property=\"og:title\" content=\"Beeteinfassung B-Edge Pro - BERA BV\" \/>\n<meta property=\"og:description\" content=\"Die B-Edge Pro Beeteinfassung wird vor allem f\u00fcr Rabatten, Rasenfl\u00e4chen und Gartenwege mit geraden oder organischen Formen verwendet. Die 10 oder 20 Meter langen und 12 cm hohen Beeteinfassungen werden auf Rolle geliefert und lassen sich flexibel in fast jede Form bringen. Das Zick-Zack-Profil an der Unterseite sorgt f\u00fcr zus\u00e4tzliche Stabilit\u00e4t im Boden. Eine perfekte L\u00f6sung f\u00fcr Ihren Garten, passend f\u00fcr jedes Budget.\" \/>\n<meta property=\"og:url\" content=\"https:\/\/www.bera-bv.com\/de\/product\/beeteinfassung-b-edge-pro\/\" \/>\n<meta property=\"og:site_name\" content=\"BERA BV\" \/>\n<meta property=\"article:modified_time\" content=\"2026-04-13T13:38:40+00:00\" \/>\n<meta property=\"og:image\" content=\"https:\/\/www.bera-bv.com\/wp-content\/uploads\/2025\/12\/B-Edge-Pro-detail-1024x768.jpg\" \/>\n\t<meta property=\"og:image:width\" content=\"1024\" \/>\n\t<meta property=\"og:image:height\" content=\"768\" \/>\n\t<meta property=\"og:image:type\" content=\"image\/jpeg\" \/>\n<meta name=\"twitter:card\" content=\"summary_large_image\" \/>\n<meta name=\"twitter:label1\" content=\"Gesch\u00e4tzte Lesezeit\" \/>\n\t<meta name=\"twitter:data1\" content=\"1\u00a0Minute\" \/>\n<script type=\"application\/ld+json\" class=\"yoast-schema-graph\">{\"@context\":\"https:\\\/\\\/schema.org\",\"@graph\":[{\"@type\":\"WebPage\",\"@id\":\"https:\\\/\\\/www.bera-bv.com\\\/de\\\/product\\\/beeteinfassung-b-edge-pro\\\/\",\"url\":\"https:\\\/\\\/www.bera-bv.com\\\/de\\\/product\\\/beeteinfassung-b-edge-pro\\\/\",\"name\":\"Beeteinfassung B-Edge Pro - BERA BV\",\"isPartOf\":{\"@id\":\"https:\\\/\\\/www.bera-bv.com\\\/de\\\/#website\"},\"primaryImageOfPage\":{\"@id\":\"https:\\\/\\\/www.bera-bv.com\\\/de\\\/product\\\/beeteinfassung-b-edge-pro\\\/#primaryimage\"},\"image\":{\"@id\":\"https:\\\/\\\/www.bera-bv.com\\\/de\\\/product\\\/beeteinfassung-b-edge-pro\\\/#primaryimage\"},\"thumbnailUrl\":\"https:\\\/\\\/www.bera-bv.com\\\/wp-content\\\/uploads\\\/2025\\\/12\\\/B-Edge-Pro-detail.jpg\",\"datePublished\":\"2025-12-22T11:36:13+00:00\",\"dateModified\":\"2026-04-13T13:38:40+00:00\",\"breadcrumb\":{\"@id\":\"https:\\\/\\\/www.bera-bv.com\\\/de\\\/product\\\/beeteinfassung-b-edge-pro\\\/#breadcrumb\"},\"inLanguage\":\"de\",\"potentialAction\":[{\"@type\":\"ReadAction\",\"target\":[\"https:\\\/\\\/www.bera-bv.com\\\/de\\\/product\\\/beeteinfassung-b-edge-pro\\\/\"]}]},{\"@type\":\"ImageObject\",\"inLanguage\":\"de\",\"@id\":\"https:\\\/\\\/www.bera-bv.com\\\/de\\\/product\\\/beeteinfassung-b-edge-pro\\\/#primaryimage\",\"url\":\"https:\\\/\\\/www.bera-bv.com\\\/wp-content\\\/uploads\\\/2025\\\/12\\\/B-Edge-Pro-detail.jpg\",\"contentUrl\":\"https:\\\/\\\/www.bera-bv.com\\\/wp-content\\\/uploads\\\/2025\\\/12\\\/B-Edge-Pro-detail.jpg\",\"width\":2362,\"height\":1772},{\"@type\":\"BreadcrumbList\",\"@id\":\"https:\\\/\\\/www.bera-bv.com\\\/de\\\/product\\\/beeteinfassung-b-edge-pro\\\/#breadcrumb\",\"itemListElement\":[{\"@type\":\"ListItem\",\"position\":1,\"name\":\"Home\",\"item\":\"https:\\\/\\\/www.bera-bv.com\\\/de\\\/\"},{\"@type\":\"ListItem\",\"position\":2,\"name\":\"Shop\",\"item\":\"https:\\\/\\\/www.bera-bv.com\\\/de\\\/shop\\\/\"},{\"@type\":\"ListItem\",\"position\":3,\"name\":\"Beeteinfassung B-Edge Pro\"}]},{\"@type\":\"WebSite\",\"@id\":\"https:\\\/\\\/www.bera-bv.com\\\/de\\\/#website\",\"url\":\"https:\\\/\\\/www.bera-bv.com\\\/de\\\/\",\"name\":\"BERA BV\",\"description\":\"Creatief en duurzaam landschapsontwerp\",\"publisher\":{\"@id\":\"https:\\\/\\\/www.bera-bv.com\\\/de\\\/#organization\"},\"potentialAction\":[{\"@type\":\"SearchAction\",\"target\":{\"@type\":\"EntryPoint\",\"urlTemplate\":\"https:\\\/\\\/www.bera-bv.com\\\/de\\\/?s={search_term_string}\"},\"query-input\":{\"@type\":\"PropertyValueSpecification\",\"valueRequired\":true,\"valueName\":\"search_term_string\"}}],\"inLanguage\":\"de\"},{\"@type\":\"Organization\",\"@id\":\"https:\\\/\\\/www.bera-bv.com\\\/de\\\/#organization\",\"name\":\"BERA BV\",\"url\":\"https:\\\/\\\/www.bera-bv.com\\\/de\\\/\",\"logo\":{\"@type\":\"ImageObject\",\"inLanguage\":\"de\",\"@id\":\"https:\\\/\\\/www.bera-bv.com\\\/de\\\/#\\\/schema\\\/logo\\\/image\\\/\",\"url\":\"https:\\\/\\\/www.bera-bv.com\\\/wp-content\\\/uploads\\\/2025\\\/12\\\/BERA-logo_light.svg\",\"contentUrl\":\"https:\\\/\\\/www.bera-bv.com\\\/wp-content\\\/uploads\\\/2025\\\/12\\\/BERA-logo_light.svg\",\"caption\":\"BERA BV\"},\"image\":{\"@id\":\"https:\\\/\\\/www.bera-bv.com\\\/de\\\/#\\\/schema\\\/logo\\\/image\\\/\"}}]}<\/script>\n<!-- \/ Yoast SEO plugin. -->","yoast_head_json":{"title":"Beeteinfassung B-Edge Pro - BERA BV","robots":{"index":"index","follow":"follow","max-snippet":"max-snippet:-1","max-image-preview":"max-image-preview:large","max-video-preview":"max-video-preview:-1"},"canonical":"https:\/\/www.bera-bv.com\/de\/product\/beeteinfassung-b-edge-pro\/","og_locale":"de_DE","og_type":"article","og_title":"Beeteinfassung B-Edge Pro - BERA BV","og_description":"Die B-Edge Pro Beeteinfassung wird vor allem f\u00fcr Rabatten, Rasenfl\u00e4chen und Gartenwege mit geraden oder organischen Formen verwendet. Die 10 oder 20 Meter langen und 12 cm hohen Beeteinfassungen werden auf Rolle geliefert und lassen sich flexibel in fast jede Form bringen. Das Zick-Zack-Profil an der Unterseite sorgt f\u00fcr zus\u00e4tzliche Stabilit\u00e4t im Boden. Eine perfekte L\u00f6sung f\u00fcr Ihren Garten, passend f\u00fcr jedes Budget.","og_url":"https:\/\/www.bera-bv.com\/de\/product\/beeteinfassung-b-edge-pro\/","og_site_name":"BERA BV","article_modified_time":"2026-04-13T13:38:40+00:00","og_image":[{"width":1024,"height":768,"url":"https:\/\/www.bera-bv.com\/wp-content\/uploads\/2025\/12\/B-Edge-Pro-detail-1024x768.jpg","type":"image\/jpeg"}],"twitter_card":"summary_large_image","twitter_misc":{"Gesch\u00e4tzte Lesezeit":"1\u00a0Minute"},"schema":{"@context":"https:\/\/schema.org","@graph":[{"@type":"WebPage","@id":"https:\/\/www.bera-bv.com\/de\/product\/beeteinfassung-b-edge-pro\/","url":"https:\/\/www.bera-bv.com\/de\/product\/beeteinfassung-b-edge-pro\/","name":"Beeteinfassung B-Edge Pro - BERA BV","isPartOf":{"@id":"https:\/\/www.bera-bv.com\/de\/#website"},"primaryImageOfPage":{"@id":"https:\/\/www.bera-bv.com\/de\/product\/beeteinfassung-b-edge-pro\/#primaryimage"},"image":{"@id":"https:\/\/www.bera-bv.com\/de\/product\/beeteinfassung-b-edge-pro\/#primaryimage"},"thumbnailUrl":"https:\/\/www.bera-bv.com\/wp-content\/uploads\/2025\/12\/B-Edge-Pro-detail.jpg","datePublished":"2025-12-22T11:36:13+00:00","dateModified":"2026-04-13T13:38:40+00:00","breadcrumb":{"@id":"https:\/\/www.bera-bv.com\/de\/product\/beeteinfassung-b-edge-pro\/#breadcrumb"},"inLanguage":"de","potentialAction":[{"@type":"ReadAction","target":["https:\/\/www.bera-bv.com\/de\/product\/beeteinfassung-b-edge-pro\/"]}]},{"@type":"ImageObject","inLanguage":"de","@id":"https:\/\/www.bera-bv.com\/de\/product\/beeteinfassung-b-edge-pro\/#primaryimage","url":"https:\/\/www.bera-bv.com\/wp-content\/uploads\/2025\/12\/B-Edge-Pro-detail.jpg","contentUrl":"https:\/\/www.bera-bv.com\/wp-content\/uploads\/2025\/12\/B-Edge-Pro-detail.jpg","width":2362,"height":1772},{"@type":"BreadcrumbList","@id":"https:\/\/www.bera-bv.com\/de\/product\/beeteinfassung-b-edge-pro\/#breadcrumb","itemListElement":[{"@type":"ListItem","position":1,"name":"Home","item":"https:\/\/www.bera-bv.com\/de\/"},{"@type":"ListItem","position":2,"name":"Shop","item":"https:\/\/www.bera-bv.com\/de\/shop\/"},{"@type":"ListItem","position":3,"name":"Beeteinfassung B-Edge Pro"}]},{"@type":"WebSite","@id":"https:\/\/www.bera-bv.com\/de\/#website","url":"https:\/\/www.bera-bv.com\/de\/","name":"BERA BV","description":"Creatief en duurzaam landschapsontwerp","publisher":{"@id":"https:\/\/www.bera-bv.com\/de\/#organization"},"potentialAction":[{"@type":"SearchAction","target":{"@type":"EntryPoint","urlTemplate":"https:\/\/www.bera-bv.com\/de\/?s={search_term_string}"},"query-input":{"@type":"PropertyValueSpecification","valueRequired":true,"valueName":"search_term_string"}}],"inLanguage":"de"},{"@type":"Organization","@id":"https:\/\/www.bera-bv.com\/de\/#organization","name":"BERA BV","url":"https:\/\/www.bera-bv.com\/de\/","logo":{"@type":"ImageObject","inLanguage":"de","@id":"https:\/\/www.bera-bv.com\/de\/#\/schema\/logo\/image\/","url":"https:\/\/www.bera-bv.com\/wp-content\/uploads\/2025\/12\/BERA-logo_light.svg","contentUrl":"https:\/\/www.bera-bv.com\/wp-content\/uploads\/2025\/12\/BERA-logo_light.svg","caption":"BERA BV"},"image":{"@id":"https:\/\/www.bera-bv.com\/de\/#\/schema\/logo\/image\/"}}]}},"_links":{"self":[{"href":"https:\/\/www.bera-bv.com\/de\/wp-json\/wp\/v2\/product\/12794","targetHints":{"allow":["GET"]}}],"collection":[{"href":"https:\/\/www.bera-bv.com\/de\/wp-json\/wp\/v2\/product"}],"about":[{"href":"https:\/\/www.bera-bv.com\/de\/wp-json\/wp\/v2\/types\/product"}],"wp:featuredmedia":[{"embeddable":true,"href":"https:\/\/www.bera-bv.com\/de\/wp-json\/wp\/v2\/media\/12795"}],"wp:attachment":[{"href":"https:\/\/www.bera-bv.com\/de\/wp-json\/wp\/v2\/media?parent=12794"}],"wp:term":[{"taxonomy":"product_brand","embeddable":true,"href":"https:\/\/www.bera-bv.com\/de\/wp-json\/wp\/v2\/product_brand?post=12794"},{"taxonomy":"product_cat","embeddable":true,"href":"https:\/\/www.bera-bv.com\/de\/wp-json\/wp\/v2\/product_cat?post=12794"},{"taxonomy":"product_tag","embeddable":true,"href":"https:\/\/www.bera-bv.com\/de\/wp-json\/wp\/v2\/product_tag?post=12794"}],"curies":[{"name":"wp","href":"https:\/\/api.w.org\/{rel}","templated":true}]}}