{"id":12785,"date":"2025-12-22T12:36:17","date_gmt":"2025-12-22T11:36:17","guid":{"rendered":"http:\/\/bera-bv.com\/product\/bera-pool-base-drainierende-pool-unterlage-119x79-cm\/"},"modified":"2026-02-25T15:07:02","modified_gmt":"2026-02-25T14:07:02","slug":"bera-pool-base-drainierende-pool-unterlage-119x79-cm","status":"publish","type":"product","link":"https:\/\/www.bera-bv.com\/de\/product\/bera-pool-base-drainierende-pool-unterlage-119x79-cm\/","title":{"rendered":"BERA Pool Base drainierende Pool-Unterlage 119&#215;79 cm"},"content":{"rendered":"<p><strong>TECHNISCHE DATEN<\/strong><\/p>\n<p><strong>Produkt:<\/strong> BERA\u00ae Pool Base<br class=\"\"><strong>Farbe:<\/strong> Schwarz mit farbigen Sprenkeln (ARPRO 35 Ocean Meeresabfall)<br class=\"\"><strong>Material:<\/strong> Expandiertes Polypropylen, teilweise recyceltes Material, 100 % recycelbar<br class=\"\"><strong>Ma\u00dfe:<\/strong> 119 x 79 x 1,6 cm (0,94 m\u00b2)<br class=\"\"><strong>Gewicht:<\/strong> ca. 0,6 kg\/Platte<br class=\"\"><strong>Drainage:<\/strong> &gt;2500 l\/h (EN12616)<br class=\"\"><strong>Produktsicherheit:<\/strong> REACH<br class=\"\"><strong>Produktionsstandard:<\/strong> ISO9001 &#8211; IATF16949<br class=\"\"><strong>Umweltnorm:<\/strong> OEKO-TEX\u00ae<\/p>\n<div class=\"\"><strong>EAN:<\/strong> 4031371088881<\/div>\n","protected":false},"excerpt":{"rendered":"<div class=\"\">Die Pool Base Pool-Schutzplatten sind dr\u00e4nierend, leicht und isolierend. Hergestellt aus 100 % recycelbarem expandiertem Polypropylen, teilweise aus Meeresabf\u00e4llen (Fischernetze und Seile), bilden die Platten einen stabilen, weichen Untergrund f\u00fcr Ihren Pool, Whirlpool oder Ihre H\u00fcpfburg im Garten oder auf der Terrasse. Die Platten \u00fcberlappen sich um ca. 1 cm f\u00fcr gegenseitige Stabilit\u00e4t und Verbund. Nach der Saison k\u00f6nnen die Platten einfach f\u00fcr die n\u00e4chste Saison verstaut werden.   <\/div>\n<div><\/div>\n<div class=\"\">Vorteile der Pool Base sind:<\/div>\n<div class=\"\">&#8211; Gute drainierende Basis, Wasser flie\u00dft leicht ab<\/div>\n<div class=\"\">&#8211; Verringert das Risiko von Leckagen durch scharfe Gegenst\u00e4nde auf dem Boden<\/div>\n<div class=\"\">&#8211; Isolierende Wirkung, daher geringerer Temperaturverlust des Badewassers<\/div>\n<div class=\"\">&#8211; Weiche und komfortable Unterlage<\/div>\n<div class=\"\">&#8211; Weniger oder gar kein Sandbett mehr unter dem Pool erforderlich<\/div>\n","protected":false},"featured_media":12786,"template":"","meta":{"site-sidebar-layout":"default","site-content-layout":"","ast-site-content-layout":"default","site-content-style":"default","site-sidebar-style":"default","ast-global-header-display":"","ast-banner-title-visibility":"","ast-main-header-display":"","ast-hfb-above-header-display":"","ast-hfb-below-header-display":"","ast-hfb-mobile-header-display":"","site-post-title":"","ast-breadcrumbs-content":"","ast-featured-img":"","footer-sml-layout":"","ast-disable-related-posts":"","theme-transparent-header-meta":"default","adv-header-id-meta":"","stick-header-meta":"default","header-above-stick-meta":"","header-main-stick-meta":"","header-below-stick-meta":"","astra-migrate-meta-layouts":"default","ast-page-background-enabled":"default","ast-page-background-meta":{"desktop":{"background-color":"var(--ast-global-color-4)","background-image":"","background-repeat":"repeat","background-position":"center center","background-size":"auto","background-attachment":"scroll","background-type":"","background-media":"","overlay-type":"","overlay-color":"","overlay-opacity":"","overlay-gradient":""},"tablet":{"background-color":"","background-image":"","background-repeat":"repeat","background-position":"center center","background-size":"auto","background-attachment":"scroll","background-type":"","background-media":"","overlay-type":"","overlay-color":"","overlay-opacity":"","overlay-gradient":""},"mobile":{"background-color":"","background-image":"","background-repeat":"repeat","background-position":"center center","background-size":"auto","background-attachment":"scroll","background-type":"","background-media":"","overlay-type":"","overlay-color":"","overlay-opacity":"","overlay-gradient":""}},"ast-content-background-meta":{"desktop":{"background-color":"var(--ast-global-color-5)","background-image":"","background-repeat":"repeat","background-position":"center center","background-size":"auto","background-attachment":"scroll","background-type":"","background-media":"","overlay-type":"","overlay-color":"","overlay-opacity":"","overlay-gradient":""},"tablet":{"background-color":"var(--ast-global-color-5)","background-image":"","background-repeat":"repeat","background-position":"center center","background-size":"auto","background-attachment":"scroll","background-type":"","background-media":"","overlay-type":"","overlay-color":"","overlay-opacity":"","overlay-gradient":""},"mobile":{"background-color":"var(--ast-global-color-5)","background-image":"","background-repeat":"repeat","background-position":"center center","background-size":"auto","background-attachment":"scroll","background-type":"","background-media":"","overlay-type":"","overlay-color":"","overlay-opacity":"","overlay-gradient":""}}},"product_brand":[],"product_cat":[266],"product_tag":[],"class_list":{"0":"post-12785","1":"product","2":"type-product","3":"status-publish","4":"has-post-thumbnail","6":"product_cat-fall-poolschutz","7":"product_shipping_class-parcel","8":"pa_kleur-schwarz-mit-lichtgrunen-punkten","9":"pa_materiaal-expandiertes-polypropylen-mit-recyceltem-meeresabfall-arpro-35-ocean","10":"pa_merk-bera","11":"desktop-align-left","12":"tablet-align-left","13":"mobile-align-left","14":"ast-product-gallery-layout-horizontal","15":"ast-product-tabs-layout-horizontal","17":"first","18":"instock","19":"purchasable","20":"product-type-simple"},"yoast_head":"<!-- This site is optimized with the Yoast SEO plugin v27.4 - https:\/\/yoast.com\/product\/yoast-seo-wordpress\/ -->\n<title>BERA Pool Base drainierende Pool-Unterlage 119x79 cm - BERA BV<\/title>\n<meta name=\"robots\" content=\"index, follow, max-snippet:-1, max-image-preview:large, max-video-preview:-1\" \/>\n<link rel=\"canonical\" href=\"https:\/\/www.bera-bv.com\/de\/product\/bera-pool-base-drainierende-pool-unterlage-119x79-cm\/\" \/>\n<meta property=\"og:locale\" content=\"de_DE\" \/>\n<meta property=\"og:type\" content=\"article\" \/>\n<meta property=\"og:title\" content=\"BERA Pool Base drainierende Pool-Unterlage 119x79 cm - BERA BV\" \/>\n<meta property=\"og:description\" content=\"Die Pool Base Pool-Schutzplatten sind dr\u00e4nierend, leicht und isolierend. Hergestellt aus 100 % recycelbarem expandiertem Polypropylen, teilweise aus Meeresabf\u00e4llen (Fischernetze und Seile), bilden die Platten einen stabilen, weichen Untergrund f\u00fcr Ihren Pool, Whirlpool oder Ihre H\u00fcpfburg im Garten oder auf der Terrasse. Die Platten \u00fcberlappen sich um ca. 1 cm f\u00fcr gegenseitige Stabilit\u00e4t und Verbund. Nach der Saison k\u00f6nnen die Platten einfach f\u00fcr die n\u00e4chste Saison verstaut werden.   Vorteile der Pool Base sind: - Gute drainierende Basis, Wasser flie\u00dft leicht ab - Verringert das Risiko von Leckagen durch scharfe Gegenst\u00e4nde auf dem Boden - Isolierende Wirkung, daher geringerer Temperaturverlust des Badewassers - Weiche und komfortable Unterlage - Weniger oder gar kein Sandbett mehr unter dem Pool erforderlich\" \/>\n<meta property=\"og:url\" content=\"https:\/\/www.bera-bv.com\/de\/product\/bera-pool-base-drainierende-pool-unterlage-119x79-cm\/\" \/>\n<meta property=\"og:site_name\" content=\"BERA BV\" \/>\n<meta property=\"article:modified_time\" content=\"2026-02-25T14:07:02+00:00\" \/>\n<meta property=\"og:image\" content=\"https:\/\/www.bera-bv.com\/wp-content\/uploads\/2025\/12\/Pool-Base_Green.jpeg\" \/>\n\t<meta property=\"og:image:width\" content=\"1280\" \/>\n\t<meta property=\"og:image:height\" content=\"736\" \/>\n\t<meta property=\"og:image:type\" content=\"image\/jpeg\" \/>\n<meta name=\"twitter:card\" content=\"summary_large_image\" \/>\n<script type=\"application\/ld+json\" class=\"yoast-schema-graph\">{\"@context\":\"https:\\\/\\\/schema.org\",\"@graph\":[{\"@type\":\"WebPage\",\"@id\":\"https:\\\/\\\/www.bera-bv.com\\\/de\\\/product\\\/bera-pool-base-drainierende-pool-unterlage-119x79-cm\\\/\",\"url\":\"https:\\\/\\\/www.bera-bv.com\\\/de\\\/product\\\/bera-pool-base-drainierende-pool-unterlage-119x79-cm\\\/\",\"name\":\"BERA Pool Base drainierende Pool-Unterlage 119x79 cm - BERA BV\",\"isPartOf\":{\"@id\":\"https:\\\/\\\/www.bera-bv.com\\\/de\\\/#website\"},\"primaryImageOfPage\":{\"@id\":\"https:\\\/\\\/www.bera-bv.com\\\/de\\\/product\\\/bera-pool-base-drainierende-pool-unterlage-119x79-cm\\\/#primaryimage\"},\"image\":{\"@id\":\"https:\\\/\\\/www.bera-bv.com\\\/de\\\/product\\\/bera-pool-base-drainierende-pool-unterlage-119x79-cm\\\/#primaryimage\"},\"thumbnailUrl\":\"https:\\\/\\\/www.bera-bv.com\\\/wp-content\\\/uploads\\\/2025\\\/12\\\/Pool-Base_Green.jpeg\",\"datePublished\":\"2025-12-22T11:36:17+00:00\",\"dateModified\":\"2026-02-25T14:07:02+00:00\",\"breadcrumb\":{\"@id\":\"https:\\\/\\\/www.bera-bv.com\\\/de\\\/product\\\/bera-pool-base-drainierende-pool-unterlage-119x79-cm\\\/#breadcrumb\"},\"inLanguage\":\"de\",\"potentialAction\":[{\"@type\":\"ReadAction\",\"target\":[\"https:\\\/\\\/www.bera-bv.com\\\/de\\\/product\\\/bera-pool-base-drainierende-pool-unterlage-119x79-cm\\\/\"]}]},{\"@type\":\"ImageObject\",\"inLanguage\":\"de\",\"@id\":\"https:\\\/\\\/www.bera-bv.com\\\/de\\\/product\\\/bera-pool-base-drainierende-pool-unterlage-119x79-cm\\\/#primaryimage\",\"url\":\"https:\\\/\\\/www.bera-bv.com\\\/wp-content\\\/uploads\\\/2025\\\/12\\\/Pool-Base_Green.jpeg\",\"contentUrl\":\"https:\\\/\\\/www.bera-bv.com\\\/wp-content\\\/uploads\\\/2025\\\/12\\\/Pool-Base_Green.jpeg\",\"width\":1280,\"height\":736,\"caption\":\"zwembad bescherming tegel ondervloer\"},{\"@type\":\"BreadcrumbList\",\"@id\":\"https:\\\/\\\/www.bera-bv.com\\\/de\\\/product\\\/bera-pool-base-drainierende-pool-unterlage-119x79-cm\\\/#breadcrumb\",\"itemListElement\":[{\"@type\":\"ListItem\",\"position\":1,\"name\":\"Home\",\"item\":\"https:\\\/\\\/www.bera-bv.com\\\/de\\\/\"},{\"@type\":\"ListItem\",\"position\":2,\"name\":\"Shop\",\"item\":\"https:\\\/\\\/www.bera-bv.com\\\/de\\\/shop\\\/\"},{\"@type\":\"ListItem\",\"position\":3,\"name\":\"BERA Pool Base drainierende Pool-Unterlage 119&#215;79 cm\"}]},{\"@type\":\"WebSite\",\"@id\":\"https:\\\/\\\/www.bera-bv.com\\\/de\\\/#website\",\"url\":\"https:\\\/\\\/www.bera-bv.com\\\/de\\\/\",\"name\":\"BERA BV\",\"description\":\"Creatief en duurzaam landschapsontwerp\",\"publisher\":{\"@id\":\"https:\\\/\\\/www.bera-bv.com\\\/de\\\/#organization\"},\"potentialAction\":[{\"@type\":\"SearchAction\",\"target\":{\"@type\":\"EntryPoint\",\"urlTemplate\":\"https:\\\/\\\/www.bera-bv.com\\\/de\\\/?s={search_term_string}\"},\"query-input\":{\"@type\":\"PropertyValueSpecification\",\"valueRequired\":true,\"valueName\":\"search_term_string\"}}],\"inLanguage\":\"de\"},{\"@type\":\"Organization\",\"@id\":\"https:\\\/\\\/www.bera-bv.com\\\/de\\\/#organization\",\"name\":\"BERA BV\",\"url\":\"https:\\\/\\\/www.bera-bv.com\\\/de\\\/\",\"logo\":{\"@type\":\"ImageObject\",\"inLanguage\":\"de\",\"@id\":\"https:\\\/\\\/www.bera-bv.com\\\/de\\\/#\\\/schema\\\/logo\\\/image\\\/\",\"url\":\"https:\\\/\\\/www.bera-bv.com\\\/wp-content\\\/uploads\\\/2025\\\/12\\\/BERA-logo_light.svg\",\"contentUrl\":\"https:\\\/\\\/www.bera-bv.com\\\/wp-content\\\/uploads\\\/2025\\\/12\\\/BERA-logo_light.svg\",\"caption\":\"BERA BV\"},\"image\":{\"@id\":\"https:\\\/\\\/www.bera-bv.com\\\/de\\\/#\\\/schema\\\/logo\\\/image\\\/\"}}]}<\/script>\n<!-- \/ Yoast SEO plugin. -->","yoast_head_json":{"title":"BERA Pool Base drainierende Pool-Unterlage 119x79 cm - BERA BV","robots":{"index":"index","follow":"follow","max-snippet":"max-snippet:-1","max-image-preview":"max-image-preview:large","max-video-preview":"max-video-preview:-1"},"canonical":"https:\/\/www.bera-bv.com\/de\/product\/bera-pool-base-drainierende-pool-unterlage-119x79-cm\/","og_locale":"de_DE","og_type":"article","og_title":"BERA Pool Base drainierende Pool-Unterlage 119x79 cm - BERA BV","og_description":"Die Pool Base Pool-Schutzplatten sind dr\u00e4nierend, leicht und isolierend. Hergestellt aus 100 % recycelbarem expandiertem Polypropylen, teilweise aus Meeresabf\u00e4llen (Fischernetze und Seile), bilden die Platten einen stabilen, weichen Untergrund f\u00fcr Ihren Pool, Whirlpool oder Ihre H\u00fcpfburg im Garten oder auf der Terrasse. Die Platten \u00fcberlappen sich um ca. 1 cm f\u00fcr gegenseitige Stabilit\u00e4t und Verbund. Nach der Saison k\u00f6nnen die Platten einfach f\u00fcr die n\u00e4chste Saison verstaut werden.   Vorteile der Pool Base sind: - Gute drainierende Basis, Wasser flie\u00dft leicht ab - Verringert das Risiko von Leckagen durch scharfe Gegenst\u00e4nde auf dem Boden - Isolierende Wirkung, daher geringerer Temperaturverlust des Badewassers - Weiche und komfortable Unterlage - Weniger oder gar kein Sandbett mehr unter dem Pool erforderlich","og_url":"https:\/\/www.bera-bv.com\/de\/product\/bera-pool-base-drainierende-pool-unterlage-119x79-cm\/","og_site_name":"BERA BV","article_modified_time":"2026-02-25T14:07:02+00:00","og_image":[{"width":1280,"height":736,"url":"https:\/\/www.bera-bv.com\/wp-content\/uploads\/2025\/12\/Pool-Base_Green.jpeg","type":"image\/jpeg"}],"twitter_card":"summary_large_image","schema":{"@context":"https:\/\/schema.org","@graph":[{"@type":"WebPage","@id":"https:\/\/www.bera-bv.com\/de\/product\/bera-pool-base-drainierende-pool-unterlage-119x79-cm\/","url":"https:\/\/www.bera-bv.com\/de\/product\/bera-pool-base-drainierende-pool-unterlage-119x79-cm\/","name":"BERA Pool Base drainierende Pool-Unterlage 119x79 cm - BERA BV","isPartOf":{"@id":"https:\/\/www.bera-bv.com\/de\/#website"},"primaryImageOfPage":{"@id":"https:\/\/www.bera-bv.com\/de\/product\/bera-pool-base-drainierende-pool-unterlage-119x79-cm\/#primaryimage"},"image":{"@id":"https:\/\/www.bera-bv.com\/de\/product\/bera-pool-base-drainierende-pool-unterlage-119x79-cm\/#primaryimage"},"thumbnailUrl":"https:\/\/www.bera-bv.com\/wp-content\/uploads\/2025\/12\/Pool-Base_Green.jpeg","datePublished":"2025-12-22T11:36:17+00:00","dateModified":"2026-02-25T14:07:02+00:00","breadcrumb":{"@id":"https:\/\/www.bera-bv.com\/de\/product\/bera-pool-base-drainierende-pool-unterlage-119x79-cm\/#breadcrumb"},"inLanguage":"de","potentialAction":[{"@type":"ReadAction","target":["https:\/\/www.bera-bv.com\/de\/product\/bera-pool-base-drainierende-pool-unterlage-119x79-cm\/"]}]},{"@type":"ImageObject","inLanguage":"de","@id":"https:\/\/www.bera-bv.com\/de\/product\/bera-pool-base-drainierende-pool-unterlage-119x79-cm\/#primaryimage","url":"https:\/\/www.bera-bv.com\/wp-content\/uploads\/2025\/12\/Pool-Base_Green.jpeg","contentUrl":"https:\/\/www.bera-bv.com\/wp-content\/uploads\/2025\/12\/Pool-Base_Green.jpeg","width":1280,"height":736,"caption":"zwembad bescherming tegel ondervloer"},{"@type":"BreadcrumbList","@id":"https:\/\/www.bera-bv.com\/de\/product\/bera-pool-base-drainierende-pool-unterlage-119x79-cm\/#breadcrumb","itemListElement":[{"@type":"ListItem","position":1,"name":"Home","item":"https:\/\/www.bera-bv.com\/de\/"},{"@type":"ListItem","position":2,"name":"Shop","item":"https:\/\/www.bera-bv.com\/de\/shop\/"},{"@type":"ListItem","position":3,"name":"BERA Pool Base drainierende Pool-Unterlage 119&#215;79 cm"}]},{"@type":"WebSite","@id":"https:\/\/www.bera-bv.com\/de\/#website","url":"https:\/\/www.bera-bv.com\/de\/","name":"BERA BV","description":"Creatief en duurzaam landschapsontwerp","publisher":{"@id":"https:\/\/www.bera-bv.com\/de\/#organization"},"potentialAction":[{"@type":"SearchAction","target":{"@type":"EntryPoint","urlTemplate":"https:\/\/www.bera-bv.com\/de\/?s={search_term_string}"},"query-input":{"@type":"PropertyValueSpecification","valueRequired":true,"valueName":"search_term_string"}}],"inLanguage":"de"},{"@type":"Organization","@id":"https:\/\/www.bera-bv.com\/de\/#organization","name":"BERA BV","url":"https:\/\/www.bera-bv.com\/de\/","logo":{"@type":"ImageObject","inLanguage":"de","@id":"https:\/\/www.bera-bv.com\/de\/#\/schema\/logo\/image\/","url":"https:\/\/www.bera-bv.com\/wp-content\/uploads\/2025\/12\/BERA-logo_light.svg","contentUrl":"https:\/\/www.bera-bv.com\/wp-content\/uploads\/2025\/12\/BERA-logo_light.svg","caption":"BERA BV"},"image":{"@id":"https:\/\/www.bera-bv.com\/de\/#\/schema\/logo\/image\/"}}]}},"_links":{"self":[{"href":"https:\/\/www.bera-bv.com\/de\/wp-json\/wp\/v2\/product\/12785","targetHints":{"allow":["GET"]}}],"collection":[{"href":"https:\/\/www.bera-bv.com\/de\/wp-json\/wp\/v2\/product"}],"about":[{"href":"https:\/\/www.bera-bv.com\/de\/wp-json\/wp\/v2\/types\/product"}],"wp:featuredmedia":[{"embeddable":true,"href":"https:\/\/www.bera-bv.com\/de\/wp-json\/wp\/v2\/media\/12786"}],"wp:attachment":[{"href":"https:\/\/www.bera-bv.com\/de\/wp-json\/wp\/v2\/media?parent=12785"}],"wp:term":[{"taxonomy":"product_brand","embeddable":true,"href":"https:\/\/www.bera-bv.com\/de\/wp-json\/wp\/v2\/product_brand?post=12785"},{"taxonomy":"product_cat","embeddable":true,"href":"https:\/\/www.bera-bv.com\/de\/wp-json\/wp\/v2\/product_cat?post=12785"},{"taxonomy":"product_tag","embeddable":true,"href":"https:\/\/www.bera-bv.com\/de\/wp-json\/wp\/v2\/product_tag?post=12785"}],"curies":[{"name":"wp","href":"https:\/\/api.w.org\/{rel}","templated":true}]}}