{"id":12775,"date":"2025-12-22T12:36:36","date_gmt":"2025-12-22T11:36:36","guid":{"rendered":"http:\/\/bera-bv.com\/product\/bera-waterups-wicking-kit-fuer-pflanzkuebel-und-gemuesegarten\/"},"modified":"2026-04-15T15:38:42","modified_gmt":"2026-04-15T13:38:42","slug":"bera-waterups-wicking-kit-fuer-pflanzkuebel-und-gemuesegarten","status":"publish","type":"product","link":"https:\/\/www.bera-bv.com\/de\/product\/bera-waterups-wicking-kit-fuer-pflanzkuebel-und-gemuesegarten\/","title":{"rendered":"BERA WaterUps Wicking-Kit \u2013 f\u00fcr Pflanzk\u00fcbel und Gem\u00fcsegarten"},"content":{"rendered":"<p>BERA\u00ae WaterUps\u00ae Wicking-Kits bestehen aus (faltbaren) Reservoirs und dem innovativen Kapillarsystem, um die perfekten Bedingungen in der Blumenerde zu schaffen. Wie bei den anderen WaterUps\u00ae-Systemen wird das Wasser aus dem Reservoir (unterst\u00fctzt durch Perlit) kapillar nach oben in die Blumenerde gesogen. Die Wurzeln, die sich ca. 30\u201335 cm \u00fcber den Zellen befinden, erfahren nun eine optimale Feuchtigkeit f\u00fcr au\u00dfergew\u00f6hnliches Wachstum bei 80 % weniger Wasserverbrauch. <\/p>\n<p>Durch die Verwendung eines der 4 Kits hat jeder Gem\u00fcsegarten-Liebhaber, aber auch der Landschaftsg\u00e4rtner die M\u00f6glichkeit, die Bew\u00e4sserungsh\u00e4ufigkeit auf alle paar Wochen statt alle paar Tage zu reduzieren. Ohne Verdunstung oder Wasserverlust, wie es beim Gie\u00dfen von oben der Fall ist. <\/p>\n<p>Es gibt 4 Abmessungen, die am h\u00e4ufigsten f\u00fcr neue oder die Renovierung bestehender Gem\u00fcseg\u00e4rten \/ Beete verwendet werden:<br \/>\n&#8211; 80 x 80 x 15 cm. Inhalt Wasserreservoir: 68 Liter<br \/>\n&#8211; 120 x 40 x 15 cm. Inhalt Wasserreservoir: 51 Liter<br \/>\n&#8211; 160 x 80 x 15 cm. Inhalt Wasserreservoir: 136 Liter<br \/>\n&#8211; 200 x 40 x 15 cm. Inhalt Wasserreservoir: 85 Liter    <\/p>\n<p>Jedes faltbare Kit wird mit 3, 4, 5 oder 8 Kapillarzellen, Einf\u00fcllrohr mit Kappe, \u00dcberlauf, Verbindern und der ben\u00f6tigten Menge Perlit geliefert.<\/p>\n","protected":false},"excerpt":{"rendered":"<p>Statten Sie Ihren Pflanzk\u00fcbel oder Gem\u00fcsegarten mit einem Reservoir aus und sparen Sie Zeit und Wasser. Ihre Pflanzen werden besser wachsen, da immer Wasser verf\u00fcgbar ist, und Ihr Gem\u00fcsegarten wird mehr Ertrag bringen. Lieferbar in den folgenden Abmessungen:<br \/>\n&#8211; 80 x 80 x 15 cm. Inhalt Wasserreservoir: 68 Liter<br \/>\n&#8211; 120 x 40 x 15 cm. Inhalt Wasserreservoir: 51 Liter<br \/>\n&#8211; 160 x 80 x 15 cm. Inhalt Wasserreservoir: 136 Liter<br \/>\n&#8211; 200 x 40 x 15 cm. Inhalt Wasserreservoir: 85 Liter      <\/p>\n<p>Jedes faltbare Kit wird mit 3, 4, 5 oder 8 Kapillarzellen, Einf\u00fcllrohr mit Kappe, \u00dcberlauf, Verbindern und der ben\u00f6tigten Menge Perlit geliefert.<\/p>\n","protected":false},"featured_media":12720,"template":"","meta":{"site-sidebar-layout":"default","site-content-layout":"","ast-site-content-layout":"default","site-content-style":"default","site-sidebar-style":"default","ast-global-header-display":"","ast-banner-title-visibility":"","ast-main-header-display":"","ast-hfb-above-header-display":"","ast-hfb-below-header-display":"","ast-hfb-mobile-header-display":"","site-post-title":"","ast-breadcrumbs-content":"","ast-featured-img":"","footer-sml-layout":"","ast-disable-related-posts":"","theme-transparent-header-meta":"default","adv-header-id-meta":"","stick-header-meta":"default","header-above-stick-meta":"","header-main-stick-meta":"","header-below-stick-meta":"","astra-migrate-meta-layouts":"default","ast-page-background-enabled":"default","ast-page-background-meta":{"desktop":{"background-color":"var(--ast-global-color-4)","background-image":"","background-repeat":"repeat","background-position":"center center","background-size":"auto","background-attachment":"scroll","background-type":"","background-media":"","overlay-type":"","overlay-color":"","overlay-opacity":"","overlay-gradient":""},"tablet":{"background-color":"","background-image":"","background-repeat":"repeat","background-position":"center center","background-size":"auto","background-attachment":"scroll","background-type":"","background-media":"","overlay-type":"","overlay-color":"","overlay-opacity":"","overlay-gradient":""},"mobile":{"background-color":"","background-image":"","background-repeat":"repeat","background-position":"center center","background-size":"auto","background-attachment":"scroll","background-type":"","background-media":"","overlay-type":"","overlay-color":"","overlay-opacity":"","overlay-gradient":""}},"ast-content-background-meta":{"desktop":{"background-color":"var(--ast-global-color-5)","background-image":"","background-repeat":"repeat","background-position":"center center","background-size":"auto","background-attachment":"scroll","background-type":"","background-media":"","overlay-type":"","overlay-color":"","overlay-opacity":"","overlay-gradient":""},"tablet":{"background-color":"var(--ast-global-color-5)","background-image":"","background-repeat":"repeat","background-position":"center center","background-size":"auto","background-attachment":"scroll","background-type":"","background-media":"","overlay-type":"","overlay-color":"","overlay-opacity":"","overlay-gradient":""},"mobile":{"background-color":"var(--ast-global-color-5)","background-image":"","background-repeat":"repeat","background-position":"center center","background-size":"auto","background-attachment":"scroll","background-type":"","background-media":"","overlay-type":"","overlay-color":"","overlay-opacity":"","overlay-gradient":""}}},"product_brand":[],"product_cat":[261],"product_tag":[],"class_list":{"0":"post-12775","1":"product","2":"type-product","3":"status-publish","4":"has-post-thumbnail","6":"product_cat-wassermanagement","7":"product_shipping_class-parcel","8":"pa_afmetingen-120-x-40-x-15-cm","9":"pa_afmetingen-160-x-80-x-15-cm","10":"pa_afmetingen-200-x-40-x-15-cm","11":"pa_afmetingen-80-x-80-x-15-cm","12":"pa_materiaal-100-recyceltes-polypropylen-vollstandig-recycelbar","13":"desktop-align-left","14":"tablet-align-left","15":"mobile-align-left","16":"ast-product-gallery-layout-horizontal","17":"ast-product-single-variable","18":"ast-product-tabs-layout-horizontal","20":"first","21":"instock","22":"purchasable","23":"product-type-variable"},"yoast_head":"<!-- This site is optimized with the Yoast SEO plugin v27.4 - https:\/\/yoast.com\/product\/yoast-seo-wordpress\/ -->\n<title>BERA WaterUps Wicking-Kit \u2013 f\u00fcr Pflanzk\u00fcbel und Gem\u00fcsegarten - BERA BV<\/title>\n<meta name=\"robots\" content=\"index, follow, max-snippet:-1, max-image-preview:large, max-video-preview:-1\" \/>\n<link rel=\"canonical\" href=\"https:\/\/www.bera-bv.com\/de\/product\/bera-waterups-wicking-kit-fuer-pflanzkuebel-und-gemuesegarten\/\" \/>\n<meta property=\"og:locale\" content=\"de_DE\" \/>\n<meta property=\"og:type\" content=\"article\" \/>\n<meta property=\"og:title\" content=\"BERA WaterUps Wicking-Kit \u2013 f\u00fcr Pflanzk\u00fcbel und Gem\u00fcsegarten - BERA BV\" \/>\n<meta property=\"og:description\" content=\"Statten Sie Ihren Pflanzk\u00fcbel oder Gem\u00fcsegarten mit einem Reservoir aus und sparen Sie Zeit und Wasser. Ihre Pflanzen werden besser wachsen, da immer Wasser verf\u00fcgbar ist, und Ihr Gem\u00fcsegarten wird mehr Ertrag bringen. Lieferbar in den folgenden Abmessungen: - 80 x 80 x 15 cm. Inhalt Wasserreservoir: 68 Liter - 120 x 40 x 15 cm. Inhalt Wasserreservoir: 51 Liter - 160 x 80 x 15 cm. Inhalt Wasserreservoir: 136 Liter - 200 x 40 x 15 cm. Inhalt Wasserreservoir: 85 Liter    Jedes faltbare Kit wird mit 3, 4, 5 oder 8 Kapillarzellen, Einf\u00fcllrohr mit Kappe, \u00dcberlauf, Verbindern und der ben\u00f6tigten Menge Perlit geliefert.\" \/>\n<meta property=\"og:url\" content=\"https:\/\/www.bera-bv.com\/de\/product\/bera-waterups-wicking-kit-fuer-pflanzkuebel-und-gemuesegarten\/\" \/>\n<meta property=\"og:site_name\" content=\"BERA BV\" \/>\n<meta property=\"article:modified_time\" content=\"2026-04-15T13:38:42+00:00\" \/>\n<meta property=\"og:image\" content=\"https:\/\/www.bera-bv.com\/wp-content\/uploads\/2025\/12\/8080-Wicking-Kit_for_plantenbak-moestuin.jpg\" \/>\n\t<meta property=\"og:image:width\" content=\"1772\" \/>\n\t<meta property=\"og:image:height\" content=\"1772\" \/>\n\t<meta property=\"og:image:type\" content=\"image\/jpeg\" \/>\n<meta name=\"twitter:card\" content=\"summary_large_image\" \/>\n<meta name=\"twitter:label1\" content=\"Gesch\u00e4tzte Lesezeit\" \/>\n\t<meta name=\"twitter:data1\" content=\"1\u00a0Minute\" \/>\n<script type=\"application\/ld+json\" class=\"yoast-schema-graph\">{\"@context\":\"https:\\\/\\\/schema.org\",\"@graph\":[{\"@type\":\"WebPage\",\"@id\":\"https:\\\/\\\/www.bera-bv.com\\\/de\\\/product\\\/bera-waterups-wicking-kit-fuer-pflanzkuebel-und-gemuesegarten\\\/\",\"url\":\"https:\\\/\\\/www.bera-bv.com\\\/de\\\/product\\\/bera-waterups-wicking-kit-fuer-pflanzkuebel-und-gemuesegarten\\\/\",\"name\":\"BERA WaterUps Wicking-Kit \u2013 f\u00fcr Pflanzk\u00fcbel und Gem\u00fcsegarten - BERA BV\",\"isPartOf\":{\"@id\":\"https:\\\/\\\/www.bera-bv.com\\\/de\\\/#website\"},\"primaryImageOfPage\":{\"@id\":\"https:\\\/\\\/www.bera-bv.com\\\/de\\\/product\\\/bera-waterups-wicking-kit-fuer-pflanzkuebel-und-gemuesegarten\\\/#primaryimage\"},\"image\":{\"@id\":\"https:\\\/\\\/www.bera-bv.com\\\/de\\\/product\\\/bera-waterups-wicking-kit-fuer-pflanzkuebel-und-gemuesegarten\\\/#primaryimage\"},\"thumbnailUrl\":\"https:\\\/\\\/www.bera-bv.com\\\/wp-content\\\/uploads\\\/2025\\\/12\\\/8080-Wicking-Kit_for_plantenbak-moestuin.jpg\",\"datePublished\":\"2025-12-22T11:36:36+00:00\",\"dateModified\":\"2026-04-15T13:38:42+00:00\",\"breadcrumb\":{\"@id\":\"https:\\\/\\\/www.bera-bv.com\\\/de\\\/product\\\/bera-waterups-wicking-kit-fuer-pflanzkuebel-und-gemuesegarten\\\/#breadcrumb\"},\"inLanguage\":\"de\",\"potentialAction\":[{\"@type\":\"ReadAction\",\"target\":[\"https:\\\/\\\/www.bera-bv.com\\\/de\\\/product\\\/bera-waterups-wicking-kit-fuer-pflanzkuebel-und-gemuesegarten\\\/\"]}]},{\"@type\":\"ImageObject\",\"inLanguage\":\"de\",\"@id\":\"https:\\\/\\\/www.bera-bv.com\\\/de\\\/product\\\/bera-waterups-wicking-kit-fuer-pflanzkuebel-und-gemuesegarten\\\/#primaryimage\",\"url\":\"https:\\\/\\\/www.bera-bv.com\\\/wp-content\\\/uploads\\\/2025\\\/12\\\/8080-Wicking-Kit_for_plantenbak-moestuin.jpg\",\"contentUrl\":\"https:\\\/\\\/www.bera-bv.com\\\/wp-content\\\/uploads\\\/2025\\\/12\\\/8080-Wicking-Kit_for_plantenbak-moestuin.jpg\",\"width\":1772,\"height\":1772,\"caption\":\"BERA WaterUps Wasserreservoir f\u00fcr Pflanzk\u00fcbel und Gem\u00fcsegarten\"},{\"@type\":\"BreadcrumbList\",\"@id\":\"https:\\\/\\\/www.bera-bv.com\\\/de\\\/product\\\/bera-waterups-wicking-kit-fuer-pflanzkuebel-und-gemuesegarten\\\/#breadcrumb\",\"itemListElement\":[{\"@type\":\"ListItem\",\"position\":1,\"name\":\"Home\",\"item\":\"https:\\\/\\\/www.bera-bv.com\\\/de\\\/\"},{\"@type\":\"ListItem\",\"position\":2,\"name\":\"Shop\",\"item\":\"https:\\\/\\\/www.bera-bv.com\\\/de\\\/shop\\\/\"},{\"@type\":\"ListItem\",\"position\":3,\"name\":\"BERA WaterUps Wicking-Kit \u2013 f\u00fcr Pflanzk\u00fcbel und Gem\u00fcsegarten\"}]},{\"@type\":\"WebSite\",\"@id\":\"https:\\\/\\\/www.bera-bv.com\\\/de\\\/#website\",\"url\":\"https:\\\/\\\/www.bera-bv.com\\\/de\\\/\",\"name\":\"BERA BV\",\"description\":\"Creatief en duurzaam landschapsontwerp\",\"publisher\":{\"@id\":\"https:\\\/\\\/www.bera-bv.com\\\/de\\\/#organization\"},\"potentialAction\":[{\"@type\":\"SearchAction\",\"target\":{\"@type\":\"EntryPoint\",\"urlTemplate\":\"https:\\\/\\\/www.bera-bv.com\\\/de\\\/?s={search_term_string}\"},\"query-input\":{\"@type\":\"PropertyValueSpecification\",\"valueRequired\":true,\"valueName\":\"search_term_string\"}}],\"inLanguage\":\"de\"},{\"@type\":\"Organization\",\"@id\":\"https:\\\/\\\/www.bera-bv.com\\\/de\\\/#organization\",\"name\":\"BERA BV\",\"url\":\"https:\\\/\\\/www.bera-bv.com\\\/de\\\/\",\"logo\":{\"@type\":\"ImageObject\",\"inLanguage\":\"de\",\"@id\":\"https:\\\/\\\/www.bera-bv.com\\\/de\\\/#\\\/schema\\\/logo\\\/image\\\/\",\"url\":\"https:\\\/\\\/www.bera-bv.com\\\/wp-content\\\/uploads\\\/2025\\\/12\\\/BERA-logo_light.svg\",\"contentUrl\":\"https:\\\/\\\/www.bera-bv.com\\\/wp-content\\\/uploads\\\/2025\\\/12\\\/BERA-logo_light.svg\",\"caption\":\"BERA BV\"},\"image\":{\"@id\":\"https:\\\/\\\/www.bera-bv.com\\\/de\\\/#\\\/schema\\\/logo\\\/image\\\/\"}}]}<\/script>\n<!-- \/ Yoast SEO plugin. -->","yoast_head_json":{"title":"BERA WaterUps Wicking-Kit \u2013 f\u00fcr Pflanzk\u00fcbel und Gem\u00fcsegarten - BERA BV","robots":{"index":"index","follow":"follow","max-snippet":"max-snippet:-1","max-image-preview":"max-image-preview:large","max-video-preview":"max-video-preview:-1"},"canonical":"https:\/\/www.bera-bv.com\/de\/product\/bera-waterups-wicking-kit-fuer-pflanzkuebel-und-gemuesegarten\/","og_locale":"de_DE","og_type":"article","og_title":"BERA WaterUps Wicking-Kit \u2013 f\u00fcr Pflanzk\u00fcbel und Gem\u00fcsegarten - BERA BV","og_description":"Statten Sie Ihren Pflanzk\u00fcbel oder Gem\u00fcsegarten mit einem Reservoir aus und sparen Sie Zeit und Wasser. Ihre Pflanzen werden besser wachsen, da immer Wasser verf\u00fcgbar ist, und Ihr Gem\u00fcsegarten wird mehr Ertrag bringen. Lieferbar in den folgenden Abmessungen: - 80 x 80 x 15 cm. Inhalt Wasserreservoir: 68 Liter - 120 x 40 x 15 cm. Inhalt Wasserreservoir: 51 Liter - 160 x 80 x 15 cm. Inhalt Wasserreservoir: 136 Liter - 200 x 40 x 15 cm. Inhalt Wasserreservoir: 85 Liter    Jedes faltbare Kit wird mit 3, 4, 5 oder 8 Kapillarzellen, Einf\u00fcllrohr mit Kappe, \u00dcberlauf, Verbindern und der ben\u00f6tigten Menge Perlit geliefert.","og_url":"https:\/\/www.bera-bv.com\/de\/product\/bera-waterups-wicking-kit-fuer-pflanzkuebel-und-gemuesegarten\/","og_site_name":"BERA BV","article_modified_time":"2026-04-15T13:38:42+00:00","og_image":[{"width":1772,"height":1772,"url":"https:\/\/www.bera-bv.com\/wp-content\/uploads\/2025\/12\/8080-Wicking-Kit_for_plantenbak-moestuin.jpg","type":"image\/jpeg"}],"twitter_card":"summary_large_image","twitter_misc":{"Gesch\u00e4tzte Lesezeit":"1\u00a0Minute"},"schema":{"@context":"https:\/\/schema.org","@graph":[{"@type":"WebPage","@id":"https:\/\/www.bera-bv.com\/de\/product\/bera-waterups-wicking-kit-fuer-pflanzkuebel-und-gemuesegarten\/","url":"https:\/\/www.bera-bv.com\/de\/product\/bera-waterups-wicking-kit-fuer-pflanzkuebel-und-gemuesegarten\/","name":"BERA WaterUps Wicking-Kit \u2013 f\u00fcr Pflanzk\u00fcbel und Gem\u00fcsegarten - BERA BV","isPartOf":{"@id":"https:\/\/www.bera-bv.com\/de\/#website"},"primaryImageOfPage":{"@id":"https:\/\/www.bera-bv.com\/de\/product\/bera-waterups-wicking-kit-fuer-pflanzkuebel-und-gemuesegarten\/#primaryimage"},"image":{"@id":"https:\/\/www.bera-bv.com\/de\/product\/bera-waterups-wicking-kit-fuer-pflanzkuebel-und-gemuesegarten\/#primaryimage"},"thumbnailUrl":"https:\/\/www.bera-bv.com\/wp-content\/uploads\/2025\/12\/8080-Wicking-Kit_for_plantenbak-moestuin.jpg","datePublished":"2025-12-22T11:36:36+00:00","dateModified":"2026-04-15T13:38:42+00:00","breadcrumb":{"@id":"https:\/\/www.bera-bv.com\/de\/product\/bera-waterups-wicking-kit-fuer-pflanzkuebel-und-gemuesegarten\/#breadcrumb"},"inLanguage":"de","potentialAction":[{"@type":"ReadAction","target":["https:\/\/www.bera-bv.com\/de\/product\/bera-waterups-wicking-kit-fuer-pflanzkuebel-und-gemuesegarten\/"]}]},{"@type":"ImageObject","inLanguage":"de","@id":"https:\/\/www.bera-bv.com\/de\/product\/bera-waterups-wicking-kit-fuer-pflanzkuebel-und-gemuesegarten\/#primaryimage","url":"https:\/\/www.bera-bv.com\/wp-content\/uploads\/2025\/12\/8080-Wicking-Kit_for_plantenbak-moestuin.jpg","contentUrl":"https:\/\/www.bera-bv.com\/wp-content\/uploads\/2025\/12\/8080-Wicking-Kit_for_plantenbak-moestuin.jpg","width":1772,"height":1772,"caption":"BERA WaterUps Wasserreservoir f\u00fcr Pflanzk\u00fcbel und Gem\u00fcsegarten"},{"@type":"BreadcrumbList","@id":"https:\/\/www.bera-bv.com\/de\/product\/bera-waterups-wicking-kit-fuer-pflanzkuebel-und-gemuesegarten\/#breadcrumb","itemListElement":[{"@type":"ListItem","position":1,"name":"Home","item":"https:\/\/www.bera-bv.com\/de\/"},{"@type":"ListItem","position":2,"name":"Shop","item":"https:\/\/www.bera-bv.com\/de\/shop\/"},{"@type":"ListItem","position":3,"name":"BERA WaterUps Wicking-Kit \u2013 f\u00fcr Pflanzk\u00fcbel und Gem\u00fcsegarten"}]},{"@type":"WebSite","@id":"https:\/\/www.bera-bv.com\/de\/#website","url":"https:\/\/www.bera-bv.com\/de\/","name":"BERA BV","description":"Creatief en duurzaam landschapsontwerp","publisher":{"@id":"https:\/\/www.bera-bv.com\/de\/#organization"},"potentialAction":[{"@type":"SearchAction","target":{"@type":"EntryPoint","urlTemplate":"https:\/\/www.bera-bv.com\/de\/?s={search_term_string}"},"query-input":{"@type":"PropertyValueSpecification","valueRequired":true,"valueName":"search_term_string"}}],"inLanguage":"de"},{"@type":"Organization","@id":"https:\/\/www.bera-bv.com\/de\/#organization","name":"BERA BV","url":"https:\/\/www.bera-bv.com\/de\/","logo":{"@type":"ImageObject","inLanguage":"de","@id":"https:\/\/www.bera-bv.com\/de\/#\/schema\/logo\/image\/","url":"https:\/\/www.bera-bv.com\/wp-content\/uploads\/2025\/12\/BERA-logo_light.svg","contentUrl":"https:\/\/www.bera-bv.com\/wp-content\/uploads\/2025\/12\/BERA-logo_light.svg","caption":"BERA BV"},"image":{"@id":"https:\/\/www.bera-bv.com\/de\/#\/schema\/logo\/image\/"}}]}},"_links":{"self":[{"href":"https:\/\/www.bera-bv.com\/de\/wp-json\/wp\/v2\/product\/12775","targetHints":{"allow":["GET"]}}],"collection":[{"href":"https:\/\/www.bera-bv.com\/de\/wp-json\/wp\/v2\/product"}],"about":[{"href":"https:\/\/www.bera-bv.com\/de\/wp-json\/wp\/v2\/types\/product"}],"wp:featuredmedia":[{"embeddable":true,"href":"https:\/\/www.bera-bv.com\/de\/wp-json\/wp\/v2\/media\/12720"}],"wp:attachment":[{"href":"https:\/\/www.bera-bv.com\/de\/wp-json\/wp\/v2\/media?parent=12775"}],"wp:term":[{"taxonomy":"product_brand","embeddable":true,"href":"https:\/\/www.bera-bv.com\/de\/wp-json\/wp\/v2\/product_brand?post=12775"},{"taxonomy":"product_cat","embeddable":true,"href":"https:\/\/www.bera-bv.com\/de\/wp-json\/wp\/v2\/product_cat?post=12775"},{"taxonomy":"product_tag","embeddable":true,"href":"https:\/\/www.bera-bv.com\/de\/wp-json\/wp\/v2\/product_tag?post=12775"}],"curies":[{"name":"wp","href":"https:\/\/api.w.org\/{rel}","templated":true}]}}