{"id":10763,"date":"2026-02-16T05:02:08","date_gmt":"2026-02-16T04:02:08","guid":{"rendered":"http:\/\/bera-bv.com\/datenschutzerklaerung\/"},"modified":"2026-02-16T05:02:09","modified_gmt":"2026-02-16T04:02:09","slug":"datenschutzerklaerung","status":"publish","type":"page","link":"https:\/\/www.bera-bv.com\/de\/datenschutzerklaerung\/","title":{"rendered":"Datenschutzerkl\u00e4rung"},"content":{"rendered":"\t\t<div data-elementor-type=\"wp-page\" data-elementor-id=\"10763\" class=\"elementor elementor-10763 elementor-5877\" data-elementor-post-type=\"page\">\n\t\t\t\t<div class=\"elementor-element elementor-element-0d5bcd5 pad-l e-flex e-con-boxed e-con e-parent\" data-id=\"0d5bcd5\" data-element_type=\"container\" data-e-type=\"container\">\n\t\t\t\t\t<div class=\"e-con-inner\">\n\t\t<div class=\"elementor-element elementor-element-26dc506 e-con-full pad-tb-s e-flex e-con e-child\" data-id=\"26dc506\" data-element_type=\"container\" data-e-type=\"container\">\n\t\t\t\t<div class=\"elementor-element elementor-element-f2fb8d0 elementor-widget elementor-widget-heading\" data-id=\"f2fb8d0\" data-element_type=\"widget\" data-e-type=\"widget\" data-widget_type=\"heading.default\">\n\t\t\t\t<div class=\"elementor-widget-container\">\n\t\t\t\t\t<h1 class=\"elementor-heading-title elementor-size-default\">Datenschutzerkl\u00e4rung<\/h1>\t\t\t\t<\/div>\n\t\t\t\t<\/div>\n\t\t\t\t<div class=\"elementor-element elementor-element-763618f elementor-widget elementor-widget-text-editor\" data-id=\"763618f\" data-element_type=\"widget\" data-e-type=\"widget\" data-widget_type=\"text-editor.default\">\n\t\t\t\t<div class=\"elementor-widget-container\">\n\t\t\t\t\t\t\t\t\t<p>Unsere Website kann ohne Eingabe personenbezogener Daten genutzt werden. F\u00fcr bestimmte Dienste auf unserer Seite k\u00f6nnen jedoch abweichende Regelungen gelten, die untenstehend gesondert erl\u00e4utert werden. Wir erheben von Ihnen personenbezogene Daten (z. B. Name, Anschrift, E-Mail-Adresse, Telefonnummer etc.) gem\u00e4\u00df den Bestimmungen des deutschen Datenschutzrechts. Daten gelten als personenbezogen, wenn sie ausschlie\u00dflich einer bestimmten nat\u00fcrlichen Person zugeordnet werden k\u00f6nnen. Die rechtlichen Grundlagen des Datenschutzes finden sich im Bundesdatenschutzgesetz (BDSG) und dem Telemediengesetz (TMG). Die nachstehenden Bestimmungen dienen der Information \u00fcber Art, Umfang und Zweck der Erhebung, Nutzung und Verarbeitung personenbezogener Daten durch den Anbieter.     <\/p><p>BERA BV<br>Middelaarseweg 3A<br>3871 KR Hoevelaken<br>Niederlande<br>T +31 (0) 33 257 0302<br>F +31 (0) 33 257 2228<br>E <a href=\"mailto:info@bera-bv.com\" target=\"_blank\" rel=\"noopener\">info@bera-bv.com<\/a><\/p><p>Bitte beachten Sie, dass die Daten\u00fcbertragung im Internet Sicherheitsl\u00fccken aufweisen kann und daher ein l\u00fcckenloser Schutz vor dem Zugriff Dritter auf \u00fcbermittelte Daten nicht gew\u00e4hrleistet werden kann.<\/p><h4 class=\"fusion-responsive-typography-calculated\" data-fontsize=\"18\" data-lineheight=\"23.4px\">Cookies<\/h4><p>Unsere Website verwendet sogenannte Cookies, um die wiederholte Nutzung unserer Website durch denselben Nutzer\/Internetanschlussinhaber zu erkennen. Cookies sind kleine Textdateien, die Ihr Internetbrowser auf Ihrem Computer herunterl\u00e4dt und speichert. Sie dienen dazu, unseren Internetauftritt und unsere Angebote zu verbessern. In den meisten F\u00e4llen handelt es sich dabei um sogenannte \u201eSession-Cookies\u201c, die nach dem Verlassen unserer Website wieder gel\u00f6scht werden.   <\/p><p>Teilweise geben diese Cookies jedoch auch Informationen ab, um Sie automatisch wiederzuerkennen. Die Wiedererkennung erfolgt anhand der in den Cookies gespeicherten IP-Adresse. Die so erhaltenen Informationen dienen dazu, unsere Angebote zu optimieren und Ihnen den Zugang zur Website zu erleichtern.  <\/p><p>Sie k\u00f6nnen die Installation der Cookies durch eine entsprechende Einstellung Ihrer Browser-Software verhindern. Wir weisen Sie jedoch darauf hin, dass Sie in diesem Fall gegebenenfalls nicht s\u00e4mtliche Funktionen unserer Website vollumf\u00e4nglich nutzen k\u00f6nnen. <\/p><h4 class=\"fusion-responsive-typography-calculated\" data-fontsize=\"18\" data-lineheight=\"23.4px\">Einsatz von Google Analytics mit Anonymisierungsfunktion<\/h4><p>Unsere Website verwendet Google Analytics, einen Webanalysedienst der Google Inc., 1600 Amphitheatre Parkway, Mountain View, CA 94043 USA, nachfolgend \u201eGoogle\u201c genannt. Google Analytics verwendet sogenannte \u201eCookies\u201c, Textdateien, die auf Ihrem Computer gespeichert werden, um eine Analyse Ihrer Benutzung der Website zu erm\u00f6glichen.<\/p><p>Die durch diese Cookies erzeugten Informationen, beispielsweise Zeit, Ort und H\u00e4ufigkeit Ihres Website-Besuchs einschlie\u00dflich Ihrer IP-Adresse, werden an einen Standort von Google in den USA \u00fcbertragen und dort gespeichert.<\/p><p>Wir verwenden Google Analytics auf unserer Website mit einer IP-Anonymisierungsfunktion. Dabei wird Ihre IP-Adresse von Google bereits innerhalb von Mitgliedstaaten der Europ\u00e4ischen Union oder in anderen Vertragsstaaten des Abkommens \u00fcber den Europ\u00e4ischen Wirtschaftsraum gek\u00fcrzt und dadurch anonymisiert. <\/p><p>Google wird diese Informationen benutzen, um Ihre Nutzung unserer Website auszuwerten, um Reports \u00fcber die Websiteaktivit\u00e4ten f\u00fcr uns zusammenzustellen und um weitere mit der Websitenutzung und der Internetnutzung verbundene Dienstleistungen zu erbringen. Auch wird Google diese Informationen gegebenenfalls an Dritte \u00fcbertragen, sofern dies gesetzlich vorgeschrieben ist oder soweit Dritte diese Daten im Auftrag von Google verarbeiten. <\/p><p>Google gibt an, dass Ihre IP-Adresse in keinem Fall mit anderen Daten von Google in Verbindung gebracht wird. Sie k\u00f6nnen die Installation der Cookies durch eine entsprechende Einstellung Ihrer Browser-Software verhindern. Wir weisen Sie jedoch darauf hin, dass Sie in diesem Fall gegebenenfalls nicht s\u00e4mtliche Funktionen unserer Website vollumf\u00e4nglich nutzen k\u00f6nnen.  <\/p><p>Google bietet zudem f\u00fcr die g\u00e4ngigsten Browser eine Deaktivierungsoption an, die Ihnen mehr Kontrolle dar\u00fcber gibt, welche Daten von Google erfasst und verarbeitet werden. Wenn Sie diese Option aktivieren, werden keine Informationen \u00fcber Ihren Website-Besuch an Google Analytics \u00fcbermittelt. Die Aktivierung verhindert jedoch nicht die \u00dcbermittlung von Informationen an uns oder an andere von uns gegebenenfalls eingesetzte Webanalysedienste. Weitere Informationen zur von Google bereitgestellten Deaktivierungsoption und zur Aktivierung dieser Option finden Sie unter <a href=\"https:\/\/tools.google.com\/dlpage\/gaoptout?hl=de\" target=\"_blank\" rel=\"nofollow noopener\" data-saferedirecturl=\"https:\/\/www.google.com\/url?q=https:\/\/tools.google.com\/dlpage\/gaoptout?hl%3Dde&amp;source=gmail&amp;ust=1547566744703000&amp;usg=AFQjCNEy5oU3KmFaW8gxQJFphLI-9gJE_g\">https:\/\/tools.google.<wbr><\/wbr>com\/dlpage\/gaoptout?hl=de<\/a>   <\/p><h4 class=\"fusion-responsive-typography-calculated\" data-fontsize=\"18\" data-lineheight=\"23.4px\">Einsatz von Google Maps<\/h4><p>Wir setzen die Komponente \u201eGoogle Maps\u201c der Google Inc., 1600 Amphitheatre Parkway, Mountain View, CA 94043 USA, nachfolgend \u201eGoogle\u201c, ein.<\/p><p>Bei jedem einzelnen Aufruf der Komponente \u201eGoogle Maps\u201c wird von Google ein Cookie gesetzt, um bei der Anzeige der Seite, auf der die Komponente \u201eGoogle Maps\u201c integriert ist, Nutzereinstellungen und -daten zu verarbeiten. Dieses Cookie wird im Regelfall nicht durch das Schlie\u00dfen des Browsers gel\u00f6scht, sondern l\u00e4uft nach einer bestimmten Zeit ab, sofern es nicht zuvor von Ihnen manuell gel\u00f6scht wird. <\/p><p>Wenn Sie mit dieser Verarbeitung Ihrer Daten nicht einverstanden sind, so besteht die M\u00f6glichkeit, den Service von \u201eGoogle Maps\u201c zu deaktivieren und auf diesem Weg die \u00dcbertragung von Daten an Google zu verhindern. Dazu m\u00fcssen Sie die Java-Script-Funktion in Ihrem Browser deaktivieren. Wir weisen Sie jedoch darauf hin, dass Sie in diesem Fall \u201eGoogle Maps\u201c nicht oder nur eingeschr\u00e4nkt nutzen k\u00f6nnen.  <\/p><p>Die Nutzung von \u201eGoogle Maps\u201c und der \u00fcber \u201eGoogle Maps\u201c erlangten Informationen erfolgt gem\u00e4\u00df den Google-Nutzungsbedingungen<\/p><p><a href=\"http:\/\/www.google.de\/intl\/de\/policies\/terms\/regional.html\" target=\"_blank\" rel=\"nofollow noopener\" data-saferedirecturl=\"https:\/\/www.google.com\/url?q=http:\/\/www.google.de\/intl\/de\/policies\/terms\/regional.html&amp;source=gmail&amp;ust=1547566744703000&amp;usg=AFQjCNF-kE0dx_KrTvqYUDvmtipD52xAlA\">http:\/\/www.google.de\/intl\/de\/<wbr><\/wbr>policies\/terms\/regional.html<\/a><\/p><p>sowie den zus\u00e4tzlichen Gesch\u00e4ftsbedingungen f\u00fcr \u201eGoogle Maps\u201c<\/p><p><a href=\"https:\/\/www.google.com\/intl\/de_de\/help\/terms_maps.html\" target=\"_blank\" rel=\"nofollow noopener\" data-saferedirecturl=\"https:\/\/www.google.com\/url?q=https:\/\/www.google.com\/intl\/de_de\/help\/terms_maps.html&amp;source=gmail&amp;ust=1547566744703000&amp;usg=AFQjCNHy361Yg4dUjDpZ1WWWOExXSCTSUA\">https:\/\/www.google.com\/intl\/<wbr><\/wbr>de_de\/help\/terms_maps.html<\/a>.<\/p><h4 class=\"fusion-responsive-typography-calculated\" data-fontsize=\"18\" data-lineheight=\"23.4px\">Einsatz von Google-Adwords<\/h4><p>Zu Zwecken der Bewerbung setzt unsere Website zudem das Google Werbetool \u201eGoogle-Adwords\u201c ein. In diesem Rahmen verwendet unsere Website den Analysedienst \u201eConversion-Tracking\u201c der Google Inc., 1600 Amphitheatre Parkway, Mountain View, CA 94043 USA, nachfolgend \u201eGoogle\u201c genannt. Sofern Sie \u00fcber eine Google-Anzeige auf unsere Website gelangt sind, wird ein Cookie auf Ihrem Computer abgelegt. Cookies sind kleine Textdateien, die Ihr Internetbrowser auf Ihrem Computer herunterl\u00e4dt und speichert. Diese sogenannten \u201eConversion-Cookies\u201c verlieren nach 30 Tagen ihre G\u00fcltigkeit und dienen nicht Ihrer pers\u00f6nlichen Identifizierung. Besuchen Sie bestimmte Seiten unserer Website und das Cookie ist noch nicht abgelaufen, k\u00f6nnen wir und Google erkennen, dass Sie als Nutzer auf eine bei Google platzierte Anzeige geklickt haben und zu unserer Seite weitergeleitet wurden.<br>Die mit Hilfe der \u201eConversion-Cookies\u201c eingeholten Informationen dienen Google dazu, Besuchsstatistiken f\u00fcr unsere Website zu erstellen. Durch diese Statistik erfahren wir die Gesamtanzahl der Nutzer, die auf unsere Anzeige geklickt haben, sowie welche Seiten unserer Website vom jeweiligen Nutzer im Anschluss aufgerufen wurden. Wir bzw. andere \u00fcber \u201eGoogle-Adwords\u201c Werbende erhalten jedoch keinerlei Informationen, mit denen sich Nutzer pers\u00f6nlich identifizieren lassen.<br>Sie k\u00f6nnen die Installation der \u201eConversion-Cookies\u201c durch eine entsprechende Einstellung Ihres Browsers verhindern, etwa per Browser-Einstellung, welche das automatische Setzen von Cookies generell deaktiviert oder speziell nur die Cookies von der Domain \u201e<a href=\"http:\/\/googleadservices.com\/\" target=\"_blank\" rel=\"noopener\" data-saferedirecturl=\"https:\/\/www.google.com\/url?q=http:\/\/googleadservices.com&amp;source=gmail&amp;ust=1547566744703000&amp;usg=AFQjCNG-hRZQHY-1s3mdjJVI7lpq2oZeCw\">googleadservices.com<\/a>\u201c blockiert.  <\/p><p>Die diesbez\u00fcgliche Datenschutzerkl\u00e4rung von Google erhalten Sie unter dem nachfolgenden Link:<\/p><p><a href=\"https:\/\/services.google.com\/sitestats\/de.html\" target=\"_blank\" rel=\"nofollow noopener\" data-saferedirecturl=\"https:\/\/www.google.com\/url?q=https:\/\/services.google.com\/sitestats\/de.html&amp;source=gmail&amp;ust=1547566744703000&amp;usg=AFQjCNH-0D45H0P334rJ4Ww9DqExeG-Uog\">https:\/\/services.google.com\/<wbr><\/wbr>sitestats\/de.html<\/a><\/p><h4 class=\"fusion-responsive-typography-calculated\" data-fontsize=\"18\" data-lineheight=\"23.4px\">Einsatz von Google Remarketing<\/h4><p>Wir bewerben auf unserer Website den Dienst Google Remarketing der Firma Google Inc., 1600 Amphitheatre Parkway, Mountain View, CA 94043 USA, nachfolgend \u201eGoogle\u201c. Mit Google Remarketing k\u00f6nnen Anzeigen f\u00fcr Nutzer geschaltet werden, die unsere Website in der Vergangenheit bereits besucht haben. Innerhalb des Google-Werbenetzwerks k\u00f6nnen hierdurch an Ihre Interessen angepasste Werbeanzeigen auf unserer Seite angezeigt werden. Google Remarketing verwendet f\u00fcr diese Auswertung Cookies. Cookies sind kleine Textdateien, die auf Ihrem Computer gespeichert werden und die eine Analyse der Benutzung der Website erm\u00f6glichen. Dies erm\u00f6glicht es, unsere Besucher wiederzuerkennen, wenn diese Seiten innerhalb des Werbenetzwerks von Google aufrufen. Auf diese Weise k\u00f6nnen innerhalb des Werbenetzwerks von Google Werbeanzeigen pr\u00e4sentiert werden, die sich auf Inhalte beziehen, die der Besucher zuvor auf Websites des Google-Werbenetzwerks aufgerufen hat, die ebenfalls die Google Remarketing-Funktion nutzen. Google erhebt dabei nach eigenen Angaben keine personenbezogenen Daten. Sie k\u00f6nnen diese Funktion deaktivieren, indem Sie die entsprechenden Einstellungen unter <a href=\"http:\/\/www.google.com\/settings\/ads\" target=\"_blank\" rel=\"noopener\" data-saferedirecturl=\"https:\/\/www.google.com\/url?q=http:\/\/www.google.com\/settings\/ads&amp;source=gmail&amp;ust=1547566744703000&amp;usg=AFQjCNEpE9Z-DwBmoHkSwHHnXAGmzPxa6w\">http:\/\/www.google.com\/<wbr><\/wbr>settings\/ads<\/a> vornehmen. <\/p><h3 class=\"fusion-responsive-typography-calculated\" data-fontsize=\"16\" data-lineheight=\"20.8px\">Auskunft\/Widerruf\/<wbr><\/wbr>L\u00f6schung<\/h3><p>Sie k\u00f6nnen sich aufgrund des Bundesdatenschutzgesetzes bei Fragen zur Erhebung, Verarbeitung oder Nutzung Ihrer personenbezogenen Daten und deren Berichtigung, Sperrung, L\u00f6schung oder einem Widerruf einer erteilten Einwilligung unentgeltlich an uns wenden. Wir weisen darauf hin, dass Ihnen ein Recht auf Berichtigung falscher Daten oder L\u00f6schung personenbezogener Daten zusteht, sollte diesem Anspruch keine gesetzliche Aufbewahrungspflicht entgegenstehen. <\/p>\t\t\t\t\t\t\t\t<\/div>\n\t\t\t\t<\/div>\n\t\t\t\t<\/div>\n\t\t\t\t\t<\/div>\n\t\t\t\t<\/div>\n\t\t\t\t<\/div>\n\t\t","protected":false},"excerpt":{"rendered":"<p>Datenschutzerkl\u00e4rung Unsere Website kann ohne Eingabe personenbezogener Daten genutzt werden. F\u00fcr bestimmte Dienste auf unserer Seite k\u00f6nnen jedoch abweichende Regelungen gelten, die untenstehend gesondert erl\u00e4utert [&hellip;]<\/p>\n","protected":false},"author":3,"featured_media":0,"parent":0,"menu_order":0,"comment_status":"closed","ping_status":"closed","template":"elementor_header_footer","meta":{"site-sidebar-layout":"no-sidebar","site-content-layout":"page-builder","ast-site-content-layout":"full-width-container","site-content-style":"default","site-sidebar-style":"default","ast-global-header-display":"","ast-banner-title-visibility":"","ast-main-header-display":"","ast-hfb-above-header-display":"","ast-hfb-below-header-display":"","ast-hfb-mobile-header-display":"","site-post-title":"disabled","ast-breadcrumbs-content":"","ast-featured-img":"disabled","footer-sml-layout":"","ast-disable-related-posts":"","theme-transparent-header-meta":"default","adv-header-id-meta":"","stick-header-meta":"default","header-above-stick-meta":"","header-main-stick-meta":"","header-below-stick-meta":"","astra-migrate-meta-layouts":"default","ast-page-background-enabled":"default","ast-page-background-meta":{"desktop":{"background-color":"var(--ast-global-color-4)","background-image":"","background-repeat":"repeat","background-position":"center center","background-size":"auto","background-attachment":"scroll","background-type":"","background-media":"","overlay-type":"","overlay-color":"","overlay-opacity":"","overlay-gradient":""},"tablet":{"background-color":"","background-image":"","background-repeat":"repeat","background-position":"center center","background-size":"auto","background-attachment":"scroll","background-type":"","background-media":"","overlay-type":"","overlay-color":"","overlay-opacity":"","overlay-gradient":""},"mobile":{"background-color":"","background-image":"","background-repeat":"repeat","background-position":"center center","background-size":"auto","background-attachment":"scroll","background-type":"","background-media":"","overlay-type":"","overlay-color":"","overlay-opacity":"","overlay-gradient":""}},"ast-content-background-meta":{"desktop":{"background-color":"var(--ast-global-color-5)","background-image":"","background-repeat":"repeat","background-position":"center center","background-size":"auto","background-attachment":"scroll","background-type":"","background-media":"","overlay-type":"","overlay-color":"","overlay-opacity":"","overlay-gradient":""},"tablet":{"background-color":"var(--ast-global-color-5)","background-image":"","background-repeat":"repeat","background-position":"center center","background-size":"auto","background-attachment":"scroll","background-type":"","background-media":"","overlay-type":"","overlay-color":"","overlay-opacity":"","overlay-gradient":""},"mobile":{"background-color":"var(--ast-global-color-5)","background-image":"","background-repeat":"repeat","background-position":"center center","background-size":"auto","background-attachment":"scroll","background-type":"","background-media":"","overlay-type":"","overlay-color":"","overlay-opacity":"","overlay-gradient":""}},"footnotes":""},"class_list":["post-10763","page","type-page","status-publish","hentry"],"yoast_head":"<!-- This site is optimized with the Yoast SEO plugin v27.4 - https:\/\/yoast.com\/product\/yoast-seo-wordpress\/ -->\n<title>Datenschutzerkl\u00e4rung - BERA BV<\/title>\n<meta name=\"robots\" content=\"index, follow, max-snippet:-1, max-image-preview:large, max-video-preview:-1\" \/>\n<link rel=\"canonical\" href=\"https:\/\/www.bera-bv.com\/de\/datenschutzerklaerung\/\" \/>\n<meta property=\"og:locale\" content=\"de_DE\" \/>\n<meta property=\"og:type\" content=\"article\" \/>\n<meta property=\"og:title\" content=\"Datenschutzerkl\u00e4rung - BERA BV\" \/>\n<meta property=\"og:description\" content=\"Datenschutzerkl\u00e4rung Unsere Website kann ohne Eingabe personenbezogener Daten genutzt werden. F\u00fcr bestimmte Dienste auf unserer Seite k\u00f6nnen jedoch abweichende Regelungen gelten, die untenstehend gesondert erl\u00e4utert [&hellip;]\" \/>\n<meta property=\"og:url\" content=\"https:\/\/www.bera-bv.com\/de\/datenschutzerklaerung\/\" \/>\n<meta property=\"og:site_name\" content=\"BERA BV\" \/>\n<meta property=\"article:modified_time\" content=\"2026-02-16T04:02:09+00:00\" \/>\n<meta name=\"twitter:card\" content=\"summary_large_image\" \/>\n<meta name=\"twitter:label1\" content=\"Gesch\u00e4tzte Lesezeit\" \/>\n\t<meta name=\"twitter:data1\" content=\"6\u00a0Minute\" \/>\n<script type=\"application\/ld+json\" class=\"yoast-schema-graph\">{\"@context\":\"https:\\\/\\\/schema.org\",\"@graph\":[{\"@type\":\"WebPage\",\"@id\":\"https:\\\/\\\/www.bera-bv.com\\\/de\\\/datenschutzerklaerung\\\/\",\"url\":\"https:\\\/\\\/www.bera-bv.com\\\/de\\\/datenschutzerklaerung\\\/\",\"name\":\"Datenschutzerkl\u00e4rung - BERA BV\",\"isPartOf\":{\"@id\":\"https:\\\/\\\/www.bera-bv.com\\\/de\\\/#website\"},\"datePublished\":\"2026-02-16T04:02:08+00:00\",\"dateModified\":\"2026-02-16T04:02:09+00:00\",\"breadcrumb\":{\"@id\":\"https:\\\/\\\/www.bera-bv.com\\\/de\\\/datenschutzerklaerung\\\/#breadcrumb\"},\"inLanguage\":\"de\",\"potentialAction\":[{\"@type\":\"ReadAction\",\"target\":[\"https:\\\/\\\/www.bera-bv.com\\\/de\\\/datenschutzerklaerung\\\/\"]}]},{\"@type\":\"BreadcrumbList\",\"@id\":\"https:\\\/\\\/www.bera-bv.com\\\/de\\\/datenschutzerklaerung\\\/#breadcrumb\",\"itemListElement\":[{\"@type\":\"ListItem\",\"position\":1,\"name\":\"Home\",\"item\":\"https:\\\/\\\/www.bera-bv.com\\\/de\\\/\"},{\"@type\":\"ListItem\",\"position\":2,\"name\":\"Datenschutzerkl\u00e4rung\"}]},{\"@type\":\"WebSite\",\"@id\":\"https:\\\/\\\/www.bera-bv.com\\\/de\\\/#website\",\"url\":\"https:\\\/\\\/www.bera-bv.com\\\/de\\\/\",\"name\":\"BERA BV\",\"description\":\"Creatief en duurzaam landschapsontwerp\",\"publisher\":{\"@id\":\"https:\\\/\\\/www.bera-bv.com\\\/de\\\/#organization\"},\"potentialAction\":[{\"@type\":\"SearchAction\",\"target\":{\"@type\":\"EntryPoint\",\"urlTemplate\":\"https:\\\/\\\/www.bera-bv.com\\\/de\\\/?s={search_term_string}\"},\"query-input\":{\"@type\":\"PropertyValueSpecification\",\"valueRequired\":true,\"valueName\":\"search_term_string\"}}],\"inLanguage\":\"de\"},{\"@type\":\"Organization\",\"@id\":\"https:\\\/\\\/www.bera-bv.com\\\/de\\\/#organization\",\"name\":\"BERA BV\",\"url\":\"https:\\\/\\\/www.bera-bv.com\\\/de\\\/\",\"logo\":{\"@type\":\"ImageObject\",\"inLanguage\":\"de\",\"@id\":\"https:\\\/\\\/www.bera-bv.com\\\/de\\\/#\\\/schema\\\/logo\\\/image\\\/\",\"url\":\"https:\\\/\\\/www.bera-bv.com\\\/wp-content\\\/uploads\\\/2025\\\/12\\\/BERA-logo_light.svg\",\"contentUrl\":\"https:\\\/\\\/www.bera-bv.com\\\/wp-content\\\/uploads\\\/2025\\\/12\\\/BERA-logo_light.svg\",\"caption\":\"BERA BV\"},\"image\":{\"@id\":\"https:\\\/\\\/www.bera-bv.com\\\/de\\\/#\\\/schema\\\/logo\\\/image\\\/\"}}]}<\/script>\n<!-- \/ Yoast SEO plugin. -->","yoast_head_json":{"title":"Datenschutzerkl\u00e4rung - BERA BV","robots":{"index":"index","follow":"follow","max-snippet":"max-snippet:-1","max-image-preview":"max-image-preview:large","max-video-preview":"max-video-preview:-1"},"canonical":"https:\/\/www.bera-bv.com\/de\/datenschutzerklaerung\/","og_locale":"de_DE","og_type":"article","og_title":"Datenschutzerkl\u00e4rung - BERA BV","og_description":"Datenschutzerkl\u00e4rung Unsere Website kann ohne Eingabe personenbezogener Daten genutzt werden. F\u00fcr bestimmte Dienste auf unserer Seite k\u00f6nnen jedoch abweichende Regelungen gelten, die untenstehend gesondert erl\u00e4utert [&hellip;]","og_url":"https:\/\/www.bera-bv.com\/de\/datenschutzerklaerung\/","og_site_name":"BERA BV","article_modified_time":"2026-02-16T04:02:09+00:00","twitter_card":"summary_large_image","twitter_misc":{"Gesch\u00e4tzte Lesezeit":"6\u00a0Minute"},"schema":{"@context":"https:\/\/schema.org","@graph":[{"@type":"WebPage","@id":"https:\/\/www.bera-bv.com\/de\/datenschutzerklaerung\/","url":"https:\/\/www.bera-bv.com\/de\/datenschutzerklaerung\/","name":"Datenschutzerkl\u00e4rung - BERA BV","isPartOf":{"@id":"https:\/\/www.bera-bv.com\/de\/#website"},"datePublished":"2026-02-16T04:02:08+00:00","dateModified":"2026-02-16T04:02:09+00:00","breadcrumb":{"@id":"https:\/\/www.bera-bv.com\/de\/datenschutzerklaerung\/#breadcrumb"},"inLanguage":"de","potentialAction":[{"@type":"ReadAction","target":["https:\/\/www.bera-bv.com\/de\/datenschutzerklaerung\/"]}]},{"@type":"BreadcrumbList","@id":"https:\/\/www.bera-bv.com\/de\/datenschutzerklaerung\/#breadcrumb","itemListElement":[{"@type":"ListItem","position":1,"name":"Home","item":"https:\/\/www.bera-bv.com\/de\/"},{"@type":"ListItem","position":2,"name":"Datenschutzerkl\u00e4rung"}]},{"@type":"WebSite","@id":"https:\/\/www.bera-bv.com\/de\/#website","url":"https:\/\/www.bera-bv.com\/de\/","name":"BERA BV","description":"Creatief en duurzaam landschapsontwerp","publisher":{"@id":"https:\/\/www.bera-bv.com\/de\/#organization"},"potentialAction":[{"@type":"SearchAction","target":{"@type":"EntryPoint","urlTemplate":"https:\/\/www.bera-bv.com\/de\/?s={search_term_string}"},"query-input":{"@type":"PropertyValueSpecification","valueRequired":true,"valueName":"search_term_string"}}],"inLanguage":"de"},{"@type":"Organization","@id":"https:\/\/www.bera-bv.com\/de\/#organization","name":"BERA BV","url":"https:\/\/www.bera-bv.com\/de\/","logo":{"@type":"ImageObject","inLanguage":"de","@id":"https:\/\/www.bera-bv.com\/de\/#\/schema\/logo\/image\/","url":"https:\/\/www.bera-bv.com\/wp-content\/uploads\/2025\/12\/BERA-logo_light.svg","contentUrl":"https:\/\/www.bera-bv.com\/wp-content\/uploads\/2025\/12\/BERA-logo_light.svg","caption":"BERA BV"},"image":{"@id":"https:\/\/www.bera-bv.com\/de\/#\/schema\/logo\/image\/"}}]}},"_links":{"self":[{"href":"https:\/\/www.bera-bv.com\/de\/wp-json\/wp\/v2\/pages\/10763","targetHints":{"allow":["GET"]}}],"collection":[{"href":"https:\/\/www.bera-bv.com\/de\/wp-json\/wp\/v2\/pages"}],"about":[{"href":"https:\/\/www.bera-bv.com\/de\/wp-json\/wp\/v2\/types\/page"}],"author":[{"embeddable":true,"href":"https:\/\/www.bera-bv.com\/de\/wp-json\/wp\/v2\/users\/3"}],"replies":[{"embeddable":true,"href":"https:\/\/www.bera-bv.com\/de\/wp-json\/wp\/v2\/comments?post=10763"}],"version-history":[{"count":0,"href":"https:\/\/www.bera-bv.com\/de\/wp-json\/wp\/v2\/pages\/10763\/revisions"}],"wp:attachment":[{"href":"https:\/\/www.bera-bv.com\/de\/wp-json\/wp\/v2\/media?parent=10763"}],"curies":[{"name":"wp","href":"https:\/\/api.w.org\/{rel}","templated":true}]}}