{"id":10752,"date":"2026-02-16T04:59:23","date_gmt":"2026-02-16T03:59:23","guid":{"rendered":"http:\/\/bera-bv.com\/beschwerdeseite\/"},"modified":"2026-02-24T14:56:36","modified_gmt":"2026-02-24T13:56:36","slug":"beschwerdeseite","status":"publish","type":"page","link":"https:\/\/www.bera-bv.com\/de\/beschwerdeseite\/","title":{"rendered":"Beschwerdeseite"},"content":{"rendered":"\t\t<div data-elementor-type=\"wp-page\" data-elementor-id=\"10752\" class=\"elementor elementor-10752 elementor-8789\" data-elementor-post-type=\"page\">\n\t\t\t\t<div class=\"elementor-element elementor-element-a2056d8 pad-l e-flex e-con-boxed e-con e-parent\" data-id=\"a2056d8\" data-element_type=\"container\" data-e-type=\"container\">\n\t\t\t\t\t<div class=\"e-con-inner\">\n\t\t<div class=\"elementor-element elementor-element-7f08886 e-con-full pad-tb-s e-flex e-con e-child\" data-id=\"7f08886\" data-element_type=\"container\" data-e-type=\"container\">\n\t\t\t\t<div class=\"elementor-element elementor-element-5548307 elementor-widget elementor-widget-heading\" data-id=\"5548307\" data-element_type=\"widget\" data-e-type=\"widget\" data-widget_type=\"heading.default\">\n\t\t\t\t<div class=\"elementor-widget-container\">\n\t\t\t\t\t<h1 class=\"elementor-heading-title elementor-size-default\">Beschwerdeseite<\/h1>\t\t\t\t<\/div>\n\t\t\t\t<\/div>\n\t\t\t\t<div class=\"elementor-element elementor-element-6500492 elementor-widget elementor-widget-text-editor\" data-id=\"6500492\" data-element_type=\"widget\" data-e-type=\"widget\" data-widget_type=\"text-editor.default\">\n\t\t\t\t<div class=\"elementor-widget-container\">\n\t\t\t\t\t\t\t\t\t<div class=\"\"><div class=\"\">Es ist nat\u00fcrlich bedauerlich, wenn Sie eine Beschwerde \u00fcber unsere Produkte und\/oder Dienstleistungen haben. Wir m\u00f6chten Ihnen gerne weiterhelfen und eine zufriedenstellende L\u00f6sung anbieten. <\/div><\/div><div class=\"\"><blockquote><div class=\"\">Sie k\u00f6nnen eine E-Mail senden an:<br class=\"\"><a href=\"mailto:info@bera-bv.com\" target=\"_blank\" rel=\"noopener\">info@bera-bv.com<\/a><\/div><\/blockquote><\/div><div class=\"\"><blockquote><div class=\"\"> Sie k\u00f6nnen anrufen unter:<br><a href=\"tel:+31332570302\" target=\"_blank\" rel=\"noopener\">+31 (0) 33 257 0302<\/a><\/div><\/blockquote><div class=\"\">Unsere Mitarbeiter der Beschwerdeabteilung werden die Beschwerde pr\u00fcfen<br class=\"\">und versuchen, die Beschwerde zur Zufriedenheit aller zu l\u00f6sen.<br class=\"\"><br class=\"\">Nach Erhalt Ihrer Beschwerde erhalten Sie von uns eine Best\u00e4tigung.<br class=\"\">Wir werden Ihre Beschwerde innerhalb von 14 Tagen nach Erhalt beantworten; sollte mehr Zeit ben\u00f6tigt werden, werden wir Sie dar\u00fcber informieren.<br class=\"\">Sollten Sie dies nicht w\u00fcnschen, k\u00f6nnen Sie sich auch jederzeit an die Schlichtungsabteilung der Stichting Webshop Keurmerk wenden, der wir angeschlossen sind.<br class=\"\"><br class=\"\">Seit dem 15. Februar 2016 ist es f\u00fcr Verbraucher in der EU auch m\u00f6glich, Beschwerden \u00fcber die ODR-Plattform der Europ\u00e4ischen Kommission einzureichen. Diese ODR-Plattform ist unter (<a class=\"\" href=\"http:\/\/ec.europa.eu\/odr\">http:\/\/ec.europa.eu\/odr<\/a>) zu finden. Sofern die Beschwerde noch nicht anderweitig bearbeitet wird, steht es Ihnen frei, die Beschwerde \u00fcber die Plattform der Europ\u00e4ischen Union einzureichen. <\/div><\/div>\t\t\t\t\t\t\t\t<\/div>\n\t\t\t\t<\/div>\n\t\t\t\t<\/div>\n\t\t\t\t\t<\/div>\n\t\t\t\t<\/div>\n\t\t\t\t<\/div>\n\t\t","protected":false},"excerpt":{"rendered":"<p>Beschwerdeseite Es ist nat\u00fcrlich bedauerlich, wenn Sie eine Beschwerde \u00fcber unsere Produkte und\/oder Dienstleistungen haben. Wir m\u00f6chten Ihnen gerne weiterhelfen und eine zufriedenstellende L\u00f6sung anbieten. [&hellip;]<\/p>\n","protected":false},"author":3,"featured_media":0,"parent":0,"menu_order":0,"comment_status":"closed","ping_status":"closed","template":"elementor_header_footer","meta":{"site-sidebar-layout":"no-sidebar","site-content-layout":"page-builder","ast-site-content-layout":"full-width-container","site-content-style":"default","site-sidebar-style":"default","ast-global-header-display":"","ast-banner-title-visibility":"","ast-main-header-display":"","ast-hfb-above-header-display":"","ast-hfb-below-header-display":"","ast-hfb-mobile-header-display":"","site-post-title":"","ast-breadcrumbs-content":"","ast-featured-img":"disabled","footer-sml-layout":"","ast-disable-related-posts":"","theme-transparent-header-meta":"default","adv-header-id-meta":"","stick-header-meta":"default","header-above-stick-meta":"","header-main-stick-meta":"","header-below-stick-meta":"","astra-migrate-meta-layouts":"default","ast-page-background-enabled":"default","ast-page-background-meta":{"desktop":{"background-color":"var(--ast-global-color-4)","background-image":"","background-repeat":"repeat","background-position":"center center","background-size":"auto","background-attachment":"scroll","background-type":"","background-media":"","overlay-type":"","overlay-color":"","overlay-opacity":"","overlay-gradient":""},"tablet":{"background-color":"","background-image":"","background-repeat":"repeat","background-position":"center center","background-size":"auto","background-attachment":"scroll","background-type":"","background-media":"","overlay-type":"","overlay-color":"","overlay-opacity":"","overlay-gradient":""},"mobile":{"background-color":"","background-image":"","background-repeat":"repeat","background-position":"center center","background-size":"auto","background-attachment":"scroll","background-type":"","background-media":"","overlay-type":"","overlay-color":"","overlay-opacity":"","overlay-gradient":""}},"ast-content-background-meta":{"desktop":{"background-color":"var(--ast-global-color-5)","background-image":"","background-repeat":"repeat","background-position":"center center","background-size":"auto","background-attachment":"scroll","background-type":"","background-media":"","overlay-type":"","overlay-color":"","overlay-opacity":"","overlay-gradient":""},"tablet":{"background-color":"var(--ast-global-color-5)","background-image":"","background-repeat":"repeat","background-position":"center center","background-size":"auto","background-attachment":"scroll","background-type":"","background-media":"","overlay-type":"","overlay-color":"","overlay-opacity":"","overlay-gradient":""},"mobile":{"background-color":"var(--ast-global-color-5)","background-image":"","background-repeat":"repeat","background-position":"center center","background-size":"auto","background-attachment":"scroll","background-type":"","background-media":"","overlay-type":"","overlay-color":"","overlay-opacity":"","overlay-gradient":""}},"footnotes":""},"class_list":["post-10752","page","type-page","status-publish","hentry"],"yoast_head":"<!-- This site is optimized with the Yoast SEO plugin v27.4 - https:\/\/yoast.com\/product\/yoast-seo-wordpress\/ -->\n<title>Beschwerdeseite - BERA BV<\/title>\n<meta name=\"robots\" content=\"index, follow, max-snippet:-1, max-image-preview:large, max-video-preview:-1\" \/>\n<link rel=\"canonical\" href=\"https:\/\/www.bera-bv.com\/de\/beschwerdeseite\/\" \/>\n<meta property=\"og:locale\" content=\"de_DE\" \/>\n<meta property=\"og:type\" content=\"article\" \/>\n<meta property=\"og:title\" content=\"Beschwerdeseite - BERA BV\" \/>\n<meta property=\"og:description\" content=\"Beschwerdeseite Es ist nat\u00fcrlich bedauerlich, wenn Sie eine Beschwerde \u00fcber unsere Produkte und\/oder Dienstleistungen haben. Wir m\u00f6chten Ihnen gerne weiterhelfen und eine zufriedenstellende L\u00f6sung anbieten. [&hellip;]\" \/>\n<meta property=\"og:url\" content=\"https:\/\/www.bera-bv.com\/de\/beschwerdeseite\/\" \/>\n<meta property=\"og:site_name\" content=\"BERA BV\" \/>\n<meta property=\"article:modified_time\" content=\"2026-02-24T13:56:36+00:00\" \/>\n<meta name=\"twitter:card\" content=\"summary_large_image\" \/>\n<meta name=\"twitter:label1\" content=\"Gesch\u00e4tzte Lesezeit\" \/>\n\t<meta name=\"twitter:data1\" content=\"1\u00a0Minute\" \/>\n<script type=\"application\/ld+json\" class=\"yoast-schema-graph\">{\"@context\":\"https:\\\/\\\/schema.org\",\"@graph\":[{\"@type\":\"WebPage\",\"@id\":\"https:\\\/\\\/www.bera-bv.com\\\/de\\\/beschwerdeseite\\\/\",\"url\":\"https:\\\/\\\/www.bera-bv.com\\\/de\\\/beschwerdeseite\\\/\",\"name\":\"Beschwerdeseite - BERA BV\",\"isPartOf\":{\"@id\":\"https:\\\/\\\/www.bera-bv.com\\\/de\\\/#website\"},\"datePublished\":\"2026-02-16T03:59:23+00:00\",\"dateModified\":\"2026-02-24T13:56:36+00:00\",\"breadcrumb\":{\"@id\":\"https:\\\/\\\/www.bera-bv.com\\\/de\\\/beschwerdeseite\\\/#breadcrumb\"},\"inLanguage\":\"de\",\"potentialAction\":[{\"@type\":\"ReadAction\",\"target\":[\"https:\\\/\\\/www.bera-bv.com\\\/de\\\/beschwerdeseite\\\/\"]}]},{\"@type\":\"BreadcrumbList\",\"@id\":\"https:\\\/\\\/www.bera-bv.com\\\/de\\\/beschwerdeseite\\\/#breadcrumb\",\"itemListElement\":[{\"@type\":\"ListItem\",\"position\":1,\"name\":\"Home\",\"item\":\"https:\\\/\\\/www.bera-bv.com\\\/de\\\/\"},{\"@type\":\"ListItem\",\"position\":2,\"name\":\"Beschwerdeseite\"}]},{\"@type\":\"WebSite\",\"@id\":\"https:\\\/\\\/www.bera-bv.com\\\/de\\\/#website\",\"url\":\"https:\\\/\\\/www.bera-bv.com\\\/de\\\/\",\"name\":\"BERA BV\",\"description\":\"Creatief en duurzaam landschapsontwerp\",\"publisher\":{\"@id\":\"https:\\\/\\\/www.bera-bv.com\\\/de\\\/#organization\"},\"potentialAction\":[{\"@type\":\"SearchAction\",\"target\":{\"@type\":\"EntryPoint\",\"urlTemplate\":\"https:\\\/\\\/www.bera-bv.com\\\/de\\\/?s={search_term_string}\"},\"query-input\":{\"@type\":\"PropertyValueSpecification\",\"valueRequired\":true,\"valueName\":\"search_term_string\"}}],\"inLanguage\":\"de\"},{\"@type\":\"Organization\",\"@id\":\"https:\\\/\\\/www.bera-bv.com\\\/de\\\/#organization\",\"name\":\"BERA BV\",\"url\":\"https:\\\/\\\/www.bera-bv.com\\\/de\\\/\",\"logo\":{\"@type\":\"ImageObject\",\"inLanguage\":\"de\",\"@id\":\"https:\\\/\\\/www.bera-bv.com\\\/de\\\/#\\\/schema\\\/logo\\\/image\\\/\",\"url\":\"https:\\\/\\\/www.bera-bv.com\\\/wp-content\\\/uploads\\\/2025\\\/12\\\/BERA-logo_light.svg\",\"contentUrl\":\"https:\\\/\\\/www.bera-bv.com\\\/wp-content\\\/uploads\\\/2025\\\/12\\\/BERA-logo_light.svg\",\"caption\":\"BERA BV\"},\"image\":{\"@id\":\"https:\\\/\\\/www.bera-bv.com\\\/de\\\/#\\\/schema\\\/logo\\\/image\\\/\"}}]}<\/script>\n<!-- \/ Yoast SEO plugin. -->","yoast_head_json":{"title":"Beschwerdeseite - BERA BV","robots":{"index":"index","follow":"follow","max-snippet":"max-snippet:-1","max-image-preview":"max-image-preview:large","max-video-preview":"max-video-preview:-1"},"canonical":"https:\/\/www.bera-bv.com\/de\/beschwerdeseite\/","og_locale":"de_DE","og_type":"article","og_title":"Beschwerdeseite - BERA BV","og_description":"Beschwerdeseite Es ist nat\u00fcrlich bedauerlich, wenn Sie eine Beschwerde \u00fcber unsere Produkte und\/oder Dienstleistungen haben. Wir m\u00f6chten Ihnen gerne weiterhelfen und eine zufriedenstellende L\u00f6sung anbieten. [&hellip;]","og_url":"https:\/\/www.bera-bv.com\/de\/beschwerdeseite\/","og_site_name":"BERA BV","article_modified_time":"2026-02-24T13:56:36+00:00","twitter_card":"summary_large_image","twitter_misc":{"Gesch\u00e4tzte Lesezeit":"1\u00a0Minute"},"schema":{"@context":"https:\/\/schema.org","@graph":[{"@type":"WebPage","@id":"https:\/\/www.bera-bv.com\/de\/beschwerdeseite\/","url":"https:\/\/www.bera-bv.com\/de\/beschwerdeseite\/","name":"Beschwerdeseite - BERA BV","isPartOf":{"@id":"https:\/\/www.bera-bv.com\/de\/#website"},"datePublished":"2026-02-16T03:59:23+00:00","dateModified":"2026-02-24T13:56:36+00:00","breadcrumb":{"@id":"https:\/\/www.bera-bv.com\/de\/beschwerdeseite\/#breadcrumb"},"inLanguage":"de","potentialAction":[{"@type":"ReadAction","target":["https:\/\/www.bera-bv.com\/de\/beschwerdeseite\/"]}]},{"@type":"BreadcrumbList","@id":"https:\/\/www.bera-bv.com\/de\/beschwerdeseite\/#breadcrumb","itemListElement":[{"@type":"ListItem","position":1,"name":"Home","item":"https:\/\/www.bera-bv.com\/de\/"},{"@type":"ListItem","position":2,"name":"Beschwerdeseite"}]},{"@type":"WebSite","@id":"https:\/\/www.bera-bv.com\/de\/#website","url":"https:\/\/www.bera-bv.com\/de\/","name":"BERA BV","description":"Creatief en duurzaam landschapsontwerp","publisher":{"@id":"https:\/\/www.bera-bv.com\/de\/#organization"},"potentialAction":[{"@type":"SearchAction","target":{"@type":"EntryPoint","urlTemplate":"https:\/\/www.bera-bv.com\/de\/?s={search_term_string}"},"query-input":{"@type":"PropertyValueSpecification","valueRequired":true,"valueName":"search_term_string"}}],"inLanguage":"de"},{"@type":"Organization","@id":"https:\/\/www.bera-bv.com\/de\/#organization","name":"BERA BV","url":"https:\/\/www.bera-bv.com\/de\/","logo":{"@type":"ImageObject","inLanguage":"de","@id":"https:\/\/www.bera-bv.com\/de\/#\/schema\/logo\/image\/","url":"https:\/\/www.bera-bv.com\/wp-content\/uploads\/2025\/12\/BERA-logo_light.svg","contentUrl":"https:\/\/www.bera-bv.com\/wp-content\/uploads\/2025\/12\/BERA-logo_light.svg","caption":"BERA BV"},"image":{"@id":"https:\/\/www.bera-bv.com\/de\/#\/schema\/logo\/image\/"}}]}},"_links":{"self":[{"href":"https:\/\/www.bera-bv.com\/de\/wp-json\/wp\/v2\/pages\/10752","targetHints":{"allow":["GET"]}}],"collection":[{"href":"https:\/\/www.bera-bv.com\/de\/wp-json\/wp\/v2\/pages"}],"about":[{"href":"https:\/\/www.bera-bv.com\/de\/wp-json\/wp\/v2\/types\/page"}],"author":[{"embeddable":true,"href":"https:\/\/www.bera-bv.com\/de\/wp-json\/wp\/v2\/users\/3"}],"replies":[{"embeddable":true,"href":"https:\/\/www.bera-bv.com\/de\/wp-json\/wp\/v2\/comments?post=10752"}],"version-history":[{"count":0,"href":"https:\/\/www.bera-bv.com\/de\/wp-json\/wp\/v2\/pages\/10752\/revisions"}],"wp:attachment":[{"href":"https:\/\/www.bera-bv.com\/de\/wp-json\/wp\/v2\/media?parent=10752"}],"curies":[{"name":"wp","href":"https:\/\/api.w.org\/{rel}","templated":true}]}}