{"id":10841,"date":"2026-02-16T06:48:08","date_gmt":"2026-02-16T05:48:08","guid":{"rendered":"http:\/\/bera-bv.com\/reklamacni-stranka\/"},"modified":"2026-03-13T13:31:12","modified_gmt":"2026-03-13T12:31:12","slug":"reklamacni-stranka","status":"publish","type":"page","link":"https:\/\/www.bera-bv.com\/cs\/reklamacni-stranka\/","title":{"rendered":"Reklama\u010dn\u00ed str\u00e1nka"},"content":{"rendered":"\t\t<div data-elementor-type=\"wp-page\" data-elementor-id=\"10841\" class=\"elementor elementor-10841 elementor-8789\" data-elementor-post-type=\"page\">\n\t\t\t\t<div class=\"elementor-element elementor-element-a2056d8 pad-l e-flex e-con-boxed e-con e-parent\" data-id=\"a2056d8\" data-element_type=\"container\" data-e-type=\"container\">\n\t\t\t\t\t<div class=\"e-con-inner\">\n\t\t<div class=\"elementor-element elementor-element-7f08886 e-con-full pad-tb-s e-flex e-con e-child\" data-id=\"7f08886\" data-element_type=\"container\" data-e-type=\"container\">\n\t\t\t\t<div class=\"elementor-element elementor-element-5548307 elementor-widget elementor-widget-heading\" data-id=\"5548307\" data-element_type=\"widget\" data-e-type=\"widget\" data-widget_type=\"heading.default\">\n\t\t\t\t<div class=\"elementor-widget-container\">\n\t\t\t\t\t<h1 class=\"elementor-heading-title elementor-size-default\">Reklama\u010dn\u00ed str\u00e1nka<\/h1>\t\t\t\t<\/div>\n\t\t\t\t<\/div>\n\t\t\t\t<div class=\"elementor-element elementor-element-6500492 elementor-widget elementor-widget-text-editor\" data-id=\"6500492\" data-element_type=\"widget\" data-e-type=\"widget\" data-widget_type=\"text-editor.default\">\n\t\t\t\t<div class=\"elementor-widget-container\">\n\t\t\t\t\t\t\t\t\t<div class=\"\"><div class=\"\">Je n\u00e1m samoz\u0159ejm\u011b l\u00edto, pokud m\u00e1te st\u00ed\u017enost na na\u0161e produkty nebo slu\u017eby. R\u00e1di v\u00e1m pom\u016f\u017eeme a nab\u00eddneme po\u017eadovan\u00e9 \u0159e\u0161en\u00ed. <\/div><\/div><div class=\"\"><blockquote><div class=\"\">M\u016f\u017eete n\u00e1m napsat na e-mail:<br class=\"\"><a href=\"mailto:info@bera-bv.com\" target=\"_blank\" rel=\"noopener\">info@bera-bv.com<\/a><\/div><\/blockquote><\/div><div class=\"\"><blockquote><div class=\"\"> M\u016f\u017eete n\u00e1m zavolat na \u010d\u00edslo:<br><a href=\"tel:+31332570302\" target=\"_blank\" rel=\"noopener\">+31 (0) 33 257 0302<\/a><\/div><\/blockquote><div class=\"\">Na\u0161i pracovn\u00edci reklama\u010dn\u00edho odd\u011blen\u00ed va\u0161i st\u00ed\u017enost posoud\u00ed<br class=\"\">a pokus\u00ed se ji vy\u0159e\u0161it k oboustrann\u00e9 spokojenosti.<br class=\"\"><br class=\"\">Po obdr\u017een\u00ed va\u0161\u00ed st\u00ed\u017enosti od n\u00e1s obdr\u017e\u00edte potvrzen\u00ed.<br class=\"\">Na va\u0161i st\u00ed\u017enost odpov\u00edme do 14dn\u016f od jej\u00edho obdr\u017een\u00ed; pokud by bylo zapot\u0159eb\u00ed v\u00edce \u010dasu, budeme v\u00e1s o tom informovat.<br class=\"\">Pokud byste s t\u00edmto postupem nesouhlasili, m\u016f\u017eete se kdykoli obr\u00e1tit na media\u010dn\u00ed odd\u011blen\u00ed nadace Stichting Webshop Keurmerk, jej\u00edm\u017e jsme \u010dlenem.<br class=\"\"><br class=\"\">Od 15.&nbsp;\u00fanora 2016 mohou spot\u0159ebitel\u00e9 v EU pod\u00e1vat st\u00ed\u017enosti tak\u00e9 prost\u0159ednictv\u00edm platformy ODR Evropsk\u00e9 komise. Tuto platformu ODR naleznete na adrese (<a class=\"\" href=\"http:\/\/ec.europa.eu\/odr\">http:\/\/ec.europa.eu\/odr<\/a>). Pokud st\u00ed\u017enost je\u0161t\u011b nen\u00ed \u0159e\u0161ena jinde, m\u016f\u017eete ji podat prost\u0159ednictv\u00edm platformy Evropsk\u00e9 unie. <\/div><\/div>\t\t\t\t\t\t\t\t<\/div>\n\t\t\t\t<\/div>\n\t\t\t\t<\/div>\n\t\t\t\t\t<\/div>\n\t\t\t\t<\/div>\n\t\t\t\t<\/div>\n\t\t","protected":false},"excerpt":{"rendered":"<p>Reklama\u010dn\u00ed str\u00e1nka Je n\u00e1m samoz\u0159ejm\u011b l\u00edto, pokud m\u00e1te st\u00ed\u017enost na na\u0161e produkty nebo slu\u017eby. R\u00e1di v\u00e1m pom\u016f\u017eeme a nab\u00eddneme po\u017eadovan\u00e9 \u0159e\u0161en\u00ed. M\u016f\u017eete n\u00e1m napsat na [&hellip;]<\/p>\n","protected":false},"author":3,"featured_media":0,"parent":0,"menu_order":0,"comment_status":"closed","ping_status":"closed","template":"elementor_header_footer","meta":{"site-sidebar-layout":"no-sidebar","site-content-layout":"page-builder","ast-site-content-layout":"full-width-container","site-content-style":"default","site-sidebar-style":"default","ast-global-header-display":"","ast-banner-title-visibility":"","ast-main-header-display":"","ast-hfb-above-header-display":"","ast-hfb-below-header-display":"","ast-hfb-mobile-header-display":"","site-post-title":"","ast-breadcrumbs-content":"","ast-featured-img":"disabled","footer-sml-layout":"","ast-disable-related-posts":"","theme-transparent-header-meta":"default","adv-header-id-meta":"","stick-header-meta":"default","header-above-stick-meta":"","header-main-stick-meta":"","header-below-stick-meta":"","astra-migrate-meta-layouts":"default","ast-page-background-enabled":"default","ast-page-background-meta":{"desktop":{"background-color":"var(--ast-global-color-4)","background-image":"","background-repeat":"repeat","background-position":"center center","background-size":"auto","background-attachment":"scroll","background-type":"","background-media":"","overlay-type":"","overlay-color":"","overlay-opacity":"","overlay-gradient":""},"tablet":{"background-color":"","background-image":"","background-repeat":"repeat","background-position":"center center","background-size":"auto","background-attachment":"scroll","background-type":"","background-media":"","overlay-type":"","overlay-color":"","overlay-opacity":"","overlay-gradient":""},"mobile":{"background-color":"","background-image":"","background-repeat":"repeat","background-position":"center center","background-size":"auto","background-attachment":"scroll","background-type":"","background-media":"","overlay-type":"","overlay-color":"","overlay-opacity":"","overlay-gradient":""}},"ast-content-background-meta":{"desktop":{"background-color":"var(--ast-global-color-5)","background-image":"","background-repeat":"repeat","background-position":"center center","background-size":"auto","background-attachment":"scroll","background-type":"","background-media":"","overlay-type":"","overlay-color":"","overlay-opacity":"","overlay-gradient":""},"tablet":{"background-color":"var(--ast-global-color-5)","background-image":"","background-repeat":"repeat","background-position":"center center","background-size":"auto","background-attachment":"scroll","background-type":"","background-media":"","overlay-type":"","overlay-color":"","overlay-opacity":"","overlay-gradient":""},"mobile":{"background-color":"var(--ast-global-color-5)","background-image":"","background-repeat":"repeat","background-position":"center center","background-size":"auto","background-attachment":"scroll","background-type":"","background-media":"","overlay-type":"","overlay-color":"","overlay-opacity":"","overlay-gradient":""}},"footnotes":""},"class_list":["post-10841","page","type-page","status-publish","hentry"],"yoast_head":"<!-- This site is optimized with the Yoast SEO plugin v27.4 - https:\/\/yoast.com\/product\/yoast-seo-wordpress\/ -->\n<title>Reklama\u010dn\u00ed str\u00e1nka - BERA BV<\/title>\n<meta name=\"robots\" content=\"index, follow, max-snippet:-1, max-image-preview:large, max-video-preview:-1\" \/>\n<link rel=\"canonical\" href=\"https:\/\/www.bera-bv.com\/cs\/reklamacni-stranka\/\" \/>\n<meta property=\"og:locale\" content=\"cs_CZ\" \/>\n<meta property=\"og:type\" content=\"article\" \/>\n<meta property=\"og:title\" content=\"Reklama\u010dn\u00ed str\u00e1nka - BERA BV\" \/>\n<meta property=\"og:description\" content=\"Reklama\u010dn\u00ed str\u00e1nka Je n\u00e1m samoz\u0159ejm\u011b l\u00edto, pokud m\u00e1te st\u00ed\u017enost na na\u0161e produkty nebo slu\u017eby. R\u00e1di v\u00e1m pom\u016f\u017eeme a nab\u00eddneme po\u017eadovan\u00e9 \u0159e\u0161en\u00ed. M\u016f\u017eete n\u00e1m napsat na [&hellip;]\" \/>\n<meta property=\"og:url\" content=\"https:\/\/www.bera-bv.com\/cs\/reklamacni-stranka\/\" \/>\n<meta property=\"og:site_name\" content=\"BERA BV\" \/>\n<meta property=\"article:modified_time\" content=\"2026-03-13T12:31:12+00:00\" \/>\n<meta name=\"twitter:card\" content=\"summary_large_image\" \/>\n<meta name=\"twitter:label1\" content=\"Odhadovan\u00e1 doba \u010dten\u00ed\" \/>\n\t<meta name=\"twitter:data1\" content=\"1 minuta\" \/>\n<script type=\"application\/ld+json\" class=\"yoast-schema-graph\">{\"@context\":\"https:\\\/\\\/schema.org\",\"@graph\":[{\"@type\":\"WebPage\",\"@id\":\"https:\\\/\\\/www.bera-bv.com\\\/cs\\\/reklamacni-stranka\\\/\",\"url\":\"https:\\\/\\\/www.bera-bv.com\\\/cs\\\/reklamacni-stranka\\\/\",\"name\":\"Reklama\u010dn\u00ed str\u00e1nka - BERA BV\",\"isPartOf\":{\"@id\":\"https:\\\/\\\/www.bera-bv.com\\\/cs\\\/#website\"},\"datePublished\":\"2026-02-16T05:48:08+00:00\",\"dateModified\":\"2026-03-13T12:31:12+00:00\",\"breadcrumb\":{\"@id\":\"https:\\\/\\\/www.bera-bv.com\\\/cs\\\/reklamacni-stranka\\\/#breadcrumb\"},\"inLanguage\":\"cs\",\"potentialAction\":[{\"@type\":\"ReadAction\",\"target\":[\"https:\\\/\\\/www.bera-bv.com\\\/cs\\\/reklamacni-stranka\\\/\"]}]},{\"@type\":\"BreadcrumbList\",\"@id\":\"https:\\\/\\\/www.bera-bv.com\\\/cs\\\/reklamacni-stranka\\\/#breadcrumb\",\"itemListElement\":[{\"@type\":\"ListItem\",\"position\":1,\"name\":\"Home\",\"item\":\"https:\\\/\\\/www.bera-bv.com\\\/cs\\\/\"},{\"@type\":\"ListItem\",\"position\":2,\"name\":\"Reklama\u010dn\u00ed str\u00e1nka\"}]},{\"@type\":\"WebSite\",\"@id\":\"https:\\\/\\\/www.bera-bv.com\\\/cs\\\/#website\",\"url\":\"https:\\\/\\\/www.bera-bv.com\\\/cs\\\/\",\"name\":\"BERA BV\",\"description\":\"Creatief en duurzaam landschapsontwerp\",\"publisher\":{\"@id\":\"https:\\\/\\\/www.bera-bv.com\\\/cs\\\/#organization\"},\"potentialAction\":[{\"@type\":\"SearchAction\",\"target\":{\"@type\":\"EntryPoint\",\"urlTemplate\":\"https:\\\/\\\/www.bera-bv.com\\\/cs\\\/?s={search_term_string}\"},\"query-input\":{\"@type\":\"PropertyValueSpecification\",\"valueRequired\":true,\"valueName\":\"search_term_string\"}}],\"inLanguage\":\"cs\"},{\"@type\":\"Organization\",\"@id\":\"https:\\\/\\\/www.bera-bv.com\\\/cs\\\/#organization\",\"name\":\"BERA BV\",\"url\":\"https:\\\/\\\/www.bera-bv.com\\\/cs\\\/\",\"logo\":{\"@type\":\"ImageObject\",\"inLanguage\":\"cs\",\"@id\":\"https:\\\/\\\/www.bera-bv.com\\\/cs\\\/#\\\/schema\\\/logo\\\/image\\\/\",\"url\":\"https:\\\/\\\/www.bera-bv.com\\\/wp-content\\\/uploads\\\/2025\\\/12\\\/BERA-logo_light.svg\",\"contentUrl\":\"https:\\\/\\\/www.bera-bv.com\\\/wp-content\\\/uploads\\\/2025\\\/12\\\/BERA-logo_light.svg\",\"caption\":\"BERA BV\"},\"image\":{\"@id\":\"https:\\\/\\\/www.bera-bv.com\\\/cs\\\/#\\\/schema\\\/logo\\\/image\\\/\"}}]}<\/script>\n<!-- \/ Yoast SEO plugin. -->","yoast_head_json":{"title":"Reklama\u010dn\u00ed str\u00e1nka - BERA BV","robots":{"index":"index","follow":"follow","max-snippet":"max-snippet:-1","max-image-preview":"max-image-preview:large","max-video-preview":"max-video-preview:-1"},"canonical":"https:\/\/www.bera-bv.com\/cs\/reklamacni-stranka\/","og_locale":"cs_CZ","og_type":"article","og_title":"Reklama\u010dn\u00ed str\u00e1nka - BERA BV","og_description":"Reklama\u010dn\u00ed str\u00e1nka Je n\u00e1m samoz\u0159ejm\u011b l\u00edto, pokud m\u00e1te st\u00ed\u017enost na na\u0161e produkty nebo slu\u017eby. R\u00e1di v\u00e1m pom\u016f\u017eeme a nab\u00eddneme po\u017eadovan\u00e9 \u0159e\u0161en\u00ed. M\u016f\u017eete n\u00e1m napsat na [&hellip;]","og_url":"https:\/\/www.bera-bv.com\/cs\/reklamacni-stranka\/","og_site_name":"BERA BV","article_modified_time":"2026-03-13T12:31:12+00:00","twitter_card":"summary_large_image","twitter_misc":{"Odhadovan\u00e1 doba \u010dten\u00ed":"1 minuta"},"schema":{"@context":"https:\/\/schema.org","@graph":[{"@type":"WebPage","@id":"https:\/\/www.bera-bv.com\/cs\/reklamacni-stranka\/","url":"https:\/\/www.bera-bv.com\/cs\/reklamacni-stranka\/","name":"Reklama\u010dn\u00ed str\u00e1nka - BERA BV","isPartOf":{"@id":"https:\/\/www.bera-bv.com\/cs\/#website"},"datePublished":"2026-02-16T05:48:08+00:00","dateModified":"2026-03-13T12:31:12+00:00","breadcrumb":{"@id":"https:\/\/www.bera-bv.com\/cs\/reklamacni-stranka\/#breadcrumb"},"inLanguage":"cs","potentialAction":[{"@type":"ReadAction","target":["https:\/\/www.bera-bv.com\/cs\/reklamacni-stranka\/"]}]},{"@type":"BreadcrumbList","@id":"https:\/\/www.bera-bv.com\/cs\/reklamacni-stranka\/#breadcrumb","itemListElement":[{"@type":"ListItem","position":1,"name":"Home","item":"https:\/\/www.bera-bv.com\/cs\/"},{"@type":"ListItem","position":2,"name":"Reklama\u010dn\u00ed str\u00e1nka"}]},{"@type":"WebSite","@id":"https:\/\/www.bera-bv.com\/cs\/#website","url":"https:\/\/www.bera-bv.com\/cs\/","name":"BERA BV","description":"Creatief en duurzaam landschapsontwerp","publisher":{"@id":"https:\/\/www.bera-bv.com\/cs\/#organization"},"potentialAction":[{"@type":"SearchAction","target":{"@type":"EntryPoint","urlTemplate":"https:\/\/www.bera-bv.com\/cs\/?s={search_term_string}"},"query-input":{"@type":"PropertyValueSpecification","valueRequired":true,"valueName":"search_term_string"}}],"inLanguage":"cs"},{"@type":"Organization","@id":"https:\/\/www.bera-bv.com\/cs\/#organization","name":"BERA BV","url":"https:\/\/www.bera-bv.com\/cs\/","logo":{"@type":"ImageObject","inLanguage":"cs","@id":"https:\/\/www.bera-bv.com\/cs\/#\/schema\/logo\/image\/","url":"https:\/\/www.bera-bv.com\/wp-content\/uploads\/2025\/12\/BERA-logo_light.svg","contentUrl":"https:\/\/www.bera-bv.com\/wp-content\/uploads\/2025\/12\/BERA-logo_light.svg","caption":"BERA BV"},"image":{"@id":"https:\/\/www.bera-bv.com\/cs\/#\/schema\/logo\/image\/"}}]}},"_links":{"self":[{"href":"https:\/\/www.bera-bv.com\/cs\/wp-json\/wp\/v2\/pages\/10841","targetHints":{"allow":["GET"]}}],"collection":[{"href":"https:\/\/www.bera-bv.com\/cs\/wp-json\/wp\/v2\/pages"}],"about":[{"href":"https:\/\/www.bera-bv.com\/cs\/wp-json\/wp\/v2\/types\/page"}],"author":[{"embeddable":true,"href":"https:\/\/www.bera-bv.com\/cs\/wp-json\/wp\/v2\/users\/3"}],"replies":[{"embeddable":true,"href":"https:\/\/www.bera-bv.com\/cs\/wp-json\/wp\/v2\/comments?post=10841"}],"version-history":[{"count":0,"href":"https:\/\/www.bera-bv.com\/cs\/wp-json\/wp\/v2\/pages\/10841\/revisions"}],"wp:attachment":[{"href":"https:\/\/www.bera-bv.com\/cs\/wp-json\/wp\/v2\/media?parent=10841"}],"curies":[{"name":"wp","href":"https:\/\/api.w.org\/{rel}","templated":true}]}}