{"id":10787,"date":"2026-02-16T05:47:05","date_gmt":"2026-02-16T04:47:05","guid":{"rendered":"http:\/\/bera-bv.com\/pravo-na-odstoupeni-od-smlouvy\/"},"modified":"2026-02-16T05:47:06","modified_gmt":"2026-02-16T04:47:06","slug":"pravo-na-odstoupeni-od-smlouvy","status":"publish","type":"page","link":"https:\/\/www.bera-bv.com\/cs\/pravo-na-odstoupeni-od-smlouvy\/","title":{"rendered":"Pr\u00e1vo na odstoupen\u00ed od smlouvy"},"content":{"rendered":"\t\t<div data-elementor-type=\"wp-page\" data-elementor-id=\"10787\" class=\"elementor elementor-10787 elementor-5614\" data-elementor-post-type=\"page\">\n\t\t\t\t<div class=\"elementor-element elementor-element-263bb96 pad-l e-flex e-con-boxed e-con e-parent\" data-id=\"263bb96\" data-element_type=\"container\" data-e-type=\"container\">\n\t\t\t\t\t<div class=\"e-con-inner\">\n\t\t<div class=\"elementor-element elementor-element-716af9e e-con-full pad-tb-s e-flex e-con e-child\" data-id=\"716af9e\" data-element_type=\"container\" data-e-type=\"container\">\n\t\t\t\t<div class=\"elementor-element elementor-element-2377e77 elementor-widget elementor-widget-heading\" data-id=\"2377e77\" data-element_type=\"widget\" data-e-type=\"widget\" data-widget_type=\"heading.default\">\n\t\t\t\t<div class=\"elementor-widget-container\">\n\t\t\t\t\t<h1 class=\"elementor-heading-title elementor-size-default\">Pr\u00e1vo na odstoupen\u00ed od smlouvy<\/h1>\t\t\t\t<\/div>\n\t\t\t\t<\/div>\n\t\t\t\t<div class=\"elementor-element elementor-element-e79bb9c elementor-widget elementor-widget-text-editor\" data-id=\"e79bb9c\" data-element_type=\"widget\" data-e-type=\"widget\" data-widget_type=\"text-editor.default\">\n\t\t\t\t<div class=\"elementor-widget-container\">\n\t\t\t\t\t\t\t\t\t<p>M\u00e1te 14denn\u00ed lh\u016ftu na rozmy\u0161lenou, b\u011bhem kter\u00e9 m\u016f\u017eete produkt vr\u00e1tit bez ud\u00e1n\u00ed d\u016fvodu, po\u010d\u00ednaje dnem obdr\u017een\u00ed produktu. Od okam\u017eiku ozn\u00e1men\u00ed o vr\u00e1cen\u00ed m\u00e1te dal\u0161\u00edch 14 dn\u00ed na odesl\u00e1n\u00ed produktu zp\u011bt. Produkt lze vr\u00e1tit pouze nepou\u017eit\u00fd a pokud mo\u017eno v p\u016fvodn\u00edm obalu.  <\/p><div class=\"\"><div class=\"\">N\u00e1klady na vr\u00e1cen\u00ed objedn\u00e1vky jdou k Va\u0161emu t\u00ed\u017ei.<br class=\"\">\u010c\u00e1stku V\u00e1m p\u0159ip\u00ed\u0161eme k dobru do 14 dn\u016f.<br class=\"\">M\u016f\u017eete tak\u00e9 vyu\u017e\u00edt vzorov\u00fd formul\u00e1\u0159.<br class=\"\"><br class=\"\">Podnikatel uhrad\u00ed spot\u0159ebiteli ve\u0161ker\u00e9 platby, v\u010detn\u011b p\u0159\u00edpadn\u00fdch n\u00e1klad\u016f na dod\u00e1n\u00ed \u00fa\u010dtovan\u00fdch podnikatelem za vr\u00e1cen\u00fd produkt (pokud je vr\u00e1cena cel\u00e1 objedn\u00e1vka), a to bezodkladn\u011b, nejpozd\u011bji v\u0161ak do 14 dn\u016f ode dne, kdy mu spot\u0159ebitel ozn\u00e1mil odstoupen\u00ed od smlouvy. Pokud podnikatel nenab\u00eddne, \u017ee si produkt vyzvedne s\u00e1m, m\u016f\u017ee s vr\u00e1cen\u00edm pen\u011bz po\u010dkat, dokud produkt neobdr\u017e\u00ed nebo dokud spot\u0159ebitel neprok\u00e1\u017ee, \u017ee produkt odeslal zp\u011bt, podle toho, co nastane d\u0159\u00edve. Podnikatel pou\u017eije pro vr\u00e1cen\u00ed pen\u011bz stejn\u00fd platebn\u00ed prost\u0159edek, kter\u00fd pou\u017eil spot\u0159ebitel, leda\u017ee spot\u0159ebitel souhlas\u00ed s jinou metodou. Vr\u00e1cen\u00ed pen\u011bz je pro spot\u0159ebitele bezplatn\u00e9.<br class=\"\">Pokud si spot\u0159ebitel zvolil dra\u017e\u0161\u00ed zp\u016fsob dod\u00e1n\u00ed ne\u017e nejlevn\u011bj\u0161\u00ed standardn\u00ed dod\u00e1n\u00ed, nemus\u00ed podnikatel dodate\u010dn\u00e9 n\u00e1klady na tento dra\u017e\u0161\u00ed zp\u016fsob hradit.   <\/div><\/div>\t\t\t\t\t\t\t\t<\/div>\n\t\t\t\t<\/div>\n\t\t\t\t<\/div>\n\t\t\t\t\t<\/div>\n\t\t\t\t<\/div>\n\t\t\t\t<\/div>\n\t\t","protected":false},"excerpt":{"rendered":"<p>Pr\u00e1vo na odstoupen\u00ed od smlouvy M\u00e1te 14denn\u00ed lh\u016ftu na rozmy\u0161lenou, b\u011bhem kter\u00e9 m\u016f\u017eete produkt vr\u00e1tit bez ud\u00e1n\u00ed d\u016fvodu, po\u010d\u00ednaje dnem obdr\u017een\u00ed produktu. Od okam\u017eiku ozn\u00e1men\u00ed [&hellip;]<\/p>\n","protected":false},"author":3,"featured_media":0,"parent":0,"menu_order":0,"comment_status":"closed","ping_status":"closed","template":"elementor_header_footer","meta":{"site-sidebar-layout":"no-sidebar","site-content-layout":"page-builder","ast-site-content-layout":"full-width-container","site-content-style":"default","site-sidebar-style":"default","ast-global-header-display":"","ast-banner-title-visibility":"","ast-main-header-display":"","ast-hfb-above-header-display":"","ast-hfb-below-header-display":"","ast-hfb-mobile-header-display":"","site-post-title":"","ast-breadcrumbs-content":"","ast-featured-img":"disabled","footer-sml-layout":"","ast-disable-related-posts":"","theme-transparent-header-meta":"default","adv-header-id-meta":"","stick-header-meta":"default","header-above-stick-meta":"","header-main-stick-meta":"","header-below-stick-meta":"","astra-migrate-meta-layouts":"default","ast-page-background-enabled":"default","ast-page-background-meta":{"desktop":{"background-color":"var(--ast-global-color-4)","background-image":"","background-repeat":"repeat","background-position":"center center","background-size":"auto","background-attachment":"scroll","background-type":"","background-media":"","overlay-type":"","overlay-color":"","overlay-opacity":"","overlay-gradient":""},"tablet":{"background-color":"","background-image":"","background-repeat":"repeat","background-position":"center center","background-size":"auto","background-attachment":"scroll","background-type":"","background-media":"","overlay-type":"","overlay-color":"","overlay-opacity":"","overlay-gradient":""},"mobile":{"background-color":"","background-image":"","background-repeat":"repeat","background-position":"center center","background-size":"auto","background-attachment":"scroll","background-type":"","background-media":"","overlay-type":"","overlay-color":"","overlay-opacity":"","overlay-gradient":""}},"ast-content-background-meta":{"desktop":{"background-color":"var(--ast-global-color-5)","background-image":"","background-repeat":"repeat","background-position":"center center","background-size":"auto","background-attachment":"scroll","background-type":"","background-media":"","overlay-type":"","overlay-color":"","overlay-opacity":"","overlay-gradient":""},"tablet":{"background-color":"var(--ast-global-color-5)","background-image":"","background-repeat":"repeat","background-position":"center center","background-size":"auto","background-attachment":"scroll","background-type":"","background-media":"","overlay-type":"","overlay-color":"","overlay-opacity":"","overlay-gradient":""},"mobile":{"background-color":"var(--ast-global-color-5)","background-image":"","background-repeat":"repeat","background-position":"center center","background-size":"auto","background-attachment":"scroll","background-type":"","background-media":"","overlay-type":"","overlay-color":"","overlay-opacity":"","overlay-gradient":""}},"footnotes":""},"class_list":["post-10787","page","type-page","status-publish","hentry"],"yoast_head":"<!-- This site is optimized with the Yoast SEO plugin v27.4 - https:\/\/yoast.com\/product\/yoast-seo-wordpress\/ -->\n<title>Pr\u00e1vo na odstoupen\u00ed od smlouvy - BERA BV<\/title>\n<meta name=\"robots\" content=\"index, follow, max-snippet:-1, max-image-preview:large, max-video-preview:-1\" \/>\n<link rel=\"canonical\" href=\"https:\/\/www.bera-bv.com\/cs\/pravo-na-odstoupeni-od-smlouvy\/\" \/>\n<meta property=\"og:locale\" content=\"cs_CZ\" \/>\n<meta property=\"og:type\" content=\"article\" \/>\n<meta property=\"og:title\" content=\"Pr\u00e1vo na odstoupen\u00ed od smlouvy - BERA BV\" \/>\n<meta property=\"og:description\" content=\"Pr\u00e1vo na odstoupen\u00ed od smlouvy M\u00e1te 14denn\u00ed lh\u016ftu na rozmy\u0161lenou, b\u011bhem kter\u00e9 m\u016f\u017eete produkt vr\u00e1tit bez ud\u00e1n\u00ed d\u016fvodu, po\u010d\u00ednaje dnem obdr\u017een\u00ed produktu. Od okam\u017eiku ozn\u00e1men\u00ed [&hellip;]\" \/>\n<meta property=\"og:url\" content=\"https:\/\/www.bera-bv.com\/cs\/pravo-na-odstoupeni-od-smlouvy\/\" \/>\n<meta property=\"og:site_name\" content=\"BERA BV\" \/>\n<meta property=\"article:modified_time\" content=\"2026-02-16T04:47:06+00:00\" \/>\n<meta name=\"twitter:card\" content=\"summary_large_image\" \/>\n<meta name=\"twitter:label1\" content=\"Odhadovan\u00e1 doba \u010dten\u00ed\" \/>\n\t<meta name=\"twitter:data1\" content=\"1 minuta\" \/>\n<script type=\"application\/ld+json\" class=\"yoast-schema-graph\">{\"@context\":\"https:\\\/\\\/schema.org\",\"@graph\":[{\"@type\":\"WebPage\",\"@id\":\"https:\\\/\\\/www.bera-bv.com\\\/cs\\\/pravo-na-odstoupeni-od-smlouvy\\\/\",\"url\":\"https:\\\/\\\/www.bera-bv.com\\\/cs\\\/pravo-na-odstoupeni-od-smlouvy\\\/\",\"name\":\"Pr\u00e1vo na odstoupen\u00ed od smlouvy - BERA BV\",\"isPartOf\":{\"@id\":\"https:\\\/\\\/www.bera-bv.com\\\/cs\\\/#website\"},\"datePublished\":\"2026-02-16T04:47:05+00:00\",\"dateModified\":\"2026-02-16T04:47:06+00:00\",\"breadcrumb\":{\"@id\":\"https:\\\/\\\/www.bera-bv.com\\\/cs\\\/pravo-na-odstoupeni-od-smlouvy\\\/#breadcrumb\"},\"inLanguage\":\"cs\",\"potentialAction\":[{\"@type\":\"ReadAction\",\"target\":[\"https:\\\/\\\/www.bera-bv.com\\\/cs\\\/pravo-na-odstoupeni-od-smlouvy\\\/\"]}]},{\"@type\":\"BreadcrumbList\",\"@id\":\"https:\\\/\\\/www.bera-bv.com\\\/cs\\\/pravo-na-odstoupeni-od-smlouvy\\\/#breadcrumb\",\"itemListElement\":[{\"@type\":\"ListItem\",\"position\":1,\"name\":\"Home\",\"item\":\"https:\\\/\\\/www.bera-bv.com\\\/cs\\\/\"},{\"@type\":\"ListItem\",\"position\":2,\"name\":\"Pr\u00e1vo na odstoupen\u00ed od smlouvy\"}]},{\"@type\":\"WebSite\",\"@id\":\"https:\\\/\\\/www.bera-bv.com\\\/cs\\\/#website\",\"url\":\"https:\\\/\\\/www.bera-bv.com\\\/cs\\\/\",\"name\":\"BERA BV\",\"description\":\"Creatief en duurzaam landschapsontwerp\",\"publisher\":{\"@id\":\"https:\\\/\\\/www.bera-bv.com\\\/cs\\\/#organization\"},\"potentialAction\":[{\"@type\":\"SearchAction\",\"target\":{\"@type\":\"EntryPoint\",\"urlTemplate\":\"https:\\\/\\\/www.bera-bv.com\\\/cs\\\/?s={search_term_string}\"},\"query-input\":{\"@type\":\"PropertyValueSpecification\",\"valueRequired\":true,\"valueName\":\"search_term_string\"}}],\"inLanguage\":\"cs\"},{\"@type\":\"Organization\",\"@id\":\"https:\\\/\\\/www.bera-bv.com\\\/cs\\\/#organization\",\"name\":\"BERA BV\",\"url\":\"https:\\\/\\\/www.bera-bv.com\\\/cs\\\/\",\"logo\":{\"@type\":\"ImageObject\",\"inLanguage\":\"cs\",\"@id\":\"https:\\\/\\\/www.bera-bv.com\\\/cs\\\/#\\\/schema\\\/logo\\\/image\\\/\",\"url\":\"https:\\\/\\\/www.bera-bv.com\\\/wp-content\\\/uploads\\\/2025\\\/12\\\/BERA-logo_light.svg\",\"contentUrl\":\"https:\\\/\\\/www.bera-bv.com\\\/wp-content\\\/uploads\\\/2025\\\/12\\\/BERA-logo_light.svg\",\"caption\":\"BERA BV\"},\"image\":{\"@id\":\"https:\\\/\\\/www.bera-bv.com\\\/cs\\\/#\\\/schema\\\/logo\\\/image\\\/\"}}]}<\/script>\n<!-- \/ Yoast SEO plugin. -->","yoast_head_json":{"title":"Pr\u00e1vo na odstoupen\u00ed od smlouvy - BERA BV","robots":{"index":"index","follow":"follow","max-snippet":"max-snippet:-1","max-image-preview":"max-image-preview:large","max-video-preview":"max-video-preview:-1"},"canonical":"https:\/\/www.bera-bv.com\/cs\/pravo-na-odstoupeni-od-smlouvy\/","og_locale":"cs_CZ","og_type":"article","og_title":"Pr\u00e1vo na odstoupen\u00ed od smlouvy - BERA BV","og_description":"Pr\u00e1vo na odstoupen\u00ed od smlouvy M\u00e1te 14denn\u00ed lh\u016ftu na rozmy\u0161lenou, b\u011bhem kter\u00e9 m\u016f\u017eete produkt vr\u00e1tit bez ud\u00e1n\u00ed d\u016fvodu, po\u010d\u00ednaje dnem obdr\u017een\u00ed produktu. Od okam\u017eiku ozn\u00e1men\u00ed [&hellip;]","og_url":"https:\/\/www.bera-bv.com\/cs\/pravo-na-odstoupeni-od-smlouvy\/","og_site_name":"BERA BV","article_modified_time":"2026-02-16T04:47:06+00:00","twitter_card":"summary_large_image","twitter_misc":{"Odhadovan\u00e1 doba \u010dten\u00ed":"1 minuta"},"schema":{"@context":"https:\/\/schema.org","@graph":[{"@type":"WebPage","@id":"https:\/\/www.bera-bv.com\/cs\/pravo-na-odstoupeni-od-smlouvy\/","url":"https:\/\/www.bera-bv.com\/cs\/pravo-na-odstoupeni-od-smlouvy\/","name":"Pr\u00e1vo na odstoupen\u00ed od smlouvy - BERA BV","isPartOf":{"@id":"https:\/\/www.bera-bv.com\/cs\/#website"},"datePublished":"2026-02-16T04:47:05+00:00","dateModified":"2026-02-16T04:47:06+00:00","breadcrumb":{"@id":"https:\/\/www.bera-bv.com\/cs\/pravo-na-odstoupeni-od-smlouvy\/#breadcrumb"},"inLanguage":"cs","potentialAction":[{"@type":"ReadAction","target":["https:\/\/www.bera-bv.com\/cs\/pravo-na-odstoupeni-od-smlouvy\/"]}]},{"@type":"BreadcrumbList","@id":"https:\/\/www.bera-bv.com\/cs\/pravo-na-odstoupeni-od-smlouvy\/#breadcrumb","itemListElement":[{"@type":"ListItem","position":1,"name":"Home","item":"https:\/\/www.bera-bv.com\/cs\/"},{"@type":"ListItem","position":2,"name":"Pr\u00e1vo na odstoupen\u00ed od smlouvy"}]},{"@type":"WebSite","@id":"https:\/\/www.bera-bv.com\/cs\/#website","url":"https:\/\/www.bera-bv.com\/cs\/","name":"BERA BV","description":"Creatief en duurzaam landschapsontwerp","publisher":{"@id":"https:\/\/www.bera-bv.com\/cs\/#organization"},"potentialAction":[{"@type":"SearchAction","target":{"@type":"EntryPoint","urlTemplate":"https:\/\/www.bera-bv.com\/cs\/?s={search_term_string}"},"query-input":{"@type":"PropertyValueSpecification","valueRequired":true,"valueName":"search_term_string"}}],"inLanguage":"cs"},{"@type":"Organization","@id":"https:\/\/www.bera-bv.com\/cs\/#organization","name":"BERA BV","url":"https:\/\/www.bera-bv.com\/cs\/","logo":{"@type":"ImageObject","inLanguage":"cs","@id":"https:\/\/www.bera-bv.com\/cs\/#\/schema\/logo\/image\/","url":"https:\/\/www.bera-bv.com\/wp-content\/uploads\/2025\/12\/BERA-logo_light.svg","contentUrl":"https:\/\/www.bera-bv.com\/wp-content\/uploads\/2025\/12\/BERA-logo_light.svg","caption":"BERA BV"},"image":{"@id":"https:\/\/www.bera-bv.com\/cs\/#\/schema\/logo\/image\/"}}]}},"_links":{"self":[{"href":"https:\/\/www.bera-bv.com\/cs\/wp-json\/wp\/v2\/pages\/10787","targetHints":{"allow":["GET"]}}],"collection":[{"href":"https:\/\/www.bera-bv.com\/cs\/wp-json\/wp\/v2\/pages"}],"about":[{"href":"https:\/\/www.bera-bv.com\/cs\/wp-json\/wp\/v2\/types\/page"}],"author":[{"embeddable":true,"href":"https:\/\/www.bera-bv.com\/cs\/wp-json\/wp\/v2\/users\/3"}],"replies":[{"embeddable":true,"href":"https:\/\/www.bera-bv.com\/cs\/wp-json\/wp\/v2\/comments?post=10787"}],"version-history":[{"count":0,"href":"https:\/\/www.bera-bv.com\/cs\/wp-json\/wp\/v2\/pages\/10787\/revisions"}],"wp:attachment":[{"href":"https:\/\/www.bera-bv.com\/cs\/wp-json\/wp\/v2\/media?parent=10787"}],"curies":[{"name":"wp","href":"https:\/\/api.w.org\/{rel}","templated":true}]}}